{"id":4052,"date":"2023-02-09T22:58:39","date_gmt":"2023-02-09T21:58:39","guid":{"rendered":"https:\/\/ralf100m.de\/?post_type=product&#038;p=4052"},"modified":"2025-12-18T12:04:15","modified_gmt":"2025-12-18T11:04:15","slug":"5614-1","status":"publish","type":"product","link":"https:\/\/ralf100m.de\/en\/produkt\/5614-1\/","title":{"rendered":"TK-5614-1 Financial accounting 1"},"content":{"rendered":"<p>In our VHS online course you can learn bookkeeping from the ground up, you will learn the basics of financial accounting, everything you need to get started in bookkeeping practice. This is the first step on the training path to becoming a financial accountant.<\/p>\n<ul>\n<li>Legal basis<\/li>\n<li>Inventory and balance sheet<\/li>\n<li>Balance sheet accounts<\/li>\n<li>Income statement accounts<\/li>\n<li>Accounting organisation<\/li>\n<li>VAT system<\/li>\n<li>Private accounts<\/li>\n<li>Non-deductible\/limited deductible costs Costs<\/li>\n<li>Exercises<\/li>\n<\/ul>\n<p>You will find the requirements for a course price reduction\u00a0<a href=\"https:\/\/tinyurl.com\/y7wbb46p\"><strong>here<\/strong><\/a>.<br \/>\nDiscounts can only be obtained directly from the VHS via\u00a0<a href=\"http:\/\/ralf100m.de\/en\/Kursanmeldung%20%2B%20Datenschutz.pdf\/\" target=\"_blank\" rel=\"noopener\"><strong>Form<\/strong><\/a>\u00a0can be booked.<\/p>\n<p>Please complete and send to anmeldung@vhstk.de \/ send a copy to me (info@ralf100m.de).<\/p>","protected":false},"excerpt":{"rendered":"<p>Fundamentals of financial accounting for newcomers and career changers<\/p>\n<p>Under certain conditions, the VHS grants a course price reduction -&gt; \u20ac 101.75<br \/>\nYou will find the requirements for a course price reduction\u00a0<a href=\"https:\/\/tinyurl.com\/y7wbb46p\"><strong>here<\/strong><\/a>.<\/p>\n<p>Discounts can only be obtained directly from the VHS via\u00a0<a href=\"http:\/\/ralf100m.de\/en\/Kursanmeldung%20%2B%20Datenschutz.pdf\/\" target=\"_blank\" rel=\"noopener\"><strong>Form<\/strong><\/a>\u00a0can be booked.<\/p>\n<p>Please complete and return to anmeldung@vhstk.de \/ send a copy to me (info@ralf100m.de) and enclose proof of discount \/ ! <strong>Only applies to registrations with a discount!<\/strong><\/p>\n<p>&nbsp;<\/p>","protected":false},"featured_media":4039,"template":"","meta":[],"product_brand":[],"product_cat":[37],"product_tag":[],"class_list":{"0":"post-4052","1":"product","2":"type-product","3":"status-publish","4":"has-post-thumbnail","6":"product_cat-vhs-online-kurse","8":"first","9":"instock","10":"virtual","11":"taxable","12":"purchasable","13":"product-type-simple"},"yoast_head":"<!-- This site is optimized with the Yoast SEO plugin v27.5 - https:\/\/yoast.com\/product\/yoast-seo-wordpress\/ -->\n<title>TK-5614-1 Fibu 1 - Ralf 100M<\/title>\n<meta name=\"robots\" content=\"index, follow, max-snippet:-1, max-image-preview:large, max-video-preview:-1\" \/>\n<link rel=\"canonical\" href=\"https:\/\/ralf100m.de\/en\/product-2\/5614-1\/\" \/>\n<meta property=\"og:locale\" content=\"en_GB\" \/>\n<meta property=\"og:type\" content=\"article\" \/>\n<meta property=\"og:title\" content=\"TK-5614-1 Fibu 1 - Ralf 100M\" \/>\n<meta property=\"og:description\" content=\"Grundlagen der Finanzbuchf\u00fchrung f\u00fcr Neu- und Quereinsteiger  Unter bestimmten Voraussetzungen gew\u00e4hrt die VHS Kurspreiserm\u00e4\u00dfigung -&gt; 101,75 \u20ac Die Voraussetzungen f\u00fcr eine Kurspreiserm\u00e4\u00dfigung findest Du\u00a0hier.  Erm\u00e4\u00dfigungen k\u00f6nnen nur direkt \u00fcber die VHS per\u00a0Formular\u00a0gebucht werden.  Bitte ausgef\u00fcllt an anmeldung@vhstk.de \/ Kopie an mich (info@ralf100m.de) schicken und den Erm\u00e4\u00dfigungsnachweis mitsenden \/ ! Betrifft nur Anmeldungen mit Erm\u00e4\u00dfigung !  &nbsp;\" \/>\n<meta property=\"og:url\" content=\"https:\/\/ralf100m.de\/en\/product-2\/5614-1\/\" \/>\n<meta property=\"og:site_name\" content=\"Ralf 100M\" \/>\n<meta property=\"article:modified_time\" content=\"2025-12-18T11:04:15+00:00\" \/>\n<meta property=\"og:image\" content=\"https:\/\/ralf100m.de\/wp-content\/uploads\/2023\/01\/fibu-1-quad.png\" \/>\n\t<meta property=\"og:image:width\" content=\"500\" \/>\n\t<meta property=\"og:image:height\" content=\"500\" \/>\n\t<meta property=\"og:image:type\" content=\"image\/png\" \/>\n<meta name=\"twitter:card\" content=\"summary_large_image\" \/>\n<meta name=\"twitter:label1\" content=\"Estimated reading time\" \/>\n\t<meta name=\"twitter:data1\" content=\"1 minute\" \/>\n<script type=\"application\/ld+json\" class=\"yoast-schema-graph\">{\"@context\":\"https:\\\/\\\/schema.org\",\"@graph\":[{\"@type\":\"WebPage\",\"@id\":\"https:\\\/\\\/ralf100m.de\\\/produkt\\\/5614-1\\\/\",\"url\":\"https:\\\/\\\/ralf100m.de\\\/produkt\\\/5614-1\\\/\",\"name\":\"TK-5614-1 Fibu 1 - Ralf 100M\",\"isPartOf\":{\"@id\":\"https:\\\/\\\/ralf100m.de\\\/#website\"},\"primaryImageOfPage\":{\"@id\":\"https:\\\/\\\/ralf100m.de\\\/produkt\\\/5614-1\\\/#primaryimage\"},\"image\":{\"@id\":\"https:\\\/\\\/ralf100m.de\\\/produkt\\\/5614-1\\\/#primaryimage\"},\"thumbnailUrl\":\"https:\\\/\\\/ralf100m.de\\\/wp-content\\\/uploads\\\/2023\\\/01\\\/fibu-1-quad.png\",\"datePublished\":\"2023-02-09T21:58:39+00:00\",\"dateModified\":\"2025-12-18T11:04:15+00:00\",\"breadcrumb\":{\"@id\":\"https:\\\/\\\/ralf100m.de\\\/produkt\\\/5614-1\\\/#breadcrumb\"},\"inLanguage\":\"en-GB\",\"potentialAction\":[{\"@type\":\"ReadAction\",\"target\":[\"https:\\\/\\\/ralf100m.de\\\/produkt\\\/5614-1\\\/\"]}]},{\"@type\":\"ImageObject\",\"inLanguage\":\"en-GB\",\"@id\":\"https:\\\/\\\/ralf100m.de\\\/produkt\\\/5614-1\\\/#primaryimage\",\"url\":\"https:\\\/\\\/ralf100m.de\\\/wp-content\\\/uploads\\\/2023\\\/01\\\/fibu-1-quad.png\",\"contentUrl\":\"https:\\\/\\\/ralf100m.de\\\/wp-content\\\/uploads\\\/2023\\\/01\\\/fibu-1-quad.png\",\"width\":500,\"height\":500},{\"@type\":\"BreadcrumbList\",\"@id\":\"https:\\\/\\\/ralf100m.de\\\/produkt\\\/5614-1\\\/#breadcrumb\",\"itemListElement\":[{\"@type\":\"ListItem\",\"position\":1,\"name\":\"Startseite\",\"item\":\"https:\\\/\\\/ralf100m.de\\\/\"},{\"@type\":\"ListItem\",\"position\":2,\"name\":\"Shop\",\"item\":\"https:\\\/\\\/ralf100m.de\\\/shop\\\/\"},{\"@type\":\"ListItem\",\"position\":3,\"name\":\"TK-5614-1 Fibu 1\"}]},{\"@type\":\"WebSite\",\"@id\":\"https:\\\/\\\/ralf100m.de\\\/#website\",\"url\":\"https:\\\/\\\/ralf100m.de\\\/\",\"name\":\"Ralf 100M\",\"description\":\"\",\"publisher\":{\"@id\":\"https:\\\/\\\/ralf100m.de\\\/#\\\/schema\\\/person\\\/144d88d0c18fb8f5e6bd155752132c23\"},\"potentialAction\":[{\"@type\":\"SearchAction\",\"target\":{\"@type\":\"EntryPoint\",\"urlTemplate\":\"https:\\\/\\\/ralf100m.de\\\/?s={search_term_string}\"},\"query-input\":{\"@type\":\"PropertyValueSpecification\",\"valueRequired\":true,\"valueName\":\"search_term_string\"}}],\"inLanguage\":\"en-GB\"},{\"@type\":[\"Person\",\"Organization\"],\"@id\":\"https:\\\/\\\/ralf100m.de\\\/#\\\/schema\\\/person\\\/144d88d0c18fb8f5e6bd155752132c23\",\"name\":\"wpulitkus\",\"image\":{\"@type\":\"ImageObject\",\"inLanguage\":\"en-GB\",\"@id\":\"https:\\\/\\\/ralf100m.de\\\/wp-content\\\/uploads\\\/2023\\\/04\\\/ralf-200px-logo.jpg\",\"url\":\"https:\\\/\\\/ralf100m.de\\\/wp-content\\\/uploads\\\/2023\\\/04\\\/ralf-200px-logo.jpg\",\"contentUrl\":\"https:\\\/\\\/ralf100m.de\\\/wp-content\\\/uploads\\\/2023\\\/04\\\/ralf-200px-logo.jpg\",\"width\":400,\"height\":162,\"caption\":\"wpulitkus\"},\"logo\":{\"@id\":\"https:\\\/\\\/ralf100m.de\\\/wp-content\\\/uploads\\\/2023\\\/04\\\/ralf-200px-logo.jpg\"}}]}<\/script>\n<!-- \/ Yoast SEO plugin. -->","yoast_head_json":{"title":"TK-5614-1 Fibu 1 - Ralf 100M","robots":{"index":"index","follow":"follow","max-snippet":"max-snippet:-1","max-image-preview":"max-image-preview:large","max-video-preview":"max-video-preview:-1"},"canonical":"https:\/\/ralf100m.de\/en\/product-2\/5614-1\/","og_locale":"en_GB","og_type":"article","og_title":"TK-5614-1 Fibu 1 - Ralf 100M","og_description":"Grundlagen der Finanzbuchf\u00fchrung f\u00fcr Neu- und Quereinsteiger  Unter bestimmten Voraussetzungen gew\u00e4hrt die VHS Kurspreiserm\u00e4\u00dfigung -&gt; 101,75 \u20ac Die Voraussetzungen f\u00fcr eine Kurspreiserm\u00e4\u00dfigung findest Du\u00a0hier.  Erm\u00e4\u00dfigungen k\u00f6nnen nur direkt \u00fcber die VHS per\u00a0Formular\u00a0gebucht werden.  Bitte ausgef\u00fcllt an anmeldung@vhstk.de \/ Kopie an mich (info@ralf100m.de) schicken und den Erm\u00e4\u00dfigungsnachweis mitsenden \/ ! Betrifft nur Anmeldungen mit Erm\u00e4\u00dfigung !  &nbsp;","og_url":"https:\/\/ralf100m.de\/en\/product-2\/5614-1\/","og_site_name":"Ralf 100M","article_modified_time":"2025-12-18T11:04:15+00:00","og_image":[{"width":500,"height":500,"url":"https:\/\/ralf100m.de\/wp-content\/uploads\/2023\/01\/fibu-1-quad.png","type":"image\/png"}],"twitter_card":"summary_large_image","twitter_misc":{"Estimated reading time":"1 minute"},"schema":{"@context":"https:\/\/schema.org","@graph":[{"@type":"WebPage","@id":"https:\/\/ralf100m.de\/produkt\/5614-1\/","url":"https:\/\/ralf100m.de\/produkt\/5614-1\/","name":"TK-5614-1 Fibu 1 - Ralf 100M","isPartOf":{"@id":"https:\/\/ralf100m.de\/#website"},"primaryImageOfPage":{"@id":"https:\/\/ralf100m.de\/produkt\/5614-1\/#primaryimage"},"image":{"@id":"https:\/\/ralf100m.de\/produkt\/5614-1\/#primaryimage"},"thumbnailUrl":"https:\/\/ralf100m.de\/wp-content\/uploads\/2023\/01\/fibu-1-quad.png","datePublished":"2023-02-09T21:58:39+00:00","dateModified":"2025-12-18T11:04:15+00:00","breadcrumb":{"@id":"https:\/\/ralf100m.de\/produkt\/5614-1\/#breadcrumb"},"inLanguage":"en-GB","potentialAction":[{"@type":"ReadAction","target":["https:\/\/ralf100m.de\/produkt\/5614-1\/"]}]},{"@type":"ImageObject","inLanguage":"en-GB","@id":"https:\/\/ralf100m.de\/produkt\/5614-1\/#primaryimage","url":"https:\/\/ralf100m.de\/wp-content\/uploads\/2023\/01\/fibu-1-quad.png","contentUrl":"https:\/\/ralf100m.de\/wp-content\/uploads\/2023\/01\/fibu-1-quad.png","width":500,"height":500},{"@type":"BreadcrumbList","@id":"https:\/\/ralf100m.de\/produkt\/5614-1\/#breadcrumb","itemListElement":[{"@type":"ListItem","position":1,"name":"Startseite","item":"https:\/\/ralf100m.de\/"},{"@type":"ListItem","position":2,"name":"Shop","item":"https:\/\/ralf100m.de\/shop\/"},{"@type":"ListItem","position":3,"name":"TK-5614-1 Fibu 1"}]},{"@type":"WebSite","@id":"https:\/\/ralf100m.de\/#website","url":"https:\/\/ralf100m.de\/","name":"Ralf 100M","description":"","publisher":{"@id":"https:\/\/ralf100m.de\/#\/schema\/person\/144d88d0c18fb8f5e6bd155752132c23"},"potentialAction":[{"@type":"SearchAction","target":{"@type":"EntryPoint","urlTemplate":"https:\/\/ralf100m.de\/?s={search_term_string}"},"query-input":{"@type":"PropertyValueSpecification","valueRequired":true,"valueName":"search_term_string"}}],"inLanguage":"en-GB"},{"@type":["Person","Organization"],"@id":"https:\/\/ralf100m.de\/#\/schema\/person\/144d88d0c18fb8f5e6bd155752132c23","name":"wpulitcus","image":{"@type":"ImageObject","inLanguage":"en-GB","@id":"https:\/\/ralf100m.de\/wp-content\/uploads\/2023\/04\/ralf-200px-logo.jpg","url":"https:\/\/ralf100m.de\/wp-content\/uploads\/2023\/04\/ralf-200px-logo.jpg","contentUrl":"https:\/\/ralf100m.de\/wp-content\/uploads\/2023\/04\/ralf-200px-logo.jpg","width":400,"height":162,"caption":"wpulitkus"},"logo":{"@id":"https:\/\/ralf100m.de\/wp-content\/uploads\/2023\/04\/ralf-200px-logo.jpg"}}]}},"_links":{"self":[{"href":"https:\/\/ralf100m.de\/en\/wp-json\/wp\/v2\/product\/4052","targetHints":{"allow":["GET"]}}],"collection":[{"href":"https:\/\/ralf100m.de\/en\/wp-json\/wp\/v2\/product"}],"about":[{"href":"https:\/\/ralf100m.de\/en\/wp-json\/wp\/v2\/types\/product"}],"wp:featuredmedia":[{"embeddable":true,"href":"https:\/\/ralf100m.de\/en\/wp-json\/wp\/v2\/media\/4039"}],"wp:attachment":[{"href":"https:\/\/ralf100m.de\/en\/wp-json\/wp\/v2\/media?parent=4052"}],"wp:term":[{"taxonomy":"product_brand","embeddable":true,"href":"https:\/\/ralf100m.de\/en\/wp-json\/wp\/v2\/product_brand?post=4052"},{"taxonomy":"product_cat","embeddable":true,"href":"https:\/\/ralf100m.de\/en\/wp-json\/wp\/v2\/product_cat?post=4052"},{"taxonomy":"product_tag","embeddable":true,"href":"https:\/\/ralf100m.de\/en\/wp-json\/wp\/v2\/product_tag?post=4052"}],"curies":[{"name":"wp","href":"https:\/\/api.w.org\/{rel}","templated":true}]}}