{"id":4142,"date":"2023-03-07T16:05:47","date_gmt":"2023-03-07T15:05:47","guid":{"rendered":"https:\/\/ralf100m.de\/?post_type=product&#038;p=4142"},"modified":"2025-12-18T12:02:33","modified_gmt":"2025-12-18T11:02:33","slug":"5620","status":"publish","type":"product","link":"https:\/\/ralf100m.de\/en\/produkt\/5620\/","title":{"rendered":"TK-5620 Lexware Fibu"},"content":{"rendered":"<p>In our Lexware online seminar at the VHS Treptow-K\u00f6penick you can learn Lexware, or more precisely, get to know and master Lexware financial accounting. In our Lexware training course, you will learn everything you need for your accounting practice with <strong>Lexware <\/strong>in an accounting department or a tax office.<br \/>\nWe are there for you around the clock (24\/7).<\/p>\n<p>You will receive learning materials, videos and tasks on the VHS platform. You will also receive a licence for the Lexware financial accounting software when you register.<\/p>\n<p>As your instructor, I will support you throughout the course by phone \/ Skype \/ WhatsApp and, if necessary, via screen sharing.<\/p>\n<p>With the degree you will receive a\u00a0<strong>certificate\u00a0<\/strong>of the adult education centre Treptow-K\u00f6penick in\u00a0<strong>Cooperation with Lexware<\/strong> and qualify for the exam in the\u00a0<strong><a href=\"https:\/\/www.xpert-business.eu\/de\/module-wirtschaft\/finanzbuchfuehrung-3-datev.html\" target=\"_blank\" rel=\"noopener noreferrer\">XPert Business<\/a>\u00a0<\/strong>Programme part 3 at any local VHS nationwide.<\/p>\n\n<div data-fullscreen=\"enabled-exit\" data-mode=\"lazyload\" data-provider=\"youtube\" data-reset-after-played id=\"arve-youtube-vszhe4cwbm8\" style=\"max-width:900px;\" class=\"arve arve-hover-effect-darken\">\n\t<div class=\"arve-inner\">\n\t\t<div class=\"arve-embed arve-embed--has-aspect-ratio\">\n\t\t\t<div class=\"arve-ar\" style=\"padding-top:56.250000%\"><\/div>\n\t\t\t<noscript class=\"arve-noscript\"> <div class=\"brlbs-cmpnt-container brlbs-cmpnt-content-blocker brlbs-cmpnt-with-individual-styles\" data-borlabs-cookie-content-blocker-id=\"youtube-content-blocker\" data-borlabs-cookie-content=\"PGlmcmFtZSBhbGxvdz0iYWNjZWxlcm9tZXRlciAmYXBvcztub25lJmFwb3M7O2F1dG9wbGF5O2JsdWV0b290aCAmYXBvcztub25lJmFwb3M7O2Jyb3dzaW5nLXRvcGljcyAmYXBvcztub25lJmFwb3M7O2NhbWVyYSAmYXBvcztub25lJmFwb3M7O2NsaXBib2FyZC1yZWFkICZhcG9zO25vbmUmYXBvczs7Y2xpcGJvYXJkLXdyaXRlO2Rpc3BsYXktY2FwdHVyZSAmYXBvcztub25lJmFwb3M7O2VuY3J5cHRlZC1tZWRpYSAmYXBvcztub25lJmFwb3M7O2dhbWVwYWQgJmFwb3M7bm9uZSZhcG9zOztnZW9sb2NhdGlvbiAmYXBvcztub25lJmFwb3M7O2d5cm9zY29wZSAmYXBvcztub25lJmFwb3M7O2hpZCAmYXBvcztub25lJmFwb3M7O2lkZW50aXR5LWNyZWRlbnRpYWxzLWdldCAmYXBvcztub25lJmFwb3M7O2lkbGUtZGV0ZWN0aW9uICZhcG9zO25vbmUmYXBvczs7a2V5Ym9hcmQtbWFwICZhcG9zO25vbmUmYXBvczs7bG9jYWwtZm9udHM7bWFnbmV0b21ldGVyICZhcG9zO25vbmUmYXBvczs7bWljcm9waG9uZSAmYXBvcztub25lJmFwb3M7O21pZGkgJmFwb3M7bm9uZSZhcG9zOztvdHAtY3JlZGVudGlhbHMgJmFwb3M7bm9uZSZhcG9zOztwYXltZW50ICZhcG9zO25vbmUmYXBvczs7cGljdHVyZS1pbi1waWN0dXJlO3B1YmxpY2tleS1jcmVkZW50aWFscy1jcmVhdGUgJmFwb3M7bm9uZSZhcG9zOztwdWJsaWNrZXktY3JlZGVudGlhbHMtZ2V0ICZhcG9zO25vbmUmYXBvczs7c2NyZWVuLXdha2UtbG9jayAmYXBvcztub25lJmFwb3M7O3NlcmlhbCAmYXBvcztub25lJmFwb3M7O3N1bW1hcml6ZXIgJmFwb3M7bm9uZSZhcG9zOztzeW5jLXhocjt1c2IgJmFwb3M7bm9uZSZhcG9zOzt3ZWItc2hhcmU7d2luZG93LW1hbmFnZW1lbnQgJmFwb3M7bm9uZSZhcG9zOzt4ci1zcGF0aWFsLXRyYWNraW5nICZhcG9zO25vbmUmYXBvczs7IiBhbGxvd2Z1bGxzY3JlZW49IiIgY2xhc3M9ImFydmUtaWZyYW1lIGZpdHZpZHNpZ25vcmUiIGNyZWRlbnRpYWxsZXNzIGRhdGEtYXJ2ZT0iYXJ2ZS15b3V0dWJlLXZzemhlNGN3Ym04IiBkYXRhLWxlbmlzLXByZXZlbnQ9IiIgZGF0YS1zcmMtbm8tYXA9Imh0dHBzOi8vd3d3LnlvdXR1YmUtbm9jb29raWUuY29tL2VtYmVkL1ZzekhFNENXQk04P2l2X2xvYWRfcG9saWN5PTMmYW1wO21vZGVzdGJyYW5kaW5nPTEmYW1wO3JlbD0wJmFtcDthdXRvaGlkZT0xJmFtcDtwbGF5c2lubGluZT0wJmFtcDthdXRvcGxheT0wJmFtcDtlbmFibGVqc2FwaT0xJmFtcDtjb250cm9scz0wIiBmcmFtZWJvcmRlcj0iMCIgaGVpZ2h0PSI1MDYuMjUiIGxvYWRpbmc9ImVhZ2VyIiBuYW1lPSIiIHJlZmVycmVycG9saWN5PSJzdHJpY3Qtb3JpZ2luLXdoZW4tY3Jvc3Mtb3JpZ2luIiBzYW5kYm94PSJhbGxvdy1zY3JpcHRzIGFsbG93LXNhbWUtb3JpZ2luIGFsbG93LXByZXNlbnRhdGlvbiBhbGxvdy1wb3B1cHMgYWxsb3ctcG9wdXBzLXRvLWVzY2FwZS1zYW5kYm94IiBzY3JvbGxpbmc9Im5vIiBzcmM9Imh0dHBzOi8vd3d3LnlvdXR1YmUtbm9jb29raWUuY29tL2VtYmVkL1ZzekhFNENXQk04P2l2X2xvYWRfcG9saWN5PTMmIzAzODttb2Rlc3RicmFuZGluZz0xJiMwMzg7cmVsPTAmIzAzODthdXRvaGlkZT0xJiMwMzg7cGxheXNpbmxpbmU9MCYjMDM4O2F1dG9wbGF5PTEmIzAzODtlbmFibGVqc2FwaT0xJiMwMzg7Y29udHJvbHM9MCIgdGl0bGU9IkZpYnUgMSBPbmxpbmUgS3VycyAiIHdpZHRoPSI5MDAiPjwvaWZyYW1lPg==\"><div class=\"brlbs-cmpnt-cb-preset-c brlbs-cmpnt-cb-youtube\"> <div class=\"brlbs-cmpnt-cb-thumbnail\" style=\"background-image: url('https:\/\/ralf100m.de\/wp-content\/uploads\/borlabs-cookie\/1\/yt_VszHE4CWBM8_hqdefault.jpg')\"><\/div> <div class=\"brlbs-cmpnt-cb-main\"> <div class=\"brlbs-cmpnt-cb-play-button\"><\/div> <div class=\"brlbs-cmpnt-cb-content\"> <p class=\"brlbs-cmpnt-cb-description\">You are currently viewing a placeholder content from <strong>YouTube<\/strong>. To access the actual content, click the button below. Please note that doing so will share data with third-party providers.<\/p> <a class=\"brlbs-cmpnt-cb-provider-toggle\" href=\"#\" data-borlabs-cookie-show-provider-information role=\"button\">More Information<\/a> <\/div> <div class=\"brlbs-cmpnt-cb-buttons\"> <a class=\"brlbs-cmpnt-cb-btn\" href=\"#\" data-borlabs-cookie-unblock role=\"button\">Unblock content<\/a> <a class=\"brlbs-cmpnt-cb-btn\" href=\"#\" data-borlabs-cookie-accept-service role=\"button\" style=\"display: inherit\">Accept required service and unblock content<\/a> <\/div> <\/div> <\/div><\/div><\/noscript>\n\t\t\t<img decoding=\"async\" alt=\"Fibu 1 Online Course\" class=\"arve-thumbnail\" height=\"1298\" loading=\"lazy\" sizes=\"auto\" src=\"https:\/\/ralf100m.de\/wp-content\/uploads\/2023\/03\/Lexware-FiBu.png\" srcset=\"https:\/\/ralf100m.de\/wp-content\/uploads\/2023\/03\/Lexware-FiBu.png 1294w, https:\/\/ralf100m.de\/wp-content\/uploads\/2023\/03\/Lexware-FiBu-300x300.png 300w, https:\/\/ralf100m.de\/wp-content\/uploads\/2023\/03\/Lexware-FiBu-1021x1024.png 1021w, https:\/\/ralf100m.de\/wp-content\/uploads\/2023\/03\/Lexware-FiBu-150x150.png 150w, https:\/\/ralf100m.de\/wp-content\/uploads\/2023\/03\/Lexware-FiBu-768x770.png 768w, https:\/\/ralf100m.de\/wp-content\/uploads\/2023\/03\/Lexware-FiBu-600x602.png 600w, https:\/\/ralf100m.de\/wp-content\/uploads\/2023\/03\/Lexware-FiBu-100x100.png 100w\" width=\"1294\">\n\t\t\t<button aria-label=\"Play video: Fibu 1 Online Kurs \" class=\"arve-play-btn arve-play-btn--none\" data-target=\"#arve-youtube-vszhe4cwbm8\" role=\"button\" type=\"button\"><\/button>\n\t\t\t\n\t\t<\/div>\n\t\t\n\t<\/div>\n\t\n\t\n\t<script type=\"application\/ld+json\">{\n    \"@context\": \"http:\\\/\\\/schema.org\\\/\",\n    \"@id\": \"https:\\\/\\\/ralf100m.de\\\/en\\\/produkt\\\/5620\\\/#arve-youtube-vszhe4cwbm8\",\n    \"type\": \"VideoObject\",\n    \"embedURL\": \"https:\\\/\\\/www.youtube-nocookie.com\\\/embed\\\/VszHE4CWBM8?iv_load_policy=3&modestbranding=1&rel=0&autohide=1&playsinline=0&autoplay=1&enablejsapi=1&controls=0\",\n    \"name\": \"Fibu 1 Online Kurs\",\n    \"thumbnailUrl\": \"https:\\\/\\\/ralf100m.de\\\/wp-content\\\/uploads\\\/2023\\\/03\\\/Lexware-FiBu.png\",\n    \"uploadDate\": \"2026-05-02T15:57:49+02:00\",\n    \"duration\": \"2m\",\n    \"description\": \"In unserem Lexware Online Seminar an der VHS Treptow-K\\u00f6penick kannst Du Lexware lernen, genauer gesagt die Lexware Finanzbuchhaltung kennen und beherrschen lernen. In unserer Lexware Schulung lernst Du alles, was Du f\\u00fcr die Buchf\\u00fchrungs-Praxis mit Lexware in einer Rechnungsabteilung oder einem Steue\"\n}<\/script>\n\t\n<div class=\"arve-error\"><p><small><abbr title=\"Advanced Responsive Video Embedder\">ARVE<\/abbr> error: maxwidth: <code>1400px<\/code> is not valid<\/small><\/p><\/div>\n<\/div>\n<ul>\n<li>Set up a company with all the necessary master data<\/li>\n<li>Posting current business transactions with Lexware<\/li>\n<li>Creating and interpreting analyses<\/li>\n<li>Final work \/ turn of the year<\/li>\n<li>Practical exercises<\/li>\n<\/ul>\n<p>You will find the requirements for a course price reduction\u00a0<a href=\"https:\/\/tinyurl.com\/y7wbb46p\"><strong>here<\/strong><\/a>.<br \/>\nDiscounts can only be obtained directly from the VHS via\u00a0<a href=\"http:\/\/ralf100m.de\/en\/Kursanmeldung%20%2B%20Datenschutz.pdf\/\" target=\"_blank\" rel=\"noopener\"><strong>Form<\/strong><\/a>\u00a0can be booked.<\/p>\n<p>Please complete and send to anmeldung@vhstk.de \/ send a copy to me (info@ralf100m.de).<\/p>","protected":false},"excerpt":{"rendered":"<p>Lexware course from A-Z<\/p>\n<p>Under certain conditions, the VHS grants a course price reduction -&gt; \u20ac 203.75<br \/>\nYou will find the requirements for a course price reduction\u00a0<a href=\"https:\/\/tinyurl.com\/y7wbb46p\"><strong>here<\/strong><\/a>.<\/p>\n<p>Discounts can only be obtained directly from the VHS via\u00a0<a href=\"http:\/\/ralf100m.de\/en\/Kursanmeldung%20%2B%20Datenschutz.pdf\/\" target=\"_blank\" rel=\"noopener\"><strong>Form<\/strong><\/a>\u00a0can be booked.<\/p>\n<p>Please complete and return to anmeldung@vhstk.de \/ send a copy to me (info@ralf100m.de) and enclose proof of discount \/ ! <strong>Only applies to registrations with a discount!<\/strong><\/p>\n<p>&nbsp;<\/p>","protected":false},"featured_media":4190,"template":"","meta":[],"product_brand":[],"product_cat":[37],"product_tag":[],"class_list":{"0":"post-4142","1":"product","2":"type-product","3":"status-publish","4":"has-post-thumbnail","6":"product_cat-vhs-online-kurse","8":"first","9":"instock","10":"virtual","11":"taxable","12":"purchasable","13":"product-type-simple"},"yoast_head":"<!-- This site is optimized with the Yoast SEO plugin v27.5 - https:\/\/yoast.com\/product\/yoast-seo-wordpress\/ -->\n<title>TK-5620 Lexware Fibu - Ralf 100M<\/title>\n<meta name=\"robots\" content=\"index, follow, max-snippet:-1, max-image-preview:large, max-video-preview:-1\" \/>\n<link rel=\"canonical\" href=\"https:\/\/ralf100m.de\/en\/product-2\/5620\/\" \/>\n<meta property=\"og:locale\" content=\"en_GB\" \/>\n<meta property=\"og:type\" content=\"article\" \/>\n<meta property=\"og:title\" content=\"TK-5620 Lexware Fibu - Ralf 100M\" \/>\n<meta property=\"og:description\" content=\"Lexware Kurs von A-Z  Unter bestimmten Voraussetzungen gew\u00e4hrt die VHS Kurspreiserm\u00e4\u00dfigung -&gt; 203,75 \u20ac Die Voraussetzungen f\u00fcr eine Kurspreiserm\u00e4\u00dfigung findest Du\u00a0hier.  Erm\u00e4\u00dfigungen k\u00f6nnen nur direkt \u00fcber die VHS per\u00a0Formular\u00a0gebucht werden.  Bitte ausgef\u00fcllt an anmeldung@vhstk.de \/ Kopie an mich (info@ralf100m.de) schicken und den Erm\u00e4\u00dfigungsnachweis mitsenden \/ ! Betrifft nur Anmeldungen mit Erm\u00e4\u00dfigung !  &nbsp;\" \/>\n<meta property=\"og:url\" content=\"https:\/\/ralf100m.de\/en\/product-2\/5620\/\" \/>\n<meta property=\"og:site_name\" content=\"Ralf 100M\" \/>\n<meta property=\"article:modified_time\" content=\"2025-12-18T11:02:33+00:00\" \/>\n<meta property=\"og:image\" content=\"https:\/\/ralf100m.de\/wp-content\/uploads\/2023\/03\/Lexware-FiBu.png\" \/>\n\t<meta property=\"og:image:width\" content=\"1294\" \/>\n\t<meta property=\"og:image:height\" content=\"1298\" \/>\n\t<meta property=\"og:image:type\" content=\"image\/png\" \/>\n<meta name=\"twitter:card\" content=\"summary_large_image\" \/>\n<meta name=\"twitter:label1\" content=\"Estimated reading time\" \/>\n\t<meta name=\"twitter:data1\" content=\"2 minutes\" \/>\n<script type=\"application\/ld+json\" class=\"yoast-schema-graph\">{\"@context\":\"https:\\\/\\\/schema.org\",\"@graph\":[{\"@type\":\"WebPage\",\"@id\":\"https:\\\/\\\/ralf100m.de\\\/produkt\\\/5620\\\/\",\"url\":\"https:\\\/\\\/ralf100m.de\\\/produkt\\\/5620\\\/\",\"name\":\"TK-5620 Lexware Fibu - Ralf 100M\",\"isPartOf\":{\"@id\":\"https:\\\/\\\/ralf100m.de\\\/#website\"},\"primaryImageOfPage\":{\"@id\":\"https:\\\/\\\/ralf100m.de\\\/produkt\\\/5620\\\/#primaryimage\"},\"image\":{\"@id\":\"https:\\\/\\\/ralf100m.de\\\/produkt\\\/5620\\\/#primaryimage\"},\"thumbnailUrl\":\"https:\\\/\\\/ralf100m.de\\\/wp-content\\\/uploads\\\/2023\\\/03\\\/Lexware-FiBu.png\",\"datePublished\":\"2023-03-07T15:05:47+00:00\",\"dateModified\":\"2025-12-18T11:02:33+00:00\",\"breadcrumb\":{\"@id\":\"https:\\\/\\\/ralf100m.de\\\/produkt\\\/5620\\\/#breadcrumb\"},\"inLanguage\":\"en-GB\",\"potentialAction\":[{\"@type\":\"ReadAction\",\"target\":[\"https:\\\/\\\/ralf100m.de\\\/produkt\\\/5620\\\/\"]}]},{\"@type\":\"ImageObject\",\"inLanguage\":\"en-GB\",\"@id\":\"https:\\\/\\\/ralf100m.de\\\/produkt\\\/5620\\\/#primaryimage\",\"url\":\"https:\\\/\\\/ralf100m.de\\\/wp-content\\\/uploads\\\/2023\\\/03\\\/Lexware-FiBu.png\",\"contentUrl\":\"https:\\\/\\\/ralf100m.de\\\/wp-content\\\/uploads\\\/2023\\\/03\\\/Lexware-FiBu.png\",\"width\":1294,\"height\":1298},{\"@type\":\"BreadcrumbList\",\"@id\":\"https:\\\/\\\/ralf100m.de\\\/produkt\\\/5620\\\/#breadcrumb\",\"itemListElement\":[{\"@type\":\"ListItem\",\"position\":1,\"name\":\"Startseite\",\"item\":\"https:\\\/\\\/ralf100m.de\\\/\"},{\"@type\":\"ListItem\",\"position\":2,\"name\":\"Shop\",\"item\":\"https:\\\/\\\/ralf100m.de\\\/shop\\\/\"},{\"@type\":\"ListItem\",\"position\":3,\"name\":\"TK-5620 Lexware Fibu\"}]},{\"@type\":\"WebSite\",\"@id\":\"https:\\\/\\\/ralf100m.de\\\/#website\",\"url\":\"https:\\\/\\\/ralf100m.de\\\/\",\"name\":\"Ralf 100M\",\"description\":\"\",\"publisher\":{\"@id\":\"https:\\\/\\\/ralf100m.de\\\/#\\\/schema\\\/person\\\/144d88d0c18fb8f5e6bd155752132c23\"},\"potentialAction\":[{\"@type\":\"SearchAction\",\"target\":{\"@type\":\"EntryPoint\",\"urlTemplate\":\"https:\\\/\\\/ralf100m.de\\\/?s={search_term_string}\"},\"query-input\":{\"@type\":\"PropertyValueSpecification\",\"valueRequired\":true,\"valueName\":\"search_term_string\"}}],\"inLanguage\":\"en-GB\"},{\"@type\":[\"Person\",\"Organization\"],\"@id\":\"https:\\\/\\\/ralf100m.de\\\/#\\\/schema\\\/person\\\/144d88d0c18fb8f5e6bd155752132c23\",\"name\":\"wpulitkus\",\"image\":{\"@type\":\"ImageObject\",\"inLanguage\":\"en-GB\",\"@id\":\"https:\\\/\\\/ralf100m.de\\\/wp-content\\\/uploads\\\/2023\\\/04\\\/ralf-200px-logo.jpg\",\"url\":\"https:\\\/\\\/ralf100m.de\\\/wp-content\\\/uploads\\\/2023\\\/04\\\/ralf-200px-logo.jpg\",\"contentUrl\":\"https:\\\/\\\/ralf100m.de\\\/wp-content\\\/uploads\\\/2023\\\/04\\\/ralf-200px-logo.jpg\",\"width\":400,\"height\":162,\"caption\":\"wpulitkus\"},\"logo\":{\"@id\":\"https:\\\/\\\/ralf100m.de\\\/wp-content\\\/uploads\\\/2023\\\/04\\\/ralf-200px-logo.jpg\"}}]}<\/script>\n<!-- \/ Yoast SEO plugin. -->","yoast_head_json":{"title":"TK-5620 Lexware Fibu - Ralf 100M","robots":{"index":"index","follow":"follow","max-snippet":"max-snippet:-1","max-image-preview":"max-image-preview:large","max-video-preview":"max-video-preview:-1"},"canonical":"https:\/\/ralf100m.de\/en\/product-2\/5620\/","og_locale":"en_GB","og_type":"article","og_title":"TK-5620 Lexware Fibu - Ralf 100M","og_description":"Lexware Kurs von A-Z  Unter bestimmten Voraussetzungen gew\u00e4hrt die VHS Kurspreiserm\u00e4\u00dfigung -&gt; 203,75 \u20ac Die Voraussetzungen f\u00fcr eine Kurspreiserm\u00e4\u00dfigung findest Du\u00a0hier.  Erm\u00e4\u00dfigungen k\u00f6nnen nur direkt \u00fcber die VHS per\u00a0Formular\u00a0gebucht werden.  Bitte ausgef\u00fcllt an anmeldung@vhstk.de \/ Kopie an mich (info@ralf100m.de) schicken und den Erm\u00e4\u00dfigungsnachweis mitsenden \/ ! Betrifft nur Anmeldungen mit Erm\u00e4\u00dfigung !  &nbsp;","og_url":"https:\/\/ralf100m.de\/en\/product-2\/5620\/","og_site_name":"Ralf 100M","article_modified_time":"2025-12-18T11:02:33+00:00","og_image":[{"width":1294,"height":1298,"url":"https:\/\/ralf100m.de\/wp-content\/uploads\/2023\/03\/Lexware-FiBu.png","type":"image\/png"}],"twitter_card":"summary_large_image","twitter_misc":{"Estimated reading time":"2 minutes"},"schema":{"@context":"https:\/\/schema.org","@graph":[{"@type":"WebPage","@id":"https:\/\/ralf100m.de\/produkt\/5620\/","url":"https:\/\/ralf100m.de\/produkt\/5620\/","name":"TK-5620 Lexware Fibu - Ralf 100M","isPartOf":{"@id":"https:\/\/ralf100m.de\/#website"},"primaryImageOfPage":{"@id":"https:\/\/ralf100m.de\/produkt\/5620\/#primaryimage"},"image":{"@id":"https:\/\/ralf100m.de\/produkt\/5620\/#primaryimage"},"thumbnailUrl":"https:\/\/ralf100m.de\/wp-content\/uploads\/2023\/03\/Lexware-FiBu.png","datePublished":"2023-03-07T15:05:47+00:00","dateModified":"2025-12-18T11:02:33+00:00","breadcrumb":{"@id":"https:\/\/ralf100m.de\/produkt\/5620\/#breadcrumb"},"inLanguage":"en-GB","potentialAction":[{"@type":"ReadAction","target":["https:\/\/ralf100m.de\/produkt\/5620\/"]}]},{"@type":"ImageObject","inLanguage":"en-GB","@id":"https:\/\/ralf100m.de\/produkt\/5620\/#primaryimage","url":"https:\/\/ralf100m.de\/wp-content\/uploads\/2023\/03\/Lexware-FiBu.png","contentUrl":"https:\/\/ralf100m.de\/wp-content\/uploads\/2023\/03\/Lexware-FiBu.png","width":1294,"height":1298},{"@type":"BreadcrumbList","@id":"https:\/\/ralf100m.de\/produkt\/5620\/#breadcrumb","itemListElement":[{"@type":"ListItem","position":1,"name":"Startseite","item":"https:\/\/ralf100m.de\/"},{"@type":"ListItem","position":2,"name":"Shop","item":"https:\/\/ralf100m.de\/shop\/"},{"@type":"ListItem","position":3,"name":"TK-5620 Lexware Fibu"}]},{"@type":"WebSite","@id":"https:\/\/ralf100m.de\/#website","url":"https:\/\/ralf100m.de\/","name":"Ralf 100M","description":"","publisher":{"@id":"https:\/\/ralf100m.de\/#\/schema\/person\/144d88d0c18fb8f5e6bd155752132c23"},"potentialAction":[{"@type":"SearchAction","target":{"@type":"EntryPoint","urlTemplate":"https:\/\/ralf100m.de\/?s={search_term_string}"},"query-input":{"@type":"PropertyValueSpecification","valueRequired":true,"valueName":"search_term_string"}}],"inLanguage":"en-GB"},{"@type":["Person","Organization"],"@id":"https:\/\/ralf100m.de\/#\/schema\/person\/144d88d0c18fb8f5e6bd155752132c23","name":"wpulitcus","image":{"@type":"ImageObject","inLanguage":"en-GB","@id":"https:\/\/ralf100m.de\/wp-content\/uploads\/2023\/04\/ralf-200px-logo.jpg","url":"https:\/\/ralf100m.de\/wp-content\/uploads\/2023\/04\/ralf-200px-logo.jpg","contentUrl":"https:\/\/ralf100m.de\/wp-content\/uploads\/2023\/04\/ralf-200px-logo.jpg","width":400,"height":162,"caption":"wpulitkus"},"logo":{"@id":"https:\/\/ralf100m.de\/wp-content\/uploads\/2023\/04\/ralf-200px-logo.jpg"}}]}},"_links":{"self":[{"href":"https:\/\/ralf100m.de\/en\/wp-json\/wp\/v2\/product\/4142","targetHints":{"allow":["GET"]}}],"collection":[{"href":"https:\/\/ralf100m.de\/en\/wp-json\/wp\/v2\/product"}],"about":[{"href":"https:\/\/ralf100m.de\/en\/wp-json\/wp\/v2\/types\/product"}],"wp:featuredmedia":[{"embeddable":true,"href":"https:\/\/ralf100m.de\/en\/wp-json\/wp\/v2\/media\/4190"}],"wp:attachment":[{"href":"https:\/\/ralf100m.de\/en\/wp-json\/wp\/v2\/media?parent=4142"}],"wp:term":[{"taxonomy":"product_brand","embeddable":true,"href":"https:\/\/ralf100m.de\/en\/wp-json\/wp\/v2\/product_brand?post=4142"},{"taxonomy":"product_cat","embeddable":true,"href":"https:\/\/ralf100m.de\/en\/wp-json\/wp\/v2\/product_cat?post=4142"},{"taxonomy":"product_tag","embeddable":true,"href":"https:\/\/ralf100m.de\/en\/wp-json\/wp\/v2\/product_tag?post=4142"}],"curies":[{"name":"wp","href":"https:\/\/api.w.org\/{rel}","templated":true}]}}