{"id":4253,"date":"2023-03-19T19:12:05","date_gmt":"2023-03-19T18:12:05","guid":{"rendered":"https:\/\/ralf100m.de\/?post_type=product&#038;p=4253"},"modified":"2025-12-18T11:50:35","modified_gmt":"2025-12-18T10:50:35","slug":"5614-4p","status":"publish","type":"product","link":"https:\/\/ralf100m.de\/en\/produkt\/5614-4p\/","title":{"rendered":"TK-5614-4p Fibu 1 &amp; 2 &amp; Datev + Internship | Complete training"},"content":{"rendered":"<h4>Fibu 1 + 2 + Datev + internship in a 4-pack \/ complete training<\/h4>\n<h4>(Course duration 365 days from registration)<\/h4>\n<p><strong>Fibu 1<\/strong><\/p>\n<ul>\n<li>Legal basis<\/li>\n<li>Inventory and balance sheet<\/li>\n<li>Balance sheet accounts<\/li>\n<li>Income statement accounts<\/li>\n<li>Accounting organisation<\/li>\n<li>VAT system<\/li>\n<li>Private accounts<\/li>\n<li>Non-deductible\/limited deductible costs Costs<\/li>\n<li>Exercises<\/li>\n<\/ul>\n<p><strong>Fibu2<\/strong><\/p>\n<ul>\n<li>Special features for production companies<\/li>\n<li>Posting unfinished and finished goods\/services<\/li>\n<li>Contents of the annual financial statements<\/li>\n<li>Accounting principles<\/li>\n<li>Material and temporal deferrals of expenses and income<\/li>\n<li>Taxable and tax-free transactions<\/li>\n<li>Reversal of the tax liability<\/li>\n<li>Foreign countries subject to VAT; goods transactions with the rest of the Community and third countries<\/li>\n<li>Advance payments received and made<\/li>\n<li>Valuation regulations for fixed and current assets under commercial and tax law \/valuation standards \/depreciation and amortisation<\/li>\n<li>Transfer of tax depreciation \/ posting and cancellation of the investment deduction amount;<\/li>\n<li>Valuation of inventories and receivables<\/li>\n<li>Capital recognised in the balance sheet<\/li>\n<li>Posting and reversal of provisions<\/li>\n<li>Valuation of liabilities<\/li>\n<li>Many, many exercises<\/li>\n<\/ul>\n<p><strong>Datev<\/strong><\/p>\n<ul>\n<li>Creation of a new client \/ master data<\/li>\n<li>Processing of bookkeeping in DATEV Kanzlei-Rechnungswesen<\/li>\n<li>Digital receipts<\/li>\n<li>Backing up, importing and deleting accounting data<\/li>\n<li>Analyses of financial accounting<\/li>\n<li>Final work \/ turn of the year<\/li>\n<li>Many, many practical exercises<\/li>\n<\/ul>\n<p><strong>Internship<\/strong><\/p>\n<ul>\n<li>Completion of ongoing financial accounting with DATEV Kanzlei-Rechnungswesen<\/li>\n<li>Preparation and input for the annual financial statements by the tax consultant<\/li>\n<li>Incoming and outgoing invoices \/ domestic, EU, third country<\/li>\n<li>Incoming and outgoing payments<\/li>\n<li>Wage and salary postings<\/li>\n<li>Digital receipts<\/li>\n<li>Cash register and credit card statements<\/li>\n<li>Open item voting<\/li>\n<li>Advance sales tax returns<\/li>\n<li>Asset accounting (inventory, monthly depreciation)<\/li>\n<li>Accruals and deferrals during the year Provisions\/reversal<\/li>\n<li>Down payment requests\/payment\/final invoice<\/li>\n<li>EMC and losses on receivables during the year<\/li>\n<li>Invoice verification \/ accounting consistency<\/li>\n<li>Opening balance sheet Presentations<\/li>\n<li>Self-checking \/ account reconciliation \/ troubleshooting<\/li>\n<li>Preparation of documents on demand for third parties<\/li>\n<li>Preparation of the annual financial statements<\/li>\n<\/ul>\n<p><strong>For the Fibu 1 and 2 course you need one course book each<\/strong>that <strong>You not directly with us<\/strong> can acquire.<\/p>\n<p>Financial Accounting 1 Textbook by Eva-Verena Hernandez<br \/>\n978-386718-500-4 (ISBN)<\/p>\n<p>which you can order directly from Edumedia Verlag (sometimes longer waiting times)<\/p>\n<p>https:\/\/www.edumedia.de\/shop\/thema.html?gruppe=1&thema=1#content<\/p>\n<p>Or at Amazon<\/p>\n<div class=\"brlbs-cmpnt-container brlbs-cmpnt-content-blocker brlbs-cmpnt-with-individual-styles\" data-borlabs-cookie-content-blocker-id=\"default\" data-borlabs-cookie-content=\"PGlmcmFtZSB0aXRsZT0iRmluYW56YnVjaGbDvGhydW5nIDEiIHR5cGU9InRleHQvaHRtbCIgd2lkdGg9IjUwMCIgaGVpZ2h0PSI1NTAiIGZyYW1lYm9yZGVyPSIwIiBhbGxvd2Z1bGxzY3JlZW4gc3R5bGU9Im1heC13aWR0aDoxMDAlIiBzcmM9Imh0dHBzOi8vbGVzZW4uYW1hem9uLmRlL2twL2NhcmQ\/cHJldmlldz1pbmxpbmUmbGlua0NvZGU9a3BkJnJlZl89azR3X29lbWJlZF9sb0xkNzFtMDVRYmI4RCZhc2luPTM4NjcxODUwMFgmdGFnPWtwZW1iZWQtMjAiPjwvaWZyYW1lPg==\">\n<div class=\"brlbs-cmpnt-cb-preset-a\">\n<p class=\"brlbs-cmpnt-cb-description\">You are currently viewing a placeholder content from <strong>Default<\/strong>. To access the actual content, click the button below. Please note that doing so will share data with third-party providers.<\/p>\n<div class=\"brlbs-cmpnt-cb-buttons\"> <a class=\"brlbs-cmpnt-cb-btn\" href=\"#\" data-borlabs-cookie-unblock role=\"button\">Unblock content<\/a> <a class=\"brlbs-cmpnt-cb-btn\" href=\"#\" data-borlabs-cookie-accept-service role=\"button\" style=\"display: none\">Accept required service and unblock content<\/a> <\/div>\n<p> <a class=\"brlbs-cmpnt-cb-provider-toggle\" href=\"#\" data-borlabs-cookie-show-provider-information role=\"button\">More Information<\/a> <\/div>\n<\/div>\n<p>or Lehmanns<\/p>\n<p>https:\/\/www.lehmanns.de\/shop\/wirtschaft\/7907233-9783867185004-finanzbuchfuehrung-1<\/p>\n<p>analaog Fibu 2 978-386718-501-1 (ISBN)<\/p>\n<p>No additional books are required for the Datev and Lexware courses or for the practical accounting course. All documents are provided in the course.<\/p>\n<p>You will find the requirements for a course price reduction\u00a0<a href=\"https:\/\/tinyurl.com\/y7wbb46p\"><strong>here<\/strong><\/a>.<br \/>\nDiscounts can only be obtained directly from the VHS via\u00a0<a href=\"http:\/\/ralf100m.de\/en\/Kursanmeldung%20%2B%20Datenschutz.pdf\/\" target=\"_blank\" rel=\"noopener\"><strong>Form<\/strong><\/a>\u00a0can be booked.<\/p>\n<p>Please complete and send to anmeldung@vhstk.de \/ send a copy to me (info@ralf100m.de).<\/p>","protected":false},"excerpt":{"rendered":"<h4>Fibu 1 + 2 + Datev + internship in a 4-pack \/ complete training<\/h4>\n<p>Under certain conditions, the VHS grants a course price reduction -&gt; \u20ac 589.52<br \/>\nYou will find the requirements for a course price reduction\u00a0<a href=\"https:\/\/tinyurl.com\/y7wbb46p\"><strong>here<\/strong><\/a>.<\/p>\n<p>Discounts can only be obtained directly from the VHS via\u00a0<a href=\"http:\/\/ralf100m.de\/en\/Kursanmeldung%20%2B%20Datenschutz.pdf\/\" target=\"_blank\" rel=\"noopener\"><strong>Form<\/strong><\/a>\u00a0can be booked.<\/p>\n<p>Please complete and return to anmeldung@vhstk.de \/ send a copy to me (buchung@ralf100m.de) and enclose proof of discount \/ ! <strong>Only applies to registrations with a discount!<\/strong><\/p>\n<p>&nbsp;<\/p>","protected":false},"featured_media":4192,"template":"","meta":[],"product_brand":[],"product_cat":[37],"product_tag":[],"class_list":{"0":"post-4253","1":"product","2":"type-product","3":"status-publish","4":"has-post-thumbnail","6":"product_cat-vhs-online-kurse","8":"first","9":"instock","10":"virtual","11":"taxable","12":"purchasable","13":"product-type-simple"},"yoast_head":"<!-- This site is optimized with the Yoast SEO plugin v27.5 - https:\/\/yoast.com\/product\/yoast-seo-wordpress\/ -->\n<title>TK-5614-4p Fibu 1 &amp; 2 &amp; Datev + Praktikum | Komplettausbildung - Ralf 100M<\/title>\n<meta name=\"robots\" content=\"index, follow, max-snippet:-1, max-image-preview:large, max-video-preview:-1\" \/>\n<link rel=\"canonical\" href=\"https:\/\/ralf100m.de\/en\/product-2\/5614-4p\/\" \/>\n<meta property=\"og:locale\" content=\"en_GB\" \/>\n<meta property=\"og:type\" content=\"article\" \/>\n<meta property=\"og:title\" content=\"TK-5614-4p Fibu 1 &amp; 2 &amp; Datev + Praktikum | Komplettausbildung - Ralf 100M\" \/>\n<meta property=\"og:description\" content=\"Fibu 1 + 2 + Datev + Praktikum im 4-er Pack \/ Komplettausbildung Unter bestimmten Voraussetzungen gew\u00e4hrt die VHS Kurspreiserm\u00e4\u00dfigung -&gt; 589,52 \u20ac Die Voraussetzungen f\u00fcr eine Kurspreiserm\u00e4\u00dfigung findest Du\u00a0hier.  Erm\u00e4\u00dfigungen k\u00f6nnen nur direkt \u00fcber die VHS per\u00a0Formular\u00a0gebucht werden.  Bitte ausgef\u00fcllt an anmeldung@vhstk.de \/ Kopie an mich (buchung@ralf100m.de) schicken und den Erm\u00e4\u00dfigungsnachweis mitsenden \/ ! Betrifft nur Anmeldungen mit Erm\u00e4\u00dfigung !  &nbsp;\" \/>\n<meta property=\"og:url\" content=\"https:\/\/ralf100m.de\/en\/product-2\/5614-4p\/\" \/>\n<meta property=\"og:site_name\" content=\"Ralf 100M\" \/>\n<meta property=\"article:modified_time\" content=\"2025-12-18T10:50:35+00:00\" \/>\n<meta property=\"og:image\" content=\"https:\/\/ralf100m.de\/wp-content\/uploads\/2023\/03\/FiBu-Komplett.png\" \/>\n\t<meta property=\"og:image:width\" content=\"1296\" \/>\n\t<meta property=\"og:image:height\" content=\"1298\" \/>\n\t<meta property=\"og:image:type\" content=\"image\/png\" \/>\n<meta name=\"twitter:card\" content=\"summary_large_image\" \/>\n<meta name=\"twitter:label1\" content=\"Estimated reading time\" \/>\n\t<meta name=\"twitter:data1\" content=\"2 minutes\" \/>\n<script type=\"application\/ld+json\" class=\"yoast-schema-graph\">{\"@context\":\"https:\\\/\\\/schema.org\",\"@graph\":[{\"@type\":\"WebPage\",\"@id\":\"https:\\\/\\\/ralf100m.de\\\/produkt\\\/5614-4p\\\/\",\"url\":\"https:\\\/\\\/ralf100m.de\\\/produkt\\\/5614-4p\\\/\",\"name\":\"TK-5614-4p Fibu 1 & 2 & Datev + Praktikum | Komplettausbildung - Ralf 100M\",\"isPartOf\":{\"@id\":\"https:\\\/\\\/ralf100m.de\\\/#website\"},\"primaryImageOfPage\":{\"@id\":\"https:\\\/\\\/ralf100m.de\\\/produkt\\\/5614-4p\\\/#primaryimage\"},\"image\":{\"@id\":\"https:\\\/\\\/ralf100m.de\\\/produkt\\\/5614-4p\\\/#primaryimage\"},\"thumbnailUrl\":\"https:\\\/\\\/ralf100m.de\\\/wp-content\\\/uploads\\\/2023\\\/03\\\/FiBu-Komplett.png\",\"datePublished\":\"2023-03-19T18:12:05+00:00\",\"dateModified\":\"2025-12-18T10:50:35+00:00\",\"breadcrumb\":{\"@id\":\"https:\\\/\\\/ralf100m.de\\\/produkt\\\/5614-4p\\\/#breadcrumb\"},\"inLanguage\":\"en-GB\",\"potentialAction\":[{\"@type\":\"ReadAction\",\"target\":[\"https:\\\/\\\/ralf100m.de\\\/produkt\\\/5614-4p\\\/\"]}]},{\"@type\":\"ImageObject\",\"inLanguage\":\"en-GB\",\"@id\":\"https:\\\/\\\/ralf100m.de\\\/produkt\\\/5614-4p\\\/#primaryimage\",\"url\":\"https:\\\/\\\/ralf100m.de\\\/wp-content\\\/uploads\\\/2023\\\/03\\\/FiBu-Komplett.png\",\"contentUrl\":\"https:\\\/\\\/ralf100m.de\\\/wp-content\\\/uploads\\\/2023\\\/03\\\/FiBu-Komplett.png\",\"width\":1296,\"height\":1298},{\"@type\":\"BreadcrumbList\",\"@id\":\"https:\\\/\\\/ralf100m.de\\\/produkt\\\/5614-4p\\\/#breadcrumb\",\"itemListElement\":[{\"@type\":\"ListItem\",\"position\":1,\"name\":\"Startseite\",\"item\":\"https:\\\/\\\/ralf100m.de\\\/\"},{\"@type\":\"ListItem\",\"position\":2,\"name\":\"Shop\",\"item\":\"https:\\\/\\\/ralf100m.de\\\/shop\\\/\"},{\"@type\":\"ListItem\",\"position\":3,\"name\":\"TK-5614-4p Fibu 1 &#038; 2 &#038; Datev + Praktikum | Komplettausbildung\"}]},{\"@type\":\"WebSite\",\"@id\":\"https:\\\/\\\/ralf100m.de\\\/#website\",\"url\":\"https:\\\/\\\/ralf100m.de\\\/\",\"name\":\"Ralf 100M\",\"description\":\"\",\"publisher\":{\"@id\":\"https:\\\/\\\/ralf100m.de\\\/#\\\/schema\\\/person\\\/144d88d0c18fb8f5e6bd155752132c23\"},\"potentialAction\":[{\"@type\":\"SearchAction\",\"target\":{\"@type\":\"EntryPoint\",\"urlTemplate\":\"https:\\\/\\\/ralf100m.de\\\/?s={search_term_string}\"},\"query-input\":{\"@type\":\"PropertyValueSpecification\",\"valueRequired\":true,\"valueName\":\"search_term_string\"}}],\"inLanguage\":\"en-GB\"},{\"@type\":[\"Person\",\"Organization\"],\"@id\":\"https:\\\/\\\/ralf100m.de\\\/#\\\/schema\\\/person\\\/144d88d0c18fb8f5e6bd155752132c23\",\"name\":\"wpulitkus\",\"image\":{\"@type\":\"ImageObject\",\"inLanguage\":\"en-GB\",\"@id\":\"https:\\\/\\\/ralf100m.de\\\/wp-content\\\/uploads\\\/2023\\\/04\\\/ralf-200px-logo.jpg\",\"url\":\"https:\\\/\\\/ralf100m.de\\\/wp-content\\\/uploads\\\/2023\\\/04\\\/ralf-200px-logo.jpg\",\"contentUrl\":\"https:\\\/\\\/ralf100m.de\\\/wp-content\\\/uploads\\\/2023\\\/04\\\/ralf-200px-logo.jpg\",\"width\":400,\"height\":162,\"caption\":\"wpulitkus\"},\"logo\":{\"@id\":\"https:\\\/\\\/ralf100m.de\\\/wp-content\\\/uploads\\\/2023\\\/04\\\/ralf-200px-logo.jpg\"}}]}<\/script>\n<!-- \/ Yoast SEO plugin. -->","yoast_head_json":{"title":"TK-5614-4p Fibu 1 &amp; 2 &amp; Datev + Internship | Complete training - Ralf 100M","robots":{"index":"index","follow":"follow","max-snippet":"max-snippet:-1","max-image-preview":"max-image-preview:large","max-video-preview":"max-video-preview:-1"},"canonical":"https:\/\/ralf100m.de\/en\/product-2\/5614-4p\/","og_locale":"en_GB","og_type":"article","og_title":"TK-5614-4p Fibu 1 & 2 & Datev + Praktikum | Komplettausbildung - Ralf 100M","og_description":"Fibu 1 + 2 + Datev + Praktikum im 4-er Pack \/ Komplettausbildung Unter bestimmten Voraussetzungen gew\u00e4hrt die VHS Kurspreiserm\u00e4\u00dfigung -&gt; 589,52 \u20ac Die Voraussetzungen f\u00fcr eine Kurspreiserm\u00e4\u00dfigung findest Du\u00a0hier.  Erm\u00e4\u00dfigungen k\u00f6nnen nur direkt \u00fcber die VHS per\u00a0Formular\u00a0gebucht werden.  Bitte ausgef\u00fcllt an anmeldung@vhstk.de \/ Kopie an mich (buchung@ralf100m.de) schicken und den Erm\u00e4\u00dfigungsnachweis mitsenden \/ ! Betrifft nur Anmeldungen mit Erm\u00e4\u00dfigung !  &nbsp;","og_url":"https:\/\/ralf100m.de\/en\/product-2\/5614-4p\/","og_site_name":"Ralf 100M","article_modified_time":"2025-12-18T10:50:35+00:00","og_image":[{"width":1296,"height":1298,"url":"https:\/\/ralf100m.de\/wp-content\/uploads\/2023\/03\/FiBu-Komplett.png","type":"image\/png"}],"twitter_card":"summary_large_image","twitter_misc":{"Estimated reading time":"2 minutes"},"schema":{"@context":"https:\/\/schema.org","@graph":[{"@type":"WebPage","@id":"https:\/\/ralf100m.de\/produkt\/5614-4p\/","url":"https:\/\/ralf100m.de\/produkt\/5614-4p\/","name":"TK-5614-4p Fibu 1 &amp; 2 &amp; Datev + Internship | Complete training - Ralf 100M","isPartOf":{"@id":"https:\/\/ralf100m.de\/#website"},"primaryImageOfPage":{"@id":"https:\/\/ralf100m.de\/produkt\/5614-4p\/#primaryimage"},"image":{"@id":"https:\/\/ralf100m.de\/produkt\/5614-4p\/#primaryimage"},"thumbnailUrl":"https:\/\/ralf100m.de\/wp-content\/uploads\/2023\/03\/FiBu-Komplett.png","datePublished":"2023-03-19T18:12:05+00:00","dateModified":"2025-12-18T10:50:35+00:00","breadcrumb":{"@id":"https:\/\/ralf100m.de\/produkt\/5614-4p\/#breadcrumb"},"inLanguage":"en-GB","potentialAction":[{"@type":"ReadAction","target":["https:\/\/ralf100m.de\/produkt\/5614-4p\/"]}]},{"@type":"ImageObject","inLanguage":"en-GB","@id":"https:\/\/ralf100m.de\/produkt\/5614-4p\/#primaryimage","url":"https:\/\/ralf100m.de\/wp-content\/uploads\/2023\/03\/FiBu-Komplett.png","contentUrl":"https:\/\/ralf100m.de\/wp-content\/uploads\/2023\/03\/FiBu-Komplett.png","width":1296,"height":1298},{"@type":"BreadcrumbList","@id":"https:\/\/ralf100m.de\/produkt\/5614-4p\/#breadcrumb","itemListElement":[{"@type":"ListItem","position":1,"name":"Startseite","item":"https:\/\/ralf100m.de\/"},{"@type":"ListItem","position":2,"name":"Shop","item":"https:\/\/ralf100m.de\/shop\/"},{"@type":"ListItem","position":3,"name":"TK-5614-4p Fibu 1 &#038; 2 &#038; Datev + Praktikum | Komplettausbildung"}]},{"@type":"WebSite","@id":"https:\/\/ralf100m.de\/#website","url":"https:\/\/ralf100m.de\/","name":"Ralf 100M","description":"","publisher":{"@id":"https:\/\/ralf100m.de\/#\/schema\/person\/144d88d0c18fb8f5e6bd155752132c23"},"potentialAction":[{"@type":"SearchAction","target":{"@type":"EntryPoint","urlTemplate":"https:\/\/ralf100m.de\/?s={search_term_string}"},"query-input":{"@type":"PropertyValueSpecification","valueRequired":true,"valueName":"search_term_string"}}],"inLanguage":"en-GB"},{"@type":["Person","Organization"],"@id":"https:\/\/ralf100m.de\/#\/schema\/person\/144d88d0c18fb8f5e6bd155752132c23","name":"wpulitcus","image":{"@type":"ImageObject","inLanguage":"en-GB","@id":"https:\/\/ralf100m.de\/wp-content\/uploads\/2023\/04\/ralf-200px-logo.jpg","url":"https:\/\/ralf100m.de\/wp-content\/uploads\/2023\/04\/ralf-200px-logo.jpg","contentUrl":"https:\/\/ralf100m.de\/wp-content\/uploads\/2023\/04\/ralf-200px-logo.jpg","width":400,"height":162,"caption":"wpulitkus"},"logo":{"@id":"https:\/\/ralf100m.de\/wp-content\/uploads\/2023\/04\/ralf-200px-logo.jpg"}}]}},"_links":{"self":[{"href":"https:\/\/ralf100m.de\/en\/wp-json\/wp\/v2\/product\/4253","targetHints":{"allow":["GET"]}}],"collection":[{"href":"https:\/\/ralf100m.de\/en\/wp-json\/wp\/v2\/product"}],"about":[{"href":"https:\/\/ralf100m.de\/en\/wp-json\/wp\/v2\/types\/product"}],"wp:featuredmedia":[{"embeddable":true,"href":"https:\/\/ralf100m.de\/en\/wp-json\/wp\/v2\/media\/4192"}],"wp:attachment":[{"href":"https:\/\/ralf100m.de\/en\/wp-json\/wp\/v2\/media?parent=4253"}],"wp:term":[{"taxonomy":"product_brand","embeddable":true,"href":"https:\/\/ralf100m.de\/en\/wp-json\/wp\/v2\/product_brand?post=4253"},{"taxonomy":"product_cat","embeddable":true,"href":"https:\/\/ralf100m.de\/en\/wp-json\/wp\/v2\/product_cat?post=4253"},{"taxonomy":"product_tag","embeddable":true,"href":"https:\/\/ralf100m.de\/en\/wp-json\/wp\/v2\/product_tag?post=4253"}],"curies":[{"name":"wp","href":"https:\/\/api.w.org\/{rel}","templated":true}]}}