{"id":4574,"date":"2023-06-25T14:31:03","date_gmt":"2023-06-25T12:31:03","guid":{"rendered":"https:\/\/ralf100m.de\/?post_type=product&#038;p=4574"},"modified":"2025-12-18T11:57:34","modified_gmt":"2025-12-18T10:57:34","slug":"datev-payroll-accounting-combi","status":"publish","type":"product","link":"https:\/\/ralf100m.de\/en\/produkt\/datev-fibu-lohn-kombi\/","title":{"rendered":"TK-5628-fl Fibu Payroll Combi"},"content":{"rendered":"<h4>Datev Fibu and wages in one package<\/h4>\n<p>In our package, you will get to know and master both financial and payroll accounting. You will learn everything you need for practical bookkeeping and payroll accounting in the accounting department of a company or a tax office.<br \/>\nWe are there for you around the clock (24\/7).<\/p>\n<p>You will receive learning materials, videos and tasks on the VHS platform. You will also receive access to the DATEV financial accounting software when you register.<\/p>\n<p>Steffen Ismer (wages) and I (financial accounting) will support you as course instructors during the entire course by phone \/ Skype \/ WhatsApp and, if necessary, via screen sharing.<\/p>\n<p>With the degree you will receive a <strong>certificate <\/strong>of the adult education centre Treptow-K\u00f6penick in <strong>Cooperation with Datev<\/strong> and qualify for the exam in the <strong>XPert Business <\/strong>Programme Part 3 and for the new <strong>DATEV certificate<\/strong> at any local VHS nationwide.<\/p>\n<p>&nbsp;<\/p>\n<ul>\n<li>Creation of a new client \/ master data<\/li>\n<li>Processing of bookkeeping in DATEV Kanzlei-Rechnungswesen<\/li>\n<li>Digital receipts<\/li>\n<li>Backing up, importing and deleting accounting data<\/li>\n<li>Analyses of financial accounting<\/li>\n<li>Final work \/ turn of the year<\/li>\n<li>Many, many practical exercises<\/li>\n<\/ul>\n<p>Datev wages<\/p>\n<p><strong>Course contents<\/strong><\/p>\n<p>Using the example of two sample clients with several employees, you will independently carry out payroll accounting with different focal points and levels of difficulty. The sample cases are taken from everyday working life. The seminar will show you how to work efficiently with DATEV Lohn und Gehalt classic\/comfort for your future use in practice.<\/p>\n<p>DATEV Arbeitsplatz and DATEV Lohn und Gehalt comfort<\/p>\n<p>&nbsp;<\/p>\n<p><strong>Central client master data management<\/strong><\/p>\n<p>The path from the DATEV workstation to the Wages and Salaries service area leads via knowledge databases, programme help and institutions to the creation of a new client.<\/p>\n<p>&nbsp;<\/p>\n<p><strong>Ongoing payroll accounting over 12 months with DATEV Lohn und Gehalt comfort<\/strong><\/p>\n<p>Correct employee master data is the be-all and end-all of every payroll accounting system. Transaction data records the current remuneration and the results of our work are visible in the analyses.<\/p>\n<p>&nbsp;<\/p>\n<p><strong>Practice client for self-study<\/strong><\/p>\n<p>Baltasar Muster KG furniture factory<\/p>\n<p>Depending on the progress of your training, you will be able to independently supervise and support one of your \"own\" clients and their employees in payroll accounting over a period of 12 months.<\/p>\n<p>You will find the requirements for a course price reduction\u00a0<a href=\"https:\/\/tinyurl.com\/y7wbb46p\"><strong>here<\/strong><\/a>.<br \/>\nDiscounts can only be obtained directly from the VHS via\u00a0<a href=\"http:\/\/ralf100m.de\/en\/Kursanmeldung%20%2B%20Datenschutz.pdf\/\" target=\"_blank\" rel=\"noopener\"><strong>Form<\/strong><\/a>\u00a0can be booked.<\/p>\n<p>Please complete and send to anmeldung@vhstk.de \/ send a copy to me (info@ralf100m.de).<\/p>","protected":false},"excerpt":{"rendered":"<h4>Datev Fibu and wages in one package<\/h4>\n<p>Under certain conditions, the VHS grants course price reductions -&gt; \u20ac 383.30)<br \/>\nYou will find the requirements for a course price reduction\u00a0<a href=\"https:\/\/tinyurl.com\/y7wbb46p\"><strong>here<\/strong><\/a>.<\/p>\n<p>Discounts can only be obtained directly from the VHS via\u00a0<a href=\"http:\/\/ralf100m.de\/en\/Kursanmeldung%20%2B%20Datenschutz.pdf\/\" target=\"_blank\" rel=\"noopener\"><strong>Form<\/strong><\/a>\u00a0can be booked.<\/p>\n<p>Please complete and return to anmeldung@vhstk.de \/ send a copy to me (info@ralf100m.de) and enclose proof of discount \/ ! <strong>Only applies to registrations with a discount!<\/strong><\/p>\n<p>&nbsp;<\/p>","protected":false},"featured_media":4579,"template":"","meta":[],"product_brand":[],"product_cat":[37],"product_tag":[],"class_list":{"0":"post-4574","1":"product","2":"type-product","3":"status-publish","4":"has-post-thumbnail","6":"product_cat-vhs-online-kurse","8":"first","9":"instock","10":"virtual","11":"taxable","12":"purchasable","13":"product-type-simple"},"yoast_head":"<!-- This site is optimized with the Yoast SEO plugin v27.5 - https:\/\/yoast.com\/product\/yoast-seo-wordpress\/ -->\n<title>TK-5628-fl Fibu Lohn Kombi - Ralf 100M<\/title>\n<meta name=\"robots\" content=\"index, follow, max-snippet:-1, max-image-preview:large, max-video-preview:-1\" \/>\n<link rel=\"canonical\" href=\"https:\/\/ralf100m.de\/en\/product-2\/datev-payroll-accounting-combi\/\" \/>\n<meta property=\"og:locale\" content=\"en_GB\" \/>\n<meta property=\"og:type\" content=\"article\" \/>\n<meta property=\"og:title\" content=\"TK-5628-fl Fibu Lohn Kombi - Ralf 100M\" \/>\n<meta property=\"og:description\" content=\"Datev Fibu und Lohn\u00a0 in einem\u00a0 Paket Unter bestimmten Voraussetzungen gew\u00e4hrt die VHS Kurspreiserm\u00e4\u00dfigung -&gt; 383.30) \u20ac Die Voraussetzungen f\u00fcr eine Kurspreiserm\u00e4\u00dfigung findest Du\u00a0hier.  Erm\u00e4\u00dfigungen k\u00f6nnen nur direkt \u00fcber die VHS per\u00a0Formular\u00a0gebucht werden.  Bitte ausgef\u00fcllt an anmeldung@vhstk.de \/ Kopie an mich (info@ralf100m.de) schicken und den Erm\u00e4\u00dfigungsnachweis mitsenden \/ ! Betrifft nur Anmeldungen mit Erm\u00e4\u00dfigung !  &nbsp;\" \/>\n<meta property=\"og:url\" content=\"https:\/\/ralf100m.de\/en\/product-2\/datev-payroll-accounting-combi\/\" \/>\n<meta property=\"og:site_name\" content=\"Ralf 100M\" \/>\n<meta property=\"article:modified_time\" content=\"2025-12-18T10:57:34+00:00\" \/>\n<meta property=\"og:image\" content=\"https:\/\/ralf100m.de\/wp-content\/uploads\/2023\/06\/Datev-Fibu-Lohn-Kombi.png\" \/>\n\t<meta property=\"og:image:width\" content=\"500\" \/>\n\t<meta property=\"og:image:height\" content=\"500\" \/>\n\t<meta property=\"og:image:type\" content=\"image\/png\" \/>\n<meta name=\"twitter:card\" content=\"summary_large_image\" \/>\n<meta name=\"twitter:label1\" content=\"Estimated reading time\" \/>\n\t<meta name=\"twitter:data1\" content=\"3 minutes\" \/>\n<script type=\"application\/ld+json\" class=\"yoast-schema-graph\">{\"@context\":\"https:\\\/\\\/schema.org\",\"@graph\":[{\"@type\":\"WebPage\",\"@id\":\"https:\\\/\\\/ralf100m.de\\\/produkt\\\/datev-fibu-lohn-kombi\\\/\",\"url\":\"https:\\\/\\\/ralf100m.de\\\/produkt\\\/datev-fibu-lohn-kombi\\\/\",\"name\":\"TK-5628-fl Fibu Lohn Kombi - Ralf 100M\",\"isPartOf\":{\"@id\":\"https:\\\/\\\/ralf100m.de\\\/#website\"},\"primaryImageOfPage\":{\"@id\":\"https:\\\/\\\/ralf100m.de\\\/produkt\\\/datev-fibu-lohn-kombi\\\/#primaryimage\"},\"image\":{\"@id\":\"https:\\\/\\\/ralf100m.de\\\/produkt\\\/datev-fibu-lohn-kombi\\\/#primaryimage\"},\"thumbnailUrl\":\"https:\\\/\\\/ralf100m.de\\\/wp-content\\\/uploads\\\/2023\\\/06\\\/Datev-Fibu-Lohn-Kombi.png\",\"datePublished\":\"2023-06-25T12:31:03+00:00\",\"dateModified\":\"2025-12-18T10:57:34+00:00\",\"breadcrumb\":{\"@id\":\"https:\\\/\\\/ralf100m.de\\\/produkt\\\/datev-fibu-lohn-kombi\\\/#breadcrumb\"},\"inLanguage\":\"en-GB\",\"potentialAction\":[{\"@type\":\"ReadAction\",\"target\":[\"https:\\\/\\\/ralf100m.de\\\/produkt\\\/datev-fibu-lohn-kombi\\\/\"]}]},{\"@type\":\"ImageObject\",\"inLanguage\":\"en-GB\",\"@id\":\"https:\\\/\\\/ralf100m.de\\\/produkt\\\/datev-fibu-lohn-kombi\\\/#primaryimage\",\"url\":\"https:\\\/\\\/ralf100m.de\\\/wp-content\\\/uploads\\\/2023\\\/06\\\/Datev-Fibu-Lohn-Kombi.png\",\"contentUrl\":\"https:\\\/\\\/ralf100m.de\\\/wp-content\\\/uploads\\\/2023\\\/06\\\/Datev-Fibu-Lohn-Kombi.png\",\"width\":500,\"height\":500,\"caption\":\"Datev Fibu + Lohn Kombi\"},{\"@type\":\"BreadcrumbList\",\"@id\":\"https:\\\/\\\/ralf100m.de\\\/produkt\\\/datev-fibu-lohn-kombi\\\/#breadcrumb\",\"itemListElement\":[{\"@type\":\"ListItem\",\"position\":1,\"name\":\"Startseite\",\"item\":\"https:\\\/\\\/ralf100m.de\\\/\"},{\"@type\":\"ListItem\",\"position\":2,\"name\":\"Shop\",\"item\":\"https:\\\/\\\/ralf100m.de\\\/shop\\\/\"},{\"@type\":\"ListItem\",\"position\":3,\"name\":\"TK-5628-fl Fibu Lohn Kombi\"}]},{\"@type\":\"WebSite\",\"@id\":\"https:\\\/\\\/ralf100m.de\\\/#website\",\"url\":\"https:\\\/\\\/ralf100m.de\\\/\",\"name\":\"Ralf 100M\",\"description\":\"\",\"publisher\":{\"@id\":\"https:\\\/\\\/ralf100m.de\\\/#\\\/schema\\\/person\\\/144d88d0c18fb8f5e6bd155752132c23\"},\"potentialAction\":[{\"@type\":\"SearchAction\",\"target\":{\"@type\":\"EntryPoint\",\"urlTemplate\":\"https:\\\/\\\/ralf100m.de\\\/?s={search_term_string}\"},\"query-input\":{\"@type\":\"PropertyValueSpecification\",\"valueRequired\":true,\"valueName\":\"search_term_string\"}}],\"inLanguage\":\"en-GB\"},{\"@type\":[\"Person\",\"Organization\"],\"@id\":\"https:\\\/\\\/ralf100m.de\\\/#\\\/schema\\\/person\\\/144d88d0c18fb8f5e6bd155752132c23\",\"name\":\"wpulitkus\",\"image\":{\"@type\":\"ImageObject\",\"inLanguage\":\"en-GB\",\"@id\":\"https:\\\/\\\/ralf100m.de\\\/wp-content\\\/uploads\\\/2023\\\/04\\\/ralf-200px-logo.jpg\",\"url\":\"https:\\\/\\\/ralf100m.de\\\/wp-content\\\/uploads\\\/2023\\\/04\\\/ralf-200px-logo.jpg\",\"contentUrl\":\"https:\\\/\\\/ralf100m.de\\\/wp-content\\\/uploads\\\/2023\\\/04\\\/ralf-200px-logo.jpg\",\"width\":400,\"height\":162,\"caption\":\"wpulitkus\"},\"logo\":{\"@id\":\"https:\\\/\\\/ralf100m.de\\\/wp-content\\\/uploads\\\/2023\\\/04\\\/ralf-200px-logo.jpg\"}}]}<\/script>\n<!-- \/ Yoast SEO plugin. -->","yoast_head_json":{"title":"TK-5628-fl Fibu Lohn Kombi - Ralf 100M","robots":{"index":"index","follow":"follow","max-snippet":"max-snippet:-1","max-image-preview":"max-image-preview:large","max-video-preview":"max-video-preview:-1"},"canonical":"https:\/\/ralf100m.de\/en\/product-2\/datev-payroll-accounting-combi\/","og_locale":"en_GB","og_type":"article","og_title":"TK-5628-fl Fibu Lohn Kombi - Ralf 100M","og_description":"Datev Fibu und Lohn\u00a0 in einem\u00a0 Paket Unter bestimmten Voraussetzungen gew\u00e4hrt die VHS Kurspreiserm\u00e4\u00dfigung -&gt; 383.30) \u20ac Die Voraussetzungen f\u00fcr eine Kurspreiserm\u00e4\u00dfigung findest Du\u00a0hier.  Erm\u00e4\u00dfigungen k\u00f6nnen nur direkt \u00fcber die VHS per\u00a0Formular\u00a0gebucht werden.  Bitte ausgef\u00fcllt an anmeldung@vhstk.de \/ Kopie an mich (info@ralf100m.de) schicken und den Erm\u00e4\u00dfigungsnachweis mitsenden \/ ! Betrifft nur Anmeldungen mit Erm\u00e4\u00dfigung !  &nbsp;","og_url":"https:\/\/ralf100m.de\/en\/product-2\/datev-payroll-accounting-combi\/","og_site_name":"Ralf 100M","article_modified_time":"2025-12-18T10:57:34+00:00","og_image":[{"width":500,"height":500,"url":"https:\/\/ralf100m.de\/wp-content\/uploads\/2023\/06\/Datev-Fibu-Lohn-Kombi.png","type":"image\/png"}],"twitter_card":"summary_large_image","twitter_misc":{"Estimated reading time":"3 minutes"},"schema":{"@context":"https:\/\/schema.org","@graph":[{"@type":"WebPage","@id":"https:\/\/ralf100m.de\/produkt\/datev-fibu-lohn-kombi\/","url":"https:\/\/ralf100m.de\/produkt\/datev-fibu-lohn-kombi\/","name":"TK-5628-fl Fibu Lohn Kombi - Ralf 100M","isPartOf":{"@id":"https:\/\/ralf100m.de\/#website"},"primaryImageOfPage":{"@id":"https:\/\/ralf100m.de\/produkt\/datev-fibu-lohn-kombi\/#primaryimage"},"image":{"@id":"https:\/\/ralf100m.de\/produkt\/datev-fibu-lohn-kombi\/#primaryimage"},"thumbnailUrl":"https:\/\/ralf100m.de\/wp-content\/uploads\/2023\/06\/Datev-Fibu-Lohn-Kombi.png","datePublished":"2023-06-25T12:31:03+00:00","dateModified":"2025-12-18T10:57:34+00:00","breadcrumb":{"@id":"https:\/\/ralf100m.de\/produkt\/datev-fibu-lohn-kombi\/#breadcrumb"},"inLanguage":"en-GB","potentialAction":[{"@type":"ReadAction","target":["https:\/\/ralf100m.de\/produkt\/datev-fibu-lohn-kombi\/"]}]},{"@type":"ImageObject","inLanguage":"en-GB","@id":"https:\/\/ralf100m.de\/produkt\/datev-fibu-lohn-kombi\/#primaryimage","url":"https:\/\/ralf100m.de\/wp-content\/uploads\/2023\/06\/Datev-Fibu-Lohn-Kombi.png","contentUrl":"https:\/\/ralf100m.de\/wp-content\/uploads\/2023\/06\/Datev-Fibu-Lohn-Kombi.png","width":500,"height":500,"caption":"Datev Fibu + Lohn Kombi"},{"@type":"BreadcrumbList","@id":"https:\/\/ralf100m.de\/produkt\/datev-fibu-lohn-kombi\/#breadcrumb","itemListElement":[{"@type":"ListItem","position":1,"name":"Startseite","item":"https:\/\/ralf100m.de\/"},{"@type":"ListItem","position":2,"name":"Shop","item":"https:\/\/ralf100m.de\/shop\/"},{"@type":"ListItem","position":3,"name":"TK-5628-fl Fibu Lohn Kombi"}]},{"@type":"WebSite","@id":"https:\/\/ralf100m.de\/#website","url":"https:\/\/ralf100m.de\/","name":"Ralf 100M","description":"","publisher":{"@id":"https:\/\/ralf100m.de\/#\/schema\/person\/144d88d0c18fb8f5e6bd155752132c23"},"potentialAction":[{"@type":"SearchAction","target":{"@type":"EntryPoint","urlTemplate":"https:\/\/ralf100m.de\/?s={search_term_string}"},"query-input":{"@type":"PropertyValueSpecification","valueRequired":true,"valueName":"search_term_string"}}],"inLanguage":"en-GB"},{"@type":["Person","Organization"],"@id":"https:\/\/ralf100m.de\/#\/schema\/person\/144d88d0c18fb8f5e6bd155752132c23","name":"wpulitcus","image":{"@type":"ImageObject","inLanguage":"en-GB","@id":"https:\/\/ralf100m.de\/wp-content\/uploads\/2023\/04\/ralf-200px-logo.jpg","url":"https:\/\/ralf100m.de\/wp-content\/uploads\/2023\/04\/ralf-200px-logo.jpg","contentUrl":"https:\/\/ralf100m.de\/wp-content\/uploads\/2023\/04\/ralf-200px-logo.jpg","width":400,"height":162,"caption":"wpulitkus"},"logo":{"@id":"https:\/\/ralf100m.de\/wp-content\/uploads\/2023\/04\/ralf-200px-logo.jpg"}}]}},"_links":{"self":[{"href":"https:\/\/ralf100m.de\/en\/wp-json\/wp\/v2\/product\/4574","targetHints":{"allow":["GET"]}}],"collection":[{"href":"https:\/\/ralf100m.de\/en\/wp-json\/wp\/v2\/product"}],"about":[{"href":"https:\/\/ralf100m.de\/en\/wp-json\/wp\/v2\/types\/product"}],"wp:featuredmedia":[{"embeddable":true,"href":"https:\/\/ralf100m.de\/en\/wp-json\/wp\/v2\/media\/4579"}],"wp:attachment":[{"href":"https:\/\/ralf100m.de\/en\/wp-json\/wp\/v2\/media?parent=4574"}],"wp:term":[{"taxonomy":"product_brand","embeddable":true,"href":"https:\/\/ralf100m.de\/en\/wp-json\/wp\/v2\/product_brand?post=4574"},{"taxonomy":"product_cat","embeddable":true,"href":"https:\/\/ralf100m.de\/en\/wp-json\/wp\/v2\/product_cat?post=4574"},{"taxonomy":"product_tag","embeddable":true,"href":"https:\/\/ralf100m.de\/en\/wp-json\/wp\/v2\/product_tag?post=4574"}],"curies":[{"name":"wp","href":"https:\/\/api.w.org\/{rel}","templated":true}]}}