{"id":4017,"date":"2023-02-08T18:58:12","date_gmt":"2023-02-08T17:58:12","guid":{"rendered":"https:\/\/ralf100m.de\/danke-fuer-den-einkauf\/"},"modified":"2025-04-29T06:58:13","modified_gmt":"2025-04-29T04:58:13","slug":"gracias-por-la-compra","status":"publish","type":"page","link":"https:\/\/ralf100m.de\/es\/gracias-por-la-compra\/","title":{"rendered":"Gracias por la reserva"},"content":{"rendered":"<p>Bienvenido a bordo de nuestra plataforma de aprendizaje.<\/p>\n<div><\/div>\n<div>Cuando reserve su curso, deber\u00eda recibir otro correo electr\u00f3nico con sus datos de acceso.<\/div>\n<div><\/div>\n<div>Si es la primera vez que reserva, recibir\u00e1 en breve un correo electr\u00f3nico con los datos de acceso al curso. Para reservas repetidas, el curso reservado ya est\u00e1 activado.<\/div>\n<div><\/div>\n<div>Si no ve nada, mire en la carpeta de correo no deseado para asegurarse.<\/div>\n<div><\/div>\n<div>Si tiene alguna pregunta o duda por el camino, no dude en ponerse en contacto conmigo directamente.<\/div>\n<div><\/div>\n<div>Estamos aqu\u00ed para ayudarte y asegurarnos de que tu experiencia de aprendizaje sea lo m\u00e1s enriquecedora y agradable posible.<\/div>\n<div><\/div>\n<div>Cruzamos los dedos por usted y le deseamos un viaje inspirador y exitoso a trav\u00e9s de nuestro curso y le deseamos un d\u00eda maravilloso.<\/div>\n<div><\/div>\n<div>Atentamente,<\/div>\n<div><\/div>\n<div>Su equipo Ralf 100M AB<\/div>","protected":false},"excerpt":{"rendered":"<p>Herzlich willkommen an Bord unserer Lernplattform. Mit der Kursbuchung solltest du eine weitere E-Mail in deinem Posteingang finden, die deine Zugangsdaten enth\u00e4lt. Bei einer Erstbuchung erh\u00e4lst Du in K\u00fcrze eine Mail mit den Zugangsdaten zum Kurs. Bei einer wiederholten Buchung ist der gebuchte Kurs bereits freigeschaltet. Solltest du nichts sehen, wirf bitte auch einen Blick in deinen Spam-Ordner, nur um sicherzugehen. Sollten unterwegs Fragen oder Unsicherheiten auftauchen, z\u00f6gere bitte nicht, dich direkt an mich zu wenden. Wir sind hier, um [&hellip;]<\/p>","protected":false},"author":1,"featured_media":0,"parent":0,"menu_order":0,"comment_status":"closed","ping_status":"closed","template":"","meta":{"footnotes":""},"class_list":["post-4017","page","type-page","status-publish","hentry"],"yoast_head":"<!-- This site is optimized with the Yoast SEO plugin v27.4 - https:\/\/yoast.com\/product\/yoast-seo-wordpress\/ -->\n<title>Vielen Dank f\u00fcr die Buchung - Ralf 100M<\/title>\n<meta name=\"robots\" content=\"index, follow, max-snippet:-1, max-image-preview:large, max-video-preview:-1\" \/>\n<link rel=\"canonical\" href=\"https:\/\/ralf100m.de\/es\/gracias-por-la-compra\/\" \/>\n<meta property=\"og:locale\" content=\"es_ES\" \/>\n<meta property=\"og:type\" content=\"article\" \/>\n<meta property=\"og:title\" content=\"Vielen Dank f\u00fcr die Buchung - Ralf 100M\" \/>\n<meta property=\"og:description\" content=\"Herzlich willkommen an Bord unserer Lernplattform. Mit der Kursbuchung solltest du eine weitere E-Mail in deinem Posteingang finden, die deine Zugangsdaten enth\u00e4lt. Bei einer Erstbuchung erh\u00e4lst Du in K\u00fcrze eine Mail mit den Zugangsdaten zum Kurs. Bei einer wiederholten Buchung ist der gebuchte Kurs bereits freigeschaltet. Solltest du nichts sehen, wirf bitte auch einen Blick in deinen Spam-Ordner, nur um sicherzugehen. Sollten unterwegs Fragen oder Unsicherheiten auftauchen, z\u00f6gere bitte nicht, dich direkt an mich zu wenden. Wir sind hier, um [&hellip;]\" \/>\n<meta property=\"og:url\" content=\"https:\/\/ralf100m.de\/es\/gracias-por-la-compra\/\" \/>\n<meta property=\"og:site_name\" content=\"Ralf 100M\" \/>\n<meta property=\"article:modified_time\" content=\"2025-04-29T04:58:13+00:00\" \/>\n<meta name=\"twitter:card\" content=\"summary_large_image\" \/>\n<meta name=\"twitter:label1\" content=\"Tiempo de lectura\" \/>\n\t<meta name=\"twitter:data1\" content=\"1 minuto\" \/>\n<script type=\"application\/ld+json\" class=\"yoast-schema-graph\">{\"@context\":\"https:\\\/\\\/schema.org\",\"@graph\":[{\"@type\":\"WebPage\",\"@id\":\"https:\\\/\\\/ralf100m.de\\\/danke-fuer-den-einkauf\\\/\",\"url\":\"https:\\\/\\\/ralf100m.de\\\/danke-fuer-den-einkauf\\\/\",\"name\":\"Vielen Dank f\u00fcr die Buchung - Ralf 100M\",\"isPartOf\":{\"@id\":\"https:\\\/\\\/ralf100m.de\\\/#website\"},\"datePublished\":\"2023-02-08T17:58:12+00:00\",\"dateModified\":\"2025-04-29T04:58:13+00:00\",\"breadcrumb\":{\"@id\":\"https:\\\/\\\/ralf100m.de\\\/danke-fuer-den-einkauf\\\/#breadcrumb\"},\"inLanguage\":\"es\",\"potentialAction\":[{\"@type\":\"ReadAction\",\"target\":[\"https:\\\/\\\/ralf100m.de\\\/danke-fuer-den-einkauf\\\/\"]}]},{\"@type\":\"BreadcrumbList\",\"@id\":\"https:\\\/\\\/ralf100m.de\\\/danke-fuer-den-einkauf\\\/#breadcrumb\",\"itemListElement\":[{\"@type\":\"ListItem\",\"position\":1,\"name\":\"Startseite\",\"item\":\"https:\\\/\\\/ralf100m.de\\\/\"},{\"@type\":\"ListItem\",\"position\":2,\"name\":\"Vielen Dank f\u00fcr die Buchung\"}]},{\"@type\":\"WebSite\",\"@id\":\"https:\\\/\\\/ralf100m.de\\\/#website\",\"url\":\"https:\\\/\\\/ralf100m.de\\\/\",\"name\":\"Ralf 100M\",\"description\":\"\",\"publisher\":{\"@id\":\"https:\\\/\\\/ralf100m.de\\\/#\\\/schema\\\/person\\\/144d88d0c18fb8f5e6bd155752132c23\"},\"potentialAction\":[{\"@type\":\"SearchAction\",\"target\":{\"@type\":\"EntryPoint\",\"urlTemplate\":\"https:\\\/\\\/ralf100m.de\\\/?s={search_term_string}\"},\"query-input\":{\"@type\":\"PropertyValueSpecification\",\"valueRequired\":true,\"valueName\":\"search_term_string\"}}],\"inLanguage\":\"es\"},{\"@type\":[\"Person\",\"Organization\"],\"@id\":\"https:\\\/\\\/ralf100m.de\\\/#\\\/schema\\\/person\\\/144d88d0c18fb8f5e6bd155752132c23\",\"name\":\"wpulitkus\",\"image\":{\"@type\":\"ImageObject\",\"inLanguage\":\"es\",\"@id\":\"https:\\\/\\\/ralf100m.de\\\/wp-content\\\/uploads\\\/2023\\\/04\\\/ralf-200px-logo.jpg\",\"url\":\"https:\\\/\\\/ralf100m.de\\\/wp-content\\\/uploads\\\/2023\\\/04\\\/ralf-200px-logo.jpg\",\"contentUrl\":\"https:\\\/\\\/ralf100m.de\\\/wp-content\\\/uploads\\\/2023\\\/04\\\/ralf-200px-logo.jpg\",\"width\":400,\"height\":162,\"caption\":\"wpulitkus\"},\"logo\":{\"@id\":\"https:\\\/\\\/ralf100m.de\\\/wp-content\\\/uploads\\\/2023\\\/04\\\/ralf-200px-logo.jpg\"}}]}<\/script>\n<!-- \/ Yoast SEO plugin. -->","yoast_head_json":{"title":"Muchas gracias por la reserva - Ralf 100M","robots":{"index":"index","follow":"follow","max-snippet":"max-snippet:-1","max-image-preview":"max-image-preview:large","max-video-preview":"max-video-preview:-1"},"canonical":"https:\/\/ralf100m.de\/es\/gracias-por-la-compra\/","og_locale":"es_ES","og_type":"article","og_title":"Vielen Dank f\u00fcr die Buchung - Ralf 100M","og_description":"Herzlich willkommen an Bord unserer Lernplattform. Mit der Kursbuchung solltest du eine weitere E-Mail in deinem Posteingang finden, die deine Zugangsdaten enth\u00e4lt. Bei einer Erstbuchung erh\u00e4lst Du in K\u00fcrze eine Mail mit den Zugangsdaten zum Kurs. Bei einer wiederholten Buchung ist der gebuchte Kurs bereits freigeschaltet. Solltest du nichts sehen, wirf bitte auch einen Blick in deinen Spam-Ordner, nur um sicherzugehen. Sollten unterwegs Fragen oder Unsicherheiten auftauchen, z\u00f6gere bitte nicht, dich direkt an mich zu wenden. Wir sind hier, um [&hellip;]","og_url":"https:\/\/ralf100m.de\/es\/gracias-por-la-compra\/","og_site_name":"Ralf 100M","article_modified_time":"2025-04-29T04:58:13+00:00","twitter_card":"summary_large_image","twitter_misc":{"Tiempo de lectura":"1 minuto"},"schema":{"@context":"https:\/\/schema.org","@graph":[{"@type":"WebPage","@id":"https:\/\/ralf100m.de\/danke-fuer-den-einkauf\/","url":"https:\/\/ralf100m.de\/danke-fuer-den-einkauf\/","name":"Muchas gracias por la reserva - Ralf 100M","isPartOf":{"@id":"https:\/\/ralf100m.de\/#website"},"datePublished":"2023-02-08T17:58:12+00:00","dateModified":"2025-04-29T04:58:13+00:00","breadcrumb":{"@id":"https:\/\/ralf100m.de\/danke-fuer-den-einkauf\/#breadcrumb"},"inLanguage":"es","potentialAction":[{"@type":"ReadAction","target":["https:\/\/ralf100m.de\/danke-fuer-den-einkauf\/"]}]},{"@type":"BreadcrumbList","@id":"https:\/\/ralf100m.de\/danke-fuer-den-einkauf\/#breadcrumb","itemListElement":[{"@type":"ListItem","position":1,"name":"Startseite","item":"https:\/\/ralf100m.de\/"},{"@type":"ListItem","position":2,"name":"Vielen Dank f\u00fcr die Buchung"}]},{"@type":"WebSite","@id":"https:\/\/ralf100m.de\/#website","url":"https:\/\/ralf100m.de\/","name":"Ralf 100M","description":"","publisher":{"@id":"https:\/\/ralf100m.de\/#\/schema\/person\/144d88d0c18fb8f5e6bd155752132c23"},"potentialAction":[{"@type":"SearchAction","target":{"@type":"EntryPoint","urlTemplate":"https:\/\/ralf100m.de\/?s={search_term_string}"},"query-input":{"@type":"PropertyValueSpecification","valueRequired":true,"valueName":"search_term_string"}}],"inLanguage":"es"},{"@type":["Person","Organization"],"@id":"https:\/\/ralf100m.de\/#\/schema\/person\/144d88d0c18fb8f5e6bd155752132c23","name":"wpulitcus","image":{"@type":"ImageObject","inLanguage":"es","@id":"https:\/\/ralf100m.de\/wp-content\/uploads\/2023\/04\/ralf-200px-logo.jpg","url":"https:\/\/ralf100m.de\/wp-content\/uploads\/2023\/04\/ralf-200px-logo.jpg","contentUrl":"https:\/\/ralf100m.de\/wp-content\/uploads\/2023\/04\/ralf-200px-logo.jpg","width":400,"height":162,"caption":"wpulitkus"},"logo":{"@id":"https:\/\/ralf100m.de\/wp-content\/uploads\/2023\/04\/ralf-200px-logo.jpg"}}]}},"_links":{"self":[{"href":"https:\/\/ralf100m.de\/es\/wp-json\/wp\/v2\/pages\/4017","targetHints":{"allow":["GET"]}}],"collection":[{"href":"https:\/\/ralf100m.de\/es\/wp-json\/wp\/v2\/pages"}],"about":[{"href":"https:\/\/ralf100m.de\/es\/wp-json\/wp\/v2\/types\/page"}],"author":[{"embeddable":true,"href":"https:\/\/ralf100m.de\/es\/wp-json\/wp\/v2\/users\/1"}],"replies":[{"embeddable":true,"href":"https:\/\/ralf100m.de\/es\/wp-json\/wp\/v2\/comments?post=4017"}],"version-history":[{"count":0,"href":"https:\/\/ralf100m.de\/es\/wp-json\/wp\/v2\/pages\/4017\/revisions"}],"wp:attachment":[{"href":"https:\/\/ralf100m.de\/es\/wp-json\/wp\/v2\/media?parent=4017"}],"curies":[{"name":"wp","href":"https:\/\/api.w.org\/{rel}","templated":true}]}}