{"id":4227,"date":"2023-03-15T19:03:13","date_gmt":"2023-03-15T18:03:13","guid":{"rendered":"https:\/\/ralf100m.de\/?post_type=product&#038;p=4227"},"modified":"2025-12-18T12:01:29","modified_gmt":"2025-12-18T11:01:29","slug":"duo-de-practicas-datev-2","status":"publish","type":"product","link":"https:\/\/ralf100m.de\/es\/produkt\/datev-praktikum-praxis-duo\/","title":{"rendered":"TK-5625-2p D\u00fao de pr\u00e1ctica"},"content":{"rendered":"<h4>Curso Datev y pr\u00e1cticas en un solo paquete<\/h4>\n<p>En nuestro seminario online de Datev en la Universidad Popular de Treptow-K\u00f6penick podr\u00e1 aprender Datev, o m\u00e1s exactamente, conocer y dominar la contabilidad financiera de DATEV. En nuestro curso de formaci\u00f3n Datev, aprender\u00e1 todo lo necesario para la contabilidad pr\u00e1ctica con <strong><a title=\"P\u00e1gina de inicio de Datev\" href=\"https:\/\/www.datev.de\/\" target=\"_blank\" rel=\"noopener noreferrer\">Datev<\/a> <\/strong>en un departamento de contabilidad o en una oficina fiscal.<br \/>\nEstamos a su disposici\u00f3n las 24 horas del d\u00eda (24\/7).<\/p>\n<p>Recibir\u00e1 material did\u00e1ctico, v\u00eddeos y tareas en la plataforma VHS. Tambi\u00e9n recibir\u00e1 acceso al software de contabilidad financiera DATEV al inscribirse.<\/p>\n<p>Como tu instructor, te apoyar\u00e9 durante todo el curso por tel\u00e9fono \/ Skype \/ WhatsApp y, si es necesario, a trav\u00e9s de la pantalla compartida.<\/p>\n<p>Con el t\u00edtulo recibir\u00e1s un <strong>Certificado <\/strong>del centro de educaci\u00f3n de adultos Treptow-K\u00f6penick de <strong>Cooperaci\u00f3n con Datev<\/strong> y se clasifican para el examen en el <strong>XPert Business <\/strong>Programa Parte 3 y para el nuevo <strong>Certificado DATEV<\/strong> en cualquier VHS local del pa\u00eds.<\/p>\n<ul>\n<li>Creaci\u00f3n de un nuevo cliente \/ datos maestros<\/li>\n<li>Procesamiento de la contabilidad en DATEV Kanzlei-Rechnungswesen<\/li>\n<li>Recibos digitales<\/li>\n<li>Copia de seguridad, importaci\u00f3n y eliminaci\u00f3n de datos contables<\/li>\n<li>An\u00e1lisis de la contabilidad financiera<\/li>\n<li>Trabajo final \/ fin de curso<\/li>\n<li>Muchos, muchos ejercicios pr\u00e1cticos<\/li>\n<\/ul>\n<p>Las pr\u00e1cticas en l\u00ednea constituyen la \u00faltima etapa de nuestra preparaci\u00f3n para convertirse en contable financiero y le preparan para el acceso inmediato al puesto de trabajo.<\/p>\n<p>Aprender\u00e1 a gestionar su trabajo diario con una gran cantidad de documentos y, sobre todo, con reservas de alta calidad.<br \/>\nCometer\u00e1 errores al principio, se entrenar\u00e1 en la resoluci\u00f3n de problemas y ganar\u00e1 precisi\u00f3n y, por tanto, confianza en los siguientes periodos de reserva.<\/p>\n<p>La contabilizaci\u00f3n se realiza con Datev bas\u00e1ndose en la contabilidad anterior (caso de ejemplo ampliado Leu) del procesador anterior y se contabiliza un total de 7 meses \/ m\u00e1s all\u00e1 del cambio de a\u00f1o (julio - enero).<\/p>\n<p>Contar\u00e1 con el apoyo del instructor del curso, que le orientar\u00e1 sobre cualquier problema y le mostrar\u00e1 c\u00f3mo resolverlo. Tambi\u00e9n hay un cliente de conciliaci\u00f3n en el que ya se han contabilizado todos los casos de reserva para que pueda comprobar los resultados.<\/p>\n<p>Con el t\u00edtulo recibir\u00e1s un <strong>Certificaci\u00f3n laboral <\/strong>del centro de educaci\u00f3n de adultos Treptow-K\u00f6penick de <strong>Cooperaci\u00f3n con Datev<\/strong> .<\/p>\n<ul>\n<li>Finalizaci\u00f3n de la contabilidad financiera en curso con DATEV Kanzlei-Rechnungswesen<\/li>\n<li>Preparaci\u00f3n e introducci\u00f3n de los estados financieros anuales por parte del asesor fiscal<\/li>\n<li>Facturas entrantes y salientes \/ nacionales, de la UE, de terceros pa\u00edses<\/li>\n<li>Cobros y pagos<\/li>\n<li>Anuncios de sueldos y salarios<\/li>\n<li>Recibos digitales<\/li>\n<li>Extractos de caja y tarjetas de cr\u00e9dito<\/li>\n<li>Votaci\u00f3n de las cuestiones pendientes<\/li>\n<li>Declaraciones anticipadas del impuesto sobre las ventas<\/li>\n<li>Contabilidad de activos (inventario, amortizaci\u00f3n mensual)<\/li>\n<li>Periodificaciones durante el ejercicio Provisiones\/reversiones<\/li>\n<li>Solicitud de anticipo\/pago\/factura final<\/li>\n<li>EMC y p\u00e9rdidas de cr\u00e9ditos durante el ejercicio<\/li>\n<li>Verificaci\u00f3n de facturas \/ coherencia contable<\/li>\n<li>Balance de apertura Presentaciones<\/li>\n<li>Autochequeo \/ conciliaci\u00f3n de cuentas \/ resoluci\u00f3n de problemas<\/li>\n<li>Preparaci\u00f3n de documentos a petici\u00f3n de terceros<\/li>\n<li>Preparaci\u00f3n de los estados financieros anuales<\/li>\n<\/ul>\n<p>Encontrar\u00e1 los requisitos para una reducci\u00f3n del precio del curso\u00a0<a href=\"https:\/\/tinyurl.com\/y7wbb46p\"><strong>aqu\u00ed<\/strong><\/a>.<br \/>\nLos descuentos s\u00f3lo pueden obtenerse directamente de la SHV a trav\u00e9s de\u00a0<a href=\"http:\/\/ralf100m.de\/es\/Kursanmeldung%20%2B%20Datenschutz.pdf\/\" target=\"_blank\" rel=\"noopener\"><strong>Formulario<\/strong><\/a>\u00a0se pueden reservar.<\/p>\n<p>Rell\u00e9nelo y env\u00edelo a anmeldung@vhstk.de \/ env\u00edeme una copia a m\u00ed (info@ralf100m.de).<\/p>","protected":false},"excerpt":{"rendered":"<h4>Curso Datev y pr\u00e1cticas en un solo paquete<\/h4>\n<p>En determinadas condiciones, la Universidad Popular concede una reducci\u00f3n del precio del curso -&gt; 409<br \/>\nEncontrar\u00e1 los requisitos para una reducci\u00f3n del precio del curso\u00a0<a href=\"https:\/\/tinyurl.com\/y7wbb46p\"><strong>aqu\u00ed<\/strong><\/a>.<\/p>\n<p>Los descuentos s\u00f3lo pueden obtenerse directamente de la SHV a trav\u00e9s de\u00a0<a href=\"http:\/\/ralf100m.de\/es\/Kursanmeldung%20%2B%20Datenschutz.pdf\/\" target=\"_blank\" rel=\"noopener\"><strong>Formulario<\/strong><\/a>\u00a0se pueden reservar.<\/p>\n<p>\u00a1Por favor, rellene y devuelva a anmeldung@vhstk.de \/ env\u00edeme una copia (info@ralf100m.de) y adjunte el comprobante del descuento \/ ! <strong>S\u00f3lo se aplica a las inscripciones con descuento.<\/strong><\/p>\n<p>&nbsp;<\/p>","protected":false},"featured_media":4194,"template":"","meta":[],"product_brand":[],"product_cat":[37],"product_tag":[],"class_list":{"0":"post-4227","1":"product","2":"type-product","3":"status-publish","4":"has-post-thumbnail","6":"product_cat-vhs-online-kurse","8":"first","9":"instock","10":"virtual","11":"taxable","12":"purchasable","13":"product-type-simple"},"yoast_head":"<!-- This site is optimized with the Yoast SEO plugin v27.5 - https:\/\/yoast.com\/product\/yoast-seo-wordpress\/ -->\n<title>TK-5625-2p Praxis Duo - Ralf 100M<\/title>\n<meta name=\"robots\" content=\"index, follow, max-snippet:-1, max-image-preview:large, max-video-preview:-1\" \/>\n<link rel=\"canonical\" href=\"https:\/\/ralf100m.de\/es\/producto\/duo-de-practicas-datev-2\/\" \/>\n<meta property=\"og:locale\" content=\"es_ES\" \/>\n<meta property=\"og:type\" content=\"article\" \/>\n<meta property=\"og:title\" content=\"TK-5625-2p Praxis Duo - Ralf 100M\" \/>\n<meta property=\"og:description\" content=\"Datev Kurs und Praktikum in einem\u00a0 Paket Unter bestimmten Voraussetzungen gew\u00e4hrt die VHS Kurspreiserm\u00e4\u00dfigung -&gt; 409 \u20ac Die Voraussetzungen f\u00fcr eine Kurspreiserm\u00e4\u00dfigung findest Du\u00a0hier.  Erm\u00e4\u00dfigungen k\u00f6nnen nur direkt \u00fcber die VHS per\u00a0Formular\u00a0gebucht werden.  Bitte ausgef\u00fcllt an anmeldung@vhstk.de \/ Kopie an mich (info@ralf100m.de) schicken und den Erm\u00e4\u00dfigungsnachweis mitsenden \/ ! Betrifft nur Anmeldungen mit Erm\u00e4\u00dfigung !  &nbsp;\" \/>\n<meta property=\"og:url\" content=\"https:\/\/ralf100m.de\/es\/producto\/duo-de-practicas-datev-2\/\" \/>\n<meta property=\"og:site_name\" content=\"Ralf 100M\" \/>\n<meta property=\"article:modified_time\" content=\"2025-12-18T11:01:29+00:00\" \/>\n<meta property=\"og:image\" content=\"https:\/\/ralf100m.de\/wp-content\/uploads\/2023\/03\/Datev-Praktikum-Praxis-Duo.png\" \/>\n\t<meta property=\"og:image:width\" content=\"1292\" \/>\n\t<meta property=\"og:image:height\" content=\"1290\" \/>\n\t<meta property=\"og:image:type\" content=\"image\/png\" \/>\n<meta name=\"twitter:card\" content=\"summary_large_image\" \/>\n<meta name=\"twitter:label1\" content=\"Tiempo de lectura\" \/>\n\t<meta name=\"twitter:data1\" content=\"3 minutos\" \/>\n<script type=\"application\/ld+json\" class=\"yoast-schema-graph\">{\"@context\":\"https:\\\/\\\/schema.org\",\"@graph\":[{\"@type\":\"WebPage\",\"@id\":\"https:\\\/\\\/ralf100m.de\\\/produkt\\\/datev-praktikum-praxis-duo\\\/\",\"url\":\"https:\\\/\\\/ralf100m.de\\\/produkt\\\/datev-praktikum-praxis-duo\\\/\",\"name\":\"TK-5625-2p Praxis Duo - Ralf 100M\",\"isPartOf\":{\"@id\":\"https:\\\/\\\/ralf100m.de\\\/#website\"},\"primaryImageOfPage\":{\"@id\":\"https:\\\/\\\/ralf100m.de\\\/produkt\\\/datev-praktikum-praxis-duo\\\/#primaryimage\"},\"image\":{\"@id\":\"https:\\\/\\\/ralf100m.de\\\/produkt\\\/datev-praktikum-praxis-duo\\\/#primaryimage\"},\"thumbnailUrl\":\"https:\\\/\\\/ralf100m.de\\\/wp-content\\\/uploads\\\/2023\\\/03\\\/Datev-Praktikum-Praxis-Duo.png\",\"datePublished\":\"2023-03-15T18:03:13+00:00\",\"dateModified\":\"2025-12-18T11:01:29+00:00\",\"breadcrumb\":{\"@id\":\"https:\\\/\\\/ralf100m.de\\\/produkt\\\/datev-praktikum-praxis-duo\\\/#breadcrumb\"},\"inLanguage\":\"es\",\"potentialAction\":[{\"@type\":\"ReadAction\",\"target\":[\"https:\\\/\\\/ralf100m.de\\\/produkt\\\/datev-praktikum-praxis-duo\\\/\"]}]},{\"@type\":\"ImageObject\",\"inLanguage\":\"es\",\"@id\":\"https:\\\/\\\/ralf100m.de\\\/produkt\\\/datev-praktikum-praxis-duo\\\/#primaryimage\",\"url\":\"https:\\\/\\\/ralf100m.de\\\/wp-content\\\/uploads\\\/2023\\\/03\\\/Datev-Praktikum-Praxis-Duo.png\",\"contentUrl\":\"https:\\\/\\\/ralf100m.de\\\/wp-content\\\/uploads\\\/2023\\\/03\\\/Datev-Praktikum-Praxis-Duo.png\",\"width\":1292,\"height\":1290},{\"@type\":\"BreadcrumbList\",\"@id\":\"https:\\\/\\\/ralf100m.de\\\/produkt\\\/datev-praktikum-praxis-duo\\\/#breadcrumb\",\"itemListElement\":[{\"@type\":\"ListItem\",\"position\":1,\"name\":\"Startseite\",\"item\":\"https:\\\/\\\/ralf100m.de\\\/\"},{\"@type\":\"ListItem\",\"position\":2,\"name\":\"Shop\",\"item\":\"https:\\\/\\\/ralf100m.de\\\/shop\\\/\"},{\"@type\":\"ListItem\",\"position\":3,\"name\":\"TK-5625-2p Praxis Duo\"}]},{\"@type\":\"WebSite\",\"@id\":\"https:\\\/\\\/ralf100m.de\\\/#website\",\"url\":\"https:\\\/\\\/ralf100m.de\\\/\",\"name\":\"Ralf 100M\",\"description\":\"\",\"publisher\":{\"@id\":\"https:\\\/\\\/ralf100m.de\\\/#\\\/schema\\\/person\\\/144d88d0c18fb8f5e6bd155752132c23\"},\"potentialAction\":[{\"@type\":\"SearchAction\",\"target\":{\"@type\":\"EntryPoint\",\"urlTemplate\":\"https:\\\/\\\/ralf100m.de\\\/?s={search_term_string}\"},\"query-input\":{\"@type\":\"PropertyValueSpecification\",\"valueRequired\":true,\"valueName\":\"search_term_string\"}}],\"inLanguage\":\"es\"},{\"@type\":[\"Person\",\"Organization\"],\"@id\":\"https:\\\/\\\/ralf100m.de\\\/#\\\/schema\\\/person\\\/144d88d0c18fb8f5e6bd155752132c23\",\"name\":\"wpulitkus\",\"image\":{\"@type\":\"ImageObject\",\"inLanguage\":\"es\",\"@id\":\"https:\\\/\\\/ralf100m.de\\\/wp-content\\\/uploads\\\/2023\\\/04\\\/ralf-200px-logo.jpg\",\"url\":\"https:\\\/\\\/ralf100m.de\\\/wp-content\\\/uploads\\\/2023\\\/04\\\/ralf-200px-logo.jpg\",\"contentUrl\":\"https:\\\/\\\/ralf100m.de\\\/wp-content\\\/uploads\\\/2023\\\/04\\\/ralf-200px-logo.jpg\",\"width\":400,\"height\":162,\"caption\":\"wpulitkus\"},\"logo\":{\"@id\":\"https:\\\/\\\/ralf100m.de\\\/wp-content\\\/uploads\\\/2023\\\/04\\\/ralf-200px-logo.jpg\"}}]}<\/script>\n<!-- \/ Yoast SEO plugin. -->","yoast_head_json":{"title":"TK-5625-2p D\u00fao de pr\u00e1ctica - Ralf 100M","robots":{"index":"index","follow":"follow","max-snippet":"max-snippet:-1","max-image-preview":"max-image-preview:large","max-video-preview":"max-video-preview:-1"},"canonical":"https:\/\/ralf100m.de\/es\/producto\/duo-de-practicas-datev-2\/","og_locale":"es_ES","og_type":"article","og_title":"TK-5625-2p Praxis Duo - Ralf 100M","og_description":"Datev Kurs und Praktikum in einem\u00a0 Paket Unter bestimmten Voraussetzungen gew\u00e4hrt die VHS Kurspreiserm\u00e4\u00dfigung -&gt; 409 \u20ac Die Voraussetzungen f\u00fcr eine Kurspreiserm\u00e4\u00dfigung findest Du\u00a0hier.  Erm\u00e4\u00dfigungen k\u00f6nnen nur direkt \u00fcber die VHS per\u00a0Formular\u00a0gebucht werden.  Bitte ausgef\u00fcllt an anmeldung@vhstk.de \/ Kopie an mich (info@ralf100m.de) schicken und den Erm\u00e4\u00dfigungsnachweis mitsenden \/ ! Betrifft nur Anmeldungen mit Erm\u00e4\u00dfigung !  &nbsp;","og_url":"https:\/\/ralf100m.de\/es\/producto\/duo-de-practicas-datev-2\/","og_site_name":"Ralf 100M","article_modified_time":"2025-12-18T11:01:29+00:00","og_image":[{"width":1292,"height":1290,"url":"https:\/\/ralf100m.de\/wp-content\/uploads\/2023\/03\/Datev-Praktikum-Praxis-Duo.png","type":"image\/png"}],"twitter_card":"summary_large_image","twitter_misc":{"Tiempo de lectura":"3 minutos"},"schema":{"@context":"https:\/\/schema.org","@graph":[{"@type":"WebPage","@id":"https:\/\/ralf100m.de\/produkt\/datev-praktikum-praxis-duo\/","url":"https:\/\/ralf100m.de\/produkt\/datev-praktikum-praxis-duo\/","name":"TK-5625-2p D\u00fao de pr\u00e1ctica - Ralf 100M","isPartOf":{"@id":"https:\/\/ralf100m.de\/#website"},"primaryImageOfPage":{"@id":"https:\/\/ralf100m.de\/produkt\/datev-praktikum-praxis-duo\/#primaryimage"},"image":{"@id":"https:\/\/ralf100m.de\/produkt\/datev-praktikum-praxis-duo\/#primaryimage"},"thumbnailUrl":"https:\/\/ralf100m.de\/wp-content\/uploads\/2023\/03\/Datev-Praktikum-Praxis-Duo.png","datePublished":"2023-03-15T18:03:13+00:00","dateModified":"2025-12-18T11:01:29+00:00","breadcrumb":{"@id":"https:\/\/ralf100m.de\/produkt\/datev-praktikum-praxis-duo\/#breadcrumb"},"inLanguage":"es","potentialAction":[{"@type":"ReadAction","target":["https:\/\/ralf100m.de\/produkt\/datev-praktikum-praxis-duo\/"]}]},{"@type":"ImageObject","inLanguage":"es","@id":"https:\/\/ralf100m.de\/produkt\/datev-praktikum-praxis-duo\/#primaryimage","url":"https:\/\/ralf100m.de\/wp-content\/uploads\/2023\/03\/Datev-Praktikum-Praxis-Duo.png","contentUrl":"https:\/\/ralf100m.de\/wp-content\/uploads\/2023\/03\/Datev-Praktikum-Praxis-Duo.png","width":1292,"height":1290},{"@type":"BreadcrumbList","@id":"https:\/\/ralf100m.de\/produkt\/datev-praktikum-praxis-duo\/#breadcrumb","itemListElement":[{"@type":"ListItem","position":1,"name":"Startseite","item":"https:\/\/ralf100m.de\/"},{"@type":"ListItem","position":2,"name":"Shop","item":"https:\/\/ralf100m.de\/shop\/"},{"@type":"ListItem","position":3,"name":"TK-5625-2p Praxis Duo"}]},{"@type":"WebSite","@id":"https:\/\/ralf100m.de\/#website","url":"https:\/\/ralf100m.de\/","name":"Ralf 100M","description":"","publisher":{"@id":"https:\/\/ralf100m.de\/#\/schema\/person\/144d88d0c18fb8f5e6bd155752132c23"},"potentialAction":[{"@type":"SearchAction","target":{"@type":"EntryPoint","urlTemplate":"https:\/\/ralf100m.de\/?s={search_term_string}"},"query-input":{"@type":"PropertyValueSpecification","valueRequired":true,"valueName":"search_term_string"}}],"inLanguage":"es"},{"@type":["Person","Organization"],"@id":"https:\/\/ralf100m.de\/#\/schema\/person\/144d88d0c18fb8f5e6bd155752132c23","name":"wpulitcus","image":{"@type":"ImageObject","inLanguage":"es","@id":"https:\/\/ralf100m.de\/wp-content\/uploads\/2023\/04\/ralf-200px-logo.jpg","url":"https:\/\/ralf100m.de\/wp-content\/uploads\/2023\/04\/ralf-200px-logo.jpg","contentUrl":"https:\/\/ralf100m.de\/wp-content\/uploads\/2023\/04\/ralf-200px-logo.jpg","width":400,"height":162,"caption":"wpulitkus"},"logo":{"@id":"https:\/\/ralf100m.de\/wp-content\/uploads\/2023\/04\/ralf-200px-logo.jpg"}}]}},"_links":{"self":[{"href":"https:\/\/ralf100m.de\/es\/wp-json\/wp\/v2\/product\/4227","targetHints":{"allow":["GET"]}}],"collection":[{"href":"https:\/\/ralf100m.de\/es\/wp-json\/wp\/v2\/product"}],"about":[{"href":"https:\/\/ralf100m.de\/es\/wp-json\/wp\/v2\/types\/product"}],"wp:featuredmedia":[{"embeddable":true,"href":"https:\/\/ralf100m.de\/es\/wp-json\/wp\/v2\/media\/4194"}],"wp:attachment":[{"href":"https:\/\/ralf100m.de\/es\/wp-json\/wp\/v2\/media?parent=4227"}],"wp:term":[{"taxonomy":"product_brand","embeddable":true,"href":"https:\/\/ralf100m.de\/es\/wp-json\/wp\/v2\/product_brand?post=4227"},{"taxonomy":"product_cat","embeddable":true,"href":"https:\/\/ralf100m.de\/es\/wp-json\/wp\/v2\/product_cat?post=4227"},{"taxonomy":"product_tag","embeddable":true,"href":"https:\/\/ralf100m.de\/es\/wp-json\/wp\/v2\/product_tag?post=4227"}],"curies":[{"name":"wp","href":"https:\/\/api.w.org\/{rel}","templated":true}]}}