{"id":4250,"date":"2023-03-19T19:00:09","date_gmt":"2023-03-19T18:00:09","guid":{"rendered":"https:\/\/ralf100m.de\/?post_type=product&#038;p=4250"},"modified":"2025-12-18T11:50:02","modified_gmt":"2025-12-18T10:50:02","slug":"5614-3p","status":"publish","type":"product","link":"https:\/\/ralf100m.de\/es\/producto\/5614-3p\/","title":{"rendered":"TK-5614-3p Fibu 1 y 2 y Datev en paquete de 3"},"content":{"rendered":"<h4>Fibu 1 + 2 + Datev en un pack de 3 (duraci\u00f3n del curso 240 d\u00edas a partir de la inscripci\u00f3n)<\/h4>\n<p><strong>Fibu 1<\/strong><\/p>\n<ul>\n<li>Base jur\u00eddica<\/li>\n<li>Inventario y balance<\/li>\n<li>Cuentas de balance<\/li>\n<li>Cuentas de resultados<\/li>\n<li>Organizaci\u00f3n contable<\/li>\n<li>Sistema del IVA<\/li>\n<li>Cuentas privadas<\/li>\n<li>Costes no deducibles\/deducibles limitados Gastos<\/li>\n<li>Ejercicios<\/li>\n<\/ul>\n<p><strong>Fibu2<\/strong><\/p>\n<ul>\n<li>Particularidades para las empresas de producci\u00f3n<\/li>\n<li>Contabilizaci\u00f3n de productos\/servicios acabados y no acabados<\/li>\n<li>Contenido de los estados financieros anuales<\/li>\n<li>Principios contables<\/li>\n<li>Aplazamientos materiales y temporales de gastos e ingresos<\/li>\n<li>Operaciones imponibles y exentas de impuestos<\/li>\n<li>Anulaci\u00f3n de la deuda tributaria<\/li>\n<li>Pa\u00edses extranjeros sujetos al IVA; transacciones de bienes con el resto de la Comunidad y terceros pa\u00edses<\/li>\n<li>Anticipos recibidos y efectuados<\/li>\n<li>Normas de valoraci\u00f3n del inmovilizado y del circulante seg\u00fan el derecho mercantil y fiscal \/normas de valoraci\u00f3n \/depreciaci\u00f3n y amortizaci\u00f3n<\/li>\n<li>Traslado de la amortizaci\u00f3n fiscal \/ contabilizaci\u00f3n y anulaci\u00f3n del importe de la deducci\u00f3n por inversi\u00f3n;<\/li>\n<li>Valoraci\u00f3n de existencias y cr\u00e9ditos<\/li>\n<li>Capital reconocido en el balance<\/li>\n<li>Contabilizaci\u00f3n y reversi\u00f3n de provisiones<\/li>\n<li>Valoraci\u00f3n del pasivo<\/li>\n<li>Muchos, muchos ejercicios<\/li>\n<\/ul>\n<p><strong>Datev<\/strong><\/p>\n<ul>\n<li>Creaci\u00f3n de un nuevo cliente \/ datos maestros<\/li>\n<li>Procesamiento de la contabilidad en DATEV Kanzlei-Rechnungswesen<\/li>\n<li>Recibos digitales<\/li>\n<li>Copia de seguridad, importaci\u00f3n y eliminaci\u00f3n de datos contables<\/li>\n<li>An\u00e1lisis de la contabilidad financiera<\/li>\n<li>Trabajo final \/ fin de curso<\/li>\n<li>Muchos, muchos ejercicios pr\u00e1cticos<\/li>\n<\/ul>\n<p><strong>Para los cursos Fibu 1 y 2 necesita un libro de texto cada uno<\/strong>que <strong>Usted no directamente con nosotros<\/strong> puede adquirir.<\/p>\n<p>Contabilidad Financiera 1 Libro de texto por Eva-Verena Hernandez<br \/>\n978-386718-500-4 (ISBN)<\/p>\n<p>que puede encargar directamente a Edumedia Verlag (a veces con plazos de espera m\u00e1s largos)<\/p>\n<p>https:\/\/www.edumedia.de\/shop\/thema.html?gruppe=1&thema=1#content<\/p>\n<p>O en Amazon<\/p>\n<div class=\"brlbs-cmpnt-container brlbs-cmpnt-content-blocker brlbs-cmpnt-with-individual-styles\" data-borlabs-cookie-content-blocker-id=\"default\" data-borlabs-cookie-content=\"PGlmcmFtZSB0aXRsZT0iRmluYW56YnVjaGbDvGhydW5nIDEiIHR5cGU9InRleHQvaHRtbCIgd2lkdGg9IjUwMCIgaGVpZ2h0PSI1NTAiIGZyYW1lYm9yZGVyPSIwIiBhbGxvd2Z1bGxzY3JlZW4gc3R5bGU9Im1heC13aWR0aDoxMDAlIiBzcmM9Imh0dHBzOi8vbGVzZW4uYW1hem9uLmRlL2twL2NhcmQ\/cHJldmlldz1pbmxpbmUmbGlua0NvZGU9a3BkJnJlZl89azR3X29lbWJlZF9iUURFVmc5dFZFYlpnNyZhc2luPTM4NjcxODUwMFgmdGFnPWtwZW1iZWQtMjAiPjwvaWZyYW1lPg==\">\n<div class=\"brlbs-cmpnt-cb-preset-a\">\n<p class=\"brlbs-cmpnt-cb-description\">Est\u00e1s viendo un contenido de marcador de posici\u00f3n de <strong>Predeterminado<\/strong>. Para acceder al contenido real, haz clic en el siguiente bot\u00f3n. Ten en cuenta que al hacerlo compartir\u00e1s datos con terceros proveedores.<\/p>\n<div class=\"brlbs-cmpnt-cb-buttons\"> <a class=\"brlbs-cmpnt-cb-btn\" href=\"#\" data-borlabs-cookie-unblock role=\"button\">Desbloquear contenido<\/a> <a class=\"brlbs-cmpnt-cb-btn\" href=\"#\" data-borlabs-cookie-accept-service role=\"button\" style=\"display: none\">Aceptar el servicio requerido y desbloquear los contenidos<\/a> <\/div>\n<p> <a class=\"brlbs-cmpnt-cb-provider-toggle\" href=\"#\" data-borlabs-cookie-show-provider-information role=\"button\">M\u00e1s informaci\u00f3n<\/a> <\/div>\n<\/div>\n<p>o Lehmanns<\/p>\n<p>https:\/\/www.lehmanns.de\/shop\/wirtschaft\/7907233-9783867185004-finanzbuchfuehrung-1<\/p>\n<p>analaog Fibu 2 978-386718-501-1 (ISBN)<\/p>\n<p>No se necesitan libros adicionales para los cursos Datev y Lexware ni para el curso pr\u00e1ctico de contabilidad. Todos los documentos se proporcionan en el curso.<\/p>\n<p>&nbsp;<\/p>\n<p>Encontrar\u00e1 los requisitos para una reducci\u00f3n del precio del curso\u00a0<a href=\"https:\/\/tinyurl.com\/y7wbb46p\"><strong>aqu\u00ed<\/strong><\/a>.<br \/>\nLos descuentos s\u00f3lo pueden obtenerse directamente de la SHV a trav\u00e9s de\u00a0<a href=\"http:\/\/ralf100m.de\/es\/Kursanmeldung%20%2B%20Datenschutz.pdf\/\" target=\"_blank\" rel=\"noopener\"><strong>Formulario<\/strong><\/a>\u00a0se pueden reservar.<\/p>\n<p>Rell\u00e9nelo y env\u00edelo a anmeldung@vhstk.de \/ env\u00edeme una copia a m\u00ed (info@ralf100m.de).<\/p>","protected":false},"excerpt":{"rendered":"<p>Fibu 1 + 2 + Datev im 3-er Pack (Kurslaufzeit 240 Tage ab Anmeldung) Fibu 1 Gesetzliche Grundlagen Inventar und Bilanz Bestandskonten Erfolgskonten Buchf\u00fchrungsorganisation Umsatzsteuersystematik Privatkonten Nicht abzugsf\u00e4hige\/ beschr\u00e4nkt abzugsf. Kosten \u00dcbungen Fibu2 Besonderheiten bei Produktionsbetrieben Buchen unfertiger und fertiger Erzeugnisse\/Leistungen Inhalte des Jahresabschlusses Bilanzierungsgrunds\u00e4tze Sachliche und zeitliche Abgrenzungen von Aufwendungen und Ertr\u00e4gen Steuerpflichtige und steuerfreie Ums\u00e4tze Umkehr der Steuerschuldnerschaft Umsatzsteuerrechtliches Ausland; Warengesch\u00e4fte mit dem \u00fcbrigen Gemeinschaftsgebiet und dem Drittlandsgebiet Erhaltene und geleistete Anzahlungen Handels- und steuerrechtliche Bewertungsvorschriften des Anlage- [&hellip;]<\/p>","protected":false},"featured_media":4195,"template":"","meta":[],"product_brand":[],"product_cat":[37],"product_tag":[],"class_list":{"0":"post-4250","1":"product","2":"type-product","3":"status-publish","4":"has-post-thumbnail","6":"product_cat-vhs-online-kurse","8":"first","9":"instock","10":"virtual","11":"taxable","12":"purchasable","13":"product-type-simple"},"yoast_head":"<!-- This site is optimized with the Yoast SEO plugin v27.4 - https:\/\/yoast.com\/product\/yoast-seo-wordpress\/ -->\n<title>TK-5614-3p Fibu 1 &amp; 2 &amp; Datev im 3- er Pack - Ralf 100M<\/title>\n<meta name=\"robots\" content=\"index, follow, max-snippet:-1, max-image-preview:large, max-video-preview:-1\" \/>\n<link rel=\"canonical\" href=\"https:\/\/ralf100m.de\/es\/producto\/5614-3p\/\" \/>\n<meta property=\"og:locale\" content=\"es_ES\" \/>\n<meta property=\"og:type\" content=\"article\" \/>\n<meta property=\"og:title\" content=\"TK-5614-3p Fibu 1 &amp; 2 &amp; Datev im 3- er Pack - Ralf 100M\" \/>\n<meta property=\"og:description\" content=\"Fibu 1 + 2 + Datev im 3-er Pack (Kurslaufzeit 240 Tage ab Anmeldung) Fibu 1 Gesetzliche Grundlagen Inventar und Bilanz Bestandskonten Erfolgskonten Buchf\u00fchrungsorganisation Umsatzsteuersystematik Privatkonten Nicht abzugsf\u00e4hige\/ beschr\u00e4nkt abzugsf. Kosten \u00dcbungen Fibu2 Besonderheiten bei Produktionsbetrieben Buchen unfertiger und fertiger Erzeugnisse\/Leistungen Inhalte des Jahresabschlusses Bilanzierungsgrunds\u00e4tze Sachliche und zeitliche Abgrenzungen von Aufwendungen und Ertr\u00e4gen Steuerpflichtige und steuerfreie Ums\u00e4tze Umkehr der Steuerschuldnerschaft Umsatzsteuerrechtliches Ausland; Warengesch\u00e4fte mit dem \u00fcbrigen Gemeinschaftsgebiet und dem Drittlandsgebiet Erhaltene und geleistete Anzahlungen Handels- und steuerrechtliche Bewertungsvorschriften des Anlage- [&hellip;]\" \/>\n<meta property=\"og:url\" content=\"https:\/\/ralf100m.de\/es\/producto\/5614-3p\/\" \/>\n<meta property=\"og:site_name\" content=\"Ralf 100M\" \/>\n<meta property=\"article:modified_time\" content=\"2025-12-18T10:50:02+00:00\" \/>\n<meta property=\"og:image\" content=\"https:\/\/ralf100m.de\/wp-content\/uploads\/2023\/03\/FiBu-12Datev.png\" \/>\n\t<meta property=\"og:image:width\" content=\"1300\" \/>\n\t<meta property=\"og:image:height\" content=\"1290\" \/>\n\t<meta property=\"og:image:type\" content=\"image\/png\" \/>\n<meta name=\"twitter:card\" content=\"summary_large_image\" \/>\n<meta name=\"twitter:label1\" content=\"Tiempo de lectura\" \/>\n\t<meta name=\"twitter:data1\" content=\"2 minutos\" \/>\n<script type=\"application\/ld+json\" class=\"yoast-schema-graph\">{\"@context\":\"https:\\\/\\\/schema.org\",\"@graph\":[{\"@type\":\"WebPage\",\"@id\":\"https:\\\/\\\/ralf100m.de\\\/produkt\\\/5614-3p\\\/\",\"url\":\"https:\\\/\\\/ralf100m.de\\\/produkt\\\/5614-3p\\\/\",\"name\":\"TK-5614-3p Fibu 1 & 2 & Datev im 3- er Pack - Ralf 100M\",\"isPartOf\":{\"@id\":\"https:\\\/\\\/ralf100m.de\\\/#website\"},\"primaryImageOfPage\":{\"@id\":\"https:\\\/\\\/ralf100m.de\\\/produkt\\\/5614-3p\\\/#primaryimage\"},\"image\":{\"@id\":\"https:\\\/\\\/ralf100m.de\\\/produkt\\\/5614-3p\\\/#primaryimage\"},\"thumbnailUrl\":\"https:\\\/\\\/ralf100m.de\\\/wp-content\\\/uploads\\\/2023\\\/03\\\/FiBu-12Datev.png\",\"datePublished\":\"2023-03-19T18:00:09+00:00\",\"dateModified\":\"2025-12-18T10:50:02+00:00\",\"breadcrumb\":{\"@id\":\"https:\\\/\\\/ralf100m.de\\\/produkt\\\/5614-3p\\\/#breadcrumb\"},\"inLanguage\":\"es\",\"potentialAction\":[{\"@type\":\"ReadAction\",\"target\":[\"https:\\\/\\\/ralf100m.de\\\/produkt\\\/5614-3p\\\/\"]}]},{\"@type\":\"ImageObject\",\"inLanguage\":\"es\",\"@id\":\"https:\\\/\\\/ralf100m.de\\\/produkt\\\/5614-3p\\\/#primaryimage\",\"url\":\"https:\\\/\\\/ralf100m.de\\\/wp-content\\\/uploads\\\/2023\\\/03\\\/FiBu-12Datev.png\",\"contentUrl\":\"https:\\\/\\\/ralf100m.de\\\/wp-content\\\/uploads\\\/2023\\\/03\\\/FiBu-12Datev.png\",\"width\":1300,\"height\":1290},{\"@type\":\"BreadcrumbList\",\"@id\":\"https:\\\/\\\/ralf100m.de\\\/produkt\\\/5614-3p\\\/#breadcrumb\",\"itemListElement\":[{\"@type\":\"ListItem\",\"position\":1,\"name\":\"Startseite\",\"item\":\"https:\\\/\\\/ralf100m.de\\\/\"},{\"@type\":\"ListItem\",\"position\":2,\"name\":\"Shop\",\"item\":\"https:\\\/\\\/ralf100m.de\\\/shop\\\/\"},{\"@type\":\"ListItem\",\"position\":3,\"name\":\"TK-5614-3p Fibu 1 &#038; 2 &#038; Datev im 3- er Pack\"}]},{\"@type\":\"WebSite\",\"@id\":\"https:\\\/\\\/ralf100m.de\\\/#website\",\"url\":\"https:\\\/\\\/ralf100m.de\\\/\",\"name\":\"Ralf 100M\",\"description\":\"\",\"publisher\":{\"@id\":\"https:\\\/\\\/ralf100m.de\\\/#\\\/schema\\\/person\\\/144d88d0c18fb8f5e6bd155752132c23\"},\"potentialAction\":[{\"@type\":\"SearchAction\",\"target\":{\"@type\":\"EntryPoint\",\"urlTemplate\":\"https:\\\/\\\/ralf100m.de\\\/?s={search_term_string}\"},\"query-input\":{\"@type\":\"PropertyValueSpecification\",\"valueRequired\":true,\"valueName\":\"search_term_string\"}}],\"inLanguage\":\"es\"},{\"@type\":[\"Person\",\"Organization\"],\"@id\":\"https:\\\/\\\/ralf100m.de\\\/#\\\/schema\\\/person\\\/144d88d0c18fb8f5e6bd155752132c23\",\"name\":\"wpulitkus\",\"image\":{\"@type\":\"ImageObject\",\"inLanguage\":\"es\",\"@id\":\"https:\\\/\\\/ralf100m.de\\\/wp-content\\\/uploads\\\/2023\\\/04\\\/ralf-200px-logo.jpg\",\"url\":\"https:\\\/\\\/ralf100m.de\\\/wp-content\\\/uploads\\\/2023\\\/04\\\/ralf-200px-logo.jpg\",\"contentUrl\":\"https:\\\/\\\/ralf100m.de\\\/wp-content\\\/uploads\\\/2023\\\/04\\\/ralf-200px-logo.jpg\",\"width\":400,\"height\":162,\"caption\":\"wpulitkus\"},\"logo\":{\"@id\":\"https:\\\/\\\/ralf100m.de\\\/wp-content\\\/uploads\\\/2023\\\/04\\\/ralf-200px-logo.jpg\"}}]}<\/script>\n<!-- \/ Yoast SEO plugin. -->","yoast_head_json":{"title":"TK-5614-3p Fibu 1 &amp; 2 &amp; Datev en paquete de 3 - Ralf 100M","robots":{"index":"index","follow":"follow","max-snippet":"max-snippet:-1","max-image-preview":"max-image-preview:large","max-video-preview":"max-video-preview:-1"},"canonical":"https:\/\/ralf100m.de\/es\/producto\/5614-3p\/","og_locale":"es_ES","og_type":"article","og_title":"TK-5614-3p Fibu 1 & 2 & Datev im 3- er Pack - Ralf 100M","og_description":"Fibu 1 + 2 + Datev im 3-er Pack (Kurslaufzeit 240 Tage ab Anmeldung) Fibu 1 Gesetzliche Grundlagen Inventar und Bilanz Bestandskonten Erfolgskonten Buchf\u00fchrungsorganisation Umsatzsteuersystematik Privatkonten Nicht abzugsf\u00e4hige\/ beschr\u00e4nkt abzugsf. Kosten \u00dcbungen Fibu2 Besonderheiten bei Produktionsbetrieben Buchen unfertiger und fertiger Erzeugnisse\/Leistungen Inhalte des Jahresabschlusses Bilanzierungsgrunds\u00e4tze Sachliche und zeitliche Abgrenzungen von Aufwendungen und Ertr\u00e4gen Steuerpflichtige und steuerfreie Ums\u00e4tze Umkehr der Steuerschuldnerschaft Umsatzsteuerrechtliches Ausland; Warengesch\u00e4fte mit dem \u00fcbrigen Gemeinschaftsgebiet und dem Drittlandsgebiet Erhaltene und geleistete Anzahlungen Handels- und steuerrechtliche Bewertungsvorschriften des Anlage- [&hellip;]","og_url":"https:\/\/ralf100m.de\/es\/producto\/5614-3p\/","og_site_name":"Ralf 100M","article_modified_time":"2025-12-18T10:50:02+00:00","og_image":[{"width":1300,"height":1290,"url":"https:\/\/ralf100m.de\/wp-content\/uploads\/2023\/03\/FiBu-12Datev.png","type":"image\/png"}],"twitter_card":"summary_large_image","twitter_misc":{"Tiempo de lectura":"2 minutos"},"schema":{"@context":"https:\/\/schema.org","@graph":[{"@type":"WebPage","@id":"https:\/\/ralf100m.de\/produkt\/5614-3p\/","url":"https:\/\/ralf100m.de\/produkt\/5614-3p\/","name":"TK-5614-3p Fibu 1 &amp; 2 &amp; Datev en paquete de 3 - Ralf 100M","isPartOf":{"@id":"https:\/\/ralf100m.de\/#website"},"primaryImageOfPage":{"@id":"https:\/\/ralf100m.de\/produkt\/5614-3p\/#primaryimage"},"image":{"@id":"https:\/\/ralf100m.de\/produkt\/5614-3p\/#primaryimage"},"thumbnailUrl":"https:\/\/ralf100m.de\/wp-content\/uploads\/2023\/03\/FiBu-12Datev.png","datePublished":"2023-03-19T18:00:09+00:00","dateModified":"2025-12-18T10:50:02+00:00","breadcrumb":{"@id":"https:\/\/ralf100m.de\/produkt\/5614-3p\/#breadcrumb"},"inLanguage":"es","potentialAction":[{"@type":"ReadAction","target":["https:\/\/ralf100m.de\/produkt\/5614-3p\/"]}]},{"@type":"ImageObject","inLanguage":"es","@id":"https:\/\/ralf100m.de\/produkt\/5614-3p\/#primaryimage","url":"https:\/\/ralf100m.de\/wp-content\/uploads\/2023\/03\/FiBu-12Datev.png","contentUrl":"https:\/\/ralf100m.de\/wp-content\/uploads\/2023\/03\/FiBu-12Datev.png","width":1300,"height":1290},{"@type":"BreadcrumbList","@id":"https:\/\/ralf100m.de\/produkt\/5614-3p\/#breadcrumb","itemListElement":[{"@type":"ListItem","position":1,"name":"Startseite","item":"https:\/\/ralf100m.de\/"},{"@type":"ListItem","position":2,"name":"Shop","item":"https:\/\/ralf100m.de\/shop\/"},{"@type":"ListItem","position":3,"name":"TK-5614-3p Fibu 1 &#038; 2 &#038; Datev im 3- er Pack"}]},{"@type":"WebSite","@id":"https:\/\/ralf100m.de\/#website","url":"https:\/\/ralf100m.de\/","name":"Ralf 100M","description":"","publisher":{"@id":"https:\/\/ralf100m.de\/#\/schema\/person\/144d88d0c18fb8f5e6bd155752132c23"},"potentialAction":[{"@type":"SearchAction","target":{"@type":"EntryPoint","urlTemplate":"https:\/\/ralf100m.de\/?s={search_term_string}"},"query-input":{"@type":"PropertyValueSpecification","valueRequired":true,"valueName":"search_term_string"}}],"inLanguage":"es"},{"@type":["Person","Organization"],"@id":"https:\/\/ralf100m.de\/#\/schema\/person\/144d88d0c18fb8f5e6bd155752132c23","name":"wpulitcus","image":{"@type":"ImageObject","inLanguage":"es","@id":"https:\/\/ralf100m.de\/wp-content\/uploads\/2023\/04\/ralf-200px-logo.jpg","url":"https:\/\/ralf100m.de\/wp-content\/uploads\/2023\/04\/ralf-200px-logo.jpg","contentUrl":"https:\/\/ralf100m.de\/wp-content\/uploads\/2023\/04\/ralf-200px-logo.jpg","width":400,"height":162,"caption":"wpulitkus"},"logo":{"@id":"https:\/\/ralf100m.de\/wp-content\/uploads\/2023\/04\/ralf-200px-logo.jpg"}}]}},"_links":{"self":[{"href":"https:\/\/ralf100m.de\/es\/wp-json\/wp\/v2\/product\/4250","targetHints":{"allow":["GET"]}}],"collection":[{"href":"https:\/\/ralf100m.de\/es\/wp-json\/wp\/v2\/product"}],"about":[{"href":"https:\/\/ralf100m.de\/es\/wp-json\/wp\/v2\/types\/product"}],"wp:featuredmedia":[{"embeddable":true,"href":"https:\/\/ralf100m.de\/es\/wp-json\/wp\/v2\/media\/4195"}],"wp:attachment":[{"href":"https:\/\/ralf100m.de\/es\/wp-json\/wp\/v2\/media?parent=4250"}],"wp:term":[{"taxonomy":"product_brand","embeddable":true,"href":"https:\/\/ralf100m.de\/es\/wp-json\/wp\/v2\/product_brand?post=4250"},{"taxonomy":"product_cat","embeddable":true,"href":"https:\/\/ralf100m.de\/es\/wp-json\/wp\/v2\/product_cat?post=4250"},{"taxonomy":"product_tag","embeddable":true,"href":"https:\/\/ralf100m.de\/es\/wp-json\/wp\/v2\/product_tag?post=4250"}],"curies":[{"name":"wp","href":"https:\/\/api.w.org\/{rel}","templated":true}]}}