{"id":5109,"date":"2024-02-15T13:23:34","date_gmt":"2024-02-15T12:23:34","guid":{"rendered":"https:\/\/ralf100m.de\/?post_type=product&#038;p=5109"},"modified":"2025-12-18T11:25:56","modified_gmt":"2025-12-18T10:25:56","slug":"5614-3","status":"publish","type":"product","link":"https:\/\/ralf100m.de\/es\/producto\/5614-3\/","title":{"rendered":"IH-101 Lohn Up2date | S\u00f3lo Ismer"},"content":{"rendered":"<p>En nuestro curso online de conceptos b\u00e1sicos de n\u00f3minas podr\u00e1s aprender contabilidad de n\u00f3minas desde cero, aprender\u00e1s los conceptos b\u00e1sicos de la contabilidad de n\u00f3minas, todo lo que necesitas para iniciarte en la pr\u00e1ctica de la contabilidad de n\u00f3minas. Este es el primer paso en el camino de formaci\u00f3n para convertirse en un contador de n\u00f3mina.<\/p>\n<ul>\n<li>Bases jur\u00eddicas y conceptos b\u00e1sicos<\/li>\n<li>Procedimiento de deducci\u00f3n salarial<\/li>\n<li>Fundamentos de la seguridad social<\/li>\n<li>Determinaci\u00f3n del importe bruto total<\/li>\n<li>Otras remuneraciones\/prestaciones no peri\u00f3dicas<\/li>\n<li>Prestaciones en especie y prestaciones no monetarias<\/li>\n<li>R\u00e9gimen de pensiones de empresa<\/li>\n<li>Grupos especiales de facturaci\u00f3n<\/li>\n<li>Gastos de viaje<\/li>\n<li>Tesis finales<\/li>\n<\/ul>\n<p>&nbsp;<\/p>","protected":false},"excerpt":{"rendered":"<p>Fundamentos de la n\u00f3mina para principiantes y personas que cambian de profesi\u00f3n | Ismer Lohn up (to) date<\/p>\n<p>&nbsp;<\/p>","protected":false},"featured_media":5110,"template":"","meta":[],"product_brand":[],"product_cat":[37],"product_tag":[],"class_list":{"0":"post-5109","1":"product","2":"type-product","3":"status-publish","4":"has-post-thumbnail","6":"product_cat-vhs-online-kurse","8":"first","9":"instock","10":"virtual","11":"taxable","12":"purchasable","13":"product-type-simple"},"yoast_head":"<!-- This site is optimized with the Yoast SEO plugin v27.4 - https:\/\/yoast.com\/product\/yoast-seo-wordpress\/ -->\n<title>IH-101 Lohn Up2date | nur Ismer - Ralf 100M<\/title>\n<meta name=\"robots\" content=\"index, follow, max-snippet:-1, max-image-preview:large, max-video-preview:-1\" \/>\n<link rel=\"canonical\" href=\"https:\/\/ralf100m.de\/es\/producto\/5614-3\/\" \/>\n<meta property=\"og:locale\" content=\"es_ES\" \/>\n<meta property=\"og:type\" content=\"article\" \/>\n<meta property=\"og:title\" content=\"IH-101 Lohn Up2date | nur Ismer - Ralf 100M\" \/>\n<meta property=\"og:description\" content=\"Grundlagen der Lohnabrechnung f\u00fcr Neu- und Quereinsteiger | Ismer Lohn up (to) date  &nbsp;\" \/>\n<meta property=\"og:url\" content=\"https:\/\/ralf100m.de\/es\/producto\/5614-3\/\" \/>\n<meta property=\"og:site_name\" content=\"Ralf 100M\" \/>\n<meta property=\"article:modified_time\" content=\"2025-12-18T10:25:56+00:00\" \/>\n<meta property=\"og:image\" content=\"https:\/\/ralf100m.de\/wp-content\/uploads\/2024\/02\/Lohn-up-to-date-1024x528.png\" \/>\n\t<meta property=\"og:image:width\" content=\"1024\" \/>\n\t<meta property=\"og:image:height\" content=\"528\" \/>\n\t<meta property=\"og:image:type\" content=\"image\/png\" \/>\n<meta name=\"twitter:card\" content=\"summary_large_image\" \/>\n<meta name=\"twitter:label1\" content=\"Tiempo de lectura\" \/>\n\t<meta name=\"twitter:data1\" content=\"1 minuto\" \/>\n<script type=\"application\/ld+json\" class=\"yoast-schema-graph\">{\"@context\":\"https:\\\/\\\/schema.org\",\"@graph\":[{\"@type\":\"WebPage\",\"@id\":\"https:\\\/\\\/ralf100m.de\\\/produkt\\\/lohn-up-to-date\\\/\",\"url\":\"https:\\\/\\\/ralf100m.de\\\/produkt\\\/lohn-up-to-date\\\/\",\"name\":\"IH-101 Lohn Up2date | nur Ismer - Ralf 100M\",\"isPartOf\":{\"@id\":\"https:\\\/\\\/ralf100m.de\\\/#website\"},\"primaryImageOfPage\":{\"@id\":\"https:\\\/\\\/ralf100m.de\\\/produkt\\\/lohn-up-to-date\\\/#primaryimage\"},\"image\":{\"@id\":\"https:\\\/\\\/ralf100m.de\\\/produkt\\\/lohn-up-to-date\\\/#primaryimage\"},\"thumbnailUrl\":\"https:\\\/\\\/ralf100m.de\\\/wp-content\\\/uploads\\\/2024\\\/02\\\/Lohn-up-to-date.png\",\"datePublished\":\"2024-02-15T12:23:34+00:00\",\"dateModified\":\"2025-12-18T10:25:56+00:00\",\"breadcrumb\":{\"@id\":\"https:\\\/\\\/ralf100m.de\\\/produkt\\\/lohn-up-to-date\\\/#breadcrumb\"},\"inLanguage\":\"es\",\"potentialAction\":[{\"@type\":\"ReadAction\",\"target\":[\"https:\\\/\\\/ralf100m.de\\\/produkt\\\/lohn-up-to-date\\\/\"]}]},{\"@type\":\"ImageObject\",\"inLanguage\":\"es\",\"@id\":\"https:\\\/\\\/ralf100m.de\\\/produkt\\\/lohn-up-to-date\\\/#primaryimage\",\"url\":\"https:\\\/\\\/ralf100m.de\\\/wp-content\\\/uploads\\\/2024\\\/02\\\/Lohn-up-to-date.png\",\"contentUrl\":\"https:\\\/\\\/ralf100m.de\\\/wp-content\\\/uploads\\\/2024\\\/02\\\/Lohn-up-to-date.png\",\"width\":2389,\"height\":1232},{\"@type\":\"BreadcrumbList\",\"@id\":\"https:\\\/\\\/ralf100m.de\\\/produkt\\\/lohn-up-to-date\\\/#breadcrumb\",\"itemListElement\":[{\"@type\":\"ListItem\",\"position\":1,\"name\":\"Startseite\",\"item\":\"https:\\\/\\\/ralf100m.de\\\/\"},{\"@type\":\"ListItem\",\"position\":2,\"name\":\"Shop\",\"item\":\"https:\\\/\\\/ralf100m.de\\\/shop\\\/\"},{\"@type\":\"ListItem\",\"position\":3,\"name\":\"IH-101 Lohn Up2date | nur Ismer\"}]},{\"@type\":\"WebSite\",\"@id\":\"https:\\\/\\\/ralf100m.de\\\/#website\",\"url\":\"https:\\\/\\\/ralf100m.de\\\/\",\"name\":\"Ralf 100M\",\"description\":\"\",\"publisher\":{\"@id\":\"https:\\\/\\\/ralf100m.de\\\/#\\\/schema\\\/person\\\/144d88d0c18fb8f5e6bd155752132c23\"},\"potentialAction\":[{\"@type\":\"SearchAction\",\"target\":{\"@type\":\"EntryPoint\",\"urlTemplate\":\"https:\\\/\\\/ralf100m.de\\\/?s={search_term_string}\"},\"query-input\":{\"@type\":\"PropertyValueSpecification\",\"valueRequired\":true,\"valueName\":\"search_term_string\"}}],\"inLanguage\":\"es\"},{\"@type\":[\"Person\",\"Organization\"],\"@id\":\"https:\\\/\\\/ralf100m.de\\\/#\\\/schema\\\/person\\\/144d88d0c18fb8f5e6bd155752132c23\",\"name\":\"wpulitkus\",\"image\":{\"@type\":\"ImageObject\",\"inLanguage\":\"es\",\"@id\":\"https:\\\/\\\/ralf100m.de\\\/wp-content\\\/uploads\\\/2023\\\/04\\\/ralf-200px-logo.jpg\",\"url\":\"https:\\\/\\\/ralf100m.de\\\/wp-content\\\/uploads\\\/2023\\\/04\\\/ralf-200px-logo.jpg\",\"contentUrl\":\"https:\\\/\\\/ralf100m.de\\\/wp-content\\\/uploads\\\/2023\\\/04\\\/ralf-200px-logo.jpg\",\"width\":400,\"height\":162,\"caption\":\"wpulitkus\"},\"logo\":{\"@id\":\"https:\\\/\\\/ralf100m.de\\\/wp-content\\\/uploads\\\/2023\\\/04\\\/ralf-200px-logo.jpg\"}}]}<\/script>\n<!-- \/ Yoast SEO plugin. -->","yoast_head_json":{"title":"IH-101 Wage Up2date | S\u00f3lo Ismer - Ralf 100M","robots":{"index":"index","follow":"follow","max-snippet":"max-snippet:-1","max-image-preview":"max-image-preview:large","max-video-preview":"max-video-preview:-1"},"canonical":"https:\/\/ralf100m.de\/es\/producto\/5614-3\/","og_locale":"es_ES","og_type":"article","og_title":"IH-101 Lohn Up2date | nur Ismer - Ralf 100M","og_description":"Grundlagen der Lohnabrechnung f\u00fcr Neu- und Quereinsteiger | Ismer Lohn up (to) date  &nbsp;","og_url":"https:\/\/ralf100m.de\/es\/producto\/5614-3\/","og_site_name":"Ralf 100M","article_modified_time":"2025-12-18T10:25:56+00:00","og_image":[{"width":1024,"height":528,"url":"https:\/\/ralf100m.de\/wp-content\/uploads\/2024\/02\/Lohn-up-to-date-1024x528.png","type":"image\/png"}],"twitter_card":"summary_large_image","twitter_misc":{"Tiempo de lectura":"1 minuto"},"schema":{"@context":"https:\/\/schema.org","@graph":[{"@type":"WebPage","@id":"https:\/\/ralf100m.de\/produkt\/lohn-up-to-date\/","url":"https:\/\/ralf100m.de\/produkt\/lohn-up-to-date\/","name":"IH-101 Wage Up2date | S\u00f3lo Ismer - Ralf 100M","isPartOf":{"@id":"https:\/\/ralf100m.de\/#website"},"primaryImageOfPage":{"@id":"https:\/\/ralf100m.de\/produkt\/lohn-up-to-date\/#primaryimage"},"image":{"@id":"https:\/\/ralf100m.de\/produkt\/lohn-up-to-date\/#primaryimage"},"thumbnailUrl":"https:\/\/ralf100m.de\/wp-content\/uploads\/2024\/02\/Lohn-up-to-date.png","datePublished":"2024-02-15T12:23:34+00:00","dateModified":"2025-12-18T10:25:56+00:00","breadcrumb":{"@id":"https:\/\/ralf100m.de\/produkt\/lohn-up-to-date\/#breadcrumb"},"inLanguage":"es","potentialAction":[{"@type":"ReadAction","target":["https:\/\/ralf100m.de\/produkt\/lohn-up-to-date\/"]}]},{"@type":"ImageObject","inLanguage":"es","@id":"https:\/\/ralf100m.de\/produkt\/lohn-up-to-date\/#primaryimage","url":"https:\/\/ralf100m.de\/wp-content\/uploads\/2024\/02\/Lohn-up-to-date.png","contentUrl":"https:\/\/ralf100m.de\/wp-content\/uploads\/2024\/02\/Lohn-up-to-date.png","width":2389,"height":1232},{"@type":"BreadcrumbList","@id":"https:\/\/ralf100m.de\/produkt\/lohn-up-to-date\/#breadcrumb","itemListElement":[{"@type":"ListItem","position":1,"name":"Startseite","item":"https:\/\/ralf100m.de\/"},{"@type":"ListItem","position":2,"name":"Shop","item":"https:\/\/ralf100m.de\/shop\/"},{"@type":"ListItem","position":3,"name":"IH-101 Lohn Up2date | nur Ismer"}]},{"@type":"WebSite","@id":"https:\/\/ralf100m.de\/#website","url":"https:\/\/ralf100m.de\/","name":"Ralf 100M","description":"","publisher":{"@id":"https:\/\/ralf100m.de\/#\/schema\/person\/144d88d0c18fb8f5e6bd155752132c23"},"potentialAction":[{"@type":"SearchAction","target":{"@type":"EntryPoint","urlTemplate":"https:\/\/ralf100m.de\/?s={search_term_string}"},"query-input":{"@type":"PropertyValueSpecification","valueRequired":true,"valueName":"search_term_string"}}],"inLanguage":"es"},{"@type":["Person","Organization"],"@id":"https:\/\/ralf100m.de\/#\/schema\/person\/144d88d0c18fb8f5e6bd155752132c23","name":"wpulitcus","image":{"@type":"ImageObject","inLanguage":"es","@id":"https:\/\/ralf100m.de\/wp-content\/uploads\/2023\/04\/ralf-200px-logo.jpg","url":"https:\/\/ralf100m.de\/wp-content\/uploads\/2023\/04\/ralf-200px-logo.jpg","contentUrl":"https:\/\/ralf100m.de\/wp-content\/uploads\/2023\/04\/ralf-200px-logo.jpg","width":400,"height":162,"caption":"wpulitkus"},"logo":{"@id":"https:\/\/ralf100m.de\/wp-content\/uploads\/2023\/04\/ralf-200px-logo.jpg"}}]}},"_links":{"self":[{"href":"https:\/\/ralf100m.de\/es\/wp-json\/wp\/v2\/product\/5109","targetHints":{"allow":["GET"]}}],"collection":[{"href":"https:\/\/ralf100m.de\/es\/wp-json\/wp\/v2\/product"}],"about":[{"href":"https:\/\/ralf100m.de\/es\/wp-json\/wp\/v2\/types\/product"}],"wp:featuredmedia":[{"embeddable":true,"href":"https:\/\/ralf100m.de\/es\/wp-json\/wp\/v2\/media\/5110"}],"wp:attachment":[{"href":"https:\/\/ralf100m.de\/es\/wp-json\/wp\/v2\/media?parent=5109"}],"wp:term":[{"taxonomy":"product_brand","embeddable":true,"href":"https:\/\/ralf100m.de\/es\/wp-json\/wp\/v2\/product_brand?post=5109"},{"taxonomy":"product_cat","embeddable":true,"href":"https:\/\/ralf100m.de\/es\/wp-json\/wp\/v2\/product_cat?post=5109"},{"taxonomy":"product_tag","embeddable":true,"href":"https:\/\/ralf100m.de\/es\/wp-json\/wp\/v2\/product_tag?post=5109"}],"curies":[{"name":"wp","href":"https:\/\/api.w.org\/{rel}","templated":true}]}}