{"id":5645,"date":"2024-10-14T11:02:31","date_gmt":"2024-10-14T09:02:31","guid":{"rendered":"https:\/\/ralf100m.de\/?post_type=product&#038;p=5645"},"modified":"2025-12-18T11:58:55","modified_gmt":"2025-12-18T10:58:55","slug":"nomina-compacta-teoria-de-la-nomina-y-calculo-de-la-nomina-con-datev","status":"publish","type":"product","link":"https:\/\/ralf100m.de\/es\/producto\/nomina-compacta-teoria-de-la-nomina-y-calculo-de-la-nomina-con-datev\/","title":{"rendered":"IH-102 Compacto salarial (salario b\u00e1sico + salario DATEV) | S\u00f3lo Ismer"},"content":{"rendered":"<h3><strong>Contenido del curso<\/strong><\/h3>\n<p>Combine los conocimientos de contabilidad de n\u00f3minas que ha aprendido con la aplicaci\u00f3n de n\u00f3minas DATEV. Recibir apoyo continuo de un tutor del curso. En <strong>Curso combinado de pacto salarial<\/strong> proporciona amplios conocimientos b\u00e1sicos sobre la contabilidad de n\u00f3minas en un curso autodid\u00e1ctico en l\u00ednea y le muestra en un curso de v\u00eddeo en l\u00ednea c\u00f3mo utilizar DATEV Payroll de forma eficiente para su futura carrera en la pr\u00e1ctica.<br \/>\nBases salariales y salario DATEV<\/p>\n<h3><strong>1. conceptos b\u00e1sicos de la n\u00f3mina: introducci\u00f3n a la contabilidad de n\u00f3minas<\/strong><\/h3>\n<p>El curso proporciona conocimientos b\u00e1sicos sobre la contabilidad de n\u00f3minas de acuerdo con la situaci\u00f3n jur\u00eddica actual. Una vez finalizado con \u00e9xito el curso, ser\u00e1 capaz de crear n\u00f3minas manualmente y procesar las notificaciones necesarias a la seguridad social y a las autoridades fiscales. El curso se basa en el plan marco del sistema de certificaci\u00f3n \"Xpert - Business\", m\u00f3dulo \"Sueldos y salarios\".<\/p>\n<h3><strong>2. DATEV Lohn und Gehalt - La pr\u00e1ctica del programa t\u00e9cnico<\/strong><\/h3>\n<p>En este curso compacto, conocer\u00e1 el programa DATEV Wage and Salary mediante dos casos pr\u00e1cticos. Independientemente de la hora y el lugar, podr\u00e1 acceder a nuestra plataforma de aprendizaje y descargar los v\u00eddeos de aprendizaje y el material did\u00e1ctico. Despu\u00e9s de aprender las funciones esenciales del programa utilizando el ejemplo del caso tipo de DATEV \"Erika Mustermann GmbH\", aplicar\u00e1 los conocimientos aprendidos de forma independiente en otro caso tipo \"Baltasar Muster KG\".<br \/>\nEl curso proporciona los conocimientos b\u00e1sicos del c\u00e1lculo de n\u00f3minas para el actual<br \/>\nSituaci\u00f3n jur\u00eddica. Una vez que haya completado con \u00e9xito el programa, podr\u00e1 manualmente<br \/>\ny hacer los informes necesarios a la seguridad social y a las autoridades fiscales.<br \/>\neditar. El curso se basa en el plan marco del sistema de certificados \"Xpert - Business\",<br \/>\nM\u00f3dulo \"Sueldos y salarios\".<\/p>\n<h3>Material did\u00e1ctico<\/h3>\n<p>Material de aprendizaje y ejercicios, tareas, comprobaciones del \u00e9xito del aprendizaje, fuentes externas de informaci\u00f3n<br \/>\n\"Gesti\u00f3n de recursos humanos con DATEV\" (PDF), \"Sueldos y salarios en la pr\u00e1ctica\"(PDF), v\u00eddeos de aprendizaje, etc.<br \/>\nConocimientos previos: Conocimiento de la contabilidad de n\u00f3minas actual; conocimientos b\u00e1sicos de PC.<br \/>\nRequisitos t\u00e9cnicos: Ordenador con acceso a Internet; comprobaci\u00f3n t\u00e9cnica de acceso al<br \/>\nDATEV Software en l\u00ednea y plataforma de aprendizaje<\/p>","protected":false},"excerpt":{"rendered":"<h3 class=\"product_title entry-title\">Paquete Wage Compact (teor\u00eda salarial y c\u00e1lculo de n\u00f3minas con Datev)<\/h3>\n<p>&nbsp;<\/p>","protected":false},"featured_media":5648,"template":"","meta":[],"product_brand":[],"product_cat":[27],"product_tag":[],"class_list":{"0":"post-5645","1":"product","2":"type-product","3":"status-publish","4":"has-post-thumbnail","6":"product_cat-unkategorisiert","8":"first","9":"instock","10":"virtual","11":"taxable","12":"purchasable","13":"product-type-simple"},"yoast_head":"<!-- This site is optimized with the Yoast SEO plugin v27.4 - https:\/\/yoast.com\/product\/yoast-seo-wordpress\/ -->\n<title>IH-102 Lohn Compact (Lohn Grundlagen + DATEV Lohn ) | nur Ismer - Ralf 100M<\/title>\n<meta name=\"robots\" content=\"index, follow, max-snippet:-1, max-image-preview:large, max-video-preview:-1\" \/>\n<link rel=\"canonical\" href=\"https:\/\/ralf100m.de\/es\/producto\/nomina-compacta-teoria-de-la-nomina-y-calculo-de-la-nomina-con-datev\/\" \/>\n<meta property=\"og:locale\" content=\"es_ES\" \/>\n<meta property=\"og:type\" content=\"article\" \/>\n<meta property=\"og:title\" content=\"IH-102 Lohn Compact (Lohn Grundlagen + DATEV Lohn ) | nur Ismer - Ralf 100M\" \/>\n<meta property=\"og:description\" content=\"Paket Lohn Compact (Lohn Theorie und Lohnabrechnung mit Datev) &nbsp;\" \/>\n<meta property=\"og:url\" content=\"https:\/\/ralf100m.de\/es\/producto\/nomina-compacta-teoria-de-la-nomina-y-calculo-de-la-nomina-con-datev\/\" \/>\n<meta property=\"og:site_name\" content=\"Ralf 100M\" \/>\n<meta property=\"article:modified_time\" content=\"2025-12-18T10:58:55+00:00\" \/>\n<meta property=\"og:image\" content=\"https:\/\/ralf100m.de\/wp-content\/uploads\/2024\/10\/logo_Compact.png\" \/>\n\t<meta property=\"og:image:width\" content=\"1080\" \/>\n\t<meta property=\"og:image:height\" content=\"1080\" \/>\n\t<meta property=\"og:image:type\" content=\"image\/png\" \/>\n<meta name=\"twitter:card\" content=\"summary_large_image\" \/>\n<meta name=\"twitter:label1\" content=\"Tiempo de lectura\" \/>\n\t<meta name=\"twitter:data1\" content=\"2 minutos\" \/>\n<script type=\"application\/ld+json\" class=\"yoast-schema-graph\">{\"@context\":\"https:\\\/\\\/schema.org\",\"@graph\":[{\"@type\":\"WebPage\",\"@id\":\"https:\\\/\\\/ralf100m.de\\\/produkt\\\/lohn-compact-lohn-theorie-und-lohnabrechnung-mit-datev\\\/\",\"url\":\"https:\\\/\\\/ralf100m.de\\\/produkt\\\/lohn-compact-lohn-theorie-und-lohnabrechnung-mit-datev\\\/\",\"name\":\"IH-102 Lohn Compact (Lohn Grundlagen + DATEV Lohn ) | nur Ismer - Ralf 100M\",\"isPartOf\":{\"@id\":\"https:\\\/\\\/ralf100m.de\\\/#website\"},\"primaryImageOfPage\":{\"@id\":\"https:\\\/\\\/ralf100m.de\\\/produkt\\\/lohn-compact-lohn-theorie-und-lohnabrechnung-mit-datev\\\/#primaryimage\"},\"image\":{\"@id\":\"https:\\\/\\\/ralf100m.de\\\/produkt\\\/lohn-compact-lohn-theorie-und-lohnabrechnung-mit-datev\\\/#primaryimage\"},\"thumbnailUrl\":\"https:\\\/\\\/ralf100m.de\\\/wp-content\\\/uploads\\\/2024\\\/10\\\/logo_Compact.png\",\"datePublished\":\"2024-10-14T09:02:31+00:00\",\"dateModified\":\"2025-12-18T10:58:55+00:00\",\"breadcrumb\":{\"@id\":\"https:\\\/\\\/ralf100m.de\\\/produkt\\\/lohn-compact-lohn-theorie-und-lohnabrechnung-mit-datev\\\/#breadcrumb\"},\"inLanguage\":\"es\",\"potentialAction\":[{\"@type\":\"ReadAction\",\"target\":[\"https:\\\/\\\/ralf100m.de\\\/produkt\\\/lohn-compact-lohn-theorie-und-lohnabrechnung-mit-datev\\\/\"]}]},{\"@type\":\"ImageObject\",\"inLanguage\":\"es\",\"@id\":\"https:\\\/\\\/ralf100m.de\\\/produkt\\\/lohn-compact-lohn-theorie-und-lohnabrechnung-mit-datev\\\/#primaryimage\",\"url\":\"https:\\\/\\\/ralf100m.de\\\/wp-content\\\/uploads\\\/2024\\\/10\\\/logo_Compact.png\",\"contentUrl\":\"https:\\\/\\\/ralf100m.de\\\/wp-content\\\/uploads\\\/2024\\\/10\\\/logo_Compact.png\",\"width\":1080,\"height\":1080},{\"@type\":\"BreadcrumbList\",\"@id\":\"https:\\\/\\\/ralf100m.de\\\/produkt\\\/lohn-compact-lohn-theorie-und-lohnabrechnung-mit-datev\\\/#breadcrumb\",\"itemListElement\":[{\"@type\":\"ListItem\",\"position\":1,\"name\":\"Startseite\",\"item\":\"https:\\\/\\\/ralf100m.de\\\/\"},{\"@type\":\"ListItem\",\"position\":2,\"name\":\"Shop\",\"item\":\"https:\\\/\\\/ralf100m.de\\\/shop\\\/\"},{\"@type\":\"ListItem\",\"position\":3,\"name\":\"IH-102 Lohn Compact (Lohn Grundlagen + DATEV Lohn ) | nur Ismer\"}]},{\"@type\":\"WebSite\",\"@id\":\"https:\\\/\\\/ralf100m.de\\\/#website\",\"url\":\"https:\\\/\\\/ralf100m.de\\\/\",\"name\":\"Ralf 100M\",\"description\":\"\",\"publisher\":{\"@id\":\"https:\\\/\\\/ralf100m.de\\\/#\\\/schema\\\/person\\\/144d88d0c18fb8f5e6bd155752132c23\"},\"potentialAction\":[{\"@type\":\"SearchAction\",\"target\":{\"@type\":\"EntryPoint\",\"urlTemplate\":\"https:\\\/\\\/ralf100m.de\\\/?s={search_term_string}\"},\"query-input\":{\"@type\":\"PropertyValueSpecification\",\"valueRequired\":true,\"valueName\":\"search_term_string\"}}],\"inLanguage\":\"es\"},{\"@type\":[\"Person\",\"Organization\"],\"@id\":\"https:\\\/\\\/ralf100m.de\\\/#\\\/schema\\\/person\\\/144d88d0c18fb8f5e6bd155752132c23\",\"name\":\"wpulitkus\",\"image\":{\"@type\":\"ImageObject\",\"inLanguage\":\"es\",\"@id\":\"https:\\\/\\\/ralf100m.de\\\/wp-content\\\/uploads\\\/2023\\\/04\\\/ralf-200px-logo.jpg\",\"url\":\"https:\\\/\\\/ralf100m.de\\\/wp-content\\\/uploads\\\/2023\\\/04\\\/ralf-200px-logo.jpg\",\"contentUrl\":\"https:\\\/\\\/ralf100m.de\\\/wp-content\\\/uploads\\\/2023\\\/04\\\/ralf-200px-logo.jpg\",\"width\":400,\"height\":162,\"caption\":\"wpulitkus\"},\"logo\":{\"@id\":\"https:\\\/\\\/ralf100m.de\\\/wp-content\\\/uploads\\\/2023\\\/04\\\/ralf-200px-logo.jpg\"}}]}<\/script>\n<!-- \/ Yoast SEO plugin. -->","yoast_head_json":{"title":"IH-102 Lohn Compact (Lohn Grundlagen + DATEV Lohn ) | S\u00f3lo Ismer - Ralf 100M","robots":{"index":"index","follow":"follow","max-snippet":"max-snippet:-1","max-image-preview":"max-image-preview:large","max-video-preview":"max-video-preview:-1"},"canonical":"https:\/\/ralf100m.de\/es\/producto\/nomina-compacta-teoria-de-la-nomina-y-calculo-de-la-nomina-con-datev\/","og_locale":"es_ES","og_type":"article","og_title":"IH-102 Lohn Compact (Lohn Grundlagen + DATEV Lohn ) | nur Ismer - Ralf 100M","og_description":"Paket Lohn Compact (Lohn Theorie und Lohnabrechnung mit Datev) &nbsp;","og_url":"https:\/\/ralf100m.de\/es\/producto\/nomina-compacta-teoria-de-la-nomina-y-calculo-de-la-nomina-con-datev\/","og_site_name":"Ralf 100M","article_modified_time":"2025-12-18T10:58:55+00:00","og_image":[{"width":1080,"height":1080,"url":"https:\/\/ralf100m.de\/wp-content\/uploads\/2024\/10\/logo_Compact.png","type":"image\/png"}],"twitter_card":"summary_large_image","twitter_misc":{"Tiempo de lectura":"2 minutos"},"schema":{"@context":"https:\/\/schema.org","@graph":[{"@type":"WebPage","@id":"https:\/\/ralf100m.de\/produkt\/lohn-compact-lohn-theorie-und-lohnabrechnung-mit-datev\/","url":"https:\/\/ralf100m.de\/produkt\/lohn-compact-lohn-theorie-und-lohnabrechnung-mit-datev\/","name":"IH-102 Lohn Compact (Lohn Grundlagen + DATEV Lohn ) | S\u00f3lo Ismer - Ralf 100M","isPartOf":{"@id":"https:\/\/ralf100m.de\/#website"},"primaryImageOfPage":{"@id":"https:\/\/ralf100m.de\/produkt\/lohn-compact-lohn-theorie-und-lohnabrechnung-mit-datev\/#primaryimage"},"image":{"@id":"https:\/\/ralf100m.de\/produkt\/lohn-compact-lohn-theorie-und-lohnabrechnung-mit-datev\/#primaryimage"},"thumbnailUrl":"https:\/\/ralf100m.de\/wp-content\/uploads\/2024\/10\/logo_Compact.png","datePublished":"2024-10-14T09:02:31+00:00","dateModified":"2025-12-18T10:58:55+00:00","breadcrumb":{"@id":"https:\/\/ralf100m.de\/produkt\/lohn-compact-lohn-theorie-und-lohnabrechnung-mit-datev\/#breadcrumb"},"inLanguage":"es","potentialAction":[{"@type":"ReadAction","target":["https:\/\/ralf100m.de\/produkt\/lohn-compact-lohn-theorie-und-lohnabrechnung-mit-datev\/"]}]},{"@type":"ImageObject","inLanguage":"es","@id":"https:\/\/ralf100m.de\/produkt\/lohn-compact-lohn-theorie-und-lohnabrechnung-mit-datev\/#primaryimage","url":"https:\/\/ralf100m.de\/wp-content\/uploads\/2024\/10\/logo_Compact.png","contentUrl":"https:\/\/ralf100m.de\/wp-content\/uploads\/2024\/10\/logo_Compact.png","width":1080,"height":1080},{"@type":"BreadcrumbList","@id":"https:\/\/ralf100m.de\/produkt\/lohn-compact-lohn-theorie-und-lohnabrechnung-mit-datev\/#breadcrumb","itemListElement":[{"@type":"ListItem","position":1,"name":"Startseite","item":"https:\/\/ralf100m.de\/"},{"@type":"ListItem","position":2,"name":"Shop","item":"https:\/\/ralf100m.de\/shop\/"},{"@type":"ListItem","position":3,"name":"IH-102 Lohn Compact (Lohn Grundlagen + DATEV Lohn ) | nur Ismer"}]},{"@type":"WebSite","@id":"https:\/\/ralf100m.de\/#website","url":"https:\/\/ralf100m.de\/","name":"Ralf 100M","description":"","publisher":{"@id":"https:\/\/ralf100m.de\/#\/schema\/person\/144d88d0c18fb8f5e6bd155752132c23"},"potentialAction":[{"@type":"SearchAction","target":{"@type":"EntryPoint","urlTemplate":"https:\/\/ralf100m.de\/?s={search_term_string}"},"query-input":{"@type":"PropertyValueSpecification","valueRequired":true,"valueName":"search_term_string"}}],"inLanguage":"es"},{"@type":["Person","Organization"],"@id":"https:\/\/ralf100m.de\/#\/schema\/person\/144d88d0c18fb8f5e6bd155752132c23","name":"wpulitcus","image":{"@type":"ImageObject","inLanguage":"es","@id":"https:\/\/ralf100m.de\/wp-content\/uploads\/2023\/04\/ralf-200px-logo.jpg","url":"https:\/\/ralf100m.de\/wp-content\/uploads\/2023\/04\/ralf-200px-logo.jpg","contentUrl":"https:\/\/ralf100m.de\/wp-content\/uploads\/2023\/04\/ralf-200px-logo.jpg","width":400,"height":162,"caption":"wpulitkus"},"logo":{"@id":"https:\/\/ralf100m.de\/wp-content\/uploads\/2023\/04\/ralf-200px-logo.jpg"}}]}},"_links":{"self":[{"href":"https:\/\/ralf100m.de\/es\/wp-json\/wp\/v2\/product\/5645","targetHints":{"allow":["GET"]}}],"collection":[{"href":"https:\/\/ralf100m.de\/es\/wp-json\/wp\/v2\/product"}],"about":[{"href":"https:\/\/ralf100m.de\/es\/wp-json\/wp\/v2\/types\/product"}],"wp:featuredmedia":[{"embeddable":true,"href":"https:\/\/ralf100m.de\/es\/wp-json\/wp\/v2\/media\/5648"}],"wp:attachment":[{"href":"https:\/\/ralf100m.de\/es\/wp-json\/wp\/v2\/media?parent=5645"}],"wp:term":[{"taxonomy":"product_brand","embeddable":true,"href":"https:\/\/ralf100m.de\/es\/wp-json\/wp\/v2\/product_brand?post=5645"},{"taxonomy":"product_cat","embeddable":true,"href":"https:\/\/ralf100m.de\/es\/wp-json\/wp\/v2\/product_cat?post=5645"},{"taxonomy":"product_tag","embeddable":true,"href":"https:\/\/ralf100m.de\/es\/wp-json\/wp\/v2\/product_tag?post=5645"}],"curies":[{"name":"wp","href":"https:\/\/api.w.org\/{rel}","templated":true}]}}