{"id":4013,"date":"2023-01-28T21:03:25","date_gmt":"2023-01-28T20:03:25","guid":{"rendered":"https:\/\/ralf100m.de\/produkt\/hoodie-with-logo\/"},"modified":"2025-12-18T12:04:31","modified_gmt":"2025-12-18T11:04:31","slug":"5614-2","status":"publish","type":"product","link":"https:\/\/ralf100m.de\/fr\/produkt\/5614-2\/","title":{"rendered":"TK-5614-1 Comptabilit\u00e9 financi\u00e8re 2"},"content":{"rendered":"<p>Dans le cours en ligne Comptabilit\u00e9 financi\u00e8re 2 (Xpert Business ), tu approfondis tes connaissances en comptabilit\u00e9, tout ce dont tu as besoin pour la pratique de la comptabilit\u00e9 et tu apprends \u00e0 mieux comprendre les processus de cl\u00f4ture des comptes annuels.<\/p>\n<ul>\n<li>Particularit\u00e9s des entreprises de production<\/li>\n<li>Comptabilisation des produits\/services en cours de fabrication et finis<\/li>\n<li>Contenu des comptes annuels<\/li>\n<li>Principes comptables<\/li>\n<li>D\u00e9limitation mat\u00e9rielle et temporelle des charges et des produits<\/li>\n<li>Op\u00e9rations imposables et exon\u00e9r\u00e9es<\/li>\n<li>Inversement de l'obligation de payer la taxe<\/li>\n<li>Etranger en mati\u00e8re de TVA ; op\u00e9rations sur marchandises avec le reste du territoire communautaire et le territoire de pays tiers<\/li>\n<li>Acomptes re\u00e7us et vers\u00e9s<\/li>\n<li>R\u00e8gles d'\u00e9valuation de l'actif immobilis\u00e9 et de l'actif circulant en droit commercial et fiscal \/ Crit\u00e8res d'\u00e9valuation \/ Amortissements<\/li>\n<li>Reprise de l'amortissement fiscal \/ comptabilisation et reprise de la d\u00e9duction pour investissement ;<\/li>\n<li>\u00c9valuation des stocks et des cr\u00e9ances<\/li>\n<li>Pr\u00e9sentation du capital dans le bilan<\/li>\n<li>Comptabilisation et dissolution de provisions<\/li>\n<li>\u00c9valuation des dettes<\/li>\n<li>Beaucoup, beaucoup d'exercices<\/li>\n<\/ul>\n<p>Tu trouveras les conditions pour b\u00e9n\u00e9ficier d'une r\u00e9duction sur le prix des cours\u00a0<a href=\"https:\/\/tinyurl.com\/y7wbb46p\"><strong>ici<\/strong><\/a>.<br \/>\nLes r\u00e9ductions ne peuvent \u00eatre obtenues que directement aupr\u00e8s de la VHS par\u00a0<a href=\"http:\/\/ralf100m.de\/fr\/Kursanmeldung%20%2B%20Datenschutz.pdf\/\" target=\"_blank\" rel=\"noopener\"><strong>Formulaire<\/strong><\/a>\u00a0peuvent \u00eatre r\u00e9serv\u00e9s.<\/p>\n<p>Veuillez remplir le formulaire et l'envoyer \u00e0 anmeldung@vhstk.de \/ me faire parvenir une copie (info@ralf100m.de).<\/p>\n<p>&nbsp;<\/p>","protected":false},"excerpt":{"rendered":"<p>Comptabilit\u00e9 financi\u00e8re, 2e partie bas\u00e9e \/ cours de perfectionnement apr\u00e8s la Cofi 1<\/p>\n<p>Sous certaines conditions, le VHS accorde une r\u00e9duction du prix du cours -&gt; 101,75 \u20ac.<br \/>\nTu trouveras les conditions pour b\u00e9n\u00e9ficier d'une r\u00e9duction sur le prix des cours\u00a0<a href=\"https:\/\/tinyurl.com\/y7wbb46p\"><strong>ici<\/strong><\/a>.<\/p>\n<p>Les r\u00e9ductions ne peuvent \u00eatre obtenues que directement aupr\u00e8s de la VHS par\u00a0<a href=\"http:\/\/ralf100m.de\/fr\/Kursanmeldung%20%2B%20Datenschutz.pdf\/\" target=\"_blank\" rel=\"noopener\"><strong>Formulaire<\/strong><\/a>\u00a0peuvent \u00eatre r\u00e9serv\u00e9s.<\/p>\n<p>Merci de remplir le formulaire et de l'envoyer \u00e0 anmeldung@vhstk.de \/ copie \u00e0 moi (info@ralf100m.de) et d'y joindre le justificatif de r\u00e9duction \/ ! <strong>Ne concerne que les inscriptions avec r\u00e9duction !<\/strong><\/p>\n<p>&nbsp;<\/p>","protected":false},"featured_media":4090,"template":"","meta":[],"product_brand":[],"product_cat":[37],"product_tag":[],"class_list":{"0":"post-4013","1":"product","2":"type-product","3":"status-publish","4":"has-post-thumbnail","6":"product_cat-vhs-online-kurse","8":"first","9":"instock","10":"virtual","11":"taxable","12":"purchasable","13":"product-type-simple"},"yoast_head":"<!-- This site is optimized with the Yoast SEO plugin v27.5 - https:\/\/yoast.com\/product\/yoast-seo-wordpress\/ -->\n<title>TK-5614-1 Fibu 2 - Ralf 100M<\/title>\n<meta name=\"robots\" content=\"index, follow, max-snippet:-1, max-image-preview:large, max-video-preview:-1\" \/>\n<link rel=\"canonical\" href=\"https:\/\/ralf100m.de\/fr\/produit\/5614-2\/\" \/>\n<meta property=\"og:locale\" content=\"fr_FR\" \/>\n<meta property=\"og:type\" content=\"article\" \/>\n<meta property=\"og:title\" content=\"TK-5614-1 Fibu 2 - Ralf 100M\" \/>\n<meta property=\"og:description\" content=\"Finanzbuchf\u00fchrung Teil 2 basierend \/ Aufbaukurs nach Fibu 1  Unter bestimmten Voraussetzungen gew\u00e4hrt die VHS Kurspreiserm\u00e4\u00dfigung -&gt; 101,75 \u20ac Die Voraussetzungen f\u00fcr eine Kurspreiserm\u00e4\u00dfigung findest Du\u00a0hier.  Erm\u00e4\u00dfigungen k\u00f6nnen nur direkt \u00fcber die VHS per\u00a0Formular\u00a0gebucht werden.  Bitte ausgef\u00fcllt an anmeldung@vhstk.de \/ Kopie an mich (info@ralf100m.de) schicken und den Erm\u00e4\u00dfigungsnachweis mitsenden \/ ! Betrifft nur Anmeldungen mit Erm\u00e4\u00dfigung !  &nbsp;\" \/>\n<meta property=\"og:url\" content=\"https:\/\/ralf100m.de\/fr\/produit\/5614-2\/\" \/>\n<meta property=\"og:site_name\" content=\"Ralf 100M\" \/>\n<meta property=\"article:modified_time\" content=\"2025-12-18T11:04:31+00:00\" \/>\n<meta property=\"og:image\" content=\"https:\/\/ralf100m.de\/wp-content\/uploads\/2023\/01\/COPY-review-Dimensionen-einstellen.png\" \/>\n\t<meta property=\"og:image:width\" content=\"500\" \/>\n\t<meta property=\"og:image:height\" content=\"500\" \/>\n\t<meta property=\"og:image:type\" content=\"image\/png\" \/>\n<meta name=\"twitter:card\" content=\"summary_large_image\" \/>\n<meta name=\"twitter:label1\" content=\"Dur\u00e9e de lecture estim\u00e9e\" \/>\n\t<meta name=\"twitter:data1\" content=\"1 minute\" \/>\n<script type=\"application\/ld+json\" class=\"yoast-schema-graph\">{\"@context\":\"https:\\\/\\\/schema.org\",\"@graph\":[{\"@type\":\"WebPage\",\"@id\":\"https:\\\/\\\/ralf100m.de\\\/produkt\\\/5614-2\\\/\",\"url\":\"https:\\\/\\\/ralf100m.de\\\/produkt\\\/5614-2\\\/\",\"name\":\"TK-5614-1 Fibu 2 - Ralf 100M\",\"isPartOf\":{\"@id\":\"https:\\\/\\\/ralf100m.de\\\/#website\"},\"primaryImageOfPage\":{\"@id\":\"https:\\\/\\\/ralf100m.de\\\/produkt\\\/5614-2\\\/#primaryimage\"},\"image\":{\"@id\":\"https:\\\/\\\/ralf100m.de\\\/produkt\\\/5614-2\\\/#primaryimage\"},\"thumbnailUrl\":\"https:\\\/\\\/ralf100m.de\\\/wp-content\\\/uploads\\\/2023\\\/01\\\/COPY-review-Dimensionen-einstellen.png\",\"datePublished\":\"2023-01-28T20:03:25+00:00\",\"dateModified\":\"2025-12-18T11:04:31+00:00\",\"breadcrumb\":{\"@id\":\"https:\\\/\\\/ralf100m.de\\\/produkt\\\/5614-2\\\/#breadcrumb\"},\"inLanguage\":\"fr-FR\",\"potentialAction\":[{\"@type\":\"ReadAction\",\"target\":[\"https:\\\/\\\/ralf100m.de\\\/produkt\\\/5614-2\\\/\"]}]},{\"@type\":\"ImageObject\",\"inLanguage\":\"fr-FR\",\"@id\":\"https:\\\/\\\/ralf100m.de\\\/produkt\\\/5614-2\\\/#primaryimage\",\"url\":\"https:\\\/\\\/ralf100m.de\\\/wp-content\\\/uploads\\\/2023\\\/01\\\/COPY-review-Dimensionen-einstellen.png\",\"contentUrl\":\"https:\\\/\\\/ralf100m.de\\\/wp-content\\\/uploads\\\/2023\\\/01\\\/COPY-review-Dimensionen-einstellen.png\",\"width\":500,\"height\":500},{\"@type\":\"BreadcrumbList\",\"@id\":\"https:\\\/\\\/ralf100m.de\\\/produkt\\\/5614-2\\\/#breadcrumb\",\"itemListElement\":[{\"@type\":\"ListItem\",\"position\":1,\"name\":\"Startseite\",\"item\":\"https:\\\/\\\/ralf100m.de\\\/\"},{\"@type\":\"ListItem\",\"position\":2,\"name\":\"Shop\",\"item\":\"https:\\\/\\\/ralf100m.de\\\/shop\\\/\"},{\"@type\":\"ListItem\",\"position\":3,\"name\":\"TK-5614-1 Fibu 2\"}]},{\"@type\":\"WebSite\",\"@id\":\"https:\\\/\\\/ralf100m.de\\\/#website\",\"url\":\"https:\\\/\\\/ralf100m.de\\\/\",\"name\":\"Ralf 100M\",\"description\":\"\",\"publisher\":{\"@id\":\"https:\\\/\\\/ralf100m.de\\\/#\\\/schema\\\/person\\\/144d88d0c18fb8f5e6bd155752132c23\"},\"potentialAction\":[{\"@type\":\"SearchAction\",\"target\":{\"@type\":\"EntryPoint\",\"urlTemplate\":\"https:\\\/\\\/ralf100m.de\\\/?s={search_term_string}\"},\"query-input\":{\"@type\":\"PropertyValueSpecification\",\"valueRequired\":true,\"valueName\":\"search_term_string\"}}],\"inLanguage\":\"fr-FR\"},{\"@type\":[\"Person\",\"Organization\"],\"@id\":\"https:\\\/\\\/ralf100m.de\\\/#\\\/schema\\\/person\\\/144d88d0c18fb8f5e6bd155752132c23\",\"name\":\"wpulitkus\",\"image\":{\"@type\":\"ImageObject\",\"inLanguage\":\"fr-FR\",\"@id\":\"https:\\\/\\\/ralf100m.de\\\/wp-content\\\/uploads\\\/2023\\\/04\\\/ralf-200px-logo.jpg\",\"url\":\"https:\\\/\\\/ralf100m.de\\\/wp-content\\\/uploads\\\/2023\\\/04\\\/ralf-200px-logo.jpg\",\"contentUrl\":\"https:\\\/\\\/ralf100m.de\\\/wp-content\\\/uploads\\\/2023\\\/04\\\/ralf-200px-logo.jpg\",\"width\":400,\"height\":162,\"caption\":\"wpulitkus\"},\"logo\":{\"@id\":\"https:\\\/\\\/ralf100m.de\\\/wp-content\\\/uploads\\\/2023\\\/04\\\/ralf-200px-logo.jpg\"}}]}<\/script>\n<!-- \/ Yoast SEO plugin. -->","yoast_head_json":{"title":"TK-5614-1 COFI 2 - Ralf 100M","robots":{"index":"index","follow":"follow","max-snippet":"max-snippet:-1","max-image-preview":"max-image-preview:large","max-video-preview":"max-video-preview:-1"},"canonical":"https:\/\/ralf100m.de\/fr\/produit\/5614-2\/","og_locale":"fr_FR","og_type":"article","og_title":"TK-5614-1 Fibu 2 - Ralf 100M","og_description":"Finanzbuchf\u00fchrung Teil 2 basierend \/ Aufbaukurs nach Fibu 1  Unter bestimmten Voraussetzungen gew\u00e4hrt die VHS Kurspreiserm\u00e4\u00dfigung -&gt; 101,75 \u20ac Die Voraussetzungen f\u00fcr eine Kurspreiserm\u00e4\u00dfigung findest Du\u00a0hier.  Erm\u00e4\u00dfigungen k\u00f6nnen nur direkt \u00fcber die VHS per\u00a0Formular\u00a0gebucht werden.  Bitte ausgef\u00fcllt an anmeldung@vhstk.de \/ Kopie an mich (info@ralf100m.de) schicken und den Erm\u00e4\u00dfigungsnachweis mitsenden \/ ! Betrifft nur Anmeldungen mit Erm\u00e4\u00dfigung !  &nbsp;","og_url":"https:\/\/ralf100m.de\/fr\/produit\/5614-2\/","og_site_name":"Ralf 100M","article_modified_time":"2025-12-18T11:04:31+00:00","og_image":[{"width":500,"height":500,"url":"https:\/\/ralf100m.de\/wp-content\/uploads\/2023\/01\/COPY-review-Dimensionen-einstellen.png","type":"image\/png"}],"twitter_card":"summary_large_image","twitter_misc":{"Dur\u00e9e de lecture estim\u00e9e":"1 minute"},"schema":{"@context":"https:\/\/schema.org","@graph":[{"@type":"WebPage","@id":"https:\/\/ralf100m.de\/produkt\/5614-2\/","url":"https:\/\/ralf100m.de\/produkt\/5614-2\/","name":"TK-5614-1 COFI 2 - Ralf 100M","isPartOf":{"@id":"https:\/\/ralf100m.de\/#website"},"primaryImageOfPage":{"@id":"https:\/\/ralf100m.de\/produkt\/5614-2\/#primaryimage"},"image":{"@id":"https:\/\/ralf100m.de\/produkt\/5614-2\/#primaryimage"},"thumbnailUrl":"https:\/\/ralf100m.de\/wp-content\/uploads\/2023\/01\/COPY-review-Dimensionen-einstellen.png","datePublished":"2023-01-28T20:03:25+00:00","dateModified":"2025-12-18T11:04:31+00:00","breadcrumb":{"@id":"https:\/\/ralf100m.de\/produkt\/5614-2\/#breadcrumb"},"inLanguage":"fr-FR","potentialAction":[{"@type":"ReadAction","target":["https:\/\/ralf100m.de\/produkt\/5614-2\/"]}]},{"@type":"ImageObject","inLanguage":"fr-FR","@id":"https:\/\/ralf100m.de\/produkt\/5614-2\/#primaryimage","url":"https:\/\/ralf100m.de\/wp-content\/uploads\/2023\/01\/COPY-review-Dimensionen-einstellen.png","contentUrl":"https:\/\/ralf100m.de\/wp-content\/uploads\/2023\/01\/COPY-review-Dimensionen-einstellen.png","width":500,"height":500},{"@type":"BreadcrumbList","@id":"https:\/\/ralf100m.de\/produkt\/5614-2\/#breadcrumb","itemListElement":[{"@type":"ListItem","position":1,"name":"Startseite","item":"https:\/\/ralf100m.de\/"},{"@type":"ListItem","position":2,"name":"Shop","item":"https:\/\/ralf100m.de\/shop\/"},{"@type":"ListItem","position":3,"name":"TK-5614-1 Fibu 2"}]},{"@type":"WebSite","@id":"https:\/\/ralf100m.de\/#website","url":"https:\/\/ralf100m.de\/","name":"Ralf 100M","description":"","publisher":{"@id":"https:\/\/ralf100m.de\/#\/schema\/person\/144d88d0c18fb8f5e6bd155752132c23"},"potentialAction":[{"@type":"SearchAction","target":{"@type":"EntryPoint","urlTemplate":"https:\/\/ralf100m.de\/?s={search_term_string}"},"query-input":{"@type":"PropertyValueSpecification","valueRequired":true,"valueName":"search_term_string"}}],"inLanguage":"fr-FR"},{"@type":["Person","Organization"],"@id":"https:\/\/ralf100m.de\/#\/schema\/person\/144d88d0c18fb8f5e6bd155752132c23","name":"wpulitkus","image":{"@type":"ImageObject","inLanguage":"fr-FR","@id":"https:\/\/ralf100m.de\/wp-content\/uploads\/2023\/04\/ralf-200px-logo.jpg","url":"https:\/\/ralf100m.de\/wp-content\/uploads\/2023\/04\/ralf-200px-logo.jpg","contentUrl":"https:\/\/ralf100m.de\/wp-content\/uploads\/2023\/04\/ralf-200px-logo.jpg","width":400,"height":162,"caption":"wpulitkus"},"logo":{"@id":"https:\/\/ralf100m.de\/wp-content\/uploads\/2023\/04\/ralf-200px-logo.jpg"}}]}},"_links":{"self":[{"href":"https:\/\/ralf100m.de\/fr\/wp-json\/wp\/v2\/product\/4013","targetHints":{"allow":["GET"]}}],"collection":[{"href":"https:\/\/ralf100m.de\/fr\/wp-json\/wp\/v2\/product"}],"about":[{"href":"https:\/\/ralf100m.de\/fr\/wp-json\/wp\/v2\/types\/product"}],"wp:featuredmedia":[{"embeddable":true,"href":"https:\/\/ralf100m.de\/fr\/wp-json\/wp\/v2\/media\/4090"}],"wp:attachment":[{"href":"https:\/\/ralf100m.de\/fr\/wp-json\/wp\/v2\/media?parent=4013"}],"wp:term":[{"taxonomy":"product_brand","embeddable":true,"href":"https:\/\/ralf100m.de\/fr\/wp-json\/wp\/v2\/product_brand?post=4013"},{"taxonomy":"product_cat","embeddable":true,"href":"https:\/\/ralf100m.de\/fr\/wp-json\/wp\/v2\/product_cat?post=4013"},{"taxonomy":"product_tag","embeddable":true,"href":"https:\/\/ralf100m.de\/fr\/wp-json\/wp\/v2\/product_tag?post=4013"}],"curies":[{"name":"wp","href":"https:\/\/api.w.org\/{rel}","templated":true}]}}