{"id":4574,"date":"2023-06-25T14:31:03","date_gmt":"2023-06-25T12:31:03","guid":{"rendered":"https:\/\/ralf100m.de\/?post_type=product&#038;p=4574"},"modified":"2025-12-18T11:57:34","modified_gmt":"2025-12-18T10:57:34","slug":"datev-fibu-salaire-combine","status":"publish","type":"product","link":"https:\/\/ralf100m.de\/fr\/produkt\/datev-fibu-lohn-kombi\/","title":{"rendered":"TK-5628-fl Salaire COFI combin\u00e9"},"content":{"rendered":"<h4>Datev COFI et salaire en un seul paquet<\/h4>\n<p>Dans notre paquet, tu apprends \u00e0 conna\u00eetre et \u00e0 ma\u00eetriser aussi bien la comptabilit\u00e9 financi\u00e8re que la comptabilit\u00e9 salariale. Tu apprendras tout ce dont tu as besoin pour la pratique de la comptabilit\u00e9 et de la paie dans le service comptable d'une entreprise ou dans un bureau fiscal.<br \/>\nNous sommes \u00e0 ta disposition 24h\/24 et 7j\/7.<\/p>\n<p>Sur la plateforme VHS, tu re\u00e7ois des documents d'apprentissage, des vid\u00e9os et des devoirs. De plus, en t'inscrivant, tu obtiendras un acc\u00e8s au logiciel de comptabilit\u00e9 financi\u00e8re DATEV.<\/p>\n<p>Steffen Ismer (salaire) et moi-m\u00eame (COFI) t'encadrerons en tant que formateur pendant toute la dur\u00e9e du cours par t\u00e9l\u00e9phone \/ Skype \/ WhatsApp et, si n\u00e9cessaire, par un partage d'\u00e9cran.<\/p>\n<p>Avec le dipl\u00f4me, tu re\u00e7ois un <strong>Certificat <\/strong>de l'universit\u00e9 populaire de Treptow-K\u00f6penick \u00e0 <strong>Coop\u00e9ration avec Datev<\/strong> et te qualifie pour l'examen en <strong>XPert Business <\/strong>Programme partie 3 et pour le nouveau <strong>Certificat DATEV<\/strong> dans chaque VHS local dans toute l'Allemagne.<\/p>\n<p>&nbsp;<\/p>\n<ul>\n<li>Cr\u00e9ation d'un nouveau mandat \/ donn\u00e9es de base<\/li>\n<li>Traitement de la comptabilit\u00e9 dans DATEV Kanzlei-Rechnungswesen<\/li>\n<li>Documents num\u00e9riques<\/li>\n<li>Sauvegarde, importation et suppression des donn\u00e9es comptables<\/li>\n<li>\u00c9valuations de la comptabilit\u00e9 financi\u00e8re<\/li>\n<li>Travaux finaux \/ changement d'ann\u00e9e<\/li>\n<li>Beaucoup, beaucoup d'exercices pratiques<\/li>\n<\/ul>\n<p>Datev Lohn<\/p>\n<p><strong>Contenu du cours<\/strong><\/p>\n<p>A l'exemple de deux mandants types avec plusieurs employ\u00e9s, vous r\u00e9alisez de mani\u00e8re autonome des d\u00e9comptes de salaire avec diff\u00e9rents points forts et degr\u00e9s de difficult\u00e9. Les cas types sont tir\u00e9s du travail quotidien. Le s\u00e9minaire vous montre les possibilit\u00e9s d'une utilisation efficace de DATEV Salaires classic\/comfort pour votre utilisation future dans la pratique.<\/p>\n<p>DATEV Poste de travail et DATEV Salaire comfort<\/p>\n<p>&nbsp;<\/p>\n<p><strong>Gestion centralis\u00e9e des donn\u00e9es de base des mandants<\/strong><\/p>\n<p>Le chemin qui m\u00e8ne du poste de travail DATEV au domaine de prestations Salaires et traitements passe par des bases de connaissances, des aides au programme et des institutions pour aboutir finalement \u00e0 la cr\u00e9ation d'un nouveau mandant.<\/p>\n<p>&nbsp;<\/p>\n<p><strong>D\u00e9compte de salaire courant sur 12 mois avec DATEV Salaire et traitement comfort<\/strong><\/p>\n<p>Des donn\u00e9es de base correctes pour les collaborateurs sont l'alpha et l'om\u00e9ga de tout d\u00e9compte de salaire. Les donn\u00e9es de mouvement enregistrent les r\u00e9mun\u00e9rations en cours et le r\u00e9sultat de notre travail est visible dans les \u00e9valuations.<\/p>\n<p>&nbsp;<\/p>\n<p><strong>Mandant d'exercices pour l'auto-apprentissage<\/strong><\/p>\n<p>Baltasar Muster KG Fabrique de meubles<\/p>\n<p>En fonction de l'avancement de votre formation, vous serez en mesure de suivre et d'accompagner de mani\u00e8re autonome un \"propre\" client et ses collaborateurs en mati\u00e8re de d\u00e9compte de salaire sur une p\u00e9riode de 12 mois.<\/p>\n<p>Tu trouveras les conditions pour b\u00e9n\u00e9ficier d'une r\u00e9duction sur le prix des cours\u00a0<a href=\"https:\/\/tinyurl.com\/y7wbb46p\"><strong>ici<\/strong><\/a>.<br \/>\nLes r\u00e9ductions ne peuvent \u00eatre obtenues que directement aupr\u00e8s de la VHS par\u00a0<a href=\"http:\/\/ralf100m.de\/fr\/Kursanmeldung%20%2B%20Datenschutz.pdf\/\" target=\"_blank\" rel=\"noopener\"><strong>Formulaire<\/strong><\/a>\u00a0peuvent \u00eatre r\u00e9serv\u00e9s.<\/p>\n<p>Veuillez remplir le formulaire et l'envoyer \u00e0 anmeldung@vhstk.de \/ me faire parvenir une copie (info@ralf100m.de).<\/p>","protected":false},"excerpt":{"rendered":"<h4>Datev COFI et salaire en un seul paquet<\/h4>\n<p>Sous certaines conditions, la VHS accorde une r\u00e9duction du prix des cours -&gt; 383.30) \u20ac.<br \/>\nTu trouveras les conditions pour b\u00e9n\u00e9ficier d'une r\u00e9duction sur le prix des cours\u00a0<a href=\"https:\/\/tinyurl.com\/y7wbb46p\"><strong>ici<\/strong><\/a>.<\/p>\n<p>Les r\u00e9ductions ne peuvent \u00eatre obtenues que directement aupr\u00e8s de la VHS par\u00a0<a href=\"http:\/\/ralf100m.de\/fr\/Kursanmeldung%20%2B%20Datenschutz.pdf\/\" target=\"_blank\" rel=\"noopener\"><strong>Formulaire<\/strong><\/a>\u00a0peuvent \u00eatre r\u00e9serv\u00e9s.<\/p>\n<p>Merci de remplir le formulaire et de l'envoyer \u00e0 anmeldung@vhstk.de \/ copie \u00e0 moi (info@ralf100m.de) et d'y joindre le justificatif de r\u00e9duction \/ ! <strong>Ne concerne que les inscriptions avec r\u00e9duction !<\/strong><\/p>\n<p>&nbsp;<\/p>","protected":false},"featured_media":4579,"template":"","meta":[],"product_brand":[],"product_cat":[37],"product_tag":[],"class_list":{"0":"post-4574","1":"product","2":"type-product","3":"status-publish","4":"has-post-thumbnail","6":"product_cat-vhs-online-kurse","8":"first","9":"instock","10":"virtual","11":"taxable","12":"purchasable","13":"product-type-simple"},"yoast_head":"<!-- This site is optimized with the Yoast SEO plugin v27.5 - https:\/\/yoast.com\/product\/yoast-seo-wordpress\/ -->\n<title>TK-5628-fl Fibu Lohn Kombi - Ralf 100M<\/title>\n<meta name=\"robots\" content=\"index, follow, max-snippet:-1, max-image-preview:large, max-video-preview:-1\" \/>\n<link rel=\"canonical\" href=\"https:\/\/ralf100m.de\/fr\/produit\/datev-fibu-salaire-combine\/\" \/>\n<meta property=\"og:locale\" content=\"fr_FR\" \/>\n<meta property=\"og:type\" content=\"article\" \/>\n<meta property=\"og:title\" content=\"TK-5628-fl Fibu Lohn Kombi - Ralf 100M\" \/>\n<meta property=\"og:description\" content=\"Datev Fibu und Lohn\u00a0 in einem\u00a0 Paket Unter bestimmten Voraussetzungen gew\u00e4hrt die VHS Kurspreiserm\u00e4\u00dfigung -&gt; 383.30) \u20ac Die Voraussetzungen f\u00fcr eine Kurspreiserm\u00e4\u00dfigung findest Du\u00a0hier.  Erm\u00e4\u00dfigungen k\u00f6nnen nur direkt \u00fcber die VHS per\u00a0Formular\u00a0gebucht werden.  Bitte ausgef\u00fcllt an anmeldung@vhstk.de \/ Kopie an mich (info@ralf100m.de) schicken und den Erm\u00e4\u00dfigungsnachweis mitsenden \/ ! Betrifft nur Anmeldungen mit Erm\u00e4\u00dfigung !  &nbsp;\" \/>\n<meta property=\"og:url\" content=\"https:\/\/ralf100m.de\/fr\/produit\/datev-fibu-salaire-combine\/\" \/>\n<meta property=\"og:site_name\" content=\"Ralf 100M\" \/>\n<meta property=\"article:modified_time\" content=\"2025-12-18T10:57:34+00:00\" \/>\n<meta property=\"og:image\" content=\"https:\/\/ralf100m.de\/wp-content\/uploads\/2023\/06\/Datev-Fibu-Lohn-Kombi.png\" \/>\n\t<meta property=\"og:image:width\" content=\"500\" \/>\n\t<meta property=\"og:image:height\" content=\"500\" \/>\n\t<meta property=\"og:image:type\" content=\"image\/png\" \/>\n<meta name=\"twitter:card\" content=\"summary_large_image\" \/>\n<meta name=\"twitter:label1\" content=\"Dur\u00e9e de lecture estim\u00e9e\" \/>\n\t<meta name=\"twitter:data1\" content=\"3 minutes\" \/>\n<script type=\"application\/ld+json\" class=\"yoast-schema-graph\">{\"@context\":\"https:\\\/\\\/schema.org\",\"@graph\":[{\"@type\":\"WebPage\",\"@id\":\"https:\\\/\\\/ralf100m.de\\\/produkt\\\/datev-fibu-lohn-kombi\\\/\",\"url\":\"https:\\\/\\\/ralf100m.de\\\/produkt\\\/datev-fibu-lohn-kombi\\\/\",\"name\":\"TK-5628-fl Fibu Lohn Kombi - Ralf 100M\",\"isPartOf\":{\"@id\":\"https:\\\/\\\/ralf100m.de\\\/#website\"},\"primaryImageOfPage\":{\"@id\":\"https:\\\/\\\/ralf100m.de\\\/produkt\\\/datev-fibu-lohn-kombi\\\/#primaryimage\"},\"image\":{\"@id\":\"https:\\\/\\\/ralf100m.de\\\/produkt\\\/datev-fibu-lohn-kombi\\\/#primaryimage\"},\"thumbnailUrl\":\"https:\\\/\\\/ralf100m.de\\\/wp-content\\\/uploads\\\/2023\\\/06\\\/Datev-Fibu-Lohn-Kombi.png\",\"datePublished\":\"2023-06-25T12:31:03+00:00\",\"dateModified\":\"2025-12-18T10:57:34+00:00\",\"breadcrumb\":{\"@id\":\"https:\\\/\\\/ralf100m.de\\\/produkt\\\/datev-fibu-lohn-kombi\\\/#breadcrumb\"},\"inLanguage\":\"fr-FR\",\"potentialAction\":[{\"@type\":\"ReadAction\",\"target\":[\"https:\\\/\\\/ralf100m.de\\\/produkt\\\/datev-fibu-lohn-kombi\\\/\"]}]},{\"@type\":\"ImageObject\",\"inLanguage\":\"fr-FR\",\"@id\":\"https:\\\/\\\/ralf100m.de\\\/produkt\\\/datev-fibu-lohn-kombi\\\/#primaryimage\",\"url\":\"https:\\\/\\\/ralf100m.de\\\/wp-content\\\/uploads\\\/2023\\\/06\\\/Datev-Fibu-Lohn-Kombi.png\",\"contentUrl\":\"https:\\\/\\\/ralf100m.de\\\/wp-content\\\/uploads\\\/2023\\\/06\\\/Datev-Fibu-Lohn-Kombi.png\",\"width\":500,\"height\":500,\"caption\":\"Datev Fibu + Lohn Kombi\"},{\"@type\":\"BreadcrumbList\",\"@id\":\"https:\\\/\\\/ralf100m.de\\\/produkt\\\/datev-fibu-lohn-kombi\\\/#breadcrumb\",\"itemListElement\":[{\"@type\":\"ListItem\",\"position\":1,\"name\":\"Startseite\",\"item\":\"https:\\\/\\\/ralf100m.de\\\/\"},{\"@type\":\"ListItem\",\"position\":2,\"name\":\"Shop\",\"item\":\"https:\\\/\\\/ralf100m.de\\\/shop\\\/\"},{\"@type\":\"ListItem\",\"position\":3,\"name\":\"TK-5628-fl Fibu Lohn Kombi\"}]},{\"@type\":\"WebSite\",\"@id\":\"https:\\\/\\\/ralf100m.de\\\/#website\",\"url\":\"https:\\\/\\\/ralf100m.de\\\/\",\"name\":\"Ralf 100M\",\"description\":\"\",\"publisher\":{\"@id\":\"https:\\\/\\\/ralf100m.de\\\/#\\\/schema\\\/person\\\/144d88d0c18fb8f5e6bd155752132c23\"},\"potentialAction\":[{\"@type\":\"SearchAction\",\"target\":{\"@type\":\"EntryPoint\",\"urlTemplate\":\"https:\\\/\\\/ralf100m.de\\\/?s={search_term_string}\"},\"query-input\":{\"@type\":\"PropertyValueSpecification\",\"valueRequired\":true,\"valueName\":\"search_term_string\"}}],\"inLanguage\":\"fr-FR\"},{\"@type\":[\"Person\",\"Organization\"],\"@id\":\"https:\\\/\\\/ralf100m.de\\\/#\\\/schema\\\/person\\\/144d88d0c18fb8f5e6bd155752132c23\",\"name\":\"wpulitkus\",\"image\":{\"@type\":\"ImageObject\",\"inLanguage\":\"fr-FR\",\"@id\":\"https:\\\/\\\/ralf100m.de\\\/wp-content\\\/uploads\\\/2023\\\/04\\\/ralf-200px-logo.jpg\",\"url\":\"https:\\\/\\\/ralf100m.de\\\/wp-content\\\/uploads\\\/2023\\\/04\\\/ralf-200px-logo.jpg\",\"contentUrl\":\"https:\\\/\\\/ralf100m.de\\\/wp-content\\\/uploads\\\/2023\\\/04\\\/ralf-200px-logo.jpg\",\"width\":400,\"height\":162,\"caption\":\"wpulitkus\"},\"logo\":{\"@id\":\"https:\\\/\\\/ralf100m.de\\\/wp-content\\\/uploads\\\/2023\\\/04\\\/ralf-200px-logo.jpg\"}}]}<\/script>\n<!-- \/ Yoast SEO plugin. -->","yoast_head_json":{"title":"TK-5628-fl Salaire COFI combin\u00e9 - Ralf 100M","robots":{"index":"index","follow":"follow","max-snippet":"max-snippet:-1","max-image-preview":"max-image-preview:large","max-video-preview":"max-video-preview:-1"},"canonical":"https:\/\/ralf100m.de\/fr\/produit\/datev-fibu-salaire-combine\/","og_locale":"fr_FR","og_type":"article","og_title":"TK-5628-fl Fibu Lohn Kombi - Ralf 100M","og_description":"Datev Fibu und Lohn\u00a0 in einem\u00a0 Paket Unter bestimmten Voraussetzungen gew\u00e4hrt die VHS Kurspreiserm\u00e4\u00dfigung -&gt; 383.30) \u20ac Die Voraussetzungen f\u00fcr eine Kurspreiserm\u00e4\u00dfigung findest Du\u00a0hier.  Erm\u00e4\u00dfigungen k\u00f6nnen nur direkt \u00fcber die VHS per\u00a0Formular\u00a0gebucht werden.  Bitte ausgef\u00fcllt an anmeldung@vhstk.de \/ Kopie an mich (info@ralf100m.de) schicken und den Erm\u00e4\u00dfigungsnachweis mitsenden \/ ! Betrifft nur Anmeldungen mit Erm\u00e4\u00dfigung !  &nbsp;","og_url":"https:\/\/ralf100m.de\/fr\/produit\/datev-fibu-salaire-combine\/","og_site_name":"Ralf 100M","article_modified_time":"2025-12-18T10:57:34+00:00","og_image":[{"width":500,"height":500,"url":"https:\/\/ralf100m.de\/wp-content\/uploads\/2023\/06\/Datev-Fibu-Lohn-Kombi.png","type":"image\/png"}],"twitter_card":"summary_large_image","twitter_misc":{"Dur\u00e9e de lecture estim\u00e9e":"3 minutes"},"schema":{"@context":"https:\/\/schema.org","@graph":[{"@type":"WebPage","@id":"https:\/\/ralf100m.de\/produkt\/datev-fibu-lohn-kombi\/","url":"https:\/\/ralf100m.de\/produkt\/datev-fibu-lohn-kombi\/","name":"TK-5628-fl Salaire COFI combin\u00e9 - Ralf 100M","isPartOf":{"@id":"https:\/\/ralf100m.de\/#website"},"primaryImageOfPage":{"@id":"https:\/\/ralf100m.de\/produkt\/datev-fibu-lohn-kombi\/#primaryimage"},"image":{"@id":"https:\/\/ralf100m.de\/produkt\/datev-fibu-lohn-kombi\/#primaryimage"},"thumbnailUrl":"https:\/\/ralf100m.de\/wp-content\/uploads\/2023\/06\/Datev-Fibu-Lohn-Kombi.png","datePublished":"2023-06-25T12:31:03+00:00","dateModified":"2025-12-18T10:57:34+00:00","breadcrumb":{"@id":"https:\/\/ralf100m.de\/produkt\/datev-fibu-lohn-kombi\/#breadcrumb"},"inLanguage":"fr-FR","potentialAction":[{"@type":"ReadAction","target":["https:\/\/ralf100m.de\/produkt\/datev-fibu-lohn-kombi\/"]}]},{"@type":"ImageObject","inLanguage":"fr-FR","@id":"https:\/\/ralf100m.de\/produkt\/datev-fibu-lohn-kombi\/#primaryimage","url":"https:\/\/ralf100m.de\/wp-content\/uploads\/2023\/06\/Datev-Fibu-Lohn-Kombi.png","contentUrl":"https:\/\/ralf100m.de\/wp-content\/uploads\/2023\/06\/Datev-Fibu-Lohn-Kombi.png","width":500,"height":500,"caption":"Datev Fibu + Lohn Kombi"},{"@type":"BreadcrumbList","@id":"https:\/\/ralf100m.de\/produkt\/datev-fibu-lohn-kombi\/#breadcrumb","itemListElement":[{"@type":"ListItem","position":1,"name":"Startseite","item":"https:\/\/ralf100m.de\/"},{"@type":"ListItem","position":2,"name":"Shop","item":"https:\/\/ralf100m.de\/shop\/"},{"@type":"ListItem","position":3,"name":"TK-5628-fl Fibu Lohn Kombi"}]},{"@type":"WebSite","@id":"https:\/\/ralf100m.de\/#website","url":"https:\/\/ralf100m.de\/","name":"Ralf 100M","description":"","publisher":{"@id":"https:\/\/ralf100m.de\/#\/schema\/person\/144d88d0c18fb8f5e6bd155752132c23"},"potentialAction":[{"@type":"SearchAction","target":{"@type":"EntryPoint","urlTemplate":"https:\/\/ralf100m.de\/?s={search_term_string}"},"query-input":{"@type":"PropertyValueSpecification","valueRequired":true,"valueName":"search_term_string"}}],"inLanguage":"fr-FR"},{"@type":["Person","Organization"],"@id":"https:\/\/ralf100m.de\/#\/schema\/person\/144d88d0c18fb8f5e6bd155752132c23","name":"wpulitkus","image":{"@type":"ImageObject","inLanguage":"fr-FR","@id":"https:\/\/ralf100m.de\/wp-content\/uploads\/2023\/04\/ralf-200px-logo.jpg","url":"https:\/\/ralf100m.de\/wp-content\/uploads\/2023\/04\/ralf-200px-logo.jpg","contentUrl":"https:\/\/ralf100m.de\/wp-content\/uploads\/2023\/04\/ralf-200px-logo.jpg","width":400,"height":162,"caption":"wpulitkus"},"logo":{"@id":"https:\/\/ralf100m.de\/wp-content\/uploads\/2023\/04\/ralf-200px-logo.jpg"}}]}},"_links":{"self":[{"href":"https:\/\/ralf100m.de\/fr\/wp-json\/wp\/v2\/product\/4574","targetHints":{"allow":["GET"]}}],"collection":[{"href":"https:\/\/ralf100m.de\/fr\/wp-json\/wp\/v2\/product"}],"about":[{"href":"https:\/\/ralf100m.de\/fr\/wp-json\/wp\/v2\/types\/product"}],"wp:featuredmedia":[{"embeddable":true,"href":"https:\/\/ralf100m.de\/fr\/wp-json\/wp\/v2\/media\/4579"}],"wp:attachment":[{"href":"https:\/\/ralf100m.de\/fr\/wp-json\/wp\/v2\/media?parent=4574"}],"wp:term":[{"taxonomy":"product_brand","embeddable":true,"href":"https:\/\/ralf100m.de\/fr\/wp-json\/wp\/v2\/product_brand?post=4574"},{"taxonomy":"product_cat","embeddable":true,"href":"https:\/\/ralf100m.de\/fr\/wp-json\/wp\/v2\/product_cat?post=4574"},{"taxonomy":"product_tag","embeddable":true,"href":"https:\/\/ralf100m.de\/fr\/wp-json\/wp\/v2\/product_tag?post=4574"}],"curies":[{"name":"wp","href":"https:\/\/api.w.org\/{rel}","templated":true}]}}