{"id":4723,"date":"2023-09-12T20:01:21","date_gmt":"2023-09-12T18:01:21","guid":{"rendered":"https:\/\/ralf100m.de\/?post_type=product&#038;p=4723"},"modified":"2025-12-18T11:28:45","modified_gmt":"2025-12-18T10:28:45","slug":"cours-en-ligne-datev-lohn","status":"publish","type":"product","link":"https:\/\/ralf100m.de\/fr\/produkt\/datev-lohn-online-kurs\/","title":{"rendered":"TK-5636 Datev Salaire | Ismer seulement"},"content":{"rendered":"<p>Dans notre s\u00e9minaire en ligne Datev en coop\u00e9ration avec la VHS TK Berlin, tu peux apprendre Datev, plus pr\u00e9cis\u00e9ment \u00e0 conna\u00eetre et \u00e0 ma\u00eetriser la comptabilit\u00e9 salariale DATEV. Dans notre formation Datev, tu apprendras tout ce que tu dois savoir pour la pratique de la paie avec <strong><a title=\"Page d&#039;accueil Datev\" href=\"https:\/\/www.datev.de\/\" target=\"_blank\" rel=\"noopener noreferrer\">Datev<\/a> <\/strong>dans un service de facturation ou un bureau fiscal.<\/p>\n<ul>\n<li>Gestion centralis\u00e9e des donn\u00e9es de base des mandants<\/li>\n<li>D\u00e9compte de salaire courant sur 12 mois avec DATEV Salaire et traitement comfort<\/li>\n<li>Mandant d'exercice pour l'\u00e9tude autonomeBaltasar Muster KG M\u00f6belfabrik<\/li>\n<li>Beaucoup, beaucoup d'exercices pratiques<\/li>\n<\/ul>\n<p>Tu trouveras les conditions pour b\u00e9n\u00e9ficier d'une r\u00e9duction sur le prix des cours\u00a0<a href=\"https:\/\/tinyurl.com\/y7wbb46p\"><strong>ici<\/strong><\/a>.<\/p>\n<h4>Ne concerne que les r\u00e9ductions !<\/h4>\n<p>Les r\u00e9ductions ne peuvent \u00eatre obtenues que directement aupr\u00e8s de la VHS par\u00a0<a href=\"http:\/\/ralf100m.de\/fr\/Kursanmeldung%20%2B%20Datenschutz.pdf\/\" target=\"_blank\" rel=\"noopener\"><strong>Formulaire<\/strong><\/a>\u00a0peuvent \u00eatre r\u00e9serv\u00e9s.<\/p>\n<p>Veuillez remplir le formulaire et l'envoyer \u00e0 anmeldung@vhstk.de \/ me faire parvenir une copie (info@ralf100m.de).<\/p>","protected":false},"excerpt":{"rendered":"<p>Datev Comptabilit\u00e9 des salaires Salaire &amp; Comfort de A \u00e0 Z<\/p>\n<p>Sous certaines conditions, la VHS accorde une r\u00e9duction sur le prix des cours -&gt; 203,75 \u20ac.<br \/>\nTu trouveras les conditions pour b\u00e9n\u00e9ficier d'une r\u00e9duction sur le prix des cours\u00a0<a href=\"https:\/\/tinyurl.com\/y7wbb46p\"><strong>ici<\/strong><\/a>.<\/p>\n<p>Les r\u00e9ductions ne peuvent \u00eatre obtenues que directement aupr\u00e8s de la VHS par\u00a0<a href=\"http:\/\/ralf100m.de\/fr\/Kursanmeldung%20%2B%20Datenschutz.pdf\/\" target=\"_blank\" rel=\"noopener\"><strong>Formulaire<\/strong><\/a>\u00a0peuvent \u00eatre r\u00e9serv\u00e9s.<\/p>\n<p>Merci de remplir le formulaire et de l'envoyer \u00e0 anmeldung@vhstk.de \/ copie \u00e0 moi (info@ralf100m.de) et d'y joindre le justificatif de r\u00e9duction \/ ! <strong>Ne concerne que les inscriptions avec r\u00e9duction !<\/strong><\/p>\n<p>&nbsp;<\/p>","protected":false},"featured_media":4537,"template":"","meta":[],"product_brand":[],"product_cat":[37],"product_tag":[],"class_list":{"0":"post-4723","1":"product","2":"type-product","3":"status-publish","4":"has-post-thumbnail","6":"product_cat-vhs-online-kurse","8":"first","9":"instock","10":"virtual","11":"taxable","12":"purchasable","13":"product-type-simple"},"yoast_head":"<!-- This site is optimized with the Yoast SEO plugin v27.5 - https:\/\/yoast.com\/product\/yoast-seo-wordpress\/ -->\n<title>TK-5636 Datev Lohn | nur Ismer - Ralf 100M<\/title>\n<meta name=\"robots\" content=\"index, follow, max-snippet:-1, max-image-preview:large, max-video-preview:-1\" \/>\n<link rel=\"canonical\" href=\"https:\/\/ralf100m.de\/fr\/produit\/cours-en-ligne-datev-lohn\/\" \/>\n<meta property=\"og:locale\" content=\"fr_FR\" \/>\n<meta property=\"og:type\" content=\"article\" \/>\n<meta property=\"og:title\" content=\"TK-5636 Datev Lohn | nur Ismer - Ralf 100M\" \/>\n<meta property=\"og:description\" content=\"Datev Lohnbuchhaltung Lohn &amp; Gehalt Comfort\u00a0 von A-Z  Unter bestimmten Voraussetzungen gew\u00e4hrt die VHS Kurspreiserm\u00e4\u00dfigung -&gt; 203,75 \u20ac Die Voraussetzungen f\u00fcr eine Kurspreiserm\u00e4\u00dfigung findest Du\u00a0hier.  Erm\u00e4\u00dfigungen k\u00f6nnen nur direkt \u00fcber die VHS per\u00a0Formular\u00a0gebucht werden.  Bitte ausgef\u00fcllt an anmeldung@vhstk.de \/ Kopie an mich (info@ralf100m.de) schicken und den Erm\u00e4\u00dfigungsnachweis mitsenden \/ ! Betrifft nur Anmeldungen mit Erm\u00e4\u00dfigung !  &nbsp;\" \/>\n<meta property=\"og:url\" content=\"https:\/\/ralf100m.de\/fr\/produit\/cours-en-ligne-datev-lohn\/\" \/>\n<meta property=\"og:site_name\" content=\"Ralf 100M\" \/>\n<meta property=\"article:modified_time\" content=\"2025-12-18T10:28:45+00:00\" \/>\n<meta property=\"og:image\" content=\"https:\/\/ralf100m.de\/wp-content\/uploads\/2023\/06\/Fibu-Lohn-Gehalt.jpeg\" \/>\n\t<meta property=\"og:image:width\" content=\"1000\" \/>\n\t<meta property=\"og:image:height\" content=\"1000\" \/>\n\t<meta property=\"og:image:type\" content=\"image\/jpeg\" \/>\n<meta name=\"twitter:card\" content=\"summary_large_image\" \/>\n<meta name=\"twitter:label1\" content=\"Dur\u00e9e de lecture estim\u00e9e\" \/>\n\t<meta name=\"twitter:data1\" content=\"1 minute\" \/>\n<script type=\"application\/ld+json\" class=\"yoast-schema-graph\">{\"@context\":\"https:\\\/\\\/schema.org\",\"@graph\":[{\"@type\":\"WebPage\",\"@id\":\"https:\\\/\\\/ralf100m.de\\\/produkt\\\/datev-lohn-online-kurs\\\/\",\"url\":\"https:\\\/\\\/ralf100m.de\\\/produkt\\\/datev-lohn-online-kurs\\\/\",\"name\":\"TK-5636 Datev Lohn | nur Ismer - Ralf 100M\",\"isPartOf\":{\"@id\":\"https:\\\/\\\/ralf100m.de\\\/#website\"},\"primaryImageOfPage\":{\"@id\":\"https:\\\/\\\/ralf100m.de\\\/produkt\\\/datev-lohn-online-kurs\\\/#primaryimage\"},\"image\":{\"@id\":\"https:\\\/\\\/ralf100m.de\\\/produkt\\\/datev-lohn-online-kurs\\\/#primaryimage\"},\"thumbnailUrl\":\"https:\\\/\\\/ralf100m.de\\\/wp-content\\\/uploads\\\/2023\\\/06\\\/Fibu-Lohn-Gehalt.jpeg\",\"datePublished\":\"2023-09-12T18:01:21+00:00\",\"dateModified\":\"2025-12-18T10:28:45+00:00\",\"breadcrumb\":{\"@id\":\"https:\\\/\\\/ralf100m.de\\\/produkt\\\/datev-lohn-online-kurs\\\/#breadcrumb\"},\"inLanguage\":\"fr-FR\",\"potentialAction\":[{\"@type\":\"ReadAction\",\"target\":[\"https:\\\/\\\/ralf100m.de\\\/produkt\\\/datev-lohn-online-kurs\\\/\"]}]},{\"@type\":\"ImageObject\",\"inLanguage\":\"fr-FR\",\"@id\":\"https:\\\/\\\/ralf100m.de\\\/produkt\\\/datev-lohn-online-kurs\\\/#primaryimage\",\"url\":\"https:\\\/\\\/ralf100m.de\\\/wp-content\\\/uploads\\\/2023\\\/06\\\/Fibu-Lohn-Gehalt.jpeg\",\"contentUrl\":\"https:\\\/\\\/ralf100m.de\\\/wp-content\\\/uploads\\\/2023\\\/06\\\/Fibu-Lohn-Gehalt.jpeg\",\"width\":1000,\"height\":1000},{\"@type\":\"BreadcrumbList\",\"@id\":\"https:\\\/\\\/ralf100m.de\\\/produkt\\\/datev-lohn-online-kurs\\\/#breadcrumb\",\"itemListElement\":[{\"@type\":\"ListItem\",\"position\":1,\"name\":\"Startseite\",\"item\":\"https:\\\/\\\/ralf100m.de\\\/\"},{\"@type\":\"ListItem\",\"position\":2,\"name\":\"Shop\",\"item\":\"https:\\\/\\\/ralf100m.de\\\/shop\\\/\"},{\"@type\":\"ListItem\",\"position\":3,\"name\":\"TK-5636 Datev Lohn | nur Ismer\"}]},{\"@type\":\"WebSite\",\"@id\":\"https:\\\/\\\/ralf100m.de\\\/#website\",\"url\":\"https:\\\/\\\/ralf100m.de\\\/\",\"name\":\"Ralf 100M\",\"description\":\"\",\"publisher\":{\"@id\":\"https:\\\/\\\/ralf100m.de\\\/#\\\/schema\\\/person\\\/144d88d0c18fb8f5e6bd155752132c23\"},\"potentialAction\":[{\"@type\":\"SearchAction\",\"target\":{\"@type\":\"EntryPoint\",\"urlTemplate\":\"https:\\\/\\\/ralf100m.de\\\/?s={search_term_string}\"},\"query-input\":{\"@type\":\"PropertyValueSpecification\",\"valueRequired\":true,\"valueName\":\"search_term_string\"}}],\"inLanguage\":\"fr-FR\"},{\"@type\":[\"Person\",\"Organization\"],\"@id\":\"https:\\\/\\\/ralf100m.de\\\/#\\\/schema\\\/person\\\/144d88d0c18fb8f5e6bd155752132c23\",\"name\":\"wpulitkus\",\"image\":{\"@type\":\"ImageObject\",\"inLanguage\":\"fr-FR\",\"@id\":\"https:\\\/\\\/ralf100m.de\\\/wp-content\\\/uploads\\\/2023\\\/04\\\/ralf-200px-logo.jpg\",\"url\":\"https:\\\/\\\/ralf100m.de\\\/wp-content\\\/uploads\\\/2023\\\/04\\\/ralf-200px-logo.jpg\",\"contentUrl\":\"https:\\\/\\\/ralf100m.de\\\/wp-content\\\/uploads\\\/2023\\\/04\\\/ralf-200px-logo.jpg\",\"width\":400,\"height\":162,\"caption\":\"wpulitkus\"},\"logo\":{\"@id\":\"https:\\\/\\\/ralf100m.de\\\/wp-content\\\/uploads\\\/2023\\\/04\\\/ralf-200px-logo.jpg\"}}]}<\/script>\n<!-- \/ Yoast SEO plugin. -->","yoast_head_json":{"title":"TK-5636 Datev Lohn | seulement Ismer - Ralf 100M","robots":{"index":"index","follow":"follow","max-snippet":"max-snippet:-1","max-image-preview":"max-image-preview:large","max-video-preview":"max-video-preview:-1"},"canonical":"https:\/\/ralf100m.de\/fr\/produit\/cours-en-ligne-datev-lohn\/","og_locale":"fr_FR","og_type":"article","og_title":"TK-5636 Datev Lohn | nur Ismer - Ralf 100M","og_description":"Datev Lohnbuchhaltung Lohn &amp; Gehalt Comfort\u00a0 von A-Z  Unter bestimmten Voraussetzungen gew\u00e4hrt die VHS Kurspreiserm\u00e4\u00dfigung -&gt; 203,75 \u20ac Die Voraussetzungen f\u00fcr eine Kurspreiserm\u00e4\u00dfigung findest Du\u00a0hier.  Erm\u00e4\u00dfigungen k\u00f6nnen nur direkt \u00fcber die VHS per\u00a0Formular\u00a0gebucht werden.  Bitte ausgef\u00fcllt an anmeldung@vhstk.de \/ Kopie an mich (info@ralf100m.de) schicken und den Erm\u00e4\u00dfigungsnachweis mitsenden \/ ! Betrifft nur Anmeldungen mit Erm\u00e4\u00dfigung !  &nbsp;","og_url":"https:\/\/ralf100m.de\/fr\/produit\/cours-en-ligne-datev-lohn\/","og_site_name":"Ralf 100M","article_modified_time":"2025-12-18T10:28:45+00:00","og_image":[{"width":1000,"height":1000,"url":"https:\/\/ralf100m.de\/wp-content\/uploads\/2023\/06\/Fibu-Lohn-Gehalt.jpeg","type":"image\/jpeg"}],"twitter_card":"summary_large_image","twitter_misc":{"Dur\u00e9e de lecture estim\u00e9e":"1 minute"},"schema":{"@context":"https:\/\/schema.org","@graph":[{"@type":"WebPage","@id":"https:\/\/ralf100m.de\/produkt\/datev-lohn-online-kurs\/","url":"https:\/\/ralf100m.de\/produkt\/datev-lohn-online-kurs\/","name":"TK-5636 Datev Lohn | seulement Ismer - Ralf 100M","isPartOf":{"@id":"https:\/\/ralf100m.de\/#website"},"primaryImageOfPage":{"@id":"https:\/\/ralf100m.de\/produkt\/datev-lohn-online-kurs\/#primaryimage"},"image":{"@id":"https:\/\/ralf100m.de\/produkt\/datev-lohn-online-kurs\/#primaryimage"},"thumbnailUrl":"https:\/\/ralf100m.de\/wp-content\/uploads\/2023\/06\/Fibu-Lohn-Gehalt.jpeg","datePublished":"2023-09-12T18:01:21+00:00","dateModified":"2025-12-18T10:28:45+00:00","breadcrumb":{"@id":"https:\/\/ralf100m.de\/produkt\/datev-lohn-online-kurs\/#breadcrumb"},"inLanguage":"fr-FR","potentialAction":[{"@type":"ReadAction","target":["https:\/\/ralf100m.de\/produkt\/datev-lohn-online-kurs\/"]}]},{"@type":"ImageObject","inLanguage":"fr-FR","@id":"https:\/\/ralf100m.de\/produkt\/datev-lohn-online-kurs\/#primaryimage","url":"https:\/\/ralf100m.de\/wp-content\/uploads\/2023\/06\/Fibu-Lohn-Gehalt.jpeg","contentUrl":"https:\/\/ralf100m.de\/wp-content\/uploads\/2023\/06\/Fibu-Lohn-Gehalt.jpeg","width":1000,"height":1000},{"@type":"BreadcrumbList","@id":"https:\/\/ralf100m.de\/produkt\/datev-lohn-online-kurs\/#breadcrumb","itemListElement":[{"@type":"ListItem","position":1,"name":"Startseite","item":"https:\/\/ralf100m.de\/"},{"@type":"ListItem","position":2,"name":"Shop","item":"https:\/\/ralf100m.de\/shop\/"},{"@type":"ListItem","position":3,"name":"TK-5636 Datev Lohn | nur Ismer"}]},{"@type":"WebSite","@id":"https:\/\/ralf100m.de\/#website","url":"https:\/\/ralf100m.de\/","name":"Ralf 100M","description":"","publisher":{"@id":"https:\/\/ralf100m.de\/#\/schema\/person\/144d88d0c18fb8f5e6bd155752132c23"},"potentialAction":[{"@type":"SearchAction","target":{"@type":"EntryPoint","urlTemplate":"https:\/\/ralf100m.de\/?s={search_term_string}"},"query-input":{"@type":"PropertyValueSpecification","valueRequired":true,"valueName":"search_term_string"}}],"inLanguage":"fr-FR"},{"@type":["Person","Organization"],"@id":"https:\/\/ralf100m.de\/#\/schema\/person\/144d88d0c18fb8f5e6bd155752132c23","name":"wpulitkus","image":{"@type":"ImageObject","inLanguage":"fr-FR","@id":"https:\/\/ralf100m.de\/wp-content\/uploads\/2023\/04\/ralf-200px-logo.jpg","url":"https:\/\/ralf100m.de\/wp-content\/uploads\/2023\/04\/ralf-200px-logo.jpg","contentUrl":"https:\/\/ralf100m.de\/wp-content\/uploads\/2023\/04\/ralf-200px-logo.jpg","width":400,"height":162,"caption":"wpulitkus"},"logo":{"@id":"https:\/\/ralf100m.de\/wp-content\/uploads\/2023\/04\/ralf-200px-logo.jpg"}}]}},"_links":{"self":[{"href":"https:\/\/ralf100m.de\/fr\/wp-json\/wp\/v2\/product\/4723","targetHints":{"allow":["GET"]}}],"collection":[{"href":"https:\/\/ralf100m.de\/fr\/wp-json\/wp\/v2\/product"}],"about":[{"href":"https:\/\/ralf100m.de\/fr\/wp-json\/wp\/v2\/types\/product"}],"wp:featuredmedia":[{"embeddable":true,"href":"https:\/\/ralf100m.de\/fr\/wp-json\/wp\/v2\/media\/4537"}],"wp:attachment":[{"href":"https:\/\/ralf100m.de\/fr\/wp-json\/wp\/v2\/media?parent=4723"}],"wp:term":[{"taxonomy":"product_brand","embeddable":true,"href":"https:\/\/ralf100m.de\/fr\/wp-json\/wp\/v2\/product_brand?post=4723"},{"taxonomy":"product_cat","embeddable":true,"href":"https:\/\/ralf100m.de\/fr\/wp-json\/wp\/v2\/product_cat?post=4723"},{"taxonomy":"product_tag","embeddable":true,"href":"https:\/\/ralf100m.de\/fr\/wp-json\/wp\/v2\/product_tag?post=4723"}],"curies":[{"name":"wp","href":"https:\/\/api.w.org\/{rel}","templated":true}]}}