{"id":5645,"date":"2024-10-14T11:02:31","date_gmt":"2024-10-14T09:02:31","guid":{"rendered":"https:\/\/ralf100m.de\/?post_type=product&#038;p=5645"},"modified":"2025-12-18T11:58:55","modified_gmt":"2025-12-18T10:58:55","slug":"salaire-compact-salaire-theorie-et-decompte-de-salaire-avec-datev","status":"publish","type":"product","link":"https:\/\/ralf100m.de\/fr\/produit\/salaire-compact-salaire-theorie-et-decompte-de-salaire-avec-datev\/","title":{"rendered":"IH-102 Salaire Compact (Bases du salaire + DATEV Salaire ) | seulement Ismer"},"content":{"rendered":"<h3><strong>Contenu du cours<\/strong><\/h3>\n<p>Combinez les connaissances acquises en mati\u00e8re de calcul des salaires avec l'application DATEV Salaires. Faites-vous encadrer en permanence par un accompagnateur de cours. Le site <strong>Cours combin\u00e9 Salaire Compact<\/strong> transmet des connaissances de base compl\u00e8tes sur la paie dans un cours en ligne autodidacte et vous montre dans un cours vid\u00e9o en ligne les possibilit\u00e9s d'une utilisation efficace de DATEV Salaires pour votre future carri\u00e8re dans la pratique.<br \/>\nBases salariales et DATEV Salaires et traitements<\/p>\n<h3><strong>1. les bases du salaire - tes d\u00e9buts dans la gestion des salaires<\/strong><\/h3>\n<p>Le cours permet d'acqu\u00e9rir des connaissances de base en mati\u00e8re de d\u00e9compte des salaires en fonction de l'\u00e9tat actuel de la l\u00e9gislation. Apr\u00e8s avoir termin\u00e9 le cours avec succ\u00e8s, tu seras en mesure d'\u00e9tablir manuellement les d\u00e9comptes de salaire et de traiter les d\u00e9clarations n\u00e9cessaires \u00e0 l'assurance sociale et \u00e0 l'administration fiscale. Le cours s'oriente sur le plan cadre du syst\u00e8me de certification \"Xpert - Business\", \u00e9l\u00e9ment \"Salaire\".<\/p>\n<h3><strong>2. DATEV Salaires et traitements - La pratique technique du programme<\/strong><\/h3>\n<p>Dans ce cours compact, vous vous familiarisez avec le programme DATEV Salaires \u00e0 l'aide de deux \u00e9tudes de cas pratiques. Ind\u00e9pendamment de l'heure et du lieu, vous pouvez acc\u00e9der \u00e0 notre plateforme d'apprentissage et t\u00e9l\u00e9charger des vid\u00e9os d'apprentissage et du mat\u00e9riel p\u00e9dagogique. Apr\u00e8s avoir appris les fonctions essentielles du programme \u00e0 l'aide du cas type DATEV \"Erika Mustermann GmbH\", vous appliquerez les connaissances acquises de mani\u00e8re autonome \u00e0 un autre cas type \"Baltasar Muster KG\".<br \/>\nLe cours permet d'acqu\u00e9rir des connaissances de base en mati\u00e8re de d\u00e9compte des salaires et de la paie \u00e0 la date actuelle.<br \/>\nstatut juridique. Apr\u00e8s avoir termin\u00e9 avec succ\u00e8s, tu seras en mesure d'\u00e9tablir manuellement les d\u00e9comptes de salaire.<br \/>\net de faire les d\u00e9clarations n\u00e9cessaires \u00e0 la s\u00e9curit\u00e9 sociale et \u00e0 l'administration fiscale.<br \/>\ntraiter. Le cours s'oriente sur le plan cadre du syst\u00e8me de certification \"Xpert - Business\",<br \/>\nModule \"Salaire\".<\/p>\n<h3>Support de cours<\/h3>\n<p>Mat\u00e9riel d'apprentissage et d'exercice, t\u00e2ches \u00e0 accomplir, contr\u00f4le des r\u00e9sultats d'apprentissage, sources d'information externes<br \/>\n\"Gestion du personnel avec DATEV\" (PDF), \"Salaire dans la pratique\"(PDF), vid\u00e9os d'apprentissage, etc.<br \/>\nConnaissances pr\u00e9alables : Connaissances de la comptabilit\u00e9 salariale courante ; connaissances de base en informatique<br \/>\nConditions techniques requises : Ordinateur avec acc\u00e8s \u00e0 Internet ; contr\u00f4le technique pour l'acc\u00e8s au<br \/>\nLogiciel DATEV en ligne et plateforme d'apprentissage<\/p>","protected":false},"excerpt":{"rendered":"<h3 class=\"product_title entry-title\">Paquet Salaire Compact (th\u00e9orie des salaires et d\u00e9compte de salaire avec Datev)<\/h3>\n<p>&nbsp;<\/p>","protected":false},"featured_media":5648,"template":"","meta":[],"product_brand":[],"product_cat":[27],"product_tag":[],"class_list":{"0":"post-5645","1":"product","2":"type-product","3":"status-publish","4":"has-post-thumbnail","6":"product_cat-unkategorisiert","8":"first","9":"instock","10":"virtual","11":"taxable","12":"purchasable","13":"product-type-simple"},"yoast_head":"<!-- This site is optimized with the Yoast SEO plugin v27.4 - https:\/\/yoast.com\/product\/yoast-seo-wordpress\/ -->\n<title>IH-102 Lohn Compact (Lohn Grundlagen + DATEV Lohn ) | nur Ismer - Ralf 100M<\/title>\n<meta name=\"robots\" content=\"index, follow, max-snippet:-1, max-image-preview:large, max-video-preview:-1\" \/>\n<link rel=\"canonical\" href=\"https:\/\/ralf100m.de\/fr\/produit\/salaire-compact-salaire-theorie-et-decompte-de-salaire-avec-datev\/\" \/>\n<meta property=\"og:locale\" content=\"fr_FR\" \/>\n<meta property=\"og:type\" content=\"article\" \/>\n<meta property=\"og:title\" content=\"IH-102 Lohn Compact (Lohn Grundlagen + DATEV Lohn ) | nur Ismer - Ralf 100M\" \/>\n<meta property=\"og:description\" content=\"Paket Lohn Compact (Lohn Theorie und Lohnabrechnung mit Datev) &nbsp;\" \/>\n<meta property=\"og:url\" content=\"https:\/\/ralf100m.de\/fr\/produit\/salaire-compact-salaire-theorie-et-decompte-de-salaire-avec-datev\/\" \/>\n<meta property=\"og:site_name\" content=\"Ralf 100M\" \/>\n<meta property=\"article:modified_time\" content=\"2025-12-18T10:58:55+00:00\" \/>\n<meta property=\"og:image\" content=\"https:\/\/ralf100m.de\/wp-content\/uploads\/2024\/10\/logo_Compact.png\" \/>\n\t<meta property=\"og:image:width\" content=\"1080\" \/>\n\t<meta property=\"og:image:height\" content=\"1080\" \/>\n\t<meta property=\"og:image:type\" content=\"image\/png\" \/>\n<meta name=\"twitter:card\" content=\"summary_large_image\" \/>\n<meta name=\"twitter:label1\" content=\"Dur\u00e9e de lecture estim\u00e9e\" \/>\n\t<meta name=\"twitter:data1\" content=\"2 minutes\" \/>\n<script type=\"application\/ld+json\" class=\"yoast-schema-graph\">{\"@context\":\"https:\\\/\\\/schema.org\",\"@graph\":[{\"@type\":\"WebPage\",\"@id\":\"https:\\\/\\\/ralf100m.de\\\/produkt\\\/lohn-compact-lohn-theorie-und-lohnabrechnung-mit-datev\\\/\",\"url\":\"https:\\\/\\\/ralf100m.de\\\/produkt\\\/lohn-compact-lohn-theorie-und-lohnabrechnung-mit-datev\\\/\",\"name\":\"IH-102 Lohn Compact (Lohn Grundlagen + DATEV Lohn ) | nur Ismer - Ralf 100M\",\"isPartOf\":{\"@id\":\"https:\\\/\\\/ralf100m.de\\\/#website\"},\"primaryImageOfPage\":{\"@id\":\"https:\\\/\\\/ralf100m.de\\\/produkt\\\/lohn-compact-lohn-theorie-und-lohnabrechnung-mit-datev\\\/#primaryimage\"},\"image\":{\"@id\":\"https:\\\/\\\/ralf100m.de\\\/produkt\\\/lohn-compact-lohn-theorie-und-lohnabrechnung-mit-datev\\\/#primaryimage\"},\"thumbnailUrl\":\"https:\\\/\\\/ralf100m.de\\\/wp-content\\\/uploads\\\/2024\\\/10\\\/logo_Compact.png\",\"datePublished\":\"2024-10-14T09:02:31+00:00\",\"dateModified\":\"2025-12-18T10:58:55+00:00\",\"breadcrumb\":{\"@id\":\"https:\\\/\\\/ralf100m.de\\\/produkt\\\/lohn-compact-lohn-theorie-und-lohnabrechnung-mit-datev\\\/#breadcrumb\"},\"inLanguage\":\"fr-FR\",\"potentialAction\":[{\"@type\":\"ReadAction\",\"target\":[\"https:\\\/\\\/ralf100m.de\\\/produkt\\\/lohn-compact-lohn-theorie-und-lohnabrechnung-mit-datev\\\/\"]}]},{\"@type\":\"ImageObject\",\"inLanguage\":\"fr-FR\",\"@id\":\"https:\\\/\\\/ralf100m.de\\\/produkt\\\/lohn-compact-lohn-theorie-und-lohnabrechnung-mit-datev\\\/#primaryimage\",\"url\":\"https:\\\/\\\/ralf100m.de\\\/wp-content\\\/uploads\\\/2024\\\/10\\\/logo_Compact.png\",\"contentUrl\":\"https:\\\/\\\/ralf100m.de\\\/wp-content\\\/uploads\\\/2024\\\/10\\\/logo_Compact.png\",\"width\":1080,\"height\":1080},{\"@type\":\"BreadcrumbList\",\"@id\":\"https:\\\/\\\/ralf100m.de\\\/produkt\\\/lohn-compact-lohn-theorie-und-lohnabrechnung-mit-datev\\\/#breadcrumb\",\"itemListElement\":[{\"@type\":\"ListItem\",\"position\":1,\"name\":\"Startseite\",\"item\":\"https:\\\/\\\/ralf100m.de\\\/\"},{\"@type\":\"ListItem\",\"position\":2,\"name\":\"Shop\",\"item\":\"https:\\\/\\\/ralf100m.de\\\/shop\\\/\"},{\"@type\":\"ListItem\",\"position\":3,\"name\":\"IH-102 Lohn Compact (Lohn Grundlagen + DATEV Lohn ) | nur Ismer\"}]},{\"@type\":\"WebSite\",\"@id\":\"https:\\\/\\\/ralf100m.de\\\/#website\",\"url\":\"https:\\\/\\\/ralf100m.de\\\/\",\"name\":\"Ralf 100M\",\"description\":\"\",\"publisher\":{\"@id\":\"https:\\\/\\\/ralf100m.de\\\/#\\\/schema\\\/person\\\/144d88d0c18fb8f5e6bd155752132c23\"},\"potentialAction\":[{\"@type\":\"SearchAction\",\"target\":{\"@type\":\"EntryPoint\",\"urlTemplate\":\"https:\\\/\\\/ralf100m.de\\\/?s={search_term_string}\"},\"query-input\":{\"@type\":\"PropertyValueSpecification\",\"valueRequired\":true,\"valueName\":\"search_term_string\"}}],\"inLanguage\":\"fr-FR\"},{\"@type\":[\"Person\",\"Organization\"],\"@id\":\"https:\\\/\\\/ralf100m.de\\\/#\\\/schema\\\/person\\\/144d88d0c18fb8f5e6bd155752132c23\",\"name\":\"wpulitkus\",\"image\":{\"@type\":\"ImageObject\",\"inLanguage\":\"fr-FR\",\"@id\":\"https:\\\/\\\/ralf100m.de\\\/wp-content\\\/uploads\\\/2023\\\/04\\\/ralf-200px-logo.jpg\",\"url\":\"https:\\\/\\\/ralf100m.de\\\/wp-content\\\/uploads\\\/2023\\\/04\\\/ralf-200px-logo.jpg\",\"contentUrl\":\"https:\\\/\\\/ralf100m.de\\\/wp-content\\\/uploads\\\/2023\\\/04\\\/ralf-200px-logo.jpg\",\"width\":400,\"height\":162,\"caption\":\"wpulitkus\"},\"logo\":{\"@id\":\"https:\\\/\\\/ralf100m.de\\\/wp-content\\\/uploads\\\/2023\\\/04\\\/ralf-200px-logo.jpg\"}}]}<\/script>\n<!-- \/ Yoast SEO plugin. -->","yoast_head_json":{"title":"IH-102 Salaire Compact (Bases du salaire + DATEV Salaire ) | seulement Ismer - Ralf 100M","robots":{"index":"index","follow":"follow","max-snippet":"max-snippet:-1","max-image-preview":"max-image-preview:large","max-video-preview":"max-video-preview:-1"},"canonical":"https:\/\/ralf100m.de\/fr\/produit\/salaire-compact-salaire-theorie-et-decompte-de-salaire-avec-datev\/","og_locale":"fr_FR","og_type":"article","og_title":"IH-102 Lohn Compact (Lohn Grundlagen + DATEV Lohn ) | nur Ismer - Ralf 100M","og_description":"Paket Lohn Compact (Lohn Theorie und Lohnabrechnung mit Datev) &nbsp;","og_url":"https:\/\/ralf100m.de\/fr\/produit\/salaire-compact-salaire-theorie-et-decompte-de-salaire-avec-datev\/","og_site_name":"Ralf 100M","article_modified_time":"2025-12-18T10:58:55+00:00","og_image":[{"width":1080,"height":1080,"url":"https:\/\/ralf100m.de\/wp-content\/uploads\/2024\/10\/logo_Compact.png","type":"image\/png"}],"twitter_card":"summary_large_image","twitter_misc":{"Dur\u00e9e de lecture estim\u00e9e":"2 minutes"},"schema":{"@context":"https:\/\/schema.org","@graph":[{"@type":"WebPage","@id":"https:\/\/ralf100m.de\/produkt\/lohn-compact-lohn-theorie-und-lohnabrechnung-mit-datev\/","url":"https:\/\/ralf100m.de\/produkt\/lohn-compact-lohn-theorie-und-lohnabrechnung-mit-datev\/","name":"IH-102 Salaire Compact (Bases du salaire + DATEV Salaire ) | seulement Ismer - Ralf 100M","isPartOf":{"@id":"https:\/\/ralf100m.de\/#website"},"primaryImageOfPage":{"@id":"https:\/\/ralf100m.de\/produkt\/lohn-compact-lohn-theorie-und-lohnabrechnung-mit-datev\/#primaryimage"},"image":{"@id":"https:\/\/ralf100m.de\/produkt\/lohn-compact-lohn-theorie-und-lohnabrechnung-mit-datev\/#primaryimage"},"thumbnailUrl":"https:\/\/ralf100m.de\/wp-content\/uploads\/2024\/10\/logo_Compact.png","datePublished":"2024-10-14T09:02:31+00:00","dateModified":"2025-12-18T10:58:55+00:00","breadcrumb":{"@id":"https:\/\/ralf100m.de\/produkt\/lohn-compact-lohn-theorie-und-lohnabrechnung-mit-datev\/#breadcrumb"},"inLanguage":"fr-FR","potentialAction":[{"@type":"ReadAction","target":["https:\/\/ralf100m.de\/produkt\/lohn-compact-lohn-theorie-und-lohnabrechnung-mit-datev\/"]}]},{"@type":"ImageObject","inLanguage":"fr-FR","@id":"https:\/\/ralf100m.de\/produkt\/lohn-compact-lohn-theorie-und-lohnabrechnung-mit-datev\/#primaryimage","url":"https:\/\/ralf100m.de\/wp-content\/uploads\/2024\/10\/logo_Compact.png","contentUrl":"https:\/\/ralf100m.de\/wp-content\/uploads\/2024\/10\/logo_Compact.png","width":1080,"height":1080},{"@type":"BreadcrumbList","@id":"https:\/\/ralf100m.de\/produkt\/lohn-compact-lohn-theorie-und-lohnabrechnung-mit-datev\/#breadcrumb","itemListElement":[{"@type":"ListItem","position":1,"name":"Startseite","item":"https:\/\/ralf100m.de\/"},{"@type":"ListItem","position":2,"name":"Shop","item":"https:\/\/ralf100m.de\/shop\/"},{"@type":"ListItem","position":3,"name":"IH-102 Lohn Compact (Lohn Grundlagen + DATEV Lohn ) | nur Ismer"}]},{"@type":"WebSite","@id":"https:\/\/ralf100m.de\/#website","url":"https:\/\/ralf100m.de\/","name":"Ralf 100M","description":"","publisher":{"@id":"https:\/\/ralf100m.de\/#\/schema\/person\/144d88d0c18fb8f5e6bd155752132c23"},"potentialAction":[{"@type":"SearchAction","target":{"@type":"EntryPoint","urlTemplate":"https:\/\/ralf100m.de\/?s={search_term_string}"},"query-input":{"@type":"PropertyValueSpecification","valueRequired":true,"valueName":"search_term_string"}}],"inLanguage":"fr-FR"},{"@type":["Person","Organization"],"@id":"https:\/\/ralf100m.de\/#\/schema\/person\/144d88d0c18fb8f5e6bd155752132c23","name":"wpulitkus","image":{"@type":"ImageObject","inLanguage":"fr-FR","@id":"https:\/\/ralf100m.de\/wp-content\/uploads\/2023\/04\/ralf-200px-logo.jpg","url":"https:\/\/ralf100m.de\/wp-content\/uploads\/2023\/04\/ralf-200px-logo.jpg","contentUrl":"https:\/\/ralf100m.de\/wp-content\/uploads\/2023\/04\/ralf-200px-logo.jpg","width":400,"height":162,"caption":"wpulitkus"},"logo":{"@id":"https:\/\/ralf100m.de\/wp-content\/uploads\/2023\/04\/ralf-200px-logo.jpg"}}]}},"_links":{"self":[{"href":"https:\/\/ralf100m.de\/fr\/wp-json\/wp\/v2\/product\/5645","targetHints":{"allow":["GET"]}}],"collection":[{"href":"https:\/\/ralf100m.de\/fr\/wp-json\/wp\/v2\/product"}],"about":[{"href":"https:\/\/ralf100m.de\/fr\/wp-json\/wp\/v2\/types\/product"}],"wp:featuredmedia":[{"embeddable":true,"href":"https:\/\/ralf100m.de\/fr\/wp-json\/wp\/v2\/media\/5648"}],"wp:attachment":[{"href":"https:\/\/ralf100m.de\/fr\/wp-json\/wp\/v2\/media?parent=5645"}],"wp:term":[{"taxonomy":"product_brand","embeddable":true,"href":"https:\/\/ralf100m.de\/fr\/wp-json\/wp\/v2\/product_brand?post=5645"},{"taxonomy":"product_cat","embeddable":true,"href":"https:\/\/ralf100m.de\/fr\/wp-json\/wp\/v2\/product_cat?post=5645"},{"taxonomy":"product_tag","embeddable":true,"href":"https:\/\/ralf100m.de\/fr\/wp-json\/wp\/v2\/product_tag?post=5645"}],"curies":[{"name":"wp","href":"https:\/\/api.w.org\/{rel}","templated":true}]}}