{"id":4227,"date":"2023-03-15T19:03:13","date_gmt":"2023-03-15T18:03:13","guid":{"rendered":"https:\/\/ralf100m.de\/?post_type=product&#038;p=4227"},"modified":"2025-12-18T12:01:29","modified_gmt":"2025-12-18T11:01:29","slug":"duo-di-pratica-di-tirocinio-datev","status":"publish","type":"product","link":"https:\/\/ralf100m.de\/it\/prodotto\/duo-di-pratica-di-tirocinio-datev\/","title":{"rendered":"TK-5625-2p Duo per esercitazioni"},"content":{"rendered":"<h4>Corso e stage Datev in un unico pacchetto<\/h4>\n<p>Nel nostro seminario online Datev presso la VHS di Treptow-K\u00f6penick potrete imparare Datev, o pi\u00f9 precisamente, conoscere e padroneggiare la contabilit\u00e0 finanziaria di DATEV. Nel nostro corso di formazione Datev, imparerete tutto ci\u00f2 che serve per la contabilit\u00e0 pratica con <strong><a title=\"Homepage Datev\" href=\"https:\/\/www.datev.de\/\" target=\"_blank\" rel=\"noopener noreferrer\">Datav<\/a> <\/strong>in un reparto di contabilit\u00e0 o in un ufficio fiscale.<br \/>\nSiamo a vostra disposizione 24 ore su 24 (7 giorni su 7).<\/p>\n<p>Riceverete materiale didattico, video e compiti sulla piattaforma VHS. Al momento della registrazione riceverete anche l'accesso al software di contabilit\u00e0 finanziaria DATEV.<\/p>\n<p>In qualit\u00e0 di istruttore, vi supporter\u00f2 per tutta la durata del corso via telefono \/ Skype \/ WhatsApp e, se necessario, tramite condivisione dello schermo.<\/p>\n<p>Con la laurea riceverete un <strong>Certificato <\/strong>del centro di istruzione per adulti Treptow-K\u00f6penick a <strong>Cooperazione con Datev<\/strong> e qualificarsi per l'esame nel <strong>XPert Business <\/strong>Programma Parte 3 e per il nuovo <strong>Certificato DATEV<\/strong> in qualsiasi VHS locale a livello nazionale.<\/p>\n<ul>\n<li>Creazione di un nuovo cliente \/ dati anagrafici<\/li>\n<li>Elaborazione della contabilit\u00e0 in DATEV Kanzlei-Rechnungswesen<\/li>\n<li>Ricevute digitali<\/li>\n<li>Eseguire il backup, importare ed eliminare i dati contabili.<\/li>\n<li>Analisi della contabilit\u00e0 finanziaria<\/li>\n<li>Lavoro finale \/ fine anno<\/li>\n<li>Molti, molti esercizi pratici<\/li>\n<\/ul>\n<p>Il tirocinio online \u00e8 la fase finale della preparazione per diventare un contabile finanziario e prepara all'ingresso immediato nel mondo del lavoro.<\/p>\n<p>Imparerete a gestire il vostro lavoro quotidiano con una grande quantit\u00e0 di documenti e, soprattutto, con prenotazioni di alta qualit\u00e0.<br \/>\nAll'inizio commetterete degli errori, vi allenerete nella risoluzione dei problemi e acquisirete precisione e quindi sicurezza nei periodi di prenotazione successivi.<\/p>\n<p>La registrazione viene effettuata con Datev sulla base della contabilit\u00e0 precedente (caso di esempio esteso Leu) del processore precedente e si registra un totale di 7 mesi \/ oltre la fine dell'anno (luglio - gennaio).<\/p>\n<p>Sarete supportati dall'istruttore del corso, che vi aiuter\u00e0 a risolvere eventuali problemi e vi mostrer\u00e0 come risolverli. \u00c8 disponibile anche un client di riconciliazione in cui tutti i casi di prenotazione sono gi\u00e0 stati inseriti, in modo che possiate controllare i risultati.<\/p>\n<p>Con la laurea riceverete un <strong>Certificazione del lavoro <\/strong>del centro di istruzione per adulti Treptow-K\u00f6penick a <strong>Cooperazione con Datev<\/strong> .<\/p>\n<ul>\n<li>Completamento della contabilit\u00e0 finanziaria in corso con DATEV Kanzlei-Rechnungswesen<\/li>\n<li>Preparazione e inserimento del bilancio annuale da parte del consulente fiscale<\/li>\n<li>Fatture in entrata e in uscita \/ nazionali, UE, paesi terzi<\/li>\n<li>Pagamenti in entrata e in uscita<\/li>\n<li>Annunci di salari e stipendi<\/li>\n<li>Ricevute digitali<\/li>\n<li>Estratti conto del registratore di cassa e della carta di credito<\/li>\n<li>Votazione a voce aperta<\/li>\n<li>Dichiarazioni anticipate dell'imposta sulle vendite<\/li>\n<li>Contabilit\u00e0 dei beni (inventario, ammortamento mensile)<\/li>\n<li>Accantonamenti e differimenti nel corso dell'esercizio Accantonamenti\/rimborsi<\/li>\n<li>Richieste di acconto\/pagamento\/fattura finale<\/li>\n<li>EMC e perdite su crediti nell'esercizio<\/li>\n<li>Verifica delle fatture \/ coerenza contabile<\/li>\n<li>Bilancio di apertura Presentazioni<\/li>\n<li>Autocontrollo \/ riconciliazione dei conti \/ risoluzione dei problemi<\/li>\n<li>Preparazione di documenti su richiesta di terzi<\/li>\n<li>Preparazione del bilancio annuale<\/li>\n<\/ul>\n<p>I requisiti per la riduzione del prezzo del corso sono i seguenti\u00a0<a href=\"https:\/\/tinyurl.com\/y7wbb46p\"><strong>qui<\/strong><\/a>.<br \/>\nGli sconti possono essere ottenuti solo direttamente dal VHS tramite\u00a0<a href=\"http:\/\/ralf100m.de\/it\/Kursanmeldung%20%2B%20Datenschutz.pdf\/\" target=\"_blank\" rel=\"noopener\"><strong>Forma<\/strong><\/a>\u00a0possono essere prenotati.<\/p>\n<p>Compilare e inviare a anmeldung@vhstk.de \/ inviare una copia a me (info@ralf100m.de).<\/p>","protected":false},"excerpt":{"rendered":"<h4>Corso e stage Datev in un unico pacchetto<\/h4>\n<p>A determinate condizioni, la VHS concede una riduzione del prezzo del corso -&gt; 409 \u20ac.<br \/>\nI requisiti per la riduzione del prezzo del corso sono i seguenti\u00a0<a href=\"https:\/\/tinyurl.com\/y7wbb46p\"><strong>qui<\/strong><\/a>.<\/p>\n<p>Gli sconti possono essere ottenuti solo direttamente dal VHS tramite\u00a0<a href=\"http:\/\/ralf100m.de\/it\/Kursanmeldung%20%2B%20Datenschutz.pdf\/\" target=\"_blank\" rel=\"noopener\"><strong>Forma<\/strong><\/a>\u00a0possono essere prenotati.<\/p>\n<p>Compilare e restituire a anmeldung@vhstk.de \/ inviare una copia a me (info@ralf100m.de) e allegare la prova dello sconto \/ ! <strong>Si applica solo alle iscrizioni con sconto!<\/strong><\/p>\n<p>&nbsp;<\/p>","protected":false},"featured_media":4194,"template":"","meta":[],"product_brand":[],"product_cat":[37],"product_tag":[],"class_list":{"0":"post-4227","1":"product","2":"type-product","3":"status-publish","4":"has-post-thumbnail","6":"product_cat-vhs-online-kurse","8":"first","9":"instock","10":"virtual","11":"taxable","12":"purchasable","13":"product-type-simple"},"yoast_head":"<!-- This site is optimized with the Yoast SEO plugin v27.4 - https:\/\/yoast.com\/product\/yoast-seo-wordpress\/ -->\n<title>TK-5625-2p Praxis Duo - Ralf 100M<\/title>\n<meta name=\"robots\" content=\"index, follow, max-snippet:-1, max-image-preview:large, max-video-preview:-1\" \/>\n<link rel=\"canonical\" href=\"https:\/\/ralf100m.de\/it\/prodotto\/duo-di-pratica-di-tirocinio-datev\/\" \/>\n<meta property=\"og:locale\" content=\"it_IT\" \/>\n<meta property=\"og:type\" content=\"article\" \/>\n<meta property=\"og:title\" content=\"TK-5625-2p Praxis Duo - Ralf 100M\" \/>\n<meta property=\"og:description\" content=\"Datev Kurs und Praktikum in einem\u00a0 Paket Unter bestimmten Voraussetzungen gew\u00e4hrt die VHS Kurspreiserm\u00e4\u00dfigung -&gt; 409 \u20ac Die Voraussetzungen f\u00fcr eine Kurspreiserm\u00e4\u00dfigung findest Du\u00a0hier.  Erm\u00e4\u00dfigungen k\u00f6nnen nur direkt \u00fcber die VHS per\u00a0Formular\u00a0gebucht werden.  Bitte ausgef\u00fcllt an anmeldung@vhstk.de \/ Kopie an mich (info@ralf100m.de) schicken und den Erm\u00e4\u00dfigungsnachweis mitsenden \/ ! Betrifft nur Anmeldungen mit Erm\u00e4\u00dfigung !  &nbsp;\" \/>\n<meta property=\"og:url\" content=\"https:\/\/ralf100m.de\/it\/prodotto\/duo-di-pratica-di-tirocinio-datev\/\" \/>\n<meta property=\"og:site_name\" content=\"Ralf 100M\" \/>\n<meta property=\"article:modified_time\" content=\"2025-12-18T11:01:29+00:00\" \/>\n<meta property=\"og:image\" content=\"https:\/\/ralf100m.de\/wp-content\/uploads\/2023\/03\/Datev-Praktikum-Praxis-Duo.png\" \/>\n\t<meta property=\"og:image:width\" content=\"1292\" \/>\n\t<meta property=\"og:image:height\" content=\"1290\" \/>\n\t<meta property=\"og:image:type\" content=\"image\/png\" \/>\n<meta name=\"twitter:card\" content=\"summary_large_image\" \/>\n<meta name=\"twitter:label1\" content=\"Tempo di lettura stimato\" \/>\n\t<meta name=\"twitter:data1\" content=\"3 minuti\" \/>\n<script type=\"application\/ld+json\" class=\"yoast-schema-graph\">{\"@context\":\"https:\\\/\\\/schema.org\",\"@graph\":[{\"@type\":\"WebPage\",\"@id\":\"https:\\\/\\\/ralf100m.de\\\/produkt\\\/datev-praktikum-praxis-duo\\\/\",\"url\":\"https:\\\/\\\/ralf100m.de\\\/produkt\\\/datev-praktikum-praxis-duo\\\/\",\"name\":\"TK-5625-2p Praxis Duo - Ralf 100M\",\"isPartOf\":{\"@id\":\"https:\\\/\\\/ralf100m.de\\\/#website\"},\"primaryImageOfPage\":{\"@id\":\"https:\\\/\\\/ralf100m.de\\\/produkt\\\/datev-praktikum-praxis-duo\\\/#primaryimage\"},\"image\":{\"@id\":\"https:\\\/\\\/ralf100m.de\\\/produkt\\\/datev-praktikum-praxis-duo\\\/#primaryimage\"},\"thumbnailUrl\":\"https:\\\/\\\/ralf100m.de\\\/wp-content\\\/uploads\\\/2023\\\/03\\\/Datev-Praktikum-Praxis-Duo.png\",\"datePublished\":\"2023-03-15T18:03:13+00:00\",\"dateModified\":\"2025-12-18T11:01:29+00:00\",\"breadcrumb\":{\"@id\":\"https:\\\/\\\/ralf100m.de\\\/produkt\\\/datev-praktikum-praxis-duo\\\/#breadcrumb\"},\"inLanguage\":\"it-IT\",\"potentialAction\":[{\"@type\":\"ReadAction\",\"target\":[\"https:\\\/\\\/ralf100m.de\\\/produkt\\\/datev-praktikum-praxis-duo\\\/\"]}]},{\"@type\":\"ImageObject\",\"inLanguage\":\"it-IT\",\"@id\":\"https:\\\/\\\/ralf100m.de\\\/produkt\\\/datev-praktikum-praxis-duo\\\/#primaryimage\",\"url\":\"https:\\\/\\\/ralf100m.de\\\/wp-content\\\/uploads\\\/2023\\\/03\\\/Datev-Praktikum-Praxis-Duo.png\",\"contentUrl\":\"https:\\\/\\\/ralf100m.de\\\/wp-content\\\/uploads\\\/2023\\\/03\\\/Datev-Praktikum-Praxis-Duo.png\",\"width\":1292,\"height\":1290},{\"@type\":\"BreadcrumbList\",\"@id\":\"https:\\\/\\\/ralf100m.de\\\/produkt\\\/datev-praktikum-praxis-duo\\\/#breadcrumb\",\"itemListElement\":[{\"@type\":\"ListItem\",\"position\":1,\"name\":\"Startseite\",\"item\":\"https:\\\/\\\/ralf100m.de\\\/\"},{\"@type\":\"ListItem\",\"position\":2,\"name\":\"Shop\",\"item\":\"https:\\\/\\\/ralf100m.de\\\/shop\\\/\"},{\"@type\":\"ListItem\",\"position\":3,\"name\":\"TK-5625-2p Praxis Duo\"}]},{\"@type\":\"WebSite\",\"@id\":\"https:\\\/\\\/ralf100m.de\\\/#website\",\"url\":\"https:\\\/\\\/ralf100m.de\\\/\",\"name\":\"Ralf 100M\",\"description\":\"\",\"publisher\":{\"@id\":\"https:\\\/\\\/ralf100m.de\\\/#\\\/schema\\\/person\\\/144d88d0c18fb8f5e6bd155752132c23\"},\"potentialAction\":[{\"@type\":\"SearchAction\",\"target\":{\"@type\":\"EntryPoint\",\"urlTemplate\":\"https:\\\/\\\/ralf100m.de\\\/?s={search_term_string}\"},\"query-input\":{\"@type\":\"PropertyValueSpecification\",\"valueRequired\":true,\"valueName\":\"search_term_string\"}}],\"inLanguage\":\"it-IT\"},{\"@type\":[\"Person\",\"Organization\"],\"@id\":\"https:\\\/\\\/ralf100m.de\\\/#\\\/schema\\\/person\\\/144d88d0c18fb8f5e6bd155752132c23\",\"name\":\"wpulitkus\",\"image\":{\"@type\":\"ImageObject\",\"inLanguage\":\"it-IT\",\"@id\":\"https:\\\/\\\/ralf100m.de\\\/wp-content\\\/uploads\\\/2023\\\/04\\\/ralf-200px-logo.jpg\",\"url\":\"https:\\\/\\\/ralf100m.de\\\/wp-content\\\/uploads\\\/2023\\\/04\\\/ralf-200px-logo.jpg\",\"contentUrl\":\"https:\\\/\\\/ralf100m.de\\\/wp-content\\\/uploads\\\/2023\\\/04\\\/ralf-200px-logo.jpg\",\"width\":400,\"height\":162,\"caption\":\"wpulitkus\"},\"logo\":{\"@id\":\"https:\\\/\\\/ralf100m.de\\\/wp-content\\\/uploads\\\/2023\\\/04\\\/ralf-200px-logo.jpg\"}}]}<\/script>\n<!-- \/ Yoast SEO plugin. -->","yoast_head_json":{"title":"TK-5625-2p Duo di pratica - Ralf 100M","robots":{"index":"index","follow":"follow","max-snippet":"max-snippet:-1","max-image-preview":"max-image-preview:large","max-video-preview":"max-video-preview:-1"},"canonical":"https:\/\/ralf100m.de\/it\/prodotto\/duo-di-pratica-di-tirocinio-datev\/","og_locale":"it_IT","og_type":"article","og_title":"TK-5625-2p Praxis Duo - Ralf 100M","og_description":"Datev Kurs und Praktikum in einem\u00a0 Paket Unter bestimmten Voraussetzungen gew\u00e4hrt die VHS Kurspreiserm\u00e4\u00dfigung -&gt; 409 \u20ac Die Voraussetzungen f\u00fcr eine Kurspreiserm\u00e4\u00dfigung findest Du\u00a0hier.  Erm\u00e4\u00dfigungen k\u00f6nnen nur direkt \u00fcber die VHS per\u00a0Formular\u00a0gebucht werden.  Bitte ausgef\u00fcllt an anmeldung@vhstk.de \/ Kopie an mich (info@ralf100m.de) schicken und den Erm\u00e4\u00dfigungsnachweis mitsenden \/ ! Betrifft nur Anmeldungen mit Erm\u00e4\u00dfigung !  &nbsp;","og_url":"https:\/\/ralf100m.de\/it\/prodotto\/duo-di-pratica-di-tirocinio-datev\/","og_site_name":"Ralf 100M","article_modified_time":"2025-12-18T11:01:29+00:00","og_image":[{"width":1292,"height":1290,"url":"https:\/\/ralf100m.de\/wp-content\/uploads\/2023\/03\/Datev-Praktikum-Praxis-Duo.png","type":"image\/png"}],"twitter_card":"summary_large_image","twitter_misc":{"Tempo di lettura stimato":"3 minuti"},"schema":{"@context":"https:\/\/schema.org","@graph":[{"@type":"WebPage","@id":"https:\/\/ralf100m.de\/produkt\/datev-praktikum-praxis-duo\/","url":"https:\/\/ralf100m.de\/produkt\/datev-praktikum-praxis-duo\/","name":"TK-5625-2p Duo di pratica - Ralf 100M","isPartOf":{"@id":"https:\/\/ralf100m.de\/#website"},"primaryImageOfPage":{"@id":"https:\/\/ralf100m.de\/produkt\/datev-praktikum-praxis-duo\/#primaryimage"},"image":{"@id":"https:\/\/ralf100m.de\/produkt\/datev-praktikum-praxis-duo\/#primaryimage"},"thumbnailUrl":"https:\/\/ralf100m.de\/wp-content\/uploads\/2023\/03\/Datev-Praktikum-Praxis-Duo.png","datePublished":"2023-03-15T18:03:13+00:00","dateModified":"2025-12-18T11:01:29+00:00","breadcrumb":{"@id":"https:\/\/ralf100m.de\/produkt\/datev-praktikum-praxis-duo\/#breadcrumb"},"inLanguage":"it-IT","potentialAction":[{"@type":"ReadAction","target":["https:\/\/ralf100m.de\/produkt\/datev-praktikum-praxis-duo\/"]}]},{"@type":"ImageObject","inLanguage":"it-IT","@id":"https:\/\/ralf100m.de\/produkt\/datev-praktikum-praxis-duo\/#primaryimage","url":"https:\/\/ralf100m.de\/wp-content\/uploads\/2023\/03\/Datev-Praktikum-Praxis-Duo.png","contentUrl":"https:\/\/ralf100m.de\/wp-content\/uploads\/2023\/03\/Datev-Praktikum-Praxis-Duo.png","width":1292,"height":1290},{"@type":"BreadcrumbList","@id":"https:\/\/ralf100m.de\/produkt\/datev-praktikum-praxis-duo\/#breadcrumb","itemListElement":[{"@type":"ListItem","position":1,"name":"Startseite","item":"https:\/\/ralf100m.de\/"},{"@type":"ListItem","position":2,"name":"Shop","item":"https:\/\/ralf100m.de\/shop\/"},{"@type":"ListItem","position":3,"name":"TK-5625-2p Praxis Duo"}]},{"@type":"WebSite","@id":"https:\/\/ralf100m.de\/#website","url":"https:\/\/ralf100m.de\/","name":"Ralf 100M","description":"","publisher":{"@id":"https:\/\/ralf100m.de\/#\/schema\/person\/144d88d0c18fb8f5e6bd155752132c23"},"potentialAction":[{"@type":"SearchAction","target":{"@type":"EntryPoint","urlTemplate":"https:\/\/ralf100m.de\/?s={search_term_string}"},"query-input":{"@type":"PropertyValueSpecification","valueRequired":true,"valueName":"search_term_string"}}],"inLanguage":"it-IT"},{"@type":["Person","Organization"],"@id":"https:\/\/ralf100m.de\/#\/schema\/person\/144d88d0c18fb8f5e6bd155752132c23","name":"wpulitcus","image":{"@type":"ImageObject","inLanguage":"it-IT","@id":"https:\/\/ralf100m.de\/wp-content\/uploads\/2023\/04\/ralf-200px-logo.jpg","url":"https:\/\/ralf100m.de\/wp-content\/uploads\/2023\/04\/ralf-200px-logo.jpg","contentUrl":"https:\/\/ralf100m.de\/wp-content\/uploads\/2023\/04\/ralf-200px-logo.jpg","width":400,"height":162,"caption":"wpulitkus"},"logo":{"@id":"https:\/\/ralf100m.de\/wp-content\/uploads\/2023\/04\/ralf-200px-logo.jpg"}}]}},"_links":{"self":[{"href":"https:\/\/ralf100m.de\/it\/wp-json\/wp\/v2\/product\/4227","targetHints":{"allow":["GET"]}}],"collection":[{"href":"https:\/\/ralf100m.de\/it\/wp-json\/wp\/v2\/product"}],"about":[{"href":"https:\/\/ralf100m.de\/it\/wp-json\/wp\/v2\/types\/product"}],"wp:featuredmedia":[{"embeddable":true,"href":"https:\/\/ralf100m.de\/it\/wp-json\/wp\/v2\/media\/4194"}],"wp:attachment":[{"href":"https:\/\/ralf100m.de\/it\/wp-json\/wp\/v2\/media?parent=4227"}],"wp:term":[{"taxonomy":"product_brand","embeddable":true,"href":"https:\/\/ralf100m.de\/it\/wp-json\/wp\/v2\/product_brand?post=4227"},{"taxonomy":"product_cat","embeddable":true,"href":"https:\/\/ralf100m.de\/it\/wp-json\/wp\/v2\/product_cat?post=4227"},{"taxonomy":"product_tag","embeddable":true,"href":"https:\/\/ralf100m.de\/it\/wp-json\/wp\/v2\/product_tag?post=4227"}],"curies":[{"name":"wp","href":"https:\/\/api.w.org\/{rel}","templated":true}]}}