{"id":4250,"date":"2023-03-19T19:00:09","date_gmt":"2023-03-19T18:00:09","guid":{"rendered":"https:\/\/ralf100m.de\/?post_type=product&#038;p=4250"},"modified":"2025-12-18T11:50:02","modified_gmt":"2025-12-18T10:50:02","slug":"5614-3p","status":"publish","type":"product","link":"https:\/\/ralf100m.de\/it\/prodotto\/5614-3p\/","title":{"rendered":"TK-5614-3p Fibu 1 e 2 e Datev in confezione da 3 pezzi"},"content":{"rendered":"<h4>Fibu 1 + 2 + Datev in un 3-pack (durata del corso 240 giorni dalla registrazione)<\/h4>\n<p><strong>Fibu 1<\/strong><\/p>\n<ul>\n<li>Base giuridica<\/li>\n<li>Inventario e bilancio<\/li>\n<li>Conti di bilancio<\/li>\n<li>Conto economico<\/li>\n<li>Organizzazione contabile<\/li>\n<li>Sistema IVA<\/li>\n<li>Conti privati<\/li>\n<li>Costi non deducibili\/ a deducibilit\u00e0 limitata Costi<\/li>\n<li>Esercizi<\/li>\n<\/ul>\n<p><strong>Fibu2<\/strong><\/p>\n<ul>\n<li>Caratteristiche speciali per le aziende di produzione<\/li>\n<li>Registrazione di prodotti\/servizi non finiti e finiti<\/li>\n<li>Contenuto del bilancio annuale<\/li>\n<li>Principi contabili<\/li>\n<li>Risconti materiali e temporali di costi e ricavi<\/li>\n<li>Operazioni imponibili ed esenti da imposte<\/li>\n<li>Schema di inversione contabile<\/li>\n<li>Paesi esteri soggetti a IVA; transazioni di beni con il resto della Comunit\u00e0 e con paesi terzi<\/li>\n<li>Pagamenti anticipati ricevuti ed effettuati<\/li>\n<li>Regole di valutazione delle immobilizzazioni e delle attivit\u00e0 correnti in base al diritto commerciale e fiscale \/ standard di valutazione \/ ammortamenti e svalutazioni<\/li>\n<li>Trasferimento dell'ammortamento fiscale e cancellazione dell'importo della deduzione degli investimenti;<\/li>\n<li>Valutazione delle scorte e dei crediti<\/li>\n<li>Capitale riconosciuto in bilancio<\/li>\n<li>Iscrizione e storno di accantonamenti<\/li>\n<li>Valutazione delle passivit\u00e0<\/li>\n<li>Molti, molti esercizi<\/li>\n<\/ul>\n<p><strong>Datav<\/strong><\/p>\n<ul>\n<li>Creazione di un nuovo cliente \/ dati anagrafici<\/li>\n<li>Elaborazione della contabilit\u00e0 in DATEV Kanzlei-Rechnungswesen<\/li>\n<li>Ricevute digitali<\/li>\n<li>Eseguire il backup, importare ed eliminare i dati contabili.<\/li>\n<li>Analisi della contabilit\u00e0 finanziaria<\/li>\n<li>Lavoro finale \/ fine anno<\/li>\n<li>Molti, molti esercizi pratici<\/li>\n<\/ul>\n<p><strong>Per i corsi Fibu 1 e 2 \u00e8 necessario un libro di testo ciascuno.<\/strong>che <strong>Non direttamente con noi<\/strong> possono acquisire.<\/p>\n<p>Contabilit\u00e0 finanziaria 1 Libro di testo di Eva-Verena Hernandez<br \/>\n978-386718-500-4 (ISBN)<\/p>\n<p>che si pu\u00f2 ordinare direttamente da Edumedia Verlag (a volte con tempi di attesa pi\u00f9 lunghi)<\/p>\n<p>https:\/\/www.edumedia.de\/shop\/thema.html?gruppe=1&thema=1#content<\/p>\n<p>O su Amazon<\/p>\n<div class=\"brlbs-cmpnt-container brlbs-cmpnt-content-blocker brlbs-cmpnt-with-individual-styles\" data-borlabs-cookie-content-blocker-id=\"default\" data-borlabs-cookie-content=\"PGlmcmFtZSB0aXRsZT0iRmluYW56YnVjaGbDvGhydW5nIDEiIHR5cGU9InRleHQvaHRtbCIgd2lkdGg9IjUwMCIgaGVpZ2h0PSI1NTAiIGZyYW1lYm9yZGVyPSIwIiBhbGxvd2Z1bGxzY3JlZW4gc3R5bGU9Im1heC13aWR0aDoxMDAlIiBzcmM9Imh0dHBzOi8vbGVzZW4uYW1hem9uLmRlL2twL2NhcmQ\/cHJldmlldz1pbmxpbmUmbGlua0NvZGU9a3BkJnJlZl89azR3X29lbWJlZF9iUURFVmc5dFZFYlpnNyZhc2luPTM4NjcxODUwMFgmdGFnPWtwZW1iZWQtMjAiPjwvaWZyYW1lPg==\">\n<div class=\"brlbs-cmpnt-cb-preset-a\">\n<p class=\"brlbs-cmpnt-cb-description\">Stai visualizzando un contenuto segnato da <strong>Predefinito<\/strong>. Per accedere al contenuto effettivo, cliccare sul pulsante sottostante. Si prega di notare che in questo modo si condividono i dati con provider di terze parti.<\/p>\n<div class=\"brlbs-cmpnt-cb-buttons\"> <a class=\"brlbs-cmpnt-cb-btn\" href=\"#\" data-borlabs-cookie-unblock role=\"button\">Sblocca il contenuto<\/a> <a class=\"brlbs-cmpnt-cb-btn\" href=\"#\" data-borlabs-cookie-accept-service role=\"button\" style=\"display: none\">Accetta il servizio richiesto e sblocca i contenuti<\/a> <\/div>\n<p> <a class=\"brlbs-cmpnt-cb-provider-toggle\" href=\"#\" data-borlabs-cookie-show-provider-information role=\"button\">Ulteriori informazioni<\/a> <\/div>\n<\/div>\n<p>o Lehmanns<\/p>\n<p>https:\/\/www.lehmanns.de\/shop\/wirtschaft\/7907233-9783867185004-finanzbuchfuehrung-1<\/p>\n<p>analaog Fibu 2 978-386718-501-1 (ISBN)<\/p>\n<p>Per i corsi Datev e Lexware e per il corso pratico di contabilit\u00e0 non sono necessari altri libri. Tutti i documenti sono forniti durante il corso.<\/p>\n<p>&nbsp;<\/p>\n<p>I requisiti per la riduzione del prezzo del corso sono i seguenti\u00a0<a href=\"https:\/\/tinyurl.com\/y7wbb46p\"><strong>qui<\/strong><\/a>.<br \/>\nGli sconti possono essere ottenuti solo direttamente dal VHS tramite\u00a0<a href=\"http:\/\/ralf100m.de\/it\/Kursanmeldung%20%2B%20Datenschutz.pdf\/\" target=\"_blank\" rel=\"noopener\"><strong>Forma<\/strong><\/a>\u00a0possono essere prenotati.<\/p>\n<p>Compilare e inviare a anmeldung@vhstk.de \/ inviare una copia a me (info@ralf100m.de).<\/p>","protected":false},"excerpt":{"rendered":"<p>Fibu 1 + 2 + Datev im 3-er Pack (Kurslaufzeit 240 Tage ab Anmeldung) Fibu 1 Gesetzliche Grundlagen Inventar und Bilanz Bestandskonten Erfolgskonten Buchf\u00fchrungsorganisation Umsatzsteuersystematik Privatkonten Nicht abzugsf\u00e4hige\/ beschr\u00e4nkt abzugsf. Kosten \u00dcbungen Fibu2 Besonderheiten bei Produktionsbetrieben Buchen unfertiger und fertiger Erzeugnisse\/Leistungen Inhalte des Jahresabschlusses Bilanzierungsgrunds\u00e4tze Sachliche und zeitliche Abgrenzungen von Aufwendungen und Ertr\u00e4gen Steuerpflichtige und steuerfreie Ums\u00e4tze Umkehr der Steuerschuldnerschaft Umsatzsteuerrechtliches Ausland; Warengesch\u00e4fte mit dem \u00fcbrigen Gemeinschaftsgebiet und dem Drittlandsgebiet Erhaltene und geleistete Anzahlungen Handels- und steuerrechtliche Bewertungsvorschriften des Anlage- [&hellip;]<\/p>","protected":false},"featured_media":4195,"template":"","meta":[],"product_brand":[],"product_cat":[37],"product_tag":[],"class_list":{"0":"post-4250","1":"product","2":"type-product","3":"status-publish","4":"has-post-thumbnail","6":"product_cat-vhs-online-kurse","8":"first","9":"instock","10":"virtual","11":"taxable","12":"purchasable","13":"product-type-simple"},"yoast_head":"<!-- This site is optimized with the Yoast SEO plugin v27.4 - https:\/\/yoast.com\/product\/yoast-seo-wordpress\/ -->\n<title>TK-5614-3p Fibu 1 &amp; 2 &amp; Datev im 3- er Pack - Ralf 100M<\/title>\n<meta name=\"robots\" content=\"index, follow, max-snippet:-1, max-image-preview:large, max-video-preview:-1\" \/>\n<link rel=\"canonical\" href=\"https:\/\/ralf100m.de\/it\/prodotto\/5614-3p\/\" \/>\n<meta property=\"og:locale\" content=\"it_IT\" \/>\n<meta property=\"og:type\" content=\"article\" \/>\n<meta property=\"og:title\" content=\"TK-5614-3p Fibu 1 &amp; 2 &amp; Datev im 3- er Pack - Ralf 100M\" \/>\n<meta property=\"og:description\" content=\"Fibu 1 + 2 + Datev im 3-er Pack (Kurslaufzeit 240 Tage ab Anmeldung) Fibu 1 Gesetzliche Grundlagen Inventar und Bilanz Bestandskonten Erfolgskonten Buchf\u00fchrungsorganisation Umsatzsteuersystematik Privatkonten Nicht abzugsf\u00e4hige\/ beschr\u00e4nkt abzugsf. Kosten \u00dcbungen Fibu2 Besonderheiten bei Produktionsbetrieben Buchen unfertiger und fertiger Erzeugnisse\/Leistungen Inhalte des Jahresabschlusses Bilanzierungsgrunds\u00e4tze Sachliche und zeitliche Abgrenzungen von Aufwendungen und Ertr\u00e4gen Steuerpflichtige und steuerfreie Ums\u00e4tze Umkehr der Steuerschuldnerschaft Umsatzsteuerrechtliches Ausland; Warengesch\u00e4fte mit dem \u00fcbrigen Gemeinschaftsgebiet und dem Drittlandsgebiet Erhaltene und geleistete Anzahlungen Handels- und steuerrechtliche Bewertungsvorschriften des Anlage- [&hellip;]\" \/>\n<meta property=\"og:url\" content=\"https:\/\/ralf100m.de\/it\/prodotto\/5614-3p\/\" \/>\n<meta property=\"og:site_name\" content=\"Ralf 100M\" \/>\n<meta property=\"article:modified_time\" content=\"2025-12-18T10:50:02+00:00\" \/>\n<meta property=\"og:image\" content=\"https:\/\/ralf100m.de\/wp-content\/uploads\/2023\/03\/FiBu-12Datev.png\" \/>\n\t<meta property=\"og:image:width\" content=\"1300\" \/>\n\t<meta property=\"og:image:height\" content=\"1290\" \/>\n\t<meta property=\"og:image:type\" content=\"image\/png\" \/>\n<meta name=\"twitter:card\" content=\"summary_large_image\" \/>\n<meta name=\"twitter:label1\" content=\"Tempo di lettura stimato\" \/>\n\t<meta name=\"twitter:data1\" content=\"2 minuti\" \/>\n<script type=\"application\/ld+json\" class=\"yoast-schema-graph\">{\"@context\":\"https:\\\/\\\/schema.org\",\"@graph\":[{\"@type\":\"WebPage\",\"@id\":\"https:\\\/\\\/ralf100m.de\\\/produkt\\\/5614-3p\\\/\",\"url\":\"https:\\\/\\\/ralf100m.de\\\/produkt\\\/5614-3p\\\/\",\"name\":\"TK-5614-3p Fibu 1 & 2 & Datev im 3- er Pack - Ralf 100M\",\"isPartOf\":{\"@id\":\"https:\\\/\\\/ralf100m.de\\\/#website\"},\"primaryImageOfPage\":{\"@id\":\"https:\\\/\\\/ralf100m.de\\\/produkt\\\/5614-3p\\\/#primaryimage\"},\"image\":{\"@id\":\"https:\\\/\\\/ralf100m.de\\\/produkt\\\/5614-3p\\\/#primaryimage\"},\"thumbnailUrl\":\"https:\\\/\\\/ralf100m.de\\\/wp-content\\\/uploads\\\/2023\\\/03\\\/FiBu-12Datev.png\",\"datePublished\":\"2023-03-19T18:00:09+00:00\",\"dateModified\":\"2025-12-18T10:50:02+00:00\",\"breadcrumb\":{\"@id\":\"https:\\\/\\\/ralf100m.de\\\/produkt\\\/5614-3p\\\/#breadcrumb\"},\"inLanguage\":\"it-IT\",\"potentialAction\":[{\"@type\":\"ReadAction\",\"target\":[\"https:\\\/\\\/ralf100m.de\\\/produkt\\\/5614-3p\\\/\"]}]},{\"@type\":\"ImageObject\",\"inLanguage\":\"it-IT\",\"@id\":\"https:\\\/\\\/ralf100m.de\\\/produkt\\\/5614-3p\\\/#primaryimage\",\"url\":\"https:\\\/\\\/ralf100m.de\\\/wp-content\\\/uploads\\\/2023\\\/03\\\/FiBu-12Datev.png\",\"contentUrl\":\"https:\\\/\\\/ralf100m.de\\\/wp-content\\\/uploads\\\/2023\\\/03\\\/FiBu-12Datev.png\",\"width\":1300,\"height\":1290},{\"@type\":\"BreadcrumbList\",\"@id\":\"https:\\\/\\\/ralf100m.de\\\/produkt\\\/5614-3p\\\/#breadcrumb\",\"itemListElement\":[{\"@type\":\"ListItem\",\"position\":1,\"name\":\"Startseite\",\"item\":\"https:\\\/\\\/ralf100m.de\\\/\"},{\"@type\":\"ListItem\",\"position\":2,\"name\":\"Shop\",\"item\":\"https:\\\/\\\/ralf100m.de\\\/shop\\\/\"},{\"@type\":\"ListItem\",\"position\":3,\"name\":\"TK-5614-3p Fibu 1 &#038; 2 &#038; Datev im 3- er Pack\"}]},{\"@type\":\"WebSite\",\"@id\":\"https:\\\/\\\/ralf100m.de\\\/#website\",\"url\":\"https:\\\/\\\/ralf100m.de\\\/\",\"name\":\"Ralf 100M\",\"description\":\"\",\"publisher\":{\"@id\":\"https:\\\/\\\/ralf100m.de\\\/#\\\/schema\\\/person\\\/144d88d0c18fb8f5e6bd155752132c23\"},\"potentialAction\":[{\"@type\":\"SearchAction\",\"target\":{\"@type\":\"EntryPoint\",\"urlTemplate\":\"https:\\\/\\\/ralf100m.de\\\/?s={search_term_string}\"},\"query-input\":{\"@type\":\"PropertyValueSpecification\",\"valueRequired\":true,\"valueName\":\"search_term_string\"}}],\"inLanguage\":\"it-IT\"},{\"@type\":[\"Person\",\"Organization\"],\"@id\":\"https:\\\/\\\/ralf100m.de\\\/#\\\/schema\\\/person\\\/144d88d0c18fb8f5e6bd155752132c23\",\"name\":\"wpulitkus\",\"image\":{\"@type\":\"ImageObject\",\"inLanguage\":\"it-IT\",\"@id\":\"https:\\\/\\\/ralf100m.de\\\/wp-content\\\/uploads\\\/2023\\\/04\\\/ralf-200px-logo.jpg\",\"url\":\"https:\\\/\\\/ralf100m.de\\\/wp-content\\\/uploads\\\/2023\\\/04\\\/ralf-200px-logo.jpg\",\"contentUrl\":\"https:\\\/\\\/ralf100m.de\\\/wp-content\\\/uploads\\\/2023\\\/04\\\/ralf-200px-logo.jpg\",\"width\":400,\"height\":162,\"caption\":\"wpulitkus\"},\"logo\":{\"@id\":\"https:\\\/\\\/ralf100m.de\\\/wp-content\\\/uploads\\\/2023\\\/04\\\/ralf-200px-logo.jpg\"}}]}<\/script>\n<!-- \/ Yoast SEO plugin. -->","yoast_head_json":{"title":"TK-5614-3p Fibu 1 &amp; 2 &amp; Datev in confezione da 3 - Ralf 100M","robots":{"index":"index","follow":"follow","max-snippet":"max-snippet:-1","max-image-preview":"max-image-preview:large","max-video-preview":"max-video-preview:-1"},"canonical":"https:\/\/ralf100m.de\/it\/prodotto\/5614-3p\/","og_locale":"it_IT","og_type":"article","og_title":"TK-5614-3p Fibu 1 & 2 & Datev im 3- er Pack - Ralf 100M","og_description":"Fibu 1 + 2 + Datev im 3-er Pack (Kurslaufzeit 240 Tage ab Anmeldung) Fibu 1 Gesetzliche Grundlagen Inventar und Bilanz Bestandskonten Erfolgskonten Buchf\u00fchrungsorganisation Umsatzsteuersystematik Privatkonten Nicht abzugsf\u00e4hige\/ beschr\u00e4nkt abzugsf. Kosten \u00dcbungen Fibu2 Besonderheiten bei Produktionsbetrieben Buchen unfertiger und fertiger Erzeugnisse\/Leistungen Inhalte des Jahresabschlusses Bilanzierungsgrunds\u00e4tze Sachliche und zeitliche Abgrenzungen von Aufwendungen und Ertr\u00e4gen Steuerpflichtige und steuerfreie Ums\u00e4tze Umkehr der Steuerschuldnerschaft Umsatzsteuerrechtliches Ausland; Warengesch\u00e4fte mit dem \u00fcbrigen Gemeinschaftsgebiet und dem Drittlandsgebiet Erhaltene und geleistete Anzahlungen Handels- und steuerrechtliche Bewertungsvorschriften des Anlage- [&hellip;]","og_url":"https:\/\/ralf100m.de\/it\/prodotto\/5614-3p\/","og_site_name":"Ralf 100M","article_modified_time":"2025-12-18T10:50:02+00:00","og_image":[{"width":1300,"height":1290,"url":"https:\/\/ralf100m.de\/wp-content\/uploads\/2023\/03\/FiBu-12Datev.png","type":"image\/png"}],"twitter_card":"summary_large_image","twitter_misc":{"Tempo di lettura stimato":"2 minuti"},"schema":{"@context":"https:\/\/schema.org","@graph":[{"@type":"WebPage","@id":"https:\/\/ralf100m.de\/produkt\/5614-3p\/","url":"https:\/\/ralf100m.de\/produkt\/5614-3p\/","name":"TK-5614-3p Fibu 1 &amp; 2 &amp; Datev in confezione da 3 - Ralf 100M","isPartOf":{"@id":"https:\/\/ralf100m.de\/#website"},"primaryImageOfPage":{"@id":"https:\/\/ralf100m.de\/produkt\/5614-3p\/#primaryimage"},"image":{"@id":"https:\/\/ralf100m.de\/produkt\/5614-3p\/#primaryimage"},"thumbnailUrl":"https:\/\/ralf100m.de\/wp-content\/uploads\/2023\/03\/FiBu-12Datev.png","datePublished":"2023-03-19T18:00:09+00:00","dateModified":"2025-12-18T10:50:02+00:00","breadcrumb":{"@id":"https:\/\/ralf100m.de\/produkt\/5614-3p\/#breadcrumb"},"inLanguage":"it-IT","potentialAction":[{"@type":"ReadAction","target":["https:\/\/ralf100m.de\/produkt\/5614-3p\/"]}]},{"@type":"ImageObject","inLanguage":"it-IT","@id":"https:\/\/ralf100m.de\/produkt\/5614-3p\/#primaryimage","url":"https:\/\/ralf100m.de\/wp-content\/uploads\/2023\/03\/FiBu-12Datev.png","contentUrl":"https:\/\/ralf100m.de\/wp-content\/uploads\/2023\/03\/FiBu-12Datev.png","width":1300,"height":1290},{"@type":"BreadcrumbList","@id":"https:\/\/ralf100m.de\/produkt\/5614-3p\/#breadcrumb","itemListElement":[{"@type":"ListItem","position":1,"name":"Startseite","item":"https:\/\/ralf100m.de\/"},{"@type":"ListItem","position":2,"name":"Shop","item":"https:\/\/ralf100m.de\/shop\/"},{"@type":"ListItem","position":3,"name":"TK-5614-3p Fibu 1 &#038; 2 &#038; Datev im 3- er Pack"}]},{"@type":"WebSite","@id":"https:\/\/ralf100m.de\/#website","url":"https:\/\/ralf100m.de\/","name":"Ralf 100M","description":"","publisher":{"@id":"https:\/\/ralf100m.de\/#\/schema\/person\/144d88d0c18fb8f5e6bd155752132c23"},"potentialAction":[{"@type":"SearchAction","target":{"@type":"EntryPoint","urlTemplate":"https:\/\/ralf100m.de\/?s={search_term_string}"},"query-input":{"@type":"PropertyValueSpecification","valueRequired":true,"valueName":"search_term_string"}}],"inLanguage":"it-IT"},{"@type":["Person","Organization"],"@id":"https:\/\/ralf100m.de\/#\/schema\/person\/144d88d0c18fb8f5e6bd155752132c23","name":"wpulitcus","image":{"@type":"ImageObject","inLanguage":"it-IT","@id":"https:\/\/ralf100m.de\/wp-content\/uploads\/2023\/04\/ralf-200px-logo.jpg","url":"https:\/\/ralf100m.de\/wp-content\/uploads\/2023\/04\/ralf-200px-logo.jpg","contentUrl":"https:\/\/ralf100m.de\/wp-content\/uploads\/2023\/04\/ralf-200px-logo.jpg","width":400,"height":162,"caption":"wpulitkus"},"logo":{"@id":"https:\/\/ralf100m.de\/wp-content\/uploads\/2023\/04\/ralf-200px-logo.jpg"}}]}},"_links":{"self":[{"href":"https:\/\/ralf100m.de\/it\/wp-json\/wp\/v2\/product\/4250","targetHints":{"allow":["GET"]}}],"collection":[{"href":"https:\/\/ralf100m.de\/it\/wp-json\/wp\/v2\/product"}],"about":[{"href":"https:\/\/ralf100m.de\/it\/wp-json\/wp\/v2\/types\/product"}],"wp:featuredmedia":[{"embeddable":true,"href":"https:\/\/ralf100m.de\/it\/wp-json\/wp\/v2\/media\/4195"}],"wp:attachment":[{"href":"https:\/\/ralf100m.de\/it\/wp-json\/wp\/v2\/media?parent=4250"}],"wp:term":[{"taxonomy":"product_brand","embeddable":true,"href":"https:\/\/ralf100m.de\/it\/wp-json\/wp\/v2\/product_brand?post=4250"},{"taxonomy":"product_cat","embeddable":true,"href":"https:\/\/ralf100m.de\/it\/wp-json\/wp\/v2\/product_cat?post=4250"},{"taxonomy":"product_tag","embeddable":true,"href":"https:\/\/ralf100m.de\/it\/wp-json\/wp\/v2\/product_tag?post=4250"}],"curies":[{"name":"wp","href":"https:\/\/api.w.org\/{rel}","templated":true}]}}