{"id":4574,"date":"2023-06-25T14:31:03","date_gmt":"2023-06-25T12:31:03","guid":{"rendered":"https:\/\/ralf100m.de\/?post_type=product&#038;p=4574"},"modified":"2025-12-18T11:57:34","modified_gmt":"2025-12-18T10:57:34","slug":"datev-contabilita-paghe-combi","status":"publish","type":"product","link":"https:\/\/ralf100m.de\/it\/produkt\/datev-fibu-lohn-kombi\/","title":{"rendered":"TK-5628-fl Fibu Payroll Combi"},"content":{"rendered":"<h4>Datev Fibu e salari in un unico pacchetto<\/h4>\n<p>Il nostro pacchetto vi permetter\u00e0 di conoscere e padroneggiare la contabilit\u00e0 finanziaria e la contabilit\u00e0 dei salari. Imparerete tutto ci\u00f2 che vi serve per la gestione pratica della contabilit\u00e0 e delle buste paga nel reparto contabile di un'azienda o di uno studio fiscale.<br \/>\nSiamo a vostra disposizione 24 ore su 24 (7 giorni su 7).<\/p>\n<p>Riceverete materiale didattico, video e compiti sulla piattaforma VHS. Al momento della registrazione riceverete anche l'accesso al software di contabilit\u00e0 finanziaria DATEV.<\/p>\n<p>Steffen Ismer (salari) e io (contabilit\u00e0 finanziaria) vi supporteremo come istruttori durante l'intero corso via telefono \/ Skype \/ WhatsApp e, se necessario, tramite condivisione dello schermo.<\/p>\n<p>Con la laurea riceverete un <strong>Certificato <\/strong>del centro di istruzione per adulti Treptow-K\u00f6penick a <strong>Cooperazione con Datev<\/strong> e qualificarsi per l'esame nel <strong>XPert Business <\/strong>Programma Parte 3 e per il nuovo <strong>Certificato DATEV<\/strong> in qualsiasi VHS locale a livello nazionale.<\/p>\n<p>&nbsp;<\/p>\n<ul>\n<li>Creazione di un nuovo cliente \/ dati anagrafici<\/li>\n<li>Elaborazione della contabilit\u00e0 in DATEV Kanzlei-Rechnungswesen<\/li>\n<li>Ricevute digitali<\/li>\n<li>Eseguire il backup, importare ed eliminare i dati contabili.<\/li>\n<li>Analisi della contabilit\u00e0 finanziaria<\/li>\n<li>Lavoro finale \/ fine anno<\/li>\n<li>Molti, molti esercizi pratici<\/li>\n<\/ul>\n<p>Salari Datev<\/p>\n<p><strong>Contenuti del corso<\/strong><\/p>\n<p>Utilizzando l'esempio di due clienti campione con diversi dipendenti, realizzerete in modo indipendente la contabilit\u00e0 delle retribuzioni con diversi punti focali e livelli di difficolt\u00e0. I casi esemplificativi sono tratti dalla vita lavorativa di tutti i giorni. Il seminario vi mostrer\u00e0 come lavorare in modo efficiente con DATEV Lohn und Gehalt classic\/comfort per il vostro futuro utilizzo nella pratica.<\/p>\n<p>DATEV Arbeitsplatz e DATEV Lohn und Gehalt comfort<\/p>\n<p>&nbsp;<\/p>\n<p><strong>Gestione centrale dei dati anagrafici dei clienti<\/strong><\/p>\n<p>Il percorso dalla postazione di lavoro DATEV all'area di servizio Salari e Stipendi conduce attraverso le banche dati di conoscenza, l'aiuto ai programmi e le istituzioni alla creazione di un nuovo cliente.<\/p>\n<p>&nbsp;<\/p>\n<p><strong>Contabilit\u00e0 salariale continua per 12 mesi con DATEV Lohn und Gehalt comfort<\/strong><\/p>\n<p>La correttezza dei dati anagrafici dei dipendenti \u00e8 l'elemento fondamentale di ogni sistema di contabilit\u00e0 delle retribuzioni. I dati delle transazioni registrano la retribuzione corrente e i risultati del nostro lavoro sono visibili nelle analisi.<\/p>\n<p>&nbsp;<\/p>\n<p><strong>Client di pratica per l'autoapprendimento<\/strong><\/p>\n<p>Fabbrica di mobili Baltasar Muster KG<\/p>\n<p>A seconda dei progressi della formazione, sarete in grado di supervisionare e assistere in modo indipendente un vostro cliente e i suoi dipendenti nella contabilit\u00e0 delle retribuzioni per un periodo di 12 mesi.<\/p>\n<p>I requisiti per la riduzione del prezzo del corso sono i seguenti\u00a0<a href=\"https:\/\/tinyurl.com\/y7wbb46p\"><strong>qui<\/strong><\/a>.<br \/>\nGli sconti possono essere ottenuti solo direttamente dal VHS tramite\u00a0<a href=\"http:\/\/ralf100m.de\/it\/Kursanmeldung%20%2B%20Datenschutz.pdf\/\" target=\"_blank\" rel=\"noopener\"><strong>Forma<\/strong><\/a>\u00a0possono essere prenotati.<\/p>\n<p>Compilare e inviare a anmeldung@vhstk.de \/ inviare una copia a me (info@ralf100m.de).<\/p>","protected":false},"excerpt":{"rendered":"<h4>Datev Fibu e salari in un unico pacchetto<\/h4>\n<p>A determinate condizioni, la VHS concede riduzioni sul prezzo del corso -&gt; \u20ac 383,30)<br \/>\nI requisiti per la riduzione del prezzo del corso sono i seguenti\u00a0<a href=\"https:\/\/tinyurl.com\/y7wbb46p\"><strong>qui<\/strong><\/a>.<\/p>\n<p>Gli sconti possono essere ottenuti solo direttamente dal VHS tramite\u00a0<a href=\"http:\/\/ralf100m.de\/it\/Kursanmeldung%20%2B%20Datenschutz.pdf\/\" target=\"_blank\" rel=\"noopener\"><strong>Forma<\/strong><\/a>\u00a0possono essere prenotati.<\/p>\n<p>Compilare e restituire a anmeldung@vhstk.de \/ inviare una copia a me (info@ralf100m.de) e allegare la prova dello sconto \/ ! <strong>Si applica solo alle iscrizioni con sconto!<\/strong><\/p>\n<p>&nbsp;<\/p>","protected":false},"featured_media":4579,"template":"","meta":[],"product_brand":[],"product_cat":[37],"product_tag":[],"class_list":{"0":"post-4574","1":"product","2":"type-product","3":"status-publish","4":"has-post-thumbnail","6":"product_cat-vhs-online-kurse","8":"first","9":"instock","10":"virtual","11":"taxable","12":"purchasable","13":"product-type-simple"},"yoast_head":"<!-- This site is optimized with the Yoast SEO plugin v27.5 - https:\/\/yoast.com\/product\/yoast-seo-wordpress\/ -->\n<title>TK-5628-fl Fibu Lohn Kombi - Ralf 100M<\/title>\n<meta name=\"robots\" content=\"index, follow, max-snippet:-1, max-image-preview:large, max-video-preview:-1\" \/>\n<link rel=\"canonical\" href=\"https:\/\/ralf100m.de\/it\/prodotto\/datev-contabilita-paghe-combi\/\" \/>\n<meta property=\"og:locale\" content=\"it_IT\" \/>\n<meta property=\"og:type\" content=\"article\" \/>\n<meta property=\"og:title\" content=\"TK-5628-fl Fibu Lohn Kombi - Ralf 100M\" \/>\n<meta property=\"og:description\" content=\"Datev Fibu und Lohn\u00a0 in einem\u00a0 Paket Unter bestimmten Voraussetzungen gew\u00e4hrt die VHS Kurspreiserm\u00e4\u00dfigung -&gt; 383.30) \u20ac Die Voraussetzungen f\u00fcr eine Kurspreiserm\u00e4\u00dfigung findest Du\u00a0hier.  Erm\u00e4\u00dfigungen k\u00f6nnen nur direkt \u00fcber die VHS per\u00a0Formular\u00a0gebucht werden.  Bitte ausgef\u00fcllt an anmeldung@vhstk.de \/ Kopie an mich (info@ralf100m.de) schicken und den Erm\u00e4\u00dfigungsnachweis mitsenden \/ ! Betrifft nur Anmeldungen mit Erm\u00e4\u00dfigung !  &nbsp;\" \/>\n<meta property=\"og:url\" content=\"https:\/\/ralf100m.de\/it\/prodotto\/datev-contabilita-paghe-combi\/\" \/>\n<meta property=\"og:site_name\" content=\"Ralf 100M\" \/>\n<meta property=\"article:modified_time\" content=\"2025-12-18T10:57:34+00:00\" \/>\n<meta property=\"og:image\" content=\"https:\/\/ralf100m.de\/wp-content\/uploads\/2023\/06\/Datev-Fibu-Lohn-Kombi.png\" \/>\n\t<meta property=\"og:image:width\" content=\"500\" \/>\n\t<meta property=\"og:image:height\" content=\"500\" \/>\n\t<meta property=\"og:image:type\" content=\"image\/png\" \/>\n<meta name=\"twitter:card\" content=\"summary_large_image\" \/>\n<meta name=\"twitter:label1\" content=\"Tempo di lettura stimato\" \/>\n\t<meta name=\"twitter:data1\" content=\"3 minuti\" \/>\n<script type=\"application\/ld+json\" class=\"yoast-schema-graph\">{\"@context\":\"https:\\\/\\\/schema.org\",\"@graph\":[{\"@type\":\"WebPage\",\"@id\":\"https:\\\/\\\/ralf100m.de\\\/produkt\\\/datev-fibu-lohn-kombi\\\/\",\"url\":\"https:\\\/\\\/ralf100m.de\\\/produkt\\\/datev-fibu-lohn-kombi\\\/\",\"name\":\"TK-5628-fl Fibu Lohn Kombi - Ralf 100M\",\"isPartOf\":{\"@id\":\"https:\\\/\\\/ralf100m.de\\\/#website\"},\"primaryImageOfPage\":{\"@id\":\"https:\\\/\\\/ralf100m.de\\\/produkt\\\/datev-fibu-lohn-kombi\\\/#primaryimage\"},\"image\":{\"@id\":\"https:\\\/\\\/ralf100m.de\\\/produkt\\\/datev-fibu-lohn-kombi\\\/#primaryimage\"},\"thumbnailUrl\":\"https:\\\/\\\/ralf100m.de\\\/wp-content\\\/uploads\\\/2023\\\/06\\\/Datev-Fibu-Lohn-Kombi.png\",\"datePublished\":\"2023-06-25T12:31:03+00:00\",\"dateModified\":\"2025-12-18T10:57:34+00:00\",\"breadcrumb\":{\"@id\":\"https:\\\/\\\/ralf100m.de\\\/produkt\\\/datev-fibu-lohn-kombi\\\/#breadcrumb\"},\"inLanguage\":\"it-IT\",\"potentialAction\":[{\"@type\":\"ReadAction\",\"target\":[\"https:\\\/\\\/ralf100m.de\\\/produkt\\\/datev-fibu-lohn-kombi\\\/\"]}]},{\"@type\":\"ImageObject\",\"inLanguage\":\"it-IT\",\"@id\":\"https:\\\/\\\/ralf100m.de\\\/produkt\\\/datev-fibu-lohn-kombi\\\/#primaryimage\",\"url\":\"https:\\\/\\\/ralf100m.de\\\/wp-content\\\/uploads\\\/2023\\\/06\\\/Datev-Fibu-Lohn-Kombi.png\",\"contentUrl\":\"https:\\\/\\\/ralf100m.de\\\/wp-content\\\/uploads\\\/2023\\\/06\\\/Datev-Fibu-Lohn-Kombi.png\",\"width\":500,\"height\":500,\"caption\":\"Datev Fibu + Lohn Kombi\"},{\"@type\":\"BreadcrumbList\",\"@id\":\"https:\\\/\\\/ralf100m.de\\\/produkt\\\/datev-fibu-lohn-kombi\\\/#breadcrumb\",\"itemListElement\":[{\"@type\":\"ListItem\",\"position\":1,\"name\":\"Startseite\",\"item\":\"https:\\\/\\\/ralf100m.de\\\/\"},{\"@type\":\"ListItem\",\"position\":2,\"name\":\"Shop\",\"item\":\"https:\\\/\\\/ralf100m.de\\\/shop\\\/\"},{\"@type\":\"ListItem\",\"position\":3,\"name\":\"TK-5628-fl Fibu Lohn Kombi\"}]},{\"@type\":\"WebSite\",\"@id\":\"https:\\\/\\\/ralf100m.de\\\/#website\",\"url\":\"https:\\\/\\\/ralf100m.de\\\/\",\"name\":\"Ralf 100M\",\"description\":\"\",\"publisher\":{\"@id\":\"https:\\\/\\\/ralf100m.de\\\/#\\\/schema\\\/person\\\/144d88d0c18fb8f5e6bd155752132c23\"},\"potentialAction\":[{\"@type\":\"SearchAction\",\"target\":{\"@type\":\"EntryPoint\",\"urlTemplate\":\"https:\\\/\\\/ralf100m.de\\\/?s={search_term_string}\"},\"query-input\":{\"@type\":\"PropertyValueSpecification\",\"valueRequired\":true,\"valueName\":\"search_term_string\"}}],\"inLanguage\":\"it-IT\"},{\"@type\":[\"Person\",\"Organization\"],\"@id\":\"https:\\\/\\\/ralf100m.de\\\/#\\\/schema\\\/person\\\/144d88d0c18fb8f5e6bd155752132c23\",\"name\":\"wpulitkus\",\"image\":{\"@type\":\"ImageObject\",\"inLanguage\":\"it-IT\",\"@id\":\"https:\\\/\\\/ralf100m.de\\\/wp-content\\\/uploads\\\/2023\\\/04\\\/ralf-200px-logo.jpg\",\"url\":\"https:\\\/\\\/ralf100m.de\\\/wp-content\\\/uploads\\\/2023\\\/04\\\/ralf-200px-logo.jpg\",\"contentUrl\":\"https:\\\/\\\/ralf100m.de\\\/wp-content\\\/uploads\\\/2023\\\/04\\\/ralf-200px-logo.jpg\",\"width\":400,\"height\":162,\"caption\":\"wpulitkus\"},\"logo\":{\"@id\":\"https:\\\/\\\/ralf100m.de\\\/wp-content\\\/uploads\\\/2023\\\/04\\\/ralf-200px-logo.jpg\"}}]}<\/script>\n<!-- \/ Yoast SEO plugin. -->","yoast_head_json":{"title":"TK-5628-fl Fibu Lohn Kombi - Ralf 100M","robots":{"index":"index","follow":"follow","max-snippet":"max-snippet:-1","max-image-preview":"max-image-preview:large","max-video-preview":"max-video-preview:-1"},"canonical":"https:\/\/ralf100m.de\/it\/prodotto\/datev-contabilita-paghe-combi\/","og_locale":"it_IT","og_type":"article","og_title":"TK-5628-fl Fibu Lohn Kombi - Ralf 100M","og_description":"Datev Fibu und Lohn\u00a0 in einem\u00a0 Paket Unter bestimmten Voraussetzungen gew\u00e4hrt die VHS Kurspreiserm\u00e4\u00dfigung -&gt; 383.30) \u20ac Die Voraussetzungen f\u00fcr eine Kurspreiserm\u00e4\u00dfigung findest Du\u00a0hier.  Erm\u00e4\u00dfigungen k\u00f6nnen nur direkt \u00fcber die VHS per\u00a0Formular\u00a0gebucht werden.  Bitte ausgef\u00fcllt an anmeldung@vhstk.de \/ Kopie an mich (info@ralf100m.de) schicken und den Erm\u00e4\u00dfigungsnachweis mitsenden \/ ! Betrifft nur Anmeldungen mit Erm\u00e4\u00dfigung !  &nbsp;","og_url":"https:\/\/ralf100m.de\/it\/prodotto\/datev-contabilita-paghe-combi\/","og_site_name":"Ralf 100M","article_modified_time":"2025-12-18T10:57:34+00:00","og_image":[{"width":500,"height":500,"url":"https:\/\/ralf100m.de\/wp-content\/uploads\/2023\/06\/Datev-Fibu-Lohn-Kombi.png","type":"image\/png"}],"twitter_card":"summary_large_image","twitter_misc":{"Tempo di lettura stimato":"3 minuti"},"schema":{"@context":"https:\/\/schema.org","@graph":[{"@type":"WebPage","@id":"https:\/\/ralf100m.de\/produkt\/datev-fibu-lohn-kombi\/","url":"https:\/\/ralf100m.de\/produkt\/datev-fibu-lohn-kombi\/","name":"TK-5628-fl Fibu Lohn Kombi - Ralf 100M","isPartOf":{"@id":"https:\/\/ralf100m.de\/#website"},"primaryImageOfPage":{"@id":"https:\/\/ralf100m.de\/produkt\/datev-fibu-lohn-kombi\/#primaryimage"},"image":{"@id":"https:\/\/ralf100m.de\/produkt\/datev-fibu-lohn-kombi\/#primaryimage"},"thumbnailUrl":"https:\/\/ralf100m.de\/wp-content\/uploads\/2023\/06\/Datev-Fibu-Lohn-Kombi.png","datePublished":"2023-06-25T12:31:03+00:00","dateModified":"2025-12-18T10:57:34+00:00","breadcrumb":{"@id":"https:\/\/ralf100m.de\/produkt\/datev-fibu-lohn-kombi\/#breadcrumb"},"inLanguage":"it-IT","potentialAction":[{"@type":"ReadAction","target":["https:\/\/ralf100m.de\/produkt\/datev-fibu-lohn-kombi\/"]}]},{"@type":"ImageObject","inLanguage":"it-IT","@id":"https:\/\/ralf100m.de\/produkt\/datev-fibu-lohn-kombi\/#primaryimage","url":"https:\/\/ralf100m.de\/wp-content\/uploads\/2023\/06\/Datev-Fibu-Lohn-Kombi.png","contentUrl":"https:\/\/ralf100m.de\/wp-content\/uploads\/2023\/06\/Datev-Fibu-Lohn-Kombi.png","width":500,"height":500,"caption":"Datev Fibu + Lohn Kombi"},{"@type":"BreadcrumbList","@id":"https:\/\/ralf100m.de\/produkt\/datev-fibu-lohn-kombi\/#breadcrumb","itemListElement":[{"@type":"ListItem","position":1,"name":"Startseite","item":"https:\/\/ralf100m.de\/"},{"@type":"ListItem","position":2,"name":"Shop","item":"https:\/\/ralf100m.de\/shop\/"},{"@type":"ListItem","position":3,"name":"TK-5628-fl Fibu Lohn Kombi"}]},{"@type":"WebSite","@id":"https:\/\/ralf100m.de\/#website","url":"https:\/\/ralf100m.de\/","name":"Ralf 100M","description":"","publisher":{"@id":"https:\/\/ralf100m.de\/#\/schema\/person\/144d88d0c18fb8f5e6bd155752132c23"},"potentialAction":[{"@type":"SearchAction","target":{"@type":"EntryPoint","urlTemplate":"https:\/\/ralf100m.de\/?s={search_term_string}"},"query-input":{"@type":"PropertyValueSpecification","valueRequired":true,"valueName":"search_term_string"}}],"inLanguage":"it-IT"},{"@type":["Person","Organization"],"@id":"https:\/\/ralf100m.de\/#\/schema\/person\/144d88d0c18fb8f5e6bd155752132c23","name":"wpulitcus","image":{"@type":"ImageObject","inLanguage":"it-IT","@id":"https:\/\/ralf100m.de\/wp-content\/uploads\/2023\/04\/ralf-200px-logo.jpg","url":"https:\/\/ralf100m.de\/wp-content\/uploads\/2023\/04\/ralf-200px-logo.jpg","contentUrl":"https:\/\/ralf100m.de\/wp-content\/uploads\/2023\/04\/ralf-200px-logo.jpg","width":400,"height":162,"caption":"wpulitkus"},"logo":{"@id":"https:\/\/ralf100m.de\/wp-content\/uploads\/2023\/04\/ralf-200px-logo.jpg"}}]}},"_links":{"self":[{"href":"https:\/\/ralf100m.de\/it\/wp-json\/wp\/v2\/product\/4574","targetHints":{"allow":["GET"]}}],"collection":[{"href":"https:\/\/ralf100m.de\/it\/wp-json\/wp\/v2\/product"}],"about":[{"href":"https:\/\/ralf100m.de\/it\/wp-json\/wp\/v2\/types\/product"}],"wp:featuredmedia":[{"embeddable":true,"href":"https:\/\/ralf100m.de\/it\/wp-json\/wp\/v2\/media\/4579"}],"wp:attachment":[{"href":"https:\/\/ralf100m.de\/it\/wp-json\/wp\/v2\/media?parent=4574"}],"wp:term":[{"taxonomy":"product_brand","embeddable":true,"href":"https:\/\/ralf100m.de\/it\/wp-json\/wp\/v2\/product_brand?post=4574"},{"taxonomy":"product_cat","embeddable":true,"href":"https:\/\/ralf100m.de\/it\/wp-json\/wp\/v2\/product_cat?post=4574"},{"taxonomy":"product_tag","embeddable":true,"href":"https:\/\/ralf100m.de\/it\/wp-json\/wp\/v2\/product_tag?post=4574"}],"curies":[{"name":"wp","href":"https:\/\/api.w.org\/{rel}","templated":true}]}}