{"id":4723,"date":"2023-09-12T20:01:21","date_gmt":"2023-09-12T18:01:21","guid":{"rendered":"https:\/\/ralf100m.de\/?post_type=product&#038;p=4723"},"modified":"2025-12-18T11:28:45","modified_gmt":"2025-12-18T10:28:45","slug":"corso-online-di-busta-paga-datev","status":"publish","type":"product","link":"https:\/\/ralf100m.de\/it\/produkt\/datev-lohn-online-kurs\/","title":{"rendered":"TK-5636 Solo Datev Lohn | Ismer"},"content":{"rendered":"<p>Nel nostro seminario online Datev in collaborazione con VHS TK Berlin, potrete imparare Datev, o pi\u00f9 precisamente, conoscere e padroneggiare la contabilit\u00e0 paghe di DATEV. Nel nostro corso di formazione Datev, imparerete tutto ci\u00f2 che vi serve per la gestione pratica della contabilit\u00e0 paghe con DATEV. <strong><a title=\"Homepage Datev\" href=\"https:\/\/www.datev.de\/\" target=\"_blank\" rel=\"noopener noreferrer\">Datav<\/a> <\/strong>in un reparto di contabilit\u00e0 o in un ufficio fiscale.<\/p>\n<ul>\n<li>Gestione centrale dei dati anagrafici dei clienti<\/li>\n<li>Contabilit\u00e0 salariale continua per 12 mesi con DATEV Lohn und Gehalt comfort<\/li>\n<li>Cliente pratico per l'autoapprendimentoBaltasar Muster KG M\u00f6belfabrik<\/li>\n<li>Molti, molti esercizi pratici<\/li>\n<\/ul>\n<p>I requisiti per la riduzione del prezzo del corso sono i seguenti\u00a0<a href=\"https:\/\/tinyurl.com\/y7wbb46p\"><strong>qui<\/strong><\/a>.<\/p>\n<h4>Riguarda solo gli sconti!<\/h4>\n<p>Gli sconti possono essere ottenuti solo direttamente dal VHS tramite\u00a0<a href=\"http:\/\/ralf100m.de\/it\/Kursanmeldung%20%2B%20Datenschutz.pdf\/\" target=\"_blank\" rel=\"noopener\"><strong>Forma<\/strong><\/a>\u00a0possono essere prenotati.<\/p>\n<p>Compilare e inviare a anmeldung@vhstk.de \/ inviare una copia a me (info@ralf100m.de).<\/p>","protected":false},"excerpt":{"rendered":"<p>Datev Contabilit\u00e0 paghe e stipendi Comfort dalla A alla Z<\/p>\n<p>A determinate condizioni, la VHS concede una riduzione del prezzo del corso -&gt; \u20ac 203,75<br \/>\nI requisiti per la riduzione del prezzo del corso sono i seguenti\u00a0<a href=\"https:\/\/tinyurl.com\/y7wbb46p\"><strong>qui<\/strong><\/a>.<\/p>\n<p>Gli sconti possono essere ottenuti solo direttamente dal VHS tramite\u00a0<a href=\"http:\/\/ralf100m.de\/it\/Kursanmeldung%20%2B%20Datenschutz.pdf\/\" target=\"_blank\" rel=\"noopener\"><strong>Forma<\/strong><\/a>\u00a0possono essere prenotati.<\/p>\n<p>Compilare e restituire a anmeldung@vhstk.de \/ inviare una copia a me (info@ralf100m.de) e allegare la prova dello sconto \/ ! <strong>Si applica solo alle iscrizioni con sconto!<\/strong><\/p>\n<p>&nbsp;<\/p>","protected":false},"featured_media":4537,"template":"","meta":[],"product_brand":[],"product_cat":[37],"product_tag":[],"class_list":{"0":"post-4723","1":"product","2":"type-product","3":"status-publish","4":"has-post-thumbnail","6":"product_cat-vhs-online-kurse","8":"first","9":"instock","10":"virtual","11":"taxable","12":"purchasable","13":"product-type-simple"},"yoast_head":"<!-- This site is optimized with the Yoast SEO plugin v27.5 - https:\/\/yoast.com\/product\/yoast-seo-wordpress\/ -->\n<title>TK-5636 Datev Lohn | nur Ismer - Ralf 100M<\/title>\n<meta name=\"robots\" content=\"index, follow, max-snippet:-1, max-image-preview:large, max-video-preview:-1\" \/>\n<link rel=\"canonical\" href=\"https:\/\/ralf100m.de\/it\/prodotto\/corso-online-di-busta-paga-datev\/\" \/>\n<meta property=\"og:locale\" content=\"it_IT\" \/>\n<meta property=\"og:type\" content=\"article\" \/>\n<meta property=\"og:title\" content=\"TK-5636 Datev Lohn | nur Ismer - Ralf 100M\" \/>\n<meta property=\"og:description\" content=\"Datev Lohnbuchhaltung Lohn &amp; Gehalt Comfort\u00a0 von A-Z  Unter bestimmten Voraussetzungen gew\u00e4hrt die VHS Kurspreiserm\u00e4\u00dfigung -&gt; 203,75 \u20ac Die Voraussetzungen f\u00fcr eine Kurspreiserm\u00e4\u00dfigung findest Du\u00a0hier.  Erm\u00e4\u00dfigungen k\u00f6nnen nur direkt \u00fcber die VHS per\u00a0Formular\u00a0gebucht werden.  Bitte ausgef\u00fcllt an anmeldung@vhstk.de \/ Kopie an mich (info@ralf100m.de) schicken und den Erm\u00e4\u00dfigungsnachweis mitsenden \/ ! Betrifft nur Anmeldungen mit Erm\u00e4\u00dfigung !  &nbsp;\" \/>\n<meta property=\"og:url\" content=\"https:\/\/ralf100m.de\/it\/prodotto\/corso-online-di-busta-paga-datev\/\" \/>\n<meta property=\"og:site_name\" content=\"Ralf 100M\" \/>\n<meta property=\"article:modified_time\" content=\"2025-12-18T10:28:45+00:00\" \/>\n<meta property=\"og:image\" content=\"https:\/\/ralf100m.de\/wp-content\/uploads\/2023\/06\/Fibu-Lohn-Gehalt.jpeg\" \/>\n\t<meta property=\"og:image:width\" content=\"1000\" \/>\n\t<meta property=\"og:image:height\" content=\"1000\" \/>\n\t<meta property=\"og:image:type\" content=\"image\/jpeg\" \/>\n<meta name=\"twitter:card\" content=\"summary_large_image\" \/>\n<meta name=\"twitter:label1\" content=\"Tempo di lettura stimato\" \/>\n\t<meta name=\"twitter:data1\" content=\"1 minuto\" \/>\n<script type=\"application\/ld+json\" class=\"yoast-schema-graph\">{\"@context\":\"https:\\\/\\\/schema.org\",\"@graph\":[{\"@type\":\"WebPage\",\"@id\":\"https:\\\/\\\/ralf100m.de\\\/produkt\\\/datev-lohn-online-kurs\\\/\",\"url\":\"https:\\\/\\\/ralf100m.de\\\/produkt\\\/datev-lohn-online-kurs\\\/\",\"name\":\"TK-5636 Datev Lohn | nur Ismer - Ralf 100M\",\"isPartOf\":{\"@id\":\"https:\\\/\\\/ralf100m.de\\\/#website\"},\"primaryImageOfPage\":{\"@id\":\"https:\\\/\\\/ralf100m.de\\\/produkt\\\/datev-lohn-online-kurs\\\/#primaryimage\"},\"image\":{\"@id\":\"https:\\\/\\\/ralf100m.de\\\/produkt\\\/datev-lohn-online-kurs\\\/#primaryimage\"},\"thumbnailUrl\":\"https:\\\/\\\/ralf100m.de\\\/wp-content\\\/uploads\\\/2023\\\/06\\\/Fibu-Lohn-Gehalt.jpeg\",\"datePublished\":\"2023-09-12T18:01:21+00:00\",\"dateModified\":\"2025-12-18T10:28:45+00:00\",\"breadcrumb\":{\"@id\":\"https:\\\/\\\/ralf100m.de\\\/produkt\\\/datev-lohn-online-kurs\\\/#breadcrumb\"},\"inLanguage\":\"it-IT\",\"potentialAction\":[{\"@type\":\"ReadAction\",\"target\":[\"https:\\\/\\\/ralf100m.de\\\/produkt\\\/datev-lohn-online-kurs\\\/\"]}]},{\"@type\":\"ImageObject\",\"inLanguage\":\"it-IT\",\"@id\":\"https:\\\/\\\/ralf100m.de\\\/produkt\\\/datev-lohn-online-kurs\\\/#primaryimage\",\"url\":\"https:\\\/\\\/ralf100m.de\\\/wp-content\\\/uploads\\\/2023\\\/06\\\/Fibu-Lohn-Gehalt.jpeg\",\"contentUrl\":\"https:\\\/\\\/ralf100m.de\\\/wp-content\\\/uploads\\\/2023\\\/06\\\/Fibu-Lohn-Gehalt.jpeg\",\"width\":1000,\"height\":1000},{\"@type\":\"BreadcrumbList\",\"@id\":\"https:\\\/\\\/ralf100m.de\\\/produkt\\\/datev-lohn-online-kurs\\\/#breadcrumb\",\"itemListElement\":[{\"@type\":\"ListItem\",\"position\":1,\"name\":\"Startseite\",\"item\":\"https:\\\/\\\/ralf100m.de\\\/\"},{\"@type\":\"ListItem\",\"position\":2,\"name\":\"Shop\",\"item\":\"https:\\\/\\\/ralf100m.de\\\/shop\\\/\"},{\"@type\":\"ListItem\",\"position\":3,\"name\":\"TK-5636 Datev Lohn | nur Ismer\"}]},{\"@type\":\"WebSite\",\"@id\":\"https:\\\/\\\/ralf100m.de\\\/#website\",\"url\":\"https:\\\/\\\/ralf100m.de\\\/\",\"name\":\"Ralf 100M\",\"description\":\"\",\"publisher\":{\"@id\":\"https:\\\/\\\/ralf100m.de\\\/#\\\/schema\\\/person\\\/144d88d0c18fb8f5e6bd155752132c23\"},\"potentialAction\":[{\"@type\":\"SearchAction\",\"target\":{\"@type\":\"EntryPoint\",\"urlTemplate\":\"https:\\\/\\\/ralf100m.de\\\/?s={search_term_string}\"},\"query-input\":{\"@type\":\"PropertyValueSpecification\",\"valueRequired\":true,\"valueName\":\"search_term_string\"}}],\"inLanguage\":\"it-IT\"},{\"@type\":[\"Person\",\"Organization\"],\"@id\":\"https:\\\/\\\/ralf100m.de\\\/#\\\/schema\\\/person\\\/144d88d0c18fb8f5e6bd155752132c23\",\"name\":\"wpulitkus\",\"image\":{\"@type\":\"ImageObject\",\"inLanguage\":\"it-IT\",\"@id\":\"https:\\\/\\\/ralf100m.de\\\/wp-content\\\/uploads\\\/2023\\\/04\\\/ralf-200px-logo.jpg\",\"url\":\"https:\\\/\\\/ralf100m.de\\\/wp-content\\\/uploads\\\/2023\\\/04\\\/ralf-200px-logo.jpg\",\"contentUrl\":\"https:\\\/\\\/ralf100m.de\\\/wp-content\\\/uploads\\\/2023\\\/04\\\/ralf-200px-logo.jpg\",\"width\":400,\"height\":162,\"caption\":\"wpulitkus\"},\"logo\":{\"@id\":\"https:\\\/\\\/ralf100m.de\\\/wp-content\\\/uploads\\\/2023\\\/04\\\/ralf-200px-logo.jpg\"}}]}<\/script>\n<!-- \/ Yoast SEO plugin. -->","yoast_head_json":{"title":"TK-5636 Datev Lohn | Ismer solo - Ralf 100M","robots":{"index":"index","follow":"follow","max-snippet":"max-snippet:-1","max-image-preview":"max-image-preview:large","max-video-preview":"max-video-preview:-1"},"canonical":"https:\/\/ralf100m.de\/it\/prodotto\/corso-online-di-busta-paga-datev\/","og_locale":"it_IT","og_type":"article","og_title":"TK-5636 Datev Lohn | nur Ismer - Ralf 100M","og_description":"Datev Lohnbuchhaltung Lohn &amp; Gehalt Comfort\u00a0 von A-Z  Unter bestimmten Voraussetzungen gew\u00e4hrt die VHS Kurspreiserm\u00e4\u00dfigung -&gt; 203,75 \u20ac Die Voraussetzungen f\u00fcr eine Kurspreiserm\u00e4\u00dfigung findest Du\u00a0hier.  Erm\u00e4\u00dfigungen k\u00f6nnen nur direkt \u00fcber die VHS per\u00a0Formular\u00a0gebucht werden.  Bitte ausgef\u00fcllt an anmeldung@vhstk.de \/ Kopie an mich (info@ralf100m.de) schicken und den Erm\u00e4\u00dfigungsnachweis mitsenden \/ ! Betrifft nur Anmeldungen mit Erm\u00e4\u00dfigung !  &nbsp;","og_url":"https:\/\/ralf100m.de\/it\/prodotto\/corso-online-di-busta-paga-datev\/","og_site_name":"Ralf 100M","article_modified_time":"2025-12-18T10:28:45+00:00","og_image":[{"width":1000,"height":1000,"url":"https:\/\/ralf100m.de\/wp-content\/uploads\/2023\/06\/Fibu-Lohn-Gehalt.jpeg","type":"image\/jpeg"}],"twitter_card":"summary_large_image","twitter_misc":{"Tempo di lettura stimato":"1 minuto"},"schema":{"@context":"https:\/\/schema.org","@graph":[{"@type":"WebPage","@id":"https:\/\/ralf100m.de\/produkt\/datev-lohn-online-kurs\/","url":"https:\/\/ralf100m.de\/produkt\/datev-lohn-online-kurs\/","name":"TK-5636 Datev Lohn | Ismer solo - Ralf 100M","isPartOf":{"@id":"https:\/\/ralf100m.de\/#website"},"primaryImageOfPage":{"@id":"https:\/\/ralf100m.de\/produkt\/datev-lohn-online-kurs\/#primaryimage"},"image":{"@id":"https:\/\/ralf100m.de\/produkt\/datev-lohn-online-kurs\/#primaryimage"},"thumbnailUrl":"https:\/\/ralf100m.de\/wp-content\/uploads\/2023\/06\/Fibu-Lohn-Gehalt.jpeg","datePublished":"2023-09-12T18:01:21+00:00","dateModified":"2025-12-18T10:28:45+00:00","breadcrumb":{"@id":"https:\/\/ralf100m.de\/produkt\/datev-lohn-online-kurs\/#breadcrumb"},"inLanguage":"it-IT","potentialAction":[{"@type":"ReadAction","target":["https:\/\/ralf100m.de\/produkt\/datev-lohn-online-kurs\/"]}]},{"@type":"ImageObject","inLanguage":"it-IT","@id":"https:\/\/ralf100m.de\/produkt\/datev-lohn-online-kurs\/#primaryimage","url":"https:\/\/ralf100m.de\/wp-content\/uploads\/2023\/06\/Fibu-Lohn-Gehalt.jpeg","contentUrl":"https:\/\/ralf100m.de\/wp-content\/uploads\/2023\/06\/Fibu-Lohn-Gehalt.jpeg","width":1000,"height":1000},{"@type":"BreadcrumbList","@id":"https:\/\/ralf100m.de\/produkt\/datev-lohn-online-kurs\/#breadcrumb","itemListElement":[{"@type":"ListItem","position":1,"name":"Startseite","item":"https:\/\/ralf100m.de\/"},{"@type":"ListItem","position":2,"name":"Shop","item":"https:\/\/ralf100m.de\/shop\/"},{"@type":"ListItem","position":3,"name":"TK-5636 Datev Lohn | nur Ismer"}]},{"@type":"WebSite","@id":"https:\/\/ralf100m.de\/#website","url":"https:\/\/ralf100m.de\/","name":"Ralf 100M","description":"","publisher":{"@id":"https:\/\/ralf100m.de\/#\/schema\/person\/144d88d0c18fb8f5e6bd155752132c23"},"potentialAction":[{"@type":"SearchAction","target":{"@type":"EntryPoint","urlTemplate":"https:\/\/ralf100m.de\/?s={search_term_string}"},"query-input":{"@type":"PropertyValueSpecification","valueRequired":true,"valueName":"search_term_string"}}],"inLanguage":"it-IT"},{"@type":["Person","Organization"],"@id":"https:\/\/ralf100m.de\/#\/schema\/person\/144d88d0c18fb8f5e6bd155752132c23","name":"wpulitcus","image":{"@type":"ImageObject","inLanguage":"it-IT","@id":"https:\/\/ralf100m.de\/wp-content\/uploads\/2023\/04\/ralf-200px-logo.jpg","url":"https:\/\/ralf100m.de\/wp-content\/uploads\/2023\/04\/ralf-200px-logo.jpg","contentUrl":"https:\/\/ralf100m.de\/wp-content\/uploads\/2023\/04\/ralf-200px-logo.jpg","width":400,"height":162,"caption":"wpulitkus"},"logo":{"@id":"https:\/\/ralf100m.de\/wp-content\/uploads\/2023\/04\/ralf-200px-logo.jpg"}}]}},"_links":{"self":[{"href":"https:\/\/ralf100m.de\/it\/wp-json\/wp\/v2\/product\/4723","targetHints":{"allow":["GET"]}}],"collection":[{"href":"https:\/\/ralf100m.de\/it\/wp-json\/wp\/v2\/product"}],"about":[{"href":"https:\/\/ralf100m.de\/it\/wp-json\/wp\/v2\/types\/product"}],"wp:featuredmedia":[{"embeddable":true,"href":"https:\/\/ralf100m.de\/it\/wp-json\/wp\/v2\/media\/4537"}],"wp:attachment":[{"href":"https:\/\/ralf100m.de\/it\/wp-json\/wp\/v2\/media?parent=4723"}],"wp:term":[{"taxonomy":"product_brand","embeddable":true,"href":"https:\/\/ralf100m.de\/it\/wp-json\/wp\/v2\/product_brand?post=4723"},{"taxonomy":"product_cat","embeddable":true,"href":"https:\/\/ralf100m.de\/it\/wp-json\/wp\/v2\/product_cat?post=4723"},{"taxonomy":"product_tag","embeddable":true,"href":"https:\/\/ralf100m.de\/it\/wp-json\/wp\/v2\/product_tag?post=4723"}],"curies":[{"name":"wp","href":"https:\/\/api.w.org\/{rel}","templated":true}]}}