{"id":4061,"date":"2023-02-13T20:44:16","date_gmt":"2023-02-13T19:44:16","guid":{"rendered":"https:\/\/ralf100m.de\/?post_type=product&#038;p=4061"},"modified":"2025-12-18T12:02:55","modified_gmt":"2025-12-18T11:02:55","slug":"5625","status":"publish","type":"product","link":"https:\/\/ralf100m.de\/pl\/produkt\/5625\/","title":{"rendered":"TK-5625 Datev Fibu"},"content":{"rendered":"<p>W naszym seminarium online Datev w VHS Treptow-K\u00f6penick mo\u017cesz nauczy\u0107 si\u0119 Datev, a dok\u0142adniej pozna\u0107 i opanowa\u0107 rachunkowo\u015b\u0107 finansow\u0105 DATEV. Na naszym szkoleniu Datev dowiesz si\u0119 wszystkiego, czego potrzebujesz do praktycznego prowadzenia ksi\u0119gowo\u015bci za pomoc\u0105 <strong><a title=\"Strona g\u0142\u00f3wna Datev\" href=\"https:\/\/www.datev.de\/\" target=\"_blank\" rel=\"noopener noreferrer\">Datev<\/a> <\/strong>w dziale ksi\u0119gowo\u015bci lub biurze podatkowym.<\/p>\n<ul>\n<li>Tworzenie nowego klienta \/ danych podstawowych<\/li>\n<li>Przetwarzanie ksi\u0119gowo\u015bci w DATEV Kanzlei-Rechnungswesen<\/li>\n<li>Paragony cyfrowe<\/li>\n<li>Tworzenie kopii zapasowych, importowanie i usuwanie danych ksi\u0119gowych<\/li>\n<li>Analizy rachunkowo\u015bci finansowej<\/li>\n<li>Praca ko\u0144cowa \/ prze\u0142om roku<\/li>\n<li>Wiele, wiele \u0107wicze\u0144 praktycznych<\/li>\n<\/ul>\n<p>Poni\u017cej znajduj\u0105 si\u0119 wymagania dotycz\u0105ce obni\u017cenia ceny kursu\u00a0<a href=\"https:\/\/tinyurl.com\/y7wbb46p\"><strong>tutaj<\/strong><\/a>.<br \/>\nZni\u017cki mo\u017cna uzyska\u0107 wy\u0142\u0105cznie bezpo\u015brednio od VHS za po\u015brednictwem\u00a0<a href=\"http:\/\/ralf100m.de\/pl\/Kursanmeldung%20%2B%20Datenschutz.pdf\/\" target=\"_blank\" rel=\"noopener\"><strong>Formularz<\/strong><\/a>\u00a0mo\u017cna zarezerwowa\u0107.<\/p>\n<p>Prosimy o wype\u0142nienie i przes\u0142anie na adres anmeldung@vhstk.de \/ przes\u0142anie kopii do mnie (info@ralf100m.de).<\/p>","protected":false},"excerpt":{"rendered":"<p>Rachunkowo\u015b\u0107 finansowa Datev od A-Z<\/p>\n<p>Pod pewnymi warunkami VHS przyznaje zni\u017ck\u0119 na kurs -&gt; 203,75 \u20ac.<br \/>\nPoni\u017cej znajduj\u0105 si\u0119 wymagania dotycz\u0105ce obni\u017cenia ceny kursu\u00a0<a href=\"https:\/\/tinyurl.com\/y7wbb46p\"><strong>tutaj<\/strong><\/a>.<\/p>\n<p>Zni\u017cki mo\u017cna uzyska\u0107 wy\u0142\u0105cznie bezpo\u015brednio od VHS za po\u015brednictwem\u00a0<a href=\"http:\/\/ralf100m.de\/pl\/Kursanmeldung%20%2B%20Datenschutz.pdf\/\" target=\"_blank\" rel=\"noopener\"><strong>Formularz<\/strong><\/a>\u00a0mo\u017cna zarezerwowa\u0107.<\/p>\n<p>Prosimy o wype\u0142nienie i odes\u0142anie na adres anmeldung@vhstk.de \/ przes\u0142anie kopii do mnie (info@ralf100m.de) i za\u0142\u0105czenie dowodu zni\u017cki \/ ! <strong>Dotyczy tylko rejestracji ze zni\u017ck\u0105!<\/strong><\/p>\n<p>&nbsp;<\/p>","protected":false},"featured_media":4196,"template":"","meta":[],"product_brand":[],"product_cat":[37],"product_tag":[],"class_list":{"0":"post-4061","1":"product","2":"type-product","3":"status-publish","4":"has-post-thumbnail","6":"product_cat-vhs-online-kurse","8":"first","9":"instock","10":"virtual","11":"taxable","12":"purchasable","13":"product-type-simple"},"yoast_head":"<!-- This site is optimized with the Yoast SEO plugin v27.4 - https:\/\/yoast.com\/product\/yoast-seo-wordpress\/ -->\n<title>TK-5625 Datev Fibu - Ralf 100M<\/title>\n<meta name=\"robots\" content=\"index, follow, max-snippet:-1, max-image-preview:large, max-video-preview:-1\" \/>\n<link rel=\"canonical\" href=\"https:\/\/ralf100m.de\/pl\/produkt\/5625\/\" \/>\n<meta property=\"og:locale\" content=\"pl_PL\" \/>\n<meta property=\"og:type\" content=\"article\" \/>\n<meta property=\"og:title\" content=\"TK-5625 Datev Fibu - Ralf 100M\" \/>\n<meta property=\"og:description\" content=\"Datev Finanzbuchf\u00fchung von A-Z  Unter bestimmten Voraussetzungen gew\u00e4hrt die VHS Kurspreiserm\u00e4\u00dfigung -&gt; 203,75 \u20ac Die Voraussetzungen f\u00fcr eine Kurspreiserm\u00e4\u00dfigung findest Du\u00a0hier.  Erm\u00e4\u00dfigungen k\u00f6nnen nur direkt \u00fcber die VHS per\u00a0Formular\u00a0gebucht werden.  Bitte ausgef\u00fcllt an anmeldung@vhstk.de \/ Kopie an mich (info@ralf100m.de) schicken und den Erm\u00e4\u00dfigungsnachweis mitsenden \/ ! Betrifft nur Anmeldungen mit Erm\u00e4\u00dfigung !  &nbsp;\" \/>\n<meta property=\"og:url\" content=\"https:\/\/ralf100m.de\/pl\/produkt\/5625\/\" \/>\n<meta property=\"og:site_name\" content=\"Ralf 100M\" \/>\n<meta property=\"article:modified_time\" content=\"2025-12-18T11:02:55+00:00\" \/>\n<meta property=\"og:image\" content=\"https:\/\/ralf100m.de\/wp-content\/uploads\/2023\/03\/Datev-FiBu.png\" \/>\n\t<meta property=\"og:image:width\" content=\"1304\" \/>\n\t<meta property=\"og:image:height\" content=\"1306\" \/>\n\t<meta property=\"og:image:type\" content=\"image\/png\" \/>\n<meta name=\"twitter:card\" content=\"summary_large_image\" \/>\n<meta name=\"twitter:label1\" content=\"Szacowany czas czytania\" \/>\n\t<meta name=\"twitter:data1\" content=\"1 minuta\" \/>\n<script type=\"application\/ld+json\" class=\"yoast-schema-graph\">{\"@context\":\"https:\\\/\\\/schema.org\",\"@graph\":[{\"@type\":\"WebPage\",\"@id\":\"https:\\\/\\\/ralf100m.de\\\/produkt\\\/5625\\\/\",\"url\":\"https:\\\/\\\/ralf100m.de\\\/produkt\\\/5625\\\/\",\"name\":\"TK-5625 Datev Fibu - Ralf 100M\",\"isPartOf\":{\"@id\":\"https:\\\/\\\/ralf100m.de\\\/#website\"},\"primaryImageOfPage\":{\"@id\":\"https:\\\/\\\/ralf100m.de\\\/produkt\\\/5625\\\/#primaryimage\"},\"image\":{\"@id\":\"https:\\\/\\\/ralf100m.de\\\/produkt\\\/5625\\\/#primaryimage\"},\"thumbnailUrl\":\"https:\\\/\\\/ralf100m.de\\\/wp-content\\\/uploads\\\/2023\\\/03\\\/Datev-FiBu.png\",\"datePublished\":\"2023-02-13T19:44:16+00:00\",\"dateModified\":\"2025-12-18T11:02:55+00:00\",\"breadcrumb\":{\"@id\":\"https:\\\/\\\/ralf100m.de\\\/produkt\\\/5625\\\/#breadcrumb\"},\"inLanguage\":\"pl-PL\",\"potentialAction\":[{\"@type\":\"ReadAction\",\"target\":[\"https:\\\/\\\/ralf100m.de\\\/produkt\\\/5625\\\/\"]}]},{\"@type\":\"ImageObject\",\"inLanguage\":\"pl-PL\",\"@id\":\"https:\\\/\\\/ralf100m.de\\\/produkt\\\/5625\\\/#primaryimage\",\"url\":\"https:\\\/\\\/ralf100m.de\\\/wp-content\\\/uploads\\\/2023\\\/03\\\/Datev-FiBu.png\",\"contentUrl\":\"https:\\\/\\\/ralf100m.de\\\/wp-content\\\/uploads\\\/2023\\\/03\\\/Datev-FiBu.png\",\"width\":1304,\"height\":1306},{\"@type\":\"BreadcrumbList\",\"@id\":\"https:\\\/\\\/ralf100m.de\\\/produkt\\\/5625\\\/#breadcrumb\",\"itemListElement\":[{\"@type\":\"ListItem\",\"position\":1,\"name\":\"Startseite\",\"item\":\"https:\\\/\\\/ralf100m.de\\\/\"},{\"@type\":\"ListItem\",\"position\":2,\"name\":\"Shop\",\"item\":\"https:\\\/\\\/ralf100m.de\\\/shop\\\/\"},{\"@type\":\"ListItem\",\"position\":3,\"name\":\"TK-5625 Datev Fibu\"}]},{\"@type\":\"WebSite\",\"@id\":\"https:\\\/\\\/ralf100m.de\\\/#website\",\"url\":\"https:\\\/\\\/ralf100m.de\\\/\",\"name\":\"Ralf 100M\",\"description\":\"\",\"publisher\":{\"@id\":\"https:\\\/\\\/ralf100m.de\\\/#\\\/schema\\\/person\\\/144d88d0c18fb8f5e6bd155752132c23\"},\"potentialAction\":[{\"@type\":\"SearchAction\",\"target\":{\"@type\":\"EntryPoint\",\"urlTemplate\":\"https:\\\/\\\/ralf100m.de\\\/?s={search_term_string}\"},\"query-input\":{\"@type\":\"PropertyValueSpecification\",\"valueRequired\":true,\"valueName\":\"search_term_string\"}}],\"inLanguage\":\"pl-PL\"},{\"@type\":[\"Person\",\"Organization\"],\"@id\":\"https:\\\/\\\/ralf100m.de\\\/#\\\/schema\\\/person\\\/144d88d0c18fb8f5e6bd155752132c23\",\"name\":\"wpulitkus\",\"image\":{\"@type\":\"ImageObject\",\"inLanguage\":\"pl-PL\",\"@id\":\"https:\\\/\\\/ralf100m.de\\\/wp-content\\\/uploads\\\/2023\\\/04\\\/ralf-200px-logo.jpg\",\"url\":\"https:\\\/\\\/ralf100m.de\\\/wp-content\\\/uploads\\\/2023\\\/04\\\/ralf-200px-logo.jpg\",\"contentUrl\":\"https:\\\/\\\/ralf100m.de\\\/wp-content\\\/uploads\\\/2023\\\/04\\\/ralf-200px-logo.jpg\",\"width\":400,\"height\":162,\"caption\":\"wpulitkus\"},\"logo\":{\"@id\":\"https:\\\/\\\/ralf100m.de\\\/wp-content\\\/uploads\\\/2023\\\/04\\\/ralf-200px-logo.jpg\"}}]}<\/script>\n<!-- \/ Yoast SEO plugin. -->","yoast_head_json":{"title":"TK-5625 Datev Fibu - Ralf 100M","robots":{"index":"index","follow":"follow","max-snippet":"max-snippet:-1","max-image-preview":"max-image-preview:large","max-video-preview":"max-video-preview:-1"},"canonical":"https:\/\/ralf100m.de\/pl\/produkt\/5625\/","og_locale":"pl_PL","og_type":"article","og_title":"TK-5625 Datev Fibu - Ralf 100M","og_description":"Datev Finanzbuchf\u00fchung von A-Z  Unter bestimmten Voraussetzungen gew\u00e4hrt die VHS Kurspreiserm\u00e4\u00dfigung -&gt; 203,75 \u20ac Die Voraussetzungen f\u00fcr eine Kurspreiserm\u00e4\u00dfigung findest Du\u00a0hier.  Erm\u00e4\u00dfigungen k\u00f6nnen nur direkt \u00fcber die VHS per\u00a0Formular\u00a0gebucht werden.  Bitte ausgef\u00fcllt an anmeldung@vhstk.de \/ Kopie an mich (info@ralf100m.de) schicken und den Erm\u00e4\u00dfigungsnachweis mitsenden \/ ! Betrifft nur Anmeldungen mit Erm\u00e4\u00dfigung !  &nbsp;","og_url":"https:\/\/ralf100m.de\/pl\/produkt\/5625\/","og_site_name":"Ralf 100M","article_modified_time":"2025-12-18T11:02:55+00:00","og_image":[{"width":1304,"height":1306,"url":"https:\/\/ralf100m.de\/wp-content\/uploads\/2023\/03\/Datev-FiBu.png","type":"image\/png"}],"twitter_card":"summary_large_image","twitter_misc":{"Szacowany czas czytania":"1 minuta"},"schema":{"@context":"https:\/\/schema.org","@graph":[{"@type":"WebPage","@id":"https:\/\/ralf100m.de\/produkt\/5625\/","url":"https:\/\/ralf100m.de\/produkt\/5625\/","name":"TK-5625 Datev Fibu - Ralf 100M","isPartOf":{"@id":"https:\/\/ralf100m.de\/#website"},"primaryImageOfPage":{"@id":"https:\/\/ralf100m.de\/produkt\/5625\/#primaryimage"},"image":{"@id":"https:\/\/ralf100m.de\/produkt\/5625\/#primaryimage"},"thumbnailUrl":"https:\/\/ralf100m.de\/wp-content\/uploads\/2023\/03\/Datev-FiBu.png","datePublished":"2023-02-13T19:44:16+00:00","dateModified":"2025-12-18T11:02:55+00:00","breadcrumb":{"@id":"https:\/\/ralf100m.de\/produkt\/5625\/#breadcrumb"},"inLanguage":"pl-PL","potentialAction":[{"@type":"ReadAction","target":["https:\/\/ralf100m.de\/produkt\/5625\/"]}]},{"@type":"ImageObject","inLanguage":"pl-PL","@id":"https:\/\/ralf100m.de\/produkt\/5625\/#primaryimage","url":"https:\/\/ralf100m.de\/wp-content\/uploads\/2023\/03\/Datev-FiBu.png","contentUrl":"https:\/\/ralf100m.de\/wp-content\/uploads\/2023\/03\/Datev-FiBu.png","width":1304,"height":1306},{"@type":"BreadcrumbList","@id":"https:\/\/ralf100m.de\/produkt\/5625\/#breadcrumb","itemListElement":[{"@type":"ListItem","position":1,"name":"Startseite","item":"https:\/\/ralf100m.de\/"},{"@type":"ListItem","position":2,"name":"Shop","item":"https:\/\/ralf100m.de\/shop\/"},{"@type":"ListItem","position":3,"name":"TK-5625 Datev Fibu"}]},{"@type":"WebSite","@id":"https:\/\/ralf100m.de\/#website","url":"https:\/\/ralf100m.de\/","name":"Ralf 100M","description":"","publisher":{"@id":"https:\/\/ralf100m.de\/#\/schema\/person\/144d88d0c18fb8f5e6bd155752132c23"},"potentialAction":[{"@type":"SearchAction","target":{"@type":"EntryPoint","urlTemplate":"https:\/\/ralf100m.de\/?s={search_term_string}"},"query-input":{"@type":"PropertyValueSpecification","valueRequired":true,"valueName":"search_term_string"}}],"inLanguage":"pl-PL"},{"@type":["Person","Organization"],"@id":"https:\/\/ralf100m.de\/#\/schema\/person\/144d88d0c18fb8f5e6bd155752132c23","name":"wpulitcus","image":{"@type":"ImageObject","inLanguage":"pl-PL","@id":"https:\/\/ralf100m.de\/wp-content\/uploads\/2023\/04\/ralf-200px-logo.jpg","url":"https:\/\/ralf100m.de\/wp-content\/uploads\/2023\/04\/ralf-200px-logo.jpg","contentUrl":"https:\/\/ralf100m.de\/wp-content\/uploads\/2023\/04\/ralf-200px-logo.jpg","width":400,"height":162,"caption":"wpulitkus"},"logo":{"@id":"https:\/\/ralf100m.de\/wp-content\/uploads\/2023\/04\/ralf-200px-logo.jpg"}}]}},"_links":{"self":[{"href":"https:\/\/ralf100m.de\/pl\/wp-json\/wp\/v2\/product\/4061","targetHints":{"allow":["GET"]}}],"collection":[{"href":"https:\/\/ralf100m.de\/pl\/wp-json\/wp\/v2\/product"}],"about":[{"href":"https:\/\/ralf100m.de\/pl\/wp-json\/wp\/v2\/types\/product"}],"wp:featuredmedia":[{"embeddable":true,"href":"https:\/\/ralf100m.de\/pl\/wp-json\/wp\/v2\/media\/4196"}],"wp:attachment":[{"href":"https:\/\/ralf100m.de\/pl\/wp-json\/wp\/v2\/media?parent=4061"}],"wp:term":[{"taxonomy":"product_brand","embeddable":true,"href":"https:\/\/ralf100m.de\/pl\/wp-json\/wp\/v2\/product_brand?post=4061"},{"taxonomy":"product_cat","embeddable":true,"href":"https:\/\/ralf100m.de\/pl\/wp-json\/wp\/v2\/product_cat?post=4061"},{"taxonomy":"product_tag","embeddable":true,"href":"https:\/\/ralf100m.de\/pl\/wp-json\/wp\/v2\/product_tag?post=4061"}],"curies":[{"name":"wp","href":"https:\/\/api.w.org\/{rel}","templated":true}]}}