{"id":4227,"date":"2023-03-15T19:03:13","date_gmt":"2023-03-15T18:03:13","guid":{"rendered":"https:\/\/ralf100m.de\/?post_type=product&#038;p=4227"},"modified":"2025-12-18T12:01:29","modified_gmt":"2025-12-18T11:01:29","slug":"datav-praktyka-duet","status":"publish","type":"product","link":"https:\/\/ralf100m.de\/pl\/produkt\/datev-praktikum-praxis-duo\/","title":{"rendered":"TK-5625-2p Practice Duo"},"content":{"rendered":"<h4>Kurs Datev i sta\u017c w jednym pakiecie<\/h4>\n<p>W naszym seminarium online Datev w VHS Treptow-K\u00f6penick mo\u017cesz nauczy\u0107 si\u0119 Datev, a dok\u0142adniej pozna\u0107 i opanowa\u0107 rachunkowo\u015b\u0107 finansow\u0105 DATEV. Na naszym szkoleniu Datev dowiesz si\u0119 wszystkiego, czego potrzebujesz do praktycznego prowadzenia ksi\u0119gowo\u015bci za pomoc\u0105 <strong><a title=\"Strona g\u0142\u00f3wna Datev\" href=\"https:\/\/www.datev.de\/\" target=\"_blank\" rel=\"noopener noreferrer\">Datev<\/a> <\/strong>w dziale ksi\u0119gowo\u015bci lub biurze podatkowym.<br \/>\nJeste\u015bmy do Twojej dyspozycji przez ca\u0142\u0105 dob\u0119 (24\/7).<\/p>\n<p>Otrzymasz materia\u0142y edukacyjne, filmy i zadania na platformie VHS. Podczas rejestracji otrzymasz r\u00f3wnie\u017c dost\u0119p do oprogramowania do ksi\u0119gowo\u015bci finansowej DATEV.<\/p>\n<p>Jako instruktor b\u0119d\u0119 wspiera\u0107 Ci\u0119 przez ca\u0142y czas trwania kursu przez telefon \/ Skype \/ WhatsApp oraz, w razie potrzeby, poprzez udost\u0119pnianie ekranu.<\/p>\n<p>Wraz z dyplomem otrzymasz <strong>Certyfikat <\/strong>o\u015brodka kszta\u0142cenia doros\u0142ych Treptow-K\u00f6penick w <strong>Wsp\u00f3\u0142praca z Datev<\/strong> i zakwalifikowa\u0107 si\u0119 do egzaminu w <strong>XPert Business <\/strong>Program Cz\u0119\u015b\u0107 3 i dla nowego <strong>Certyfikat DATEV<\/strong> w dowolnym lokalnym sklepie VHS w ca\u0142ym kraju.<\/p>\n<ul>\n<li>Tworzenie nowego klienta \/ danych podstawowych<\/li>\n<li>Przetwarzanie ksi\u0119gowo\u015bci w DATEV Kanzlei-Rechnungswesen<\/li>\n<li>Paragony cyfrowe<\/li>\n<li>Tworzenie kopii zapasowych, importowanie i usuwanie danych ksi\u0119gowych<\/li>\n<li>Analizy rachunkowo\u015bci finansowej<\/li>\n<li>Praca ko\u0144cowa \/ prze\u0142om roku<\/li>\n<li>Wiele, wiele \u0107wicze\u0144 praktycznych<\/li>\n<\/ul>\n<p>Sta\u017c online jest ostatnim etapem przygotowania do zawodu ksi\u0119gowego finansowego i przygotowuje do natychmiastowego rozpocz\u0119cia pracy.<\/p>\n<p>Dowiesz si\u0119, jak zarz\u0105dza\u0107 codzienn\u0105 prac\u0105, korzystaj\u0105c z bogactwa dokument\u00f3w, a przede wszystkim z wysokiej jako\u015bci rezerwacji.<br \/>\nNa pocz\u0105tku b\u0119dziesz pope\u0142nia\u0107 b\u0142\u0119dy, szkoli\u0107 si\u0119 w rozwi\u0105zywaniu problem\u00f3w i nabiera\u0107 dok\u0142adno\u015bci, a tym samym pewno\u015bci siebie w kolejnych okresach rezerwacji.<\/p>\n<p>Ksi\u0119gowanie odbywa si\u0119 za pomoc\u0105 Datev na podstawie poprzedniego ksi\u0119gowania (rozszerzony przyk\u0142adowy przypadek Leu) poprzedniego procesora i ksi\u0119gujesz \u0142\u0105cznie 7 miesi\u0119cy \/ poza prze\u0142omem roku (lipiec - stycze\u0144).<\/p>\n<p>B\u0119dziesz wspierany przez instruktora kursu, kt\u00f3ry poprowadzi Ci\u0119 przez wszelkie problemy i poka\u017ce, jak je rozwi\u0105za\u0107. Dost\u0119pny jest r\u00f3wnie\u017c klient pojednawczy, w kt\u00f3rym wszystkie przypadki rezerwacji zosta\u0142y ju\u017c zaksi\u0119gowane, dzi\u0119ki czemu mo\u017cna sprawdzi\u0107 wyniki.<\/p>\n<p>Wraz z dyplomem otrzymasz <strong>Certyfikacja pracy <\/strong>o\u015brodka kszta\u0142cenia doros\u0142ych Treptow-K\u00f6penick w <strong>Wsp\u00f3\u0142praca z Datev<\/strong> .<\/p>\n<ul>\n<li>Zako\u0144czenie bie\u017c\u0105cej ksi\u0119gowo\u015bci finansowej z DATEV Kanzlei-Rechnungswesen<\/li>\n<li>Przygotowanie i wprowadzenie danych do rocznych sprawozda\u0144 finansowych przez doradc\u0119 podatkowego<\/li>\n<li>Faktury przychodz\u0105ce i wychodz\u0105ce \/ krajowe, UE, kraje trzecie<\/li>\n<li>P\u0142atno\u015bci przychodz\u0105ce i wychodz\u0105ce<\/li>\n<li>Og\u0142oszenia o wynagrodzeniach<\/li>\n<li>Paragony cyfrowe<\/li>\n<li>Wyci\u0105gi z kasy fiskalnej i karty kredytowej<\/li>\n<li>G\u0142osowanie w punkcie otwartym<\/li>\n<li>Zaliczkowe deklaracje podatku od sprzeda\u017cy<\/li>\n<li>Ksi\u0119gowanie aktyw\u00f3w (inwentaryzacja, miesi\u0119czna amortyzacja)<\/li>\n<li>Rozliczenia mi\u0119dzyokresowe bierne i czynne w ci\u0105gu roku Rezerwy\/zwroty<\/li>\n<li>Wnioski o zaliczk\u0119\/p\u0142atno\u015b\u0107\/faktura ko\u0144cowa<\/li>\n<li>EMC i straty na nale\u017cno\u015bciach w ci\u0105gu roku<\/li>\n<li>Weryfikacja faktur \/ sp\u00f3jno\u015b\u0107 ksi\u0119gowa<\/li>\n<li>Bilans otwarcia Prezentacje<\/li>\n<li>Samokontrola \/ uzgadnianie konta \/ rozwi\u0105zywanie problem\u00f3w<\/li>\n<li>Przygotowywanie dokument\u00f3w na \u017c\u0105danie dla os\u00f3b trzecich<\/li>\n<li>Sporz\u0105dzanie rocznych sprawozda\u0144 finansowych<\/li>\n<\/ul>\n<p>Poni\u017cej znajduj\u0105 si\u0119 wymagania dotycz\u0105ce obni\u017cenia ceny kursu\u00a0<a href=\"https:\/\/tinyurl.com\/y7wbb46p\"><strong>tutaj<\/strong><\/a>.<br \/>\nZni\u017cki mo\u017cna uzyska\u0107 wy\u0142\u0105cznie bezpo\u015brednio od VHS za po\u015brednictwem\u00a0<a href=\"http:\/\/ralf100m.de\/pl\/Kursanmeldung%20%2B%20Datenschutz.pdf\/\" target=\"_blank\" rel=\"noopener\"><strong>Formularz<\/strong><\/a>\u00a0mo\u017cna zarezerwowa\u0107.<\/p>\n<p>Prosimy o wype\u0142nienie i przes\u0142anie na adres anmeldung@vhstk.de \/ przes\u0142anie kopii do mnie (info@ralf100m.de).<\/p>","protected":false},"excerpt":{"rendered":"<h4>Kurs Datev i sta\u017c w jednym pakiecie<\/h4>\n<p>Pod pewnymi warunkami VHS przyznaje zni\u017ck\u0119 na kurs -&gt; 409 \u20ac<br \/>\nPoni\u017cej znajduj\u0105 si\u0119 wymagania dotycz\u0105ce obni\u017cenia ceny kursu\u00a0<a href=\"https:\/\/tinyurl.com\/y7wbb46p\"><strong>tutaj<\/strong><\/a>.<\/p>\n<p>Zni\u017cki mo\u017cna uzyska\u0107 wy\u0142\u0105cznie bezpo\u015brednio od VHS za po\u015brednictwem\u00a0<a href=\"http:\/\/ralf100m.de\/pl\/Kursanmeldung%20%2B%20Datenschutz.pdf\/\" target=\"_blank\" rel=\"noopener\"><strong>Formularz<\/strong><\/a>\u00a0mo\u017cna zarezerwowa\u0107.<\/p>\n<p>Prosimy o wype\u0142nienie i odes\u0142anie na adres anmeldung@vhstk.de \/ przes\u0142anie kopii do mnie (info@ralf100m.de) i za\u0142\u0105czenie dowodu zni\u017cki \/ ! <strong>Dotyczy tylko rejestracji ze zni\u017ck\u0105!<\/strong><\/p>\n<p>&nbsp;<\/p>","protected":false},"featured_media":4194,"template":"","meta":[],"product_brand":[],"product_cat":[37],"product_tag":[],"class_list":{"0":"post-4227","1":"product","2":"type-product","3":"status-publish","4":"has-post-thumbnail","6":"product_cat-vhs-online-kurse","8":"first","9":"instock","10":"virtual","11":"taxable","12":"purchasable","13":"product-type-simple"},"yoast_head":"<!-- This site is optimized with the Yoast SEO plugin v27.5 - https:\/\/yoast.com\/product\/yoast-seo-wordpress\/ -->\n<title>TK-5625-2p Praxis Duo - Ralf 100M<\/title>\n<meta name=\"robots\" content=\"index, follow, max-snippet:-1, max-image-preview:large, max-video-preview:-1\" \/>\n<link rel=\"canonical\" href=\"https:\/\/ralf100m.de\/pl\/produkt\/datav-praktyka-duet\/\" \/>\n<meta property=\"og:locale\" content=\"pl_PL\" \/>\n<meta property=\"og:type\" content=\"article\" \/>\n<meta property=\"og:title\" content=\"TK-5625-2p Praxis Duo - Ralf 100M\" \/>\n<meta property=\"og:description\" content=\"Datev Kurs und Praktikum in einem\u00a0 Paket Unter bestimmten Voraussetzungen gew\u00e4hrt die VHS Kurspreiserm\u00e4\u00dfigung -&gt; 409 \u20ac Die Voraussetzungen f\u00fcr eine Kurspreiserm\u00e4\u00dfigung findest Du\u00a0hier.  Erm\u00e4\u00dfigungen k\u00f6nnen nur direkt \u00fcber die VHS per\u00a0Formular\u00a0gebucht werden.  Bitte ausgef\u00fcllt an anmeldung@vhstk.de \/ Kopie an mich (info@ralf100m.de) schicken und den Erm\u00e4\u00dfigungsnachweis mitsenden \/ ! Betrifft nur Anmeldungen mit Erm\u00e4\u00dfigung !  &nbsp;\" \/>\n<meta property=\"og:url\" content=\"https:\/\/ralf100m.de\/pl\/produkt\/datav-praktyka-duet\/\" \/>\n<meta property=\"og:site_name\" content=\"Ralf 100M\" \/>\n<meta property=\"article:modified_time\" content=\"2025-12-18T11:01:29+00:00\" \/>\n<meta property=\"og:image\" content=\"https:\/\/ralf100m.de\/wp-content\/uploads\/2023\/03\/Datev-Praktikum-Praxis-Duo.png\" \/>\n\t<meta property=\"og:image:width\" content=\"1292\" \/>\n\t<meta property=\"og:image:height\" content=\"1290\" \/>\n\t<meta property=\"og:image:type\" content=\"image\/png\" \/>\n<meta name=\"twitter:card\" content=\"summary_large_image\" \/>\n<meta name=\"twitter:label1\" content=\"Szacowany czas czytania\" \/>\n\t<meta name=\"twitter:data1\" content=\"3 minuty\" \/>\n<script type=\"application\/ld+json\" class=\"yoast-schema-graph\">{\"@context\":\"https:\\\/\\\/schema.org\",\"@graph\":[{\"@type\":\"WebPage\",\"@id\":\"https:\\\/\\\/ralf100m.de\\\/produkt\\\/datev-praktikum-praxis-duo\\\/\",\"url\":\"https:\\\/\\\/ralf100m.de\\\/produkt\\\/datev-praktikum-praxis-duo\\\/\",\"name\":\"TK-5625-2p Praxis Duo - Ralf 100M\",\"isPartOf\":{\"@id\":\"https:\\\/\\\/ralf100m.de\\\/#website\"},\"primaryImageOfPage\":{\"@id\":\"https:\\\/\\\/ralf100m.de\\\/produkt\\\/datev-praktikum-praxis-duo\\\/#primaryimage\"},\"image\":{\"@id\":\"https:\\\/\\\/ralf100m.de\\\/produkt\\\/datev-praktikum-praxis-duo\\\/#primaryimage\"},\"thumbnailUrl\":\"https:\\\/\\\/ralf100m.de\\\/wp-content\\\/uploads\\\/2023\\\/03\\\/Datev-Praktikum-Praxis-Duo.png\",\"datePublished\":\"2023-03-15T18:03:13+00:00\",\"dateModified\":\"2025-12-18T11:01:29+00:00\",\"breadcrumb\":{\"@id\":\"https:\\\/\\\/ralf100m.de\\\/produkt\\\/datev-praktikum-praxis-duo\\\/#breadcrumb\"},\"inLanguage\":\"pl-PL\",\"potentialAction\":[{\"@type\":\"ReadAction\",\"target\":[\"https:\\\/\\\/ralf100m.de\\\/produkt\\\/datev-praktikum-praxis-duo\\\/\"]}]},{\"@type\":\"ImageObject\",\"inLanguage\":\"pl-PL\",\"@id\":\"https:\\\/\\\/ralf100m.de\\\/produkt\\\/datev-praktikum-praxis-duo\\\/#primaryimage\",\"url\":\"https:\\\/\\\/ralf100m.de\\\/wp-content\\\/uploads\\\/2023\\\/03\\\/Datev-Praktikum-Praxis-Duo.png\",\"contentUrl\":\"https:\\\/\\\/ralf100m.de\\\/wp-content\\\/uploads\\\/2023\\\/03\\\/Datev-Praktikum-Praxis-Duo.png\",\"width\":1292,\"height\":1290},{\"@type\":\"BreadcrumbList\",\"@id\":\"https:\\\/\\\/ralf100m.de\\\/produkt\\\/datev-praktikum-praxis-duo\\\/#breadcrumb\",\"itemListElement\":[{\"@type\":\"ListItem\",\"position\":1,\"name\":\"Startseite\",\"item\":\"https:\\\/\\\/ralf100m.de\\\/\"},{\"@type\":\"ListItem\",\"position\":2,\"name\":\"Shop\",\"item\":\"https:\\\/\\\/ralf100m.de\\\/shop\\\/\"},{\"@type\":\"ListItem\",\"position\":3,\"name\":\"TK-5625-2p Praxis Duo\"}]},{\"@type\":\"WebSite\",\"@id\":\"https:\\\/\\\/ralf100m.de\\\/#website\",\"url\":\"https:\\\/\\\/ralf100m.de\\\/\",\"name\":\"Ralf 100M\",\"description\":\"\",\"publisher\":{\"@id\":\"https:\\\/\\\/ralf100m.de\\\/#\\\/schema\\\/person\\\/144d88d0c18fb8f5e6bd155752132c23\"},\"potentialAction\":[{\"@type\":\"SearchAction\",\"target\":{\"@type\":\"EntryPoint\",\"urlTemplate\":\"https:\\\/\\\/ralf100m.de\\\/?s={search_term_string}\"},\"query-input\":{\"@type\":\"PropertyValueSpecification\",\"valueRequired\":true,\"valueName\":\"search_term_string\"}}],\"inLanguage\":\"pl-PL\"},{\"@type\":[\"Person\",\"Organization\"],\"@id\":\"https:\\\/\\\/ralf100m.de\\\/#\\\/schema\\\/person\\\/144d88d0c18fb8f5e6bd155752132c23\",\"name\":\"wpulitkus\",\"image\":{\"@type\":\"ImageObject\",\"inLanguage\":\"pl-PL\",\"@id\":\"https:\\\/\\\/ralf100m.de\\\/wp-content\\\/uploads\\\/2023\\\/04\\\/ralf-200px-logo.jpg\",\"url\":\"https:\\\/\\\/ralf100m.de\\\/wp-content\\\/uploads\\\/2023\\\/04\\\/ralf-200px-logo.jpg\",\"contentUrl\":\"https:\\\/\\\/ralf100m.de\\\/wp-content\\\/uploads\\\/2023\\\/04\\\/ralf-200px-logo.jpg\",\"width\":400,\"height\":162,\"caption\":\"wpulitkus\"},\"logo\":{\"@id\":\"https:\\\/\\\/ralf100m.de\\\/wp-content\\\/uploads\\\/2023\\\/04\\\/ralf-200px-logo.jpg\"}}]}<\/script>\n<!-- \/ Yoast SEO plugin. -->","yoast_head_json":{"title":"TK-5625-2p Practice Duo - Ralf 100M","robots":{"index":"index","follow":"follow","max-snippet":"max-snippet:-1","max-image-preview":"max-image-preview:large","max-video-preview":"max-video-preview:-1"},"canonical":"https:\/\/ralf100m.de\/pl\/produkt\/datav-praktyka-duet\/","og_locale":"pl_PL","og_type":"article","og_title":"TK-5625-2p Praxis Duo - Ralf 100M","og_description":"Datev Kurs und Praktikum in einem\u00a0 Paket Unter bestimmten Voraussetzungen gew\u00e4hrt die VHS Kurspreiserm\u00e4\u00dfigung -&gt; 409 \u20ac Die Voraussetzungen f\u00fcr eine Kurspreiserm\u00e4\u00dfigung findest Du\u00a0hier.  Erm\u00e4\u00dfigungen k\u00f6nnen nur direkt \u00fcber die VHS per\u00a0Formular\u00a0gebucht werden.  Bitte ausgef\u00fcllt an anmeldung@vhstk.de \/ Kopie an mich (info@ralf100m.de) schicken und den Erm\u00e4\u00dfigungsnachweis mitsenden \/ ! Betrifft nur Anmeldungen mit Erm\u00e4\u00dfigung !  &nbsp;","og_url":"https:\/\/ralf100m.de\/pl\/produkt\/datav-praktyka-duet\/","og_site_name":"Ralf 100M","article_modified_time":"2025-12-18T11:01:29+00:00","og_image":[{"width":1292,"height":1290,"url":"https:\/\/ralf100m.de\/wp-content\/uploads\/2023\/03\/Datev-Praktikum-Praxis-Duo.png","type":"image\/png"}],"twitter_card":"summary_large_image","twitter_misc":{"Szacowany czas czytania":"3 minuty"},"schema":{"@context":"https:\/\/schema.org","@graph":[{"@type":"WebPage","@id":"https:\/\/ralf100m.de\/produkt\/datev-praktikum-praxis-duo\/","url":"https:\/\/ralf100m.de\/produkt\/datev-praktikum-praxis-duo\/","name":"TK-5625-2p Practice Duo - Ralf 100M","isPartOf":{"@id":"https:\/\/ralf100m.de\/#website"},"primaryImageOfPage":{"@id":"https:\/\/ralf100m.de\/produkt\/datev-praktikum-praxis-duo\/#primaryimage"},"image":{"@id":"https:\/\/ralf100m.de\/produkt\/datev-praktikum-praxis-duo\/#primaryimage"},"thumbnailUrl":"https:\/\/ralf100m.de\/wp-content\/uploads\/2023\/03\/Datev-Praktikum-Praxis-Duo.png","datePublished":"2023-03-15T18:03:13+00:00","dateModified":"2025-12-18T11:01:29+00:00","breadcrumb":{"@id":"https:\/\/ralf100m.de\/produkt\/datev-praktikum-praxis-duo\/#breadcrumb"},"inLanguage":"pl-PL","potentialAction":[{"@type":"ReadAction","target":["https:\/\/ralf100m.de\/produkt\/datev-praktikum-praxis-duo\/"]}]},{"@type":"ImageObject","inLanguage":"pl-PL","@id":"https:\/\/ralf100m.de\/produkt\/datev-praktikum-praxis-duo\/#primaryimage","url":"https:\/\/ralf100m.de\/wp-content\/uploads\/2023\/03\/Datev-Praktikum-Praxis-Duo.png","contentUrl":"https:\/\/ralf100m.de\/wp-content\/uploads\/2023\/03\/Datev-Praktikum-Praxis-Duo.png","width":1292,"height":1290},{"@type":"BreadcrumbList","@id":"https:\/\/ralf100m.de\/produkt\/datev-praktikum-praxis-duo\/#breadcrumb","itemListElement":[{"@type":"ListItem","position":1,"name":"Startseite","item":"https:\/\/ralf100m.de\/"},{"@type":"ListItem","position":2,"name":"Shop","item":"https:\/\/ralf100m.de\/shop\/"},{"@type":"ListItem","position":3,"name":"TK-5625-2p Praxis Duo"}]},{"@type":"WebSite","@id":"https:\/\/ralf100m.de\/#website","url":"https:\/\/ralf100m.de\/","name":"Ralf 100M","description":"","publisher":{"@id":"https:\/\/ralf100m.de\/#\/schema\/person\/144d88d0c18fb8f5e6bd155752132c23"},"potentialAction":[{"@type":"SearchAction","target":{"@type":"EntryPoint","urlTemplate":"https:\/\/ralf100m.de\/?s={search_term_string}"},"query-input":{"@type":"PropertyValueSpecification","valueRequired":true,"valueName":"search_term_string"}}],"inLanguage":"pl-PL"},{"@type":["Person","Organization"],"@id":"https:\/\/ralf100m.de\/#\/schema\/person\/144d88d0c18fb8f5e6bd155752132c23","name":"wpulitcus","image":{"@type":"ImageObject","inLanguage":"pl-PL","@id":"https:\/\/ralf100m.de\/wp-content\/uploads\/2023\/04\/ralf-200px-logo.jpg","url":"https:\/\/ralf100m.de\/wp-content\/uploads\/2023\/04\/ralf-200px-logo.jpg","contentUrl":"https:\/\/ralf100m.de\/wp-content\/uploads\/2023\/04\/ralf-200px-logo.jpg","width":400,"height":162,"caption":"wpulitkus"},"logo":{"@id":"https:\/\/ralf100m.de\/wp-content\/uploads\/2023\/04\/ralf-200px-logo.jpg"}}]}},"_links":{"self":[{"href":"https:\/\/ralf100m.de\/pl\/wp-json\/wp\/v2\/product\/4227","targetHints":{"allow":["GET"]}}],"collection":[{"href":"https:\/\/ralf100m.de\/pl\/wp-json\/wp\/v2\/product"}],"about":[{"href":"https:\/\/ralf100m.de\/pl\/wp-json\/wp\/v2\/types\/product"}],"wp:featuredmedia":[{"embeddable":true,"href":"https:\/\/ralf100m.de\/pl\/wp-json\/wp\/v2\/media\/4194"}],"wp:attachment":[{"href":"https:\/\/ralf100m.de\/pl\/wp-json\/wp\/v2\/media?parent=4227"}],"wp:term":[{"taxonomy":"product_brand","embeddable":true,"href":"https:\/\/ralf100m.de\/pl\/wp-json\/wp\/v2\/product_brand?post=4227"},{"taxonomy":"product_cat","embeddable":true,"href":"https:\/\/ralf100m.de\/pl\/wp-json\/wp\/v2\/product_cat?post=4227"},{"taxonomy":"product_tag","embeddable":true,"href":"https:\/\/ralf100m.de\/pl\/wp-json\/wp\/v2\/product_tag?post=4227"}],"curies":[{"name":"wp","href":"https:\/\/api.w.org\/{rel}","templated":true}]}}