{"id":4250,"date":"2023-03-19T19:00:09","date_gmt":"2023-03-19T18:00:09","guid":{"rendered":"https:\/\/ralf100m.de\/?post_type=product&#038;p=4250"},"modified":"2025-12-18T11:50:02","modified_gmt":"2025-12-18T10:50:02","slug":"5614-3p","status":"publish","type":"product","link":"https:\/\/ralf100m.de\/pl\/produkt\/5614-3p\/","title":{"rendered":"TK-5614-3p Fibu 1 i 2 oraz Datev w opakowaniu 3 szt."},"content":{"rendered":"<h4>Fibu 1 + 2 + Datev w 3-paku (czas trwania kursu 240 dni od rejestracji)<\/h4>\n<p><strong>Fibu 1<\/strong><\/p>\n<ul>\n<li>Podstawa prawna<\/li>\n<li>Zapasy i bilans<\/li>\n<li>Konta bilansowe<\/li>\n<li>Rachunek zysk\u00f3w i strat<\/li>\n<li>Organizacja rachunkowo\u015bci<\/li>\n<li>System VAT<\/li>\n<li>Konta prywatne<\/li>\n<li>Koszty niepodlegaj\u0105ce odliczeniu\/ograniczonemu odliczeniu Koszty<\/li>\n<li>\u0106wiczenia<\/li>\n<\/ul>\n<p><strong>Fibu2<\/strong><\/p>\n<ul>\n<li>Specjalne funkcje dla firm produkcyjnych<\/li>\n<li>Ksi\u0119gowanie niedoko\u0144czonych i gotowych towar\u00f3w\/us\u0142ug<\/li>\n<li>Tre\u015b\u0107 rocznego sprawozdania finansowego<\/li>\n<li>Zasady rachunkowo\u015bci<\/li>\n<li>Istotne i czasowe odroczenia wydatk\u00f3w i przychod\u00f3w<\/li>\n<li>Transakcje opodatkowane i nieopodatkowane<\/li>\n<li>System odwrotnego obci\u0105\u017cenia<\/li>\n<li>Zagraniczne kraje podlegaj\u0105ce VAT; transakcje towarowe z reszt\u0105 Wsp\u00f3lnoty i krajami trzecimi<\/li>\n<li>Otrzymane i wyp\u0142acone zaliczki<\/li>\n<li>Zasady wyceny aktyw\u00f3w trwa\u0142ych i obrotowych w prawie handlowym i podatkowym \/standardy wyceny \/amortyzacja<\/li>\n<li>Przeniesienie amortyzacji podatkowej \/ ksi\u0119gowanie i anulowanie kwoty odliczenia inwestycyjnego;<\/li>\n<li>Wycena zapas\u00f3w i nale\u017cno\u015bci<\/li>\n<li>Kapita\u0142 uj\u0119ty w bilansie<\/li>\n<li>Utworzenie i rozwi\u0105zanie rezerw<\/li>\n<li>Wycena zobowi\u0105za\u0144<\/li>\n<li>Wiele, wiele \u0107wicze\u0144<\/li>\n<\/ul>\n<p><strong>Datev<\/strong><\/p>\n<ul>\n<li>Tworzenie nowego klienta \/ danych podstawowych<\/li>\n<li>Przetwarzanie ksi\u0119gowo\u015bci w DATEV Kanzlei-Rechnungswesen<\/li>\n<li>Paragony cyfrowe<\/li>\n<li>Tworzenie kopii zapasowych, importowanie i usuwanie danych ksi\u0119gowych<\/li>\n<li>Analizy rachunkowo\u015bci finansowej<\/li>\n<li>Praca ko\u0144cowa \/ prze\u0142om roku<\/li>\n<li>Wiele, wiele \u0107wicze\u0144 praktycznych<\/li>\n<\/ul>\n<p><strong>Do kurs\u00f3w Fibu 1 i 2 potrzebny jest po jednym podr\u0119czniku.<\/strong>\u017ce <strong>Nie bezpo\u015brednio z nami<\/strong> mo\u017ce naby\u0107.<\/p>\n<p>Rachunkowo\u015b\u0107 finansowa 1 Podr\u0119cznik autorstwa Eva-Verena Hernandez<br \/>\n978-386718-500-4 (ISBN)<\/p>\n<p>kt\u00f3re mo\u017cna zam\u00f3wi\u0107 bezpo\u015brednio w Edumedia Verlag (czasami d\u0142u\u017cszy czas oczekiwania)<\/p>\n<p>https:\/\/www.edumedia.de\/shop\/thema.html?gruppe=1&thema=1#content<\/p>\n<p>Lub na Amazon<\/p>\n<div class=\"brlbs-cmpnt-container brlbs-cmpnt-content-blocker brlbs-cmpnt-with-individual-styles\" data-borlabs-cookie-content-blocker-id=\"default\" data-borlabs-cookie-content=\"PGlmcmFtZSB0aXRsZT0iRmluYW56YnVjaGbDvGhydW5nIDEiIHR5cGU9InRleHQvaHRtbCIgd2lkdGg9IjUwMCIgaGVpZ2h0PSI1NTAiIGZyYW1lYm9yZGVyPSIwIiBhbGxvd2Z1bGxzY3JlZW4gc3R5bGU9Im1heC13aWR0aDoxMDAlIiBzcmM9Imh0dHBzOi8vbGVzZW4uYW1hem9uLmRlL2twL2NhcmQ\/cHJldmlldz1pbmxpbmUmbGlua0NvZGU9a3BkJnJlZl89azR3X29lbWJlZF9iUURFVmc5dFZFYlpnNyZhc2luPTM4NjcxODUwMFgmdGFnPWtwZW1iZWQtMjAiPjwvaWZyYW1lPg==\">\n<div class=\"brlbs-cmpnt-cb-preset-a\">\n<p class=\"brlbs-cmpnt-cb-description\">Aktualnie wy\u015bwietlana jest tre\u015b\u0107 zast\u0119pcza z <strong>Domy\u015blne<\/strong>. Aby uzyska\u0107 dost\u0119p do rzeczywistej tre\u015bci, kliknij poni\u017cszy przycisk. Pami\u0119taj, \u017ce spowoduje to udost\u0119pnienie danych zewn\u0119trznym operatorom.<\/p>\n<div class=\"brlbs-cmpnt-cb-buttons\"> <a class=\"brlbs-cmpnt-cb-btn\" href=\"#\" data-borlabs-cookie-unblock role=\"button\">Odblokuj tre\u015b\u0107<\/a> <a class=\"brlbs-cmpnt-cb-btn\" href=\"#\" data-borlabs-cookie-accept-service role=\"button\" style=\"display: none\">Zaakceptuj wymagan\u0105 us\u0142ug\u0119 i odblokuj tre\u015bci<\/a> <\/div>\n<p> <a class=\"brlbs-cmpnt-cb-provider-toggle\" href=\"#\" data-borlabs-cookie-show-provider-information role=\"button\">Wi\u0119cej informacji<\/a> <\/div>\n<\/div>\n<p>lub Lehmanns<\/p>\n<p>https:\/\/www.lehmanns.de\/shop\/wirtschaft\/7907233-9783867185004-finanzbuchfuehrung-1<\/p>\n<p>analaog Fibu 2 978-386718-501-1 (ISBN)<\/p>\n<p>Nie s\u0105 wymagane \u017cadne dodatkowe ksi\u0105\u017cki do kurs\u00f3w Datev i Lexware ani do praktycznego kursu ksi\u0119gowo\u015bci. Wszystkie dokumenty s\u0105 dostarczane w ramach kursu.<\/p>\n<p>&nbsp;<\/p>\n<p>Poni\u017cej znajduj\u0105 si\u0119 wymagania dotycz\u0105ce obni\u017cenia ceny kursu\u00a0<a href=\"https:\/\/tinyurl.com\/y7wbb46p\"><strong>tutaj<\/strong><\/a>.<br \/>\nZni\u017cki mo\u017cna uzyska\u0107 wy\u0142\u0105cznie bezpo\u015brednio od VHS za po\u015brednictwem\u00a0<a href=\"http:\/\/ralf100m.de\/pl\/Kursanmeldung%20%2B%20Datenschutz.pdf\/\" target=\"_blank\" rel=\"noopener\"><strong>Formularz<\/strong><\/a>\u00a0mo\u017cna zarezerwowa\u0107.<\/p>\n<p>Prosimy o wype\u0142nienie i przes\u0142anie na adres anmeldung@vhstk.de \/ przes\u0142anie kopii do mnie (info@ralf100m.de).<\/p>","protected":false},"excerpt":{"rendered":"<p>Fibu 1 + 2 + Datev im 3-er Pack (Kurslaufzeit 240 Tage ab Anmeldung) Fibu 1 Gesetzliche Grundlagen Inventar und Bilanz Bestandskonten Erfolgskonten Buchf\u00fchrungsorganisation Umsatzsteuersystematik Privatkonten Nicht abzugsf\u00e4hige\/ beschr\u00e4nkt abzugsf. Kosten \u00dcbungen Fibu2 Besonderheiten bei Produktionsbetrieben Buchen unfertiger und fertiger Erzeugnisse\/Leistungen Inhalte des Jahresabschlusses Bilanzierungsgrunds\u00e4tze Sachliche und zeitliche Abgrenzungen von Aufwendungen und Ertr\u00e4gen Steuerpflichtige und steuerfreie Ums\u00e4tze Umkehr der Steuerschuldnerschaft Umsatzsteuerrechtliches Ausland; Warengesch\u00e4fte mit dem \u00fcbrigen Gemeinschaftsgebiet und dem Drittlandsgebiet Erhaltene und geleistete Anzahlungen Handels- und steuerrechtliche Bewertungsvorschriften des Anlage- [&hellip;]<\/p>","protected":false},"featured_media":4195,"template":"","meta":[],"product_brand":[],"product_cat":[37],"product_tag":[],"class_list":{"0":"post-4250","1":"product","2":"type-product","3":"status-publish","4":"has-post-thumbnail","6":"product_cat-vhs-online-kurse","8":"first","9":"instock","10":"virtual","11":"taxable","12":"purchasable","13":"product-type-simple"},"yoast_head":"<!-- This site is optimized with the Yoast SEO plugin v27.4 - https:\/\/yoast.com\/product\/yoast-seo-wordpress\/ -->\n<title>TK-5614-3p Fibu 1 &amp; 2 &amp; Datev im 3- er Pack - Ralf 100M<\/title>\n<meta name=\"robots\" content=\"index, follow, max-snippet:-1, max-image-preview:large, max-video-preview:-1\" \/>\n<link rel=\"canonical\" href=\"https:\/\/ralf100m.de\/pl\/produkt\/5614-3p\/\" \/>\n<meta property=\"og:locale\" content=\"pl_PL\" \/>\n<meta property=\"og:type\" content=\"article\" \/>\n<meta property=\"og:title\" content=\"TK-5614-3p Fibu 1 &amp; 2 &amp; Datev im 3- er Pack - Ralf 100M\" \/>\n<meta property=\"og:description\" content=\"Fibu 1 + 2 + Datev im 3-er Pack (Kurslaufzeit 240 Tage ab Anmeldung) Fibu 1 Gesetzliche Grundlagen Inventar und Bilanz Bestandskonten Erfolgskonten Buchf\u00fchrungsorganisation Umsatzsteuersystematik Privatkonten Nicht abzugsf\u00e4hige\/ beschr\u00e4nkt abzugsf. Kosten \u00dcbungen Fibu2 Besonderheiten bei Produktionsbetrieben Buchen unfertiger und fertiger Erzeugnisse\/Leistungen Inhalte des Jahresabschlusses Bilanzierungsgrunds\u00e4tze Sachliche und zeitliche Abgrenzungen von Aufwendungen und Ertr\u00e4gen Steuerpflichtige und steuerfreie Ums\u00e4tze Umkehr der Steuerschuldnerschaft Umsatzsteuerrechtliches Ausland; Warengesch\u00e4fte mit dem \u00fcbrigen Gemeinschaftsgebiet und dem Drittlandsgebiet Erhaltene und geleistete Anzahlungen Handels- und steuerrechtliche Bewertungsvorschriften des Anlage- [&hellip;]\" \/>\n<meta property=\"og:url\" content=\"https:\/\/ralf100m.de\/pl\/produkt\/5614-3p\/\" \/>\n<meta property=\"og:site_name\" content=\"Ralf 100M\" \/>\n<meta property=\"article:modified_time\" content=\"2025-12-18T10:50:02+00:00\" \/>\n<meta property=\"og:image\" content=\"https:\/\/ralf100m.de\/wp-content\/uploads\/2023\/03\/FiBu-12Datev.png\" \/>\n\t<meta property=\"og:image:width\" content=\"1300\" \/>\n\t<meta property=\"og:image:height\" content=\"1290\" \/>\n\t<meta property=\"og:image:type\" content=\"image\/png\" \/>\n<meta name=\"twitter:card\" content=\"summary_large_image\" \/>\n<meta name=\"twitter:label1\" content=\"Szacowany czas czytania\" \/>\n\t<meta name=\"twitter:data1\" content=\"2 minuty\" \/>\n<script type=\"application\/ld+json\" class=\"yoast-schema-graph\">{\"@context\":\"https:\\\/\\\/schema.org\",\"@graph\":[{\"@type\":\"WebPage\",\"@id\":\"https:\\\/\\\/ralf100m.de\\\/produkt\\\/5614-3p\\\/\",\"url\":\"https:\\\/\\\/ralf100m.de\\\/produkt\\\/5614-3p\\\/\",\"name\":\"TK-5614-3p Fibu 1 & 2 & Datev im 3- er Pack - Ralf 100M\",\"isPartOf\":{\"@id\":\"https:\\\/\\\/ralf100m.de\\\/#website\"},\"primaryImageOfPage\":{\"@id\":\"https:\\\/\\\/ralf100m.de\\\/produkt\\\/5614-3p\\\/#primaryimage\"},\"image\":{\"@id\":\"https:\\\/\\\/ralf100m.de\\\/produkt\\\/5614-3p\\\/#primaryimage\"},\"thumbnailUrl\":\"https:\\\/\\\/ralf100m.de\\\/wp-content\\\/uploads\\\/2023\\\/03\\\/FiBu-12Datev.png\",\"datePublished\":\"2023-03-19T18:00:09+00:00\",\"dateModified\":\"2025-12-18T10:50:02+00:00\",\"breadcrumb\":{\"@id\":\"https:\\\/\\\/ralf100m.de\\\/produkt\\\/5614-3p\\\/#breadcrumb\"},\"inLanguage\":\"pl-PL\",\"potentialAction\":[{\"@type\":\"ReadAction\",\"target\":[\"https:\\\/\\\/ralf100m.de\\\/produkt\\\/5614-3p\\\/\"]}]},{\"@type\":\"ImageObject\",\"inLanguage\":\"pl-PL\",\"@id\":\"https:\\\/\\\/ralf100m.de\\\/produkt\\\/5614-3p\\\/#primaryimage\",\"url\":\"https:\\\/\\\/ralf100m.de\\\/wp-content\\\/uploads\\\/2023\\\/03\\\/FiBu-12Datev.png\",\"contentUrl\":\"https:\\\/\\\/ralf100m.de\\\/wp-content\\\/uploads\\\/2023\\\/03\\\/FiBu-12Datev.png\",\"width\":1300,\"height\":1290},{\"@type\":\"BreadcrumbList\",\"@id\":\"https:\\\/\\\/ralf100m.de\\\/produkt\\\/5614-3p\\\/#breadcrumb\",\"itemListElement\":[{\"@type\":\"ListItem\",\"position\":1,\"name\":\"Startseite\",\"item\":\"https:\\\/\\\/ralf100m.de\\\/\"},{\"@type\":\"ListItem\",\"position\":2,\"name\":\"Shop\",\"item\":\"https:\\\/\\\/ralf100m.de\\\/shop\\\/\"},{\"@type\":\"ListItem\",\"position\":3,\"name\":\"TK-5614-3p Fibu 1 &#038; 2 &#038; Datev im 3- er Pack\"}]},{\"@type\":\"WebSite\",\"@id\":\"https:\\\/\\\/ralf100m.de\\\/#website\",\"url\":\"https:\\\/\\\/ralf100m.de\\\/\",\"name\":\"Ralf 100M\",\"description\":\"\",\"publisher\":{\"@id\":\"https:\\\/\\\/ralf100m.de\\\/#\\\/schema\\\/person\\\/144d88d0c18fb8f5e6bd155752132c23\"},\"potentialAction\":[{\"@type\":\"SearchAction\",\"target\":{\"@type\":\"EntryPoint\",\"urlTemplate\":\"https:\\\/\\\/ralf100m.de\\\/?s={search_term_string}\"},\"query-input\":{\"@type\":\"PropertyValueSpecification\",\"valueRequired\":true,\"valueName\":\"search_term_string\"}}],\"inLanguage\":\"pl-PL\"},{\"@type\":[\"Person\",\"Organization\"],\"@id\":\"https:\\\/\\\/ralf100m.de\\\/#\\\/schema\\\/person\\\/144d88d0c18fb8f5e6bd155752132c23\",\"name\":\"wpulitkus\",\"image\":{\"@type\":\"ImageObject\",\"inLanguage\":\"pl-PL\",\"@id\":\"https:\\\/\\\/ralf100m.de\\\/wp-content\\\/uploads\\\/2023\\\/04\\\/ralf-200px-logo.jpg\",\"url\":\"https:\\\/\\\/ralf100m.de\\\/wp-content\\\/uploads\\\/2023\\\/04\\\/ralf-200px-logo.jpg\",\"contentUrl\":\"https:\\\/\\\/ralf100m.de\\\/wp-content\\\/uploads\\\/2023\\\/04\\\/ralf-200px-logo.jpg\",\"width\":400,\"height\":162,\"caption\":\"wpulitkus\"},\"logo\":{\"@id\":\"https:\\\/\\\/ralf100m.de\\\/wp-content\\\/uploads\\\/2023\\\/04\\\/ralf-200px-logo.jpg\"}}]}<\/script>\n<!-- \/ Yoast SEO plugin. -->","yoast_head_json":{"title":"TK-5614-3p Fibu 1 &amp; 2 &amp; Datev w 3-paku - Ralf 100M","robots":{"index":"index","follow":"follow","max-snippet":"max-snippet:-1","max-image-preview":"max-image-preview:large","max-video-preview":"max-video-preview:-1"},"canonical":"https:\/\/ralf100m.de\/pl\/produkt\/5614-3p\/","og_locale":"pl_PL","og_type":"article","og_title":"TK-5614-3p Fibu 1 & 2 & Datev im 3- er Pack - Ralf 100M","og_description":"Fibu 1 + 2 + Datev im 3-er Pack (Kurslaufzeit 240 Tage ab Anmeldung) Fibu 1 Gesetzliche Grundlagen Inventar und Bilanz Bestandskonten Erfolgskonten Buchf\u00fchrungsorganisation Umsatzsteuersystematik Privatkonten Nicht abzugsf\u00e4hige\/ beschr\u00e4nkt abzugsf. Kosten \u00dcbungen Fibu2 Besonderheiten bei Produktionsbetrieben Buchen unfertiger und fertiger Erzeugnisse\/Leistungen Inhalte des Jahresabschlusses Bilanzierungsgrunds\u00e4tze Sachliche und zeitliche Abgrenzungen von Aufwendungen und Ertr\u00e4gen Steuerpflichtige und steuerfreie Ums\u00e4tze Umkehr der Steuerschuldnerschaft Umsatzsteuerrechtliches Ausland; Warengesch\u00e4fte mit dem \u00fcbrigen Gemeinschaftsgebiet und dem Drittlandsgebiet Erhaltene und geleistete Anzahlungen Handels- und steuerrechtliche Bewertungsvorschriften des Anlage- [&hellip;]","og_url":"https:\/\/ralf100m.de\/pl\/produkt\/5614-3p\/","og_site_name":"Ralf 100M","article_modified_time":"2025-12-18T10:50:02+00:00","og_image":[{"width":1300,"height":1290,"url":"https:\/\/ralf100m.de\/wp-content\/uploads\/2023\/03\/FiBu-12Datev.png","type":"image\/png"}],"twitter_card":"summary_large_image","twitter_misc":{"Szacowany czas czytania":"2 minuty"},"schema":{"@context":"https:\/\/schema.org","@graph":[{"@type":"WebPage","@id":"https:\/\/ralf100m.de\/produkt\/5614-3p\/","url":"https:\/\/ralf100m.de\/produkt\/5614-3p\/","name":"TK-5614-3p Fibu 1 &amp; 2 &amp; Datev w 3-paku - Ralf 100M","isPartOf":{"@id":"https:\/\/ralf100m.de\/#website"},"primaryImageOfPage":{"@id":"https:\/\/ralf100m.de\/produkt\/5614-3p\/#primaryimage"},"image":{"@id":"https:\/\/ralf100m.de\/produkt\/5614-3p\/#primaryimage"},"thumbnailUrl":"https:\/\/ralf100m.de\/wp-content\/uploads\/2023\/03\/FiBu-12Datev.png","datePublished":"2023-03-19T18:00:09+00:00","dateModified":"2025-12-18T10:50:02+00:00","breadcrumb":{"@id":"https:\/\/ralf100m.de\/produkt\/5614-3p\/#breadcrumb"},"inLanguage":"pl-PL","potentialAction":[{"@type":"ReadAction","target":["https:\/\/ralf100m.de\/produkt\/5614-3p\/"]}]},{"@type":"ImageObject","inLanguage":"pl-PL","@id":"https:\/\/ralf100m.de\/produkt\/5614-3p\/#primaryimage","url":"https:\/\/ralf100m.de\/wp-content\/uploads\/2023\/03\/FiBu-12Datev.png","contentUrl":"https:\/\/ralf100m.de\/wp-content\/uploads\/2023\/03\/FiBu-12Datev.png","width":1300,"height":1290},{"@type":"BreadcrumbList","@id":"https:\/\/ralf100m.de\/produkt\/5614-3p\/#breadcrumb","itemListElement":[{"@type":"ListItem","position":1,"name":"Startseite","item":"https:\/\/ralf100m.de\/"},{"@type":"ListItem","position":2,"name":"Shop","item":"https:\/\/ralf100m.de\/shop\/"},{"@type":"ListItem","position":3,"name":"TK-5614-3p Fibu 1 &#038; 2 &#038; Datev im 3- er Pack"}]},{"@type":"WebSite","@id":"https:\/\/ralf100m.de\/#website","url":"https:\/\/ralf100m.de\/","name":"Ralf 100M","description":"","publisher":{"@id":"https:\/\/ralf100m.de\/#\/schema\/person\/144d88d0c18fb8f5e6bd155752132c23"},"potentialAction":[{"@type":"SearchAction","target":{"@type":"EntryPoint","urlTemplate":"https:\/\/ralf100m.de\/?s={search_term_string}"},"query-input":{"@type":"PropertyValueSpecification","valueRequired":true,"valueName":"search_term_string"}}],"inLanguage":"pl-PL"},{"@type":["Person","Organization"],"@id":"https:\/\/ralf100m.de\/#\/schema\/person\/144d88d0c18fb8f5e6bd155752132c23","name":"wpulitcus","image":{"@type":"ImageObject","inLanguage":"pl-PL","@id":"https:\/\/ralf100m.de\/wp-content\/uploads\/2023\/04\/ralf-200px-logo.jpg","url":"https:\/\/ralf100m.de\/wp-content\/uploads\/2023\/04\/ralf-200px-logo.jpg","contentUrl":"https:\/\/ralf100m.de\/wp-content\/uploads\/2023\/04\/ralf-200px-logo.jpg","width":400,"height":162,"caption":"wpulitkus"},"logo":{"@id":"https:\/\/ralf100m.de\/wp-content\/uploads\/2023\/04\/ralf-200px-logo.jpg"}}]}},"_links":{"self":[{"href":"https:\/\/ralf100m.de\/pl\/wp-json\/wp\/v2\/product\/4250","targetHints":{"allow":["GET"]}}],"collection":[{"href":"https:\/\/ralf100m.de\/pl\/wp-json\/wp\/v2\/product"}],"about":[{"href":"https:\/\/ralf100m.de\/pl\/wp-json\/wp\/v2\/types\/product"}],"wp:featuredmedia":[{"embeddable":true,"href":"https:\/\/ralf100m.de\/pl\/wp-json\/wp\/v2\/media\/4195"}],"wp:attachment":[{"href":"https:\/\/ralf100m.de\/pl\/wp-json\/wp\/v2\/media?parent=4250"}],"wp:term":[{"taxonomy":"product_brand","embeddable":true,"href":"https:\/\/ralf100m.de\/pl\/wp-json\/wp\/v2\/product_brand?post=4250"},{"taxonomy":"product_cat","embeddable":true,"href":"https:\/\/ralf100m.de\/pl\/wp-json\/wp\/v2\/product_cat?post=4250"},{"taxonomy":"product_tag","embeddable":true,"href":"https:\/\/ralf100m.de\/pl\/wp-json\/wp\/v2\/product_tag?post=4250"}],"curies":[{"name":"wp","href":"https:\/\/api.w.org\/{rel}","templated":true}]}}