{"id":4574,"date":"2023-06-25T14:31:03","date_gmt":"2023-06-25T12:31:03","guid":{"rendered":"https:\/\/ralf100m.de\/?post_type=product&#038;p=4574"},"modified":"2025-12-18T11:57:34","modified_gmt":"2025-12-18T10:57:34","slug":"datev-payroll-accounting-combi","status":"publish","type":"product","link":"https:\/\/ralf100m.de\/pl\/produkt\/datev-fibu-lohn-kombi\/","title":{"rendered":"TK-5628-fl Fibu Payroll Combi"},"content":{"rendered":"<h4>Datev Fibu i p\u0142ace w jednym pakiecie<\/h4>\n<p>W naszym pakiecie poznasz i opanujesz zar\u00f3wno rachunkowo\u015b\u0107 finansow\u0105, jak i p\u0142acow\u0105. Dowiesz si\u0119 wszystkiego, czego potrzebujesz do praktycznego prowadzenia ksi\u0119gowo\u015bci i rozliczania p\u0142ac w dziale ksi\u0119gowo\u015bci firmy lub biurze podatkowym.<br \/>\nJeste\u015bmy do Twojej dyspozycji przez ca\u0142\u0105 dob\u0119 (24\/7).<\/p>\n<p>Otrzymasz materia\u0142y edukacyjne, filmy i zadania na platformie VHS. Podczas rejestracji otrzymasz r\u00f3wnie\u017c dost\u0119p do oprogramowania do ksi\u0119gowo\u015bci finansowej DATEV.<\/p>\n<p>Steffen Ismer (p\u0142ace) i ja (rachunkowo\u015b\u0107 finansowa) b\u0119dziemy wspiera\u0107 Ci\u0119 jako instruktorzy podczas ca\u0142ego kursu przez telefon \/ Skype \/ WhatsApp oraz, w razie potrzeby, poprzez udost\u0119pnianie ekranu.<\/p>\n<p>Wraz z dyplomem otrzymasz <strong>Certyfikat <\/strong>o\u015brodka kszta\u0142cenia doros\u0142ych Treptow-K\u00f6penick w <strong>Wsp\u00f3\u0142praca z Datev<\/strong> i zakwalifikowa\u0107 si\u0119 do egzaminu w <strong>XPert Business <\/strong>Program Cz\u0119\u015b\u0107 3 i dla nowego <strong>Certyfikat DATEV<\/strong> w dowolnym lokalnym sklepie VHS w ca\u0142ym kraju.<\/p>\n<p>&nbsp;<\/p>\n<ul>\n<li>Tworzenie nowego klienta \/ danych podstawowych<\/li>\n<li>Przetwarzanie ksi\u0119gowo\u015bci w DATEV Kanzlei-Rechnungswesen<\/li>\n<li>Paragony cyfrowe<\/li>\n<li>Tworzenie kopii zapasowych, importowanie i usuwanie danych ksi\u0119gowych<\/li>\n<li>Analizy rachunkowo\u015bci finansowej<\/li>\n<li>Praca ko\u0144cowa \/ prze\u0142om roku<\/li>\n<li>Wiele, wiele \u0107wicze\u0144 praktycznych<\/li>\n<\/ul>\n<p>Wynagrodzenie Datev<\/p>\n<p><strong>Zawarto\u015b\u0107 kursu<\/strong><\/p>\n<p>Na przyk\u0142adzie dw\u00f3ch przyk\u0142adowych klient\u00f3w z kilkoma pracownikami, b\u0119dziesz samodzielnie przeprowadza\u0107 rozliczanie listy p\u0142ac z r\u00f3\u017cnymi punktami ci\u0119\u017cko\u015bci i poziomami trudno\u015bci. Przyk\u0142adowe przypadki pochodz\u0105 z codziennego \u017cycia zawodowego. Seminarium poka\u017ce, jak efektywnie pracowa\u0107 z DATEV Lohn und Gehalt classic\/comfort w celu wykorzystania go w przysz\u0142o\u015bci w praktyce.<\/p>\n<p>DATEV Arbeitsplatz i DATEV Lohn und Gehalt comfort<\/p>\n<p>&nbsp;<\/p>\n<p><strong>Centralne zarz\u0105dzanie g\u0142\u00f3wnymi danymi klienta<\/strong><\/p>\n<p>\u015acie\u017cka od stacji roboczej DATEV do obszaru obs\u0142ugi p\u0142ac i wynagrodze\u0144 prowadzi przez bazy danych wiedzy, pomoc programu i instytucje do utworzenia nowego klienta.<\/p>\n<p>&nbsp;<\/p>\n<p><strong>Bie\u017c\u0105ce rozliczanie p\u0142ac przez 12 miesi\u0119cy z DATEV Lohn und Gehalt comfort<\/strong><\/p>\n<p>Prawid\u0142owe dane podstawowe pracownik\u00f3w to podstawa ka\u017cdego systemu rozliczania p\u0142ac. Dane transakcyjne rejestruj\u0105 aktualne wynagrodzenie, a efekty naszej pracy widoczne s\u0105 w analizach.<\/p>\n<p>&nbsp;<\/p>\n<p><strong>Praktyczny klient do samodzielnej nauki<\/strong><\/p>\n<p>Fabryka mebli Baltasar Muster KG<\/p>\n<p>W zale\u017cno\u015bci od post\u0119p\u00f3w w szkoleniu, b\u0119dziesz w stanie samodzielnie nadzorowa\u0107 i wspiera\u0107 jednego z \"w\u0142asnych\" klient\u00f3w i ich pracownik\u00f3w w zakresie ksi\u0119gowo\u015bci p\u0142acowej przez okres 12 miesi\u0119cy.<\/p>\n<p>Poni\u017cej znajduj\u0105 si\u0119 wymagania dotycz\u0105ce obni\u017cenia ceny kursu\u00a0<a href=\"https:\/\/tinyurl.com\/y7wbb46p\"><strong>tutaj<\/strong><\/a>.<br \/>\nZni\u017cki mo\u017cna uzyska\u0107 wy\u0142\u0105cznie bezpo\u015brednio od VHS za po\u015brednictwem\u00a0<a href=\"http:\/\/ralf100m.de\/pl\/Kursanmeldung%20%2B%20Datenschutz.pdf\/\" target=\"_blank\" rel=\"noopener\"><strong>Formularz<\/strong><\/a>\u00a0mo\u017cna zarezerwowa\u0107.<\/p>\n<p>Prosimy o wype\u0142nienie i przes\u0142anie na adres anmeldung@vhstk.de \/ przes\u0142anie kopii do mnie (info@ralf100m.de).<\/p>","protected":false},"excerpt":{"rendered":"<h4>Datev Fibu i p\u0142ace w jednym pakiecie<\/h4>\n<p>Pod pewnymi warunkami VHS przyznaje zni\u017cki na kursy -&gt; 383,30 \u20ac)<br \/>\nPoni\u017cej znajduj\u0105 si\u0119 wymagania dotycz\u0105ce obni\u017cenia ceny kursu\u00a0<a href=\"https:\/\/tinyurl.com\/y7wbb46p\"><strong>tutaj<\/strong><\/a>.<\/p>\n<p>Zni\u017cki mo\u017cna uzyska\u0107 wy\u0142\u0105cznie bezpo\u015brednio od VHS za po\u015brednictwem\u00a0<a href=\"http:\/\/ralf100m.de\/pl\/Kursanmeldung%20%2B%20Datenschutz.pdf\/\" target=\"_blank\" rel=\"noopener\"><strong>Formularz<\/strong><\/a>\u00a0mo\u017cna zarezerwowa\u0107.<\/p>\n<p>Prosimy o wype\u0142nienie i odes\u0142anie na adres anmeldung@vhstk.de \/ przes\u0142anie kopii do mnie (info@ralf100m.de) i za\u0142\u0105czenie dowodu zni\u017cki \/ ! <strong>Dotyczy tylko rejestracji ze zni\u017ck\u0105!<\/strong><\/p>\n<p>&nbsp;<\/p>","protected":false},"featured_media":4579,"template":"","meta":[],"product_brand":[],"product_cat":[37],"product_tag":[],"class_list":{"0":"post-4574","1":"product","2":"type-product","3":"status-publish","4":"has-post-thumbnail","6":"product_cat-vhs-online-kurse","8":"first","9":"instock","10":"virtual","11":"taxable","12":"purchasable","13":"product-type-simple"},"yoast_head":"<!-- This site is optimized with the Yoast SEO plugin v27.5 - https:\/\/yoast.com\/product\/yoast-seo-wordpress\/ -->\n<title>TK-5628-fl Fibu Lohn Kombi - Ralf 100M<\/title>\n<meta name=\"robots\" content=\"index, follow, max-snippet:-1, max-image-preview:large, max-video-preview:-1\" \/>\n<link rel=\"canonical\" href=\"https:\/\/ralf100m.de\/pl\/produkt\/datev-payroll-accounting-combi\/\" \/>\n<meta property=\"og:locale\" content=\"pl_PL\" \/>\n<meta property=\"og:type\" content=\"article\" \/>\n<meta property=\"og:title\" content=\"TK-5628-fl Fibu Lohn Kombi - Ralf 100M\" \/>\n<meta property=\"og:description\" content=\"Datev Fibu und Lohn\u00a0 in einem\u00a0 Paket Unter bestimmten Voraussetzungen gew\u00e4hrt die VHS Kurspreiserm\u00e4\u00dfigung -&gt; 383.30) \u20ac Die Voraussetzungen f\u00fcr eine Kurspreiserm\u00e4\u00dfigung findest Du\u00a0hier.  Erm\u00e4\u00dfigungen k\u00f6nnen nur direkt \u00fcber die VHS per\u00a0Formular\u00a0gebucht werden.  Bitte ausgef\u00fcllt an anmeldung@vhstk.de \/ Kopie an mich (info@ralf100m.de) schicken und den Erm\u00e4\u00dfigungsnachweis mitsenden \/ ! Betrifft nur Anmeldungen mit Erm\u00e4\u00dfigung !  &nbsp;\" \/>\n<meta property=\"og:url\" content=\"https:\/\/ralf100m.de\/pl\/produkt\/datev-payroll-accounting-combi\/\" \/>\n<meta property=\"og:site_name\" content=\"Ralf 100M\" \/>\n<meta property=\"article:modified_time\" content=\"2025-12-18T10:57:34+00:00\" \/>\n<meta property=\"og:image\" content=\"https:\/\/ralf100m.de\/wp-content\/uploads\/2023\/06\/Datev-Fibu-Lohn-Kombi.png\" \/>\n\t<meta property=\"og:image:width\" content=\"500\" \/>\n\t<meta property=\"og:image:height\" content=\"500\" \/>\n\t<meta property=\"og:image:type\" content=\"image\/png\" \/>\n<meta name=\"twitter:card\" content=\"summary_large_image\" \/>\n<meta name=\"twitter:label1\" content=\"Szacowany czas czytania\" \/>\n\t<meta name=\"twitter:data1\" content=\"3 minuty\" \/>\n<script type=\"application\/ld+json\" class=\"yoast-schema-graph\">{\"@context\":\"https:\\\/\\\/schema.org\",\"@graph\":[{\"@type\":\"WebPage\",\"@id\":\"https:\\\/\\\/ralf100m.de\\\/produkt\\\/datev-fibu-lohn-kombi\\\/\",\"url\":\"https:\\\/\\\/ralf100m.de\\\/produkt\\\/datev-fibu-lohn-kombi\\\/\",\"name\":\"TK-5628-fl Fibu Lohn Kombi - Ralf 100M\",\"isPartOf\":{\"@id\":\"https:\\\/\\\/ralf100m.de\\\/#website\"},\"primaryImageOfPage\":{\"@id\":\"https:\\\/\\\/ralf100m.de\\\/produkt\\\/datev-fibu-lohn-kombi\\\/#primaryimage\"},\"image\":{\"@id\":\"https:\\\/\\\/ralf100m.de\\\/produkt\\\/datev-fibu-lohn-kombi\\\/#primaryimage\"},\"thumbnailUrl\":\"https:\\\/\\\/ralf100m.de\\\/wp-content\\\/uploads\\\/2023\\\/06\\\/Datev-Fibu-Lohn-Kombi.png\",\"datePublished\":\"2023-06-25T12:31:03+00:00\",\"dateModified\":\"2025-12-18T10:57:34+00:00\",\"breadcrumb\":{\"@id\":\"https:\\\/\\\/ralf100m.de\\\/produkt\\\/datev-fibu-lohn-kombi\\\/#breadcrumb\"},\"inLanguage\":\"pl-PL\",\"potentialAction\":[{\"@type\":\"ReadAction\",\"target\":[\"https:\\\/\\\/ralf100m.de\\\/produkt\\\/datev-fibu-lohn-kombi\\\/\"]}]},{\"@type\":\"ImageObject\",\"inLanguage\":\"pl-PL\",\"@id\":\"https:\\\/\\\/ralf100m.de\\\/produkt\\\/datev-fibu-lohn-kombi\\\/#primaryimage\",\"url\":\"https:\\\/\\\/ralf100m.de\\\/wp-content\\\/uploads\\\/2023\\\/06\\\/Datev-Fibu-Lohn-Kombi.png\",\"contentUrl\":\"https:\\\/\\\/ralf100m.de\\\/wp-content\\\/uploads\\\/2023\\\/06\\\/Datev-Fibu-Lohn-Kombi.png\",\"width\":500,\"height\":500,\"caption\":\"Datev Fibu + Lohn Kombi\"},{\"@type\":\"BreadcrumbList\",\"@id\":\"https:\\\/\\\/ralf100m.de\\\/produkt\\\/datev-fibu-lohn-kombi\\\/#breadcrumb\",\"itemListElement\":[{\"@type\":\"ListItem\",\"position\":1,\"name\":\"Startseite\",\"item\":\"https:\\\/\\\/ralf100m.de\\\/\"},{\"@type\":\"ListItem\",\"position\":2,\"name\":\"Shop\",\"item\":\"https:\\\/\\\/ralf100m.de\\\/shop\\\/\"},{\"@type\":\"ListItem\",\"position\":3,\"name\":\"TK-5628-fl Fibu Lohn Kombi\"}]},{\"@type\":\"WebSite\",\"@id\":\"https:\\\/\\\/ralf100m.de\\\/#website\",\"url\":\"https:\\\/\\\/ralf100m.de\\\/\",\"name\":\"Ralf 100M\",\"description\":\"\",\"publisher\":{\"@id\":\"https:\\\/\\\/ralf100m.de\\\/#\\\/schema\\\/person\\\/144d88d0c18fb8f5e6bd155752132c23\"},\"potentialAction\":[{\"@type\":\"SearchAction\",\"target\":{\"@type\":\"EntryPoint\",\"urlTemplate\":\"https:\\\/\\\/ralf100m.de\\\/?s={search_term_string}\"},\"query-input\":{\"@type\":\"PropertyValueSpecification\",\"valueRequired\":true,\"valueName\":\"search_term_string\"}}],\"inLanguage\":\"pl-PL\"},{\"@type\":[\"Person\",\"Organization\"],\"@id\":\"https:\\\/\\\/ralf100m.de\\\/#\\\/schema\\\/person\\\/144d88d0c18fb8f5e6bd155752132c23\",\"name\":\"wpulitkus\",\"image\":{\"@type\":\"ImageObject\",\"inLanguage\":\"pl-PL\",\"@id\":\"https:\\\/\\\/ralf100m.de\\\/wp-content\\\/uploads\\\/2023\\\/04\\\/ralf-200px-logo.jpg\",\"url\":\"https:\\\/\\\/ralf100m.de\\\/wp-content\\\/uploads\\\/2023\\\/04\\\/ralf-200px-logo.jpg\",\"contentUrl\":\"https:\\\/\\\/ralf100m.de\\\/wp-content\\\/uploads\\\/2023\\\/04\\\/ralf-200px-logo.jpg\",\"width\":400,\"height\":162,\"caption\":\"wpulitkus\"},\"logo\":{\"@id\":\"https:\\\/\\\/ralf100m.de\\\/wp-content\\\/uploads\\\/2023\\\/04\\\/ralf-200px-logo.jpg\"}}]}<\/script>\n<!-- \/ Yoast SEO plugin. -->","yoast_head_json":{"title":"TK-5628-fl Fibu Lohn Kombi - Ralf 100M","robots":{"index":"index","follow":"follow","max-snippet":"max-snippet:-1","max-image-preview":"max-image-preview:large","max-video-preview":"max-video-preview:-1"},"canonical":"https:\/\/ralf100m.de\/pl\/produkt\/datev-payroll-accounting-combi\/","og_locale":"pl_PL","og_type":"article","og_title":"TK-5628-fl Fibu Lohn Kombi - Ralf 100M","og_description":"Datev Fibu und Lohn\u00a0 in einem\u00a0 Paket Unter bestimmten Voraussetzungen gew\u00e4hrt die VHS Kurspreiserm\u00e4\u00dfigung -&gt; 383.30) \u20ac Die Voraussetzungen f\u00fcr eine Kurspreiserm\u00e4\u00dfigung findest Du\u00a0hier.  Erm\u00e4\u00dfigungen k\u00f6nnen nur direkt \u00fcber die VHS per\u00a0Formular\u00a0gebucht werden.  Bitte ausgef\u00fcllt an anmeldung@vhstk.de \/ Kopie an mich (info@ralf100m.de) schicken und den Erm\u00e4\u00dfigungsnachweis mitsenden \/ ! Betrifft nur Anmeldungen mit Erm\u00e4\u00dfigung !  &nbsp;","og_url":"https:\/\/ralf100m.de\/pl\/produkt\/datev-payroll-accounting-combi\/","og_site_name":"Ralf 100M","article_modified_time":"2025-12-18T10:57:34+00:00","og_image":[{"width":500,"height":500,"url":"https:\/\/ralf100m.de\/wp-content\/uploads\/2023\/06\/Datev-Fibu-Lohn-Kombi.png","type":"image\/png"}],"twitter_card":"summary_large_image","twitter_misc":{"Szacowany czas czytania":"3 minuty"},"schema":{"@context":"https:\/\/schema.org","@graph":[{"@type":"WebPage","@id":"https:\/\/ralf100m.de\/produkt\/datev-fibu-lohn-kombi\/","url":"https:\/\/ralf100m.de\/produkt\/datev-fibu-lohn-kombi\/","name":"TK-5628-fl Fibu Lohn Kombi - Ralf 100M","isPartOf":{"@id":"https:\/\/ralf100m.de\/#website"},"primaryImageOfPage":{"@id":"https:\/\/ralf100m.de\/produkt\/datev-fibu-lohn-kombi\/#primaryimage"},"image":{"@id":"https:\/\/ralf100m.de\/produkt\/datev-fibu-lohn-kombi\/#primaryimage"},"thumbnailUrl":"https:\/\/ralf100m.de\/wp-content\/uploads\/2023\/06\/Datev-Fibu-Lohn-Kombi.png","datePublished":"2023-06-25T12:31:03+00:00","dateModified":"2025-12-18T10:57:34+00:00","breadcrumb":{"@id":"https:\/\/ralf100m.de\/produkt\/datev-fibu-lohn-kombi\/#breadcrumb"},"inLanguage":"pl-PL","potentialAction":[{"@type":"ReadAction","target":["https:\/\/ralf100m.de\/produkt\/datev-fibu-lohn-kombi\/"]}]},{"@type":"ImageObject","inLanguage":"pl-PL","@id":"https:\/\/ralf100m.de\/produkt\/datev-fibu-lohn-kombi\/#primaryimage","url":"https:\/\/ralf100m.de\/wp-content\/uploads\/2023\/06\/Datev-Fibu-Lohn-Kombi.png","contentUrl":"https:\/\/ralf100m.de\/wp-content\/uploads\/2023\/06\/Datev-Fibu-Lohn-Kombi.png","width":500,"height":500,"caption":"Datev Fibu + Lohn Kombi"},{"@type":"BreadcrumbList","@id":"https:\/\/ralf100m.de\/produkt\/datev-fibu-lohn-kombi\/#breadcrumb","itemListElement":[{"@type":"ListItem","position":1,"name":"Startseite","item":"https:\/\/ralf100m.de\/"},{"@type":"ListItem","position":2,"name":"Shop","item":"https:\/\/ralf100m.de\/shop\/"},{"@type":"ListItem","position":3,"name":"TK-5628-fl Fibu Lohn Kombi"}]},{"@type":"WebSite","@id":"https:\/\/ralf100m.de\/#website","url":"https:\/\/ralf100m.de\/","name":"Ralf 100M","description":"","publisher":{"@id":"https:\/\/ralf100m.de\/#\/schema\/person\/144d88d0c18fb8f5e6bd155752132c23"},"potentialAction":[{"@type":"SearchAction","target":{"@type":"EntryPoint","urlTemplate":"https:\/\/ralf100m.de\/?s={search_term_string}"},"query-input":{"@type":"PropertyValueSpecification","valueRequired":true,"valueName":"search_term_string"}}],"inLanguage":"pl-PL"},{"@type":["Person","Organization"],"@id":"https:\/\/ralf100m.de\/#\/schema\/person\/144d88d0c18fb8f5e6bd155752132c23","name":"wpulitcus","image":{"@type":"ImageObject","inLanguage":"pl-PL","@id":"https:\/\/ralf100m.de\/wp-content\/uploads\/2023\/04\/ralf-200px-logo.jpg","url":"https:\/\/ralf100m.de\/wp-content\/uploads\/2023\/04\/ralf-200px-logo.jpg","contentUrl":"https:\/\/ralf100m.de\/wp-content\/uploads\/2023\/04\/ralf-200px-logo.jpg","width":400,"height":162,"caption":"wpulitkus"},"logo":{"@id":"https:\/\/ralf100m.de\/wp-content\/uploads\/2023\/04\/ralf-200px-logo.jpg"}}]}},"_links":{"self":[{"href":"https:\/\/ralf100m.de\/pl\/wp-json\/wp\/v2\/product\/4574","targetHints":{"allow":["GET"]}}],"collection":[{"href":"https:\/\/ralf100m.de\/pl\/wp-json\/wp\/v2\/product"}],"about":[{"href":"https:\/\/ralf100m.de\/pl\/wp-json\/wp\/v2\/types\/product"}],"wp:featuredmedia":[{"embeddable":true,"href":"https:\/\/ralf100m.de\/pl\/wp-json\/wp\/v2\/media\/4579"}],"wp:attachment":[{"href":"https:\/\/ralf100m.de\/pl\/wp-json\/wp\/v2\/media?parent=4574"}],"wp:term":[{"taxonomy":"product_brand","embeddable":true,"href":"https:\/\/ralf100m.de\/pl\/wp-json\/wp\/v2\/product_brand?post=4574"},{"taxonomy":"product_cat","embeddable":true,"href":"https:\/\/ralf100m.de\/pl\/wp-json\/wp\/v2\/product_cat?post=4574"},{"taxonomy":"product_tag","embeddable":true,"href":"https:\/\/ralf100m.de\/pl\/wp-json\/wp\/v2\/product_tag?post=4574"}],"curies":[{"name":"wp","href":"https:\/\/api.w.org\/{rel}","templated":true}]}}