{"id":5645,"date":"2024-10-14T11:02:31","date_gmt":"2024-10-14T09:02:31","guid":{"rendered":"https:\/\/ralf100m.de\/?post_type=product&#038;p=5645"},"modified":"2025-12-18T11:58:55","modified_gmt":"2025-12-18T10:58:55","slug":"payroll-compact-teoria-plac-i-ksiegowosc-plac-z-datav","status":"publish","type":"product","link":"https:\/\/ralf100m.de\/pl\/produkt\/lohn-compact-lohn-theorie-und-lohnabrechnung-mit-datev\/","title":{"rendered":"IH-102 Wage Compact (podstawa wynagrodzenia + wynagrodzenie DATEV) | Tylko Ismer"},"content":{"rendered":"<h3><strong>Zawarto\u015b\u0107 kursu<\/strong><\/h3>\n<p>Po\u0142\u0105cz zdobyt\u0105 wiedz\u0119 z zakresu ksi\u0119gowo\u015bci p\u0142acowej z aplikacj\u0105 p\u0142acow\u0105 DATEV. Sta\u0142e wsparcie ze strony opiekuna kursu. Kurs <strong>Kurs \u0142\u0105czony w ramach porozumienia p\u0142acowego<\/strong> zapewnia kompleksow\u0105 podstawow\u0105 wiedz\u0119 na temat rozliczania p\u0142ac w samodzielnym kursie online i pokazuje w kursie wideo online, jak efektywnie korzysta\u0107 z DATEV Payroll w przysz\u0142ej karierze w praktyce.<br \/>\nPodstawy wynagrodze\u0144 i wynagrodzenie DATEV<\/p>\n<h3><strong>1. podstawy p\u0142ac - wprowadzenie do ksi\u0119gowo\u015bci p\u0142acowej<\/strong><\/h3>\n<p>Kurs zapewnia podstawow\u0105 wiedz\u0119 na temat rozliczania wynagrodze\u0144 zgodnie z aktualnym stanem prawnym. Po pomy\u015blnym uko\u0144czeniu kursu b\u0119dziesz w stanie r\u0119cznie tworzy\u0107 zestawienia p\u0142acowe i przetwarza\u0107 niezb\u0119dne zg\u0142oszenia do ZUS i organ\u00f3w podatkowych. Kurs jest oparty na ramowym planie systemu certyfikat\u00f3w \"Xpert - Business\", modu\u0142 \"P\u0142ace i wynagrodzenia\".<\/p>\n<h3><strong>2. DATEV Lohn und Gehalt - Praktyka programu technicznego<\/strong><\/h3>\n<p>W tym kompaktowym kursie poznasz program DATEV Wage and Salary na podstawie dw\u00f3ch praktycznych studi\u00f3w przypadku. Niezale\u017cnie od czasu i miejsca mo\u017cesz uzyska\u0107 dost\u0119p do naszej platformy edukacyjnej i pobra\u0107 filmy edukacyjne oraz materia\u0142y dydaktyczne. Po zapoznaniu si\u0119 z podstawowymi funkcjami programu na przyk\u0142adzie przyk\u0142adowego przypadku DATEV \"Erika Mustermann GmbH\", zastosujesz zdobyt\u0105 wiedz\u0119 samodzielnie w innym przyk\u0142adowym przypadku \"Baltasar Muster KG\".<br \/>\nKurs zapewnia podstawow\u0105 wiedz\u0119 z zakresu ksi\u0119gowo\u015bci p\u0142acowej dla bie\u017c\u0105cego<br \/>\nStatus prawny. Po pomy\u015blnym uko\u0144czeniu programu b\u0119dziesz m\u00f3g\u0142 r\u0119cznie<br \/>\ni dokonywa\u0107 niezb\u0119dnych zg\u0142osze\u0144 do zak\u0142ad\u00f3w ubezpiecze\u0144 spo\u0142ecznych i organ\u00f3w podatkowych.<br \/>\nedycja. Kurs oparty jest na ramowym planie systemu certyfikat\u00f3w \"Xpert - Business\",<br \/>\nModu\u0142 \"Wynagrodzenia\".<\/p>\n<h3>Materia\u0142y szkoleniowe<\/h3>\n<p>Materia\u0142y do nauki i \u0107wicze\u0144, zadania, kontrole post\u0119p\u00f3w w nauce, zewn\u0119trzne \u017ar\u00f3d\u0142a informacji<br \/>\n\"Zarz\u0105dzanie zasobami ludzkimi z DATEV\" (PDF), \"P\u0142ace i wynagrodzenia w praktyce\" (PDF), filmy edukacyjne itp.<br \/>\nPoprzednia wiedza: Znajomo\u015b\u0107 bie\u017c\u0105cej ksi\u0119gowo\u015bci p\u0142acowej; podstawowe umiej\u0119tno\u015bci obs\u0142ugi komputera<br \/>\nWymagania techniczne: Komputer z dost\u0119pem do Internetu; kontrola techniczna dost\u0119pu do<br \/>\nOprogramowanie DATEV Online i platforma edukacyjna<\/p>","protected":false},"excerpt":{"rendered":"<h3 class=\"product_title entry-title\">Pakiet Wage Compact (teoria p\u0142ac i rozliczanie listy p\u0142ac z Datev)<\/h3>\n<p>&nbsp;<\/p>","protected":false},"featured_media":5648,"template":"","meta":[],"product_brand":[],"product_cat":[27],"product_tag":[],"class_list":{"0":"post-5645","1":"product","2":"type-product","3":"status-publish","4":"has-post-thumbnail","6":"product_cat-unkategorisiert","8":"first","9":"instock","10":"virtual","11":"taxable","12":"purchasable","13":"product-type-simple"},"yoast_head":"<!-- This site is optimized with the Yoast SEO plugin v27.5 - https:\/\/yoast.com\/product\/yoast-seo-wordpress\/ -->\n<title>IH-102 Lohn Compact (Lohn Grundlagen + DATEV Lohn ) | nur Ismer - Ralf 100M<\/title>\n<meta name=\"robots\" content=\"index, follow, max-snippet:-1, max-image-preview:large, max-video-preview:-1\" \/>\n<link rel=\"canonical\" href=\"https:\/\/ralf100m.de\/pl\/produkt\/payroll-compact-teoria-plac-i-ksiegowosc-plac-z-datav\/\" \/>\n<meta property=\"og:locale\" content=\"pl_PL\" \/>\n<meta property=\"og:type\" content=\"article\" \/>\n<meta property=\"og:title\" content=\"IH-102 Lohn Compact (Lohn Grundlagen + DATEV Lohn ) | nur Ismer - Ralf 100M\" \/>\n<meta property=\"og:description\" content=\"Paket Lohn Compact (Lohn Theorie und Lohnabrechnung mit Datev) &nbsp;\" \/>\n<meta property=\"og:url\" content=\"https:\/\/ralf100m.de\/pl\/produkt\/payroll-compact-teoria-plac-i-ksiegowosc-plac-z-datav\/\" \/>\n<meta property=\"og:site_name\" content=\"Ralf 100M\" \/>\n<meta property=\"article:modified_time\" content=\"2025-12-18T10:58:55+00:00\" \/>\n<meta property=\"og:image\" content=\"https:\/\/ralf100m.de\/wp-content\/uploads\/2024\/10\/logo_Compact.png\" \/>\n\t<meta property=\"og:image:width\" content=\"1080\" \/>\n\t<meta property=\"og:image:height\" content=\"1080\" \/>\n\t<meta property=\"og:image:type\" content=\"image\/png\" \/>\n<meta name=\"twitter:card\" content=\"summary_large_image\" \/>\n<meta name=\"twitter:label1\" content=\"Szacowany czas czytania\" \/>\n\t<meta name=\"twitter:data1\" content=\"2 minuty\" \/>\n<script type=\"application\/ld+json\" class=\"yoast-schema-graph\">{\"@context\":\"https:\\\/\\\/schema.org\",\"@graph\":[{\"@type\":\"WebPage\",\"@id\":\"https:\\\/\\\/ralf100m.de\\\/produkt\\\/lohn-compact-lohn-theorie-und-lohnabrechnung-mit-datev\\\/\",\"url\":\"https:\\\/\\\/ralf100m.de\\\/produkt\\\/lohn-compact-lohn-theorie-und-lohnabrechnung-mit-datev\\\/\",\"name\":\"IH-102 Lohn Compact (Lohn Grundlagen + DATEV Lohn ) | nur Ismer - Ralf 100M\",\"isPartOf\":{\"@id\":\"https:\\\/\\\/ralf100m.de\\\/#website\"},\"primaryImageOfPage\":{\"@id\":\"https:\\\/\\\/ralf100m.de\\\/produkt\\\/lohn-compact-lohn-theorie-und-lohnabrechnung-mit-datev\\\/#primaryimage\"},\"image\":{\"@id\":\"https:\\\/\\\/ralf100m.de\\\/produkt\\\/lohn-compact-lohn-theorie-und-lohnabrechnung-mit-datev\\\/#primaryimage\"},\"thumbnailUrl\":\"https:\\\/\\\/ralf100m.de\\\/wp-content\\\/uploads\\\/2024\\\/10\\\/logo_Compact.png\",\"datePublished\":\"2024-10-14T09:02:31+00:00\",\"dateModified\":\"2025-12-18T10:58:55+00:00\",\"breadcrumb\":{\"@id\":\"https:\\\/\\\/ralf100m.de\\\/produkt\\\/lohn-compact-lohn-theorie-und-lohnabrechnung-mit-datev\\\/#breadcrumb\"},\"inLanguage\":\"pl-PL\",\"potentialAction\":[{\"@type\":\"ReadAction\",\"target\":[\"https:\\\/\\\/ralf100m.de\\\/produkt\\\/lohn-compact-lohn-theorie-und-lohnabrechnung-mit-datev\\\/\"]}]},{\"@type\":\"ImageObject\",\"inLanguage\":\"pl-PL\",\"@id\":\"https:\\\/\\\/ralf100m.de\\\/produkt\\\/lohn-compact-lohn-theorie-und-lohnabrechnung-mit-datev\\\/#primaryimage\",\"url\":\"https:\\\/\\\/ralf100m.de\\\/wp-content\\\/uploads\\\/2024\\\/10\\\/logo_Compact.png\",\"contentUrl\":\"https:\\\/\\\/ralf100m.de\\\/wp-content\\\/uploads\\\/2024\\\/10\\\/logo_Compact.png\",\"width\":1080,\"height\":1080},{\"@type\":\"BreadcrumbList\",\"@id\":\"https:\\\/\\\/ralf100m.de\\\/produkt\\\/lohn-compact-lohn-theorie-und-lohnabrechnung-mit-datev\\\/#breadcrumb\",\"itemListElement\":[{\"@type\":\"ListItem\",\"position\":1,\"name\":\"Startseite\",\"item\":\"https:\\\/\\\/ralf100m.de\\\/\"},{\"@type\":\"ListItem\",\"position\":2,\"name\":\"Shop\",\"item\":\"https:\\\/\\\/ralf100m.de\\\/shop\\\/\"},{\"@type\":\"ListItem\",\"position\":3,\"name\":\"IH-102 Lohn Compact (Lohn Grundlagen + DATEV Lohn ) | nur Ismer\"}]},{\"@type\":\"WebSite\",\"@id\":\"https:\\\/\\\/ralf100m.de\\\/#website\",\"url\":\"https:\\\/\\\/ralf100m.de\\\/\",\"name\":\"Ralf 100M\",\"description\":\"\",\"publisher\":{\"@id\":\"https:\\\/\\\/ralf100m.de\\\/#\\\/schema\\\/person\\\/144d88d0c18fb8f5e6bd155752132c23\"},\"potentialAction\":[{\"@type\":\"SearchAction\",\"target\":{\"@type\":\"EntryPoint\",\"urlTemplate\":\"https:\\\/\\\/ralf100m.de\\\/?s={search_term_string}\"},\"query-input\":{\"@type\":\"PropertyValueSpecification\",\"valueRequired\":true,\"valueName\":\"search_term_string\"}}],\"inLanguage\":\"pl-PL\"},{\"@type\":[\"Person\",\"Organization\"],\"@id\":\"https:\\\/\\\/ralf100m.de\\\/#\\\/schema\\\/person\\\/144d88d0c18fb8f5e6bd155752132c23\",\"name\":\"wpulitkus\",\"image\":{\"@type\":\"ImageObject\",\"inLanguage\":\"pl-PL\",\"@id\":\"https:\\\/\\\/ralf100m.de\\\/wp-content\\\/uploads\\\/2023\\\/04\\\/ralf-200px-logo.jpg\",\"url\":\"https:\\\/\\\/ralf100m.de\\\/wp-content\\\/uploads\\\/2023\\\/04\\\/ralf-200px-logo.jpg\",\"contentUrl\":\"https:\\\/\\\/ralf100m.de\\\/wp-content\\\/uploads\\\/2023\\\/04\\\/ralf-200px-logo.jpg\",\"width\":400,\"height\":162,\"caption\":\"wpulitkus\"},\"logo\":{\"@id\":\"https:\\\/\\\/ralf100m.de\\\/wp-content\\\/uploads\\\/2023\\\/04\\\/ralf-200px-logo.jpg\"}}]}<\/script>\n<!-- \/ Yoast SEO plugin. -->","yoast_head_json":{"title":"IH-102 Lohn Compact (Lohn Grundlagen + DATEV Lohn) | Tylko Ismer - Ralf 100M","robots":{"index":"index","follow":"follow","max-snippet":"max-snippet:-1","max-image-preview":"max-image-preview:large","max-video-preview":"max-video-preview:-1"},"canonical":"https:\/\/ralf100m.de\/pl\/produkt\/payroll-compact-teoria-plac-i-ksiegowosc-plac-z-datav\/","og_locale":"pl_PL","og_type":"article","og_title":"IH-102 Lohn Compact (Lohn Grundlagen + DATEV Lohn ) | nur Ismer - Ralf 100M","og_description":"Paket Lohn Compact (Lohn Theorie und Lohnabrechnung mit Datev) &nbsp;","og_url":"https:\/\/ralf100m.de\/pl\/produkt\/payroll-compact-teoria-plac-i-ksiegowosc-plac-z-datav\/","og_site_name":"Ralf 100M","article_modified_time":"2025-12-18T10:58:55+00:00","og_image":[{"width":1080,"height":1080,"url":"https:\/\/ralf100m.de\/wp-content\/uploads\/2024\/10\/logo_Compact.png","type":"image\/png"}],"twitter_card":"summary_large_image","twitter_misc":{"Szacowany czas czytania":"2 minuty"},"schema":{"@context":"https:\/\/schema.org","@graph":[{"@type":"WebPage","@id":"https:\/\/ralf100m.de\/produkt\/lohn-compact-lohn-theorie-und-lohnabrechnung-mit-datev\/","url":"https:\/\/ralf100m.de\/produkt\/lohn-compact-lohn-theorie-und-lohnabrechnung-mit-datev\/","name":"IH-102 Lohn Compact (Lohn Grundlagen + DATEV Lohn) | Tylko Ismer - Ralf 100M","isPartOf":{"@id":"https:\/\/ralf100m.de\/#website"},"primaryImageOfPage":{"@id":"https:\/\/ralf100m.de\/produkt\/lohn-compact-lohn-theorie-und-lohnabrechnung-mit-datev\/#primaryimage"},"image":{"@id":"https:\/\/ralf100m.de\/produkt\/lohn-compact-lohn-theorie-und-lohnabrechnung-mit-datev\/#primaryimage"},"thumbnailUrl":"https:\/\/ralf100m.de\/wp-content\/uploads\/2024\/10\/logo_Compact.png","datePublished":"2024-10-14T09:02:31+00:00","dateModified":"2025-12-18T10:58:55+00:00","breadcrumb":{"@id":"https:\/\/ralf100m.de\/produkt\/lohn-compact-lohn-theorie-und-lohnabrechnung-mit-datev\/#breadcrumb"},"inLanguage":"pl-PL","potentialAction":[{"@type":"ReadAction","target":["https:\/\/ralf100m.de\/produkt\/lohn-compact-lohn-theorie-und-lohnabrechnung-mit-datev\/"]}]},{"@type":"ImageObject","inLanguage":"pl-PL","@id":"https:\/\/ralf100m.de\/produkt\/lohn-compact-lohn-theorie-und-lohnabrechnung-mit-datev\/#primaryimage","url":"https:\/\/ralf100m.de\/wp-content\/uploads\/2024\/10\/logo_Compact.png","contentUrl":"https:\/\/ralf100m.de\/wp-content\/uploads\/2024\/10\/logo_Compact.png","width":1080,"height":1080},{"@type":"BreadcrumbList","@id":"https:\/\/ralf100m.de\/produkt\/lohn-compact-lohn-theorie-und-lohnabrechnung-mit-datev\/#breadcrumb","itemListElement":[{"@type":"ListItem","position":1,"name":"Startseite","item":"https:\/\/ralf100m.de\/"},{"@type":"ListItem","position":2,"name":"Shop","item":"https:\/\/ralf100m.de\/shop\/"},{"@type":"ListItem","position":3,"name":"IH-102 Lohn Compact (Lohn Grundlagen + DATEV Lohn ) | nur Ismer"}]},{"@type":"WebSite","@id":"https:\/\/ralf100m.de\/#website","url":"https:\/\/ralf100m.de\/","name":"Ralf 100M","description":"","publisher":{"@id":"https:\/\/ralf100m.de\/#\/schema\/person\/144d88d0c18fb8f5e6bd155752132c23"},"potentialAction":[{"@type":"SearchAction","target":{"@type":"EntryPoint","urlTemplate":"https:\/\/ralf100m.de\/?s={search_term_string}"},"query-input":{"@type":"PropertyValueSpecification","valueRequired":true,"valueName":"search_term_string"}}],"inLanguage":"pl-PL"},{"@type":["Person","Organization"],"@id":"https:\/\/ralf100m.de\/#\/schema\/person\/144d88d0c18fb8f5e6bd155752132c23","name":"wpulitcus","image":{"@type":"ImageObject","inLanguage":"pl-PL","@id":"https:\/\/ralf100m.de\/wp-content\/uploads\/2023\/04\/ralf-200px-logo.jpg","url":"https:\/\/ralf100m.de\/wp-content\/uploads\/2023\/04\/ralf-200px-logo.jpg","contentUrl":"https:\/\/ralf100m.de\/wp-content\/uploads\/2023\/04\/ralf-200px-logo.jpg","width":400,"height":162,"caption":"wpulitkus"},"logo":{"@id":"https:\/\/ralf100m.de\/wp-content\/uploads\/2023\/04\/ralf-200px-logo.jpg"}}]}},"_links":{"self":[{"href":"https:\/\/ralf100m.de\/pl\/wp-json\/wp\/v2\/product\/5645","targetHints":{"allow":["GET"]}}],"collection":[{"href":"https:\/\/ralf100m.de\/pl\/wp-json\/wp\/v2\/product"}],"about":[{"href":"https:\/\/ralf100m.de\/pl\/wp-json\/wp\/v2\/types\/product"}],"wp:featuredmedia":[{"embeddable":true,"href":"https:\/\/ralf100m.de\/pl\/wp-json\/wp\/v2\/media\/5648"}],"wp:attachment":[{"href":"https:\/\/ralf100m.de\/pl\/wp-json\/wp\/v2\/media?parent=5645"}],"wp:term":[{"taxonomy":"product_brand","embeddable":true,"href":"https:\/\/ralf100m.de\/pl\/wp-json\/wp\/v2\/product_brand?post=5645"},{"taxonomy":"product_cat","embeddable":true,"href":"https:\/\/ralf100m.de\/pl\/wp-json\/wp\/v2\/product_cat?post=5645"},{"taxonomy":"product_tag","embeddable":true,"href":"https:\/\/ralf100m.de\/pl\/wp-json\/wp\/v2\/product_tag?post=5645"}],"curies":[{"name":"wp","href":"https:\/\/api.w.org\/{rel}","templated":true}]}}