{"id":4013,"date":"2023-01-28T21:03:25","date_gmt":"2023-01-28T20:03:25","guid":{"rendered":"https:\/\/ralf100m.de\/produkt\/hoodie-with-logo\/"},"modified":"2025-12-18T12:04:31","modified_gmt":"2025-12-18T11:04:31","slug":"5614-2","status":"publish","type":"product","link":"https:\/\/ralf100m.de\/pt\/produkt\/5614-2\/","title":{"rendered":"TK-5614-1 Contabilidade financeira 2"},"content":{"rendered":"<p>No curso online Contabilidade Financeira 2 (Xpert Business) vai aprofundar os seus conhecimentos de contabilidade, aprender tudo o que precisa para a pr\u00e1tica contabil\u00edstica e compreender melhor os processos das demonstra\u00e7\u00f5es financeiras anuais.<\/p>\n<ul>\n<li>Caracter\u00edsticas especiais para empresas de produ\u00e7\u00e3o<\/li>\n<li>Lan\u00e7amento de bens\/servi\u00e7os inacabados e acabados<\/li>\n<li>Conte\u00fado das demonstra\u00e7\u00f5es financeiras anuais<\/li>\n<li>Princ\u00edpios contabil\u00edsticos<\/li>\n<li>Diferimentos materiais e temporais de despesas e receitas<\/li>\n<li>Opera\u00e7\u00f5es tribut\u00e1veis e isentas de impostos<\/li>\n<li>Regime de autoliquida\u00e7\u00e3o<\/li>\n<li>Pa\u00edses estrangeiros sujeitos a IVA; transac\u00e7\u00f5es de bens com o resto da Comunidade e pa\u00edses terceiros<\/li>\n<li>Adiantamentos recebidos e efectuados<\/li>\n<li>Normas de avalia\u00e7\u00e3o do ativo imobilizado e do ativo circulante no \u00e2mbito do direito comercial e fiscal \/normas de avalia\u00e7\u00e3o \/deprecia\u00e7\u00e3o e amortiza\u00e7\u00e3o<\/li>\n<li>Transfer\u00eancia da deprecia\u00e7\u00e3o fiscal \/ lan\u00e7amento e anula\u00e7\u00e3o do montante da dedu\u00e7\u00e3o do investimento;<\/li>\n<li>Avalia\u00e7\u00e3o das exist\u00eancias e das contas a receber<\/li>\n<li>Capitais reconhecidos no balan\u00e7o<\/li>\n<li>Lan\u00e7amento e revers\u00e3o de provis\u00f5es<\/li>\n<li>Avalia\u00e7\u00e3o dos passivos<\/li>\n<li>Muitos, muitos exerc\u00edcios<\/li>\n<\/ul>\n<p>Encontrar\u00e1 os requisitos para uma redu\u00e7\u00e3o do pre\u00e7o do curso\u00a0<a href=\"https:\/\/tinyurl.com\/y7wbb46p\"><strong>aqui<\/strong><\/a>.<br \/>\nOs descontos s\u00f3 podem ser obtidos diretamente do VHS atrav\u00e9s de\u00a0<a href=\"http:\/\/ralf100m.de\/pt\/Kursanmeldung%20%2B%20Datenschutz.pdf\/\" target=\"_blank\" rel=\"noopener\"><strong>Formul\u00e1rio<\/strong><\/a>\u00a0pode ser reservado.<\/p>\n<p>Preencher e enviar para anmeldung@vhstk.de \/ enviar uma c\u00f3pia para mim (info@ralf100m.de).<\/p>\n<p>&nbsp;<\/p>","protected":false},"excerpt":{"rendered":"<p>Contabilidade financeira parte 2 curso b\u00e1sico\/avan\u00e7ado ap\u00f3s Fibu 1<\/p>\n<p>Em determinadas condi\u00e7\u00f5es, o VHS concede uma redu\u00e7\u00e3o do pre\u00e7o do curso -&gt; 101,75 euros<br \/>\nEncontrar\u00e1 os requisitos para uma redu\u00e7\u00e3o do pre\u00e7o do curso\u00a0<a href=\"https:\/\/tinyurl.com\/y7wbb46p\"><strong>aqui<\/strong><\/a>.<\/p>\n<p>Os descontos s\u00f3 podem ser obtidos diretamente do VHS atrav\u00e9s de\u00a0<a href=\"http:\/\/ralf100m.de\/pt\/Kursanmeldung%20%2B%20Datenschutz.pdf\/\" target=\"_blank\" rel=\"noopener\"><strong>Formul\u00e1rio<\/strong><\/a>\u00a0pode ser reservado.<\/p>\n<p>Preencher e devolver para anmeldung@vhstk.de \/ enviar uma c\u00f3pia para mim (info@ralf100m.de) e anexar o comprovativo do desconto \/ ! <strong>S\u00f3 se aplica a inscri\u00e7\u00f5es com desconto!<\/strong><\/p>\n<p>&nbsp;<\/p>","protected":false},"featured_media":4090,"template":"","meta":[],"product_brand":[],"product_cat":[37],"product_tag":[],"class_list":{"0":"post-4013","1":"product","2":"type-product","3":"status-publish","4":"has-post-thumbnail","6":"product_cat-vhs-online-kurse","8":"first","9":"instock","10":"virtual","11":"taxable","12":"purchasable","13":"product-type-simple"},"yoast_head":"<!-- This site is optimized with the Yoast SEO plugin v27.5 - https:\/\/yoast.com\/product\/yoast-seo-wordpress\/ -->\n<title>TK-5614-1 Fibu 2 - Ralf 100M<\/title>\n<meta name=\"robots\" content=\"index, follow, max-snippet:-1, max-image-preview:large, max-video-preview:-1\" \/>\n<link rel=\"canonical\" href=\"https:\/\/ralf100m.de\/pt\/produto\/5614-2\/\" \/>\n<meta property=\"og:locale\" content=\"pt_PT\" \/>\n<meta property=\"og:type\" content=\"article\" \/>\n<meta property=\"og:title\" content=\"TK-5614-1 Fibu 2 - Ralf 100M\" \/>\n<meta property=\"og:description\" content=\"Finanzbuchf\u00fchrung Teil 2 basierend \/ Aufbaukurs nach Fibu 1  Unter bestimmten Voraussetzungen gew\u00e4hrt die VHS Kurspreiserm\u00e4\u00dfigung -&gt; 101,75 \u20ac Die Voraussetzungen f\u00fcr eine Kurspreiserm\u00e4\u00dfigung findest Du\u00a0hier.  Erm\u00e4\u00dfigungen k\u00f6nnen nur direkt \u00fcber die VHS per\u00a0Formular\u00a0gebucht werden.  Bitte ausgef\u00fcllt an anmeldung@vhstk.de \/ Kopie an mich (info@ralf100m.de) schicken und den Erm\u00e4\u00dfigungsnachweis mitsenden \/ ! Betrifft nur Anmeldungen mit Erm\u00e4\u00dfigung !  &nbsp;\" \/>\n<meta property=\"og:url\" content=\"https:\/\/ralf100m.de\/pt\/produto\/5614-2\/\" \/>\n<meta property=\"og:site_name\" content=\"Ralf 100M\" \/>\n<meta property=\"article:modified_time\" content=\"2025-12-18T11:04:31+00:00\" \/>\n<meta property=\"og:image\" content=\"https:\/\/ralf100m.de\/wp-content\/uploads\/2023\/01\/COPY-review-Dimensionen-einstellen.png\" \/>\n\t<meta property=\"og:image:width\" content=\"500\" \/>\n\t<meta property=\"og:image:height\" content=\"500\" \/>\n\t<meta property=\"og:image:type\" content=\"image\/png\" \/>\n<meta name=\"twitter:card\" content=\"summary_large_image\" \/>\n<meta name=\"twitter:label1\" content=\"Est. reading time\" \/>\n\t<meta name=\"twitter:data1\" content=\"1 minuto\" \/>\n<script type=\"application\/ld+json\" class=\"yoast-schema-graph\">{\"@context\":\"https:\\\/\\\/schema.org\",\"@graph\":[{\"@type\":\"WebPage\",\"@id\":\"https:\\\/\\\/ralf100m.de\\\/produkt\\\/5614-2\\\/\",\"url\":\"https:\\\/\\\/ralf100m.de\\\/produkt\\\/5614-2\\\/\",\"name\":\"TK-5614-1 Fibu 2 - Ralf 100M\",\"isPartOf\":{\"@id\":\"https:\\\/\\\/ralf100m.de\\\/#website\"},\"primaryImageOfPage\":{\"@id\":\"https:\\\/\\\/ralf100m.de\\\/produkt\\\/5614-2\\\/#primaryimage\"},\"image\":{\"@id\":\"https:\\\/\\\/ralf100m.de\\\/produkt\\\/5614-2\\\/#primaryimage\"},\"thumbnailUrl\":\"https:\\\/\\\/ralf100m.de\\\/wp-content\\\/uploads\\\/2023\\\/01\\\/COPY-review-Dimensionen-einstellen.png\",\"datePublished\":\"2023-01-28T20:03:25+00:00\",\"dateModified\":\"2025-12-18T11:04:31+00:00\",\"breadcrumb\":{\"@id\":\"https:\\\/\\\/ralf100m.de\\\/produkt\\\/5614-2\\\/#breadcrumb\"},\"inLanguage\":\"pt-PT\",\"potentialAction\":[{\"@type\":\"ReadAction\",\"target\":[\"https:\\\/\\\/ralf100m.de\\\/produkt\\\/5614-2\\\/\"]}]},{\"@type\":\"ImageObject\",\"inLanguage\":\"pt-PT\",\"@id\":\"https:\\\/\\\/ralf100m.de\\\/produkt\\\/5614-2\\\/#primaryimage\",\"url\":\"https:\\\/\\\/ralf100m.de\\\/wp-content\\\/uploads\\\/2023\\\/01\\\/COPY-review-Dimensionen-einstellen.png\",\"contentUrl\":\"https:\\\/\\\/ralf100m.de\\\/wp-content\\\/uploads\\\/2023\\\/01\\\/COPY-review-Dimensionen-einstellen.png\",\"width\":500,\"height\":500},{\"@type\":\"BreadcrumbList\",\"@id\":\"https:\\\/\\\/ralf100m.de\\\/produkt\\\/5614-2\\\/#breadcrumb\",\"itemListElement\":[{\"@type\":\"ListItem\",\"position\":1,\"name\":\"Startseite\",\"item\":\"https:\\\/\\\/ralf100m.de\\\/\"},{\"@type\":\"ListItem\",\"position\":2,\"name\":\"Shop\",\"item\":\"https:\\\/\\\/ralf100m.de\\\/shop\\\/\"},{\"@type\":\"ListItem\",\"position\":3,\"name\":\"TK-5614-1 Fibu 2\"}]},{\"@type\":\"WebSite\",\"@id\":\"https:\\\/\\\/ralf100m.de\\\/#website\",\"url\":\"https:\\\/\\\/ralf100m.de\\\/\",\"name\":\"Ralf 100M\",\"description\":\"\",\"publisher\":{\"@id\":\"https:\\\/\\\/ralf100m.de\\\/#\\\/schema\\\/person\\\/144d88d0c18fb8f5e6bd155752132c23\"},\"potentialAction\":[{\"@type\":\"SearchAction\",\"target\":{\"@type\":\"EntryPoint\",\"urlTemplate\":\"https:\\\/\\\/ralf100m.de\\\/?s={search_term_string}\"},\"query-input\":{\"@type\":\"PropertyValueSpecification\",\"valueRequired\":true,\"valueName\":\"search_term_string\"}}],\"inLanguage\":\"pt-PT\"},{\"@type\":[\"Person\",\"Organization\"],\"@id\":\"https:\\\/\\\/ralf100m.de\\\/#\\\/schema\\\/person\\\/144d88d0c18fb8f5e6bd155752132c23\",\"name\":\"wpulitkus\",\"image\":{\"@type\":\"ImageObject\",\"inLanguage\":\"pt-PT\",\"@id\":\"https:\\\/\\\/ralf100m.de\\\/wp-content\\\/uploads\\\/2023\\\/04\\\/ralf-200px-logo.jpg\",\"url\":\"https:\\\/\\\/ralf100m.de\\\/wp-content\\\/uploads\\\/2023\\\/04\\\/ralf-200px-logo.jpg\",\"contentUrl\":\"https:\\\/\\\/ralf100m.de\\\/wp-content\\\/uploads\\\/2023\\\/04\\\/ralf-200px-logo.jpg\",\"width\":400,\"height\":162,\"caption\":\"wpulitkus\"},\"logo\":{\"@id\":\"https:\\\/\\\/ralf100m.de\\\/wp-content\\\/uploads\\\/2023\\\/04\\\/ralf-200px-logo.jpg\"}}]}<\/script>\n<!-- \/ Yoast SEO plugin. -->","yoast_head_json":{"title":"TK-5614-1 Fibu 2 - Ralf 100M","robots":{"index":"index","follow":"follow","max-snippet":"max-snippet:-1","max-image-preview":"max-image-preview:large","max-video-preview":"max-video-preview:-1"},"canonical":"https:\/\/ralf100m.de\/pt\/produto\/5614-2\/","og_locale":"pt_PT","og_type":"article","og_title":"TK-5614-1 Fibu 2 - Ralf 100M","og_description":"Finanzbuchf\u00fchrung Teil 2 basierend \/ Aufbaukurs nach Fibu 1  Unter bestimmten Voraussetzungen gew\u00e4hrt die VHS Kurspreiserm\u00e4\u00dfigung -&gt; 101,75 \u20ac Die Voraussetzungen f\u00fcr eine Kurspreiserm\u00e4\u00dfigung findest Du\u00a0hier.  Erm\u00e4\u00dfigungen k\u00f6nnen nur direkt \u00fcber die VHS per\u00a0Formular\u00a0gebucht werden.  Bitte ausgef\u00fcllt an anmeldung@vhstk.de \/ Kopie an mich (info@ralf100m.de) schicken und den Erm\u00e4\u00dfigungsnachweis mitsenden \/ ! Betrifft nur Anmeldungen mit Erm\u00e4\u00dfigung !  &nbsp;","og_url":"https:\/\/ralf100m.de\/pt\/produto\/5614-2\/","og_site_name":"Ralf 100M","article_modified_time":"2025-12-18T11:04:31+00:00","og_image":[{"width":500,"height":500,"url":"https:\/\/ralf100m.de\/wp-content\/uploads\/2023\/01\/COPY-review-Dimensionen-einstellen.png","type":"image\/png"}],"twitter_card":"summary_large_image","twitter_misc":{"Est. reading time":"1 minuto"},"schema":{"@context":"https:\/\/schema.org","@graph":[{"@type":"WebPage","@id":"https:\/\/ralf100m.de\/produkt\/5614-2\/","url":"https:\/\/ralf100m.de\/produkt\/5614-2\/","name":"TK-5614-1 Fibu 2 - Ralf 100M","isPartOf":{"@id":"https:\/\/ralf100m.de\/#website"},"primaryImageOfPage":{"@id":"https:\/\/ralf100m.de\/produkt\/5614-2\/#primaryimage"},"image":{"@id":"https:\/\/ralf100m.de\/produkt\/5614-2\/#primaryimage"},"thumbnailUrl":"https:\/\/ralf100m.de\/wp-content\/uploads\/2023\/01\/COPY-review-Dimensionen-einstellen.png","datePublished":"2023-01-28T20:03:25+00:00","dateModified":"2025-12-18T11:04:31+00:00","breadcrumb":{"@id":"https:\/\/ralf100m.de\/produkt\/5614-2\/#breadcrumb"},"inLanguage":"pt-PT","potentialAction":[{"@type":"ReadAction","target":["https:\/\/ralf100m.de\/produkt\/5614-2\/"]}]},{"@type":"ImageObject","inLanguage":"pt-PT","@id":"https:\/\/ralf100m.de\/produkt\/5614-2\/#primaryimage","url":"https:\/\/ralf100m.de\/wp-content\/uploads\/2023\/01\/COPY-review-Dimensionen-einstellen.png","contentUrl":"https:\/\/ralf100m.de\/wp-content\/uploads\/2023\/01\/COPY-review-Dimensionen-einstellen.png","width":500,"height":500},{"@type":"BreadcrumbList","@id":"https:\/\/ralf100m.de\/produkt\/5614-2\/#breadcrumb","itemListElement":[{"@type":"ListItem","position":1,"name":"Startseite","item":"https:\/\/ralf100m.de\/"},{"@type":"ListItem","position":2,"name":"Shop","item":"https:\/\/ralf100m.de\/shop\/"},{"@type":"ListItem","position":3,"name":"TK-5614-1 Fibu 2"}]},{"@type":"WebSite","@id":"https:\/\/ralf100m.de\/#website","url":"https:\/\/ralf100m.de\/","name":"Ralf 100M","description":"","publisher":{"@id":"https:\/\/ralf100m.de\/#\/schema\/person\/144d88d0c18fb8f5e6bd155752132c23"},"potentialAction":[{"@type":"SearchAction","target":{"@type":"EntryPoint","urlTemplate":"https:\/\/ralf100m.de\/?s={search_term_string}"},"query-input":{"@type":"PropertyValueSpecification","valueRequired":true,"valueName":"search_term_string"}}],"inLanguage":"pt-PT"},{"@type":["Person","Organization"],"@id":"https:\/\/ralf100m.de\/#\/schema\/person\/144d88d0c18fb8f5e6bd155752132c23","name":"wpulitcus","image":{"@type":"ImageObject","inLanguage":"pt-PT","@id":"https:\/\/ralf100m.de\/wp-content\/uploads\/2023\/04\/ralf-200px-logo.jpg","url":"https:\/\/ralf100m.de\/wp-content\/uploads\/2023\/04\/ralf-200px-logo.jpg","contentUrl":"https:\/\/ralf100m.de\/wp-content\/uploads\/2023\/04\/ralf-200px-logo.jpg","width":400,"height":162,"caption":"wpulitkus"},"logo":{"@id":"https:\/\/ralf100m.de\/wp-content\/uploads\/2023\/04\/ralf-200px-logo.jpg"}}]}},"_links":{"self":[{"href":"https:\/\/ralf100m.de\/pt\/wp-json\/wp\/v2\/product\/4013","targetHints":{"allow":["GET"]}}],"collection":[{"href":"https:\/\/ralf100m.de\/pt\/wp-json\/wp\/v2\/product"}],"about":[{"href":"https:\/\/ralf100m.de\/pt\/wp-json\/wp\/v2\/types\/product"}],"wp:featuredmedia":[{"embeddable":true,"href":"https:\/\/ralf100m.de\/pt\/wp-json\/wp\/v2\/media\/4090"}],"wp:attachment":[{"href":"https:\/\/ralf100m.de\/pt\/wp-json\/wp\/v2\/media?parent=4013"}],"wp:term":[{"taxonomy":"product_brand","embeddable":true,"href":"https:\/\/ralf100m.de\/pt\/wp-json\/wp\/v2\/product_brand?post=4013"},{"taxonomy":"product_cat","embeddable":true,"href":"https:\/\/ralf100m.de\/pt\/wp-json\/wp\/v2\/product_cat?post=4013"},{"taxonomy":"product_tag","embeddable":true,"href":"https:\/\/ralf100m.de\/pt\/wp-json\/wp\/v2\/product_tag?post=4013"}],"curies":[{"name":"wp","href":"https:\/\/api.w.org\/{rel}","templated":true}]}}