{"id":4227,"date":"2023-03-15T19:03:13","date_gmt":"2023-03-15T18:03:13","guid":{"rendered":"https:\/\/ralf100m.de\/?post_type=product&#038;p=4227"},"modified":"2025-12-18T12:01:29","modified_gmt":"2025-12-18T11:01:29","slug":"duo-de-praticas-de-estagio-datev-2","status":"publish","type":"product","link":"https:\/\/ralf100m.de\/pt\/produkt\/datev-praktikum-praxis-duo\/","title":{"rendered":"Duo de pr\u00e1tica TK-5625-2p"},"content":{"rendered":"<h4>Curso Datev e est\u00e1gio num s\u00f3 pacote<\/h4>\n<p>No nosso semin\u00e1rio online de Datev na VHS Treptow-K\u00f6penick pode aprender Datev, ou mais precisamente, conhecer e dominar a contabilidade financeira DATEV. No nosso curso de forma\u00e7\u00e3o Datev, aprender\u00e1 tudo o que precisa para a contabilidade pr\u00e1tica com <strong><a title=\"P\u00e1gina inicial da Datev\" href=\"https:\/\/www.datev.de\/\" target=\"_blank\" rel=\"noopener noreferrer\">Datev<\/a> <\/strong>num departamento de contabilidade ou numa reparti\u00e7\u00e3o de finan\u00e7as.<br \/>\nEstamos ao seu dispor 24 horas por dia (24\/7).<\/p>\n<p>Receber\u00e1 materiais de aprendizagem, v\u00eddeos e tarefas na plataforma VHS. Tamb\u00e9m receber\u00e1 acesso ao software de contabilidade financeira DATEV quando se registar.<\/p>\n<p>Como seu instrutor, apoi\u00e1-lo-ei durante todo o curso por telefone \/ Skype \/ WhatsApp e, se necess\u00e1rio, atrav\u00e9s de partilha de ecr\u00e3.<\/p>\n<p>Com o diploma, receber\u00e1 um <strong>Certificado <\/strong>do centro de educa\u00e7\u00e3o de adultos Treptow-K\u00f6penick em <strong>Coopera\u00e7\u00e3o com a Datev<\/strong> e qualificar-se para o exame no <strong>XPert Business <\/strong>Programa Parte 3 e para o novo <strong>Certificado DATEV<\/strong> em qualquer VHS local a n\u00edvel nacional.<\/p>\n<ul>\n<li>Cria\u00e7\u00e3o de um novo cliente \/ dados mestre<\/li>\n<li>Processamento da contabilidade em DATEV Kanzlei-Rechnungswesen<\/li>\n<li>Recibos digitais<\/li>\n<li>C\u00f3pia de seguran\u00e7a, importa\u00e7\u00e3o e elimina\u00e7\u00e3o de dados contabil\u00edsticos<\/li>\n<li>An\u00e1lise da contabilidade financeira<\/li>\n<li>Trabalho final \/ fim do ano<\/li>\n<li>Muitos, muitos exerc\u00edcios pr\u00e1ticos<\/li>\n<\/ul>\n<p>O est\u00e1gio em linha \u00e9 a fase final da nossa prepara\u00e7\u00e3o para se tornar um contabilista financeiro e prepara-o para a entrada imediata no mercado de trabalho.<\/p>\n<p>Aprender\u00e1 a gerir o seu trabalho quotidiano com uma grande quantidade de documentos e, sobretudo, com marca\u00e7\u00f5es de qualidade.<br \/>\nCometer\u00e1 erros no in\u00edcio, treinar-se-\u00e1 na resolu\u00e7\u00e3o de problemas e ganhar\u00e1 precis\u00e3o e, por conseguinte, confian\u00e7a nos per\u00edodos de reserva seguintes.<\/p>\n<p>O lan\u00e7amento \u00e9 feito com a Datev com base na contabilidade anterior (caso de exemplo alargado Leu) do processador anterior e \u00e9 lan\u00e7ado num total de 7 meses \/ para al\u00e9m da viragem do ano (julho - janeiro).<\/p>\n<p>Ser\u00e1 apoiado pelo instrutor do curso, que o acompanhar\u00e1 em todos os problemas e lhe mostrar\u00e1 como resolv\u00ea-los. Existe tamb\u00e9m um cliente de reconcilia\u00e7\u00e3o no qual todos os casos de reserva j\u00e1 foram registados, para que possa verificar os resultados.<\/p>\n<p>Com o diploma, receber\u00e1 um <strong>Certifica\u00e7\u00e3o do trabalho <\/strong>do centro de educa\u00e7\u00e3o de adultos Treptow-K\u00f6penick em <strong>Coopera\u00e7\u00e3o com a Datev<\/strong> .<\/p>\n<ul>\n<li>Conclus\u00e3o da contabilidade financeira em curso com a DATEV Kanzlei-Rechnungswesen<\/li>\n<li>Prepara\u00e7\u00e3o e introdu\u00e7\u00e3o das demonstra\u00e7\u00f5es financeiras anuais pelo consultor fiscal<\/li>\n<li>Facturas de entrada e de sa\u00edda \/ nacionais, UE, pa\u00edses terceiros<\/li>\n<li>Entradas e sa\u00eddas de pagamentos<\/li>\n<li>Ofertas salariais<\/li>\n<li>Recibos digitais<\/li>\n<li>Extractos da caixa registadora e do cart\u00e3o de cr\u00e9dito<\/li>\n<li>Vota\u00e7\u00e3o de pontos em aberto<\/li>\n<li>Declara\u00e7\u00f5es antecipadas de impostos sobre as vendas<\/li>\n<li>Contabilidade dos activos (invent\u00e1rio, amortiza\u00e7\u00f5es mensais)<\/li>\n<li>Acr\u00e9scimos e diferimentos durante o exerc\u00edcio Provis\u00f5es\/revers\u00f5es<\/li>\n<li>Pedidos de adiantamento\/pagamento\/fatura final<\/li>\n<li>CEM e perdas em contas a receber durante o ano<\/li>\n<li>Verifica\u00e7\u00e3o das facturas \/ coer\u00eancia contabil\u00edstica<\/li>\n<li>Balan\u00e7o de abertura Apresenta\u00e7\u00f5es<\/li>\n<li>Auto-verifica\u00e7\u00e3o \/ reconcilia\u00e7\u00e3o de contas \/ resolu\u00e7\u00e3o de problemas<\/li>\n<li>Prepara\u00e7\u00e3o de documentos a pedido de terceiros<\/li>\n<li>Prepara\u00e7\u00e3o das demonstra\u00e7\u00f5es financeiras anuais<\/li>\n<\/ul>\n<p>Encontrar\u00e1 os requisitos para uma redu\u00e7\u00e3o do pre\u00e7o do curso\u00a0<a href=\"https:\/\/tinyurl.com\/y7wbb46p\"><strong>aqui<\/strong><\/a>.<br \/>\nOs descontos s\u00f3 podem ser obtidos diretamente do VHS atrav\u00e9s de\u00a0<a href=\"http:\/\/ralf100m.de\/pt\/Kursanmeldung%20%2B%20Datenschutz.pdf\/\" target=\"_blank\" rel=\"noopener\"><strong>Formul\u00e1rio<\/strong><\/a>\u00a0pode ser reservado.<\/p>\n<p>Preencher e enviar para anmeldung@vhstk.de \/ enviar uma c\u00f3pia para mim (info@ralf100m.de).<\/p>","protected":false},"excerpt":{"rendered":"<h4>Curso Datev e est\u00e1gio num s\u00f3 pacote<\/h4>\n<p>Em determinadas condi\u00e7\u00f5es, a VHS concede uma redu\u00e7\u00e3o do pre\u00e7o do curso -&gt; 409 euros<br \/>\nEncontrar\u00e1 os requisitos para uma redu\u00e7\u00e3o do pre\u00e7o do curso\u00a0<a href=\"https:\/\/tinyurl.com\/y7wbb46p\"><strong>aqui<\/strong><\/a>.<\/p>\n<p>Os descontos s\u00f3 podem ser obtidos diretamente do VHS atrav\u00e9s de\u00a0<a href=\"http:\/\/ralf100m.de\/pt\/Kursanmeldung%20%2B%20Datenschutz.pdf\/\" target=\"_blank\" rel=\"noopener\"><strong>Formul\u00e1rio<\/strong><\/a>\u00a0pode ser reservado.<\/p>\n<p>Preencher e devolver para anmeldung@vhstk.de \/ enviar uma c\u00f3pia para mim (info@ralf100m.de) e anexar o comprovativo do desconto \/ ! <strong>S\u00f3 se aplica a inscri\u00e7\u00f5es com desconto!<\/strong><\/p>\n<p>&nbsp;<\/p>","protected":false},"featured_media":4194,"template":"","meta":[],"product_brand":[],"product_cat":[37],"product_tag":[],"class_list":{"0":"post-4227","1":"product","2":"type-product","3":"status-publish","4":"has-post-thumbnail","6":"product_cat-vhs-online-kurse","8":"first","9":"instock","10":"virtual","11":"taxable","12":"purchasable","13":"product-type-simple"},"yoast_head":"<!-- This site is optimized with the Yoast SEO plugin v27.5 - https:\/\/yoast.com\/product\/yoast-seo-wordpress\/ -->\n<title>TK-5625-2p Praxis Duo - Ralf 100M<\/title>\n<meta name=\"robots\" content=\"index, follow, max-snippet:-1, max-image-preview:large, max-video-preview:-1\" \/>\n<link rel=\"canonical\" href=\"https:\/\/ralf100m.de\/pt\/produto\/duo-de-praticas-de-estagio-datev-2\/\" \/>\n<meta property=\"og:locale\" content=\"pt_PT\" \/>\n<meta property=\"og:type\" content=\"article\" \/>\n<meta property=\"og:title\" content=\"TK-5625-2p Praxis Duo - Ralf 100M\" \/>\n<meta property=\"og:description\" content=\"Datev Kurs und Praktikum in einem\u00a0 Paket Unter bestimmten Voraussetzungen gew\u00e4hrt die VHS Kurspreiserm\u00e4\u00dfigung -&gt; 409 \u20ac Die Voraussetzungen f\u00fcr eine Kurspreiserm\u00e4\u00dfigung findest Du\u00a0hier.  Erm\u00e4\u00dfigungen k\u00f6nnen nur direkt \u00fcber die VHS per\u00a0Formular\u00a0gebucht werden.  Bitte ausgef\u00fcllt an anmeldung@vhstk.de \/ Kopie an mich (info@ralf100m.de) schicken und den Erm\u00e4\u00dfigungsnachweis mitsenden \/ ! Betrifft nur Anmeldungen mit Erm\u00e4\u00dfigung !  &nbsp;\" \/>\n<meta property=\"og:url\" content=\"https:\/\/ralf100m.de\/pt\/produto\/duo-de-praticas-de-estagio-datev-2\/\" \/>\n<meta property=\"og:site_name\" content=\"Ralf 100M\" \/>\n<meta property=\"article:modified_time\" content=\"2025-12-18T11:01:29+00:00\" \/>\n<meta property=\"og:image\" content=\"https:\/\/ralf100m.de\/wp-content\/uploads\/2023\/03\/Datev-Praktikum-Praxis-Duo.png\" \/>\n\t<meta property=\"og:image:width\" content=\"1292\" \/>\n\t<meta property=\"og:image:height\" content=\"1290\" \/>\n\t<meta property=\"og:image:type\" content=\"image\/png\" \/>\n<meta name=\"twitter:card\" content=\"summary_large_image\" \/>\n<meta name=\"twitter:label1\" content=\"Est. reading time\" \/>\n\t<meta name=\"twitter:data1\" content=\"3 minutos\" \/>\n<script type=\"application\/ld+json\" class=\"yoast-schema-graph\">{\"@context\":\"https:\\\/\\\/schema.org\",\"@graph\":[{\"@type\":\"WebPage\",\"@id\":\"https:\\\/\\\/ralf100m.de\\\/produkt\\\/datev-praktikum-praxis-duo\\\/\",\"url\":\"https:\\\/\\\/ralf100m.de\\\/produkt\\\/datev-praktikum-praxis-duo\\\/\",\"name\":\"TK-5625-2p Praxis Duo - Ralf 100M\",\"isPartOf\":{\"@id\":\"https:\\\/\\\/ralf100m.de\\\/#website\"},\"primaryImageOfPage\":{\"@id\":\"https:\\\/\\\/ralf100m.de\\\/produkt\\\/datev-praktikum-praxis-duo\\\/#primaryimage\"},\"image\":{\"@id\":\"https:\\\/\\\/ralf100m.de\\\/produkt\\\/datev-praktikum-praxis-duo\\\/#primaryimage\"},\"thumbnailUrl\":\"https:\\\/\\\/ralf100m.de\\\/wp-content\\\/uploads\\\/2023\\\/03\\\/Datev-Praktikum-Praxis-Duo.png\",\"datePublished\":\"2023-03-15T18:03:13+00:00\",\"dateModified\":\"2025-12-18T11:01:29+00:00\",\"breadcrumb\":{\"@id\":\"https:\\\/\\\/ralf100m.de\\\/produkt\\\/datev-praktikum-praxis-duo\\\/#breadcrumb\"},\"inLanguage\":\"pt-PT\",\"potentialAction\":[{\"@type\":\"ReadAction\",\"target\":[\"https:\\\/\\\/ralf100m.de\\\/produkt\\\/datev-praktikum-praxis-duo\\\/\"]}]},{\"@type\":\"ImageObject\",\"inLanguage\":\"pt-PT\",\"@id\":\"https:\\\/\\\/ralf100m.de\\\/produkt\\\/datev-praktikum-praxis-duo\\\/#primaryimage\",\"url\":\"https:\\\/\\\/ralf100m.de\\\/wp-content\\\/uploads\\\/2023\\\/03\\\/Datev-Praktikum-Praxis-Duo.png\",\"contentUrl\":\"https:\\\/\\\/ralf100m.de\\\/wp-content\\\/uploads\\\/2023\\\/03\\\/Datev-Praktikum-Praxis-Duo.png\",\"width\":1292,\"height\":1290},{\"@type\":\"BreadcrumbList\",\"@id\":\"https:\\\/\\\/ralf100m.de\\\/produkt\\\/datev-praktikum-praxis-duo\\\/#breadcrumb\",\"itemListElement\":[{\"@type\":\"ListItem\",\"position\":1,\"name\":\"Startseite\",\"item\":\"https:\\\/\\\/ralf100m.de\\\/\"},{\"@type\":\"ListItem\",\"position\":2,\"name\":\"Shop\",\"item\":\"https:\\\/\\\/ralf100m.de\\\/shop\\\/\"},{\"@type\":\"ListItem\",\"position\":3,\"name\":\"TK-5625-2p Praxis Duo\"}]},{\"@type\":\"WebSite\",\"@id\":\"https:\\\/\\\/ralf100m.de\\\/#website\",\"url\":\"https:\\\/\\\/ralf100m.de\\\/\",\"name\":\"Ralf 100M\",\"description\":\"\",\"publisher\":{\"@id\":\"https:\\\/\\\/ralf100m.de\\\/#\\\/schema\\\/person\\\/144d88d0c18fb8f5e6bd155752132c23\"},\"potentialAction\":[{\"@type\":\"SearchAction\",\"target\":{\"@type\":\"EntryPoint\",\"urlTemplate\":\"https:\\\/\\\/ralf100m.de\\\/?s={search_term_string}\"},\"query-input\":{\"@type\":\"PropertyValueSpecification\",\"valueRequired\":true,\"valueName\":\"search_term_string\"}}],\"inLanguage\":\"pt-PT\"},{\"@type\":[\"Person\",\"Organization\"],\"@id\":\"https:\\\/\\\/ralf100m.de\\\/#\\\/schema\\\/person\\\/144d88d0c18fb8f5e6bd155752132c23\",\"name\":\"wpulitkus\",\"image\":{\"@type\":\"ImageObject\",\"inLanguage\":\"pt-PT\",\"@id\":\"https:\\\/\\\/ralf100m.de\\\/wp-content\\\/uploads\\\/2023\\\/04\\\/ralf-200px-logo.jpg\",\"url\":\"https:\\\/\\\/ralf100m.de\\\/wp-content\\\/uploads\\\/2023\\\/04\\\/ralf-200px-logo.jpg\",\"contentUrl\":\"https:\\\/\\\/ralf100m.de\\\/wp-content\\\/uploads\\\/2023\\\/04\\\/ralf-200px-logo.jpg\",\"width\":400,\"height\":162,\"caption\":\"wpulitkus\"},\"logo\":{\"@id\":\"https:\\\/\\\/ralf100m.de\\\/wp-content\\\/uploads\\\/2023\\\/04\\\/ralf-200px-logo.jpg\"}}]}<\/script>\n<!-- \/ Yoast SEO plugin. -->","yoast_head_json":{"title":"TK-5625-2p Duo de treino - Ralf 100M","robots":{"index":"index","follow":"follow","max-snippet":"max-snippet:-1","max-image-preview":"max-image-preview:large","max-video-preview":"max-video-preview:-1"},"canonical":"https:\/\/ralf100m.de\/pt\/produto\/duo-de-praticas-de-estagio-datev-2\/","og_locale":"pt_PT","og_type":"article","og_title":"TK-5625-2p Praxis Duo - Ralf 100M","og_description":"Datev Kurs und Praktikum in einem\u00a0 Paket Unter bestimmten Voraussetzungen gew\u00e4hrt die VHS Kurspreiserm\u00e4\u00dfigung -&gt; 409 \u20ac Die Voraussetzungen f\u00fcr eine Kurspreiserm\u00e4\u00dfigung findest Du\u00a0hier.  Erm\u00e4\u00dfigungen k\u00f6nnen nur direkt \u00fcber die VHS per\u00a0Formular\u00a0gebucht werden.  Bitte ausgef\u00fcllt an anmeldung@vhstk.de \/ Kopie an mich (info@ralf100m.de) schicken und den Erm\u00e4\u00dfigungsnachweis mitsenden \/ ! Betrifft nur Anmeldungen mit Erm\u00e4\u00dfigung !  &nbsp;","og_url":"https:\/\/ralf100m.de\/pt\/produto\/duo-de-praticas-de-estagio-datev-2\/","og_site_name":"Ralf 100M","article_modified_time":"2025-12-18T11:01:29+00:00","og_image":[{"width":1292,"height":1290,"url":"https:\/\/ralf100m.de\/wp-content\/uploads\/2023\/03\/Datev-Praktikum-Praxis-Duo.png","type":"image\/png"}],"twitter_card":"summary_large_image","twitter_misc":{"Est. reading time":"3 minutos"},"schema":{"@context":"https:\/\/schema.org","@graph":[{"@type":"WebPage","@id":"https:\/\/ralf100m.de\/produkt\/datev-praktikum-praxis-duo\/","url":"https:\/\/ralf100m.de\/produkt\/datev-praktikum-praxis-duo\/","name":"TK-5625-2p Duo de treino - Ralf 100M","isPartOf":{"@id":"https:\/\/ralf100m.de\/#website"},"primaryImageOfPage":{"@id":"https:\/\/ralf100m.de\/produkt\/datev-praktikum-praxis-duo\/#primaryimage"},"image":{"@id":"https:\/\/ralf100m.de\/produkt\/datev-praktikum-praxis-duo\/#primaryimage"},"thumbnailUrl":"https:\/\/ralf100m.de\/wp-content\/uploads\/2023\/03\/Datev-Praktikum-Praxis-Duo.png","datePublished":"2023-03-15T18:03:13+00:00","dateModified":"2025-12-18T11:01:29+00:00","breadcrumb":{"@id":"https:\/\/ralf100m.de\/produkt\/datev-praktikum-praxis-duo\/#breadcrumb"},"inLanguage":"pt-PT","potentialAction":[{"@type":"ReadAction","target":["https:\/\/ralf100m.de\/produkt\/datev-praktikum-praxis-duo\/"]}]},{"@type":"ImageObject","inLanguage":"pt-PT","@id":"https:\/\/ralf100m.de\/produkt\/datev-praktikum-praxis-duo\/#primaryimage","url":"https:\/\/ralf100m.de\/wp-content\/uploads\/2023\/03\/Datev-Praktikum-Praxis-Duo.png","contentUrl":"https:\/\/ralf100m.de\/wp-content\/uploads\/2023\/03\/Datev-Praktikum-Praxis-Duo.png","width":1292,"height":1290},{"@type":"BreadcrumbList","@id":"https:\/\/ralf100m.de\/produkt\/datev-praktikum-praxis-duo\/#breadcrumb","itemListElement":[{"@type":"ListItem","position":1,"name":"Startseite","item":"https:\/\/ralf100m.de\/"},{"@type":"ListItem","position":2,"name":"Shop","item":"https:\/\/ralf100m.de\/shop\/"},{"@type":"ListItem","position":3,"name":"TK-5625-2p Praxis Duo"}]},{"@type":"WebSite","@id":"https:\/\/ralf100m.de\/#website","url":"https:\/\/ralf100m.de\/","name":"Ralf 100M","description":"","publisher":{"@id":"https:\/\/ralf100m.de\/#\/schema\/person\/144d88d0c18fb8f5e6bd155752132c23"},"potentialAction":[{"@type":"SearchAction","target":{"@type":"EntryPoint","urlTemplate":"https:\/\/ralf100m.de\/?s={search_term_string}"},"query-input":{"@type":"PropertyValueSpecification","valueRequired":true,"valueName":"search_term_string"}}],"inLanguage":"pt-PT"},{"@type":["Person","Organization"],"@id":"https:\/\/ralf100m.de\/#\/schema\/person\/144d88d0c18fb8f5e6bd155752132c23","name":"wpulitcus","image":{"@type":"ImageObject","inLanguage":"pt-PT","@id":"https:\/\/ralf100m.de\/wp-content\/uploads\/2023\/04\/ralf-200px-logo.jpg","url":"https:\/\/ralf100m.de\/wp-content\/uploads\/2023\/04\/ralf-200px-logo.jpg","contentUrl":"https:\/\/ralf100m.de\/wp-content\/uploads\/2023\/04\/ralf-200px-logo.jpg","width":400,"height":162,"caption":"wpulitkus"},"logo":{"@id":"https:\/\/ralf100m.de\/wp-content\/uploads\/2023\/04\/ralf-200px-logo.jpg"}}]}},"_links":{"self":[{"href":"https:\/\/ralf100m.de\/pt\/wp-json\/wp\/v2\/product\/4227","targetHints":{"allow":["GET"]}}],"collection":[{"href":"https:\/\/ralf100m.de\/pt\/wp-json\/wp\/v2\/product"}],"about":[{"href":"https:\/\/ralf100m.de\/pt\/wp-json\/wp\/v2\/types\/product"}],"wp:featuredmedia":[{"embeddable":true,"href":"https:\/\/ralf100m.de\/pt\/wp-json\/wp\/v2\/media\/4194"}],"wp:attachment":[{"href":"https:\/\/ralf100m.de\/pt\/wp-json\/wp\/v2\/media?parent=4227"}],"wp:term":[{"taxonomy":"product_brand","embeddable":true,"href":"https:\/\/ralf100m.de\/pt\/wp-json\/wp\/v2\/product_brand?post=4227"},{"taxonomy":"product_cat","embeddable":true,"href":"https:\/\/ralf100m.de\/pt\/wp-json\/wp\/v2\/product_cat?post=4227"},{"taxonomy":"product_tag","embeddable":true,"href":"https:\/\/ralf100m.de\/pt\/wp-json\/wp\/v2\/product_tag?post=4227"}],"curies":[{"name":"wp","href":"https:\/\/api.w.org\/{rel}","templated":true}]}}