{"id":4253,"date":"2023-03-19T19:12:05","date_gmt":"2023-03-19T18:12:05","guid":{"rendered":"https:\/\/ralf100m.de\/?post_type=product&#038;p=4253"},"modified":"2025-12-18T11:50:35","modified_gmt":"2025-12-18T10:50:35","slug":"5614-4p","status":"publish","type":"product","link":"https:\/\/ralf100m.de\/pt\/produto\/5614-4p\/","title":{"rendered":"TK-5614-4p Fibu 1 &amp; 2 &amp; Datev + Est\u00e1gio | Forma\u00e7\u00e3o completa"},"content":{"rendered":"<h4>Fibu 1 + 2 + Datev + est\u00e1gio num pacote de 4 unidades \/ forma\u00e7\u00e3o completa<\/h4>\n<h4>(Dura\u00e7\u00e3o do curso 365 dias ap\u00f3s a inscri\u00e7\u00e3o)<\/h4>\n<p><strong>Fibu 1<\/strong><\/p>\n<ul>\n<li>Base jur\u00eddica<\/li>\n<li>Invent\u00e1rio e balan\u00e7o<\/li>\n<li>Contas de balan\u00e7o<\/li>\n<li>Contas de demonstra\u00e7\u00e3o de resultados<\/li>\n<li>Organiza\u00e7\u00e3o contabil\u00edstica<\/li>\n<li>Sistema de IVA<\/li>\n<li>Contas privadas<\/li>\n<li>Custos n\u00e3o dedut\u00edveis\/dedut\u00edveis limitados Custos<\/li>\n<li>Exerc\u00edcios<\/li>\n<\/ul>\n<p><strong>Fibu2<\/strong><\/p>\n<ul>\n<li>Caracter\u00edsticas especiais para empresas de produ\u00e7\u00e3o<\/li>\n<li>Lan\u00e7amento de bens\/servi\u00e7os inacabados e acabados<\/li>\n<li>Conte\u00fado das demonstra\u00e7\u00f5es financeiras anuais<\/li>\n<li>Princ\u00edpios contabil\u00edsticos<\/li>\n<li>Diferimentos materiais e temporais de despesas e receitas<\/li>\n<li>Opera\u00e7\u00f5es tribut\u00e1veis e isentas de impostos<\/li>\n<li>Regime de autoliquida\u00e7\u00e3o<\/li>\n<li>Pa\u00edses estrangeiros sujeitos a IVA; transac\u00e7\u00f5es de bens com o resto da Comunidade e pa\u00edses terceiros<\/li>\n<li>Adiantamentos recebidos e efectuados<\/li>\n<li>Normas de avalia\u00e7\u00e3o do ativo imobilizado e do ativo circulante no \u00e2mbito do direito comercial e fiscal \/normas de avalia\u00e7\u00e3o \/deprecia\u00e7\u00e3o e amortiza\u00e7\u00e3o<\/li>\n<li>Transfer\u00eancia da deprecia\u00e7\u00e3o fiscal \/ lan\u00e7amento e anula\u00e7\u00e3o do montante da dedu\u00e7\u00e3o do investimento;<\/li>\n<li>Avalia\u00e7\u00e3o das exist\u00eancias e das contas a receber<\/li>\n<li>Capitais reconhecidos no balan\u00e7o<\/li>\n<li>Lan\u00e7amento e revers\u00e3o de provis\u00f5es<\/li>\n<li>Avalia\u00e7\u00e3o dos passivos<\/li>\n<li>Muitos, muitos exerc\u00edcios<\/li>\n<\/ul>\n<p><strong>Datev<\/strong><\/p>\n<ul>\n<li>Cria\u00e7\u00e3o de um novo cliente \/ dados mestre<\/li>\n<li>Processamento da contabilidade em DATEV Kanzlei-Rechnungswesen<\/li>\n<li>Recibos digitais<\/li>\n<li>C\u00f3pia de seguran\u00e7a, importa\u00e7\u00e3o e elimina\u00e7\u00e3o de dados contabil\u00edsticos<\/li>\n<li>An\u00e1lise da contabilidade financeira<\/li>\n<li>Trabalho final \/ fim do ano<\/li>\n<li>Muitos, muitos exerc\u00edcios pr\u00e1ticos<\/li>\n<\/ul>\n<p><strong>Est\u00e1gio<\/strong><\/p>\n<ul>\n<li>Conclus\u00e3o da contabilidade financeira em curso com a DATEV Kanzlei-Rechnungswesen<\/li>\n<li>Prepara\u00e7\u00e3o e introdu\u00e7\u00e3o das demonstra\u00e7\u00f5es financeiras anuais pelo consultor fiscal<\/li>\n<li>Facturas de entrada e de sa\u00edda \/ nacionais, UE, pa\u00edses terceiros<\/li>\n<li>Entradas e sa\u00eddas de pagamentos<\/li>\n<li>Ofertas salariais<\/li>\n<li>Recibos digitais<\/li>\n<li>Extractos da caixa registadora e do cart\u00e3o de cr\u00e9dito<\/li>\n<li>Vota\u00e7\u00e3o de pontos em aberto<\/li>\n<li>Declara\u00e7\u00f5es antecipadas de impostos sobre as vendas<\/li>\n<li>Contabilidade dos activos (invent\u00e1rio, amortiza\u00e7\u00f5es mensais)<\/li>\n<li>Acr\u00e9scimos e diferimentos durante o exerc\u00edcio Provis\u00f5es\/revers\u00f5es<\/li>\n<li>Pedidos de adiantamento\/pagamento\/fatura final<\/li>\n<li>CEM e perdas em contas a receber durante o ano<\/li>\n<li>Verifica\u00e7\u00e3o das facturas \/ coer\u00eancia contabil\u00edstica<\/li>\n<li>Balan\u00e7o de abertura Apresenta\u00e7\u00f5es<\/li>\n<li>Auto-verifica\u00e7\u00e3o \/ reconcilia\u00e7\u00e3o de contas \/ resolu\u00e7\u00e3o de problemas<\/li>\n<li>Prepara\u00e7\u00e3o de documentos a pedido de terceiros<\/li>\n<li>Prepara\u00e7\u00e3o das demonstra\u00e7\u00f5es financeiras anuais<\/li>\n<\/ul>\n<p><strong>Para o curso Fibu 1 e 2 \u00e9 necess\u00e1rio um livro de curso cada<\/strong>que <strong>N\u00e3o est\u00e1 diretamente connosco<\/strong> pode adquirir.<\/p>\n<p>Contabilidade financeira 1 Livro did\u00e1tico de Eva-Verena Hernandez<br \/>\n978-386718-500-4 (ISBN)<\/p>\n<p>que pode ser encomendado diretamente \u00e0 Edumedia Verlag (por vezes com prazos de espera mais longos)<\/p>\n<p>https:\/\/www.edumedia.de\/shop\/thema.html?gruppe=1&thema=1#content<\/p>\n<p>Ou na Amazon<\/p>\n<div class=\"brlbs-cmpnt-container brlbs-cmpnt-content-blocker brlbs-cmpnt-with-individual-styles\" data-borlabs-cookie-content-blocker-id=\"default\" data-borlabs-cookie-content=\"PGlmcmFtZSB0aXRsZT0iRmluYW56YnVjaGbDvGhydW5nIDEiIHR5cGU9InRleHQvaHRtbCIgd2lkdGg9IjUwMCIgaGVpZ2h0PSI1NTAiIGZyYW1lYm9yZGVyPSIwIiBhbGxvd2Z1bGxzY3JlZW4gc3R5bGU9Im1heC13aWR0aDoxMDAlIiBzcmM9Imh0dHBzOi8vbGVzZW4uYW1hem9uLmRlL2twL2NhcmQ\/cHJldmlldz1pbmxpbmUmbGlua0NvZGU9a3BkJnJlZl89azR3X29lbWJlZF9sb0xkNzFtMDVRYmI4RCZhc2luPTM4NjcxODUwMFgmdGFnPWtwZW1iZWQtMjAiPjwvaWZyYW1lPg==\">\n<div class=\"brlbs-cmpnt-cb-preset-a\">\n<p class=\"brlbs-cmpnt-cb-description\">Est\u00e1 atualmente a visualizar um conte\u00fado de marcador de posi\u00e7\u00e3o de <strong>Predefini\u00e7\u00e3o<\/strong>. Para aceder ao conte\u00fado real, clique no bot\u00e3o abaixo. Tenha em aten\u00e7\u00e3o que, ao faz\u00ea-lo, partilhar\u00e1 dados com fornecedores terceiros.<\/p>\n<div class=\"brlbs-cmpnt-cb-buttons\"> <a class=\"brlbs-cmpnt-cb-btn\" href=\"#\" data-borlabs-cookie-unblock role=\"button\">Desbloquear conte\u00fados<\/a> <a class=\"brlbs-cmpnt-cb-btn\" href=\"#\" data-borlabs-cookie-accept-service role=\"button\" style=\"display: none\">Aceitar o servi\u00e7o requerido e desbloquear conte\u00fados<\/a> <\/div>\n<p> <a class=\"brlbs-cmpnt-cb-provider-toggle\" href=\"#\" data-borlabs-cookie-show-provider-information role=\"button\">Mais informa\u00e7\u00f5es<\/a> <\/div>\n<\/div>\n<p>ou Lehmanns<\/p>\n<p>https:\/\/www.lehmanns.de\/shop\/wirtschaft\/7907233-9783867185004-finanzbuchfuehrung-1<\/p>\n<p>analaog Fibu 2 978-386718-501-1 (ISBN)<\/p>\n<p>N\u00e3o s\u00e3o necess\u00e1rios livros adicionais para os cursos Datev e Lexware ou para o curso pr\u00e1tico de contabilidade. Todos os documentos s\u00e3o fornecidos durante o curso.<\/p>\n<p>Encontrar\u00e1 os requisitos para uma redu\u00e7\u00e3o do pre\u00e7o do curso\u00a0<a href=\"https:\/\/tinyurl.com\/y7wbb46p\"><strong>aqui<\/strong><\/a>.<br \/>\nOs descontos s\u00f3 podem ser obtidos diretamente do VHS atrav\u00e9s de\u00a0<a href=\"http:\/\/ralf100m.de\/pt\/Kursanmeldung%20%2B%20Datenschutz.pdf\/\" target=\"_blank\" rel=\"noopener\"><strong>Formul\u00e1rio<\/strong><\/a>\u00a0pode ser reservado.<\/p>\n<p>Preencher e enviar para anmeldung@vhstk.de \/ enviar uma c\u00f3pia para mim (info@ralf100m.de).<\/p>","protected":false},"excerpt":{"rendered":"<h4>Fibu 1 + 2 + Datev + est\u00e1gio num pacote de 4 unidades \/ forma\u00e7\u00e3o completa<\/h4>\n<p>Em determinadas condi\u00e7\u00f5es, o VHS concede uma redu\u00e7\u00e3o do pre\u00e7o do curso -&gt; 589,52 euros<br \/>\nEncontrar\u00e1 os requisitos para uma redu\u00e7\u00e3o do pre\u00e7o do curso\u00a0<a href=\"https:\/\/tinyurl.com\/y7wbb46p\"><strong>aqui<\/strong><\/a>.<\/p>\n<p>Os descontos s\u00f3 podem ser obtidos diretamente do VHS atrav\u00e9s de\u00a0<a href=\"http:\/\/ralf100m.de\/pt\/Kursanmeldung%20%2B%20Datenschutz.pdf\/\" target=\"_blank\" rel=\"noopener\"><strong>Formul\u00e1rio<\/strong><\/a>\u00a0pode ser reservado.<\/p>\n<p>Preencher e devolver para anmeldung@vhstk.de \/ enviar uma c\u00f3pia para mim (buchung@ralf100m.de) e anexar o comprovativo do desconto \/ ! <strong>S\u00f3 se aplica a inscri\u00e7\u00f5es com desconto!<\/strong><\/p>\n<p>&nbsp;<\/p>","protected":false},"featured_media":4192,"template":"","meta":[],"product_brand":[],"product_cat":[37],"product_tag":[],"class_list":{"0":"post-4253","1":"product","2":"type-product","3":"status-publish","4":"has-post-thumbnail","6":"product_cat-vhs-online-kurse","8":"first","9":"instock","10":"virtual","11":"taxable","12":"purchasable","13":"product-type-simple"},"yoast_head":"<!-- This site is optimized with the Yoast SEO plugin v27.4 - https:\/\/yoast.com\/product\/yoast-seo-wordpress\/ -->\n<title>TK-5614-4p Fibu 1 &amp; 2 &amp; Datev + Praktikum | Komplettausbildung - Ralf 100M<\/title>\n<meta name=\"robots\" content=\"index, follow, max-snippet:-1, max-image-preview:large, max-video-preview:-1\" \/>\n<link rel=\"canonical\" href=\"https:\/\/ralf100m.de\/pt\/produto\/5614-4p\/\" \/>\n<meta property=\"og:locale\" content=\"pt_PT\" \/>\n<meta property=\"og:type\" content=\"article\" \/>\n<meta property=\"og:title\" content=\"TK-5614-4p Fibu 1 &amp; 2 &amp; Datev + Praktikum | Komplettausbildung - Ralf 100M\" \/>\n<meta property=\"og:description\" content=\"Fibu 1 + 2 + Datev + Praktikum im 4-er Pack \/ Komplettausbildung Unter bestimmten Voraussetzungen gew\u00e4hrt die VHS Kurspreiserm\u00e4\u00dfigung -&gt; 589,52 \u20ac Die Voraussetzungen f\u00fcr eine Kurspreiserm\u00e4\u00dfigung findest Du\u00a0hier.  Erm\u00e4\u00dfigungen k\u00f6nnen nur direkt \u00fcber die VHS per\u00a0Formular\u00a0gebucht werden.  Bitte ausgef\u00fcllt an anmeldung@vhstk.de \/ Kopie an mich (buchung@ralf100m.de) schicken und den Erm\u00e4\u00dfigungsnachweis mitsenden \/ ! Betrifft nur Anmeldungen mit Erm\u00e4\u00dfigung !  &nbsp;\" \/>\n<meta property=\"og:url\" content=\"https:\/\/ralf100m.de\/pt\/produto\/5614-4p\/\" \/>\n<meta property=\"og:site_name\" content=\"Ralf 100M\" \/>\n<meta property=\"article:modified_time\" content=\"2025-12-18T10:50:35+00:00\" \/>\n<meta property=\"og:image\" content=\"https:\/\/ralf100m.de\/wp-content\/uploads\/2023\/03\/FiBu-Komplett.png\" \/>\n\t<meta property=\"og:image:width\" content=\"1296\" \/>\n\t<meta property=\"og:image:height\" content=\"1298\" \/>\n\t<meta property=\"og:image:type\" content=\"image\/png\" \/>\n<meta name=\"twitter:card\" content=\"summary_large_image\" \/>\n<meta name=\"twitter:label1\" content=\"Est. reading time\" \/>\n\t<meta name=\"twitter:data1\" content=\"2 minutos\" \/>\n<script type=\"application\/ld+json\" class=\"yoast-schema-graph\">{\"@context\":\"https:\\\/\\\/schema.org\",\"@graph\":[{\"@type\":\"WebPage\",\"@id\":\"https:\\\/\\\/ralf100m.de\\\/produkt\\\/5614-4p\\\/\",\"url\":\"https:\\\/\\\/ralf100m.de\\\/produkt\\\/5614-4p\\\/\",\"name\":\"TK-5614-4p Fibu 1 & 2 & Datev + Praktikum | Komplettausbildung - Ralf 100M\",\"isPartOf\":{\"@id\":\"https:\\\/\\\/ralf100m.de\\\/#website\"},\"primaryImageOfPage\":{\"@id\":\"https:\\\/\\\/ralf100m.de\\\/produkt\\\/5614-4p\\\/#primaryimage\"},\"image\":{\"@id\":\"https:\\\/\\\/ralf100m.de\\\/produkt\\\/5614-4p\\\/#primaryimage\"},\"thumbnailUrl\":\"https:\\\/\\\/ralf100m.de\\\/wp-content\\\/uploads\\\/2023\\\/03\\\/FiBu-Komplett.png\",\"datePublished\":\"2023-03-19T18:12:05+00:00\",\"dateModified\":\"2025-12-18T10:50:35+00:00\",\"breadcrumb\":{\"@id\":\"https:\\\/\\\/ralf100m.de\\\/produkt\\\/5614-4p\\\/#breadcrumb\"},\"inLanguage\":\"pt-PT\",\"potentialAction\":[{\"@type\":\"ReadAction\",\"target\":[\"https:\\\/\\\/ralf100m.de\\\/produkt\\\/5614-4p\\\/\"]}]},{\"@type\":\"ImageObject\",\"inLanguage\":\"pt-PT\",\"@id\":\"https:\\\/\\\/ralf100m.de\\\/produkt\\\/5614-4p\\\/#primaryimage\",\"url\":\"https:\\\/\\\/ralf100m.de\\\/wp-content\\\/uploads\\\/2023\\\/03\\\/FiBu-Komplett.png\",\"contentUrl\":\"https:\\\/\\\/ralf100m.de\\\/wp-content\\\/uploads\\\/2023\\\/03\\\/FiBu-Komplett.png\",\"width\":1296,\"height\":1298},{\"@type\":\"BreadcrumbList\",\"@id\":\"https:\\\/\\\/ralf100m.de\\\/produkt\\\/5614-4p\\\/#breadcrumb\",\"itemListElement\":[{\"@type\":\"ListItem\",\"position\":1,\"name\":\"Startseite\",\"item\":\"https:\\\/\\\/ralf100m.de\\\/\"},{\"@type\":\"ListItem\",\"position\":2,\"name\":\"Shop\",\"item\":\"https:\\\/\\\/ralf100m.de\\\/shop\\\/\"},{\"@type\":\"ListItem\",\"position\":3,\"name\":\"TK-5614-4p Fibu 1 &#038; 2 &#038; Datev + Praktikum | Komplettausbildung\"}]},{\"@type\":\"WebSite\",\"@id\":\"https:\\\/\\\/ralf100m.de\\\/#website\",\"url\":\"https:\\\/\\\/ralf100m.de\\\/\",\"name\":\"Ralf 100M\",\"description\":\"\",\"publisher\":{\"@id\":\"https:\\\/\\\/ralf100m.de\\\/#\\\/schema\\\/person\\\/144d88d0c18fb8f5e6bd155752132c23\"},\"potentialAction\":[{\"@type\":\"SearchAction\",\"target\":{\"@type\":\"EntryPoint\",\"urlTemplate\":\"https:\\\/\\\/ralf100m.de\\\/?s={search_term_string}\"},\"query-input\":{\"@type\":\"PropertyValueSpecification\",\"valueRequired\":true,\"valueName\":\"search_term_string\"}}],\"inLanguage\":\"pt-PT\"},{\"@type\":[\"Person\",\"Organization\"],\"@id\":\"https:\\\/\\\/ralf100m.de\\\/#\\\/schema\\\/person\\\/144d88d0c18fb8f5e6bd155752132c23\",\"name\":\"wpulitkus\",\"image\":{\"@type\":\"ImageObject\",\"inLanguage\":\"pt-PT\",\"@id\":\"https:\\\/\\\/ralf100m.de\\\/wp-content\\\/uploads\\\/2023\\\/04\\\/ralf-200px-logo.jpg\",\"url\":\"https:\\\/\\\/ralf100m.de\\\/wp-content\\\/uploads\\\/2023\\\/04\\\/ralf-200px-logo.jpg\",\"contentUrl\":\"https:\\\/\\\/ralf100m.de\\\/wp-content\\\/uploads\\\/2023\\\/04\\\/ralf-200px-logo.jpg\",\"width\":400,\"height\":162,\"caption\":\"wpulitkus\"},\"logo\":{\"@id\":\"https:\\\/\\\/ralf100m.de\\\/wp-content\\\/uploads\\\/2023\\\/04\\\/ralf-200px-logo.jpg\"}}]}<\/script>\n<!-- \/ Yoast SEO plugin. -->","yoast_head_json":{"title":"TK-5614-4p Fibu 1 &amp; 2 &amp; Datev + Est\u00e1gio | Forma\u00e7\u00e3o completa - Ralf 100M","robots":{"index":"index","follow":"follow","max-snippet":"max-snippet:-1","max-image-preview":"max-image-preview:large","max-video-preview":"max-video-preview:-1"},"canonical":"https:\/\/ralf100m.de\/pt\/produto\/5614-4p\/","og_locale":"pt_PT","og_type":"article","og_title":"TK-5614-4p Fibu 1 & 2 & Datev + Praktikum | Komplettausbildung - Ralf 100M","og_description":"Fibu 1 + 2 + Datev + Praktikum im 4-er Pack \/ Komplettausbildung Unter bestimmten Voraussetzungen gew\u00e4hrt die VHS Kurspreiserm\u00e4\u00dfigung -&gt; 589,52 \u20ac Die Voraussetzungen f\u00fcr eine Kurspreiserm\u00e4\u00dfigung findest Du\u00a0hier.  Erm\u00e4\u00dfigungen k\u00f6nnen nur direkt \u00fcber die VHS per\u00a0Formular\u00a0gebucht werden.  Bitte ausgef\u00fcllt an anmeldung@vhstk.de \/ Kopie an mich (buchung@ralf100m.de) schicken und den Erm\u00e4\u00dfigungsnachweis mitsenden \/ ! Betrifft nur Anmeldungen mit Erm\u00e4\u00dfigung !  &nbsp;","og_url":"https:\/\/ralf100m.de\/pt\/produto\/5614-4p\/","og_site_name":"Ralf 100M","article_modified_time":"2025-12-18T10:50:35+00:00","og_image":[{"width":1296,"height":1298,"url":"https:\/\/ralf100m.de\/wp-content\/uploads\/2023\/03\/FiBu-Komplett.png","type":"image\/png"}],"twitter_card":"summary_large_image","twitter_misc":{"Est. reading time":"2 minutos"},"schema":{"@context":"https:\/\/schema.org","@graph":[{"@type":"WebPage","@id":"https:\/\/ralf100m.de\/produkt\/5614-4p\/","url":"https:\/\/ralf100m.de\/produkt\/5614-4p\/","name":"TK-5614-4p Fibu 1 &amp; 2 &amp; Datev + Est\u00e1gio | Forma\u00e7\u00e3o completa - Ralf 100M","isPartOf":{"@id":"https:\/\/ralf100m.de\/#website"},"primaryImageOfPage":{"@id":"https:\/\/ralf100m.de\/produkt\/5614-4p\/#primaryimage"},"image":{"@id":"https:\/\/ralf100m.de\/produkt\/5614-4p\/#primaryimage"},"thumbnailUrl":"https:\/\/ralf100m.de\/wp-content\/uploads\/2023\/03\/FiBu-Komplett.png","datePublished":"2023-03-19T18:12:05+00:00","dateModified":"2025-12-18T10:50:35+00:00","breadcrumb":{"@id":"https:\/\/ralf100m.de\/produkt\/5614-4p\/#breadcrumb"},"inLanguage":"pt-PT","potentialAction":[{"@type":"ReadAction","target":["https:\/\/ralf100m.de\/produkt\/5614-4p\/"]}]},{"@type":"ImageObject","inLanguage":"pt-PT","@id":"https:\/\/ralf100m.de\/produkt\/5614-4p\/#primaryimage","url":"https:\/\/ralf100m.de\/wp-content\/uploads\/2023\/03\/FiBu-Komplett.png","contentUrl":"https:\/\/ralf100m.de\/wp-content\/uploads\/2023\/03\/FiBu-Komplett.png","width":1296,"height":1298},{"@type":"BreadcrumbList","@id":"https:\/\/ralf100m.de\/produkt\/5614-4p\/#breadcrumb","itemListElement":[{"@type":"ListItem","position":1,"name":"Startseite","item":"https:\/\/ralf100m.de\/"},{"@type":"ListItem","position":2,"name":"Shop","item":"https:\/\/ralf100m.de\/shop\/"},{"@type":"ListItem","position":3,"name":"TK-5614-4p Fibu 1 &#038; 2 &#038; Datev + Praktikum | Komplettausbildung"}]},{"@type":"WebSite","@id":"https:\/\/ralf100m.de\/#website","url":"https:\/\/ralf100m.de\/","name":"Ralf 100M","description":"","publisher":{"@id":"https:\/\/ralf100m.de\/#\/schema\/person\/144d88d0c18fb8f5e6bd155752132c23"},"potentialAction":[{"@type":"SearchAction","target":{"@type":"EntryPoint","urlTemplate":"https:\/\/ralf100m.de\/?s={search_term_string}"},"query-input":{"@type":"PropertyValueSpecification","valueRequired":true,"valueName":"search_term_string"}}],"inLanguage":"pt-PT"},{"@type":["Person","Organization"],"@id":"https:\/\/ralf100m.de\/#\/schema\/person\/144d88d0c18fb8f5e6bd155752132c23","name":"wpulitcus","image":{"@type":"ImageObject","inLanguage":"pt-PT","@id":"https:\/\/ralf100m.de\/wp-content\/uploads\/2023\/04\/ralf-200px-logo.jpg","url":"https:\/\/ralf100m.de\/wp-content\/uploads\/2023\/04\/ralf-200px-logo.jpg","contentUrl":"https:\/\/ralf100m.de\/wp-content\/uploads\/2023\/04\/ralf-200px-logo.jpg","width":400,"height":162,"caption":"wpulitkus"},"logo":{"@id":"https:\/\/ralf100m.de\/wp-content\/uploads\/2023\/04\/ralf-200px-logo.jpg"}}]}},"_links":{"self":[{"href":"https:\/\/ralf100m.de\/pt\/wp-json\/wp\/v2\/product\/4253","targetHints":{"allow":["GET"]}}],"collection":[{"href":"https:\/\/ralf100m.de\/pt\/wp-json\/wp\/v2\/product"}],"about":[{"href":"https:\/\/ralf100m.de\/pt\/wp-json\/wp\/v2\/types\/product"}],"wp:featuredmedia":[{"embeddable":true,"href":"https:\/\/ralf100m.de\/pt\/wp-json\/wp\/v2\/media\/4192"}],"wp:attachment":[{"href":"https:\/\/ralf100m.de\/pt\/wp-json\/wp\/v2\/media?parent=4253"}],"wp:term":[{"taxonomy":"product_brand","embeddable":true,"href":"https:\/\/ralf100m.de\/pt\/wp-json\/wp\/v2\/product_brand?post=4253"},{"taxonomy":"product_cat","embeddable":true,"href":"https:\/\/ralf100m.de\/pt\/wp-json\/wp\/v2\/product_cat?post=4253"},{"taxonomy":"product_tag","embeddable":true,"href":"https:\/\/ralf100m.de\/pt\/wp-json\/wp\/v2\/product_tag?post=4253"}],"curies":[{"name":"wp","href":"https:\/\/api.w.org\/{rel}","templated":true}]}}