{"id":5645,"date":"2024-10-14T11:02:31","date_gmt":"2024-10-14T09:02:31","guid":{"rendered":"https:\/\/ralf100m.de\/?post_type=product&#038;p=5645"},"modified":"2025-12-18T11:58:55","modified_gmt":"2025-12-18T10:58:55","slug":"teoria-compacta-da-folha-de-pagamento-e-calculo-das-folhas-de-pagamento-com-datev","status":"publish","type":"product","link":"https:\/\/ralf100m.de\/pt\/produkt\/lohn-compact-lohn-theorie-und-lohnabrechnung-mit-datev\/","title":{"rendered":"IH-102 Wage Compact (bases salariais + sal\u00e1rio DATEV) | Apenas Ismer"},"content":{"rendered":"<h3><strong>Conte\u00fado do curso<\/strong><\/h3>\n<p>Combine os conhecimentos de contabilidade de sal\u00e1rios que aprendeu com a aplica\u00e7\u00e3o de sal\u00e1rios DATEV. Receber apoio cont\u00ednuo de um tutor do curso. Os <strong>Curso combinado de acordo com o acordo salarial<\/strong> fornece conhecimentos b\u00e1sicos abrangentes sobre o c\u00e1lculo dos sal\u00e1rios num curso em linha de auto-estudo e mostra-lhe, num curso em linha com v\u00eddeo, como utilizar o DATEV Payroll de forma eficiente para a sua futura carreira pr\u00e1tica.<br \/>\nBases salariais e sal\u00e1rio DATEV<\/p>\n<h3><strong>1. no\u00e7\u00f5es b\u00e1sicas sobre o processamento dos sal\u00e1rios - introdu\u00e7\u00e3o ao c\u00e1lculo dos sal\u00e1rios<\/strong><\/h3>\n<p>O curso fornece conhecimentos b\u00e1sicos sobre a contabilidade dos sal\u00e1rios de acordo com o atual estatuto jur\u00eddico. Depois de concluir com \u00eaxito o curso, ser\u00e1 capaz de criar manualmente extractos de sal\u00e1rios e processar as notifica\u00e7\u00f5es necess\u00e1rias \u00e0 seguran\u00e7a social e \u00e0s autoridades fiscais. O curso baseia-se no plano-quadro do sistema de certifica\u00e7\u00e3o \"Xpert - Business\", m\u00f3dulo \"Sal\u00e1rios e vencimentos\".<\/p>\n<h3><strong>2. DATEV Lohn und Gehalt - A pr\u00e1tica do programa t\u00e9cnico<\/strong><\/h3>\n<p>Neste curso compacto, ficar\u00e1 a conhecer o programa DATEV Wage and Salary atrav\u00e9s de dois casos pr\u00e1ticos. Independentemente da hora e do local, pode aceder \u00e0 nossa plataforma de aprendizagem e descarregar v\u00eddeos de aprendizagem e materiais did\u00e1cticos. Depois de aprender as fun\u00e7\u00f5es essenciais do programa utilizando o exemplo do caso de amostra DATEV \"Erika Mustermann GmbH\", aplicar\u00e1 os conhecimentos que aprendeu de forma aut\u00f3noma noutro caso de amostra \"Baltasar Muster KG\".<br \/>\nO curso fornece conhecimentos b\u00e1sicos sobre o c\u00e1lculo dos sal\u00e1rios para o atual<br \/>\nEstatuto jur\u00eddico. Uma vez conclu\u00eddo com \u00eaxito o programa, o candidato poder\u00e1<br \/>\ne efetuar as comunica\u00e7\u00f5es necess\u00e1rias \u00e0 seguran\u00e7a social e \u00e0s autoridades fiscais.<br \/>\neditar. O curso baseia-se no plano-quadro do sistema de certifica\u00e7\u00e3o \"Xpert - Business\",<br \/>\nM\u00f3dulo \"Sal\u00e1rios e vencimentos\".<\/p>\n<h3>Materiais do curso<\/h3>\n<p>Material did\u00e1tico e de exerc\u00edcio, tarefas, controlos de sucesso da aprendizagem, fontes externas de informa\u00e7\u00e3o<br \/>\n\"Gest\u00e3o de recursos humanos com DATEV\" (PDF), \"Sal\u00e1rios e vencimentos na pr\u00e1tica\" (PDF), v\u00eddeos did\u00e1cticos, etc.<br \/>\nConhecimentos pr\u00e9vios: Conhecimento da contabilidade atual dos sal\u00e1rios; conhecimentos b\u00e1sicos de inform\u00e1tica<br \/>\nRequisitos t\u00e9cnicos: Computador com acesso \u00e0 Internet; controlo t\u00e9cnico do acesso ao<br \/>\nSoftware DATEV Online e a plataforma de aprendizagem<\/p>","protected":false},"excerpt":{"rendered":"<h3 class=\"product_title entry-title\">Pacote Wage Compact (teoria salarial e c\u00e1lculo dos sal\u00e1rios com Datev)<\/h3>\n<p>&nbsp;<\/p>","protected":false},"featured_media":5648,"template":"","meta":[],"product_brand":[],"product_cat":[27],"product_tag":[],"class_list":{"0":"post-5645","1":"product","2":"type-product","3":"status-publish","4":"has-post-thumbnail","6":"product_cat-unkategorisiert","8":"first","9":"instock","10":"virtual","11":"taxable","12":"purchasable","13":"product-type-simple"},"yoast_head":"<!-- This site is optimized with the Yoast SEO plugin v27.5 - https:\/\/yoast.com\/product\/yoast-seo-wordpress\/ -->\n<title>IH-102 Lohn Compact (Lohn Grundlagen + DATEV Lohn ) | nur Ismer - Ralf 100M<\/title>\n<meta name=\"robots\" content=\"index, follow, max-snippet:-1, max-image-preview:large, max-video-preview:-1\" \/>\n<link rel=\"canonical\" href=\"https:\/\/ralf100m.de\/pt\/produto\/teoria-compacta-da-folha-de-pagamento-e-calculo-das-folhas-de-pagamento-com-datev\/\" \/>\n<meta property=\"og:locale\" content=\"pt_PT\" \/>\n<meta property=\"og:type\" content=\"article\" \/>\n<meta property=\"og:title\" content=\"IH-102 Lohn Compact (Lohn Grundlagen + DATEV Lohn ) | nur Ismer - Ralf 100M\" \/>\n<meta property=\"og:description\" content=\"Paket Lohn Compact (Lohn Theorie und Lohnabrechnung mit Datev) &nbsp;\" \/>\n<meta property=\"og:url\" content=\"https:\/\/ralf100m.de\/pt\/produto\/teoria-compacta-da-folha-de-pagamento-e-calculo-das-folhas-de-pagamento-com-datev\/\" \/>\n<meta property=\"og:site_name\" content=\"Ralf 100M\" \/>\n<meta property=\"article:modified_time\" content=\"2025-12-18T10:58:55+00:00\" \/>\n<meta property=\"og:image\" content=\"https:\/\/ralf100m.de\/wp-content\/uploads\/2024\/10\/logo_Compact.png\" \/>\n\t<meta property=\"og:image:width\" content=\"1080\" \/>\n\t<meta property=\"og:image:height\" content=\"1080\" \/>\n\t<meta property=\"og:image:type\" content=\"image\/png\" \/>\n<meta name=\"twitter:card\" content=\"summary_large_image\" \/>\n<meta name=\"twitter:label1\" content=\"Est. reading time\" \/>\n\t<meta name=\"twitter:data1\" content=\"2 minutos\" \/>\n<script type=\"application\/ld+json\" class=\"yoast-schema-graph\">{\"@context\":\"https:\\\/\\\/schema.org\",\"@graph\":[{\"@type\":\"WebPage\",\"@id\":\"https:\\\/\\\/ralf100m.de\\\/produkt\\\/lohn-compact-lohn-theorie-und-lohnabrechnung-mit-datev\\\/\",\"url\":\"https:\\\/\\\/ralf100m.de\\\/produkt\\\/lohn-compact-lohn-theorie-und-lohnabrechnung-mit-datev\\\/\",\"name\":\"IH-102 Lohn Compact (Lohn Grundlagen + DATEV Lohn ) | nur Ismer - Ralf 100M\",\"isPartOf\":{\"@id\":\"https:\\\/\\\/ralf100m.de\\\/#website\"},\"primaryImageOfPage\":{\"@id\":\"https:\\\/\\\/ralf100m.de\\\/produkt\\\/lohn-compact-lohn-theorie-und-lohnabrechnung-mit-datev\\\/#primaryimage\"},\"image\":{\"@id\":\"https:\\\/\\\/ralf100m.de\\\/produkt\\\/lohn-compact-lohn-theorie-und-lohnabrechnung-mit-datev\\\/#primaryimage\"},\"thumbnailUrl\":\"https:\\\/\\\/ralf100m.de\\\/wp-content\\\/uploads\\\/2024\\\/10\\\/logo_Compact.png\",\"datePublished\":\"2024-10-14T09:02:31+00:00\",\"dateModified\":\"2025-12-18T10:58:55+00:00\",\"breadcrumb\":{\"@id\":\"https:\\\/\\\/ralf100m.de\\\/produkt\\\/lohn-compact-lohn-theorie-und-lohnabrechnung-mit-datev\\\/#breadcrumb\"},\"inLanguage\":\"pt-PT\",\"potentialAction\":[{\"@type\":\"ReadAction\",\"target\":[\"https:\\\/\\\/ralf100m.de\\\/produkt\\\/lohn-compact-lohn-theorie-und-lohnabrechnung-mit-datev\\\/\"]}]},{\"@type\":\"ImageObject\",\"inLanguage\":\"pt-PT\",\"@id\":\"https:\\\/\\\/ralf100m.de\\\/produkt\\\/lohn-compact-lohn-theorie-und-lohnabrechnung-mit-datev\\\/#primaryimage\",\"url\":\"https:\\\/\\\/ralf100m.de\\\/wp-content\\\/uploads\\\/2024\\\/10\\\/logo_Compact.png\",\"contentUrl\":\"https:\\\/\\\/ralf100m.de\\\/wp-content\\\/uploads\\\/2024\\\/10\\\/logo_Compact.png\",\"width\":1080,\"height\":1080},{\"@type\":\"BreadcrumbList\",\"@id\":\"https:\\\/\\\/ralf100m.de\\\/produkt\\\/lohn-compact-lohn-theorie-und-lohnabrechnung-mit-datev\\\/#breadcrumb\",\"itemListElement\":[{\"@type\":\"ListItem\",\"position\":1,\"name\":\"Startseite\",\"item\":\"https:\\\/\\\/ralf100m.de\\\/\"},{\"@type\":\"ListItem\",\"position\":2,\"name\":\"Shop\",\"item\":\"https:\\\/\\\/ralf100m.de\\\/shop\\\/\"},{\"@type\":\"ListItem\",\"position\":3,\"name\":\"IH-102 Lohn Compact (Lohn Grundlagen + DATEV Lohn ) | nur Ismer\"}]},{\"@type\":\"WebSite\",\"@id\":\"https:\\\/\\\/ralf100m.de\\\/#website\",\"url\":\"https:\\\/\\\/ralf100m.de\\\/\",\"name\":\"Ralf 100M\",\"description\":\"\",\"publisher\":{\"@id\":\"https:\\\/\\\/ralf100m.de\\\/#\\\/schema\\\/person\\\/144d88d0c18fb8f5e6bd155752132c23\"},\"potentialAction\":[{\"@type\":\"SearchAction\",\"target\":{\"@type\":\"EntryPoint\",\"urlTemplate\":\"https:\\\/\\\/ralf100m.de\\\/?s={search_term_string}\"},\"query-input\":{\"@type\":\"PropertyValueSpecification\",\"valueRequired\":true,\"valueName\":\"search_term_string\"}}],\"inLanguage\":\"pt-PT\"},{\"@type\":[\"Person\",\"Organization\"],\"@id\":\"https:\\\/\\\/ralf100m.de\\\/#\\\/schema\\\/person\\\/144d88d0c18fb8f5e6bd155752132c23\",\"name\":\"wpulitkus\",\"image\":{\"@type\":\"ImageObject\",\"inLanguage\":\"pt-PT\",\"@id\":\"https:\\\/\\\/ralf100m.de\\\/wp-content\\\/uploads\\\/2023\\\/04\\\/ralf-200px-logo.jpg\",\"url\":\"https:\\\/\\\/ralf100m.de\\\/wp-content\\\/uploads\\\/2023\\\/04\\\/ralf-200px-logo.jpg\",\"contentUrl\":\"https:\\\/\\\/ralf100m.de\\\/wp-content\\\/uploads\\\/2023\\\/04\\\/ralf-200px-logo.jpg\",\"width\":400,\"height\":162,\"caption\":\"wpulitkus\"},\"logo\":{\"@id\":\"https:\\\/\\\/ralf100m.de\\\/wp-content\\\/uploads\\\/2023\\\/04\\\/ralf-200px-logo.jpg\"}}]}<\/script>\n<!-- \/ Yoast SEO plugin. -->","yoast_head_json":{"title":"IH-102 Lohn Compact (Lohn Grundlagen + DATEV Lohn ) | Apenas Ismer - Ralf 100M","robots":{"index":"index","follow":"follow","max-snippet":"max-snippet:-1","max-image-preview":"max-image-preview:large","max-video-preview":"max-video-preview:-1"},"canonical":"https:\/\/ralf100m.de\/pt\/produto\/teoria-compacta-da-folha-de-pagamento-e-calculo-das-folhas-de-pagamento-com-datev\/","og_locale":"pt_PT","og_type":"article","og_title":"IH-102 Lohn Compact (Lohn Grundlagen + DATEV Lohn ) | nur Ismer - Ralf 100M","og_description":"Paket Lohn Compact (Lohn Theorie und Lohnabrechnung mit Datev) &nbsp;","og_url":"https:\/\/ralf100m.de\/pt\/produto\/teoria-compacta-da-folha-de-pagamento-e-calculo-das-folhas-de-pagamento-com-datev\/","og_site_name":"Ralf 100M","article_modified_time":"2025-12-18T10:58:55+00:00","og_image":[{"width":1080,"height":1080,"url":"https:\/\/ralf100m.de\/wp-content\/uploads\/2024\/10\/logo_Compact.png","type":"image\/png"}],"twitter_card":"summary_large_image","twitter_misc":{"Est. reading time":"2 minutos"},"schema":{"@context":"https:\/\/schema.org","@graph":[{"@type":"WebPage","@id":"https:\/\/ralf100m.de\/produkt\/lohn-compact-lohn-theorie-und-lohnabrechnung-mit-datev\/","url":"https:\/\/ralf100m.de\/produkt\/lohn-compact-lohn-theorie-und-lohnabrechnung-mit-datev\/","name":"IH-102 Lohn Compact (Lohn Grundlagen + DATEV Lohn ) | Apenas Ismer - Ralf 100M","isPartOf":{"@id":"https:\/\/ralf100m.de\/#website"},"primaryImageOfPage":{"@id":"https:\/\/ralf100m.de\/produkt\/lohn-compact-lohn-theorie-und-lohnabrechnung-mit-datev\/#primaryimage"},"image":{"@id":"https:\/\/ralf100m.de\/produkt\/lohn-compact-lohn-theorie-und-lohnabrechnung-mit-datev\/#primaryimage"},"thumbnailUrl":"https:\/\/ralf100m.de\/wp-content\/uploads\/2024\/10\/logo_Compact.png","datePublished":"2024-10-14T09:02:31+00:00","dateModified":"2025-12-18T10:58:55+00:00","breadcrumb":{"@id":"https:\/\/ralf100m.de\/produkt\/lohn-compact-lohn-theorie-und-lohnabrechnung-mit-datev\/#breadcrumb"},"inLanguage":"pt-PT","potentialAction":[{"@type":"ReadAction","target":["https:\/\/ralf100m.de\/produkt\/lohn-compact-lohn-theorie-und-lohnabrechnung-mit-datev\/"]}]},{"@type":"ImageObject","inLanguage":"pt-PT","@id":"https:\/\/ralf100m.de\/produkt\/lohn-compact-lohn-theorie-und-lohnabrechnung-mit-datev\/#primaryimage","url":"https:\/\/ralf100m.de\/wp-content\/uploads\/2024\/10\/logo_Compact.png","contentUrl":"https:\/\/ralf100m.de\/wp-content\/uploads\/2024\/10\/logo_Compact.png","width":1080,"height":1080},{"@type":"BreadcrumbList","@id":"https:\/\/ralf100m.de\/produkt\/lohn-compact-lohn-theorie-und-lohnabrechnung-mit-datev\/#breadcrumb","itemListElement":[{"@type":"ListItem","position":1,"name":"Startseite","item":"https:\/\/ralf100m.de\/"},{"@type":"ListItem","position":2,"name":"Shop","item":"https:\/\/ralf100m.de\/shop\/"},{"@type":"ListItem","position":3,"name":"IH-102 Lohn Compact (Lohn Grundlagen + DATEV Lohn ) | nur Ismer"}]},{"@type":"WebSite","@id":"https:\/\/ralf100m.de\/#website","url":"https:\/\/ralf100m.de\/","name":"Ralf 100M","description":"","publisher":{"@id":"https:\/\/ralf100m.de\/#\/schema\/person\/144d88d0c18fb8f5e6bd155752132c23"},"potentialAction":[{"@type":"SearchAction","target":{"@type":"EntryPoint","urlTemplate":"https:\/\/ralf100m.de\/?s={search_term_string}"},"query-input":{"@type":"PropertyValueSpecification","valueRequired":true,"valueName":"search_term_string"}}],"inLanguage":"pt-PT"},{"@type":["Person","Organization"],"@id":"https:\/\/ralf100m.de\/#\/schema\/person\/144d88d0c18fb8f5e6bd155752132c23","name":"wpulitcus","image":{"@type":"ImageObject","inLanguage":"pt-PT","@id":"https:\/\/ralf100m.de\/wp-content\/uploads\/2023\/04\/ralf-200px-logo.jpg","url":"https:\/\/ralf100m.de\/wp-content\/uploads\/2023\/04\/ralf-200px-logo.jpg","contentUrl":"https:\/\/ralf100m.de\/wp-content\/uploads\/2023\/04\/ralf-200px-logo.jpg","width":400,"height":162,"caption":"wpulitkus"},"logo":{"@id":"https:\/\/ralf100m.de\/wp-content\/uploads\/2023\/04\/ralf-200px-logo.jpg"}}]}},"_links":{"self":[{"href":"https:\/\/ralf100m.de\/pt\/wp-json\/wp\/v2\/product\/5645","targetHints":{"allow":["GET"]}}],"collection":[{"href":"https:\/\/ralf100m.de\/pt\/wp-json\/wp\/v2\/product"}],"about":[{"href":"https:\/\/ralf100m.de\/pt\/wp-json\/wp\/v2\/types\/product"}],"wp:featuredmedia":[{"embeddable":true,"href":"https:\/\/ralf100m.de\/pt\/wp-json\/wp\/v2\/media\/5648"}],"wp:attachment":[{"href":"https:\/\/ralf100m.de\/pt\/wp-json\/wp\/v2\/media?parent=5645"}],"wp:term":[{"taxonomy":"product_brand","embeddable":true,"href":"https:\/\/ralf100m.de\/pt\/wp-json\/wp\/v2\/product_brand?post=5645"},{"taxonomy":"product_cat","embeddable":true,"href":"https:\/\/ralf100m.de\/pt\/wp-json\/wp\/v2\/product_cat?post=5645"},{"taxonomy":"product_tag","embeddable":true,"href":"https:\/\/ralf100m.de\/pt\/wp-json\/wp\/v2\/product_tag?post=5645"}],"curies":[{"name":"wp","href":"https:\/\/api.w.org\/{rel}","templated":true}]}}