{"id":3891,"date":"2022-02-06T16:50:23","date_gmt":"2022-02-06T15:50:23","guid":{"rendered":"https:\/\/ralf100m.de\/?page_id=3891"},"modified":"2026-01-07T11:42:12","modified_gmt":"2026-01-07T10:42:12","slug":"%d1%84%d0%b8%d0%bd%d0%b0%d0%bd%d1%81%d0%be%d0%b2%d1%8b%d0%b9-%d1%83%d1%87%d0%b5%d1%82-%d0%be%d0%bd%d0%bb%d0%b0%d0%b9%d0%bd-%d1%81%d1%82%d0%b0%d0%b6%d0%b8%d1%80%d0%be%d0%b2%d0%ba%d0%b0-%d1%81-datev","status":"publish","type":"page","link":"https:\/\/ralf100m.de\/ru\/kurse\/finanzbuchhaltung-online-praktikum-mit-datev\/","title":{"rendered":"\u041e\u043d\u043b\u0430\u0439\u043d-\u0441\u0442\u0430\u0436\u0438\u0440\u043e\u0432\u043a\u0430 \u043f\u043e \u0444\u0438\u043d\u0430\u043d\u0441\u043e\u0432\u043e\u043c\u0443 \u0443\u0447\u0435\u0442\u0443 \u0441 Datev"},"content":{"rendered":"","protected":false},"excerpt":{"rendered":"","protected":false},"author":3,"featured_media":0,"parent":4265,"menu_order":0,"comment_status":"closed","ping_status":"closed","template":"","meta":{"footnotes":""},"class_list":["post-3891","page","type-page","status-publish","hentry"],"yoast_head":"<!-- This site is optimized with the Yoast SEO plugin v27.5 - https:\/\/yoast.com\/product\/yoast-seo-wordpress\/ -->\n<title>Online Praktikum Finanzbuchhaltung mit Datev - Ralf 100M<\/title>\n<meta name=\"description\" content=\"Online Praktikum f\u00fcr den Einstieg in die Finanzbuchf\u00fchrung . Das Praktikum richtet sich an die, die keinen Praktikumsplatz vor Ort finden oder die unabh\u00e4ngig von Ort und Zeit arbeiten wollen.\" \/>\n<meta name=\"robots\" content=\"index, follow, max-snippet:-1, max-image-preview:large, max-video-preview:-1\" \/>\n<link rel=\"canonical\" href=\"https:\/\/ralf100m.de\/ru\/\u043a\u0443\u0440\u0441\u044b\/\u0444\u0438\u043d\u0430\u043d\u0441\u043e\u0432\u044b\u0439-\u0443\u0447\u0435\u0442-\u043e\u043d\u043b\u0430\u0439\u043d-\u0441\u0442\u0430\u0436\u0438\u0440\u043e\u0432\u043a\u0430-\u0441-datev\/\" \/>\n<meta property=\"og:locale\" content=\"ru_RU\" \/>\n<meta property=\"og:type\" content=\"article\" \/>\n<meta property=\"og:title\" content=\"Online Praktikum Finanzbuchhaltung mit Datev - Ralf 100M\" \/>\n<meta property=\"og:description\" content=\"Online Praktikum f\u00fcr den Einstieg in die Finanzbuchf\u00fchrung . Das Praktikum richtet sich an die, die keinen Praktikumsplatz vor Ort finden oder die unabh\u00e4ngig von Ort und Zeit arbeiten wollen.\" \/>\n<meta property=\"og:url\" content=\"https:\/\/ralf100m.de\/ru\/\u043a\u0443\u0440\u0441\u044b\/\u0444\u0438\u043d\u0430\u043d\u0441\u043e\u0432\u044b\u0439-\u0443\u0447\u0435\u0442-\u043e\u043d\u043b\u0430\u0439\u043d-\u0441\u0442\u0430\u0436\u0438\u0440\u043e\u0432\u043a\u0430-\u0441-datev\/\" \/>\n<meta property=\"og:site_name\" content=\"Ralf 100M\" \/>\n<meta property=\"article:modified_time\" content=\"2026-01-07T10:42:12+00:00\" \/>\n<meta name=\"twitter:card\" content=\"summary_large_image\" \/>\n<meta name=\"twitter:label1\" content=\"\u041f\u0440\u0438\u043c\u0435\u0440\u043d\u043e\u0435 \u0432\u0440\u0435\u043c\u044f \u0434\u043b\u044f \u0447\u0442\u0435\u043d\u0438\u044f\" \/>\n\t<meta name=\"twitter:data1\" content=\"13 \u043c\u0438\u043d\u0443\u0442\" \/>\n<script type=\"application\/ld+json\" class=\"yoast-schema-graph\">{\"@context\":\"https:\\\/\\\/schema.org\",\"@graph\":[{\"@type\":\"WebPage\",\"@id\":\"https:\\\/\\\/ralf100m.de\\\/kurse\\\/finanzbuchhaltung-online-praktikum-mit-datev\\\/\",\"url\":\"https:\\\/\\\/ralf100m.de\\\/kurse\\\/finanzbuchhaltung-online-praktikum-mit-datev\\\/\",\"name\":\"Online Praktikum Finanzbuchhaltung mit Datev - Ralf 100M\",\"isPartOf\":{\"@id\":\"https:\\\/\\\/ralf100m.de\\\/#website\"},\"datePublished\":\"2022-02-06T15:50:23+00:00\",\"dateModified\":\"2026-01-07T10:42:12+00:00\",\"description\":\"Online Praktikum f\u00fcr den Einstieg in die Finanzbuchf\u00fchrung . Das Praktikum richtet sich an die, die keinen Praktikumsplatz vor Ort finden oder die unabh\u00e4ngig von Ort und Zeit arbeiten wollen.\",\"breadcrumb\":{\"@id\":\"https:\\\/\\\/ralf100m.de\\\/kurse\\\/finanzbuchhaltung-online-praktikum-mit-datev\\\/#breadcrumb\"},\"inLanguage\":\"ru-RU\",\"potentialAction\":[{\"@type\":\"ReadAction\",\"target\":[\"https:\\\/\\\/ralf100m.de\\\/kurse\\\/finanzbuchhaltung-online-praktikum-mit-datev\\\/\"]}]},{\"@type\":\"BreadcrumbList\",\"@id\":\"https:\\\/\\\/ralf100m.de\\\/kurse\\\/finanzbuchhaltung-online-praktikum-mit-datev\\\/#breadcrumb\",\"itemListElement\":[{\"@type\":\"ListItem\",\"position\":1,\"name\":\"Startseite\",\"item\":\"https:\\\/\\\/ralf100m.de\\\/\"},{\"@type\":\"ListItem\",\"position\":2,\"name\":\"Kurse\",\"item\":\"https:\\\/\\\/ralf100m.de\\\/kurse\\\/\"},{\"@type\":\"ListItem\",\"position\":3,\"name\":\"Online Praktikum Finanzbuchhaltung mit Datev\"}]},{\"@type\":\"WebSite\",\"@id\":\"https:\\\/\\\/ralf100m.de\\\/#website\",\"url\":\"https:\\\/\\\/ralf100m.de\\\/\",\"name\":\"Ralf 100M\",\"description\":\"\",\"publisher\":{\"@id\":\"https:\\\/\\\/ralf100m.de\\\/#\\\/schema\\\/person\\\/144d88d0c18fb8f5e6bd155752132c23\"},\"potentialAction\":[{\"@type\":\"SearchAction\",\"target\":{\"@type\":\"EntryPoint\",\"urlTemplate\":\"https:\\\/\\\/ralf100m.de\\\/?s={search_term_string}\"},\"query-input\":{\"@type\":\"PropertyValueSpecification\",\"valueRequired\":true,\"valueName\":\"search_term_string\"}}],\"inLanguage\":\"ru-RU\"},{\"@type\":[\"Person\",\"Organization\"],\"@id\":\"https:\\\/\\\/ralf100m.de\\\/#\\\/schema\\\/person\\\/144d88d0c18fb8f5e6bd155752132c23\",\"name\":\"wpulitkus\",\"image\":{\"@type\":\"ImageObject\",\"inLanguage\":\"ru-RU\",\"@id\":\"https:\\\/\\\/ralf100m.de\\\/wp-content\\\/uploads\\\/2023\\\/04\\\/ralf-200px-logo.jpg\",\"url\":\"https:\\\/\\\/ralf100m.de\\\/wp-content\\\/uploads\\\/2023\\\/04\\\/ralf-200px-logo.jpg\",\"contentUrl\":\"https:\\\/\\\/ralf100m.de\\\/wp-content\\\/uploads\\\/2023\\\/04\\\/ralf-200px-logo.jpg\",\"width\":400,\"height\":162,\"caption\":\"wpulitkus\"},\"logo\":{\"@id\":\"https:\\\/\\\/ralf100m.de\\\/wp-content\\\/uploads\\\/2023\\\/04\\\/ralf-200px-logo.jpg\"}}]}<\/script>\n<!-- \/ Yoast SEO plugin. -->","yoast_head_json":{"title":"\u041e\u043d\u043b\u0430\u0439\u043d-\u0441\u0442\u0430\u0436\u0438\u0440\u043e\u0432\u043a\u0430 \u043f\u043e \u0444\u0438\u043d\u0430\u043d\u0441\u043e\u0432\u043e\u043c\u0443 \u0443\u0447\u0435\u0442\u0443 \u0441 Datev - Ralf 100M","description":"\u041e\u043d\u043b\u0430\u0439\u043d-\u0441\u0442\u0430\u0436\u0438\u0440\u043e\u0432\u043a\u0430 \u0434\u043b\u044f \u043f\u043e\u0441\u0442\u0443\u043f\u043b\u0435\u043d\u0438\u044f \u043d\u0430 \u0444\u0438\u043d\u0430\u043d\u0441\u043e\u0432\u044b\u0439 \u0443\u0447\u0435\u0442. \u0421\u0442\u0430\u0436\u0438\u0440\u043e\u0432\u043a\u0430 \u043f\u0440\u0435\u0434\u043d\u0430\u0437\u043d\u0430\u0447\u0435\u043d\u0430 \u0434\u043b\u044f \u0442\u0435\u0445, \u043a\u0442\u043e \u043d\u0435 \u043c\u043e\u0436\u0435\u0442 \u043d\u0430\u0439\u0442\u0438 \u0441\u0442\u0430\u0436\u0438\u0440\u043e\u0432\u043a\u0443 \u043d\u0430 \u043c\u0435\u0441\u0442\u0435 \u0438\u043b\u0438 \u0445\u043e\u0447\u0435\u0442 \u0440\u0430\u0431\u043e\u0442\u0430\u0442\u044c \u043d\u0435\u0437\u0430\u0432\u0438\u0441\u0438\u043c\u043e \u043e\u0442 \u0432\u0440\u0435\u043c\u0435\u043d\u0438 \u0438 \u043c\u0435\u0441\u0442\u0430.","robots":{"index":"index","follow":"follow","max-snippet":"max-snippet:-1","max-image-preview":"max-image-preview:large","max-video-preview":"max-video-preview:-1"},"canonical":"https:\/\/ralf100m.de\/ru\/\u043a\u0443\u0440\u0441\u044b\/\u0444\u0438\u043d\u0430\u043d\u0441\u043e\u0432\u044b\u0439-\u0443\u0447\u0435\u0442-\u043e\u043d\u043b\u0430\u0439\u043d-\u0441\u0442\u0430\u0436\u0438\u0440\u043e\u0432\u043a\u0430-\u0441-datev\/","og_locale":"ru_RU","og_type":"article","og_title":"Online Praktikum Finanzbuchhaltung mit Datev - Ralf 100M","og_description":"Online Praktikum f\u00fcr den Einstieg in die Finanzbuchf\u00fchrung . Das Praktikum richtet sich an die, die keinen Praktikumsplatz vor Ort finden oder die unabh\u00e4ngig von Ort und Zeit arbeiten wollen.","og_url":"https:\/\/ralf100m.de\/ru\/\u043a\u0443\u0440\u0441\u044b\/\u0444\u0438\u043d\u0430\u043d\u0441\u043e\u0432\u044b\u0439-\u0443\u0447\u0435\u0442-\u043e\u043d\u043b\u0430\u0439\u043d-\u0441\u0442\u0430\u0436\u0438\u0440\u043e\u0432\u043a\u0430-\u0441-datev\/","og_site_name":"Ralf 100M","article_modified_time":"2026-01-07T10:42:12+00:00","twitter_card":"summary_large_image","twitter_misc":{"\u041f\u0440\u0438\u043c\u0435\u0440\u043d\u043e\u0435 \u0432\u0440\u0435\u043c\u044f \u0434\u043b\u044f \u0447\u0442\u0435\u043d\u0438\u044f":"13 \u043c\u0438\u043d\u0443\u0442"},"schema":{"@context":"https:\/\/schema.org","@graph":[{"@type":"WebPage","@id":"https:\/\/ralf100m.de\/kurse\/finanzbuchhaltung-online-praktikum-mit-datev\/","url":"https:\/\/ralf100m.de\/kurse\/finanzbuchhaltung-online-praktikum-mit-datev\/","name":"\u041e\u043d\u043b\u0430\u0439\u043d-\u0441\u0442\u0430\u0436\u0438\u0440\u043e\u0432\u043a\u0430 \u043f\u043e \u0444\u0438\u043d\u0430\u043d\u0441\u043e\u0432\u043e\u043c\u0443 \u0443\u0447\u0435\u0442\u0443 \u0441 Datev - Ralf 100M","isPartOf":{"@id":"https:\/\/ralf100m.de\/#website"},"datePublished":"2022-02-06T15:50:23+00:00","dateModified":"2026-01-07T10:42:12+00:00","description":"\u041e\u043d\u043b\u0430\u0439\u043d-\u0441\u0442\u0430\u0436\u0438\u0440\u043e\u0432\u043a\u0430 \u0434\u043b\u044f \u043f\u043e\u0441\u0442\u0443\u043f\u043b\u0435\u043d\u0438\u044f \u043d\u0430 \u0444\u0438\u043d\u0430\u043d\u0441\u043e\u0432\u044b\u0439 \u0443\u0447\u0435\u0442. \u0421\u0442\u0430\u0436\u0438\u0440\u043e\u0432\u043a\u0430 \u043f\u0440\u0435\u0434\u043d\u0430\u0437\u043d\u0430\u0447\u0435\u043d\u0430 \u0434\u043b\u044f \u0442\u0435\u0445, \u043a\u0442\u043e \u043d\u0435 \u043c\u043e\u0436\u0435\u0442 \u043d\u0430\u0439\u0442\u0438 \u0441\u0442\u0430\u0436\u0438\u0440\u043e\u0432\u043a\u0443 \u043d\u0430 \u043c\u0435\u0441\u0442\u0435 \u0438\u043b\u0438 \u0445\u043e\u0447\u0435\u0442 \u0440\u0430\u0431\u043e\u0442\u0430\u0442\u044c \u043d\u0435\u0437\u0430\u0432\u0438\u0441\u0438\u043c\u043e \u043e\u0442 \u0432\u0440\u0435\u043c\u0435\u043d\u0438 \u0438 \u043c\u0435\u0441\u0442\u0430.","breadcrumb":{"@id":"https:\/\/ralf100m.de\/kurse\/finanzbuchhaltung-online-praktikum-mit-datev\/#breadcrumb"},"inLanguage":"ru-RU","potentialAction":[{"@type":"ReadAction","target":["https:\/\/ralf100m.de\/kurse\/finanzbuchhaltung-online-praktikum-mit-datev\/"]}]},{"@type":"BreadcrumbList","@id":"https:\/\/ralf100m.de\/kurse\/finanzbuchhaltung-online-praktikum-mit-datev\/#breadcrumb","itemListElement":[{"@type":"ListItem","position":1,"name":"Startseite","item":"https:\/\/ralf100m.de\/"},{"@type":"ListItem","position":2,"name":"Kurse","item":"https:\/\/ralf100m.de\/kurse\/"},{"@type":"ListItem","position":3,"name":"Online Praktikum Finanzbuchhaltung mit Datev"}]},{"@type":"WebSite","@id":"https:\/\/ralf100m.de\/#website","url":"https:\/\/ralf100m.de\/","name":"Ralf 100M","description":"","publisher":{"@id":"https:\/\/ralf100m.de\/#\/schema\/person\/144d88d0c18fb8f5e6bd155752132c23"},"potentialAction":[{"@type":"SearchAction","target":{"@type":"EntryPoint","urlTemplate":"https:\/\/ralf100m.de\/?s={search_term_string}"},"query-input":{"@type":"PropertyValueSpecification","valueRequired":true,"valueName":"search_term_string"}}],"inLanguage":"ru-RU"},{"@type":["Person","Organization"],"@id":"https:\/\/ralf100m.de\/#\/schema\/person\/144d88d0c18fb8f5e6bd155752132c23","name":"wpulitcus","image":{"@type":"ImageObject","inLanguage":"ru-RU","@id":"https:\/\/ralf100m.de\/wp-content\/uploads\/2023\/04\/ralf-200px-logo.jpg","url":"https:\/\/ralf100m.de\/wp-content\/uploads\/2023\/04\/ralf-200px-logo.jpg","contentUrl":"https:\/\/ralf100m.de\/wp-content\/uploads\/2023\/04\/ralf-200px-logo.jpg","width":400,"height":162,"caption":"wpulitkus"},"logo":{"@id":"https:\/\/ralf100m.de\/wp-content\/uploads\/2023\/04\/ralf-200px-logo.jpg"}}]}},"_links":{"self":[{"href":"https:\/\/ralf100m.de\/ru\/wp-json\/wp\/v2\/pages\/3891","targetHints":{"allow":["GET"]}}],"collection":[{"href":"https:\/\/ralf100m.de\/ru\/wp-json\/wp\/v2\/pages"}],"about":[{"href":"https:\/\/ralf100m.de\/ru\/wp-json\/wp\/v2\/types\/page"}],"author":[{"embeddable":true,"href":"https:\/\/ralf100m.de\/ru\/wp-json\/wp\/v2\/users\/3"}],"replies":[{"embeddable":true,"href":"https:\/\/ralf100m.de\/ru\/wp-json\/wp\/v2\/comments?post=3891"}],"version-history":[{"count":1,"href":"https:\/\/ralf100m.de\/ru\/wp-json\/wp\/v2\/pages\/3891\/revisions"}],"predecessor-version":[{"id":6638,"href":"https:\/\/ralf100m.de\/ru\/wp-json\/wp\/v2\/pages\/3891\/revisions\/6638"}],"up":[{"embeddable":true,"href":"https:\/\/ralf100m.de\/ru\/wp-json\/wp\/v2\/pages\/4265"}],"wp:attachment":[{"href":"https:\/\/ralf100m.de\/ru\/wp-json\/wp\/v2\/media?parent=3891"}],"curies":[{"name":"wp","href":"https:\/\/api.w.org\/{rel}","templated":true}]}}