{"id":4250,"date":"2023-03-19T19:00:09","date_gmt":"2023-03-19T18:00:09","guid":{"rendered":"https:\/\/ralf100m.de\/?post_type=product&#038;p=4250"},"modified":"2025-12-18T11:50:02","modified_gmt":"2025-12-18T10:50:02","slug":"5614-3p","status":"publish","type":"product","link":"https:\/\/ralf100m.de\/ru\/%d0%bf%d1%80%d0%be%d0%b4%d1%83%d0%ba%d1%82\/5614-3p\/","title":{"rendered":"TK-5614-3p Fibu 1 &amp; 2 &amp; Datev \u0432 \u0443\u043f\u0430\u043a\u043e\u0432\u043a\u0435 \u0438\u0437 3 \u0448\u0442\u0443\u043a"},"content":{"rendered":"<h4>Fibu 1 + 2 + Datev \u0432 3-\u043f\u0430\u043a\u0435\u0442\u0435 (\u043f\u0440\u043e\u0434\u043e\u043b\u0436\u0438\u0442\u0435\u043b\u044c\u043d\u043e\u0441\u0442\u044c \u043a\u0443\u0440\u0441\u0430 240 \u0434\u043d\u0435\u0439 \u0441 \u043c\u043e\u043c\u0435\u043d\u0442\u0430 \u0440\u0435\u0433\u0438\u0441\u0442\u0440\u0430\u0446\u0438\u0438)<\/h4>\n<p><strong>\u0424\u0438\u0431\u0443 1<\/strong><\/p>\n<ul>\n<li>\u041f\u0440\u0430\u0432\u043e\u0432\u0430\u044f \u043e\u0441\u043d\u043e\u0432\u0430<\/li>\n<li>\u0418\u043d\u0432\u0435\u043d\u0442\u0430\u0440\u0438\u0437\u0430\u0446\u0438\u044f \u0438 \u0431\u0430\u043b\u0430\u043d\u0441<\/li>\n<li>\u0411\u0430\u043b\u0430\u043d\u0441\u043e\u0432\u044b\u0435 \u0441\u0447\u0435\u0442\u0430<\/li>\n<li>\u041e\u0442\u0447\u0435\u0442\u044b \u043e \u043f\u0440\u0438\u0431\u044b\u043b\u044f\u0445 \u0438 \u0443\u0431\u044b\u0442\u043a\u0430\u0445<\/li>\n<li>\u041e\u0440\u0433\u0430\u043d\u0438\u0437\u0430\u0446\u0438\u044f \u0431\u0443\u0445\u0433\u0430\u043b\u0442\u0435\u0440\u0441\u043a\u043e\u0433\u043e \u0443\u0447\u0435\u0442\u0430<\/li>\n<li>\u0421\u0438\u0441\u0442\u0435\u043c\u0430 \u041d\u0414\u0421<\/li>\n<li>\u0427\u0430\u0441\u0442\u043d\u044b\u0435 \u0441\u0447\u0435\u0442\u0430<\/li>\n<li>\u0420\u0430\u0441\u0445\u043e\u0434\u044b, \u043d\u0435 \u043f\u043e\u0434\u043b\u0435\u0436\u0430\u0449\u0438\u0435 \u0432\u044b\u0447\u0435\u0442\u0443\/\u043e\u0433\u0440\u0430\u043d\u0438\u0447\u0435\u043d\u043d\u043e \u0432\u044b\u0447\u0438\u0442\u0430\u0435\u043c\u044b\u0435 \u0420\u0430\u0441\u0445\u043e\u0434\u044b<\/li>\n<li>\u0423\u043f\u0440\u0430\u0436\u043d\u0435\u043d\u0438\u044f<\/li>\n<\/ul>\n<p><strong>Fibu2<\/strong><\/p>\n<ul>\n<li>\u0421\u043f\u0435\u0446\u0438\u0430\u043b\u044c\u043d\u044b\u0435 \u0432\u043e\u0437\u043c\u043e\u0436\u043d\u043e\u0441\u0442\u0438 \u0434\u043b\u044f \u043f\u0440\u043e\u0438\u0437\u0432\u043e\u0434\u0441\u0442\u0432\u0435\u043d\u043d\u044b\u0445 \u043a\u043e\u043c\u043f\u0430\u043d\u0438\u0439<\/li>\n<li>\u041f\u0440\u043e\u0432\u043e\u0434\u043a\u0430 \u043d\u0435\u0437\u0430\u0432\u0435\u0440\u0448\u0435\u043d\u043d\u044b\u0445 \u0438 \u0433\u043e\u0442\u043e\u0432\u044b\u0445 \u0442\u043e\u0432\u0430\u0440\u043e\u0432\/\u0443\u0441\u043b\u0443\u0433<\/li>\n<li>\u0421\u043e\u0434\u0435\u0440\u0436\u0430\u043d\u0438\u0435 \u0433\u043e\u0434\u043e\u0432\u043e\u0439 \u0444\u0438\u043d\u0430\u043d\u0441\u043e\u0432\u043e\u0439 \u043e\u0442\u0447\u0435\u0442\u043d\u043e\u0441\u0442\u0438<\/li>\n<li>\u041f\u0440\u0438\u043d\u0446\u0438\u043f\u044b \u0431\u0443\u0445\u0433\u0430\u043b\u0442\u0435\u0440\u0441\u043a\u043e\u0433\u043e \u0443\u0447\u0435\u0442\u0430<\/li>\n<li>\u0421\u0443\u0449\u0435\u0441\u0442\u0432\u0435\u043d\u043d\u044b\u0435 \u0438 \u0432\u0440\u0435\u043c\u0435\u043d\u043d\u044b\u0435 \u043e\u0442\u0441\u0440\u043e\u0447\u043a\u0438 \u0440\u0430\u0441\u0445\u043e\u0434\u043e\u0432 \u0438 \u0434\u043e\u0445\u043e\u0434\u043e\u0432<\/li>\n<li>\u041d\u0430\u043b\u043e\u0433\u043e\u043e\u0431\u043b\u0430\u0433\u0430\u0435\u043c\u044b\u0435 \u0438 \u043d\u0435\u043e\u0431\u043b\u0430\u0433\u0430\u0435\u043c\u044b\u0435 \u043e\u043f\u0435\u0440\u0430\u0446\u0438\u0438<\/li>\n<li>\u0412\u043e\u0441\u0441\u0442\u0430\u043d\u043e\u0432\u043b\u0435\u043d\u0438\u0435 \u043d\u0430\u043b\u043e\u0433\u043e\u0432\u043e\u0433\u043e \u043e\u0431\u044f\u0437\u0430\u0442\u0435\u043b\u044c\u0441\u0442\u0432\u0430<\/li>\n<li>\u0417\u0430\u0440\u0443\u0431\u0435\u0436\u043d\u044b\u0435 \u0441\u0442\u0440\u0430\u043d\u044b, \u043e\u0431\u043b\u0430\u0433\u0430\u0435\u043c\u044b\u0435 \u041d\u0414\u0421; \u0442\u043e\u0432\u0430\u0440\u043d\u044b\u0435 \u043e\u043f\u0435\u0440\u0430\u0446\u0438\u0438 \u0441 \u043e\u0441\u0442\u0430\u043b\u044c\u043d\u043e\u0439 \u0447\u0430\u0441\u0442\u044c\u044e \u0421\u043e\u043e\u0431\u0449\u0435\u0441\u0442\u0432\u0430 \u0438 \u0442\u0440\u0435\u0442\u044c\u0438\u043c\u0438 \u0441\u0442\u0440\u0430\u043d\u0430\u043c\u0438<\/li>\n<li>\u041f\u043e\u043b\u0443\u0447\u0435\u043d\u043d\u044b\u0435 \u0438 \u043f\u0440\u043e\u0438\u0437\u0432\u0435\u0434\u0435\u043d\u043d\u044b\u0435 \u0430\u0432\u0430\u043d\u0441\u043e\u0432\u044b\u0435 \u043f\u043b\u0430\u0442\u0435\u0436\u0438<\/li>\n<li>\u041f\u0440\u0430\u0432\u0438\u043b\u0430 \u043e\u0446\u0435\u043d\u043a\u0438 \u043e\u0441\u043d\u043e\u0432\u043d\u044b\u0445 \u0438 \u043e\u0431\u043e\u0440\u043e\u0442\u043d\u044b\u0445 \u0441\u0440\u0435\u0434\u0441\u0442\u0432 \u0432 \u0441\u043e\u043e\u0442\u0432\u0435\u0442\u0441\u0442\u0432\u0438\u0438 \u0441 \u043a\u043e\u043c\u043c\u0435\u0440\u0447\u0435\u0441\u043a\u0438\u043c \u0438 \u043d\u0430\u043b\u043e\u0433\u043e\u0432\u044b\u043c \u0437\u0430\u043a\u043e\u043d\u043e\u0434\u0430\u0442\u0435\u043b\u044c\u0441\u0442\u0432\u043e\u043c \/ \u0441\u0442\u0430\u043d\u0434\u0430\u0440\u0442\u044b \u043e\u0446\u0435\u043d\u043a\u0438 \/ \u0438\u0437\u043d\u043e\u0441 \u0438 \u0430\u043c\u043e\u0440\u0442\u0438\u0437\u0430\u0446\u0438\u044f<\/li>\n<li>\u041f\u0435\u0440\u0435\u043d\u043e\u0441 \u043d\u0430\u043b\u043e\u0433\u043e\u0432\u043e\u0439 \u0430\u043c\u043e\u0440\u0442\u0438\u0437\u0430\u0446\u0438\u0438 \/ \u043f\u0440\u043e\u0432\u043e\u0434\u043a\u0438 \u0438 \u0430\u043d\u043d\u0443\u043b\u0438\u0440\u043e\u0432\u0430\u043d\u0438\u0435 \u0441\u0443\u043c\u043c\u044b \u0438\u043d\u0432\u0435\u0441\u0442\u0438\u0446\u0438\u043e\u043d\u043d\u043e\u0433\u043e \u0432\u044b\u0447\u0435\u0442\u0430;<\/li>\n<li>\u041e\u0446\u0435\u043d\u043a\u0430 \u0437\u0430\u043f\u0430\u0441\u043e\u0432 \u0438 \u0434\u0435\u0431\u0438\u0442\u043e\u0440\u0441\u043a\u043e\u0439 \u0437\u0430\u0434\u043e\u043b\u0436\u0435\u043d\u043d\u043e\u0441\u0442\u0438<\/li>\n<li>\u041a\u0430\u043f\u0438\u0442\u0430\u043b, \u043f\u0440\u0438\u0437\u043d\u0430\u043d\u043d\u044b\u0439 \u0432 \u0431\u0430\u043b\u0430\u043d\u0441\u0435<\/li>\n<li>\u0421\u043e\u0437\u0434\u0430\u043d\u0438\u0435 \u0438 \u0432\u043e\u0441\u0441\u0442\u0430\u043d\u043e\u0432\u043b\u0435\u043d\u0438\u0435 \u0440\u0435\u0437\u0435\u0440\u0432\u043e\u0432<\/li>\n<li>\u041e\u0446\u0435\u043d\u043a\u0430 \u043e\u0431\u044f\u0437\u0430\u0442\u0435\u043b\u044c\u0441\u0442\u0432<\/li>\n<li>\u041c\u043d\u043e\u0433\u043e, \u043c\u043d\u043e\u0433\u043e \u0443\u043f\u0440\u0430\u0436\u043d\u0435\u043d\u0438\u0439<\/li>\n<\/ul>\n<p><strong>Datev<\/strong><\/p>\n<ul>\n<li>\u0421\u043e\u0437\u0434\u0430\u043d\u0438\u0435 \u043d\u043e\u0432\u043e\u0433\u043e \u043a\u043b\u0438\u0435\u043d\u0442\u0430 \/ \u043c\u0430\u0441\u0442\u0435\u0440-\u0434\u0430\u043d\u043d\u044b\u0445<\/li>\n<li>\u041e\u0431\u0440\u0430\u0431\u043e\u0442\u043a\u0430 \u0431\u0443\u0445\u0433\u0430\u043b\u0442\u0435\u0440\u0441\u043a\u043e\u0433\u043e \u0443\u0447\u0435\u0442\u0430 \u0432 DATEV Kanzlei-Rechnungswesen<\/li>\n<li>\u0426\u0438\u0444\u0440\u043e\u0432\u044b\u0435 \u043a\u0432\u0438\u0442\u0430\u043d\u0446\u0438\u0438<\/li>\n<li>\u0420\u0435\u0437\u0435\u0440\u0432\u043d\u043e\u0435 \u043a\u043e\u043f\u0438\u0440\u043e\u0432\u0430\u043d\u0438\u0435, \u0438\u043c\u043f\u043e\u0440\u0442 \u0438 \u0443\u0434\u0430\u043b\u0435\u043d\u0438\u0435 \u0443\u0447\u0435\u0442\u043d\u044b\u0445 \u0434\u0430\u043d\u043d\u044b\u0445<\/li>\n<li>\u0410\u043d\u0430\u043b\u0438\u0437 \u0444\u0438\u043d\u0430\u043d\u0441\u043e\u0432\u043e\u0439 \u043e\u0442\u0447\u0435\u0442\u043d\u043e\u0441\u0442\u0438<\/li>\n<li>\u0418\u0442\u043e\u0433\u043e\u0432\u0430\u044f \u0440\u0430\u0431\u043e\u0442\u0430 \/ \u0440\u0443\u0431\u0435\u0436 \u0433\u043e\u0434\u0430<\/li>\n<li>\u041c\u043d\u043e\u0433\u043e, \u043c\u043d\u043e\u0433\u043e \u043f\u0440\u0430\u043a\u0442\u0438\u0447\u0435\u0441\u043a\u0438\u0445 \u0437\u0430\u043d\u044f\u0442\u0438\u0439<\/li>\n<\/ul>\n<p><strong>\u0414\u043b\u044f \u043a\u0443\u0440\u0441\u043e\u0432 Fibu 1 \u0438 2 \u0432\u0430\u043c \u043f\u043e\u0442\u0440\u0435\u0431\u0443\u0435\u0442\u0441\u044f \u043f\u043e \u043e\u0434\u043d\u043e\u043c\u0443 \u0443\u0447\u0435\u0431\u043d\u0438\u043a\u0443.<\/strong>\u0447\u0442\u043e <strong>\u0412\u044b \u043d\u0435 \u0440\u0430\u0431\u043e\u0442\u0430\u0435\u0442\u0435 \u0441 \u043d\u0430\u043c\u0438 \u043d\u0430\u043f\u0440\u044f\u043c\u0443\u044e<\/strong> \u043c\u043e\u0436\u0435\u0442 \u043f\u0440\u0438\u043e\u0431\u0440\u0435\u0441\u0442\u0438.<\/p>\n<p>\u0424\u0438\u043d\u0430\u043d\u0441\u043e\u0432\u044b\u0439 \u0443\u0447\u0435\u0442 1 \u0423\u0447\u0435\u0431\u043d\u0438\u043a \u0415\u0432\u044b-\u0412\u0435\u0440\u0435\u043d\u044b \u042d\u0440\u043d\u0430\u043d\u0434\u0435\u0441<br \/>\n978-386718-500-4 (ISBN)<\/p>\n<p>\u043a\u043e\u0442\u043e\u0440\u044b\u0435 \u0432\u044b \u043c\u043e\u0436\u0435\u0442\u0435 \u0437\u0430\u043a\u0430\u0437\u0430\u0442\u044c \u043d\u0435\u043f\u043e\u0441\u0440\u0435\u0434\u0441\u0442\u0432\u0435\u043d\u043d\u043e \u0432 Edumedia Verlag (\u0438\u043d\u043e\u0433\u0434\u0430 \u0432\u0440\u0435\u043c\u044f \u043e\u0436\u0438\u0434\u0430\u043d\u0438\u044f \u0443\u0432\u0435\u043b\u0438\u0447\u0438\u0432\u0430\u0435\u0442\u0441\u044f)<\/p>\n<p>https:\/\/www.edumedia.de\/shop\/thema.html?gruppe=1&thema=1#content<\/p>\n<p>\u0418\u043b\u0438 \u043d\u0430 Amazon<\/p>\n<div class=\"brlbs-cmpnt-container brlbs-cmpnt-content-blocker brlbs-cmpnt-with-individual-styles\" data-borlabs-cookie-content-blocker-id=\"default\" data-borlabs-cookie-content=\"PGlmcmFtZSB0aXRsZT0iRmluYW56YnVjaGbDvGhydW5nIDEiIHR5cGU9InRleHQvaHRtbCIgd2lkdGg9IjUwMCIgaGVpZ2h0PSI1NTAiIGZyYW1lYm9yZGVyPSIwIiBhbGxvd2Z1bGxzY3JlZW4gc3R5bGU9Im1heC13aWR0aDoxMDAlIiBzcmM9Imh0dHBzOi8vbGVzZW4uYW1hem9uLmRlL2twL2NhcmQ\/cHJldmlldz1pbmxpbmUmbGlua0NvZGU9a3BkJnJlZl89azR3X29lbWJlZF9iUURFVmc5dFZFYlpnNyZhc2luPTM4NjcxODUwMFgmdGFnPWtwZW1iZWQtMjAiPjwvaWZyYW1lPg==\">\n<div class=\"brlbs-cmpnt-cb-preset-a\">\n<p class=\"brlbs-cmpnt-cb-description\">\u0412 \u0434\u0430\u043d\u043d\u044b\u0439 \u043c\u043e\u043c\u0435\u043d\u0442 \u0432\u044b \u043f\u0440\u043e\u0441\u043c\u0430\u0442\u0440\u0438\u0432\u0430\u0435\u0442\u0435 \u0441\u043e\u0434\u0435\u0440\u0436\u0438\u043c\u043e\u0435 \u0432\u0441\u0442\u0430\u0432\u043a\u0438 \u0438\u0437 <strong>\u041f\u043e \u0443\u043c\u043e\u043b\u0447\u0430\u043d\u0438\u044e<\/strong>. \u0427\u0442\u043e\u0431\u044b \u043f\u043e\u043b\u0443\u0447\u0438\u0442\u044c \u0434\u043e\u0441\u0442\u0443\u043f \u043a \u0444\u0430\u043a\u0442\u0438\u0447\u0435\u0441\u043a\u043e\u043c\u0443 \u0441\u043e\u0434\u0435\u0440\u0436\u0430\u043d\u0438\u044e, \u043d\u0430\u0436\u043c\u0438\u0442\u0435 \u043d\u0430 \u043a\u043d\u043e\u043f\u043a\u0443 \u043d\u0438\u0436\u0435. \u041e\u0431\u0440\u0430\u0442\u0438\u0442\u0435 \u0432\u043d\u0438\u043c\u0430\u043d\u0438\u0435, \u0447\u0442\u043e \u043f\u0440\u0438 \u044d\u0442\u043e\u043c \u0434\u0430\u043d\u043d\u044b\u0435 \u0431\u0443\u0434\u0443\u0442 \u043f\u0435\u0440\u0435\u0434\u0430\u043d\u044b \u0441\u0442\u043e\u0440\u043e\u043d\u043d\u0438\u043c \u043f\u0440\u043e\u0432\u0430\u0439\u0434\u0435\u0440\u0430\u043c.<\/p>\n<div class=\"brlbs-cmpnt-cb-buttons\"> <a class=\"brlbs-cmpnt-cb-btn\" href=\"#\" data-borlabs-cookie-unblock role=\"button\">\u0420\u0430\u0437\u0431\u043b\u043e\u043a\u0438\u0440\u043e\u0432\u0430\u0442\u044c \u0441\u043e\u0434\u0435\u0440\u0436\u0438\u043c\u043e\u0435<\/a> <a class=\"brlbs-cmpnt-cb-btn\" href=\"#\" data-borlabs-cookie-accept-service role=\"button\" style=\"display: none\">\u041f\u0440\u0438\u043c\u0438\u0442\u0435 \u0442\u0440\u0435\u0431\u0443\u0435\u043c\u0443\u044e \u0443\u0441\u043b\u0443\u0433\u0443 \u0438 \u0440\u0430\u0437\u0431\u043b\u043e\u043a\u0438\u0440\u0443\u0439\u0442\u0435 \u043a\u043e\u043d\u0442\u0435\u043d\u0442<\/a> <\/div>\n<p> <a class=\"brlbs-cmpnt-cb-provider-toggle\" href=\"#\" data-borlabs-cookie-show-provider-information role=\"button\">\u0414\u043e\u043f\u043e\u043b\u043d\u0438\u0442\u0435\u043b\u044c\u043d\u0430\u044f \u0438\u043d\u0444\u043e\u0440\u043c\u0430\u0446\u0438\u044f<\/a> <\/div>\n<\/div>\n<p>\u0438\u043b\u0438 Lehmanns<\/p>\n<p>https:\/\/www.lehmanns.de\/shop\/wirtschaft\/7907233-9783867185004-finanzbuchfuehrung-1<\/p>\n<p>analaog Fibu 2 978-386718-501-1 (ISBN)<\/p>\n<p>\u0414\u043b\u044f \u043a\u0443\u0440\u0441\u043e\u0432 Datev \u0438 Lexware, \u0430 \u0442\u0430\u043a\u0436\u0435 \u0434\u043b\u044f \u043f\u0440\u0430\u043a\u0442\u0438\u0447\u0435\u0441\u043a\u043e\u0433\u043e \u043a\u0443\u0440\u0441\u0430 \u043f\u043e \u0431\u0443\u0445\u0433\u0430\u043b\u0442\u0435\u0440\u0441\u043a\u043e\u043c\u0443 \u0443\u0447\u0435\u0442\u0443 \u0434\u043e\u043f\u043e\u043b\u043d\u0438\u0442\u0435\u043b\u044c\u043d\u044b\u0435 \u043a\u043d\u0438\u0433\u0438 \u043d\u0435 \u0442\u0440\u0435\u0431\u0443\u044e\u0442\u0441\u044f. \u0412\u0441\u0435 \u0434\u043e\u043a\u0443\u043c\u0435\u043d\u0442\u044b \u043f\u0440\u0435\u0434\u043e\u0441\u0442\u0430\u0432\u043b\u044f\u044e\u0442\u0441\u044f \u0432 \u0440\u0430\u043c\u043a\u0430\u0445 \u043a\u0443\u0440\u0441\u0430.<\/p>\n<p>&nbsp;<\/p>\n<p>\u0412\u044b \u043d\u0430\u0439\u0434\u0435\u0442\u0435 \u0442\u0440\u0435\u0431\u043e\u0432\u0430\u043d\u0438\u044f \u0434\u043b\u044f \u0441\u043d\u0438\u0436\u0435\u043d\u0438\u044f \u0446\u0435\u043d\u044b \u043a\u0443\u0440\u0441\u0430\u00a0<a href=\"https:\/\/tinyurl.com\/y7wbb46p\"><strong>\u0437\u0434\u0435\u0441\u044c<\/strong><\/a>.<br \/>\n\u0421\u043a\u0438\u0434\u043a\u0438 \u043c\u043e\u0436\u043d\u043e \u043f\u043e\u043b\u0443\u0447\u0438\u0442\u044c \u0442\u043e\u043b\u044c\u043a\u043e \u043d\u0435\u043f\u043e\u0441\u0440\u0435\u0434\u0441\u0442\u0432\u0435\u043d\u043d\u043e \u0432 VHS \u0447\u0435\u0440\u0435\u0437\u00a0<a href=\"http:\/\/ralf100m.de\/ru\/Kursanmeldung%20%2B%20Datenschutz.pdf\/\" target=\"_blank\" rel=\"noopener\"><strong>\u0424\u043e\u0440\u043c\u0430<\/strong><\/a>\u00a0\u043c\u043e\u0433\u0443\u0442 \u0431\u044b\u0442\u044c \u0437\u0430\u0431\u0440\u043e\u043d\u0438\u0440\u043e\u0432\u0430\u043d\u044b.<\/p>\n<p>\u041f\u043e\u0436\u0430\u043b\u0443\u0439\u0441\u0442\u0430, \u0437\u0430\u043f\u043e\u043b\u043d\u0438\u0442\u0435 \u0438 \u043e\u0442\u043f\u0440\u0430\u0432\u044c\u0442\u0435 \u043f\u043e \u0430\u0434\u0440\u0435\u0441\u0443 anmeldung@vhstk.de \/ \u043e\u0442\u043f\u0440\u0430\u0432\u044c\u0442\u0435 \u043a\u043e\u043f\u0438\u044e \u043c\u043d\u0435 (info@ralf100m.de).<\/p>","protected":false},"excerpt":{"rendered":"<p>Fibu 1 + 2 + Datev im 3-er Pack (Kurslaufzeit 240 Tage ab Anmeldung) Fibu 1 Gesetzliche Grundlagen Inventar und Bilanz Bestandskonten Erfolgskonten Buchf\u00fchrungsorganisation Umsatzsteuersystematik Privatkonten Nicht abzugsf\u00e4hige\/ beschr\u00e4nkt abzugsf. Kosten \u00dcbungen Fibu2 Besonderheiten bei Produktionsbetrieben Buchen unfertiger und fertiger Erzeugnisse\/Leistungen Inhalte des Jahresabschlusses Bilanzierungsgrunds\u00e4tze Sachliche und zeitliche Abgrenzungen von Aufwendungen und Ertr\u00e4gen Steuerpflichtige und steuerfreie Ums\u00e4tze Umkehr der Steuerschuldnerschaft Umsatzsteuerrechtliches Ausland; Warengesch\u00e4fte mit dem \u00fcbrigen Gemeinschaftsgebiet und dem Drittlandsgebiet Erhaltene und geleistete Anzahlungen Handels- und steuerrechtliche Bewertungsvorschriften des Anlage- [&hellip;]<\/p>","protected":false},"featured_media":4195,"template":"","meta":[],"product_brand":[],"product_cat":[37],"product_tag":[],"class_list":{"0":"post-4250","1":"product","2":"type-product","3":"status-publish","4":"has-post-thumbnail","6":"product_cat-vhs-online-kurse","8":"first","9":"instock","10":"virtual","11":"taxable","12":"purchasable","13":"product-type-simple"},"yoast_head":"<!-- This site is optimized with the Yoast SEO plugin v27.4 - https:\/\/yoast.com\/product\/yoast-seo-wordpress\/ -->\n<title>TK-5614-3p Fibu 1 &amp; 2 &amp; Datev im 3- er Pack - Ralf 100M<\/title>\n<meta name=\"robots\" content=\"index, follow, max-snippet:-1, max-image-preview:large, max-video-preview:-1\" \/>\n<link rel=\"canonical\" href=\"https:\/\/ralf100m.de\/ru\/\u043f\u0440\u043e\u0434\u0443\u043a\u0442\/5614-3p\/\" \/>\n<meta property=\"og:locale\" content=\"ru_RU\" \/>\n<meta property=\"og:type\" content=\"article\" \/>\n<meta property=\"og:title\" content=\"TK-5614-3p Fibu 1 &amp; 2 &amp; Datev im 3- er Pack - Ralf 100M\" \/>\n<meta property=\"og:description\" content=\"Fibu 1 + 2 + Datev im 3-er Pack (Kurslaufzeit 240 Tage ab Anmeldung) Fibu 1 Gesetzliche Grundlagen Inventar und Bilanz Bestandskonten Erfolgskonten Buchf\u00fchrungsorganisation Umsatzsteuersystematik Privatkonten Nicht abzugsf\u00e4hige\/ beschr\u00e4nkt abzugsf. Kosten \u00dcbungen Fibu2 Besonderheiten bei Produktionsbetrieben Buchen unfertiger und fertiger Erzeugnisse\/Leistungen Inhalte des Jahresabschlusses Bilanzierungsgrunds\u00e4tze Sachliche und zeitliche Abgrenzungen von Aufwendungen und Ertr\u00e4gen Steuerpflichtige und steuerfreie Ums\u00e4tze Umkehr der Steuerschuldnerschaft Umsatzsteuerrechtliches Ausland; Warengesch\u00e4fte mit dem \u00fcbrigen Gemeinschaftsgebiet und dem Drittlandsgebiet Erhaltene und geleistete Anzahlungen Handels- und steuerrechtliche Bewertungsvorschriften des Anlage- [&hellip;]\" \/>\n<meta property=\"og:url\" content=\"https:\/\/ralf100m.de\/ru\/\u043f\u0440\u043e\u0434\u0443\u043a\u0442\/5614-3p\/\" \/>\n<meta property=\"og:site_name\" content=\"Ralf 100M\" \/>\n<meta property=\"article:modified_time\" content=\"2025-12-18T10:50:02+00:00\" \/>\n<meta property=\"og:image\" content=\"https:\/\/ralf100m.de\/wp-content\/uploads\/2023\/03\/FiBu-12Datev.png\" \/>\n\t<meta property=\"og:image:width\" content=\"1300\" \/>\n\t<meta property=\"og:image:height\" content=\"1290\" \/>\n\t<meta property=\"og:image:type\" content=\"image\/png\" \/>\n<meta name=\"twitter:card\" content=\"summary_large_image\" \/>\n<meta name=\"twitter:label1\" content=\"\u041f\u0440\u0438\u043c\u0435\u0440\u043d\u043e\u0435 \u0432\u0440\u0435\u043c\u044f \u0434\u043b\u044f \u0447\u0442\u0435\u043d\u0438\u044f\" \/>\n\t<meta name=\"twitter:data1\" content=\"2 \u043c\u0438\u043d\u0443\u0442\u044b\" \/>\n<script type=\"application\/ld+json\" class=\"yoast-schema-graph\">{\"@context\":\"https:\\\/\\\/schema.org\",\"@graph\":[{\"@type\":\"WebPage\",\"@id\":\"https:\\\/\\\/ralf100m.de\\\/produkt\\\/5614-3p\\\/\",\"url\":\"https:\\\/\\\/ralf100m.de\\\/produkt\\\/5614-3p\\\/\",\"name\":\"TK-5614-3p Fibu 1 & 2 & Datev im 3- er Pack - Ralf 100M\",\"isPartOf\":{\"@id\":\"https:\\\/\\\/ralf100m.de\\\/#website\"},\"primaryImageOfPage\":{\"@id\":\"https:\\\/\\\/ralf100m.de\\\/produkt\\\/5614-3p\\\/#primaryimage\"},\"image\":{\"@id\":\"https:\\\/\\\/ralf100m.de\\\/produkt\\\/5614-3p\\\/#primaryimage\"},\"thumbnailUrl\":\"https:\\\/\\\/ralf100m.de\\\/wp-content\\\/uploads\\\/2023\\\/03\\\/FiBu-12Datev.png\",\"datePublished\":\"2023-03-19T18:00:09+00:00\",\"dateModified\":\"2025-12-18T10:50:02+00:00\",\"breadcrumb\":{\"@id\":\"https:\\\/\\\/ralf100m.de\\\/produkt\\\/5614-3p\\\/#breadcrumb\"},\"inLanguage\":\"ru-RU\",\"potentialAction\":[{\"@type\":\"ReadAction\",\"target\":[\"https:\\\/\\\/ralf100m.de\\\/produkt\\\/5614-3p\\\/\"]}]},{\"@type\":\"ImageObject\",\"inLanguage\":\"ru-RU\",\"@id\":\"https:\\\/\\\/ralf100m.de\\\/produkt\\\/5614-3p\\\/#primaryimage\",\"url\":\"https:\\\/\\\/ralf100m.de\\\/wp-content\\\/uploads\\\/2023\\\/03\\\/FiBu-12Datev.png\",\"contentUrl\":\"https:\\\/\\\/ralf100m.de\\\/wp-content\\\/uploads\\\/2023\\\/03\\\/FiBu-12Datev.png\",\"width\":1300,\"height\":1290},{\"@type\":\"BreadcrumbList\",\"@id\":\"https:\\\/\\\/ralf100m.de\\\/produkt\\\/5614-3p\\\/#breadcrumb\",\"itemListElement\":[{\"@type\":\"ListItem\",\"position\":1,\"name\":\"Startseite\",\"item\":\"https:\\\/\\\/ralf100m.de\\\/\"},{\"@type\":\"ListItem\",\"position\":2,\"name\":\"Shop\",\"item\":\"https:\\\/\\\/ralf100m.de\\\/shop\\\/\"},{\"@type\":\"ListItem\",\"position\":3,\"name\":\"TK-5614-3p Fibu 1 &#038; 2 &#038; Datev im 3- er Pack\"}]},{\"@type\":\"WebSite\",\"@id\":\"https:\\\/\\\/ralf100m.de\\\/#website\",\"url\":\"https:\\\/\\\/ralf100m.de\\\/\",\"name\":\"Ralf 100M\",\"description\":\"\",\"publisher\":{\"@id\":\"https:\\\/\\\/ralf100m.de\\\/#\\\/schema\\\/person\\\/144d88d0c18fb8f5e6bd155752132c23\"},\"potentialAction\":[{\"@type\":\"SearchAction\",\"target\":{\"@type\":\"EntryPoint\",\"urlTemplate\":\"https:\\\/\\\/ralf100m.de\\\/?s={search_term_string}\"},\"query-input\":{\"@type\":\"PropertyValueSpecification\",\"valueRequired\":true,\"valueName\":\"search_term_string\"}}],\"inLanguage\":\"ru-RU\"},{\"@type\":[\"Person\",\"Organization\"],\"@id\":\"https:\\\/\\\/ralf100m.de\\\/#\\\/schema\\\/person\\\/144d88d0c18fb8f5e6bd155752132c23\",\"name\":\"wpulitkus\",\"image\":{\"@type\":\"ImageObject\",\"inLanguage\":\"ru-RU\",\"@id\":\"https:\\\/\\\/ralf100m.de\\\/wp-content\\\/uploads\\\/2023\\\/04\\\/ralf-200px-logo.jpg\",\"url\":\"https:\\\/\\\/ralf100m.de\\\/wp-content\\\/uploads\\\/2023\\\/04\\\/ralf-200px-logo.jpg\",\"contentUrl\":\"https:\\\/\\\/ralf100m.de\\\/wp-content\\\/uploads\\\/2023\\\/04\\\/ralf-200px-logo.jpg\",\"width\":400,\"height\":162,\"caption\":\"wpulitkus\"},\"logo\":{\"@id\":\"https:\\\/\\\/ralf100m.de\\\/wp-content\\\/uploads\\\/2023\\\/04\\\/ralf-200px-logo.jpg\"}}]}<\/script>\n<!-- \/ Yoast SEO plugin. -->","yoast_head_json":{"title":"TK-5614-3p Fibu 1 &amp; 2 &amp; Datev \u0432 3 \u0443\u043f\u0430\u043a\u043e\u0432\u043a\u0430\u0445 - Ralf 100M","robots":{"index":"index","follow":"follow","max-snippet":"max-snippet:-1","max-image-preview":"max-image-preview:large","max-video-preview":"max-video-preview:-1"},"canonical":"https:\/\/ralf100m.de\/ru\/\u043f\u0440\u043e\u0434\u0443\u043a\u0442\/5614-3p\/","og_locale":"ru_RU","og_type":"article","og_title":"TK-5614-3p Fibu 1 & 2 & Datev im 3- er Pack - Ralf 100M","og_description":"Fibu 1 + 2 + Datev im 3-er Pack (Kurslaufzeit 240 Tage ab Anmeldung) Fibu 1 Gesetzliche Grundlagen Inventar und Bilanz Bestandskonten Erfolgskonten Buchf\u00fchrungsorganisation Umsatzsteuersystematik Privatkonten Nicht abzugsf\u00e4hige\/ beschr\u00e4nkt abzugsf. Kosten \u00dcbungen Fibu2 Besonderheiten bei Produktionsbetrieben Buchen unfertiger und fertiger Erzeugnisse\/Leistungen Inhalte des Jahresabschlusses Bilanzierungsgrunds\u00e4tze Sachliche und zeitliche Abgrenzungen von Aufwendungen und Ertr\u00e4gen Steuerpflichtige und steuerfreie Ums\u00e4tze Umkehr der Steuerschuldnerschaft Umsatzsteuerrechtliches Ausland; Warengesch\u00e4fte mit dem \u00fcbrigen Gemeinschaftsgebiet und dem Drittlandsgebiet Erhaltene und geleistete Anzahlungen Handels- und steuerrechtliche Bewertungsvorschriften des Anlage- [&hellip;]","og_url":"https:\/\/ralf100m.de\/ru\/\u043f\u0440\u043e\u0434\u0443\u043a\u0442\/5614-3p\/","og_site_name":"Ralf 100M","article_modified_time":"2025-12-18T10:50:02+00:00","og_image":[{"width":1300,"height":1290,"url":"https:\/\/ralf100m.de\/wp-content\/uploads\/2023\/03\/FiBu-12Datev.png","type":"image\/png"}],"twitter_card":"summary_large_image","twitter_misc":{"\u041f\u0440\u0438\u043c\u0435\u0440\u043d\u043e\u0435 \u0432\u0440\u0435\u043c\u044f \u0434\u043b\u044f \u0447\u0442\u0435\u043d\u0438\u044f":"2 \u043c\u0438\u043d\u0443\u0442\u044b"},"schema":{"@context":"https:\/\/schema.org","@graph":[{"@type":"WebPage","@id":"https:\/\/ralf100m.de\/produkt\/5614-3p\/","url":"https:\/\/ralf100m.de\/produkt\/5614-3p\/","name":"TK-5614-3p Fibu 1 &amp; 2 &amp; Datev \u0432 3 \u0443\u043f\u0430\u043a\u043e\u0432\u043a\u0430\u0445 - Ralf 100M","isPartOf":{"@id":"https:\/\/ralf100m.de\/#website"},"primaryImageOfPage":{"@id":"https:\/\/ralf100m.de\/produkt\/5614-3p\/#primaryimage"},"image":{"@id":"https:\/\/ralf100m.de\/produkt\/5614-3p\/#primaryimage"},"thumbnailUrl":"https:\/\/ralf100m.de\/wp-content\/uploads\/2023\/03\/FiBu-12Datev.png","datePublished":"2023-03-19T18:00:09+00:00","dateModified":"2025-12-18T10:50:02+00:00","breadcrumb":{"@id":"https:\/\/ralf100m.de\/produkt\/5614-3p\/#breadcrumb"},"inLanguage":"ru-RU","potentialAction":[{"@type":"ReadAction","target":["https:\/\/ralf100m.de\/produkt\/5614-3p\/"]}]},{"@type":"ImageObject","inLanguage":"ru-RU","@id":"https:\/\/ralf100m.de\/produkt\/5614-3p\/#primaryimage","url":"https:\/\/ralf100m.de\/wp-content\/uploads\/2023\/03\/FiBu-12Datev.png","contentUrl":"https:\/\/ralf100m.de\/wp-content\/uploads\/2023\/03\/FiBu-12Datev.png","width":1300,"height":1290},{"@type":"BreadcrumbList","@id":"https:\/\/ralf100m.de\/produkt\/5614-3p\/#breadcrumb","itemListElement":[{"@type":"ListItem","position":1,"name":"Startseite","item":"https:\/\/ralf100m.de\/"},{"@type":"ListItem","position":2,"name":"Shop","item":"https:\/\/ralf100m.de\/shop\/"},{"@type":"ListItem","position":3,"name":"TK-5614-3p Fibu 1 &#038; 2 &#038; Datev im 3- er Pack"}]},{"@type":"WebSite","@id":"https:\/\/ralf100m.de\/#website","url":"https:\/\/ralf100m.de\/","name":"Ralf 100M","description":"","publisher":{"@id":"https:\/\/ralf100m.de\/#\/schema\/person\/144d88d0c18fb8f5e6bd155752132c23"},"potentialAction":[{"@type":"SearchAction","target":{"@type":"EntryPoint","urlTemplate":"https:\/\/ralf100m.de\/?s={search_term_string}"},"query-input":{"@type":"PropertyValueSpecification","valueRequired":true,"valueName":"search_term_string"}}],"inLanguage":"ru-RU"},{"@type":["Person","Organization"],"@id":"https:\/\/ralf100m.de\/#\/schema\/person\/144d88d0c18fb8f5e6bd155752132c23","name":"wpulitcus","image":{"@type":"ImageObject","inLanguage":"ru-RU","@id":"https:\/\/ralf100m.de\/wp-content\/uploads\/2023\/04\/ralf-200px-logo.jpg","url":"https:\/\/ralf100m.de\/wp-content\/uploads\/2023\/04\/ralf-200px-logo.jpg","contentUrl":"https:\/\/ralf100m.de\/wp-content\/uploads\/2023\/04\/ralf-200px-logo.jpg","width":400,"height":162,"caption":"wpulitkus"},"logo":{"@id":"https:\/\/ralf100m.de\/wp-content\/uploads\/2023\/04\/ralf-200px-logo.jpg"}}]}},"_links":{"self":[{"href":"https:\/\/ralf100m.de\/ru\/wp-json\/wp\/v2\/product\/4250","targetHints":{"allow":["GET"]}}],"collection":[{"href":"https:\/\/ralf100m.de\/ru\/wp-json\/wp\/v2\/product"}],"about":[{"href":"https:\/\/ralf100m.de\/ru\/wp-json\/wp\/v2\/types\/product"}],"wp:featuredmedia":[{"embeddable":true,"href":"https:\/\/ralf100m.de\/ru\/wp-json\/wp\/v2\/media\/4195"}],"wp:attachment":[{"href":"https:\/\/ralf100m.de\/ru\/wp-json\/wp\/v2\/media?parent=4250"}],"wp:term":[{"taxonomy":"product_brand","embeddable":true,"href":"https:\/\/ralf100m.de\/ru\/wp-json\/wp\/v2\/product_brand?post=4250"},{"taxonomy":"product_cat","embeddable":true,"href":"https:\/\/ralf100m.de\/ru\/wp-json\/wp\/v2\/product_cat?post=4250"},{"taxonomy":"product_tag","embeddable":true,"href":"https:\/\/ralf100m.de\/ru\/wp-json\/wp\/v2\/product_tag?post=4250"}],"curies":[{"name":"wp","href":"https:\/\/api.w.org\/{rel}","templated":true}]}}