{"id":4464,"date":"2023-06-07T14:14:02","date_gmt":"2023-06-07T12:14:02","guid":{"rendered":"https:\/\/ralf100m.de\/?post_type=product&#038;p=4464"},"modified":"2026-01-03T22:23:21","modified_gmt":"2026-01-03T21:23:21","slug":"%d0%bf%d1%80%d0%be%d0%b4%d0%bb%d0%b5%d0%bd%d0%b8%d0%b5-%d0%ba%d1%83%d1%80%d1%81%d0%b0-3","status":"publish","type":"product","link":"https:\/\/ralf100m.de\/ru\/%d0%bf%d1%80%d0%be%d0%b4%d1%83%d0%ba%d1%82\/%d0%bf%d1%80%d0%be%d0%b4%d0%bb%d0%b5%d0%bd%d0%b8%d0%b5-%d0%ba%d1%83%d1%80%d1%81%d0%b0-3\/","title":{"rendered":"\u041f\u0440\u043e\u0434\u043b\u0435\u043d\u0438\u0435 \u043a\u0443\u0440\u0441\u0430"},"content":{"rendered":"<h4>\u041f\u0440\u043e\u0434\u043b\u0435\u043d\u0438\u0435 \u043a\u0443\u0440\u0441\u0430<\/h4>\n<p id=\"yui_3_17_2_1_1686140404331_975\">\u0414\u043e <strong>\u043d\u0435 \u043f\u043e\u0437\u0434\u043d\u0435\u0435, \u0447\u0435\u043c \u0437\u0430 14 \u0434\u043d\u0435\u0439 \u0434\u043e \u0438\u0441\u0442\u0435\u0447\u0435\u043d\u0438\u044f \u0441\u0440\u043e\u043a\u0430 \u0434\u0435\u0439\u0441\u0442\u0432\u0438\u044f<\/strong> \u043a\u0443\u0440\u0441 \u043c\u043e\u0436\u0435\u0442 \u0431\u044b\u0442\u044c \u043f\u0440\u043e\u0434\u043b\u0435\u043d \u0437\u0430 \u0434\u043e\u043f\u043e\u043b\u043d\u0438\u0442\u0435\u043b\u044c\u043d\u0443\u044e \u043f\u043b\u0430\u0442\u0443. <strong>a<\/strong>e<strong>n<\/strong> <strong>\u043c\u0435\u0441\u044f\u0446<\/strong> \u0434\u043b\u044f \u0434\u0430\u043b\u044c\u043d\u0435\u0439\u0448\u0435\u0433\u043e <strong>30 \u0434\u043d\u0435\u0439<\/strong> \u0431\u044b\u0442\u044c \u043f\u0440\u043e\u0434\u043b\u0435\u043d.<\/p>\n<p>\u0420\u0430\u0441\u0448\u0438\u0440\u0435\u043d\u0438\u0435 \u043c\u043e\u0436\u0435\u0442 \u0431\u044b\u0442\u044c <strong>\u0442\u0430\u043a \u0447\u0430\u0441\u0442\u043e, \u043a\u0430\u043a \u0432\u0430\u043c \u043d\u0440\u0430\u0432\u0438\u0442\u0441\u044f<\/strong>\u00a0 \u043a\u043d\u0438\u0433\u0430.<\/p>","protected":false},"excerpt":{"rendered":"<h4>\u041f\u0440\u043e\u0434\u043b\u0435\u043d\u0438\u0435 \u043a\u0443\u0440\u0441\u0430<\/h4>\n<p>\u0412\u044b\u0431\u0435\u0440\u0438\u0442\u0435 \u0441\u0432\u043e\u0439 \u043a\u0443\u0440\u0441 \u0434\u043b\u044f \u043f\u0440\u043e\u0434\u043b\u0435\u043d\u0438\u044f.<\/p>","protected":false},"featured_media":0,"template":"","meta":[],"product_brand":[],"product_cat":[37],"product_tag":[],"class_list":{"0":"post-4464","1":"product","2":"type-product","3":"status-publish","5":"product_cat-vhs-online-kurse","7":"first","8":"instock","9":"taxable","10":"shipping-taxable","11":"purchasable","12":"product-type-variable"},"yoast_head":"<!-- This site is optimized with the Yoast SEO plugin v27.4 - https:\/\/yoast.com\/product\/yoast-seo-wordpress\/ -->\n<title>Kursverl\u00e4ngerungen - Ralf 100M<\/title>\n<meta name=\"robots\" content=\"index, follow, max-snippet:-1, max-image-preview:large, max-video-preview:-1\" \/>\n<link rel=\"canonical\" href=\"https:\/\/ralf100m.de\/ru\/\u043f\u0440\u043e\u0434\u0443\u043a\u0442\/\u043f\u0440\u043e\u0434\u043b\u0435\u043d\u0438\u0435-\u043a\u0443\u0440\u0441\u0430-3\/\" \/>\n<meta property=\"og:locale\" content=\"ru_RU\" \/>\n<meta property=\"og:type\" content=\"article\" \/>\n<meta property=\"og:title\" content=\"Kursverl\u00e4ngerungen - Ralf 100M\" \/>\n<meta property=\"og:description\" content=\"Kursverl\u00e4ngerungen W\u00e4hlen Sie Ihren Kurs f\u00fcr die Verl\u00e4ngerung aus.\" \/>\n<meta property=\"og:url\" content=\"https:\/\/ralf100m.de\/ru\/\u043f\u0440\u043e\u0434\u0443\u043a\u0442\/\u043f\u0440\u043e\u0434\u043b\u0435\u043d\u0438\u0435-\u043a\u0443\u0440\u0441\u0430-3\/\" \/>\n<meta property=\"og:site_name\" content=\"Ralf 100M\" \/>\n<meta property=\"article:modified_time\" content=\"2026-01-03T21:23:21+00:00\" \/>\n<meta name=\"twitter:card\" content=\"summary_large_image\" \/>\n<meta name=\"twitter:label1\" content=\"\u041f\u0440\u0438\u043c\u0435\u0440\u043d\u043e\u0435 \u0432\u0440\u0435\u043c\u044f \u0434\u043b\u044f \u0447\u0442\u0435\u043d\u0438\u044f\" \/>\n\t<meta name=\"twitter:data1\" content=\"1 \u043c\u0438\u043d\u0443\u0442\u0430\" \/>\n<script type=\"application\/ld+json\" class=\"yoast-schema-graph\">{\"@context\":\"https:\\\/\\\/schema.org\",\"@graph\":[{\"@type\":\"WebPage\",\"@id\":\"https:\\\/\\\/ralf100m.de\\\/produkt\\\/kursverlaengerung\\\/\",\"url\":\"https:\\\/\\\/ralf100m.de\\\/produkt\\\/kursverlaengerung\\\/\",\"name\":\"Kursverl\u00e4ngerungen - Ralf 100M\",\"isPartOf\":{\"@id\":\"https:\\\/\\\/ralf100m.de\\\/#website\"},\"datePublished\":\"2023-06-07T12:14:02+00:00\",\"dateModified\":\"2026-01-03T21:23:21+00:00\",\"breadcrumb\":{\"@id\":\"https:\\\/\\\/ralf100m.de\\\/produkt\\\/kursverlaengerung\\\/#breadcrumb\"},\"inLanguage\":\"ru-RU\",\"potentialAction\":[{\"@type\":\"ReadAction\",\"target\":[\"https:\\\/\\\/ralf100m.de\\\/produkt\\\/kursverlaengerung\\\/\"]}]},{\"@type\":\"BreadcrumbList\",\"@id\":\"https:\\\/\\\/ralf100m.de\\\/produkt\\\/kursverlaengerung\\\/#breadcrumb\",\"itemListElement\":[{\"@type\":\"ListItem\",\"position\":1,\"name\":\"Startseite\",\"item\":\"https:\\\/\\\/ralf100m.de\\\/\"},{\"@type\":\"ListItem\",\"position\":2,\"name\":\"Shop\",\"item\":\"https:\\\/\\\/ralf100m.de\\\/shop\\\/\"},{\"@type\":\"ListItem\",\"position\":3,\"name\":\"Kursverl\u00e4ngerungen\"}]},{\"@type\":\"WebSite\",\"@id\":\"https:\\\/\\\/ralf100m.de\\\/#website\",\"url\":\"https:\\\/\\\/ralf100m.de\\\/\",\"name\":\"Ralf 100M\",\"description\":\"\",\"publisher\":{\"@id\":\"https:\\\/\\\/ralf100m.de\\\/#\\\/schema\\\/person\\\/144d88d0c18fb8f5e6bd155752132c23\"},\"potentialAction\":[{\"@type\":\"SearchAction\",\"target\":{\"@type\":\"EntryPoint\",\"urlTemplate\":\"https:\\\/\\\/ralf100m.de\\\/?s={search_term_string}\"},\"query-input\":{\"@type\":\"PropertyValueSpecification\",\"valueRequired\":true,\"valueName\":\"search_term_string\"}}],\"inLanguage\":\"ru-RU\"},{\"@type\":[\"Person\",\"Organization\"],\"@id\":\"https:\\\/\\\/ralf100m.de\\\/#\\\/schema\\\/person\\\/144d88d0c18fb8f5e6bd155752132c23\",\"name\":\"wpulitkus\",\"image\":{\"@type\":\"ImageObject\",\"inLanguage\":\"ru-RU\",\"@id\":\"https:\\\/\\\/ralf100m.de\\\/wp-content\\\/uploads\\\/2023\\\/04\\\/ralf-200px-logo.jpg\",\"url\":\"https:\\\/\\\/ralf100m.de\\\/wp-content\\\/uploads\\\/2023\\\/04\\\/ralf-200px-logo.jpg\",\"contentUrl\":\"https:\\\/\\\/ralf100m.de\\\/wp-content\\\/uploads\\\/2023\\\/04\\\/ralf-200px-logo.jpg\",\"width\":400,\"height\":162,\"caption\":\"wpulitkus\"},\"logo\":{\"@id\":\"https:\\\/\\\/ralf100m.de\\\/wp-content\\\/uploads\\\/2023\\\/04\\\/ralf-200px-logo.jpg\"}}]}<\/script>\n<!-- \/ Yoast SEO plugin. -->","yoast_head_json":{"title":"\u041f\u0440\u043e\u0434\u043b\u0435\u043d\u0438\u0435 \u043a\u0443\u0440\u0441\u0430 - \u0420\u0430\u043b\u044c\u0444 100M","robots":{"index":"index","follow":"follow","max-snippet":"max-snippet:-1","max-image-preview":"max-image-preview:large","max-video-preview":"max-video-preview:-1"},"canonical":"https:\/\/ralf100m.de\/ru\/\u043f\u0440\u043e\u0434\u0443\u043a\u0442\/\u043f\u0440\u043e\u0434\u043b\u0435\u043d\u0438\u0435-\u043a\u0443\u0440\u0441\u0430-3\/","og_locale":"ru_RU","og_type":"article","og_title":"Kursverl\u00e4ngerungen - Ralf 100M","og_description":"Kursverl\u00e4ngerungen W\u00e4hlen Sie Ihren Kurs f\u00fcr die Verl\u00e4ngerung aus.","og_url":"https:\/\/ralf100m.de\/ru\/\u043f\u0440\u043e\u0434\u0443\u043a\u0442\/\u043f\u0440\u043e\u0434\u043b\u0435\u043d\u0438\u0435-\u043a\u0443\u0440\u0441\u0430-3\/","og_site_name":"Ralf 100M","article_modified_time":"2026-01-03T21:23:21+00:00","twitter_card":"summary_large_image","twitter_misc":{"\u041f\u0440\u0438\u043c\u0435\u0440\u043d\u043e\u0435 \u0432\u0440\u0435\u043c\u044f \u0434\u043b\u044f \u0447\u0442\u0435\u043d\u0438\u044f":"1 \u043c\u0438\u043d\u0443\u0442\u0430"},"schema":{"@context":"https:\/\/schema.org","@graph":[{"@type":"WebPage","@id":"https:\/\/ralf100m.de\/produkt\/kursverlaengerung\/","url":"https:\/\/ralf100m.de\/produkt\/kursverlaengerung\/","name":"\u041f\u0440\u043e\u0434\u043b\u0435\u043d\u0438\u0435 \u043a\u0443\u0440\u0441\u0430 - \u0420\u0430\u043b\u044c\u0444 100M","isPartOf":{"@id":"https:\/\/ralf100m.de\/#website"},"datePublished":"2023-06-07T12:14:02+00:00","dateModified":"2026-01-03T21:23:21+00:00","breadcrumb":{"@id":"https:\/\/ralf100m.de\/produkt\/kursverlaengerung\/#breadcrumb"},"inLanguage":"ru-RU","potentialAction":[{"@type":"ReadAction","target":["https:\/\/ralf100m.de\/produkt\/kursverlaengerung\/"]}]},{"@type":"BreadcrumbList","@id":"https:\/\/ralf100m.de\/produkt\/kursverlaengerung\/#breadcrumb","itemListElement":[{"@type":"ListItem","position":1,"name":"Startseite","item":"https:\/\/ralf100m.de\/"},{"@type":"ListItem","position":2,"name":"Shop","item":"https:\/\/ralf100m.de\/shop\/"},{"@type":"ListItem","position":3,"name":"Kursverl\u00e4ngerungen"}]},{"@type":"WebSite","@id":"https:\/\/ralf100m.de\/#website","url":"https:\/\/ralf100m.de\/","name":"Ralf 100M","description":"","publisher":{"@id":"https:\/\/ralf100m.de\/#\/schema\/person\/144d88d0c18fb8f5e6bd155752132c23"},"potentialAction":[{"@type":"SearchAction","target":{"@type":"EntryPoint","urlTemplate":"https:\/\/ralf100m.de\/?s={search_term_string}"},"query-input":{"@type":"PropertyValueSpecification","valueRequired":true,"valueName":"search_term_string"}}],"inLanguage":"ru-RU"},{"@type":["Person","Organization"],"@id":"https:\/\/ralf100m.de\/#\/schema\/person\/144d88d0c18fb8f5e6bd155752132c23","name":"wpulitcus","image":{"@type":"ImageObject","inLanguage":"ru-RU","@id":"https:\/\/ralf100m.de\/wp-content\/uploads\/2023\/04\/ralf-200px-logo.jpg","url":"https:\/\/ralf100m.de\/wp-content\/uploads\/2023\/04\/ralf-200px-logo.jpg","contentUrl":"https:\/\/ralf100m.de\/wp-content\/uploads\/2023\/04\/ralf-200px-logo.jpg","width":400,"height":162,"caption":"wpulitkus"},"logo":{"@id":"https:\/\/ralf100m.de\/wp-content\/uploads\/2023\/04\/ralf-200px-logo.jpg"}}]}},"_links":{"self":[{"href":"https:\/\/ralf100m.de\/ru\/wp-json\/wp\/v2\/product\/4464","targetHints":{"allow":["GET"]}}],"collection":[{"href":"https:\/\/ralf100m.de\/ru\/wp-json\/wp\/v2\/product"}],"about":[{"href":"https:\/\/ralf100m.de\/ru\/wp-json\/wp\/v2\/types\/product"}],"wp:attachment":[{"href":"https:\/\/ralf100m.de\/ru\/wp-json\/wp\/v2\/media?parent=4464"}],"wp:term":[{"taxonomy":"product_brand","embeddable":true,"href":"https:\/\/ralf100m.de\/ru\/wp-json\/wp\/v2\/product_brand?post=4464"},{"taxonomy":"product_cat","embeddable":true,"href":"https:\/\/ralf100m.de\/ru\/wp-json\/wp\/v2\/product_cat?post=4464"},{"taxonomy":"product_tag","embeddable":true,"href":"https:\/\/ralf100m.de\/ru\/wp-json\/wp\/v2\/product_tag?post=4464"}],"curies":[{"name":"wp","href":"https:\/\/api.w.org\/{rel}","templated":true}]}}