{"id":4140,"date":"2023-03-07T15:09:12","date_gmt":"2023-03-07T14:09:12","guid":{"rendered":"https:\/\/ralf100m.de\/?post_type=product&#038;p=4140"},"modified":"2025-08-22T19:01:06","modified_gmt":"2025-08-22T17:01:06","slug":"i%cc%87svecce-kursu-baslangic","status":"publish","type":"product","link":"https:\/\/ralf100m.de\/tr\/ueruen\/i%cc%87svecce-kursu-baslangic\/","title":{"rendered":"TK-4581 \u0130sve\u00e7 A1 | Bella"},"content":{"rendered":"<p>VHS kursumuzda \u00e7evrimi\u00e7i \u0130sve\u00e7\u00e7e \u00f6\u011frenebilir ve \u0130sve\u00e7\u00e7e diline ba\u015flamak i\u00e7in ihtiyac\u0131n\u0131z olan her \u015feyi \u00f6\u011frenebilirsiniz.<\/p>\n<p>G\u00fcn\u00fcn her saati (7\/24) yan\u0131n\u0131zday\u0131z.<\/p>\n<p>\u00d6\u011frenme materyallerini, videolar\u0131 ve \u00f6devleri \u00f6\u011frenme platformundan alacaks\u0131n\u0131z. Ulrike \u00c5keson, \u0130sve\u00e7\u00e7e kursu boyunca \u00f6\u011fretmeniniz olarak size telefon \/ Skype \/ WhatsApp ile destek verecektir.<\/p>\n<p>\u0130sve\u00e7\u00e7e dil kursunu tamamlamak i\u00e7in kurs materyallerine ihtiyac\u0131n\u0131z olacak <strong>\"Javisst! g\u00fcncel \u0130sve\u00e7\u00e7e kursu A1+\"<\/strong> H\u00fcber Verlag'dan \/ bas\u0131l\u0131 versiyonda veya dijital versiyonda.<\/p>\n<p>Tamamlad\u0131\u011f\u0131n\u0131zda, yeti\u015fkin e\u011fitim merkezinden bir sertifika alacak ve s\u0131nava girmeye hak kazanacaks\u0131n\u0131z<\/p>\n\n<div data-fullscreen=\"enabled-exit\" data-mode=\"lazyload\" data-provider=\"youtube\" data-reset-after-played id=\"arve-youtube-dsc3tvfv5fg\" style=\"max-width:900px;\" class=\"arve arve-hover-effect-darken\">\n\t<div class=\"arve-inner\">\n\t\t<div class=\"arve-embed arve-embed--has-aspect-ratio\">\n\t\t\t<div class=\"arve-ar\" style=\"padding-top:56.250000%\"><\/div>\n\t\t\t<noscript class=\"arve-noscript\"> <div class=\"brlbs-cmpnt-container brlbs-cmpnt-content-blocker brlbs-cmpnt-with-individual-styles\" data-borlabs-cookie-content-blocker-id=\"youtube-content-blocker\" data-borlabs-cookie-content=\"PGlmcmFtZSBhbGxvdz0iYWNjZWxlcm9tZXRlciAmYXBvcztub25lJmFwb3M7O2F1dG9wbGF5O2JsdWV0b290aCAmYXBvcztub25lJmFwb3M7O2Jyb3dzaW5nLXRvcGljcyAmYXBvcztub25lJmFwb3M7O2NhbWVyYSAmYXBvcztub25lJmFwb3M7O2NsaXBib2FyZC1yZWFkICZhcG9zO25vbmUmYXBvczs7Y2xpcGJvYXJkLXdyaXRlO2Rpc3BsYXktY2FwdHVyZSAmYXBvcztub25lJmFwb3M7O2VuY3J5cHRlZC1tZWRpYSAmYXBvcztub25lJmFwb3M7O2dhbWVwYWQgJmFwb3M7bm9uZSZhcG9zOztnZW9sb2NhdGlvbiAmYXBvcztub25lJmFwb3M7O2d5cm9zY29wZSAmYXBvcztub25lJmFwb3M7O2hpZCAmYXBvcztub25lJmFwb3M7O2lkZW50aXR5LWNyZWRlbnRpYWxzLWdldCAmYXBvcztub25lJmFwb3M7O2lkbGUtZGV0ZWN0aW9uICZhcG9zO25vbmUmYXBvczs7a2V5Ym9hcmQtbWFwICZhcG9zO25vbmUmYXBvczs7bG9jYWwtZm9udHM7bWFnbmV0b21ldGVyICZhcG9zO25vbmUmYXBvczs7bWljcm9waG9uZSAmYXBvcztub25lJmFwb3M7O21pZGkgJmFwb3M7bm9uZSZhcG9zOztvdHAtY3JlZGVudGlhbHMgJmFwb3M7bm9uZSZhcG9zOztwYXltZW50ICZhcG9zO25vbmUmYXBvczs7cGljdHVyZS1pbi1waWN0dXJlO3B1YmxpY2tleS1jcmVkZW50aWFscy1jcmVhdGUgJmFwb3M7bm9uZSZhcG9zOztwdWJsaWNrZXktY3JlZGVudGlhbHMtZ2V0ICZhcG9zO25vbmUmYXBvczs7c2NyZWVuLXdha2UtbG9jayAmYXBvcztub25lJmFwb3M7O3NlcmlhbCAmYXBvcztub25lJmFwb3M7O3N1bW1hcml6ZXIgJmFwb3M7bm9uZSZhcG9zOztzeW5jLXhocjt1c2IgJmFwb3M7bm9uZSZhcG9zOzt3ZWItc2hhcmU7d2luZG93LW1hbmFnZW1lbnQgJmFwb3M7bm9uZSZhcG9zOzt4ci1zcGF0aWFsLXRyYWNraW5nICZhcG9zO25vbmUmYXBvczs7IiBhbGxvd2Z1bGxzY3JlZW49IiIgY2xhc3M9ImFydmUtaWZyYW1lIGZpdHZpZHNpZ25vcmUiIGNyZWRlbnRpYWxsZXNzIGRhdGEtYXJ2ZT0iYXJ2ZS15b3V0dWJlLWRzYzN0dmZ2NWZnIiBkYXRhLWxlbmlzLXByZXZlbnQ9IiIgZGF0YS1zcmMtbm8tYXA9Imh0dHBzOi8vd3d3LnlvdXR1YmUtbm9jb29raWUuY29tL2VtYmVkL2RzQzNUVkZWNWZnP2l2X2xvYWRfcG9saWN5PTMmYW1wO21vZGVzdGJyYW5kaW5nPTEmYW1wO3JlbD0wJmFtcDthdXRvaGlkZT0xJmFtcDtwbGF5c2lubGluZT0wJmFtcDthdXRvcGxheT0wJmFtcDtlbmFibGVqc2FwaT0xJmFtcDtjb250cm9scz0wIiBmcmFtZWJvcmRlcj0iMCIgaGVpZ2h0PSI1MDYuMjUiIGxvYWRpbmc9ImVhZ2VyIiBuYW1lPSIiIHJlZmVycmVycG9saWN5PSJzdHJpY3Qtb3JpZ2luLXdoZW4tY3Jvc3Mtb3JpZ2luIiBzYW5kYm94PSJhbGxvdy1zY3JpcHRzIGFsbG93LXNhbWUtb3JpZ2luIGFsbG93LXByZXNlbnRhdGlvbiBhbGxvdy1wb3B1cHMgYWxsb3ctcG9wdXBzLXRvLWVzY2FwZS1zYW5kYm94IiBzY3JvbGxpbmc9Im5vIiBzcmM9Imh0dHBzOi8vd3d3LnlvdXR1YmUtbm9jb29raWUuY29tL2VtYmVkL2RzQzNUVkZWNWZnP2l2X2xvYWRfcG9saWN5PTMmIzAzODttb2Rlc3RicmFuZGluZz0xJiMwMzg7cmVsPTAmIzAzODthdXRvaGlkZT0xJiMwMzg7cGxheXNpbmxpbmU9MCYjMDM4O2F1dG9wbGF5PTEmIzAzODtlbmFibGVqc2FwaT0xJiMwMzg7Y29udHJvbHM9MCIgdGl0bGU9IlNjaHdlZGlzY2ggS3VycyBmw7xyIEFuZsOkbmdlciAiIHdpZHRoPSI5MDAiPjwvaWZyYW1lPg==\"><div class=\"brlbs-cmpnt-cb-preset-c brlbs-cmpnt-cb-youtube\"> <div class=\"brlbs-cmpnt-cb-thumbnail\" style=\"background-image: url('https:\/\/ralf100m.de\/wp-content\/uploads\/borlabs-cookie\/1\/yt_dsC3TVFV5fg_hqdefault.jpg')\"><\/div> <div class=\"brlbs-cmpnt-cb-main\"> <div class=\"brlbs-cmpnt-cb-play-button\"><\/div> <div class=\"brlbs-cmpnt-cb-content\"> <p class=\"brlbs-cmpnt-cb-description\">\u015eu anda bir yer tutucu i\u00e7eri\u011fi g\u00f6r\u00fcnt\u00fcl\u00fcyorsunuz <strong>YouTube<\/strong>. As\u0131l i\u00e7eri\u011fe eri\u015fmek i\u00e7in a\u015fa\u011f\u0131daki d\u00fc\u011fmeyi t\u0131klay\u0131n. L\u00fctfen bunu yapt\u0131\u011f\u0131n\u0131zda \u00fc\u00e7\u00fcnc\u00fc taraf sa\u011flay\u0131c\u0131larla veri payla\u015faca\u011f\u0131n\u0131z\u0131 unutmay\u0131n.<\/p> <a class=\"brlbs-cmpnt-cb-provider-toggle\" href=\"#\" data-borlabs-cookie-show-provider-information role=\"button\">Daha Fazla Bilgi<\/a> <\/div> <div class=\"brlbs-cmpnt-cb-buttons\"> <a class=\"brlbs-cmpnt-cb-btn\" href=\"#\" data-borlabs-cookie-unblock role=\"button\">\u0130\u00e7erik engelini kald\u0131r\u0131n<\/a> <a class=\"brlbs-cmpnt-cb-btn\" href=\"#\" data-borlabs-cookie-accept-service role=\"button\" style=\"display: inherit\">Gerekli hizmeti kabul edin ve i\u00e7erik engelini kald\u0131r\u0131n<\/a> <\/div> <\/div> <\/div><\/div><\/noscript>\n\t\t\t<img decoding=\"async\" alt=\"Yeni ba\u015flayanlar i\u00e7in \u0130sve\u00e7\u00e7e kursu\" class=\"arve-thumbnail\" height=\"1292\" loading=\"lazy\" sizes=\"auto\" src=\"https:\/\/ralf100m.de\/wp-content\/uploads\/2023\/03\/Schwedisch.png\" srcset=\"https:\/\/ralf100m.de\/wp-content\/uploads\/2023\/03\/Schwedisch.png 1286w, https:\/\/ralf100m.de\/wp-content\/uploads\/2023\/03\/Schwedisch-300x300.png 300w, https:\/\/ralf100m.de\/wp-content\/uploads\/2023\/03\/Schwedisch-1019x1024.png 1019w, https:\/\/ralf100m.de\/wp-content\/uploads\/2023\/03\/Schwedisch-150x150.png 150w, https:\/\/ralf100m.de\/wp-content\/uploads\/2023\/03\/Schwedisch-768x772.png 768w, https:\/\/ralf100m.de\/wp-content\/uploads\/2023\/03\/Schwedisch-600x603.png 600w, https:\/\/ralf100m.de\/wp-content\/uploads\/2023\/03\/Schwedisch-100x100.png 100w\" width=\"1286\">\n\t\t\t<button aria-label=\"Play video: Schwedisch Kurs f\u00fcr Anf\u00e4nger \" class=\"arve-play-btn arve-play-btn--circle\" data-target=\"#arve-youtube-dsc3tvfv5fg\" role=\"button\" type=\"button\"><svg class=\"arve-play-svg arve-play-svg--circle\" focusable=\"false\" aria-hidden=\"true\" width=\"75\" viewbox=\"0 0 50 50\"xmlns=\"http:\/\/www.w3.org\/2000\/svg\"><circle fill=\"black\" fill-opacity=\"0.4\" cx=\"25\" cy=\"25\" r=\"25\"><\/circle><path fill=\"white\" fill-opacity=\"0.8\" fill-rule=\"evenodd\" d=\"M 25, 25m -21, 0a 21,21 0 1,0 42,0a 21,21 0 1,0 -42,0M18.5 14 v22 l17 -11z\"><\/path><\/svg><\/button>\n\t\t\t\n\t\t<\/div>\n\t\t\n\t<\/div>\n\t\n\t\n\t<script type=\"application\/ld+json\">{\n    \"@context\": \"http:\\\/\\\/schema.org\\\/\",\n    \"@id\": \"https:\\\/\\\/ralf100m.de\\\/tr\\\/ueruen\\\/i%cc%87svecce-kursu-baslangic\\\/#arve-youtube-dsc3tvfv5fg\",\n    \"type\": \"VideoObject\",\n    \"embedURL\": \"https:\\\/\\\/www.youtube-nocookie.com\\\/embed\\\/dsC3TVFV5fg?iv_load_policy=3&modestbranding=1&rel=0&autohide=1&playsinline=0&autoplay=1&enablejsapi=1&controls=0\",\n    \"name\": \"Schwedisch Kurs f\\u00fcr Anf\\u00e4nger\",\n    \"thumbnailUrl\": \"https:\\\/\\\/ralf100m.de\\\/wp-content\\\/uploads\\\/2023\\\/03\\\/Schwedisch.png\",\n    \"uploadDate\": \"2026-04-17T20:31:32+02:00\",\n    \"duration\": \"2m\",\n    \"description\": \"In unserem VHS Kurs kannst Du Schwedisch online lernen und lernst damit alles, was Du f\\u00fcr den Einstieg in die Schwedische Sprache ben\\u00f6tigst. Wir sind rund um die Uhr (24\\\/7) f\\u00fcr Dich da. Auf der Lernplattform bekommst Du die Lernunterlagen, Videos und Aufgaben. Ulrike \\u00c5keson betreut Dich als Kursleit\"\n}<\/script>\n\t\n<div class=\"arve-error\"><p><small><abbr title=\"Geli\u015fmi\u015f Duyarl\u0131 Video Yerle\u015ftirici\">ARVE<\/abbr> error: maxwidth: <code>1400px<\/code> is not valid<\/small><\/p><\/div>\n<\/div>\n<ul>\n<li>A\u00e7\u0131k\u00e7a yap\u0131land\u0131r\u0131lm\u0131\u015f 10 ders<\/li>\n<li>Birbirimizi tan\u0131man\u0131n ilk ad\u0131mlar\u0131<\/li>\n<li>G\u00fcnl\u00fck ya\u015fam\u0131n bir\u00e7ok heyecan verici konusu<\/li>\n<li>Eylem odakl\u0131 g\u00f6revler ve konu\u015fma al\u0131\u015ft\u0131rmalar\u0131<\/li>\n<li>Kapsaml\u0131 dinleme ve okuma metinleri<\/li>\n<li>Kurs e\u011fitmeni ile isti\u015fareler<\/li>\n<\/ul>","protected":false},"excerpt":{"rendered":"<ul>\n<li>A\u00e7\u0131k\u00e7a yap\u0131land\u0131r\u0131lm\u0131\u015f 10 ders<\/li>\n<li>Birbirimizi tan\u0131man\u0131n ilk ad\u0131mlar\u0131<\/li>\n<li>G\u00fcnl\u00fck ya\u015fam\u0131n bir\u00e7ok heyecan verici konusu<\/li>\n<li>Eylem odakl\u0131 g\u00f6revler ve konu\u015fma al\u0131\u015ft\u0131rmalar\u0131<\/li>\n<li>Kapsaml\u0131 dinleme ve okuma metinleri<\/li>\n<li>Kurs e\u011fitmeni ile isti\u015fareler<\/li>\n<\/ul>","protected":false},"featured_media":3256,"template":"","meta":[],"product_brand":[],"product_cat":[37],"product_tag":[],"class_list":{"0":"post-4140","1":"product","2":"type-product","3":"status-publish","4":"has-post-thumbnail","6":"product_cat-vhs-online-kurse","8":"first","9":"instock","10":"downloadable","11":"virtual","12":"taxable","13":"purchasable","14":"product-type-simple"},"yoast_head":"<!-- This site is optimized with the Yoast SEO plugin v27.4 - https:\/\/yoast.com\/product\/yoast-seo-wordpress\/ -->\n<title>TK-4581 Schwedisch A1 | Bella - Ralf 100M<\/title>\n<meta name=\"robots\" content=\"index, follow, max-snippet:-1, max-image-preview:large, max-video-preview:-1\" \/>\n<link rel=\"canonical\" href=\"https:\/\/ralf100m.de\/tr\/ueruen\/i\u0307svecce-kursu-baslangic\/\" \/>\n<meta property=\"og:locale\" content=\"tr_TR\" \/>\n<meta property=\"og:type\" content=\"article\" \/>\n<meta property=\"og:title\" content=\"TK-4581 Schwedisch A1 | Bella - Ralf 100M\" \/>\n<meta property=\"og:description\" content=\"10 klar strukturierte Lektionen  Erste Schritte des Kennenlernens  Viele spannende Themen des Alltagslebens  Handlungsorientierte Aufgaben und Sprech\u00fcbungen  Umfangreiche H\u00f6r- und Lesetexte  Konsultationen mit\u00a0 der Kursleiterin\" \/>\n<meta property=\"og:url\" content=\"https:\/\/ralf100m.de\/tr\/ueruen\/i\u0307svecce-kursu-baslangic\/\" \/>\n<meta property=\"og:site_name\" content=\"Ralf 100M\" \/>\n<meta property=\"article:modified_time\" content=\"2025-08-22T17:01:06+00:00\" \/>\n<meta property=\"og:image\" content=\"https:\/\/ralf100m.de\/wp-content\/uploads\/2020\/10\/fahne.png\" \/>\n\t<meta property=\"og:image:width\" content=\"792\" \/>\n\t<meta property=\"og:image:height\" content=\"444\" \/>\n\t<meta property=\"og:image:type\" content=\"image\/png\" \/>\n<meta name=\"twitter:card\" content=\"summary_large_image\" \/>\n<meta name=\"twitter:label1\" content=\"Tahmini okuma s\u00fcresi\" \/>\n\t<meta name=\"twitter:data1\" content=\"1 dakika\" \/>\n<script type=\"application\/ld+json\" class=\"yoast-schema-graph\">{\"@context\":\"https:\\\/\\\/schema.org\",\"@graph\":[{\"@type\":\"WebPage\",\"@id\":\"https:\\\/\\\/ralf100m.de\\\/produkt\\\/schwedisch-kurs-einsteiger\\\/\",\"url\":\"https:\\\/\\\/ralf100m.de\\\/produkt\\\/schwedisch-kurs-einsteiger\\\/\",\"name\":\"TK-4581 Schwedisch A1 | Bella - Ralf 100M\",\"isPartOf\":{\"@id\":\"https:\\\/\\\/ralf100m.de\\\/#website\"},\"primaryImageOfPage\":{\"@id\":\"https:\\\/\\\/ralf100m.de\\\/produkt\\\/schwedisch-kurs-einsteiger\\\/#primaryimage\"},\"image\":{\"@id\":\"https:\\\/\\\/ralf100m.de\\\/produkt\\\/schwedisch-kurs-einsteiger\\\/#primaryimage\"},\"thumbnailUrl\":\"https:\\\/\\\/ralf100m.de\\\/wp-content\\\/uploads\\\/2020\\\/10\\\/fahne.png\",\"datePublished\":\"2023-03-07T14:09:12+00:00\",\"dateModified\":\"2025-08-22T17:01:06+00:00\",\"breadcrumb\":{\"@id\":\"https:\\\/\\\/ralf100m.de\\\/produkt\\\/schwedisch-kurs-einsteiger\\\/#breadcrumb\"},\"inLanguage\":\"tr\",\"potentialAction\":[{\"@type\":\"ReadAction\",\"target\":[\"https:\\\/\\\/ralf100m.de\\\/produkt\\\/schwedisch-kurs-einsteiger\\\/\"]}]},{\"@type\":\"ImageObject\",\"inLanguage\":\"tr\",\"@id\":\"https:\\\/\\\/ralf100m.de\\\/produkt\\\/schwedisch-kurs-einsteiger\\\/#primaryimage\",\"url\":\"https:\\\/\\\/ralf100m.de\\\/wp-content\\\/uploads\\\/2020\\\/10\\\/fahne.png\",\"contentUrl\":\"https:\\\/\\\/ralf100m.de\\\/wp-content\\\/uploads\\\/2020\\\/10\\\/fahne.png\",\"width\":792,\"height\":444},{\"@type\":\"BreadcrumbList\",\"@id\":\"https:\\\/\\\/ralf100m.de\\\/produkt\\\/schwedisch-kurs-einsteiger\\\/#breadcrumb\",\"itemListElement\":[{\"@type\":\"ListItem\",\"position\":1,\"name\":\"Startseite\",\"item\":\"https:\\\/\\\/ralf100m.de\\\/\"},{\"@type\":\"ListItem\",\"position\":2,\"name\":\"Shop\",\"item\":\"https:\\\/\\\/ralf100m.de\\\/shop\\\/\"},{\"@type\":\"ListItem\",\"position\":3,\"name\":\"TK-4581 Schwedisch A1 | Bella\"}]},{\"@type\":\"WebSite\",\"@id\":\"https:\\\/\\\/ralf100m.de\\\/#website\",\"url\":\"https:\\\/\\\/ralf100m.de\\\/\",\"name\":\"Ralf 100M\",\"description\":\"\",\"publisher\":{\"@id\":\"https:\\\/\\\/ralf100m.de\\\/#\\\/schema\\\/person\\\/144d88d0c18fb8f5e6bd155752132c23\"},\"potentialAction\":[{\"@type\":\"SearchAction\",\"target\":{\"@type\":\"EntryPoint\",\"urlTemplate\":\"https:\\\/\\\/ralf100m.de\\\/?s={search_term_string}\"},\"query-input\":{\"@type\":\"PropertyValueSpecification\",\"valueRequired\":true,\"valueName\":\"search_term_string\"}}],\"inLanguage\":\"tr\"},{\"@type\":[\"Person\",\"Organization\"],\"@id\":\"https:\\\/\\\/ralf100m.de\\\/#\\\/schema\\\/person\\\/144d88d0c18fb8f5e6bd155752132c23\",\"name\":\"wpulitkus\",\"image\":{\"@type\":\"ImageObject\",\"inLanguage\":\"tr\",\"@id\":\"https:\\\/\\\/ralf100m.de\\\/wp-content\\\/uploads\\\/2023\\\/04\\\/ralf-200px-logo.jpg\",\"url\":\"https:\\\/\\\/ralf100m.de\\\/wp-content\\\/uploads\\\/2023\\\/04\\\/ralf-200px-logo.jpg\",\"contentUrl\":\"https:\\\/\\\/ralf100m.de\\\/wp-content\\\/uploads\\\/2023\\\/04\\\/ralf-200px-logo.jpg\",\"width\":400,\"height\":162,\"caption\":\"wpulitkus\"},\"logo\":{\"@id\":\"https:\\\/\\\/ralf100m.de\\\/wp-content\\\/uploads\\\/2023\\\/04\\\/ralf-200px-logo.jpg\"}}]}<\/script>\n<!-- \/ Yoast SEO plugin. -->","yoast_head_json":{"title":"TK-4581 \u0130sve\u00e7 A1 | Bella - Ralf 100M","robots":{"index":"index","follow":"follow","max-snippet":"max-snippet:-1","max-image-preview":"max-image-preview:large","max-video-preview":"max-video-preview:-1"},"canonical":"https:\/\/ralf100m.de\/tr\/ueruen\/i\u0307svecce-kursu-baslangic\/","og_locale":"tr_TR","og_type":"article","og_title":"TK-4581 Schwedisch A1 | Bella - Ralf 100M","og_description":"10 klar strukturierte Lektionen  Erste Schritte des Kennenlernens  Viele spannende Themen des Alltagslebens  Handlungsorientierte Aufgaben und Sprech\u00fcbungen  Umfangreiche H\u00f6r- und Lesetexte  Konsultationen mit\u00a0 der Kursleiterin","og_url":"https:\/\/ralf100m.de\/tr\/ueruen\/i\u0307svecce-kursu-baslangic\/","og_site_name":"Ralf 100M","article_modified_time":"2025-08-22T17:01:06+00:00","og_image":[{"width":792,"height":444,"url":"https:\/\/ralf100m.de\/wp-content\/uploads\/2020\/10\/fahne.png","type":"image\/png"}],"twitter_card":"summary_large_image","twitter_misc":{"Tahmini okuma s\u00fcresi":"1 dakika"},"schema":{"@context":"https:\/\/schema.org","@graph":[{"@type":"WebPage","@id":"https:\/\/ralf100m.de\/produkt\/schwedisch-kurs-einsteiger\/","url":"https:\/\/ralf100m.de\/produkt\/schwedisch-kurs-einsteiger\/","name":"TK-4581 \u0130sve\u00e7 A1 | Bella - Ralf 100M","isPartOf":{"@id":"https:\/\/ralf100m.de\/#website"},"primaryImageOfPage":{"@id":"https:\/\/ralf100m.de\/produkt\/schwedisch-kurs-einsteiger\/#primaryimage"},"image":{"@id":"https:\/\/ralf100m.de\/produkt\/schwedisch-kurs-einsteiger\/#primaryimage"},"thumbnailUrl":"https:\/\/ralf100m.de\/wp-content\/uploads\/2020\/10\/fahne.png","datePublished":"2023-03-07T14:09:12+00:00","dateModified":"2025-08-22T17:01:06+00:00","breadcrumb":{"@id":"https:\/\/ralf100m.de\/produkt\/schwedisch-kurs-einsteiger\/#breadcrumb"},"inLanguage":"tr","potentialAction":[{"@type":"ReadAction","target":["https:\/\/ralf100m.de\/produkt\/schwedisch-kurs-einsteiger\/"]}]},{"@type":"ImageObject","inLanguage":"tr","@id":"https:\/\/ralf100m.de\/produkt\/schwedisch-kurs-einsteiger\/#primaryimage","url":"https:\/\/ralf100m.de\/wp-content\/uploads\/2020\/10\/fahne.png","contentUrl":"https:\/\/ralf100m.de\/wp-content\/uploads\/2020\/10\/fahne.png","width":792,"height":444},{"@type":"BreadcrumbList","@id":"https:\/\/ralf100m.de\/produkt\/schwedisch-kurs-einsteiger\/#breadcrumb","itemListElement":[{"@type":"ListItem","position":1,"name":"Startseite","item":"https:\/\/ralf100m.de\/"},{"@type":"ListItem","position":2,"name":"Shop","item":"https:\/\/ralf100m.de\/shop\/"},{"@type":"ListItem","position":3,"name":"TK-4581 Schwedisch A1 | Bella"}]},{"@type":"WebSite","@id":"https:\/\/ralf100m.de\/#website","url":"https:\/\/ralf100m.de\/","name":"Ralf 100M","description":"","publisher":{"@id":"https:\/\/ralf100m.de\/#\/schema\/person\/144d88d0c18fb8f5e6bd155752132c23"},"potentialAction":[{"@type":"SearchAction","target":{"@type":"EntryPoint","urlTemplate":"https:\/\/ralf100m.de\/?s={search_term_string}"},"query-input":{"@type":"PropertyValueSpecification","valueRequired":true,"valueName":"search_term_string"}}],"inLanguage":"tr"},{"@type":["Person","Organization"],"@id":"https:\/\/ralf100m.de\/#\/schema\/person\/144d88d0c18fb8f5e6bd155752132c23","name":"wpulitcus","image":{"@type":"ImageObject","inLanguage":"tr","@id":"https:\/\/ralf100m.de\/wp-content\/uploads\/2023\/04\/ralf-200px-logo.jpg","url":"https:\/\/ralf100m.de\/wp-content\/uploads\/2023\/04\/ralf-200px-logo.jpg","contentUrl":"https:\/\/ralf100m.de\/wp-content\/uploads\/2023\/04\/ralf-200px-logo.jpg","width":400,"height":162,"caption":"wpulitkus"},"logo":{"@id":"https:\/\/ralf100m.de\/wp-content\/uploads\/2023\/04\/ralf-200px-logo.jpg"}}]}},"_links":{"self":[{"href":"https:\/\/ralf100m.de\/tr\/wp-json\/wp\/v2\/product\/4140","targetHints":{"allow":["GET"]}}],"collection":[{"href":"https:\/\/ralf100m.de\/tr\/wp-json\/wp\/v2\/product"}],"about":[{"href":"https:\/\/ralf100m.de\/tr\/wp-json\/wp\/v2\/types\/product"}],"wp:featuredmedia":[{"embeddable":true,"href":"https:\/\/ralf100m.de\/tr\/wp-json\/wp\/v2\/media\/3256"}],"wp:attachment":[{"href":"https:\/\/ralf100m.de\/tr\/wp-json\/wp\/v2\/media?parent=4140"}],"wp:term":[{"taxonomy":"product_brand","embeddable":true,"href":"https:\/\/ralf100m.de\/tr\/wp-json\/wp\/v2\/product_brand?post=4140"},{"taxonomy":"product_cat","embeddable":true,"href":"https:\/\/ralf100m.de\/tr\/wp-json\/wp\/v2\/product_cat?post=4140"},{"taxonomy":"product_tag","embeddable":true,"href":"https:\/\/ralf100m.de\/tr\/wp-json\/wp\/v2\/product_tag?post=4140"}],"curies":[{"name":"wp","href":"https:\/\/api.w.org\/{rel}","templated":true}]}}