{"id":4221,"date":"2023-03-15T16:59:54","date_gmt":"2023-03-15T15:59:54","guid":{"rendered":"https:\/\/ralf100m.de\/?post_type=product&#038;p=4221"},"modified":"2025-12-18T12:01:36","modified_gmt":"2025-12-18T11:01:36","slug":"5626","status":"publish","type":"product","link":"https:\/\/ralf100m.de\/tr\/ueruen\/5626\/","title":{"rendered":"TK-5626 Staj"},"content":{"rendered":"<p>Online staj, mali m\u00fc\u015favir olmaya y\u00f6nelik haz\u0131rl\u0131\u011f\u0131m\u0131z\u0131n son a\u015famas\u0131d\u0131r ve sizi i\u015fe hemen girmeye haz\u0131rlar.<\/p>\n<p>G\u00fcnl\u00fck i\u015flerinizi \u00e7ok say\u0131da belge ve hepsinden \u00f6nemlisi y\u00fcksek kaliteli rezervasyonlarla nas\u0131l y\u00f6netece\u011finizi \u00f6\u011freneceksiniz.<br \/>\nBa\u015flang\u0131\u00e7ta hatalar yapacak, sorun giderme konusunda kendinizi e\u011fitecek ve sonraki rezervasyon d\u00f6nemlerinde do\u011fruluk ve dolay\u0131s\u0131yla g\u00fcven kazanacaks\u0131n\u0131z.<\/p>\n<p>Diploma ile birlikte bir <strong>\u0130\u015f referans\u0131 <\/strong>Treptow-K\u00f6penick'teki yeti\u015fkin e\u011fitim merkezinin <strong>Datev ile \u0130\u015fbirli\u011fi<\/strong> .<\/p>\n<ul>\n<li>DATEV Kanzlei-Rechnungswesen ile devam eden mali muhasebenin tamamlanmas\u0131<\/li>\n<li>Vergi dan\u0131\u015fman\u0131 taraf\u0131ndan y\u0131ll\u0131k mali tablolar\u0131n haz\u0131rlanmas\u0131 ve giri\u015fi<\/li>\n<li>Gelen ve giden faturalar \/ yurti\u00e7i, AB, \u00fc\u00e7\u00fcnc\u00fc \u00fclke<\/li>\n<li>Gelen ve giden \u00f6demeler<\/li>\n<li>\u00dccret ve maa\u015f ilanlar\u0131<\/li>\n<li>Dijital makbuzlar<\/li>\n<li>Yazar kasa ve kredi kart\u0131 ekstreleri<\/li>\n<li>A\u00e7\u0131k madde oylamas\u0131<\/li>\n<li>Pe\u015fin sat\u0131\u015f vergisi iadeleri<\/li>\n<li>Varl\u0131k muhasebesi (envanter, ayl\u0131k amortisman)<\/li>\n<li>Y\u0131l i\u00e7inde yap\u0131lan tahakkuk ve ertelemeler Kar\u015f\u0131l\u0131klar\/iptaller<\/li>\n<li>Pe\u015finat talepleri\/\u00f6deme\/nihai fatura<\/li>\n<li>Y\u0131l i\u00e7inde alacaklar \u00fczerindeki EMK ve zararlar<\/li>\n<li>Fatura do\u011frulama \/ muhasebe tutarl\u0131l\u0131\u011f\u0131<\/li>\n<li>A\u00e7\u0131l\u0131\u015f Bilan\u00e7osu Sunumlar\u0131<\/li>\n<li>Kendi kendini kontrol etme \/ hesap mutabakat\u0131 \/ sorun giderme<\/li>\n<li>\u00dc\u00e7\u00fcnc\u00fc taraflar i\u00e7in talep \u00fczerine belge haz\u0131rlanmas\u0131<\/li>\n<li>Y\u0131ll\u0131k mali tablolar\u0131n haz\u0131rlanmas\u0131<\/li>\n<\/ul>\n<p>Kurs fiyat\u0131 indirimi i\u00e7in gerekenleri a\u015fa\u011f\u0131da bulabilirsiniz\u00a0<a href=\"https:\/\/tinyurl.com\/y7wbb46p\"><strong>Burada<\/strong><\/a>.<br \/>\n\u0130ndirimler yaln\u0131zca do\u011frudan VHS'den \u015fu yolla al\u0131nabilir\u00a0<a href=\"http:\/\/ralf100m.de\/tr\/Kursanmeldung%20%2B%20Datenschutz.pdf\/\" target=\"_blank\" rel=\"noopener\"><strong>Form<\/strong><\/a>\u00a0rezerve edilebilir.<\/p>\n<p>L\u00fctfen doldurun ve anmeldung@vhstk.de adresine g\u00f6nderin \/ bir kopyas\u0131n\u0131 bana g\u00f6nderin (info@ralf100m.de).<\/p>","protected":false},"excerpt":{"rendered":"<p>Mali muhasebeci olmak i\u00e7in haz\u0131rl\u0131\u011f\u0131m\u0131z\u0131n tamamlanmas\u0131 \/ i\u015fe hemen giri\u015f<\/p>\n<p>Belirli ko\u015fullar alt\u0131nda, VHS kurs fiyat\u0131nda indirim sa\u011flar -&gt; 247,70 \u20ac<br \/>\nKurs fiyat\u0131 indirimi i\u00e7in gerekenleri a\u015fa\u011f\u0131da bulabilirsiniz\u00a0<a href=\"https:\/\/tinyurl.com\/y7wbb46p\"><strong>Burada<\/strong><\/a>.<\/p>\n<p>\u0130ndirimler yaln\u0131zca do\u011frudan VHS'den \u015fu yolla al\u0131nabilir\u00a0<a href=\"http:\/\/ralf100m.de\/tr\/Kursanmeldung%20%2B%20Datenschutz.pdf\/\" target=\"_blank\" rel=\"noopener\"><strong>Form<\/strong><\/a>\u00a0rezerve edilebilir.<\/p>\n<p>L\u00fctfen doldurun ve anmeldung@vhstk.de adresine geri g\u00f6nderin \/ bir kopyas\u0131n\u0131 bana g\u00f6nderin (info@ralf100m.de) ve indirim belgesini ekleyin \/ ! <strong>Sadece indirimli kay\u0131tlar i\u00e7in ge\u00e7erlidir!<\/strong><\/p>\n<p>&nbsp;<\/p>\n<p>&nbsp;<\/p>","protected":false},"featured_media":4193,"template":"","meta":[],"product_brand":[],"product_cat":[37],"product_tag":[],"class_list":{"0":"post-4221","1":"product","2":"type-product","3":"status-publish","4":"has-post-thumbnail","6":"product_cat-vhs-online-kurse","8":"first","9":"instock","10":"virtual","11":"taxable","12":"purchasable","13":"product-type-simple"},"yoast_head":"<!-- This site is optimized with the Yoast SEO plugin v27.4 - https:\/\/yoast.com\/product\/yoast-seo-wordpress\/ -->\n<title>TK-5626 Praktikum - Ralf 100M<\/title>\n<meta name=\"robots\" content=\"index, follow, max-snippet:-1, max-image-preview:large, max-video-preview:-1\" \/>\n<link rel=\"canonical\" href=\"https:\/\/ralf100m.de\/tr\/ueruen\/5626\/\" \/>\n<meta property=\"og:locale\" content=\"tr_TR\" \/>\n<meta property=\"og:type\" content=\"article\" \/>\n<meta property=\"og:title\" content=\"TK-5626 Praktikum - Ralf 100M\" \/>\n<meta property=\"og:description\" content=\"Abschluss unserer Vorbereitung zur Finanzbuchhaltert\u00e4tigkeit \/ zum unmittelbaren Einstieg in den Job  Unter bestimmten Voraussetzungen gew\u00e4hrt die VHS Kurspreiserm\u00e4\u00dfigung -&gt; 247,70 \u20ac Die Voraussetzungen f\u00fcr eine Kurspreiserm\u00e4\u00dfigung findest Du\u00a0hier.  Erm\u00e4\u00dfigungen k\u00f6nnen nur direkt \u00fcber die VHS per\u00a0Formular\u00a0gebucht werden.  Bitte ausgef\u00fcllt an anmeldung@vhstk.de \/ Kopie an mich (info@ralf100m.de) schicken und den Erm\u00e4\u00dfigungsnachweis mitsenden \/ ! Betrifft nur Anmeldungen mit Erm\u00e4\u00dfigung !  &nbsp;  &nbsp;\" \/>\n<meta property=\"og:url\" content=\"https:\/\/ralf100m.de\/tr\/ueruen\/5626\/\" \/>\n<meta property=\"og:site_name\" content=\"Ralf 100M\" \/>\n<meta property=\"article:modified_time\" content=\"2025-12-18T11:01:36+00:00\" \/>\n<meta property=\"og:image\" content=\"https:\/\/ralf100m.de\/wp-content\/uploads\/2023\/03\/FiBu-Praktikum.png\" \/>\n\t<meta property=\"og:image:width\" content=\"1302\" \/>\n\t<meta property=\"og:image:height\" content=\"1292\" \/>\n\t<meta property=\"og:image:type\" content=\"image\/png\" \/>\n<meta name=\"twitter:card\" content=\"summary_large_image\" \/>\n<meta name=\"twitter:label1\" content=\"Tahmini okuma s\u00fcresi\" \/>\n\t<meta name=\"twitter:data1\" content=\"2 dakika\" \/>\n<script type=\"application\/ld+json\" class=\"yoast-schema-graph\">{\"@context\":\"https:\\\/\\\/schema.org\",\"@graph\":[{\"@type\":\"WebPage\",\"@id\":\"https:\\\/\\\/ralf100m.de\\\/produkt\\\/5626\\\/\",\"url\":\"https:\\\/\\\/ralf100m.de\\\/produkt\\\/5626\\\/\",\"name\":\"TK-5626 Praktikum - Ralf 100M\",\"isPartOf\":{\"@id\":\"https:\\\/\\\/ralf100m.de\\\/#website\"},\"primaryImageOfPage\":{\"@id\":\"https:\\\/\\\/ralf100m.de\\\/produkt\\\/5626\\\/#primaryimage\"},\"image\":{\"@id\":\"https:\\\/\\\/ralf100m.de\\\/produkt\\\/5626\\\/#primaryimage\"},\"thumbnailUrl\":\"https:\\\/\\\/ralf100m.de\\\/wp-content\\\/uploads\\\/2023\\\/03\\\/FiBu-Praktikum.png\",\"datePublished\":\"2023-03-15T15:59:54+00:00\",\"dateModified\":\"2025-12-18T11:01:36+00:00\",\"breadcrumb\":{\"@id\":\"https:\\\/\\\/ralf100m.de\\\/produkt\\\/5626\\\/#breadcrumb\"},\"inLanguage\":\"tr\",\"potentialAction\":[{\"@type\":\"ReadAction\",\"target\":[\"https:\\\/\\\/ralf100m.de\\\/produkt\\\/5626\\\/\"]}]},{\"@type\":\"ImageObject\",\"inLanguage\":\"tr\",\"@id\":\"https:\\\/\\\/ralf100m.de\\\/produkt\\\/5626\\\/#primaryimage\",\"url\":\"https:\\\/\\\/ralf100m.de\\\/wp-content\\\/uploads\\\/2023\\\/03\\\/FiBu-Praktikum.png\",\"contentUrl\":\"https:\\\/\\\/ralf100m.de\\\/wp-content\\\/uploads\\\/2023\\\/03\\\/FiBu-Praktikum.png\",\"width\":1302,\"height\":1292},{\"@type\":\"BreadcrumbList\",\"@id\":\"https:\\\/\\\/ralf100m.de\\\/produkt\\\/5626\\\/#breadcrumb\",\"itemListElement\":[{\"@type\":\"ListItem\",\"position\":1,\"name\":\"Startseite\",\"item\":\"https:\\\/\\\/ralf100m.de\\\/\"},{\"@type\":\"ListItem\",\"position\":2,\"name\":\"Shop\",\"item\":\"https:\\\/\\\/ralf100m.de\\\/shop\\\/\"},{\"@type\":\"ListItem\",\"position\":3,\"name\":\"TK-5626 Praktikum\"}]},{\"@type\":\"WebSite\",\"@id\":\"https:\\\/\\\/ralf100m.de\\\/#website\",\"url\":\"https:\\\/\\\/ralf100m.de\\\/\",\"name\":\"Ralf 100M\",\"description\":\"\",\"publisher\":{\"@id\":\"https:\\\/\\\/ralf100m.de\\\/#\\\/schema\\\/person\\\/144d88d0c18fb8f5e6bd155752132c23\"},\"potentialAction\":[{\"@type\":\"SearchAction\",\"target\":{\"@type\":\"EntryPoint\",\"urlTemplate\":\"https:\\\/\\\/ralf100m.de\\\/?s={search_term_string}\"},\"query-input\":{\"@type\":\"PropertyValueSpecification\",\"valueRequired\":true,\"valueName\":\"search_term_string\"}}],\"inLanguage\":\"tr\"},{\"@type\":[\"Person\",\"Organization\"],\"@id\":\"https:\\\/\\\/ralf100m.de\\\/#\\\/schema\\\/person\\\/144d88d0c18fb8f5e6bd155752132c23\",\"name\":\"wpulitkus\",\"image\":{\"@type\":\"ImageObject\",\"inLanguage\":\"tr\",\"@id\":\"https:\\\/\\\/ralf100m.de\\\/wp-content\\\/uploads\\\/2023\\\/04\\\/ralf-200px-logo.jpg\",\"url\":\"https:\\\/\\\/ralf100m.de\\\/wp-content\\\/uploads\\\/2023\\\/04\\\/ralf-200px-logo.jpg\",\"contentUrl\":\"https:\\\/\\\/ralf100m.de\\\/wp-content\\\/uploads\\\/2023\\\/04\\\/ralf-200px-logo.jpg\",\"width\":400,\"height\":162,\"caption\":\"wpulitkus\"},\"logo\":{\"@id\":\"https:\\\/\\\/ralf100m.de\\\/wp-content\\\/uploads\\\/2023\\\/04\\\/ralf-200px-logo.jpg\"}}]}<\/script>\n<!-- \/ Yoast SEO plugin. -->","yoast_head_json":{"title":"TK-5626 Staj - Ralf 100M","robots":{"index":"index","follow":"follow","max-snippet":"max-snippet:-1","max-image-preview":"max-image-preview:large","max-video-preview":"max-video-preview:-1"},"canonical":"https:\/\/ralf100m.de\/tr\/ueruen\/5626\/","og_locale":"tr_TR","og_type":"article","og_title":"TK-5626 Praktikum - Ralf 100M","og_description":"Abschluss unserer Vorbereitung zur Finanzbuchhaltert\u00e4tigkeit \/ zum unmittelbaren Einstieg in den Job  Unter bestimmten Voraussetzungen gew\u00e4hrt die VHS Kurspreiserm\u00e4\u00dfigung -&gt; 247,70 \u20ac Die Voraussetzungen f\u00fcr eine Kurspreiserm\u00e4\u00dfigung findest Du\u00a0hier.  Erm\u00e4\u00dfigungen k\u00f6nnen nur direkt \u00fcber die VHS per\u00a0Formular\u00a0gebucht werden.  Bitte ausgef\u00fcllt an anmeldung@vhstk.de \/ Kopie an mich (info@ralf100m.de) schicken und den Erm\u00e4\u00dfigungsnachweis mitsenden \/ ! Betrifft nur Anmeldungen mit Erm\u00e4\u00dfigung !  &nbsp;  &nbsp;","og_url":"https:\/\/ralf100m.de\/tr\/ueruen\/5626\/","og_site_name":"Ralf 100M","article_modified_time":"2025-12-18T11:01:36+00:00","og_image":[{"width":1302,"height":1292,"url":"https:\/\/ralf100m.de\/wp-content\/uploads\/2023\/03\/FiBu-Praktikum.png","type":"image\/png"}],"twitter_card":"summary_large_image","twitter_misc":{"Tahmini okuma s\u00fcresi":"2 dakika"},"schema":{"@context":"https:\/\/schema.org","@graph":[{"@type":"WebPage","@id":"https:\/\/ralf100m.de\/produkt\/5626\/","url":"https:\/\/ralf100m.de\/produkt\/5626\/","name":"TK-5626 Staj - Ralf 100M","isPartOf":{"@id":"https:\/\/ralf100m.de\/#website"},"primaryImageOfPage":{"@id":"https:\/\/ralf100m.de\/produkt\/5626\/#primaryimage"},"image":{"@id":"https:\/\/ralf100m.de\/produkt\/5626\/#primaryimage"},"thumbnailUrl":"https:\/\/ralf100m.de\/wp-content\/uploads\/2023\/03\/FiBu-Praktikum.png","datePublished":"2023-03-15T15:59:54+00:00","dateModified":"2025-12-18T11:01:36+00:00","breadcrumb":{"@id":"https:\/\/ralf100m.de\/produkt\/5626\/#breadcrumb"},"inLanguage":"tr","potentialAction":[{"@type":"ReadAction","target":["https:\/\/ralf100m.de\/produkt\/5626\/"]}]},{"@type":"ImageObject","inLanguage":"tr","@id":"https:\/\/ralf100m.de\/produkt\/5626\/#primaryimage","url":"https:\/\/ralf100m.de\/wp-content\/uploads\/2023\/03\/FiBu-Praktikum.png","contentUrl":"https:\/\/ralf100m.de\/wp-content\/uploads\/2023\/03\/FiBu-Praktikum.png","width":1302,"height":1292},{"@type":"BreadcrumbList","@id":"https:\/\/ralf100m.de\/produkt\/5626\/#breadcrumb","itemListElement":[{"@type":"ListItem","position":1,"name":"Startseite","item":"https:\/\/ralf100m.de\/"},{"@type":"ListItem","position":2,"name":"Shop","item":"https:\/\/ralf100m.de\/shop\/"},{"@type":"ListItem","position":3,"name":"TK-5626 Praktikum"}]},{"@type":"WebSite","@id":"https:\/\/ralf100m.de\/#website","url":"https:\/\/ralf100m.de\/","name":"Ralf 100M","description":"","publisher":{"@id":"https:\/\/ralf100m.de\/#\/schema\/person\/144d88d0c18fb8f5e6bd155752132c23"},"potentialAction":[{"@type":"SearchAction","target":{"@type":"EntryPoint","urlTemplate":"https:\/\/ralf100m.de\/?s={search_term_string}"},"query-input":{"@type":"PropertyValueSpecification","valueRequired":true,"valueName":"search_term_string"}}],"inLanguage":"tr"},{"@type":["Person","Organization"],"@id":"https:\/\/ralf100m.de\/#\/schema\/person\/144d88d0c18fb8f5e6bd155752132c23","name":"wpulitcus","image":{"@type":"ImageObject","inLanguage":"tr","@id":"https:\/\/ralf100m.de\/wp-content\/uploads\/2023\/04\/ralf-200px-logo.jpg","url":"https:\/\/ralf100m.de\/wp-content\/uploads\/2023\/04\/ralf-200px-logo.jpg","contentUrl":"https:\/\/ralf100m.de\/wp-content\/uploads\/2023\/04\/ralf-200px-logo.jpg","width":400,"height":162,"caption":"wpulitkus"},"logo":{"@id":"https:\/\/ralf100m.de\/wp-content\/uploads\/2023\/04\/ralf-200px-logo.jpg"}}]}},"_links":{"self":[{"href":"https:\/\/ralf100m.de\/tr\/wp-json\/wp\/v2\/product\/4221","targetHints":{"allow":["GET"]}}],"collection":[{"href":"https:\/\/ralf100m.de\/tr\/wp-json\/wp\/v2\/product"}],"about":[{"href":"https:\/\/ralf100m.de\/tr\/wp-json\/wp\/v2\/types\/product"}],"wp:featuredmedia":[{"embeddable":true,"href":"https:\/\/ralf100m.de\/tr\/wp-json\/wp\/v2\/media\/4193"}],"wp:attachment":[{"href":"https:\/\/ralf100m.de\/tr\/wp-json\/wp\/v2\/media?parent=4221"}],"wp:term":[{"taxonomy":"product_brand","embeddable":true,"href":"https:\/\/ralf100m.de\/tr\/wp-json\/wp\/v2\/product_brand?post=4221"},{"taxonomy":"product_cat","embeddable":true,"href":"https:\/\/ralf100m.de\/tr\/wp-json\/wp\/v2\/product_cat?post=4221"},{"taxonomy":"product_tag","embeddable":true,"href":"https:\/\/ralf100m.de\/tr\/wp-json\/wp\/v2\/product_tag?post=4221"}],"curies":[{"name":"wp","href":"https:\/\/api.w.org\/{rel}","templated":true}]}}