{"id":4574,"date":"2023-06-25T14:31:03","date_gmt":"2023-06-25T12:31:03","guid":{"rendered":"https:\/\/ralf100m.de\/?post_type=product&#038;p=4574"},"modified":"2025-12-18T11:57:34","modified_gmt":"2025-12-18T10:57:34","slug":"datev-bordro-muhasebe-kombi%cc%87nasyonu","status":"publish","type":"product","link":"https:\/\/ralf100m.de\/tr\/produkt\/datev-fibu-lohn-kombi\/","title":{"rendered":"TK-5628-fl Fibu Bordro Kombi"},"content":{"rendered":"<h4>Datev Fibu ve maa\u015flar tek pakette<\/h4>\n<p>Paketimizde, hem finansal hem de bordro muhasebesini tan\u0131yacak ve ustala\u015facaks\u0131n\u0131z. Bir \u015firketin muhasebe departman\u0131nda veya bir vergi dairesinde muhasebe ve bordro muhasebesi uygulamas\u0131 i\u00e7in ihtiyac\u0131n\u0131z olan her \u015feyi \u00f6\u011freneceksiniz.<br \/>\nG\u00fcn\u00fcn her saati (7\/24) yan\u0131n\u0131zday\u0131z.<\/p>\n<p>VHS platformunda \u00f6\u011frenme materyalleri, videolar ve g\u00f6revler alacaks\u0131n\u0131z. Ayr\u0131ca kay\u0131t oldu\u011funuzda DATEV finansal muhasebe yaz\u0131l\u0131m\u0131na da eri\u015fim elde edeceksiniz.<\/p>\n<p>Steffen Ismer (\u00fccretler) ve ben (finansal muhasebe) kurs e\u011fitmenleri olarak t\u00fcm kurs boyunca telefon \/ Skype \/ WhatsApp ve gerekirse ekran payla\u015f\u0131m\u0131 yoluyla size destek olaca\u011f\u0131z.<\/p>\n<p>Diploma ile birlikte bir <strong>Sertifika <\/strong>Treptow-K\u00f6penick'teki yeti\u015fkin e\u011fitim merkezinin <strong>Datev ile \u0130\u015fbirli\u011fi<\/strong> ve s\u0131nava girmeye hak kazanmak i\u00e7in <strong>XPert Business <\/strong>Program B\u00f6l\u00fcm 3 ve yeni <strong>DATEV sertifikas\u0131<\/strong> \u00fclke \u00e7ap\u0131nda herhangi bir yerel VHS'de.<\/p>\n<p>&nbsp;<\/p>\n<ul>\n<li>Yeni bir m\u00fc\u015fteri \/ ana veri olu\u015fturulmas\u0131<\/li>\n<li>DATEV Kanzlei-Rechnungswesen'de muhasebenin i\u015flenmesi<\/li>\n<li>Dijital makbuzlar<\/li>\n<li>Muhasebe verilerini yedekleme, i\u00e7e aktarma ve silme<\/li>\n<li>Finansal muhasebe analizleri<\/li>\n<li>Son \u00e7al\u0131\u015fma \/ y\u0131l\u0131n sonu<\/li>\n<li>\u00c7ok say\u0131da pratik al\u0131\u015ft\u0131rma<\/li>\n<\/ul>\n<p>Datev \u00fccretleri<\/p>\n<p><strong>Kurs i\u00e7eri\u011fi<\/strong><\/p>\n<p>Birka\u00e7 \u00e7al\u0131\u015fan\u0131 olan iki \u00f6rnek m\u00fc\u015fteri \u00f6rne\u011fini kullanarak, farkl\u0131 odak noktalar\u0131 ve zorluk seviyeleri ile bordro muhasebesini ba\u011f\u0131ms\u0131z olarak ger\u00e7ekle\u015ftireceksiniz. \u00d6rnek vakalar g\u00fcnl\u00fck \u00e7al\u0131\u015fma hayat\u0131ndan al\u0131nm\u0131\u015ft\u0131r. Seminer, gelecekte pratikte kullanman\u0131z i\u00e7in DATEV Lohn und Gehalt classic\/comfort ile nas\u0131l verimli \u00e7al\u0131\u015faca\u011f\u0131n\u0131z\u0131 g\u00f6sterecektir.<\/p>\n<p>DATEV Arbeitsplatz ve DATEV Lohn und Gehalt konforu<\/p>\n<p>&nbsp;<\/p>\n<p><strong>Merkezi m\u00fc\u015fteri ana veri y\u00f6netimi<\/strong><\/p>\n<p>DATEV i\u015f istasyonundan \u00dccretler ve Maa\u015flar hizmet alan\u0131na giden yol, bilgi veri tabanlar\u0131, program yard\u0131m\u0131 ve kurumlar arac\u0131l\u0131\u011f\u0131yla yeni bir m\u00fc\u015fteri olu\u015fturulmas\u0131na kadar uzan\u0131r.<\/p>\n<p>&nbsp;<\/p>\n<p><strong>DATEV Lohn und Gehalt konforu ile 12 ay boyunca devam eden bordro muhasebesi<\/strong><\/p>\n<p>Do\u011fru \u00e7al\u0131\u015fan ana verileri her bordro muhasebe sisteminin olmazsa olmaz\u0131d\u0131r. \u0130\u015flem verileri mevcut \u00fccretleri kaydeder ve \u00e7al\u0131\u015fmalar\u0131m\u0131z\u0131n sonu\u00e7lar\u0131 analizlerde g\u00f6r\u00fclebilir.<\/p>\n<p>&nbsp;<\/p>\n<p><strong>Kendi kendine \u00e7al\u0131\u015fma i\u00e7in al\u0131\u015ft\u0131rma istemcisi<\/strong><\/p>\n<p>Baltasar Muster KG mobilya fabrikas\u0131<\/p>\n<p>E\u011fitiminizin ilerlemesine ba\u011fl\u0131 olarak, 12 ayl\u0131k bir s\u00fcre boyunca \"kendi\" m\u00fc\u015fterilerinizden birini ve \u00e7al\u0131\u015fanlar\u0131n\u0131 bordro muhasebesi konusunda ba\u011f\u0131ms\u0131z olarak denetleyebilecek ve destekleyebileceksiniz.<\/p>\n<p>Kurs fiyat\u0131 indirimi i\u00e7in gerekenleri a\u015fa\u011f\u0131da bulabilirsiniz\u00a0<a href=\"https:\/\/tinyurl.com\/y7wbb46p\"><strong>Burada<\/strong><\/a>.<br \/>\n\u0130ndirimler yaln\u0131zca do\u011frudan VHS'den \u015fu yolla al\u0131nabilir\u00a0<a href=\"http:\/\/ralf100m.de\/tr\/Kursanmeldung%20%2B%20Datenschutz.pdf\/\" target=\"_blank\" rel=\"noopener\"><strong>Form<\/strong><\/a>\u00a0rezerve edilebilir.<\/p>\n<p>L\u00fctfen doldurun ve anmeldung@vhstk.de adresine g\u00f6nderin \/ bir kopyas\u0131n\u0131 bana g\u00f6nderin (info@ralf100m.de).<\/p>","protected":false},"excerpt":{"rendered":"<h4>Datev Fibu ve maa\u015flar tek pakette<\/h4>\n<p>Belirli ko\u015fullar alt\u0131nda, VHS kurs fiyatlar\u0131nda indirim sa\u011flar -&gt; 383,30 \u20ac)<br \/>\nKurs fiyat\u0131 indirimi i\u00e7in gerekenleri a\u015fa\u011f\u0131da bulabilirsiniz\u00a0<a href=\"https:\/\/tinyurl.com\/y7wbb46p\"><strong>Burada<\/strong><\/a>.<\/p>\n<p>\u0130ndirimler yaln\u0131zca do\u011frudan VHS'den \u015fu yolla al\u0131nabilir\u00a0<a href=\"http:\/\/ralf100m.de\/tr\/Kursanmeldung%20%2B%20Datenschutz.pdf\/\" target=\"_blank\" rel=\"noopener\"><strong>Form<\/strong><\/a>\u00a0rezerve edilebilir.<\/p>\n<p>L\u00fctfen doldurun ve anmeldung@vhstk.de adresine geri g\u00f6nderin \/ bir kopyas\u0131n\u0131 bana g\u00f6nderin (info@ralf100m.de) ve indirim belgesini ekleyin \/ ! <strong>Sadece indirimli kay\u0131tlar i\u00e7in ge\u00e7erlidir!<\/strong><\/p>\n<p>&nbsp;<\/p>","protected":false},"featured_media":4579,"template":"","meta":[],"product_brand":[],"product_cat":[37],"product_tag":[],"class_list":{"0":"post-4574","1":"product","2":"type-product","3":"status-publish","4":"has-post-thumbnail","6":"product_cat-vhs-online-kurse","8":"first","9":"instock","10":"virtual","11":"taxable","12":"purchasable","13":"product-type-simple"},"yoast_head":"<!-- This site is optimized with the Yoast SEO plugin v27.5 - https:\/\/yoast.com\/product\/yoast-seo-wordpress\/ -->\n<title>TK-5628-fl Fibu Lohn Kombi - Ralf 100M<\/title>\n<meta name=\"robots\" content=\"index, follow, max-snippet:-1, max-image-preview:large, max-video-preview:-1\" \/>\n<link rel=\"canonical\" href=\"https:\/\/ralf100m.de\/tr\/ueruen\/datev-bordro-muhasebe-kombi\u0307nasyonu\/\" \/>\n<meta property=\"og:locale\" content=\"tr_TR\" \/>\n<meta property=\"og:type\" content=\"article\" \/>\n<meta property=\"og:title\" content=\"TK-5628-fl Fibu Lohn Kombi - Ralf 100M\" \/>\n<meta property=\"og:description\" content=\"Datev Fibu und Lohn\u00a0 in einem\u00a0 Paket Unter bestimmten Voraussetzungen gew\u00e4hrt die VHS Kurspreiserm\u00e4\u00dfigung -&gt; 383.30) \u20ac Die Voraussetzungen f\u00fcr eine Kurspreiserm\u00e4\u00dfigung findest Du\u00a0hier.  Erm\u00e4\u00dfigungen k\u00f6nnen nur direkt \u00fcber die VHS per\u00a0Formular\u00a0gebucht werden.  Bitte ausgef\u00fcllt an anmeldung@vhstk.de \/ Kopie an mich (info@ralf100m.de) schicken und den Erm\u00e4\u00dfigungsnachweis mitsenden \/ ! Betrifft nur Anmeldungen mit Erm\u00e4\u00dfigung !  &nbsp;\" \/>\n<meta property=\"og:url\" content=\"https:\/\/ralf100m.de\/tr\/ueruen\/datev-bordro-muhasebe-kombi\u0307nasyonu\/\" \/>\n<meta property=\"og:site_name\" content=\"Ralf 100M\" \/>\n<meta property=\"article:modified_time\" content=\"2025-12-18T10:57:34+00:00\" \/>\n<meta property=\"og:image\" content=\"https:\/\/ralf100m.de\/wp-content\/uploads\/2023\/06\/Datev-Fibu-Lohn-Kombi.png\" \/>\n\t<meta property=\"og:image:width\" content=\"500\" \/>\n\t<meta property=\"og:image:height\" content=\"500\" \/>\n\t<meta property=\"og:image:type\" content=\"image\/png\" \/>\n<meta name=\"twitter:card\" content=\"summary_large_image\" \/>\n<meta name=\"twitter:label1\" content=\"Tahmini okuma s\u00fcresi\" \/>\n\t<meta name=\"twitter:data1\" content=\"3 dakika\" \/>\n<script type=\"application\/ld+json\" class=\"yoast-schema-graph\">{\"@context\":\"https:\\\/\\\/schema.org\",\"@graph\":[{\"@type\":\"WebPage\",\"@id\":\"https:\\\/\\\/ralf100m.de\\\/produkt\\\/datev-fibu-lohn-kombi\\\/\",\"url\":\"https:\\\/\\\/ralf100m.de\\\/produkt\\\/datev-fibu-lohn-kombi\\\/\",\"name\":\"TK-5628-fl Fibu Lohn Kombi - Ralf 100M\",\"isPartOf\":{\"@id\":\"https:\\\/\\\/ralf100m.de\\\/#website\"},\"primaryImageOfPage\":{\"@id\":\"https:\\\/\\\/ralf100m.de\\\/produkt\\\/datev-fibu-lohn-kombi\\\/#primaryimage\"},\"image\":{\"@id\":\"https:\\\/\\\/ralf100m.de\\\/produkt\\\/datev-fibu-lohn-kombi\\\/#primaryimage\"},\"thumbnailUrl\":\"https:\\\/\\\/ralf100m.de\\\/wp-content\\\/uploads\\\/2023\\\/06\\\/Datev-Fibu-Lohn-Kombi.png\",\"datePublished\":\"2023-06-25T12:31:03+00:00\",\"dateModified\":\"2025-12-18T10:57:34+00:00\",\"breadcrumb\":{\"@id\":\"https:\\\/\\\/ralf100m.de\\\/produkt\\\/datev-fibu-lohn-kombi\\\/#breadcrumb\"},\"inLanguage\":\"tr\",\"potentialAction\":[{\"@type\":\"ReadAction\",\"target\":[\"https:\\\/\\\/ralf100m.de\\\/produkt\\\/datev-fibu-lohn-kombi\\\/\"]}]},{\"@type\":\"ImageObject\",\"inLanguage\":\"tr\",\"@id\":\"https:\\\/\\\/ralf100m.de\\\/produkt\\\/datev-fibu-lohn-kombi\\\/#primaryimage\",\"url\":\"https:\\\/\\\/ralf100m.de\\\/wp-content\\\/uploads\\\/2023\\\/06\\\/Datev-Fibu-Lohn-Kombi.png\",\"contentUrl\":\"https:\\\/\\\/ralf100m.de\\\/wp-content\\\/uploads\\\/2023\\\/06\\\/Datev-Fibu-Lohn-Kombi.png\",\"width\":500,\"height\":500,\"caption\":\"Datev Fibu + Lohn Kombi\"},{\"@type\":\"BreadcrumbList\",\"@id\":\"https:\\\/\\\/ralf100m.de\\\/produkt\\\/datev-fibu-lohn-kombi\\\/#breadcrumb\",\"itemListElement\":[{\"@type\":\"ListItem\",\"position\":1,\"name\":\"Startseite\",\"item\":\"https:\\\/\\\/ralf100m.de\\\/\"},{\"@type\":\"ListItem\",\"position\":2,\"name\":\"Shop\",\"item\":\"https:\\\/\\\/ralf100m.de\\\/shop\\\/\"},{\"@type\":\"ListItem\",\"position\":3,\"name\":\"TK-5628-fl Fibu Lohn Kombi\"}]},{\"@type\":\"WebSite\",\"@id\":\"https:\\\/\\\/ralf100m.de\\\/#website\",\"url\":\"https:\\\/\\\/ralf100m.de\\\/\",\"name\":\"Ralf 100M\",\"description\":\"\",\"publisher\":{\"@id\":\"https:\\\/\\\/ralf100m.de\\\/#\\\/schema\\\/person\\\/144d88d0c18fb8f5e6bd155752132c23\"},\"potentialAction\":[{\"@type\":\"SearchAction\",\"target\":{\"@type\":\"EntryPoint\",\"urlTemplate\":\"https:\\\/\\\/ralf100m.de\\\/?s={search_term_string}\"},\"query-input\":{\"@type\":\"PropertyValueSpecification\",\"valueRequired\":true,\"valueName\":\"search_term_string\"}}],\"inLanguage\":\"tr\"},{\"@type\":[\"Person\",\"Organization\"],\"@id\":\"https:\\\/\\\/ralf100m.de\\\/#\\\/schema\\\/person\\\/144d88d0c18fb8f5e6bd155752132c23\",\"name\":\"wpulitkus\",\"image\":{\"@type\":\"ImageObject\",\"inLanguage\":\"tr\",\"@id\":\"https:\\\/\\\/ralf100m.de\\\/wp-content\\\/uploads\\\/2023\\\/04\\\/ralf-200px-logo.jpg\",\"url\":\"https:\\\/\\\/ralf100m.de\\\/wp-content\\\/uploads\\\/2023\\\/04\\\/ralf-200px-logo.jpg\",\"contentUrl\":\"https:\\\/\\\/ralf100m.de\\\/wp-content\\\/uploads\\\/2023\\\/04\\\/ralf-200px-logo.jpg\",\"width\":400,\"height\":162,\"caption\":\"wpulitkus\"},\"logo\":{\"@id\":\"https:\\\/\\\/ralf100m.de\\\/wp-content\\\/uploads\\\/2023\\\/04\\\/ralf-200px-logo.jpg\"}}]}<\/script>\n<!-- \/ Yoast SEO plugin. -->","yoast_head_json":{"title":"TK-5628-fl Fibu Lohn Kombi - Ralf 100M","robots":{"index":"index","follow":"follow","max-snippet":"max-snippet:-1","max-image-preview":"max-image-preview:large","max-video-preview":"max-video-preview:-1"},"canonical":"https:\/\/ralf100m.de\/tr\/ueruen\/datev-bordro-muhasebe-kombi\u0307nasyonu\/","og_locale":"tr_TR","og_type":"article","og_title":"TK-5628-fl Fibu Lohn Kombi - Ralf 100M","og_description":"Datev Fibu und Lohn\u00a0 in einem\u00a0 Paket Unter bestimmten Voraussetzungen gew\u00e4hrt die VHS Kurspreiserm\u00e4\u00dfigung -&gt; 383.30) \u20ac Die Voraussetzungen f\u00fcr eine Kurspreiserm\u00e4\u00dfigung findest Du\u00a0hier.  Erm\u00e4\u00dfigungen k\u00f6nnen nur direkt \u00fcber die VHS per\u00a0Formular\u00a0gebucht werden.  Bitte ausgef\u00fcllt an anmeldung@vhstk.de \/ Kopie an mich (info@ralf100m.de) schicken und den Erm\u00e4\u00dfigungsnachweis mitsenden \/ ! Betrifft nur Anmeldungen mit Erm\u00e4\u00dfigung !  &nbsp;","og_url":"https:\/\/ralf100m.de\/tr\/ueruen\/datev-bordro-muhasebe-kombi\u0307nasyonu\/","og_site_name":"Ralf 100M","article_modified_time":"2025-12-18T10:57:34+00:00","og_image":[{"width":500,"height":500,"url":"https:\/\/ralf100m.de\/wp-content\/uploads\/2023\/06\/Datev-Fibu-Lohn-Kombi.png","type":"image\/png"}],"twitter_card":"summary_large_image","twitter_misc":{"Tahmini okuma s\u00fcresi":"3 dakika"},"schema":{"@context":"https:\/\/schema.org","@graph":[{"@type":"WebPage","@id":"https:\/\/ralf100m.de\/produkt\/datev-fibu-lohn-kombi\/","url":"https:\/\/ralf100m.de\/produkt\/datev-fibu-lohn-kombi\/","name":"TK-5628-fl Fibu Lohn Kombi - Ralf 100M","isPartOf":{"@id":"https:\/\/ralf100m.de\/#website"},"primaryImageOfPage":{"@id":"https:\/\/ralf100m.de\/produkt\/datev-fibu-lohn-kombi\/#primaryimage"},"image":{"@id":"https:\/\/ralf100m.de\/produkt\/datev-fibu-lohn-kombi\/#primaryimage"},"thumbnailUrl":"https:\/\/ralf100m.de\/wp-content\/uploads\/2023\/06\/Datev-Fibu-Lohn-Kombi.png","datePublished":"2023-06-25T12:31:03+00:00","dateModified":"2025-12-18T10:57:34+00:00","breadcrumb":{"@id":"https:\/\/ralf100m.de\/produkt\/datev-fibu-lohn-kombi\/#breadcrumb"},"inLanguage":"tr","potentialAction":[{"@type":"ReadAction","target":["https:\/\/ralf100m.de\/produkt\/datev-fibu-lohn-kombi\/"]}]},{"@type":"ImageObject","inLanguage":"tr","@id":"https:\/\/ralf100m.de\/produkt\/datev-fibu-lohn-kombi\/#primaryimage","url":"https:\/\/ralf100m.de\/wp-content\/uploads\/2023\/06\/Datev-Fibu-Lohn-Kombi.png","contentUrl":"https:\/\/ralf100m.de\/wp-content\/uploads\/2023\/06\/Datev-Fibu-Lohn-Kombi.png","width":500,"height":500,"caption":"Datev Fibu + Lohn Kombi"},{"@type":"BreadcrumbList","@id":"https:\/\/ralf100m.de\/produkt\/datev-fibu-lohn-kombi\/#breadcrumb","itemListElement":[{"@type":"ListItem","position":1,"name":"Startseite","item":"https:\/\/ralf100m.de\/"},{"@type":"ListItem","position":2,"name":"Shop","item":"https:\/\/ralf100m.de\/shop\/"},{"@type":"ListItem","position":3,"name":"TK-5628-fl Fibu Lohn Kombi"}]},{"@type":"WebSite","@id":"https:\/\/ralf100m.de\/#website","url":"https:\/\/ralf100m.de\/","name":"Ralf 100M","description":"","publisher":{"@id":"https:\/\/ralf100m.de\/#\/schema\/person\/144d88d0c18fb8f5e6bd155752132c23"},"potentialAction":[{"@type":"SearchAction","target":{"@type":"EntryPoint","urlTemplate":"https:\/\/ralf100m.de\/?s={search_term_string}"},"query-input":{"@type":"PropertyValueSpecification","valueRequired":true,"valueName":"search_term_string"}}],"inLanguage":"tr"},{"@type":["Person","Organization"],"@id":"https:\/\/ralf100m.de\/#\/schema\/person\/144d88d0c18fb8f5e6bd155752132c23","name":"wpulitcus","image":{"@type":"ImageObject","inLanguage":"tr","@id":"https:\/\/ralf100m.de\/wp-content\/uploads\/2023\/04\/ralf-200px-logo.jpg","url":"https:\/\/ralf100m.de\/wp-content\/uploads\/2023\/04\/ralf-200px-logo.jpg","contentUrl":"https:\/\/ralf100m.de\/wp-content\/uploads\/2023\/04\/ralf-200px-logo.jpg","width":400,"height":162,"caption":"wpulitkus"},"logo":{"@id":"https:\/\/ralf100m.de\/wp-content\/uploads\/2023\/04\/ralf-200px-logo.jpg"}}]}},"_links":{"self":[{"href":"https:\/\/ralf100m.de\/tr\/wp-json\/wp\/v2\/product\/4574","targetHints":{"allow":["GET"]}}],"collection":[{"href":"https:\/\/ralf100m.de\/tr\/wp-json\/wp\/v2\/product"}],"about":[{"href":"https:\/\/ralf100m.de\/tr\/wp-json\/wp\/v2\/types\/product"}],"wp:featuredmedia":[{"embeddable":true,"href":"https:\/\/ralf100m.de\/tr\/wp-json\/wp\/v2\/media\/4579"}],"wp:attachment":[{"href":"https:\/\/ralf100m.de\/tr\/wp-json\/wp\/v2\/media?parent=4574"}],"wp:term":[{"taxonomy":"product_brand","embeddable":true,"href":"https:\/\/ralf100m.de\/tr\/wp-json\/wp\/v2\/product_brand?post=4574"},{"taxonomy":"product_cat","embeddable":true,"href":"https:\/\/ralf100m.de\/tr\/wp-json\/wp\/v2\/product_cat?post=4574"},{"taxonomy":"product_tag","embeddable":true,"href":"https:\/\/ralf100m.de\/tr\/wp-json\/wp\/v2\/product_tag?post=4574"}],"curies":[{"name":"wp","href":"https:\/\/api.w.org\/{rel}","templated":true}]}}