{"id":5332,"date":"2024-06-06T01:59:08","date_gmt":"2024-06-05T23:59:08","guid":{"rendered":"https:\/\/ralf100m.de\/?post_type=product&#038;p=5332"},"modified":"2025-12-18T11:24:33","modified_gmt":"2025-12-18T10:24:33","slug":"datev-bordro-online-kursu-3","status":"publish","type":"product","link":"https:\/\/ralf100m.de\/tr\/produkt\/lexware-lohn-online-kurs\/","title":{"rendered":"TK-5635 Lexware ile \u00dccretler | Sadece \u0130smer"},"content":{"rendered":"<p>VHS ile i\u015fbirli\u011fi i\u00e7inde Lexware \u00e7evrimi\u00e7i seminerimizde Lexware'i \u00f6\u011frenebilir, daha do\u011frusu Lexware bordro muhasebesini tan\u0131yabilir ve bu konuda uzmanla\u015fabilirsiniz. Lexware e\u011fitim kursumuzda, bir muhasebe departman\u0131nda veya vergi dairesinde Lexware ile pratik bordro muhasebesi i\u00e7in ihtiyac\u0131n\u0131z olan her \u015feyi \u00f6\u011freneceksiniz.<\/p>\n<ul>\n<li>Merkezi m\u00fc\u015fteri ana veri y\u00f6netimi<\/li>\n<li>Lexware Lohn ile 12 ay boyunca devam eden bordro muhasebesi<\/li>\n<li>Kendi kendine \u00e7al\u0131\u015fma i\u00e7in pratik m\u00fc\u015fteriBaltasar Muster KG M\u00f6belfabrik<\/li>\n<li>\u00c7ok say\u0131da pratik al\u0131\u015ft\u0131rma<\/li>\n<\/ul>\n<p>Kurs fiyat\u0131 indirimi i\u00e7in gerekenleri a\u015fa\u011f\u0131da bulabilirsiniz\u00a0<a href=\"https:\/\/tinyurl.com\/y7wbb46p\"><strong>Burada<\/strong><\/a>.<\/p>\n<h4>Sadece indirimlerle ilgilidir!<\/h4>\n<p>\u0130ndirimler yaln\u0131zca do\u011frudan VHS'den \u015fu yolla al\u0131nabilir\u00a0<a href=\"http:\/\/ralf100m.de\/tr\/Kursanmeldung%20%2B%20Datenschutz.pdf\/\" target=\"_blank\" rel=\"noopener\"><strong>Form<\/strong><\/a>\u00a0rezerve edilebilir.<\/p>\n<p>L\u00fctfen doldurun ve anmeldung@vhstk.de adresine g\u00f6nderin \/ bir kopyas\u0131n\u0131 bana g\u00f6nderin (info@ralf100m.de).<\/p>","protected":false},"excerpt":{"rendered":"<p>A'dan Z'ye Lexware bordro muhasebesi<\/p>\n<p>Belirli ko\u015fullar alt\u0131nda, VHS kurs fiyat\u0131nda indirim sa\u011flar -&gt; 203,75 \u20ac<br \/>\nKurs fiyat\u0131 indirimi i\u00e7in gerekenleri a\u015fa\u011f\u0131da bulabilirsiniz\u00a0<a href=\"https:\/\/tinyurl.com\/y7wbb46p\"><strong>Burada<\/strong><\/a>.<\/p>\n<p>\u0130ndirimler yaln\u0131zca do\u011frudan VHS'den \u015fu yolla al\u0131nabilir\u00a0<a href=\"http:\/\/ralf100m.de\/tr\/Kursanmeldung%20%2B%20Datenschutz.pdf\/\" target=\"_blank\" rel=\"noopener\"><strong>Form<\/strong><\/a>\u00a0rezerve edilebilir.<\/p>\n<p>L\u00fctfen doldurun ve anmeldung@vhstk.de adresine geri g\u00f6nderin \/ bir kopyas\u0131n\u0131 bana g\u00f6nderin (info@ralf100m.de) ve indirim belgesini ekleyin \/ ! <strong>Sadece indirimli kay\u0131tlar i\u00e7in ge\u00e7erlidir!<\/strong><\/p>\n<p>&nbsp;<\/p>","protected":false},"featured_media":4537,"template":"","meta":[],"product_brand":[],"product_cat":[37],"product_tag":[],"class_list":{"0":"post-5332","1":"product","2":"type-product","3":"status-publish","4":"has-post-thumbnail","6":"product_cat-vhs-online-kurse","8":"first","9":"instock","10":"virtual","11":"taxable","12":"purchasable","13":"product-type-simple"},"yoast_head":"<!-- This site is optimized with the Yoast SEO plugin v27.5 - https:\/\/yoast.com\/product\/yoast-seo-wordpress\/ -->\n<title>TK-5635 Lohn mit Lexware | nur Ismer - Ralf 100M<\/title>\n<meta name=\"robots\" content=\"index, follow, max-snippet:-1, max-image-preview:large, max-video-preview:-1\" \/>\n<link rel=\"canonical\" href=\"https:\/\/ralf100m.de\/tr\/ueruen\/datev-bordro-online-kursu-3\/\" \/>\n<meta property=\"og:locale\" content=\"tr_TR\" \/>\n<meta property=\"og:type\" content=\"article\" \/>\n<meta property=\"og:title\" content=\"TK-5635 Lohn mit Lexware | nur Ismer - Ralf 100M\" \/>\n<meta property=\"og:description\" content=\"Lexware Lohnbuchhaltung\u00a0 von A-Z  Unter bestimmten Voraussetzungen gew\u00e4hrt die VHS Kurspreiserm\u00e4\u00dfigung -&gt; 203,75 \u20ac Die Voraussetzungen f\u00fcr eine Kurspreiserm\u00e4\u00dfigung findest Du\u00a0hier.  Erm\u00e4\u00dfigungen k\u00f6nnen nur direkt \u00fcber die VHS per\u00a0Formular\u00a0gebucht werden.  Bitte ausgef\u00fcllt an anmeldung@vhstk.de \/ Kopie an mich (info@ralf100m.de) schicken und den Erm\u00e4\u00dfigungsnachweis mitsenden \/ ! Betrifft nur Anmeldungen mit Erm\u00e4\u00dfigung !  &nbsp;\" \/>\n<meta property=\"og:url\" content=\"https:\/\/ralf100m.de\/tr\/ueruen\/datev-bordro-online-kursu-3\/\" \/>\n<meta property=\"og:site_name\" content=\"Ralf 100M\" \/>\n<meta property=\"article:modified_time\" content=\"2025-12-18T10:24:33+00:00\" \/>\n<meta property=\"og:image\" content=\"https:\/\/ralf100m.de\/wp-content\/uploads\/2023\/06\/Fibu-Lohn-Gehalt.jpeg\" \/>\n\t<meta property=\"og:image:width\" content=\"1000\" \/>\n\t<meta property=\"og:image:height\" content=\"1000\" \/>\n\t<meta property=\"og:image:type\" content=\"image\/jpeg\" \/>\n<meta name=\"twitter:card\" content=\"summary_large_image\" \/>\n<meta name=\"twitter:label1\" content=\"Tahmini okuma s\u00fcresi\" \/>\n\t<meta name=\"twitter:data1\" content=\"1 dakika\" \/>\n<script type=\"application\/ld+json\" class=\"yoast-schema-graph\">{\"@context\":\"https:\\\/\\\/schema.org\",\"@graph\":[{\"@type\":\"WebPage\",\"@id\":\"https:\\\/\\\/ralf100m.de\\\/produkt\\\/lexware-lohn-online-kurs\\\/\",\"url\":\"https:\\\/\\\/ralf100m.de\\\/produkt\\\/lexware-lohn-online-kurs\\\/\",\"name\":\"TK-5635 Lohn mit Lexware | nur Ismer - Ralf 100M\",\"isPartOf\":{\"@id\":\"https:\\\/\\\/ralf100m.de\\\/#website\"},\"primaryImageOfPage\":{\"@id\":\"https:\\\/\\\/ralf100m.de\\\/produkt\\\/lexware-lohn-online-kurs\\\/#primaryimage\"},\"image\":{\"@id\":\"https:\\\/\\\/ralf100m.de\\\/produkt\\\/lexware-lohn-online-kurs\\\/#primaryimage\"},\"thumbnailUrl\":\"https:\\\/\\\/ralf100m.de\\\/wp-content\\\/uploads\\\/2023\\\/06\\\/Fibu-Lohn-Gehalt.jpeg\",\"datePublished\":\"2024-06-05T23:59:08+00:00\",\"dateModified\":\"2025-12-18T10:24:33+00:00\",\"breadcrumb\":{\"@id\":\"https:\\\/\\\/ralf100m.de\\\/produkt\\\/lexware-lohn-online-kurs\\\/#breadcrumb\"},\"inLanguage\":\"tr\",\"potentialAction\":[{\"@type\":\"ReadAction\",\"target\":[\"https:\\\/\\\/ralf100m.de\\\/produkt\\\/lexware-lohn-online-kurs\\\/\"]}]},{\"@type\":\"ImageObject\",\"inLanguage\":\"tr\",\"@id\":\"https:\\\/\\\/ralf100m.de\\\/produkt\\\/lexware-lohn-online-kurs\\\/#primaryimage\",\"url\":\"https:\\\/\\\/ralf100m.de\\\/wp-content\\\/uploads\\\/2023\\\/06\\\/Fibu-Lohn-Gehalt.jpeg\",\"contentUrl\":\"https:\\\/\\\/ralf100m.de\\\/wp-content\\\/uploads\\\/2023\\\/06\\\/Fibu-Lohn-Gehalt.jpeg\",\"width\":1000,\"height\":1000},{\"@type\":\"BreadcrumbList\",\"@id\":\"https:\\\/\\\/ralf100m.de\\\/produkt\\\/lexware-lohn-online-kurs\\\/#breadcrumb\",\"itemListElement\":[{\"@type\":\"ListItem\",\"position\":1,\"name\":\"Startseite\",\"item\":\"https:\\\/\\\/ralf100m.de\\\/\"},{\"@type\":\"ListItem\",\"position\":2,\"name\":\"Shop\",\"item\":\"https:\\\/\\\/ralf100m.de\\\/shop\\\/\"},{\"@type\":\"ListItem\",\"position\":3,\"name\":\"TK-5635 Lohn mit Lexware | nur Ismer\"}]},{\"@type\":\"WebSite\",\"@id\":\"https:\\\/\\\/ralf100m.de\\\/#website\",\"url\":\"https:\\\/\\\/ralf100m.de\\\/\",\"name\":\"Ralf 100M\",\"description\":\"\",\"publisher\":{\"@id\":\"https:\\\/\\\/ralf100m.de\\\/#\\\/schema\\\/person\\\/144d88d0c18fb8f5e6bd155752132c23\"},\"potentialAction\":[{\"@type\":\"SearchAction\",\"target\":{\"@type\":\"EntryPoint\",\"urlTemplate\":\"https:\\\/\\\/ralf100m.de\\\/?s={search_term_string}\"},\"query-input\":{\"@type\":\"PropertyValueSpecification\",\"valueRequired\":true,\"valueName\":\"search_term_string\"}}],\"inLanguage\":\"tr\"},{\"@type\":[\"Person\",\"Organization\"],\"@id\":\"https:\\\/\\\/ralf100m.de\\\/#\\\/schema\\\/person\\\/144d88d0c18fb8f5e6bd155752132c23\",\"name\":\"wpulitkus\",\"image\":{\"@type\":\"ImageObject\",\"inLanguage\":\"tr\",\"@id\":\"https:\\\/\\\/ralf100m.de\\\/wp-content\\\/uploads\\\/2023\\\/04\\\/ralf-200px-logo.jpg\",\"url\":\"https:\\\/\\\/ralf100m.de\\\/wp-content\\\/uploads\\\/2023\\\/04\\\/ralf-200px-logo.jpg\",\"contentUrl\":\"https:\\\/\\\/ralf100m.de\\\/wp-content\\\/uploads\\\/2023\\\/04\\\/ralf-200px-logo.jpg\",\"width\":400,\"height\":162,\"caption\":\"wpulitkus\"},\"logo\":{\"@id\":\"https:\\\/\\\/ralf100m.de\\\/wp-content\\\/uploads\\\/2023\\\/04\\\/ralf-200px-logo.jpg\"}}]}<\/script>\n<!-- \/ Yoast SEO plugin. -->","yoast_head_json":{"title":"TK-5635 Lexware ile \u00dccretler | Sadece \u0130smer - Ralf 100M","robots":{"index":"index","follow":"follow","max-snippet":"max-snippet:-1","max-image-preview":"max-image-preview:large","max-video-preview":"max-video-preview:-1"},"canonical":"https:\/\/ralf100m.de\/tr\/ueruen\/datev-bordro-online-kursu-3\/","og_locale":"tr_TR","og_type":"article","og_title":"TK-5635 Lohn mit Lexware | nur Ismer - Ralf 100M","og_description":"Lexware Lohnbuchhaltung\u00a0 von A-Z  Unter bestimmten Voraussetzungen gew\u00e4hrt die VHS Kurspreiserm\u00e4\u00dfigung -&gt; 203,75 \u20ac Die Voraussetzungen f\u00fcr eine Kurspreiserm\u00e4\u00dfigung findest Du\u00a0hier.  Erm\u00e4\u00dfigungen k\u00f6nnen nur direkt \u00fcber die VHS per\u00a0Formular\u00a0gebucht werden.  Bitte ausgef\u00fcllt an anmeldung@vhstk.de \/ Kopie an mich (info@ralf100m.de) schicken und den Erm\u00e4\u00dfigungsnachweis mitsenden \/ ! Betrifft nur Anmeldungen mit Erm\u00e4\u00dfigung !  &nbsp;","og_url":"https:\/\/ralf100m.de\/tr\/ueruen\/datev-bordro-online-kursu-3\/","og_site_name":"Ralf 100M","article_modified_time":"2025-12-18T10:24:33+00:00","og_image":[{"width":1000,"height":1000,"url":"https:\/\/ralf100m.de\/wp-content\/uploads\/2023\/06\/Fibu-Lohn-Gehalt.jpeg","type":"image\/jpeg"}],"twitter_card":"summary_large_image","twitter_misc":{"Tahmini okuma s\u00fcresi":"1 dakika"},"schema":{"@context":"https:\/\/schema.org","@graph":[{"@type":"WebPage","@id":"https:\/\/ralf100m.de\/produkt\/lexware-lohn-online-kurs\/","url":"https:\/\/ralf100m.de\/produkt\/lexware-lohn-online-kurs\/","name":"TK-5635 Lexware ile \u00dccretler | Sadece \u0130smer - Ralf 100M","isPartOf":{"@id":"https:\/\/ralf100m.de\/#website"},"primaryImageOfPage":{"@id":"https:\/\/ralf100m.de\/produkt\/lexware-lohn-online-kurs\/#primaryimage"},"image":{"@id":"https:\/\/ralf100m.de\/produkt\/lexware-lohn-online-kurs\/#primaryimage"},"thumbnailUrl":"https:\/\/ralf100m.de\/wp-content\/uploads\/2023\/06\/Fibu-Lohn-Gehalt.jpeg","datePublished":"2024-06-05T23:59:08+00:00","dateModified":"2025-12-18T10:24:33+00:00","breadcrumb":{"@id":"https:\/\/ralf100m.de\/produkt\/lexware-lohn-online-kurs\/#breadcrumb"},"inLanguage":"tr","potentialAction":[{"@type":"ReadAction","target":["https:\/\/ralf100m.de\/produkt\/lexware-lohn-online-kurs\/"]}]},{"@type":"ImageObject","inLanguage":"tr","@id":"https:\/\/ralf100m.de\/produkt\/lexware-lohn-online-kurs\/#primaryimage","url":"https:\/\/ralf100m.de\/wp-content\/uploads\/2023\/06\/Fibu-Lohn-Gehalt.jpeg","contentUrl":"https:\/\/ralf100m.de\/wp-content\/uploads\/2023\/06\/Fibu-Lohn-Gehalt.jpeg","width":1000,"height":1000},{"@type":"BreadcrumbList","@id":"https:\/\/ralf100m.de\/produkt\/lexware-lohn-online-kurs\/#breadcrumb","itemListElement":[{"@type":"ListItem","position":1,"name":"Startseite","item":"https:\/\/ralf100m.de\/"},{"@type":"ListItem","position":2,"name":"Shop","item":"https:\/\/ralf100m.de\/shop\/"},{"@type":"ListItem","position":3,"name":"TK-5635 Lohn mit Lexware | nur Ismer"}]},{"@type":"WebSite","@id":"https:\/\/ralf100m.de\/#website","url":"https:\/\/ralf100m.de\/","name":"Ralf 100M","description":"","publisher":{"@id":"https:\/\/ralf100m.de\/#\/schema\/person\/144d88d0c18fb8f5e6bd155752132c23"},"potentialAction":[{"@type":"SearchAction","target":{"@type":"EntryPoint","urlTemplate":"https:\/\/ralf100m.de\/?s={search_term_string}"},"query-input":{"@type":"PropertyValueSpecification","valueRequired":true,"valueName":"search_term_string"}}],"inLanguage":"tr"},{"@type":["Person","Organization"],"@id":"https:\/\/ralf100m.de\/#\/schema\/person\/144d88d0c18fb8f5e6bd155752132c23","name":"wpulitcus","image":{"@type":"ImageObject","inLanguage":"tr","@id":"https:\/\/ralf100m.de\/wp-content\/uploads\/2023\/04\/ralf-200px-logo.jpg","url":"https:\/\/ralf100m.de\/wp-content\/uploads\/2023\/04\/ralf-200px-logo.jpg","contentUrl":"https:\/\/ralf100m.de\/wp-content\/uploads\/2023\/04\/ralf-200px-logo.jpg","width":400,"height":162,"caption":"wpulitkus"},"logo":{"@id":"https:\/\/ralf100m.de\/wp-content\/uploads\/2023\/04\/ralf-200px-logo.jpg"}}]}},"_links":{"self":[{"href":"https:\/\/ralf100m.de\/tr\/wp-json\/wp\/v2\/product\/5332","targetHints":{"allow":["GET"]}}],"collection":[{"href":"https:\/\/ralf100m.de\/tr\/wp-json\/wp\/v2\/product"}],"about":[{"href":"https:\/\/ralf100m.de\/tr\/wp-json\/wp\/v2\/types\/product"}],"wp:featuredmedia":[{"embeddable":true,"href":"https:\/\/ralf100m.de\/tr\/wp-json\/wp\/v2\/media\/4537"}],"wp:attachment":[{"href":"https:\/\/ralf100m.de\/tr\/wp-json\/wp\/v2\/media?parent=5332"}],"wp:term":[{"taxonomy":"product_brand","embeddable":true,"href":"https:\/\/ralf100m.de\/tr\/wp-json\/wp\/v2\/product_brand?post=5332"},{"taxonomy":"product_cat","embeddable":true,"href":"https:\/\/ralf100m.de\/tr\/wp-json\/wp\/v2\/product_cat?post=5332"},{"taxonomy":"product_tag","embeddable":true,"href":"https:\/\/ralf100m.de\/tr\/wp-json\/wp\/v2\/product_tag?post=5332"}],"curies":[{"name":"wp","href":"https:\/\/api.w.org\/{rel}","templated":true}]}}