{"id":5645,"date":"2024-10-14T11:02:31","date_gmt":"2024-10-14T09:02:31","guid":{"rendered":"https:\/\/ralf100m.de\/?post_type=product&#038;p=5645"},"modified":"2025-12-18T11:58:55","modified_gmt":"2025-12-18T10:58:55","slug":"datev-i%cc%87le-bordro-kompakt-bordro-teori%cc%87si%cc%87-ve-bordro-muhasebesi%cc%87","status":"publish","type":"product","link":"https:\/\/ralf100m.de\/tr\/produkt\/lohn-compact-lohn-theorie-und-lohnabrechnung-mit-datev\/","title":{"rendered":"IH-102 \u00dccret Kompakt\u0131 (\u00fccret temelleri + DATEV \u00fccreti) | Sadece \u0130smer"},"content":{"rendered":"<h3><strong>Kurs i\u00e7eri\u011fi<\/strong><\/h3>\n<p>\u00d6\u011frendi\u011finiz bordro muhasebesi uzmanl\u0131\u011f\u0131n\u0131 DATEV bordro uygulamas\u0131 ile birle\u015ftirin. Bir kurs e\u011fitmeninden s\u00fcrekli destek al\u0131n. E\u011fitim <strong>\u00dccret kompakt birle\u015fik kursu<\/strong> kendi kendine \u00e7al\u0131\u015fma online kursunda bordro muhasebesi hakk\u0131nda kapsaml\u0131 temel bilgiler sa\u011flar ve gelecekteki uygulama kariyeriniz i\u00e7in DATEV Bordro'yu nas\u0131l verimli bir \u015fekilde kullanaca\u011f\u0131n\u0131z\u0131 bir video online kursunda g\u00f6sterir.<br \/>\n\u00dccret temelleri ve DATEV \u00fccret ve maa\u015f<\/p>\n<h3><strong>1. bordro temelleri\u0307 - bordro muhasebesi\u0307ne gi\u0307ri\u0307\u015f<\/strong><\/h3>\n<p>Kurs, mevcut yasal duruma g\u00f6re bordro muhasebesi hakk\u0131nda temel bilgi sa\u011flar. Kursu ba\u015far\u0131yla tamamlad\u0131ktan sonra, bordro beyanlar\u0131n\u0131 manuel olarak olu\u015fturabilecek ve sosyal g\u00fcvenlik ve vergi makamlar\u0131na gerekli bildirimleri i\u015fleyebileceksiniz. Kurs, \"Xpert - Business\" sertifika sisteminin \"\u00dccretler ve maa\u015flar\" mod\u00fcl\u00fcn\u00fcn \u00e7er\u00e7eve plan\u0131na dayanmaktad\u0131r.<\/p>\n<h3><strong>2. DATEV Lohn und Gehalt - Teknik program uygulamas\u0131<\/strong><\/h3>\n<p>Bu kompakt kursta, iki pratik vaka \u00e7al\u0131\u015fmas\u0131 kullanarak DATEV \u00dccret ve Maa\u015f program\u0131n\u0131 tan\u0131yacaks\u0131n\u0131z. Zaman ve mekandan ba\u011f\u0131ms\u0131z olarak \u00f6\u011frenme platformumuza eri\u015febilir, \u00f6\u011frenme videolar\u0131n\u0131 ve e\u011fitim materyallerini indirebilirsiniz. DATEV'in \"Erika Mustermann GmbH\" \u00f6rnek vakas\u0131n\u0131 kullanarak program\u0131n temel i\u015flevlerini \u00f6\u011frendikten sonra, \u00f6\u011frendi\u011finiz bilgileri ba\u011f\u0131ms\u0131z olarak ba\u015fka bir \u00f6rnek vaka olan \"Baltasar Muster KG\" \u00fczerinde uygulayacaks\u0131n\u0131z.<br \/>\nBu ders, cari d\u00f6nem i\u00e7in bordro muhasebesi hakk\u0131nda temel bilgi sa\u011flar.<br \/>\nYasal stat\u00fc. Program\u0131 ba\u015far\u0131yla tamamlad\u0131ktan sonra, a\u015fa\u011f\u0131daki i\u015flemleri manuel olarak yapabileceksiniz<br \/>\nve sosyal g\u00fcvenlik ve vergi makamlar\u0131na gerekli raporlamalar\u0131 yapmak.<br \/>\nD\u00fczenle. Kurs, \"Xpert - Business\" sertifika sisteminin \u00e7er\u00e7eve plan\u0131na dayanmaktad\u0131r,<br \/>\n\u00dccret ve maa\u015f\" mod\u00fcl\u00fc.<\/p>\n<h3>Kurs materyalleri<\/h3>\n<p>\u00d6\u011frenme ve al\u0131\u015ft\u0131rma materyalleri, g\u00f6revler, \u00f6\u011frenme ba\u015far\u0131 kontrolleri, harici bilgi kaynaklar\u0131<br \/>\n\"DATEV ile \u0130nsan Kaynaklar\u0131 Y\u00f6netimi\" (PDF), \"Uygulamada \u00dccret ve Maa\u015flar\" (PDF), \u00f6\u011frenme videolar\u0131, vb.<br \/>\n\u00d6nceki bilgi birikimi: G\u00fcncel bordro muhasebesi bilgisi; temel bilgisayar becerileri<br \/>\nTeknik gereksinimler: \u0130nternet eri\u015fimi olan bilgisayar; eri\u015fim i\u00e7in teknik kontrol<br \/>\nDATEV Online yaz\u0131l\u0131m\u0131 ve \u00f6\u011frenme platformu<\/p>","protected":false},"excerpt":{"rendered":"<h3 class=\"product_title entry-title\">Wage Compact paketi (Datev ile \u00fccret teorisi ve bordro muhasebesi)<\/h3>\n<p>&nbsp;<\/p>","protected":false},"featured_media":5648,"template":"","meta":[],"product_brand":[],"product_cat":[27],"product_tag":[],"class_list":{"0":"post-5645","1":"product","2":"type-product","3":"status-publish","4":"has-post-thumbnail","6":"product_cat-unkategorisiert","8":"first","9":"instock","10":"virtual","11":"taxable","12":"purchasable","13":"product-type-simple"},"yoast_head":"<!-- This site is optimized with the Yoast SEO plugin v27.5 - https:\/\/yoast.com\/product\/yoast-seo-wordpress\/ -->\n<title>IH-102 Lohn Compact (Lohn Grundlagen + DATEV Lohn ) | nur Ismer - Ralf 100M<\/title>\n<meta name=\"robots\" content=\"index, follow, max-snippet:-1, max-image-preview:large, max-video-preview:-1\" \/>\n<link rel=\"canonical\" href=\"https:\/\/ralf100m.de\/tr\/ueruen\/datev-i\u0307le-bordro-kompakt-bordro-teori\u0307si\u0307-ve-bordro-muhasebesi\u0307\/\" \/>\n<meta property=\"og:locale\" content=\"tr_TR\" \/>\n<meta property=\"og:type\" content=\"article\" \/>\n<meta property=\"og:title\" content=\"IH-102 Lohn Compact (Lohn Grundlagen + DATEV Lohn ) | nur Ismer - Ralf 100M\" \/>\n<meta property=\"og:description\" content=\"Paket Lohn Compact (Lohn Theorie und Lohnabrechnung mit Datev) &nbsp;\" \/>\n<meta property=\"og:url\" content=\"https:\/\/ralf100m.de\/tr\/ueruen\/datev-i\u0307le-bordro-kompakt-bordro-teori\u0307si\u0307-ve-bordro-muhasebesi\u0307\/\" \/>\n<meta property=\"og:site_name\" content=\"Ralf 100M\" \/>\n<meta property=\"article:modified_time\" content=\"2025-12-18T10:58:55+00:00\" \/>\n<meta property=\"og:image\" content=\"https:\/\/ralf100m.de\/wp-content\/uploads\/2024\/10\/logo_Compact.png\" \/>\n\t<meta property=\"og:image:width\" content=\"1080\" \/>\n\t<meta property=\"og:image:height\" content=\"1080\" \/>\n\t<meta property=\"og:image:type\" content=\"image\/png\" \/>\n<meta name=\"twitter:card\" content=\"summary_large_image\" \/>\n<meta name=\"twitter:label1\" content=\"Tahmini okuma s\u00fcresi\" \/>\n\t<meta name=\"twitter:data1\" content=\"2 dakika\" \/>\n<script type=\"application\/ld+json\" class=\"yoast-schema-graph\">{\"@context\":\"https:\\\/\\\/schema.org\",\"@graph\":[{\"@type\":\"WebPage\",\"@id\":\"https:\\\/\\\/ralf100m.de\\\/produkt\\\/lohn-compact-lohn-theorie-und-lohnabrechnung-mit-datev\\\/\",\"url\":\"https:\\\/\\\/ralf100m.de\\\/produkt\\\/lohn-compact-lohn-theorie-und-lohnabrechnung-mit-datev\\\/\",\"name\":\"IH-102 Lohn Compact (Lohn Grundlagen + DATEV Lohn ) | nur Ismer - Ralf 100M\",\"isPartOf\":{\"@id\":\"https:\\\/\\\/ralf100m.de\\\/#website\"},\"primaryImageOfPage\":{\"@id\":\"https:\\\/\\\/ralf100m.de\\\/produkt\\\/lohn-compact-lohn-theorie-und-lohnabrechnung-mit-datev\\\/#primaryimage\"},\"image\":{\"@id\":\"https:\\\/\\\/ralf100m.de\\\/produkt\\\/lohn-compact-lohn-theorie-und-lohnabrechnung-mit-datev\\\/#primaryimage\"},\"thumbnailUrl\":\"https:\\\/\\\/ralf100m.de\\\/wp-content\\\/uploads\\\/2024\\\/10\\\/logo_Compact.png\",\"datePublished\":\"2024-10-14T09:02:31+00:00\",\"dateModified\":\"2025-12-18T10:58:55+00:00\",\"breadcrumb\":{\"@id\":\"https:\\\/\\\/ralf100m.de\\\/produkt\\\/lohn-compact-lohn-theorie-und-lohnabrechnung-mit-datev\\\/#breadcrumb\"},\"inLanguage\":\"tr\",\"potentialAction\":[{\"@type\":\"ReadAction\",\"target\":[\"https:\\\/\\\/ralf100m.de\\\/produkt\\\/lohn-compact-lohn-theorie-und-lohnabrechnung-mit-datev\\\/\"]}]},{\"@type\":\"ImageObject\",\"inLanguage\":\"tr\",\"@id\":\"https:\\\/\\\/ralf100m.de\\\/produkt\\\/lohn-compact-lohn-theorie-und-lohnabrechnung-mit-datev\\\/#primaryimage\",\"url\":\"https:\\\/\\\/ralf100m.de\\\/wp-content\\\/uploads\\\/2024\\\/10\\\/logo_Compact.png\",\"contentUrl\":\"https:\\\/\\\/ralf100m.de\\\/wp-content\\\/uploads\\\/2024\\\/10\\\/logo_Compact.png\",\"width\":1080,\"height\":1080},{\"@type\":\"BreadcrumbList\",\"@id\":\"https:\\\/\\\/ralf100m.de\\\/produkt\\\/lohn-compact-lohn-theorie-und-lohnabrechnung-mit-datev\\\/#breadcrumb\",\"itemListElement\":[{\"@type\":\"ListItem\",\"position\":1,\"name\":\"Startseite\",\"item\":\"https:\\\/\\\/ralf100m.de\\\/\"},{\"@type\":\"ListItem\",\"position\":2,\"name\":\"Shop\",\"item\":\"https:\\\/\\\/ralf100m.de\\\/shop\\\/\"},{\"@type\":\"ListItem\",\"position\":3,\"name\":\"IH-102 Lohn Compact (Lohn Grundlagen + DATEV Lohn ) | nur Ismer\"}]},{\"@type\":\"WebSite\",\"@id\":\"https:\\\/\\\/ralf100m.de\\\/#website\",\"url\":\"https:\\\/\\\/ralf100m.de\\\/\",\"name\":\"Ralf 100M\",\"description\":\"\",\"publisher\":{\"@id\":\"https:\\\/\\\/ralf100m.de\\\/#\\\/schema\\\/person\\\/144d88d0c18fb8f5e6bd155752132c23\"},\"potentialAction\":[{\"@type\":\"SearchAction\",\"target\":{\"@type\":\"EntryPoint\",\"urlTemplate\":\"https:\\\/\\\/ralf100m.de\\\/?s={search_term_string}\"},\"query-input\":{\"@type\":\"PropertyValueSpecification\",\"valueRequired\":true,\"valueName\":\"search_term_string\"}}],\"inLanguage\":\"tr\"},{\"@type\":[\"Person\",\"Organization\"],\"@id\":\"https:\\\/\\\/ralf100m.de\\\/#\\\/schema\\\/person\\\/144d88d0c18fb8f5e6bd155752132c23\",\"name\":\"wpulitkus\",\"image\":{\"@type\":\"ImageObject\",\"inLanguage\":\"tr\",\"@id\":\"https:\\\/\\\/ralf100m.de\\\/wp-content\\\/uploads\\\/2023\\\/04\\\/ralf-200px-logo.jpg\",\"url\":\"https:\\\/\\\/ralf100m.de\\\/wp-content\\\/uploads\\\/2023\\\/04\\\/ralf-200px-logo.jpg\",\"contentUrl\":\"https:\\\/\\\/ralf100m.de\\\/wp-content\\\/uploads\\\/2023\\\/04\\\/ralf-200px-logo.jpg\",\"width\":400,\"height\":162,\"caption\":\"wpulitkus\"},\"logo\":{\"@id\":\"https:\\\/\\\/ralf100m.de\\\/wp-content\\\/uploads\\\/2023\\\/04\\\/ralf-200px-logo.jpg\"}}]}<\/script>\n<!-- \/ Yoast SEO plugin. -->","yoast_head_json":{"title":"IH-102 Lohn Compact (Lohn Grundlagen + DATEV Lohn) | Sadece Ismer - Ralf 100M","robots":{"index":"index","follow":"follow","max-snippet":"max-snippet:-1","max-image-preview":"max-image-preview:large","max-video-preview":"max-video-preview:-1"},"canonical":"https:\/\/ralf100m.de\/tr\/ueruen\/datev-i\u0307le-bordro-kompakt-bordro-teori\u0307si\u0307-ve-bordro-muhasebesi\u0307\/","og_locale":"tr_TR","og_type":"article","og_title":"IH-102 Lohn Compact (Lohn Grundlagen + DATEV Lohn ) | nur Ismer - Ralf 100M","og_description":"Paket Lohn Compact (Lohn Theorie und Lohnabrechnung mit Datev) &nbsp;","og_url":"https:\/\/ralf100m.de\/tr\/ueruen\/datev-i\u0307le-bordro-kompakt-bordro-teori\u0307si\u0307-ve-bordro-muhasebesi\u0307\/","og_site_name":"Ralf 100M","article_modified_time":"2025-12-18T10:58:55+00:00","og_image":[{"width":1080,"height":1080,"url":"https:\/\/ralf100m.de\/wp-content\/uploads\/2024\/10\/logo_Compact.png","type":"image\/png"}],"twitter_card":"summary_large_image","twitter_misc":{"Tahmini okuma s\u00fcresi":"2 dakika"},"schema":{"@context":"https:\/\/schema.org","@graph":[{"@type":"WebPage","@id":"https:\/\/ralf100m.de\/produkt\/lohn-compact-lohn-theorie-und-lohnabrechnung-mit-datev\/","url":"https:\/\/ralf100m.de\/produkt\/lohn-compact-lohn-theorie-und-lohnabrechnung-mit-datev\/","name":"IH-102 Lohn Compact (Lohn Grundlagen + DATEV Lohn) | Sadece Ismer - Ralf 100M","isPartOf":{"@id":"https:\/\/ralf100m.de\/#website"},"primaryImageOfPage":{"@id":"https:\/\/ralf100m.de\/produkt\/lohn-compact-lohn-theorie-und-lohnabrechnung-mit-datev\/#primaryimage"},"image":{"@id":"https:\/\/ralf100m.de\/produkt\/lohn-compact-lohn-theorie-und-lohnabrechnung-mit-datev\/#primaryimage"},"thumbnailUrl":"https:\/\/ralf100m.de\/wp-content\/uploads\/2024\/10\/logo_Compact.png","datePublished":"2024-10-14T09:02:31+00:00","dateModified":"2025-12-18T10:58:55+00:00","breadcrumb":{"@id":"https:\/\/ralf100m.de\/produkt\/lohn-compact-lohn-theorie-und-lohnabrechnung-mit-datev\/#breadcrumb"},"inLanguage":"tr","potentialAction":[{"@type":"ReadAction","target":["https:\/\/ralf100m.de\/produkt\/lohn-compact-lohn-theorie-und-lohnabrechnung-mit-datev\/"]}]},{"@type":"ImageObject","inLanguage":"tr","@id":"https:\/\/ralf100m.de\/produkt\/lohn-compact-lohn-theorie-und-lohnabrechnung-mit-datev\/#primaryimage","url":"https:\/\/ralf100m.de\/wp-content\/uploads\/2024\/10\/logo_Compact.png","contentUrl":"https:\/\/ralf100m.de\/wp-content\/uploads\/2024\/10\/logo_Compact.png","width":1080,"height":1080},{"@type":"BreadcrumbList","@id":"https:\/\/ralf100m.de\/produkt\/lohn-compact-lohn-theorie-und-lohnabrechnung-mit-datev\/#breadcrumb","itemListElement":[{"@type":"ListItem","position":1,"name":"Startseite","item":"https:\/\/ralf100m.de\/"},{"@type":"ListItem","position":2,"name":"Shop","item":"https:\/\/ralf100m.de\/shop\/"},{"@type":"ListItem","position":3,"name":"IH-102 Lohn Compact (Lohn Grundlagen + DATEV Lohn ) | nur Ismer"}]},{"@type":"WebSite","@id":"https:\/\/ralf100m.de\/#website","url":"https:\/\/ralf100m.de\/","name":"Ralf 100M","description":"","publisher":{"@id":"https:\/\/ralf100m.de\/#\/schema\/person\/144d88d0c18fb8f5e6bd155752132c23"},"potentialAction":[{"@type":"SearchAction","target":{"@type":"EntryPoint","urlTemplate":"https:\/\/ralf100m.de\/?s={search_term_string}"},"query-input":{"@type":"PropertyValueSpecification","valueRequired":true,"valueName":"search_term_string"}}],"inLanguage":"tr"},{"@type":["Person","Organization"],"@id":"https:\/\/ralf100m.de\/#\/schema\/person\/144d88d0c18fb8f5e6bd155752132c23","name":"wpulitcus","image":{"@type":"ImageObject","inLanguage":"tr","@id":"https:\/\/ralf100m.de\/wp-content\/uploads\/2023\/04\/ralf-200px-logo.jpg","url":"https:\/\/ralf100m.de\/wp-content\/uploads\/2023\/04\/ralf-200px-logo.jpg","contentUrl":"https:\/\/ralf100m.de\/wp-content\/uploads\/2023\/04\/ralf-200px-logo.jpg","width":400,"height":162,"caption":"wpulitkus"},"logo":{"@id":"https:\/\/ralf100m.de\/wp-content\/uploads\/2023\/04\/ralf-200px-logo.jpg"}}]}},"_links":{"self":[{"href":"https:\/\/ralf100m.de\/tr\/wp-json\/wp\/v2\/product\/5645","targetHints":{"allow":["GET"]}}],"collection":[{"href":"https:\/\/ralf100m.de\/tr\/wp-json\/wp\/v2\/product"}],"about":[{"href":"https:\/\/ralf100m.de\/tr\/wp-json\/wp\/v2\/types\/product"}],"wp:featuredmedia":[{"embeddable":true,"href":"https:\/\/ralf100m.de\/tr\/wp-json\/wp\/v2\/media\/5648"}],"wp:attachment":[{"href":"https:\/\/ralf100m.de\/tr\/wp-json\/wp\/v2\/media?parent=5645"}],"wp:term":[{"taxonomy":"product_brand","embeddable":true,"href":"https:\/\/ralf100m.de\/tr\/wp-json\/wp\/v2\/product_brand?post=5645"},{"taxonomy":"product_cat","embeddable":true,"href":"https:\/\/ralf100m.de\/tr\/wp-json\/wp\/v2\/product_cat?post=5645"},{"taxonomy":"product_tag","embeddable":true,"href":"https:\/\/ralf100m.de\/tr\/wp-json\/wp\/v2\/product_tag?post=5645"}],"curies":[{"name":"wp","href":"https:\/\/api.w.org\/{rel}","templated":true}]}}