{"id":4221,"date":"2023-03-15T16:59:54","date_gmt":"2023-03-15T15:59:54","guid":{"rendered":"https:\/\/ralf100m.de\/?post_type=product&#038;p=4221"},"modified":"2025-12-18T12:01:36","modified_gmt":"2025-12-18T11:01:36","slug":"5626","status":"publish","type":"product","link":"https:\/\/ralf100m.de\/uk\/%d0%bf%d1%80%d0%be%d0%b4%d1%83%d0%ba%d1%82\/5626\/","title":{"rendered":"TK-5626 \u0421\u0442\u0430\u0436\u0443\u0432\u0430\u043d\u043d\u044f"},"content":{"rendered":"<p>\u041e\u043d\u043b\u0430\u0439\u043d-\u0441\u0442\u0430\u0436\u0443\u0432\u0430\u043d\u043d\u044f \u0454 \u0437\u0430\u0432\u0435\u0440\u0448\u0430\u043b\u044c\u043d\u0438\u043c \u0435\u0442\u0430\u043f\u043e\u043c \u043f\u0456\u0434\u0433\u043e\u0442\u043e\u0432\u043a\u0438 \u0434\u043e \u043f\u0440\u043e\u0444\u0435\u0441\u0456\u0457 \u0444\u0456\u043d\u0430\u043d\u0441\u043e\u0432\u043e\u0433\u043e \u0431\u0443\u0445\u0433\u0430\u043b\u0442\u0435\u0440\u0430 \u0456 \u0433\u043e\u0442\u0443\u0454 \u0432\u0430\u0441 \u0434\u043e \u043d\u0435\u0433\u0430\u0439\u043d\u043e\u0433\u043e \u0432\u0438\u0445\u043e\u0434\u0443 \u043d\u0430 \u0440\u043e\u0431\u043e\u0442\u0443.<\/p>\n<p>\u0412\u0438 \u0434\u0456\u0437\u043d\u0430\u0454\u0442\u0435\u0441\u044f, \u044f\u043a \u043a\u0435\u0440\u0443\u0432\u0430\u0442\u0438 \u0441\u0432\u043e\u0454\u044e \u0449\u043e\u0434\u0435\u043d\u043d\u043e\u044e \u0440\u043e\u0431\u043e\u0442\u043e\u044e \u0437 \u0432\u0435\u043b\u0438\u043a\u043e\u044e \u043a\u0456\u043b\u044c\u043a\u0456\u0441\u0442\u044e \u0434\u043e\u043a\u0443\u043c\u0435\u043d\u0442\u0456\u0432 \u0456, \u043f\u0435\u0440\u0448 \u0437\u0430 \u0432\u0441\u0435, \u044f\u043a\u0456\u0441\u043d\u0438\u043c\u0438 \u0431\u0440\u043e\u043d\u044e\u0432\u0430\u043d\u043d\u044f\u043c\u0438.<br \/>\n\u041d\u0430 \u043f\u043e\u0447\u0430\u0442\u043a\u0443 \u0432\u0438 \u0431\u0443\u0434\u0435\u0442\u0435 \u0440\u043e\u0431\u0438\u0442\u0438 \u043f\u043e\u043c\u0438\u043b\u043a\u0438, \u0442\u0440\u0435\u043d\u0443\u0432\u0430\u0442\u0438\u0441\u044f \u0432 \u0443\u0441\u0443\u043d\u0435\u043d\u043d\u0456 \u043d\u0435\u0441\u043f\u0440\u0430\u0432\u043d\u043e\u0441\u0442\u0435\u0439 \u0456 \u043d\u0430\u0431\u0443\u0434\u0435\u0442\u0435 \u0442\u043e\u0447\u043d\u043e\u0441\u0442\u0456, \u0430 \u043e\u0442\u0436\u0435, \u0432\u043f\u0435\u0432\u043d\u0435\u043d\u043e\u0441\u0442\u0456 \u0432 \u043d\u0430\u0441\u0442\u0443\u043f\u043d\u0438\u0445 \u043f\u0435\u0440\u0456\u043e\u0434\u0430\u0445 \u0431\u0440\u043e\u043d\u044e\u0432\u0430\u043d\u043d\u044f.<\/p>\n<p>\u041e\u0442\u0440\u0438\u043c\u0430\u0432\u0448\u0438 \u0434\u0438\u043f\u043b\u043e\u043c, \u0432\u0438 \u043e\u0442\u0440\u0438\u043c\u0430\u0454\u0442\u0435 <strong>\u041f\u043e\u0441\u0438\u043b\u0430\u043d\u043d\u044f \u043d\u0430 \u0432\u0430\u043a\u0430\u043d\u0441\u0456\u044e <\/strong>\u0446\u0435\u043d\u0442\u0440\u0443 \u043e\u0441\u0432\u0456\u0442\u0438 \u0434\u043e\u0440\u043e\u0441\u043b\u0438\u0445 \u0422\u0440\u0435\u043f\u0442\u043e\u0432-\u041a\u044c\u043e\u043f\u0435\u043d\u0456\u043a \u0443 <strong>\u0421\u043f\u0456\u0432\u043f\u0440\u0430\u0446\u044f \u0437 \u043a\u043e\u043c\u043f\u0430\u043d\u0456\u0454\u044e Datev<\/strong> .<\/p>\n<ul>\n<li>\u0417\u0430\u0432\u0435\u0440\u0448\u0435\u043d\u043d\u044f \u043f\u043e\u0442\u043e\u0447\u043d\u043e\u0433\u043e \u0444\u0456\u043d\u0430\u043d\u0441\u043e\u0432\u043e\u0433\u043e \u043e\u0431\u043b\u0456\u043a\u0443 \u0437 DATEV Kanzlei-Rechnungswesen<\/li>\n<li>\u041f\u0456\u0434\u0433\u043e\u0442\u043e\u0432\u043a\u0430 \u0442\u0430 \u0432\u043d\u0435\u0441\u0435\u043d\u043d\u044f \u0434\u0430\u043d\u0438\u0445 \u0434\u043e \u0440\u0456\u0447\u043d\u043e\u0457 \u0444\u0456\u043d\u0430\u043d\u0441\u043e\u0432\u043e\u0457 \u0437\u0432\u0456\u0442\u043d\u043e\u0441\u0442\u0456 \u043f\u043e\u0434\u0430\u0442\u043a\u043e\u0432\u0438\u043c \u043a\u043e\u043d\u0441\u0443\u043b\u044c\u0442\u0430\u043d\u0442\u043e\u043c<\/li>\n<li>\u0412\u0445\u0456\u0434\u043d\u0456 \u0442\u0430 \u0432\u0438\u0445\u0456\u0434\u043d\u0456 \u0456\u043d\u0432\u043e\u0439\u0441\u0438 \/ \u0432\u043d\u0443\u0442\u0440\u0456\u0448\u043d\u0456, \u0437 \u0404\u0421, \u0442\u0440\u0435\u0442\u0456\u0445 \u043a\u0440\u0430\u0457\u043d<\/li>\n<li>\u0412\u0445\u0456\u0434\u043d\u0456 \u0442\u0430 \u0432\u0438\u0445\u0456\u0434\u043d\u0456 \u043f\u043b\u0430\u0442\u0435\u0436\u0456<\/li>\n<li>\u041f\u0440\u043e\u0432\u043e\u0434\u043a\u0438 \u043f\u043e \u0437\u0430\u0440\u043e\u0431\u0456\u0442\u043d\u0456\u0439 \u043f\u043b\u0430\u0442\u0456<\/li>\n<li>\u0426\u0438\u0444\u0440\u043e\u0432\u0456 \u043a\u0432\u0438\u0442\u0430\u043d\u0446\u0456\u0457<\/li>\n<li>\u0412\u0438\u043f\u0438\u0441\u043a\u0438 \u0437 \u043a\u0430\u0441\u043e\u0432\u043e\u0433\u043e \u0430\u043f\u0430\u0440\u0430\u0442\u0443 \u0442\u0430 \u043a\u0440\u0435\u0434\u0438\u0442\u043d\u0438\u0445 \u043a\u0430\u0440\u0442\u043e\u043a<\/li>\n<li>\u0412\u0456\u0434\u043a\u0440\u0438\u0442\u0435 \u0433\u043e\u043b\u043e\u0441\u0443\u0432\u0430\u043d\u043d\u044f \u043f\u043e \u043f\u0443\u043d\u043a\u0442\u0430\u0445<\/li>\n<li>\u0410\u0432\u0430\u043d\u0441\u043e\u0432\u0456 \u0434\u0435\u043a\u043b\u0430\u0440\u0430\u0446\u0456\u0457 \u0437 \u043f\u043e\u0434\u0430\u0442\u043a\u0443 \u043d\u0430 \u043f\u0440\u0438\u0431\u0443\u0442\u043e\u043a<\/li>\n<li>\u041e\u0431\u043b\u0456\u043a \u0430\u043a\u0442\u0438\u0432\u0456\u0432 (\u0456\u043d\u0432\u0435\u043d\u0442\u0430\u0440\u0438\u0437\u0430\u0446\u0456\u044f, \u0449\u043e\u043c\u0456\u0441\u044f\u0447\u043d\u0430 \u0430\u043c\u043e\u0440\u0442\u0438\u0437\u0430\u0446\u0456\u044f)<\/li>\n<li>\u041d\u0430\u0440\u0430\u0445\u0443\u0432\u0430\u043d\u043d\u044f \u0442\u0430 \u0432\u0456\u0434\u0441\u0442\u0440\u043e\u0447\u043a\u0438 \u043f\u0440\u043e\u0442\u044f\u0433\u043e\u043c \u0440\u043e\u043a\u0443 \u0420\u0435\u0437\u0435\u0440\u0432\u0438\/ \u0441\u0442\u043e\u0440\u043d\u0443\u0432\u0430\u043d\u043d\u044f<\/li>\n<li>\u0417\u0430\u043f\u0438\u0442\u0438 \u043d\u0430 \u0430\u0432\u0430\u043d\u0441\u043e\u0432\u0438\u0439 \u043f\u043b\u0430\u0442\u0456\u0436\/\u043f\u043b\u0430\u0442\u0456\u0436\/\u043e\u0441\u0442\u0430\u0442\u043e\u0447\u043d\u0438\u0439 \u0440\u0430\u0445\u0443\u043d\u043e\u043a<\/li>\n<li>\u0415\u041c\u0421 \u0442\u0430 \u0437\u0431\u0438\u0442\u043a\u0438 \u0432\u0456\u0434 \u0434\u0435\u0431\u0456\u0442\u043e\u0440\u0441\u044c\u043a\u043e\u0457 \u0437\u0430\u0431\u043e\u0440\u0433\u043e\u0432\u0430\u043d\u043e\u0441\u0442\u0456 \u043f\u0440\u043e\u0442\u044f\u0433\u043e\u043c \u0440\u043e\u043a\u0443<\/li>\n<li>\u041f\u0435\u0440\u0435\u0432\u0456\u0440\u043a\u0430 \u0440\u0430\u0445\u0443\u043d\u043a\u0456\u0432-\u0444\u0430\u043a\u0442\u0443\u0440 \/ \u0443\u0437\u0433\u043e\u0434\u0436\u0435\u043d\u0456\u0441\u0442\u044c \u043e\u0431\u043b\u0456\u043a\u0443<\/li>\n<li>\u0411\u0430\u043b\u0430\u043d\u0441 \u043d\u0430 \u043f\u043e\u0447\u0430\u0442\u043e\u043a \u043f\u0435\u0440\u0456\u043e\u0434\u0443 \u041f\u0440\u0435\u0437\u0435\u043d\u0442\u0430\u0446\u0456\u0457<\/li>\n<li>\u0421\u0430\u043c\u043e\u043f\u0435\u0440\u0435\u0432\u0456\u0440\u043a\u0430 \/ \u0437\u0432\u0456\u0440\u043a\u0430 \u0440\u0430\u0445\u0443\u043d\u043a\u0456\u0432 \/ \u0443\u0441\u0443\u043d\u0435\u043d\u043d\u044f \u043d\u0435\u0441\u043f\u0440\u0430\u0432\u043d\u043e\u0441\u0442\u0435\u0439<\/li>\n<li>\u041f\u0456\u0434\u0433\u043e\u0442\u043e\u0432\u043a\u0430 \u0434\u043e\u043a\u0443\u043c\u0435\u043d\u0442\u0456\u0432 \u043d\u0430 \u0432\u0438\u043c\u043e\u0433\u0443 \u0442\u0440\u0435\u0442\u0456\u0445 \u043e\u0441\u0456\u0431<\/li>\n<li>\u041f\u0456\u0434\u0433\u043e\u0442\u043e\u0432\u043a\u0430 \u0440\u0456\u0447\u043d\u043e\u0457 \u0444\u0456\u043d\u0430\u043d\u0441\u043e\u0432\u043e\u0457 \u0437\u0432\u0456\u0442\u043d\u043e\u0441\u0442\u0456<\/li>\n<\/ul>\n<p>\u0412\u0438 \u0437\u043d\u0430\u0439\u0434\u0435\u0442\u0435 \u0432\u0438\u043c\u043e\u0433\u0438 \u0434\u043b\u044f \u0437\u043d\u0438\u0436\u0435\u043d\u043d\u044f \u0446\u0456\u043d\u0438 \u043d\u0430 \u043a\u0443\u0440\u0441\u00a0<a href=\"https:\/\/tinyurl.com\/y7wbb46p\"><strong>\u0442\u0443\u0442.<\/strong><\/a>.<br \/>\n\u0417\u043d\u0438\u0436\u043a\u0438 \u043c\u043e\u0436\u043d\u0430 \u043e\u0442\u0440\u0438\u043c\u0430\u0442\u0438 \u0442\u0456\u043b\u044c\u043a\u0438 \u0431\u0435\u0437\u043f\u043e\u0441\u0435\u0440\u0435\u0434\u043d\u044c\u043e \u0432\u0456\u0434 VHS \u0437\u0430 \u0430\u0434\u0440\u0435\u0441\u043e\u044e\u00a0<a href=\"http:\/\/ralf100m.de\/uk\/Kursanmeldung%20%2B%20Datenschutz.pdf\/\" target=\"_blank\" rel=\"noopener\"><strong>\u0424\u043e\u0440\u043c\u0430<\/strong><\/a>\u00a0\u043c\u043e\u0436\u043d\u0430 \u0437\u0430\u0431\u0440\u043e\u043d\u044e\u0432\u0430\u0442\u0438.<\/p>\n<p>\u0411\u0443\u0434\u044c \u043b\u0430\u0441\u043a\u0430, \u0437\u0430\u043f\u043e\u0432\u043d\u0456\u0442\u044c \u0442\u0430 \u043d\u0430\u0434\u0456\u0448\u043b\u0456\u0442\u044c \u043d\u0430 anmeldung@vhstk.de \/ \u043d\u0430\u0434\u0456\u0448\u043b\u0456\u0442\u044c \u043a\u043e\u043f\u0456\u044e \u043c\u0435\u043d\u0456 (info@ralf100m.de).<\/p>","protected":false},"excerpt":{"rendered":"<p>\u0417\u0430\u0432\u0435\u0440\u0448\u0435\u043d\u043d\u044f \u043f\u0456\u0434\u0433\u043e\u0442\u043e\u0432\u043a\u0438 \u0434\u043e \u043f\u043e\u0441\u0430\u0434\u0438 \u0444\u0456\u043d\u0430\u043d\u0441\u043e\u0432\u043e\u0433\u043e \u0431\u0443\u0445\u0433\u0430\u043b\u0442\u0435\u0440\u0430 \/ \u043d\u0435\u0433\u0430\u0439\u043d\u0438\u0439 \u043f\u043e\u0447\u0430\u0442\u043e\u043a \u0440\u043e\u0431\u043e\u0442\u0438<\/p>\n<p>\u0417\u0430 \u043f\u0435\u0432\u043d\u0438\u0445 \u0443\u043c\u043e\u0432 VHS \u043d\u0430\u0434\u0430\u0454 \u0437\u043d\u0438\u0436\u043a\u0443 \u043d\u0430 \u043a\u0443\u0440\u0441 -&gt; 247,70 \u0454\u0432\u0440\u043e<br \/>\n\u0412\u0438 \u0437\u043d\u0430\u0439\u0434\u0435\u0442\u0435 \u0432\u0438\u043c\u043e\u0433\u0438 \u0434\u043b\u044f \u0437\u043d\u0438\u0436\u0435\u043d\u043d\u044f \u0446\u0456\u043d\u0438 \u043d\u0430 \u043a\u0443\u0440\u0441\u00a0<a href=\"https:\/\/tinyurl.com\/y7wbb46p\"><strong>\u0442\u0443\u0442.<\/strong><\/a>.<\/p>\n<p>\u0417\u043d\u0438\u0436\u043a\u0438 \u043c\u043e\u0436\u043d\u0430 \u043e\u0442\u0440\u0438\u043c\u0430\u0442\u0438 \u0442\u0456\u043b\u044c\u043a\u0438 \u0431\u0435\u0437\u043f\u043e\u0441\u0435\u0440\u0435\u0434\u043d\u044c\u043e \u0432\u0456\u0434 VHS \u0437\u0430 \u0430\u0434\u0440\u0435\u0441\u043e\u044e\u00a0<a href=\"http:\/\/ralf100m.de\/uk\/Kursanmeldung%20%2B%20Datenschutz.pdf\/\" target=\"_blank\" rel=\"noopener\"><strong>\u0424\u043e\u0440\u043c\u0430<\/strong><\/a>\u00a0\u043c\u043e\u0436\u043d\u0430 \u0437\u0430\u0431\u0440\u043e\u043d\u044e\u0432\u0430\u0442\u0438.<\/p>\n<p>\u0411\u0443\u0434\u044c \u043b\u0430\u0441\u043a\u0430, \u0437\u0430\u043f\u043e\u0432\u043d\u0456\u0442\u044c \u0442\u0430 \u043d\u0430\u0434\u0456\u0448\u043b\u0456\u0442\u044c \u043d\u0430 anmeldung@vhstk.de \/ \u043d\u0430\u0434\u0456\u0448\u043b\u0456\u0442\u044c \u043a\u043e\u043f\u0456\u044e \u043c\u0435\u043d\u0456 (info@ralf100m.de) \u0442\u0430 \u0434\u043e\u0434\u0430\u0439\u0442\u0435 \u043f\u0456\u0434\u0442\u0432\u0435\u0440\u0434\u0436\u0435\u043d\u043d\u044f \u0437\u043d\u0438\u0436\u043a\u0438 \/! <strong>\u0414\u0456\u0454 \u043b\u0438\u0448\u0435 \u0434\u043b\u044f \u0440\u0435\u0454\u0441\u0442\u0440\u0430\u0446\u0456\u0439 \u0437\u0456 \u0437\u043d\u0438\u0436\u043a\u043e\u044e!<\/strong><\/p>\n<p>&nbsp;<\/p>\n<p>&nbsp;<\/p>","protected":false},"featured_media":4193,"template":"","meta":[],"product_brand":[],"product_cat":[37],"product_tag":[],"class_list":{"0":"post-4221","1":"product","2":"type-product","3":"status-publish","4":"has-post-thumbnail","6":"product_cat-vhs-online-kurse","8":"first","9":"instock","10":"virtual","11":"taxable","12":"purchasable","13":"product-type-simple"},"yoast_head":"<!-- This site is optimized with the Yoast SEO plugin v27.4 - https:\/\/yoast.com\/product\/yoast-seo-wordpress\/ -->\n<title>TK-5626 Praktikum - Ralf 100M<\/title>\n<meta name=\"robots\" content=\"index, follow, max-snippet:-1, max-image-preview:large, max-video-preview:-1\" \/>\n<link rel=\"canonical\" href=\"https:\/\/ralf100m.de\/uk\/\u043f\u0440\u043e\u0434\u0443\u043a\u0442\/5626\/\" \/>\n<meta property=\"og:locale\" content=\"uk_UA\" \/>\n<meta property=\"og:type\" content=\"article\" \/>\n<meta property=\"og:title\" content=\"TK-5626 Praktikum - Ralf 100M\" \/>\n<meta property=\"og:description\" content=\"Abschluss unserer Vorbereitung zur Finanzbuchhaltert\u00e4tigkeit \/ zum unmittelbaren Einstieg in den Job  Unter bestimmten Voraussetzungen gew\u00e4hrt die VHS Kurspreiserm\u00e4\u00dfigung -&gt; 247,70 \u20ac Die Voraussetzungen f\u00fcr eine Kurspreiserm\u00e4\u00dfigung findest Du\u00a0hier.  Erm\u00e4\u00dfigungen k\u00f6nnen nur direkt \u00fcber die VHS per\u00a0Formular\u00a0gebucht werden.  Bitte ausgef\u00fcllt an anmeldung@vhstk.de \/ Kopie an mich (info@ralf100m.de) schicken und den Erm\u00e4\u00dfigungsnachweis mitsenden \/ ! Betrifft nur Anmeldungen mit Erm\u00e4\u00dfigung !  &nbsp;  &nbsp;\" \/>\n<meta property=\"og:url\" content=\"https:\/\/ralf100m.de\/uk\/\u043f\u0440\u043e\u0434\u0443\u043a\u0442\/5626\/\" \/>\n<meta property=\"og:site_name\" content=\"Ralf 100M\" \/>\n<meta property=\"article:modified_time\" content=\"2025-12-18T11:01:36+00:00\" \/>\n<meta property=\"og:image\" content=\"https:\/\/ralf100m.de\/wp-content\/uploads\/2023\/03\/FiBu-Praktikum.png\" \/>\n\t<meta property=\"og:image:width\" content=\"1302\" \/>\n\t<meta property=\"og:image:height\" content=\"1292\" \/>\n\t<meta property=\"og:image:type\" content=\"image\/png\" \/>\n<meta name=\"twitter:card\" content=\"summary_large_image\" \/>\n<meta name=\"twitter:label1\" content=\"\u041f\u0440\u0438\u0431\u043b. \u0447\u0430\u0441 \u0447\u0438\u0442\u0430\u043d\u043d\u044f\" \/>\n\t<meta name=\"twitter:data1\" content=\"2 \u0445\u0432\u0438\u043b\u0438\u043d\u0438\" \/>\n<script type=\"application\/ld+json\" class=\"yoast-schema-graph\">{\"@context\":\"https:\\\/\\\/schema.org\",\"@graph\":[{\"@type\":\"WebPage\",\"@id\":\"https:\\\/\\\/ralf100m.de\\\/produkt\\\/5626\\\/\",\"url\":\"https:\\\/\\\/ralf100m.de\\\/produkt\\\/5626\\\/\",\"name\":\"TK-5626 Praktikum - Ralf 100M\",\"isPartOf\":{\"@id\":\"https:\\\/\\\/ralf100m.de\\\/#website\"},\"primaryImageOfPage\":{\"@id\":\"https:\\\/\\\/ralf100m.de\\\/produkt\\\/5626\\\/#primaryimage\"},\"image\":{\"@id\":\"https:\\\/\\\/ralf100m.de\\\/produkt\\\/5626\\\/#primaryimage\"},\"thumbnailUrl\":\"https:\\\/\\\/ralf100m.de\\\/wp-content\\\/uploads\\\/2023\\\/03\\\/FiBu-Praktikum.png\",\"datePublished\":\"2023-03-15T15:59:54+00:00\",\"dateModified\":\"2025-12-18T11:01:36+00:00\",\"breadcrumb\":{\"@id\":\"https:\\\/\\\/ralf100m.de\\\/produkt\\\/5626\\\/#breadcrumb\"},\"inLanguage\":\"uk\",\"potentialAction\":[{\"@type\":\"ReadAction\",\"target\":[\"https:\\\/\\\/ralf100m.de\\\/produkt\\\/5626\\\/\"]}]},{\"@type\":\"ImageObject\",\"inLanguage\":\"uk\",\"@id\":\"https:\\\/\\\/ralf100m.de\\\/produkt\\\/5626\\\/#primaryimage\",\"url\":\"https:\\\/\\\/ralf100m.de\\\/wp-content\\\/uploads\\\/2023\\\/03\\\/FiBu-Praktikum.png\",\"contentUrl\":\"https:\\\/\\\/ralf100m.de\\\/wp-content\\\/uploads\\\/2023\\\/03\\\/FiBu-Praktikum.png\",\"width\":1302,\"height\":1292},{\"@type\":\"BreadcrumbList\",\"@id\":\"https:\\\/\\\/ralf100m.de\\\/produkt\\\/5626\\\/#breadcrumb\",\"itemListElement\":[{\"@type\":\"ListItem\",\"position\":1,\"name\":\"Startseite\",\"item\":\"https:\\\/\\\/ralf100m.de\\\/\"},{\"@type\":\"ListItem\",\"position\":2,\"name\":\"Shop\",\"item\":\"https:\\\/\\\/ralf100m.de\\\/shop\\\/\"},{\"@type\":\"ListItem\",\"position\":3,\"name\":\"TK-5626 Praktikum\"}]},{\"@type\":\"WebSite\",\"@id\":\"https:\\\/\\\/ralf100m.de\\\/#website\",\"url\":\"https:\\\/\\\/ralf100m.de\\\/\",\"name\":\"Ralf 100M\",\"description\":\"\",\"publisher\":{\"@id\":\"https:\\\/\\\/ralf100m.de\\\/#\\\/schema\\\/person\\\/144d88d0c18fb8f5e6bd155752132c23\"},\"potentialAction\":[{\"@type\":\"SearchAction\",\"target\":{\"@type\":\"EntryPoint\",\"urlTemplate\":\"https:\\\/\\\/ralf100m.de\\\/?s={search_term_string}\"},\"query-input\":{\"@type\":\"PropertyValueSpecification\",\"valueRequired\":true,\"valueName\":\"search_term_string\"}}],\"inLanguage\":\"uk\"},{\"@type\":[\"Person\",\"Organization\"],\"@id\":\"https:\\\/\\\/ralf100m.de\\\/#\\\/schema\\\/person\\\/144d88d0c18fb8f5e6bd155752132c23\",\"name\":\"wpulitkus\",\"image\":{\"@type\":\"ImageObject\",\"inLanguage\":\"uk\",\"@id\":\"https:\\\/\\\/ralf100m.de\\\/wp-content\\\/uploads\\\/2023\\\/04\\\/ralf-200px-logo.jpg\",\"url\":\"https:\\\/\\\/ralf100m.de\\\/wp-content\\\/uploads\\\/2023\\\/04\\\/ralf-200px-logo.jpg\",\"contentUrl\":\"https:\\\/\\\/ralf100m.de\\\/wp-content\\\/uploads\\\/2023\\\/04\\\/ralf-200px-logo.jpg\",\"width\":400,\"height\":162,\"caption\":\"wpulitkus\"},\"logo\":{\"@id\":\"https:\\\/\\\/ralf100m.de\\\/wp-content\\\/uploads\\\/2023\\\/04\\\/ralf-200px-logo.jpg\"}}]}<\/script>\n<!-- \/ Yoast SEO plugin. -->","yoast_head_json":{"title":"TK-5626 \u0421\u0442\u0430\u0436\u0443\u0432\u0430\u043d\u043d\u044f - Ralf 100M","robots":{"index":"index","follow":"follow","max-snippet":"max-snippet:-1","max-image-preview":"max-image-preview:large","max-video-preview":"max-video-preview:-1"},"canonical":"https:\/\/ralf100m.de\/uk\/\u043f\u0440\u043e\u0434\u0443\u043a\u0442\/5626\/","og_locale":"uk_UA","og_type":"article","og_title":"TK-5626 Praktikum - Ralf 100M","og_description":"Abschluss unserer Vorbereitung zur Finanzbuchhaltert\u00e4tigkeit \/ zum unmittelbaren Einstieg in den Job  Unter bestimmten Voraussetzungen gew\u00e4hrt die VHS Kurspreiserm\u00e4\u00dfigung -&gt; 247,70 \u20ac Die Voraussetzungen f\u00fcr eine Kurspreiserm\u00e4\u00dfigung findest Du\u00a0hier.  Erm\u00e4\u00dfigungen k\u00f6nnen nur direkt \u00fcber die VHS per\u00a0Formular\u00a0gebucht werden.  Bitte ausgef\u00fcllt an anmeldung@vhstk.de \/ Kopie an mich (info@ralf100m.de) schicken und den Erm\u00e4\u00dfigungsnachweis mitsenden \/ ! Betrifft nur Anmeldungen mit Erm\u00e4\u00dfigung !  &nbsp;  &nbsp;","og_url":"https:\/\/ralf100m.de\/uk\/\u043f\u0440\u043e\u0434\u0443\u043a\u0442\/5626\/","og_site_name":"Ralf 100M","article_modified_time":"2025-12-18T11:01:36+00:00","og_image":[{"width":1302,"height":1292,"url":"https:\/\/ralf100m.de\/wp-content\/uploads\/2023\/03\/FiBu-Praktikum.png","type":"image\/png"}],"twitter_card":"summary_large_image","twitter_misc":{"\u041f\u0440\u0438\u0431\u043b. \u0447\u0430\u0441 \u0447\u0438\u0442\u0430\u043d\u043d\u044f":"2 \u0445\u0432\u0438\u043b\u0438\u043d\u0438"},"schema":{"@context":"https:\/\/schema.org","@graph":[{"@type":"WebPage","@id":"https:\/\/ralf100m.de\/produkt\/5626\/","url":"https:\/\/ralf100m.de\/produkt\/5626\/","name":"TK-5626 \u0421\u0442\u0430\u0436\u0443\u0432\u0430\u043d\u043d\u044f - Ralf 100M","isPartOf":{"@id":"https:\/\/ralf100m.de\/#website"},"primaryImageOfPage":{"@id":"https:\/\/ralf100m.de\/produkt\/5626\/#primaryimage"},"image":{"@id":"https:\/\/ralf100m.de\/produkt\/5626\/#primaryimage"},"thumbnailUrl":"https:\/\/ralf100m.de\/wp-content\/uploads\/2023\/03\/FiBu-Praktikum.png","datePublished":"2023-03-15T15:59:54+00:00","dateModified":"2025-12-18T11:01:36+00:00","breadcrumb":{"@id":"https:\/\/ralf100m.de\/produkt\/5626\/#breadcrumb"},"inLanguage":"uk","potentialAction":[{"@type":"ReadAction","target":["https:\/\/ralf100m.de\/produkt\/5626\/"]}]},{"@type":"ImageObject","inLanguage":"uk","@id":"https:\/\/ralf100m.de\/produkt\/5626\/#primaryimage","url":"https:\/\/ralf100m.de\/wp-content\/uploads\/2023\/03\/FiBu-Praktikum.png","contentUrl":"https:\/\/ralf100m.de\/wp-content\/uploads\/2023\/03\/FiBu-Praktikum.png","width":1302,"height":1292},{"@type":"BreadcrumbList","@id":"https:\/\/ralf100m.de\/produkt\/5626\/#breadcrumb","itemListElement":[{"@type":"ListItem","position":1,"name":"Startseite","item":"https:\/\/ralf100m.de\/"},{"@type":"ListItem","position":2,"name":"Shop","item":"https:\/\/ralf100m.de\/shop\/"},{"@type":"ListItem","position":3,"name":"TK-5626 Praktikum"}]},{"@type":"WebSite","@id":"https:\/\/ralf100m.de\/#website","url":"https:\/\/ralf100m.de\/","name":"Ralf 100M","description":"","publisher":{"@id":"https:\/\/ralf100m.de\/#\/schema\/person\/144d88d0c18fb8f5e6bd155752132c23"},"potentialAction":[{"@type":"SearchAction","target":{"@type":"EntryPoint","urlTemplate":"https:\/\/ralf100m.de\/?s={search_term_string}"},"query-input":{"@type":"PropertyValueSpecification","valueRequired":true,"valueName":"search_term_string"}}],"inLanguage":"uk"},{"@type":["Person","Organization"],"@id":"https:\/\/ralf100m.de\/#\/schema\/person\/144d88d0c18fb8f5e6bd155752132c23","name":"wpulitcus","image":{"@type":"ImageObject","inLanguage":"uk","@id":"https:\/\/ralf100m.de\/wp-content\/uploads\/2023\/04\/ralf-200px-logo.jpg","url":"https:\/\/ralf100m.de\/wp-content\/uploads\/2023\/04\/ralf-200px-logo.jpg","contentUrl":"https:\/\/ralf100m.de\/wp-content\/uploads\/2023\/04\/ralf-200px-logo.jpg","width":400,"height":162,"caption":"wpulitkus"},"logo":{"@id":"https:\/\/ralf100m.de\/wp-content\/uploads\/2023\/04\/ralf-200px-logo.jpg"}}]}},"_links":{"self":[{"href":"https:\/\/ralf100m.de\/uk\/wp-json\/wp\/v2\/product\/4221","targetHints":{"allow":["GET"]}}],"collection":[{"href":"https:\/\/ralf100m.de\/uk\/wp-json\/wp\/v2\/product"}],"about":[{"href":"https:\/\/ralf100m.de\/uk\/wp-json\/wp\/v2\/types\/product"}],"wp:featuredmedia":[{"embeddable":true,"href":"https:\/\/ralf100m.de\/uk\/wp-json\/wp\/v2\/media\/4193"}],"wp:attachment":[{"href":"https:\/\/ralf100m.de\/uk\/wp-json\/wp\/v2\/media?parent=4221"}],"wp:term":[{"taxonomy":"product_brand","embeddable":true,"href":"https:\/\/ralf100m.de\/uk\/wp-json\/wp\/v2\/product_brand?post=4221"},{"taxonomy":"product_cat","embeddable":true,"href":"https:\/\/ralf100m.de\/uk\/wp-json\/wp\/v2\/product_cat?post=4221"},{"taxonomy":"product_tag","embeddable":true,"href":"https:\/\/ralf100m.de\/uk\/wp-json\/wp\/v2\/product_tag?post=4221"}],"curies":[{"name":"wp","href":"https:\/\/api.w.org\/{rel}","templated":true}]}}