{"id":3891,"date":"2022-02-06T16:50:23","date_gmt":"2022-02-06T15:50:23","guid":{"rendered":"https:\/\/ralf100m.de\/?page_id=3891"},"modified":"2026-01-07T11:42:12","modified_gmt":"2026-01-07T10:42:12","slug":"%e5%9c%a8-datev-%e8%bf%9b%e8%a1%8c%e8%b4%a2%e5%8a%a1%e4%bc%9a%e8%ae%a1%e5%9c%a8%e7%ba%bf%e5%ae%9e%e4%b9%a0","status":"publish","type":"page","link":"https:\/\/ralf100m.de\/zh\/kurse\/finanzbuchhaltung-online-praktikum-mit-datev\/","title":{"rendered":"\u901a\u8fc7 Datev \u8fdb\u884c\u8d22\u52a1\u4f1a\u8ba1\u5728\u7ebf\u5b9e\u4e60"},"content":{"rendered":"","protected":false},"excerpt":{"rendered":"","protected":false},"author":3,"featured_media":0,"parent":4265,"menu_order":0,"comment_status":"closed","ping_status":"closed","template":"","meta":{"footnotes":""},"class_list":["post-3891","page","type-page","status-publish","hentry"],"yoast_head":"<!-- This site is optimized with the Yoast SEO plugin v27.5 - https:\/\/yoast.com\/product\/yoast-seo-wordpress\/ -->\n<title>Online Praktikum Finanzbuchhaltung mit Datev - Ralf 100M<\/title>\n<meta name=\"description\" content=\"Online Praktikum f\u00fcr den Einstieg in die Finanzbuchf\u00fchrung . Das Praktikum richtet sich an die, die keinen Praktikumsplatz vor Ort finden oder die unabh\u00e4ngig von Ort und Zeit arbeiten wollen.\" \/>\n<meta name=\"robots\" content=\"index, follow, max-snippet:-1, max-image-preview:large, max-video-preview:-1\" \/>\n<link rel=\"canonical\" href=\"https:\/\/ralf100m.de\/zh\/\u8bfe\u7a0b\/\u5728-datev-\u8fdb\u884c\u8d22\u52a1\u4f1a\u8ba1\u5728\u7ebf\u5b9e\u4e60\/\" \/>\n<meta property=\"og:locale\" content=\"zh_CN\" \/>\n<meta property=\"og:type\" content=\"article\" \/>\n<meta property=\"og:title\" content=\"Online Praktikum Finanzbuchhaltung mit Datev - Ralf 100M\" \/>\n<meta property=\"og:description\" content=\"Online Praktikum f\u00fcr den Einstieg in die Finanzbuchf\u00fchrung . Das Praktikum richtet sich an die, die keinen Praktikumsplatz vor Ort finden oder die unabh\u00e4ngig von Ort und Zeit arbeiten wollen.\" \/>\n<meta property=\"og:url\" content=\"https:\/\/ralf100m.de\/zh\/\u8bfe\u7a0b\/\u5728-datev-\u8fdb\u884c\u8d22\u52a1\u4f1a\u8ba1\u5728\u7ebf\u5b9e\u4e60\/\" \/>\n<meta property=\"og:site_name\" content=\"Ralf 100M\" \/>\n<meta property=\"article:modified_time\" content=\"2026-01-07T10:42:12+00:00\" \/>\n<meta name=\"twitter:card\" content=\"summary_large_image\" \/>\n<meta name=\"twitter:label1\" content=\"\u9884\u8ba1\u9605\u8bfb\u65f6\u95f4\" \/>\n\t<meta name=\"twitter:data1\" content=\"13 \u5206\" \/>\n<script type=\"application\/ld+json\" class=\"yoast-schema-graph\">{\"@context\":\"https:\\\/\\\/schema.org\",\"@graph\":[{\"@type\":\"WebPage\",\"@id\":\"https:\\\/\\\/ralf100m.de\\\/kurse\\\/finanzbuchhaltung-online-praktikum-mit-datev\\\/\",\"url\":\"https:\\\/\\\/ralf100m.de\\\/kurse\\\/finanzbuchhaltung-online-praktikum-mit-datev\\\/\",\"name\":\"Online Praktikum Finanzbuchhaltung mit Datev - Ralf 100M\",\"isPartOf\":{\"@id\":\"https:\\\/\\\/ralf100m.de\\\/#website\"},\"datePublished\":\"2022-02-06T15:50:23+00:00\",\"dateModified\":\"2026-01-07T10:42:12+00:00\",\"description\":\"Online Praktikum f\u00fcr den Einstieg in die Finanzbuchf\u00fchrung . Das Praktikum richtet sich an die, die keinen Praktikumsplatz vor Ort finden oder die unabh\u00e4ngig von Ort und Zeit arbeiten wollen.\",\"breadcrumb\":{\"@id\":\"https:\\\/\\\/ralf100m.de\\\/kurse\\\/finanzbuchhaltung-online-praktikum-mit-datev\\\/#breadcrumb\"},\"inLanguage\":\"zh-Hans\",\"potentialAction\":[{\"@type\":\"ReadAction\",\"target\":[\"https:\\\/\\\/ralf100m.de\\\/kurse\\\/finanzbuchhaltung-online-praktikum-mit-datev\\\/\"]}]},{\"@type\":\"BreadcrumbList\",\"@id\":\"https:\\\/\\\/ralf100m.de\\\/kurse\\\/finanzbuchhaltung-online-praktikum-mit-datev\\\/#breadcrumb\",\"itemListElement\":[{\"@type\":\"ListItem\",\"position\":1,\"name\":\"Startseite\",\"item\":\"https:\\\/\\\/ralf100m.de\\\/\"},{\"@type\":\"ListItem\",\"position\":2,\"name\":\"Kurse\",\"item\":\"https:\\\/\\\/ralf100m.de\\\/kurse\\\/\"},{\"@type\":\"ListItem\",\"position\":3,\"name\":\"Online Praktikum Finanzbuchhaltung mit Datev\"}]},{\"@type\":\"WebSite\",\"@id\":\"https:\\\/\\\/ralf100m.de\\\/#website\",\"url\":\"https:\\\/\\\/ralf100m.de\\\/\",\"name\":\"Ralf 100M\",\"description\":\"\",\"publisher\":{\"@id\":\"https:\\\/\\\/ralf100m.de\\\/#\\\/schema\\\/person\\\/144d88d0c18fb8f5e6bd155752132c23\"},\"potentialAction\":[{\"@type\":\"SearchAction\",\"target\":{\"@type\":\"EntryPoint\",\"urlTemplate\":\"https:\\\/\\\/ralf100m.de\\\/?s={search_term_string}\"},\"query-input\":{\"@type\":\"PropertyValueSpecification\",\"valueRequired\":true,\"valueName\":\"search_term_string\"}}],\"inLanguage\":\"zh-Hans\"},{\"@type\":[\"Person\",\"Organization\"],\"@id\":\"https:\\\/\\\/ralf100m.de\\\/#\\\/schema\\\/person\\\/144d88d0c18fb8f5e6bd155752132c23\",\"name\":\"wpulitkus\",\"image\":{\"@type\":\"ImageObject\",\"inLanguage\":\"zh-Hans\",\"@id\":\"https:\\\/\\\/ralf100m.de\\\/wp-content\\\/uploads\\\/2023\\\/04\\\/ralf-200px-logo.jpg\",\"url\":\"https:\\\/\\\/ralf100m.de\\\/wp-content\\\/uploads\\\/2023\\\/04\\\/ralf-200px-logo.jpg\",\"contentUrl\":\"https:\\\/\\\/ralf100m.de\\\/wp-content\\\/uploads\\\/2023\\\/04\\\/ralf-200px-logo.jpg\",\"width\":400,\"height\":162,\"caption\":\"wpulitkus\"},\"logo\":{\"@id\":\"https:\\\/\\\/ralf100m.de\\\/wp-content\\\/uploads\\\/2023\\\/04\\\/ralf-200px-logo.jpg\"}}]}<\/script>\n<!-- \/ Yoast SEO plugin. -->","yoast_head_json":{"title":"Datev \u8d22\u52a1\u4f1a\u8ba1\u5728\u7ebf\u5b9e\u4e60 - Ralf 100M","description":"\u8fdb\u5165\u8d22\u52a1\u4f1a\u8ba1\u9886\u57df\u7684\u5728\u7ebf\u5b9e\u4e60\u3002\u8be5\u5b9e\u4e60\u9762\u5411\u90a3\u4e9b\u65e0\u6cd5\u5728\u73b0\u573a\u627e\u5230\u5b9e\u4e60\u673a\u4f1a\u6216\u5e0c\u671b\u4e0d\u53d7\u65f6\u95f4\u548c\u5730\u70b9\u9650\u5236\u72ec\u7acb\u5de5\u4f5c\u7684\u4eba\u3002","robots":{"index":"index","follow":"follow","max-snippet":"max-snippet:-1","max-image-preview":"max-image-preview:large","max-video-preview":"max-video-preview:-1"},"canonical":"https:\/\/ralf100m.de\/zh\/\u8bfe\u7a0b\/\u5728-datev-\u8fdb\u884c\u8d22\u52a1\u4f1a\u8ba1\u5728\u7ebf\u5b9e\u4e60\/","og_locale":"zh_CN","og_type":"article","og_title":"Online Praktikum Finanzbuchhaltung mit Datev - Ralf 100M","og_description":"Online Praktikum f\u00fcr den Einstieg in die Finanzbuchf\u00fchrung . Das Praktikum richtet sich an die, die keinen Praktikumsplatz vor Ort finden oder die unabh\u00e4ngig von Ort und Zeit arbeiten wollen.","og_url":"https:\/\/ralf100m.de\/zh\/\u8bfe\u7a0b\/\u5728-datev-\u8fdb\u884c\u8d22\u52a1\u4f1a\u8ba1\u5728\u7ebf\u5b9e\u4e60\/","og_site_name":"Ralf 100M","article_modified_time":"2026-01-07T10:42:12+00:00","twitter_card":"summary_large_image","twitter_misc":{"\u9884\u8ba1\u9605\u8bfb\u65f6\u95f4":"13 \u5206"},"schema":{"@context":"https:\/\/schema.org","@graph":[{"@type":"WebPage","@id":"https:\/\/ralf100m.de\/kurse\/finanzbuchhaltung-online-praktikum-mit-datev\/","url":"https:\/\/ralf100m.de\/kurse\/finanzbuchhaltung-online-praktikum-mit-datev\/","name":"Datev \u8d22\u52a1\u4f1a\u8ba1\u5728\u7ebf\u5b9e\u4e60 - Ralf 100M","isPartOf":{"@id":"https:\/\/ralf100m.de\/#website"},"datePublished":"2022-02-06T15:50:23+00:00","dateModified":"2026-01-07T10:42:12+00:00","description":"\u8fdb\u5165\u8d22\u52a1\u4f1a\u8ba1\u9886\u57df\u7684\u5728\u7ebf\u5b9e\u4e60\u3002\u8be5\u5b9e\u4e60\u9762\u5411\u90a3\u4e9b\u65e0\u6cd5\u5728\u73b0\u573a\u627e\u5230\u5b9e\u4e60\u673a\u4f1a\u6216\u5e0c\u671b\u4e0d\u53d7\u65f6\u95f4\u548c\u5730\u70b9\u9650\u5236\u72ec\u7acb\u5de5\u4f5c\u7684\u4eba\u3002","breadcrumb":{"@id":"https:\/\/ralf100m.de\/kurse\/finanzbuchhaltung-online-praktikum-mit-datev\/#breadcrumb"},"inLanguage":"zh-Hans","potentialAction":[{"@type":"ReadAction","target":["https:\/\/ralf100m.de\/kurse\/finanzbuchhaltung-online-praktikum-mit-datev\/"]}]},{"@type":"BreadcrumbList","@id":"https:\/\/ralf100m.de\/kurse\/finanzbuchhaltung-online-praktikum-mit-datev\/#breadcrumb","itemListElement":[{"@type":"ListItem","position":1,"name":"Startseite","item":"https:\/\/ralf100m.de\/"},{"@type":"ListItem","position":2,"name":"Kurse","item":"https:\/\/ralf100m.de\/kurse\/"},{"@type":"ListItem","position":3,"name":"Online Praktikum Finanzbuchhaltung mit Datev"}]},{"@type":"WebSite","@id":"https:\/\/ralf100m.de\/#website","url":"https:\/\/ralf100m.de\/","name":"\u62c9\u5c14\u592b 100M","description":"","publisher":{"@id":"https:\/\/ralf100m.de\/#\/schema\/person\/144d88d0c18fb8f5e6bd155752132c23"},"potentialAction":[{"@type":"SearchAction","target":{"@type":"EntryPoint","urlTemplate":"https:\/\/ralf100m.de\/?s={search_term_string}"},"query-input":{"@type":"PropertyValueSpecification","valueRequired":true,"valueName":"search_term_string"}}],"inLanguage":"zh-Hans"},{"@type":["Person","Organization"],"@id":"https:\/\/ralf100m.de\/#\/schema\/person\/144d88d0c18fb8f5e6bd155752132c23","name":"wpulitcus","image":{"@type":"ImageObject","inLanguage":"zh-Hans","@id":"https:\/\/ralf100m.de\/wp-content\/uploads\/2023\/04\/ralf-200px-logo.jpg","url":"https:\/\/ralf100m.de\/wp-content\/uploads\/2023\/04\/ralf-200px-logo.jpg","contentUrl":"https:\/\/ralf100m.de\/wp-content\/uploads\/2023\/04\/ralf-200px-logo.jpg","width":400,"height":162,"caption":"wpulitkus"},"logo":{"@id":"https:\/\/ralf100m.de\/wp-content\/uploads\/2023\/04\/ralf-200px-logo.jpg"}}]}},"_links":{"self":[{"href":"https:\/\/ralf100m.de\/zh\/wp-json\/wp\/v2\/pages\/3891","targetHints":{"allow":["GET"]}}],"collection":[{"href":"https:\/\/ralf100m.de\/zh\/wp-json\/wp\/v2\/pages"}],"about":[{"href":"https:\/\/ralf100m.de\/zh\/wp-json\/wp\/v2\/types\/page"}],"author":[{"embeddable":true,"href":"https:\/\/ralf100m.de\/zh\/wp-json\/wp\/v2\/users\/3"}],"replies":[{"embeddable":true,"href":"https:\/\/ralf100m.de\/zh\/wp-json\/wp\/v2\/comments?post=3891"}],"version-history":[{"count":1,"href":"https:\/\/ralf100m.de\/zh\/wp-json\/wp\/v2\/pages\/3891\/revisions"}],"predecessor-version":[{"id":6638,"href":"https:\/\/ralf100m.de\/zh\/wp-json\/wp\/v2\/pages\/3891\/revisions\/6638"}],"up":[{"embeddable":true,"href":"https:\/\/ralf100m.de\/zh\/wp-json\/wp\/v2\/pages\/4265"}],"wp:attachment":[{"href":"https:\/\/ralf100m.de\/zh\/wp-json\/wp\/v2\/media?parent=3891"}],"curies":[{"name":"wp","href":"https:\/\/api.w.org\/{rel}","templated":true}]}}