{"id":4013,"date":"2023-01-28T21:03:25","date_gmt":"2023-01-28T20:03:25","guid":{"rendered":"https:\/\/ralf100m.de\/produkt\/hoodie-with-logo\/"},"modified":"2025-12-18T12:04:31","modified_gmt":"2025-12-18T11:04:31","slug":"5614-2","status":"publish","type":"product","link":"https:\/\/ralf100m.de\/zh\/produkt\/5614-2\/","title":{"rendered":"TK-5614-1 \u8d22\u52a1\u4f1a\u8ba1 2"},"content":{"rendered":"<p>\u5728\u5728\u7ebf\u8bfe\u7a0b\u300a\u8d22\u52a1\u4f1a\u8ba1 2\u300b\uff08Xpert Business\uff09\u4e2d\uff0c\u60a8\u5c06\u52a0\u6df1\u5bf9\u4f1a\u8ba1\u77e5\u8bc6\u7684\u4e86\u89e3\uff0c\u5b66\u4e60\u4f1a\u8ba1\u5b9e\u52a1\u6240\u9700\u7684\u4e00\u5207\u77e5\u8bc6\uff0c\u5e76\u66f4\u597d\u5730\u7406\u89e3\u5e74\u5ea6\u8d22\u52a1\u62a5\u8868\u7684\u6d41\u7a0b\u3002<\/p>\n<ul>\n<li>\u751f\u4ea7\u6027\u4f01\u4e1a\u7684\u7279\u522b\u4e4b\u5904<\/li>\n<li>\u672a\u5b8c\u6210\u548c\u5df2\u5b8c\u6210\u7684\u8d27\u7269\/\u670d\u52a1\u5165\u8d26<\/li>\n<li>\u5e74\u5ea6\u8d22\u52a1\u62a5\u8868\u7684\u5185\u5bb9<\/li>\n<li>\u8d44\u4ea7\u8d1f\u503a\u8868\u7f16\u5236\u539f\u5219<\/li>\n<li>\u8d39\u7528\u548c\u6536\u5165\u7684\u5b9e\u8d28\u6027\u548c\u65f6\u95f4\u6027\u9012\u5ef6<\/li>\n<li>\u5e94\u7a0e\u548c\u514d\u7a0e\u4ea4\u6613<\/li>\n<li>\u7a0e\u8d1f\u8f6c\u56de<\/li>\n<li>\u9700\u7f34\u7eb3\u589e\u503c\u7a0e\u7684\u5916\u56fd\uff1b\u4e0e\u6b27\u5171\u4f53\u5176\u4ed6\u56fd\u5bb6\u548c\u7b2c\u4e09\u56fd\u7684\u8d27\u7269\u4ea4\u6613<\/li>\n<li>\u6536\u5230\u548c\u652f\u4ed8\u7684\u9884\u4ed8\u6b3e<\/li>\n<li>\u5546\u6cd5\u548c\u7a0e\u6cd5\u5bf9\u56fa\u5b9a\u8d44\u4ea7\u548c\u6d41\u52a8\u8d44\u4ea7\u7684\u8bc4\u4f30\u89c4\u5b9a\/\u8bc4\u4f30\u6807\u51c6\/\u6298\u65e7\u548c\u644a\u9500<\/li>\n<li>\u7a0e\u6536\u6298\u65e7\/\u8d26\u76ee\u7684\u7ed3\u8f6c\u548c\u6295\u8d44\u62b5\u6263\u989d\u7684\u9500\u8d26\uff1b<\/li>\n<li>\u5b58\u8d27\u548c\u5e94\u6536\u8d26\u6b3e\u4f30\u503c<\/li>\n<li>\u8d44\u4ea7\u8d1f\u503a\u8868\u4e2d\u786e\u8ba4\u7684\u8d44\u672c<\/li>\n<li>\u51c6\u5907\u91d1\u7684\u8ba1\u5165\u548c\u8f6c\u56de<\/li>\n<li>\u8d1f\u503a\u4f30\u503c<\/li>\n<li>\u5927\u91cf\u7ec3\u4e60<\/li>\n<\/ul>\n<p>\u60a8\u5c06\u770b\u5230\u8bfe\u7a0b\u964d\u4ef7\u7684\u8981\u6c42\u00a0<a href=\"https:\/\/tinyurl.com\/y7wbb46p\"><strong>\u8fd9\u91cc<\/strong><\/a>.<br \/>\n\u6298\u6263\u53ea\u80fd\u76f4\u63a5\u4ece VHS \u4ee5\u586b\u5199\u4ee5\u4e0b\u00a0<a href=\"http:\/\/ralf100m.de\/zh\/Kursanmeldung%20%2B%20Datenschutz.pdf\/\" target=\"_blank\" rel=\"noopener\"><strong>\u8868\u683c<\/strong><\/a>\u00a0\u7684\u65b9\u5f0f\u83b7\u53d6\u3002<\/p>\n<p>\u8bf7\u586b\u5199\u5e76\u53d1\u9001\u81f3 anmeldung@vhstk.de \/ \u7ed9\u6211\u5bc4\u4e00\u4efd\u526f\u672c (info@ralf100m.de)\u3002<\/p>\n<p>&nbsp;<\/p>","protected":false},"excerpt":{"rendered":"<p>\u7ee7 Fibu 1 \u4e4b\u540e\u7684\u8d22\u52a1\u4f1a\u8ba1\u7b2c 2 \u90e8\u5206\u57fa\u7840\/\u9ad8\u7ea7\u8bfe\u7a0b<\/p>\n<p>\u5728\u67d0\u4e9b\u60c5\u51b5\u4e0b\uff0cVHS \u53ef\u51cf\u514d\u8bfe\u7a0b\u8d39\u7528 -&gt; 101.75 \u6b27\u5143<br \/>\n\u60a8\u5c06\u770b\u5230\u8bfe\u7a0b\u964d\u4ef7\u7684\u8981\u6c42\u00a0<a href=\"https:\/\/tinyurl.com\/y7wbb46p\"><strong>\u8fd9\u91cc<\/strong><\/a>.<\/p>\n<p>\u6298\u6263\u53ea\u80fd\u76f4\u63a5\u4ece VHS \u4ee5\u586b\u5199\u4ee5\u4e0b\u00a0<a href=\"http:\/\/ralf100m.de\/zh\/Kursanmeldung%20%2B%20Datenschutz.pdf\/\" target=\"_blank\" rel=\"noopener\"><strong>\u8868\u683c<\/strong><\/a>\u00a0\u7684\u65b9\u5f0f\u83b7\u53d6\u3002<\/p>\n<p>\u8bf7\u586b\u5199\u5e76\u8fd4\u56de anmeldung@vhstk.de \/ \u5c06\u526f\u672c\u5bc4\u7ed9\u672c\u4eba (info@ralf100m.de) \u5e76\u9644\u4e0a\u6298\u6263\u8bc1\u660e \/ \uff01 <strong>\u4ec5\u9002\u7528\u4e8e\u6709\u6298\u6263\u7684\u6ce8\u518c\uff01<\/strong><\/p>\n<p>&nbsp;<\/p>","protected":false},"featured_media":4090,"template":"","meta":[],"product_brand":[],"product_cat":[37],"product_tag":[],"class_list":{"0":"post-4013","1":"product","2":"type-product","3":"status-publish","4":"has-post-thumbnail","6":"product_cat-vhs-online-kurse","8":"first","9":"instock","10":"virtual","11":"taxable","12":"purchasable","13":"product-type-simple"},"yoast_head":"<!-- This site is optimized with the Yoast SEO plugin v27.5 - https:\/\/yoast.com\/product\/yoast-seo-wordpress\/ -->\n<title>TK-5614-1 Fibu 2 - Ralf 100M<\/title>\n<meta name=\"robots\" content=\"index, follow, max-snippet:-1, max-image-preview:large, max-video-preview:-1\" \/>\n<link rel=\"canonical\" href=\"https:\/\/ralf100m.de\/zh\/\u4ea7\u54c1\/5614-2\/\" \/>\n<meta property=\"og:locale\" content=\"zh_CN\" \/>\n<meta property=\"og:type\" content=\"article\" \/>\n<meta property=\"og:title\" content=\"TK-5614-1 Fibu 2 - Ralf 100M\" \/>\n<meta property=\"og:description\" content=\"Finanzbuchf\u00fchrung Teil 2 basierend \/ Aufbaukurs nach Fibu 1  Unter bestimmten Voraussetzungen gew\u00e4hrt die VHS Kurspreiserm\u00e4\u00dfigung -&gt; 101,75 \u20ac Die Voraussetzungen f\u00fcr eine Kurspreiserm\u00e4\u00dfigung findest Du\u00a0hier.  Erm\u00e4\u00dfigungen k\u00f6nnen nur direkt \u00fcber die VHS per\u00a0Formular\u00a0gebucht werden.  Bitte ausgef\u00fcllt an anmeldung@vhstk.de \/ Kopie an mich (info@ralf100m.de) schicken und den Erm\u00e4\u00dfigungsnachweis mitsenden \/ ! Betrifft nur Anmeldungen mit Erm\u00e4\u00dfigung !  &nbsp;\" \/>\n<meta property=\"og:url\" content=\"https:\/\/ralf100m.de\/zh\/\u4ea7\u54c1\/5614-2\/\" \/>\n<meta property=\"og:site_name\" content=\"Ralf 100M\" \/>\n<meta property=\"article:modified_time\" content=\"2025-12-18T11:04:31+00:00\" \/>\n<meta property=\"og:image\" content=\"https:\/\/ralf100m.de\/wp-content\/uploads\/2023\/01\/COPY-review-Dimensionen-einstellen.png\" \/>\n\t<meta property=\"og:image:width\" content=\"500\" \/>\n\t<meta property=\"og:image:height\" content=\"500\" \/>\n\t<meta property=\"og:image:type\" content=\"image\/png\" \/>\n<meta name=\"twitter:card\" content=\"summary_large_image\" \/>\n<meta name=\"twitter:label1\" content=\"\u9884\u8ba1\u9605\u8bfb\u65f6\u95f4\" \/>\n\t<meta name=\"twitter:data1\" content=\"1 \u5206\" \/>\n<script type=\"application\/ld+json\" class=\"yoast-schema-graph\">{\"@context\":\"https:\\\/\\\/schema.org\",\"@graph\":[{\"@type\":\"WebPage\",\"@id\":\"https:\\\/\\\/ralf100m.de\\\/produkt\\\/5614-2\\\/\",\"url\":\"https:\\\/\\\/ralf100m.de\\\/produkt\\\/5614-2\\\/\",\"name\":\"TK-5614-1 Fibu 2 - Ralf 100M\",\"isPartOf\":{\"@id\":\"https:\\\/\\\/ralf100m.de\\\/#website\"},\"primaryImageOfPage\":{\"@id\":\"https:\\\/\\\/ralf100m.de\\\/produkt\\\/5614-2\\\/#primaryimage\"},\"image\":{\"@id\":\"https:\\\/\\\/ralf100m.de\\\/produkt\\\/5614-2\\\/#primaryimage\"},\"thumbnailUrl\":\"https:\\\/\\\/ralf100m.de\\\/wp-content\\\/uploads\\\/2023\\\/01\\\/COPY-review-Dimensionen-einstellen.png\",\"datePublished\":\"2023-01-28T20:03:25+00:00\",\"dateModified\":\"2025-12-18T11:04:31+00:00\",\"breadcrumb\":{\"@id\":\"https:\\\/\\\/ralf100m.de\\\/produkt\\\/5614-2\\\/#breadcrumb\"},\"inLanguage\":\"zh-Hans\",\"potentialAction\":[{\"@type\":\"ReadAction\",\"target\":[\"https:\\\/\\\/ralf100m.de\\\/produkt\\\/5614-2\\\/\"]}]},{\"@type\":\"ImageObject\",\"inLanguage\":\"zh-Hans\",\"@id\":\"https:\\\/\\\/ralf100m.de\\\/produkt\\\/5614-2\\\/#primaryimage\",\"url\":\"https:\\\/\\\/ralf100m.de\\\/wp-content\\\/uploads\\\/2023\\\/01\\\/COPY-review-Dimensionen-einstellen.png\",\"contentUrl\":\"https:\\\/\\\/ralf100m.de\\\/wp-content\\\/uploads\\\/2023\\\/01\\\/COPY-review-Dimensionen-einstellen.png\",\"width\":500,\"height\":500},{\"@type\":\"BreadcrumbList\",\"@id\":\"https:\\\/\\\/ralf100m.de\\\/produkt\\\/5614-2\\\/#breadcrumb\",\"itemListElement\":[{\"@type\":\"ListItem\",\"position\":1,\"name\":\"Startseite\",\"item\":\"https:\\\/\\\/ralf100m.de\\\/\"},{\"@type\":\"ListItem\",\"position\":2,\"name\":\"Shop\",\"item\":\"https:\\\/\\\/ralf100m.de\\\/shop\\\/\"},{\"@type\":\"ListItem\",\"position\":3,\"name\":\"TK-5614-1 Fibu 2\"}]},{\"@type\":\"WebSite\",\"@id\":\"https:\\\/\\\/ralf100m.de\\\/#website\",\"url\":\"https:\\\/\\\/ralf100m.de\\\/\",\"name\":\"Ralf 100M\",\"description\":\"\",\"publisher\":{\"@id\":\"https:\\\/\\\/ralf100m.de\\\/#\\\/schema\\\/person\\\/144d88d0c18fb8f5e6bd155752132c23\"},\"potentialAction\":[{\"@type\":\"SearchAction\",\"target\":{\"@type\":\"EntryPoint\",\"urlTemplate\":\"https:\\\/\\\/ralf100m.de\\\/?s={search_term_string}\"},\"query-input\":{\"@type\":\"PropertyValueSpecification\",\"valueRequired\":true,\"valueName\":\"search_term_string\"}}],\"inLanguage\":\"zh-Hans\"},{\"@type\":[\"Person\",\"Organization\"],\"@id\":\"https:\\\/\\\/ralf100m.de\\\/#\\\/schema\\\/person\\\/144d88d0c18fb8f5e6bd155752132c23\",\"name\":\"wpulitkus\",\"image\":{\"@type\":\"ImageObject\",\"inLanguage\":\"zh-Hans\",\"@id\":\"https:\\\/\\\/ralf100m.de\\\/wp-content\\\/uploads\\\/2023\\\/04\\\/ralf-200px-logo.jpg\",\"url\":\"https:\\\/\\\/ralf100m.de\\\/wp-content\\\/uploads\\\/2023\\\/04\\\/ralf-200px-logo.jpg\",\"contentUrl\":\"https:\\\/\\\/ralf100m.de\\\/wp-content\\\/uploads\\\/2023\\\/04\\\/ralf-200px-logo.jpg\",\"width\":400,\"height\":162,\"caption\":\"wpulitkus\"},\"logo\":{\"@id\":\"https:\\\/\\\/ralf100m.de\\\/wp-content\\\/uploads\\\/2023\\\/04\\\/ralf-200px-logo.jpg\"}}]}<\/script>\n<!-- \/ Yoast SEO plugin. -->","yoast_head_json":{"title":"TK-5614-1 Fibu 2 - Ralf 100M","robots":{"index":"index","follow":"follow","max-snippet":"max-snippet:-1","max-image-preview":"max-image-preview:large","max-video-preview":"max-video-preview:-1"},"canonical":"https:\/\/ralf100m.de\/zh\/\u4ea7\u54c1\/5614-2\/","og_locale":"zh_CN","og_type":"article","og_title":"TK-5614-1 Fibu 2 - Ralf 100M","og_description":"Finanzbuchf\u00fchrung Teil 2 basierend \/ Aufbaukurs nach Fibu 1  Unter bestimmten Voraussetzungen gew\u00e4hrt die VHS Kurspreiserm\u00e4\u00dfigung -&gt; 101,75 \u20ac Die Voraussetzungen f\u00fcr eine Kurspreiserm\u00e4\u00dfigung findest Du\u00a0hier.  Erm\u00e4\u00dfigungen k\u00f6nnen nur direkt \u00fcber die VHS per\u00a0Formular\u00a0gebucht werden.  Bitte ausgef\u00fcllt an anmeldung@vhstk.de \/ Kopie an mich (info@ralf100m.de) schicken und den Erm\u00e4\u00dfigungsnachweis mitsenden \/ ! Betrifft nur Anmeldungen mit Erm\u00e4\u00dfigung !  &nbsp;","og_url":"https:\/\/ralf100m.de\/zh\/\u4ea7\u54c1\/5614-2\/","og_site_name":"Ralf 100M","article_modified_time":"2025-12-18T11:04:31+00:00","og_image":[{"width":500,"height":500,"url":"https:\/\/ralf100m.de\/wp-content\/uploads\/2023\/01\/COPY-review-Dimensionen-einstellen.png","type":"image\/png"}],"twitter_card":"summary_large_image","twitter_misc":{"\u9884\u8ba1\u9605\u8bfb\u65f6\u95f4":"1 \u5206"},"schema":{"@context":"https:\/\/schema.org","@graph":[{"@type":"WebPage","@id":"https:\/\/ralf100m.de\/produkt\/5614-2\/","url":"https:\/\/ralf100m.de\/produkt\/5614-2\/","name":"TK-5614-1 Fibu 2 - Ralf 100M","isPartOf":{"@id":"https:\/\/ralf100m.de\/#website"},"primaryImageOfPage":{"@id":"https:\/\/ralf100m.de\/produkt\/5614-2\/#primaryimage"},"image":{"@id":"https:\/\/ralf100m.de\/produkt\/5614-2\/#primaryimage"},"thumbnailUrl":"https:\/\/ralf100m.de\/wp-content\/uploads\/2023\/01\/COPY-review-Dimensionen-einstellen.png","datePublished":"2023-01-28T20:03:25+00:00","dateModified":"2025-12-18T11:04:31+00:00","breadcrumb":{"@id":"https:\/\/ralf100m.de\/produkt\/5614-2\/#breadcrumb"},"inLanguage":"zh-Hans","potentialAction":[{"@type":"ReadAction","target":["https:\/\/ralf100m.de\/produkt\/5614-2\/"]}]},{"@type":"ImageObject","inLanguage":"zh-Hans","@id":"https:\/\/ralf100m.de\/produkt\/5614-2\/#primaryimage","url":"https:\/\/ralf100m.de\/wp-content\/uploads\/2023\/01\/COPY-review-Dimensionen-einstellen.png","contentUrl":"https:\/\/ralf100m.de\/wp-content\/uploads\/2023\/01\/COPY-review-Dimensionen-einstellen.png","width":500,"height":500},{"@type":"BreadcrumbList","@id":"https:\/\/ralf100m.de\/produkt\/5614-2\/#breadcrumb","itemListElement":[{"@type":"ListItem","position":1,"name":"Startseite","item":"https:\/\/ralf100m.de\/"},{"@type":"ListItem","position":2,"name":"Shop","item":"https:\/\/ralf100m.de\/shop\/"},{"@type":"ListItem","position":3,"name":"TK-5614-1 Fibu 2"}]},{"@type":"WebSite","@id":"https:\/\/ralf100m.de\/#website","url":"https:\/\/ralf100m.de\/","name":"\u62c9\u5c14\u592b 100M","description":"","publisher":{"@id":"https:\/\/ralf100m.de\/#\/schema\/person\/144d88d0c18fb8f5e6bd155752132c23"},"potentialAction":[{"@type":"SearchAction","target":{"@type":"EntryPoint","urlTemplate":"https:\/\/ralf100m.de\/?s={search_term_string}"},"query-input":{"@type":"PropertyValueSpecification","valueRequired":true,"valueName":"search_term_string"}}],"inLanguage":"zh-Hans"},{"@type":["Person","Organization"],"@id":"https:\/\/ralf100m.de\/#\/schema\/person\/144d88d0c18fb8f5e6bd155752132c23","name":"wpulitcus","image":{"@type":"ImageObject","inLanguage":"zh-Hans","@id":"https:\/\/ralf100m.de\/wp-content\/uploads\/2023\/04\/ralf-200px-logo.jpg","url":"https:\/\/ralf100m.de\/wp-content\/uploads\/2023\/04\/ralf-200px-logo.jpg","contentUrl":"https:\/\/ralf100m.de\/wp-content\/uploads\/2023\/04\/ralf-200px-logo.jpg","width":400,"height":162,"caption":"wpulitkus"},"logo":{"@id":"https:\/\/ralf100m.de\/wp-content\/uploads\/2023\/04\/ralf-200px-logo.jpg"}}]}},"_links":{"self":[{"href":"https:\/\/ralf100m.de\/zh\/wp-json\/wp\/v2\/product\/4013","targetHints":{"allow":["GET"]}}],"collection":[{"href":"https:\/\/ralf100m.de\/zh\/wp-json\/wp\/v2\/product"}],"about":[{"href":"https:\/\/ralf100m.de\/zh\/wp-json\/wp\/v2\/types\/product"}],"wp:featuredmedia":[{"embeddable":true,"href":"https:\/\/ralf100m.de\/zh\/wp-json\/wp\/v2\/media\/4090"}],"wp:attachment":[{"href":"https:\/\/ralf100m.de\/zh\/wp-json\/wp\/v2\/media?parent=4013"}],"wp:term":[{"taxonomy":"product_brand","embeddable":true,"href":"https:\/\/ralf100m.de\/zh\/wp-json\/wp\/v2\/product_brand?post=4013"},{"taxonomy":"product_cat","embeddable":true,"href":"https:\/\/ralf100m.de\/zh\/wp-json\/wp\/v2\/product_cat?post=4013"},{"taxonomy":"product_tag","embeddable":true,"href":"https:\/\/ralf100m.de\/zh\/wp-json\/wp\/v2\/product_tag?post=4013"}],"curies":[{"name":"wp","href":"https:\/\/api.w.org\/{rel}","templated":true}]}}