{"id":4052,"date":"2023-02-09T22:58:39","date_gmt":"2023-02-09T21:58:39","guid":{"rendered":"https:\/\/ralf100m.de\/?post_type=product&#038;p=4052"},"modified":"2025-12-18T12:04:15","modified_gmt":"2025-12-18T11:04:15","slug":"5614-1","status":"publish","type":"product","link":"https:\/\/ralf100m.de\/zh\/produkt\/5614-1\/","title":{"rendered":"TK-5614-1 \u8d22\u52a1\u4f1a\u8ba1 1"},"content":{"rendered":"<p>\u5728\u6211\u4eec\u7684 VHS \u5728\u7ebf\u8bfe\u7a0b\u4e2d\uff0c\u60a8\u53ef\u4ee5\u4ece\u5934\u5f00\u59cb\u5b66\u4e60\u7c3f\u8bb0\uff0c\u60a8\u5c06\u5b66\u4e60\u5230\u8d22\u52a1\u4f1a\u8ba1\u7684\u57fa\u7840\u77e5\u8bc6\uff0c\u4ee5\u53ca\u5f00\u59cb\u7c3f\u8bb0\u5b9e\u8df5\u6240\u9700\u7684\u4e00\u5207\u3002\u8fd9\u662f\u901a\u5f80\u8d22\u52a1\u4f1a\u8ba1\u57f9\u8bad\u4e4b\u8def\u7684\u7b2c\u4e00\u6b65\u3002<\/p>\n<ul>\n<li>\u6cd5\u5f8b\u4f9d\u636e<\/li>\n<li>\u5e93\u5b58\u548c\u8d44\u4ea7\u8d1f\u503a\u8868<\/li>\n<li>\u8d44\u4ea7\u8d1f\u503a\u8868\u8d26\u6237<\/li>\n<li>\u635f\u76ca\u8868\u8d26\u76ee<\/li>\n<li>\u4f1a\u8ba1\u7ec4\u7ec7<\/li>\n<li>\u589e\u503c\u7a0e\u5236\u5ea6<\/li>\n<li>\u79c1\u4eba\u8d26\u6237<\/li>\n<li>\u4e0d\u53ef\u6263\u51cf\/\u6709\u9650\u6263\u51cf\u8d39\u7528\u8d39\u7528<\/li>\n<li>\u7ec3\u4e60<\/li>\n<\/ul>\n<p>\u60a8\u5c06\u770b\u5230\u8bfe\u7a0b\u964d\u4ef7\u7684\u8981\u6c42\u00a0<a href=\"https:\/\/tinyurl.com\/y7wbb46p\"><strong>\u8fd9\u91cc<\/strong><\/a>.<br \/>\n\u6298\u6263\u53ea\u80fd\u76f4\u63a5\u4ece VHS \u4ee5\u586b\u5199\u4ee5\u4e0b\u00a0<a href=\"http:\/\/ralf100m.de\/zh\/Kursanmeldung%20%2B%20Datenschutz.pdf\/\" target=\"_blank\" rel=\"noopener\"><strong>\u8868\u683c<\/strong><\/a>\u00a0\u7684\u65b9\u5f0f\u83b7\u53d6\u3002<\/p>\n<p>\u8bf7\u586b\u5199\u5e76\u53d1\u9001\u81f3 anmeldung@vhstk.de \/ \u7ed9\u6211\u5bc4\u4e00\u4efd\u526f\u672c (info@ralf100m.de)\u3002<\/p>","protected":false},"excerpt":{"rendered":"<p>\u65b0\u4eba\u548c\u804c\u4e1a\u8f6c\u6362\u8005\u7684\u8d22\u52a1\u4f1a\u8ba1\u57fa\u7840\u77e5\u8bc6<\/p>\n<p>\u5728\u67d0\u4e9b\u60c5\u51b5\u4e0b\uff0cVHS \u53ef\u51cf\u514d\u8bfe\u7a0b\u8d39\u7528 -&gt; 101.75 \u6b27\u5143<br \/>\n\u60a8\u5c06\u770b\u5230\u8bfe\u7a0b\u964d\u4ef7\u7684\u8981\u6c42\u00a0<a href=\"https:\/\/tinyurl.com\/y7wbb46p\"><strong>\u8fd9\u91cc<\/strong><\/a>.<\/p>\n<p>\u6298\u6263\u53ea\u80fd\u76f4\u63a5\u4ece VHS \u4ee5\u586b\u5199\u4ee5\u4e0b\u00a0<a href=\"http:\/\/ralf100m.de\/zh\/Kursanmeldung%20%2B%20Datenschutz.pdf\/\" target=\"_blank\" rel=\"noopener\"><strong>\u8868\u683c<\/strong><\/a>\u00a0\u7684\u65b9\u5f0f\u83b7\u53d6\u3002<\/p>\n<p>\u8bf7\u586b\u5199\u5e76\u8fd4\u56de anmeldung@vhstk.de \/ \u5c06\u526f\u672c\u5bc4\u7ed9\u672c\u4eba (info@ralf100m.de) \u5e76\u9644\u4e0a\u6298\u6263\u8bc1\u660e \/ \uff01 <strong>\u4ec5\u9002\u7528\u4e8e\u6709\u6298\u6263\u7684\u6ce8\u518c\uff01<\/strong><\/p>\n<p>&nbsp;<\/p>","protected":false},"featured_media":4039,"template":"","meta":[],"product_brand":[],"product_cat":[37],"product_tag":[],"class_list":{"0":"post-4052","1":"product","2":"type-product","3":"status-publish","4":"has-post-thumbnail","6":"product_cat-vhs-online-kurse","8":"first","9":"instock","10":"virtual","11":"taxable","12":"purchasable","13":"product-type-simple"},"yoast_head":"<!-- This site is optimized with the Yoast SEO plugin v27.5 - https:\/\/yoast.com\/product\/yoast-seo-wordpress\/ -->\n<title>TK-5614-1 Fibu 1 - Ralf 100M<\/title>\n<meta name=\"robots\" content=\"index, follow, max-snippet:-1, max-image-preview:large, max-video-preview:-1\" \/>\n<link rel=\"canonical\" href=\"https:\/\/ralf100m.de\/zh\/\u4ea7\u54c1\/5614-1\/\" \/>\n<meta property=\"og:locale\" content=\"zh_CN\" \/>\n<meta property=\"og:type\" content=\"article\" \/>\n<meta property=\"og:title\" content=\"TK-5614-1 Fibu 1 - Ralf 100M\" \/>\n<meta property=\"og:description\" content=\"Grundlagen der Finanzbuchf\u00fchrung f\u00fcr Neu- und Quereinsteiger  Unter bestimmten Voraussetzungen gew\u00e4hrt die VHS Kurspreiserm\u00e4\u00dfigung -&gt; 101,75 \u20ac Die Voraussetzungen f\u00fcr eine Kurspreiserm\u00e4\u00dfigung findest Du\u00a0hier.  Erm\u00e4\u00dfigungen k\u00f6nnen nur direkt \u00fcber die VHS per\u00a0Formular\u00a0gebucht werden.  Bitte ausgef\u00fcllt an anmeldung@vhstk.de \/ Kopie an mich (info@ralf100m.de) schicken und den Erm\u00e4\u00dfigungsnachweis mitsenden \/ ! Betrifft nur Anmeldungen mit Erm\u00e4\u00dfigung !  &nbsp;\" \/>\n<meta property=\"og:url\" content=\"https:\/\/ralf100m.de\/zh\/\u4ea7\u54c1\/5614-1\/\" \/>\n<meta property=\"og:site_name\" content=\"Ralf 100M\" \/>\n<meta property=\"article:modified_time\" content=\"2025-12-18T11:04:15+00:00\" \/>\n<meta property=\"og:image\" content=\"https:\/\/ralf100m.de\/wp-content\/uploads\/2023\/01\/fibu-1-quad.png\" \/>\n\t<meta property=\"og:image:width\" content=\"500\" \/>\n\t<meta property=\"og:image:height\" content=\"500\" \/>\n\t<meta property=\"og:image:type\" content=\"image\/png\" \/>\n<meta name=\"twitter:card\" content=\"summary_large_image\" \/>\n<meta name=\"twitter:label1\" content=\"\u9884\u8ba1\u9605\u8bfb\u65f6\u95f4\" \/>\n\t<meta name=\"twitter:data1\" content=\"1 \u5206\" \/>\n<script type=\"application\/ld+json\" class=\"yoast-schema-graph\">{\"@context\":\"https:\\\/\\\/schema.org\",\"@graph\":[{\"@type\":\"WebPage\",\"@id\":\"https:\\\/\\\/ralf100m.de\\\/produkt\\\/5614-1\\\/\",\"url\":\"https:\\\/\\\/ralf100m.de\\\/produkt\\\/5614-1\\\/\",\"name\":\"TK-5614-1 Fibu 1 - Ralf 100M\",\"isPartOf\":{\"@id\":\"https:\\\/\\\/ralf100m.de\\\/#website\"},\"primaryImageOfPage\":{\"@id\":\"https:\\\/\\\/ralf100m.de\\\/produkt\\\/5614-1\\\/#primaryimage\"},\"image\":{\"@id\":\"https:\\\/\\\/ralf100m.de\\\/produkt\\\/5614-1\\\/#primaryimage\"},\"thumbnailUrl\":\"https:\\\/\\\/ralf100m.de\\\/wp-content\\\/uploads\\\/2023\\\/01\\\/fibu-1-quad.png\",\"datePublished\":\"2023-02-09T21:58:39+00:00\",\"dateModified\":\"2025-12-18T11:04:15+00:00\",\"breadcrumb\":{\"@id\":\"https:\\\/\\\/ralf100m.de\\\/produkt\\\/5614-1\\\/#breadcrumb\"},\"inLanguage\":\"zh-Hans\",\"potentialAction\":[{\"@type\":\"ReadAction\",\"target\":[\"https:\\\/\\\/ralf100m.de\\\/produkt\\\/5614-1\\\/\"]}]},{\"@type\":\"ImageObject\",\"inLanguage\":\"zh-Hans\",\"@id\":\"https:\\\/\\\/ralf100m.de\\\/produkt\\\/5614-1\\\/#primaryimage\",\"url\":\"https:\\\/\\\/ralf100m.de\\\/wp-content\\\/uploads\\\/2023\\\/01\\\/fibu-1-quad.png\",\"contentUrl\":\"https:\\\/\\\/ralf100m.de\\\/wp-content\\\/uploads\\\/2023\\\/01\\\/fibu-1-quad.png\",\"width\":500,\"height\":500},{\"@type\":\"BreadcrumbList\",\"@id\":\"https:\\\/\\\/ralf100m.de\\\/produkt\\\/5614-1\\\/#breadcrumb\",\"itemListElement\":[{\"@type\":\"ListItem\",\"position\":1,\"name\":\"Startseite\",\"item\":\"https:\\\/\\\/ralf100m.de\\\/\"},{\"@type\":\"ListItem\",\"position\":2,\"name\":\"Shop\",\"item\":\"https:\\\/\\\/ralf100m.de\\\/shop\\\/\"},{\"@type\":\"ListItem\",\"position\":3,\"name\":\"TK-5614-1 Fibu 1\"}]},{\"@type\":\"WebSite\",\"@id\":\"https:\\\/\\\/ralf100m.de\\\/#website\",\"url\":\"https:\\\/\\\/ralf100m.de\\\/\",\"name\":\"Ralf 100M\",\"description\":\"\",\"publisher\":{\"@id\":\"https:\\\/\\\/ralf100m.de\\\/#\\\/schema\\\/person\\\/144d88d0c18fb8f5e6bd155752132c23\"},\"potentialAction\":[{\"@type\":\"SearchAction\",\"target\":{\"@type\":\"EntryPoint\",\"urlTemplate\":\"https:\\\/\\\/ralf100m.de\\\/?s={search_term_string}\"},\"query-input\":{\"@type\":\"PropertyValueSpecification\",\"valueRequired\":true,\"valueName\":\"search_term_string\"}}],\"inLanguage\":\"zh-Hans\"},{\"@type\":[\"Person\",\"Organization\"],\"@id\":\"https:\\\/\\\/ralf100m.de\\\/#\\\/schema\\\/person\\\/144d88d0c18fb8f5e6bd155752132c23\",\"name\":\"wpulitkus\",\"image\":{\"@type\":\"ImageObject\",\"inLanguage\":\"zh-Hans\",\"@id\":\"https:\\\/\\\/ralf100m.de\\\/wp-content\\\/uploads\\\/2023\\\/04\\\/ralf-200px-logo.jpg\",\"url\":\"https:\\\/\\\/ralf100m.de\\\/wp-content\\\/uploads\\\/2023\\\/04\\\/ralf-200px-logo.jpg\",\"contentUrl\":\"https:\\\/\\\/ralf100m.de\\\/wp-content\\\/uploads\\\/2023\\\/04\\\/ralf-200px-logo.jpg\",\"width\":400,\"height\":162,\"caption\":\"wpulitkus\"},\"logo\":{\"@id\":\"https:\\\/\\\/ralf100m.de\\\/wp-content\\\/uploads\\\/2023\\\/04\\\/ralf-200px-logo.jpg\"}}]}<\/script>\n<!-- \/ Yoast SEO plugin. -->","yoast_head_json":{"title":"TK-5614-1 Fibu 1 - Ralf 100M","robots":{"index":"index","follow":"follow","max-snippet":"max-snippet:-1","max-image-preview":"max-image-preview:large","max-video-preview":"max-video-preview:-1"},"canonical":"https:\/\/ralf100m.de\/zh\/\u4ea7\u54c1\/5614-1\/","og_locale":"zh_CN","og_type":"article","og_title":"TK-5614-1 Fibu 1 - Ralf 100M","og_description":"Grundlagen der Finanzbuchf\u00fchrung f\u00fcr Neu- und Quereinsteiger  Unter bestimmten Voraussetzungen gew\u00e4hrt die VHS Kurspreiserm\u00e4\u00dfigung -&gt; 101,75 \u20ac Die Voraussetzungen f\u00fcr eine Kurspreiserm\u00e4\u00dfigung findest Du\u00a0hier.  Erm\u00e4\u00dfigungen k\u00f6nnen nur direkt \u00fcber die VHS per\u00a0Formular\u00a0gebucht werden.  Bitte ausgef\u00fcllt an anmeldung@vhstk.de \/ Kopie an mich (info@ralf100m.de) schicken und den Erm\u00e4\u00dfigungsnachweis mitsenden \/ ! Betrifft nur Anmeldungen mit Erm\u00e4\u00dfigung !  &nbsp;","og_url":"https:\/\/ralf100m.de\/zh\/\u4ea7\u54c1\/5614-1\/","og_site_name":"Ralf 100M","article_modified_time":"2025-12-18T11:04:15+00:00","og_image":[{"width":500,"height":500,"url":"https:\/\/ralf100m.de\/wp-content\/uploads\/2023\/01\/fibu-1-quad.png","type":"image\/png"}],"twitter_card":"summary_large_image","twitter_misc":{"\u9884\u8ba1\u9605\u8bfb\u65f6\u95f4":"1 \u5206"},"schema":{"@context":"https:\/\/schema.org","@graph":[{"@type":"WebPage","@id":"https:\/\/ralf100m.de\/produkt\/5614-1\/","url":"https:\/\/ralf100m.de\/produkt\/5614-1\/","name":"TK-5614-1 Fibu 1 - Ralf 100M","isPartOf":{"@id":"https:\/\/ralf100m.de\/#website"},"primaryImageOfPage":{"@id":"https:\/\/ralf100m.de\/produkt\/5614-1\/#primaryimage"},"image":{"@id":"https:\/\/ralf100m.de\/produkt\/5614-1\/#primaryimage"},"thumbnailUrl":"https:\/\/ralf100m.de\/wp-content\/uploads\/2023\/01\/fibu-1-quad.png","datePublished":"2023-02-09T21:58:39+00:00","dateModified":"2025-12-18T11:04:15+00:00","breadcrumb":{"@id":"https:\/\/ralf100m.de\/produkt\/5614-1\/#breadcrumb"},"inLanguage":"zh-Hans","potentialAction":[{"@type":"ReadAction","target":["https:\/\/ralf100m.de\/produkt\/5614-1\/"]}]},{"@type":"ImageObject","inLanguage":"zh-Hans","@id":"https:\/\/ralf100m.de\/produkt\/5614-1\/#primaryimage","url":"https:\/\/ralf100m.de\/wp-content\/uploads\/2023\/01\/fibu-1-quad.png","contentUrl":"https:\/\/ralf100m.de\/wp-content\/uploads\/2023\/01\/fibu-1-quad.png","width":500,"height":500},{"@type":"BreadcrumbList","@id":"https:\/\/ralf100m.de\/produkt\/5614-1\/#breadcrumb","itemListElement":[{"@type":"ListItem","position":1,"name":"Startseite","item":"https:\/\/ralf100m.de\/"},{"@type":"ListItem","position":2,"name":"Shop","item":"https:\/\/ralf100m.de\/shop\/"},{"@type":"ListItem","position":3,"name":"TK-5614-1 Fibu 1"}]},{"@type":"WebSite","@id":"https:\/\/ralf100m.de\/#website","url":"https:\/\/ralf100m.de\/","name":"\u62c9\u5c14\u592b 100M","description":"","publisher":{"@id":"https:\/\/ralf100m.de\/#\/schema\/person\/144d88d0c18fb8f5e6bd155752132c23"},"potentialAction":[{"@type":"SearchAction","target":{"@type":"EntryPoint","urlTemplate":"https:\/\/ralf100m.de\/?s={search_term_string}"},"query-input":{"@type":"PropertyValueSpecification","valueRequired":true,"valueName":"search_term_string"}}],"inLanguage":"zh-Hans"},{"@type":["Person","Organization"],"@id":"https:\/\/ralf100m.de\/#\/schema\/person\/144d88d0c18fb8f5e6bd155752132c23","name":"wpulitcus","image":{"@type":"ImageObject","inLanguage":"zh-Hans","@id":"https:\/\/ralf100m.de\/wp-content\/uploads\/2023\/04\/ralf-200px-logo.jpg","url":"https:\/\/ralf100m.de\/wp-content\/uploads\/2023\/04\/ralf-200px-logo.jpg","contentUrl":"https:\/\/ralf100m.de\/wp-content\/uploads\/2023\/04\/ralf-200px-logo.jpg","width":400,"height":162,"caption":"wpulitkus"},"logo":{"@id":"https:\/\/ralf100m.de\/wp-content\/uploads\/2023\/04\/ralf-200px-logo.jpg"}}]}},"_links":{"self":[{"href":"https:\/\/ralf100m.de\/zh\/wp-json\/wp\/v2\/product\/4052","targetHints":{"allow":["GET"]}}],"collection":[{"href":"https:\/\/ralf100m.de\/zh\/wp-json\/wp\/v2\/product"}],"about":[{"href":"https:\/\/ralf100m.de\/zh\/wp-json\/wp\/v2\/types\/product"}],"wp:featuredmedia":[{"embeddable":true,"href":"https:\/\/ralf100m.de\/zh\/wp-json\/wp\/v2\/media\/4039"}],"wp:attachment":[{"href":"https:\/\/ralf100m.de\/zh\/wp-json\/wp\/v2\/media?parent=4052"}],"wp:term":[{"taxonomy":"product_brand","embeddable":true,"href":"https:\/\/ralf100m.de\/zh\/wp-json\/wp\/v2\/product_brand?post=4052"},{"taxonomy":"product_cat","embeddable":true,"href":"https:\/\/ralf100m.de\/zh\/wp-json\/wp\/v2\/product_cat?post=4052"},{"taxonomy":"product_tag","embeddable":true,"href":"https:\/\/ralf100m.de\/zh\/wp-json\/wp\/v2\/product_tag?post=4052"}],"curies":[{"name":"wp","href":"https:\/\/api.w.org\/{rel}","templated":true}]}}