{"id":4061,"date":"2023-02-13T20:44:16","date_gmt":"2023-02-13T19:44:16","guid":{"rendered":"https:\/\/ralf100m.de\/?post_type=product&#038;p=4061"},"modified":"2025-12-18T12:02:55","modified_gmt":"2025-12-18T11:02:55","slug":"5625","status":"publish","type":"product","link":"https:\/\/ralf100m.de\/zh\/%e4%ba%a7%e5%93%81\/5625\/","title":{"rendered":"TK-5625 Datev Fibu"},"content":{"rendered":"<p>\u5728 VHS Treptow-K\u00f6penick \u7684 Datev \u5728\u7ebf\u7814\u8ba8\u4f1a\u4e0a\uff0c\u60a8\u53ef\u4ee5\u5b66\u4e60 Datev\uff0c\u6216\u8005\u66f4\u51c6\u786e\u5730\u8bf4\uff0c\u4e86\u89e3\u5e76\u638c\u63e1 DATEV \u8d22\u52a1\u4f1a\u8ba1\u3002\u5728\u6211\u4eec\u7684 Datev \u57f9\u8bad\u8bfe\u7a0b\u4e2d\uff0c\u60a8\u5c06\u5b66\u4e60\u5230\u5b9e\u7528\u4f1a\u8ba1\u6240\u9700\u7684\u4e00\u5207\uff0c\u5305\u62ec <strong><a title=\"Datev \u4e3b\u9875\" href=\"https:\/\/www.datev.de\/\" target=\"_blank\" rel=\"noopener noreferrer\">Datev\u5408\u4f5c\u9881\u53d1<\/a> <\/strong>\u5728\u4f1a\u8ba1\u90e8\u95e8\u6216\u7a0e\u52a1\u5c40\u5de5\u4f5c\u3002<\/p>\n<ul>\n<li>\u521b\u5efa\u65b0\u5ba2\u6237\/\u4e3b\u6570\u636e<\/li>\n<li>\u4ee5 DATEV \u4e8b\u52a1\u6240\u8d22\u52a1\u8f6f\u4ef6 \u5904\u7406\u8bb0\u8d26\u5de5\u4f5c<\/li>\n<li>\u7535\u5b50\u5355\u636e<\/li>\n<li>\u5907\u4efd\u3001\u5bfc\u5165\u548c\u5220\u9664\u4f1a\u8ba1\u6570\u636e<\/li>\n<li>\u8d22\u52a1\u4f1a\u8ba1\u5206\u6790<\/li>\n<li>\u6700\u540e\u7684\u5de5\u4f5c\/\u5e74\u7ec8\u7ed3\u8d26<\/li>\n<li>\u5f88\u591a\u5f88\u591a\u5b9e\u7528\u7ec3\u4e60<\/li>\n<\/ul>\n<p>\u60a8\u5c06\u770b\u5230\u8bfe\u7a0b\u964d\u4ef7\u7684\u8981\u6c42\u00a0<a href=\"https:\/\/tinyurl.com\/y7wbb46p\"><strong>\u8fd9\u91cc<\/strong><\/a>.<br \/>\n\u6298\u6263\u53ea\u80fd\u76f4\u63a5\u4ece VHS \u4ee5\u586b\u5199\u4ee5\u4e0b\u00a0<a href=\"http:\/\/ralf100m.de\/zh\/Kursanmeldung%20%2B%20Datenschutz.pdf\/\" target=\"_blank\" rel=\"noopener\"><strong>\u8868\u683c<\/strong><\/a>\u00a0\u7684\u65b9\u5f0f\u83b7\u53d6\u3002<\/p>\n<p>\u8bf7\u586b\u5199\u5e76\u53d1\u9001\u81f3 anmeldung@vhstk.de \/ \u7ed9\u6211\u5bc4\u4e00\u4efd\u526f\u672c (info@ralf100m.de)\u3002<\/p>","protected":false},"excerpt":{"rendered":"<p>\u4ece A-Z \u5f00\u59cb\u7684 Datev \u8d22\u52a1\u4f1a\u8ba1<\/p>\n<p>\u5728\u67d0\u4e9b\u60c5\u51b5\u4e0b\uff0cVHS \u53ef\u51cf\u514d\u8bfe\u7a0b\u8d39\u7528 -&gt; 203.75 \u6b27\u5143<br \/>\n\u60a8\u5c06\u770b\u5230\u8bfe\u7a0b\u964d\u4ef7\u7684\u8981\u6c42\u00a0<a href=\"https:\/\/tinyurl.com\/y7wbb46p\"><strong>\u8fd9\u91cc<\/strong><\/a>.<\/p>\n<p>\u6298\u6263\u53ea\u80fd\u76f4\u63a5\u4ece VHS \u4ee5\u586b\u5199\u4ee5\u4e0b\u00a0<a href=\"http:\/\/ralf100m.de\/zh\/Kursanmeldung%20%2B%20Datenschutz.pdf\/\" target=\"_blank\" rel=\"noopener\"><strong>\u8868\u683c<\/strong><\/a>\u00a0\u7684\u65b9\u5f0f\u83b7\u53d6\u3002<\/p>\n<p>\u8bf7\u586b\u5199\u5e76\u8fd4\u56de anmeldung@vhstk.de \/ \u5c06\u526f\u672c\u5bc4\u7ed9\u672c\u4eba (info@ralf100m.de) \u5e76\u9644\u4e0a\u6298\u6263\u8bc1\u660e \/ \uff01 <strong>\u4ec5\u9002\u7528\u4e8e\u6709\u6298\u6263\u7684\u6ce8\u518c\uff01<\/strong><\/p>\n<p>&nbsp;<\/p>","protected":false},"featured_media":4196,"template":"","meta":[],"product_brand":[],"product_cat":[37],"product_tag":[],"class_list":{"0":"post-4061","1":"product","2":"type-product","3":"status-publish","4":"has-post-thumbnail","6":"product_cat-vhs-online-kurse","8":"first","9":"instock","10":"virtual","11":"taxable","12":"purchasable","13":"product-type-simple"},"yoast_head":"<!-- This site is optimized with the Yoast SEO plugin v27.4 - https:\/\/yoast.com\/product\/yoast-seo-wordpress\/ -->\n<title>TK-5625 Datev Fibu - Ralf 100M<\/title>\n<meta name=\"robots\" content=\"index, follow, max-snippet:-1, max-image-preview:large, max-video-preview:-1\" \/>\n<link rel=\"canonical\" href=\"https:\/\/ralf100m.de\/zh\/\u4ea7\u54c1\/5625\/\" \/>\n<meta property=\"og:locale\" content=\"zh_CN\" \/>\n<meta property=\"og:type\" content=\"article\" \/>\n<meta property=\"og:title\" content=\"TK-5625 Datev Fibu - Ralf 100M\" \/>\n<meta property=\"og:description\" content=\"Datev Finanzbuchf\u00fchung von A-Z  Unter bestimmten Voraussetzungen gew\u00e4hrt die VHS Kurspreiserm\u00e4\u00dfigung -&gt; 203,75 \u20ac Die Voraussetzungen f\u00fcr eine Kurspreiserm\u00e4\u00dfigung findest Du\u00a0hier.  Erm\u00e4\u00dfigungen k\u00f6nnen nur direkt \u00fcber die VHS per\u00a0Formular\u00a0gebucht werden.  Bitte ausgef\u00fcllt an anmeldung@vhstk.de \/ Kopie an mich (info@ralf100m.de) schicken und den Erm\u00e4\u00dfigungsnachweis mitsenden \/ ! Betrifft nur Anmeldungen mit Erm\u00e4\u00dfigung !  &nbsp;\" \/>\n<meta property=\"og:url\" content=\"https:\/\/ralf100m.de\/zh\/\u4ea7\u54c1\/5625\/\" \/>\n<meta property=\"og:site_name\" content=\"Ralf 100M\" \/>\n<meta property=\"article:modified_time\" content=\"2025-12-18T11:02:55+00:00\" \/>\n<meta property=\"og:image\" content=\"https:\/\/ralf100m.de\/wp-content\/uploads\/2023\/03\/Datev-FiBu.png\" \/>\n\t<meta property=\"og:image:width\" content=\"1304\" \/>\n\t<meta property=\"og:image:height\" content=\"1306\" \/>\n\t<meta property=\"og:image:type\" content=\"image\/png\" \/>\n<meta name=\"twitter:card\" content=\"summary_large_image\" \/>\n<meta name=\"twitter:label1\" content=\"\u9884\u8ba1\u9605\u8bfb\u65f6\u95f4\" \/>\n\t<meta name=\"twitter:data1\" content=\"1 \u5206\" \/>\n<script type=\"application\/ld+json\" class=\"yoast-schema-graph\">{\"@context\":\"https:\\\/\\\/schema.org\",\"@graph\":[{\"@type\":\"WebPage\",\"@id\":\"https:\\\/\\\/ralf100m.de\\\/produkt\\\/5625\\\/\",\"url\":\"https:\\\/\\\/ralf100m.de\\\/produkt\\\/5625\\\/\",\"name\":\"TK-5625 Datev Fibu - Ralf 100M\",\"isPartOf\":{\"@id\":\"https:\\\/\\\/ralf100m.de\\\/#website\"},\"primaryImageOfPage\":{\"@id\":\"https:\\\/\\\/ralf100m.de\\\/produkt\\\/5625\\\/#primaryimage\"},\"image\":{\"@id\":\"https:\\\/\\\/ralf100m.de\\\/produkt\\\/5625\\\/#primaryimage\"},\"thumbnailUrl\":\"https:\\\/\\\/ralf100m.de\\\/wp-content\\\/uploads\\\/2023\\\/03\\\/Datev-FiBu.png\",\"datePublished\":\"2023-02-13T19:44:16+00:00\",\"dateModified\":\"2025-12-18T11:02:55+00:00\",\"breadcrumb\":{\"@id\":\"https:\\\/\\\/ralf100m.de\\\/produkt\\\/5625\\\/#breadcrumb\"},\"inLanguage\":\"zh-Hans\",\"potentialAction\":[{\"@type\":\"ReadAction\",\"target\":[\"https:\\\/\\\/ralf100m.de\\\/produkt\\\/5625\\\/\"]}]},{\"@type\":\"ImageObject\",\"inLanguage\":\"zh-Hans\",\"@id\":\"https:\\\/\\\/ralf100m.de\\\/produkt\\\/5625\\\/#primaryimage\",\"url\":\"https:\\\/\\\/ralf100m.de\\\/wp-content\\\/uploads\\\/2023\\\/03\\\/Datev-FiBu.png\",\"contentUrl\":\"https:\\\/\\\/ralf100m.de\\\/wp-content\\\/uploads\\\/2023\\\/03\\\/Datev-FiBu.png\",\"width\":1304,\"height\":1306},{\"@type\":\"BreadcrumbList\",\"@id\":\"https:\\\/\\\/ralf100m.de\\\/produkt\\\/5625\\\/#breadcrumb\",\"itemListElement\":[{\"@type\":\"ListItem\",\"position\":1,\"name\":\"Startseite\",\"item\":\"https:\\\/\\\/ralf100m.de\\\/\"},{\"@type\":\"ListItem\",\"position\":2,\"name\":\"Shop\",\"item\":\"https:\\\/\\\/ralf100m.de\\\/shop\\\/\"},{\"@type\":\"ListItem\",\"position\":3,\"name\":\"TK-5625 Datev Fibu\"}]},{\"@type\":\"WebSite\",\"@id\":\"https:\\\/\\\/ralf100m.de\\\/#website\",\"url\":\"https:\\\/\\\/ralf100m.de\\\/\",\"name\":\"Ralf 100M\",\"description\":\"\",\"publisher\":{\"@id\":\"https:\\\/\\\/ralf100m.de\\\/#\\\/schema\\\/person\\\/144d88d0c18fb8f5e6bd155752132c23\"},\"potentialAction\":[{\"@type\":\"SearchAction\",\"target\":{\"@type\":\"EntryPoint\",\"urlTemplate\":\"https:\\\/\\\/ralf100m.de\\\/?s={search_term_string}\"},\"query-input\":{\"@type\":\"PropertyValueSpecification\",\"valueRequired\":true,\"valueName\":\"search_term_string\"}}],\"inLanguage\":\"zh-Hans\"},{\"@type\":[\"Person\",\"Organization\"],\"@id\":\"https:\\\/\\\/ralf100m.de\\\/#\\\/schema\\\/person\\\/144d88d0c18fb8f5e6bd155752132c23\",\"name\":\"wpulitkus\",\"image\":{\"@type\":\"ImageObject\",\"inLanguage\":\"zh-Hans\",\"@id\":\"https:\\\/\\\/ralf100m.de\\\/wp-content\\\/uploads\\\/2023\\\/04\\\/ralf-200px-logo.jpg\",\"url\":\"https:\\\/\\\/ralf100m.de\\\/wp-content\\\/uploads\\\/2023\\\/04\\\/ralf-200px-logo.jpg\",\"contentUrl\":\"https:\\\/\\\/ralf100m.de\\\/wp-content\\\/uploads\\\/2023\\\/04\\\/ralf-200px-logo.jpg\",\"width\":400,\"height\":162,\"caption\":\"wpulitkus\"},\"logo\":{\"@id\":\"https:\\\/\\\/ralf100m.de\\\/wp-content\\\/uploads\\\/2023\\\/04\\\/ralf-200px-logo.jpg\"}}]}<\/script>\n<!-- \/ Yoast SEO plugin. -->","yoast_head_json":{"title":"TK-5625 Datev Fibu - Ralf 100M","robots":{"index":"index","follow":"follow","max-snippet":"max-snippet:-1","max-image-preview":"max-image-preview:large","max-video-preview":"max-video-preview:-1"},"canonical":"https:\/\/ralf100m.de\/zh\/\u4ea7\u54c1\/5625\/","og_locale":"zh_CN","og_type":"article","og_title":"TK-5625 Datev Fibu - Ralf 100M","og_description":"Datev Finanzbuchf\u00fchung von A-Z  Unter bestimmten Voraussetzungen gew\u00e4hrt die VHS Kurspreiserm\u00e4\u00dfigung -&gt; 203,75 \u20ac Die Voraussetzungen f\u00fcr eine Kurspreiserm\u00e4\u00dfigung findest Du\u00a0hier.  Erm\u00e4\u00dfigungen k\u00f6nnen nur direkt \u00fcber die VHS per\u00a0Formular\u00a0gebucht werden.  Bitte ausgef\u00fcllt an anmeldung@vhstk.de \/ Kopie an mich (info@ralf100m.de) schicken und den Erm\u00e4\u00dfigungsnachweis mitsenden \/ ! Betrifft nur Anmeldungen mit Erm\u00e4\u00dfigung !  &nbsp;","og_url":"https:\/\/ralf100m.de\/zh\/\u4ea7\u54c1\/5625\/","og_site_name":"Ralf 100M","article_modified_time":"2025-12-18T11:02:55+00:00","og_image":[{"width":1304,"height":1306,"url":"https:\/\/ralf100m.de\/wp-content\/uploads\/2023\/03\/Datev-FiBu.png","type":"image\/png"}],"twitter_card":"summary_large_image","twitter_misc":{"\u9884\u8ba1\u9605\u8bfb\u65f6\u95f4":"1 \u5206"},"schema":{"@context":"https:\/\/schema.org","@graph":[{"@type":"WebPage","@id":"https:\/\/ralf100m.de\/produkt\/5625\/","url":"https:\/\/ralf100m.de\/produkt\/5625\/","name":"TK-5625 Datev Fibu - Ralf 100M","isPartOf":{"@id":"https:\/\/ralf100m.de\/#website"},"primaryImageOfPage":{"@id":"https:\/\/ralf100m.de\/produkt\/5625\/#primaryimage"},"image":{"@id":"https:\/\/ralf100m.de\/produkt\/5625\/#primaryimage"},"thumbnailUrl":"https:\/\/ralf100m.de\/wp-content\/uploads\/2023\/03\/Datev-FiBu.png","datePublished":"2023-02-13T19:44:16+00:00","dateModified":"2025-12-18T11:02:55+00:00","breadcrumb":{"@id":"https:\/\/ralf100m.de\/produkt\/5625\/#breadcrumb"},"inLanguage":"zh-Hans","potentialAction":[{"@type":"ReadAction","target":["https:\/\/ralf100m.de\/produkt\/5625\/"]}]},{"@type":"ImageObject","inLanguage":"zh-Hans","@id":"https:\/\/ralf100m.de\/produkt\/5625\/#primaryimage","url":"https:\/\/ralf100m.de\/wp-content\/uploads\/2023\/03\/Datev-FiBu.png","contentUrl":"https:\/\/ralf100m.de\/wp-content\/uploads\/2023\/03\/Datev-FiBu.png","width":1304,"height":1306},{"@type":"BreadcrumbList","@id":"https:\/\/ralf100m.de\/produkt\/5625\/#breadcrumb","itemListElement":[{"@type":"ListItem","position":1,"name":"Startseite","item":"https:\/\/ralf100m.de\/"},{"@type":"ListItem","position":2,"name":"Shop","item":"https:\/\/ralf100m.de\/shop\/"},{"@type":"ListItem","position":3,"name":"TK-5625 Datev Fibu"}]},{"@type":"WebSite","@id":"https:\/\/ralf100m.de\/#website","url":"https:\/\/ralf100m.de\/","name":"\u62c9\u5c14\u592b 100M","description":"","publisher":{"@id":"https:\/\/ralf100m.de\/#\/schema\/person\/144d88d0c18fb8f5e6bd155752132c23"},"potentialAction":[{"@type":"SearchAction","target":{"@type":"EntryPoint","urlTemplate":"https:\/\/ralf100m.de\/?s={search_term_string}"},"query-input":{"@type":"PropertyValueSpecification","valueRequired":true,"valueName":"search_term_string"}}],"inLanguage":"zh-Hans"},{"@type":["Person","Organization"],"@id":"https:\/\/ralf100m.de\/#\/schema\/person\/144d88d0c18fb8f5e6bd155752132c23","name":"wpulitcus","image":{"@type":"ImageObject","inLanguage":"zh-Hans","@id":"https:\/\/ralf100m.de\/wp-content\/uploads\/2023\/04\/ralf-200px-logo.jpg","url":"https:\/\/ralf100m.de\/wp-content\/uploads\/2023\/04\/ralf-200px-logo.jpg","contentUrl":"https:\/\/ralf100m.de\/wp-content\/uploads\/2023\/04\/ralf-200px-logo.jpg","width":400,"height":162,"caption":"wpulitkus"},"logo":{"@id":"https:\/\/ralf100m.de\/wp-content\/uploads\/2023\/04\/ralf-200px-logo.jpg"}}]}},"_links":{"self":[{"href":"https:\/\/ralf100m.de\/zh\/wp-json\/wp\/v2\/product\/4061","targetHints":{"allow":["GET"]}}],"collection":[{"href":"https:\/\/ralf100m.de\/zh\/wp-json\/wp\/v2\/product"}],"about":[{"href":"https:\/\/ralf100m.de\/zh\/wp-json\/wp\/v2\/types\/product"}],"wp:featuredmedia":[{"embeddable":true,"href":"https:\/\/ralf100m.de\/zh\/wp-json\/wp\/v2\/media\/4196"}],"wp:attachment":[{"href":"https:\/\/ralf100m.de\/zh\/wp-json\/wp\/v2\/media?parent=4061"}],"wp:term":[{"taxonomy":"product_brand","embeddable":true,"href":"https:\/\/ralf100m.de\/zh\/wp-json\/wp\/v2\/product_brand?post=4061"},{"taxonomy":"product_cat","embeddable":true,"href":"https:\/\/ralf100m.de\/zh\/wp-json\/wp\/v2\/product_cat?post=4061"},{"taxonomy":"product_tag","embeddable":true,"href":"https:\/\/ralf100m.de\/zh\/wp-json\/wp\/v2\/product_tag?post=4061"}],"curies":[{"name":"wp","href":"https:\/\/api.w.org\/{rel}","templated":true}]}}