{"id":4142,"date":"2023-03-07T16:05:47","date_gmt":"2023-03-07T15:05:47","guid":{"rendered":"https:\/\/ralf100m.de\/?post_type=product&#038;p=4142"},"modified":"2025-12-18T12:02:33","modified_gmt":"2025-12-18T11:02:33","slug":"5620","status":"publish","type":"product","link":"https:\/\/ralf100m.de\/zh\/%e4%ba%a7%e5%93%81\/5620\/","title":{"rendered":"TK-5620 Lexware Fibu"},"content":{"rendered":"<p>\u5728 VHS Treptow-K\u00f6penick \u7684 Lexware \u5728\u7ebf\u7814\u8ba8\u4f1a\u4e0a\uff0c\u60a8\u53ef\u4ee5\u5b66\u4e60 Lexware\uff0c\u6216\u8005\u66f4\u51c6\u786e\u5730\u8bf4\uff0c\u4e86\u89e3\u5e76\u638c\u63e1 Lexware \u8d22\u52a1\u4f1a\u8ba1\u3002\u5728\u6211\u4eec\u7684 Lexware \u57f9\u8bad\u8bfe\u7a0b\u4e2d\uff0c\u60a8\u5c06\u5b66\u4e60\u5230\u4f1a\u8ba1\u5b9e\u8df5\u4e2d\u6240\u9700\u7684\u4e00\u5207\uff0c\u5305\u62ec <strong>Lexware <\/strong>\u5728\u4f1a\u8ba1\u90e8\u95e8\u6216\u7a0e\u52a1\u5c40\u5de5\u4f5c\u3002<br \/>\n\u6211\u4eec\u5168\u5929\u5019\uff0824\/7\uff09\u4e3a\u60a8\u670d\u52a1\u3002<\/p>\n<p>\u60a8\u5c06\u6536\u5230 VHS \u5e73\u53f0\u4e0a\u7684\u5b66\u4e60\u6750\u6599\u3001\u89c6\u9891\u548c\u4efb\u52a1\u3002\u6ce8\u518c\u65f6\uff0c\u60a8\u8fd8\u5c06\u83b7\u5f97 Lexware \u8d22\u52a1\u4f1a\u8ba1\u8f6f\u4ef6\u7684\u8bb8\u53ef\u8bc1\u3002<\/p>\n<p>\u4f5c\u4e3a\u60a8\u7684\u6307\u5bfc\u6559\u5e08\uff0c\u6211\u5c06\u901a\u8fc7\u7535\u8bdd\u3001Skype \u548c WhatsApp \u4e3a\u60a8\u63d0\u4f9b\u5168\u7a0b\u652f\u6301\uff0c\u5fc5\u8981\u65f6\u8fd8\u4f1a\u901a\u8fc7\u5c4f\u5e55\u5171\u4eab\u4e3a\u60a8\u63d0\u4f9b\u652f\u6301\u3002<\/p>\n<p>\u7ed3\u4e1a\u540e\uff0c\u60a8\u5c06\u83b7\u5f97\u00a0<strong>\u8bc1\u4e66\uff0c\u00a0<\/strong>\u7531Treptow-K\u00f6penick \u6210\u6559\u5b66\u9662\u548cDatev\u5408\u4f5c\u9881\u53d1\uff0c\u4f60\u83b7\u5f97\u53c2\u52a0\u00a0<strong>\u4e0e Lexware \u7684\u5408\u4f5c<\/strong> \u5e76\u83b7\u8d44\u683c\u53c2\u52a0\u00a0<strong><a href=\"https:\/\/www.xpert-business.eu\/de\/module-wirtschaft\/finanzbuchfuehrung-3-datev.html\" target=\"_blank\" rel=\"noopener noreferrer\">XPert Business<\/a>\u00a0<\/strong>\u8282\u76ee\u7b2c 3 \u90e8\u5206\u53ef\u5728\u5168\u56fd\u4efb\u4f55\u5f53\u5730\u7684 VHS \u8d2d\u4e70\u3002<\/p>\n\n<div data-fullscreen=\"enabled-exit\" data-mode=\"lazyload\" data-provider=\"youtube\" data-reset-after-played id=\"arve-youtube-vszhe4cwbm8\" style=\"max-width:900px;\" class=\"arve arve-hover-effect-darken\">\n\t<div class=\"arve-inner\">\n\t\t<div class=\"arve-embed arve-embed--has-aspect-ratio\">\n\t\t\t<div class=\"arve-ar\" style=\"padding-top:56.250000%\"><\/div>\n\t\t\t<noscript class=\"arve-noscript\"> <div class=\"brlbs-cmpnt-container brlbs-cmpnt-content-blocker brlbs-cmpnt-with-individual-styles\" data-borlabs-cookie-content-blocker-id=\"youtube-content-blocker\" data-borlabs-cookie-content=\"PGlmcmFtZSBhbGxvdz0iYWNjZWxlcm9tZXRlciAmYXBvcztub25lJmFwb3M7O2F1dG9wbGF5O2JsdWV0b290aCAmYXBvcztub25lJmFwb3M7O2Jyb3dzaW5nLXRvcGljcyAmYXBvcztub25lJmFwb3M7O2NhbWVyYSAmYXBvcztub25lJmFwb3M7O2NsaXBib2FyZC1yZWFkICZhcG9zO25vbmUmYXBvczs7Y2xpcGJvYXJkLXdyaXRlO2Rpc3BsYXktY2FwdHVyZSAmYXBvcztub25lJmFwb3M7O2VuY3J5cHRlZC1tZWRpYSAmYXBvcztub25lJmFwb3M7O2dhbWVwYWQgJmFwb3M7bm9uZSZhcG9zOztnZW9sb2NhdGlvbiAmYXBvcztub25lJmFwb3M7O2d5cm9zY29wZSAmYXBvcztub25lJmFwb3M7O2hpZCAmYXBvcztub25lJmFwb3M7O2lkZW50aXR5LWNyZWRlbnRpYWxzLWdldCAmYXBvcztub25lJmFwb3M7O2lkbGUtZGV0ZWN0aW9uICZhcG9zO25vbmUmYXBvczs7a2V5Ym9hcmQtbWFwICZhcG9zO25vbmUmYXBvczs7bG9jYWwtZm9udHM7bWFnbmV0b21ldGVyICZhcG9zO25vbmUmYXBvczs7bWljcm9waG9uZSAmYXBvcztub25lJmFwb3M7O21pZGkgJmFwb3M7bm9uZSZhcG9zOztvdHAtY3JlZGVudGlhbHMgJmFwb3M7bm9uZSZhcG9zOztwYXltZW50ICZhcG9zO25vbmUmYXBvczs7cGljdHVyZS1pbi1waWN0dXJlO3B1YmxpY2tleS1jcmVkZW50aWFscy1jcmVhdGUgJmFwb3M7bm9uZSZhcG9zOztwdWJsaWNrZXktY3JlZGVudGlhbHMtZ2V0ICZhcG9zO25vbmUmYXBvczs7c2NyZWVuLXdha2UtbG9jayAmYXBvcztub25lJmFwb3M7O3NlcmlhbCAmYXBvcztub25lJmFwb3M7O3N1bW1hcml6ZXIgJmFwb3M7bm9uZSZhcG9zOztzeW5jLXhocjt1c2IgJmFwb3M7bm9uZSZhcG9zOzt3ZWItc2hhcmU7d2luZG93LW1hbmFnZW1lbnQgJmFwb3M7bm9uZSZhcG9zOzt4ci1zcGF0aWFsLXRyYWNraW5nICZhcG9zO25vbmUmYXBvczs7IiBhbGxvd2Z1bGxzY3JlZW49IiIgY2xhc3M9ImFydmUtaWZyYW1lIGZpdHZpZHNpZ25vcmUiIGNyZWRlbnRpYWxsZXNzIGRhdGEtYXJ2ZT0iYXJ2ZS15b3V0dWJlLXZzemhlNGN3Ym04IiBkYXRhLWxlbmlzLXByZXZlbnQ9IiIgZGF0YS1zcmMtbm8tYXA9Imh0dHBzOi8vd3d3LnlvdXR1YmUtbm9jb29raWUuY29tL2VtYmVkL1ZzekhFNENXQk04P2l2X2xvYWRfcG9saWN5PTMmYW1wO21vZGVzdGJyYW5kaW5nPTEmYW1wO3JlbD0wJmFtcDthdXRvaGlkZT0xJmFtcDtwbGF5c2lubGluZT0wJmFtcDthdXRvcGxheT0wJmFtcDtlbmFibGVqc2FwaT0xJmFtcDtjb250cm9scz0wIiBmcmFtZWJvcmRlcj0iMCIgaGVpZ2h0PSI1MDYuMjUiIGxvYWRpbmc9ImVhZ2VyIiBuYW1lPSIiIHJlZmVycmVycG9saWN5PSJzdHJpY3Qtb3JpZ2luLXdoZW4tY3Jvc3Mtb3JpZ2luIiBzYW5kYm94PSJhbGxvdy1zY3JpcHRzIGFsbG93LXNhbWUtb3JpZ2luIGFsbG93LXByZXNlbnRhdGlvbiBhbGxvdy1wb3B1cHMgYWxsb3ctcG9wdXBzLXRvLWVzY2FwZS1zYW5kYm94IiBzY3JvbGxpbmc9Im5vIiBzcmM9Imh0dHBzOi8vd3d3LnlvdXR1YmUtbm9jb29raWUuY29tL2VtYmVkL1ZzekhFNENXQk04P2l2X2xvYWRfcG9saWN5PTMmIzAzODttb2Rlc3RicmFuZGluZz0xJiMwMzg7cmVsPTAmIzAzODthdXRvaGlkZT0xJiMwMzg7cGxheXNpbmxpbmU9MCYjMDM4O2F1dG9wbGF5PTEmIzAzODtlbmFibGVqc2FwaT0xJiMwMzg7Y29udHJvbHM9MCIgdGl0bGU9IkZpYnUgMSBPbmxpbmUgS3VycyAiIHdpZHRoPSI5MDAiPjwvaWZyYW1lPg==\"><div class=\"brlbs-cmpnt-cb-preset-c brlbs-cmpnt-cb-youtube\"> <div class=\"brlbs-cmpnt-cb-thumbnail\" style=\"background-image: url('https:\/\/ralf100m.de\/wp-content\/uploads\/borlabs-cookie\/1\/yt_VszHE4CWBM8_hqdefault.jpg')\"><\/div> <div class=\"brlbs-cmpnt-cb-main\"> <div class=\"brlbs-cmpnt-cb-play-button\"><\/div> <div class=\"brlbs-cmpnt-cb-content\"> <p class=\"brlbs-cmpnt-cb-description\">\u60a8\u6b63\u5728\u67e5\u770b\u7684\u662f\u4ee5\u4e0b\u5185\u5bb9\u7684\u5360\u4f4d\u7b26 <strong>YouTube<\/strong>.\u8981\u8bbf\u95ee\u5b9e\u9645\u5185\u5bb9\uff0c\u8bf7\u5355\u51fb\u4e0b\u9762\u7684\u6309\u94ae\u3002\u8bf7\u6ce8\u610f\uff0c\u8fd9\u6837\u505a\u4f1a\u4e0e\u7b2c\u4e09\u65b9\u63d0\u4f9b\u5546\u5171\u4eab\u6570\u636e\u3002<\/p> <a class=\"brlbs-cmpnt-cb-provider-toggle\" href=\"#\" data-borlabs-cookie-show-provider-information role=\"button\">\u66f4\u591a\u4fe1\u606f<\/a> <\/div> <div class=\"brlbs-cmpnt-cb-buttons\"> <a class=\"brlbs-cmpnt-cb-btn\" href=\"#\" data-borlabs-cookie-unblock role=\"button\">\u89e3\u7981\u5185\u5bb9<\/a> <a class=\"brlbs-cmpnt-cb-btn\" href=\"#\" data-borlabs-cookie-accept-service role=\"button\" style=\"display: inherit\">\u63a5\u53d7\u6240\u9700\u7684\u670d\u52a1\u5e76\u89e3\u9501\u5185\u5bb9<\/a> <\/div> <\/div> <\/div><\/div><\/noscript>\n\t\t\t<img decoding=\"async\" alt=\"Fibu 1 \u5728\u7ebf\u8bfe\u7a0b\" class=\"arve-thumbnail\" height=\"1298\" loading=\"lazy\" sizes=\"auto\" src=\"https:\/\/ralf100m.de\/wp-content\/uploads\/2023\/03\/Lexware-FiBu.png\" srcset=\"https:\/\/ralf100m.de\/wp-content\/uploads\/2023\/03\/Lexware-FiBu.png 1294w, https:\/\/ralf100m.de\/wp-content\/uploads\/2023\/03\/Lexware-FiBu-300x300.png 300w, https:\/\/ralf100m.de\/wp-content\/uploads\/2023\/03\/Lexware-FiBu-1021x1024.png 1021w, https:\/\/ralf100m.de\/wp-content\/uploads\/2023\/03\/Lexware-FiBu-150x150.png 150w, https:\/\/ralf100m.de\/wp-content\/uploads\/2023\/03\/Lexware-FiBu-768x770.png 768w, https:\/\/ralf100m.de\/wp-content\/uploads\/2023\/03\/Lexware-FiBu-600x602.png 600w, https:\/\/ralf100m.de\/wp-content\/uploads\/2023\/03\/Lexware-FiBu-100x100.png 100w\" width=\"1294\">\n\t\t\t<button aria-label=\"Play video: Fibu 1 Online Kurs \" class=\"arve-play-btn arve-play-btn--none\" data-target=\"#arve-youtube-vszhe4cwbm8\" role=\"button\" type=\"button\"><\/button>\n\t\t\t\n\t\t<\/div>\n\t\t\n\t<\/div>\n\t\n\t\n\t<script type=\"application\/ld+json\">{\n    \"@context\": \"http:\\\/\\\/schema.org\\\/\",\n    \"@id\": \"https:\\\/\\\/ralf100m.de\\\/zh\\\/%e4%ba%a7%e5%93%81\\\/5620\\\/#arve-youtube-vszhe4cwbm8\",\n    \"type\": \"VideoObject\",\n    \"embedURL\": \"https:\\\/\\\/www.youtube-nocookie.com\\\/embed\\\/VszHE4CWBM8?iv_load_policy=3&modestbranding=1&rel=0&autohide=1&playsinline=0&autoplay=1&enablejsapi=1&controls=0\",\n    \"name\": \"Fibu 1 Online Kurs\",\n    \"thumbnailUrl\": \"https:\\\/\\\/ralf100m.de\\\/wp-content\\\/uploads\\\/2023\\\/03\\\/Lexware-FiBu.png\",\n    \"uploadDate\": \"2026-04-17T17:17:45+02:00\",\n    \"duration\": \"2m\",\n    \"description\": \"In unserem Lexware Online Seminar an der VHS Treptow-K\\u00f6penick kannst Du Lexware lernen, genauer gesagt die Lexware Finanzbuchhaltung kennen und beherrschen lernen. In unserer Lexware Schulung lernst Du alles, was Du f\\u00fcr die Buchf\\u00fchrungs-Praxis mit Lexware in einer Rechnungsabteilung oder einem Steue\"\n}<\/script>\n\t\n<div class=\"arve-error\"><p><small><abbr title=\"\u9ad8\u7ea7\u54cd\u5e94\u5f0f\u89c6\u9891\u5d4c\u5165\u5668\">ARVE<\/abbr> error: maxwidth: <code>1400px<\/code> is not valid<\/small><\/p><\/div>\n<\/div>\n<ul>\n<li>\u6a21\u62df\u4e00\u5bb6\u516c\u53f8\uff0c\u63d0\u4f9b\u6240\u6709\u5fc5\u8981\u7684\u4e3b\u6570\u636e<\/li>\n<li>\u4f7f\u7528 Lexware \u7ed9\u4e1a\u52a1\u8bb0\u8d26<\/li>\n<li>\u521b\u5efa\u548c\u89e3\u91ca\u8bc4\u4f30<\/li>\n<li>\u6700\u540e\u7684\u5de5\u4f5c\/\u5e74\u7ec8\u7ed3\u8d26<\/li>\n<li>\u5b9e\u8df5\u7ec3\u4e60<\/li>\n<\/ul>\n<p>\u60a8\u5c06\u770b\u5230\u8bfe\u7a0b\u964d\u4ef7\u7684\u8981\u6c42\u00a0<a href=\"https:\/\/tinyurl.com\/y7wbb46p\"><strong>\u8fd9\u91cc<\/strong><\/a>.<br \/>\n\u6298\u6263\u53ea\u80fd\u76f4\u63a5\u4ece VHS \u4ee5\u586b\u5199\u4ee5\u4e0b\u00a0<a href=\"http:\/\/ralf100m.de\/zh\/Kursanmeldung%20%2B%20Datenschutz.pdf\/\" target=\"_blank\" rel=\"noopener\"><strong>\u8868\u683c<\/strong><\/a>\u00a0\u7684\u65b9\u5f0f\u83b7\u53d6\u3002<\/p>\n<p>\u8bf7\u586b\u5199\u5e76\u53d1\u9001\u81f3 anmeldung@vhstk.de \/ \u7ed9\u6211\u5bc4\u4e00\u4efd\u526f\u672c (info@ralf100m.de)\u3002<\/p>","protected":false},"excerpt":{"rendered":"<p>\u4ece A-Z \u5f00\u59cb\u7684 Lexware \u8bfe\u7a0b<\/p>\n<p>\u5728\u67d0\u4e9b\u60c5\u51b5\u4e0b\uff0cVHS \u53ef\u51cf\u514d\u8bfe\u7a0b\u8d39\u7528 -&gt; 203.75 \u6b27\u5143<br \/>\n\u60a8\u5c06\u770b\u5230\u8bfe\u7a0b\u964d\u4ef7\u7684\u8981\u6c42\u00a0<a href=\"https:\/\/tinyurl.com\/y7wbb46p\"><strong>\u8fd9\u91cc<\/strong><\/a>.<\/p>\n<p>\u6298\u6263\u53ea\u80fd\u76f4\u63a5\u4ece VHS \u4ee5\u586b\u5199\u4ee5\u4e0b\u00a0<a href=\"http:\/\/ralf100m.de\/zh\/Kursanmeldung%20%2B%20Datenschutz.pdf\/\" target=\"_blank\" rel=\"noopener\"><strong>\u8868\u683c<\/strong><\/a>\u00a0\u7684\u65b9\u5f0f\u83b7\u53d6\u3002<\/p>\n<p>\u8bf7\u586b\u5199\u5e76\u8fd4\u56de anmeldung@vhstk.de \/ \u5c06\u526f\u672c\u5bc4\u7ed9\u672c\u4eba (info@ralf100m.de) \u5e76\u9644\u4e0a\u6298\u6263\u8bc1\u660e \/ \uff01 <strong>\u4ec5\u9002\u7528\u4e8e\u6709\u6298\u6263\u7684\u6ce8\u518c\uff01<\/strong><\/p>\n<p>&nbsp;<\/p>","protected":false},"featured_media":4190,"template":"","meta":[],"product_brand":[],"product_cat":[37],"product_tag":[],"class_list":{"0":"post-4142","1":"product","2":"type-product","3":"status-publish","4":"has-post-thumbnail","6":"product_cat-vhs-online-kurse","8":"first","9":"instock","10":"virtual","11":"taxable","12":"purchasable","13":"product-type-simple"},"yoast_head":"<!-- This site is optimized with the Yoast SEO plugin v27.4 - https:\/\/yoast.com\/product\/yoast-seo-wordpress\/ -->\n<title>TK-5620 Lexware Fibu - Ralf 100M<\/title>\n<meta name=\"robots\" content=\"index, follow, max-snippet:-1, max-image-preview:large, max-video-preview:-1\" \/>\n<link rel=\"canonical\" href=\"https:\/\/ralf100m.de\/zh\/\u4ea7\u54c1\/5620\/\" \/>\n<meta property=\"og:locale\" content=\"zh_CN\" \/>\n<meta property=\"og:type\" content=\"article\" \/>\n<meta property=\"og:title\" content=\"TK-5620 Lexware Fibu - Ralf 100M\" \/>\n<meta property=\"og:description\" content=\"Lexware Kurs von A-Z  Unter bestimmten Voraussetzungen gew\u00e4hrt die VHS Kurspreiserm\u00e4\u00dfigung -&gt; 203,75 \u20ac Die Voraussetzungen f\u00fcr eine Kurspreiserm\u00e4\u00dfigung findest Du\u00a0hier.  Erm\u00e4\u00dfigungen k\u00f6nnen nur direkt \u00fcber die VHS per\u00a0Formular\u00a0gebucht werden.  Bitte ausgef\u00fcllt an anmeldung@vhstk.de \/ Kopie an mich (info@ralf100m.de) schicken und den Erm\u00e4\u00dfigungsnachweis mitsenden \/ ! Betrifft nur Anmeldungen mit Erm\u00e4\u00dfigung !  &nbsp;\" \/>\n<meta property=\"og:url\" content=\"https:\/\/ralf100m.de\/zh\/\u4ea7\u54c1\/5620\/\" \/>\n<meta property=\"og:site_name\" content=\"Ralf 100M\" \/>\n<meta property=\"article:modified_time\" content=\"2025-12-18T11:02:33+00:00\" \/>\n<meta property=\"og:image\" content=\"https:\/\/ralf100m.de\/wp-content\/uploads\/2023\/03\/Lexware-FiBu.png\" \/>\n\t<meta property=\"og:image:width\" content=\"1294\" \/>\n\t<meta property=\"og:image:height\" content=\"1298\" \/>\n\t<meta property=\"og:image:type\" content=\"image\/png\" \/>\n<meta name=\"twitter:card\" content=\"summary_large_image\" \/>\n<meta name=\"twitter:label1\" content=\"\u9884\u8ba1\u9605\u8bfb\u65f6\u95f4\" \/>\n\t<meta name=\"twitter:data1\" content=\"2 \u5206\" \/>\n<script type=\"application\/ld+json\" class=\"yoast-schema-graph\">{\"@context\":\"https:\\\/\\\/schema.org\",\"@graph\":[{\"@type\":\"WebPage\",\"@id\":\"https:\\\/\\\/ralf100m.de\\\/produkt\\\/5620\\\/\",\"url\":\"https:\\\/\\\/ralf100m.de\\\/produkt\\\/5620\\\/\",\"name\":\"TK-5620 Lexware Fibu - Ralf 100M\",\"isPartOf\":{\"@id\":\"https:\\\/\\\/ralf100m.de\\\/#website\"},\"primaryImageOfPage\":{\"@id\":\"https:\\\/\\\/ralf100m.de\\\/produkt\\\/5620\\\/#primaryimage\"},\"image\":{\"@id\":\"https:\\\/\\\/ralf100m.de\\\/produkt\\\/5620\\\/#primaryimage\"},\"thumbnailUrl\":\"https:\\\/\\\/ralf100m.de\\\/wp-content\\\/uploads\\\/2023\\\/03\\\/Lexware-FiBu.png\",\"datePublished\":\"2023-03-07T15:05:47+00:00\",\"dateModified\":\"2025-12-18T11:02:33+00:00\",\"breadcrumb\":{\"@id\":\"https:\\\/\\\/ralf100m.de\\\/produkt\\\/5620\\\/#breadcrumb\"},\"inLanguage\":\"zh-Hans\",\"potentialAction\":[{\"@type\":\"ReadAction\",\"target\":[\"https:\\\/\\\/ralf100m.de\\\/produkt\\\/5620\\\/\"]}]},{\"@type\":\"ImageObject\",\"inLanguage\":\"zh-Hans\",\"@id\":\"https:\\\/\\\/ralf100m.de\\\/produkt\\\/5620\\\/#primaryimage\",\"url\":\"https:\\\/\\\/ralf100m.de\\\/wp-content\\\/uploads\\\/2023\\\/03\\\/Lexware-FiBu.png\",\"contentUrl\":\"https:\\\/\\\/ralf100m.de\\\/wp-content\\\/uploads\\\/2023\\\/03\\\/Lexware-FiBu.png\",\"width\":1294,\"height\":1298},{\"@type\":\"BreadcrumbList\",\"@id\":\"https:\\\/\\\/ralf100m.de\\\/produkt\\\/5620\\\/#breadcrumb\",\"itemListElement\":[{\"@type\":\"ListItem\",\"position\":1,\"name\":\"Startseite\",\"item\":\"https:\\\/\\\/ralf100m.de\\\/\"},{\"@type\":\"ListItem\",\"position\":2,\"name\":\"Shop\",\"item\":\"https:\\\/\\\/ralf100m.de\\\/shop\\\/\"},{\"@type\":\"ListItem\",\"position\":3,\"name\":\"TK-5620 Lexware Fibu\"}]},{\"@type\":\"WebSite\",\"@id\":\"https:\\\/\\\/ralf100m.de\\\/#website\",\"url\":\"https:\\\/\\\/ralf100m.de\\\/\",\"name\":\"Ralf 100M\",\"description\":\"\",\"publisher\":{\"@id\":\"https:\\\/\\\/ralf100m.de\\\/#\\\/schema\\\/person\\\/144d88d0c18fb8f5e6bd155752132c23\"},\"potentialAction\":[{\"@type\":\"SearchAction\",\"target\":{\"@type\":\"EntryPoint\",\"urlTemplate\":\"https:\\\/\\\/ralf100m.de\\\/?s={search_term_string}\"},\"query-input\":{\"@type\":\"PropertyValueSpecification\",\"valueRequired\":true,\"valueName\":\"search_term_string\"}}],\"inLanguage\":\"zh-Hans\"},{\"@type\":[\"Person\",\"Organization\"],\"@id\":\"https:\\\/\\\/ralf100m.de\\\/#\\\/schema\\\/person\\\/144d88d0c18fb8f5e6bd155752132c23\",\"name\":\"wpulitkus\",\"image\":{\"@type\":\"ImageObject\",\"inLanguage\":\"zh-Hans\",\"@id\":\"https:\\\/\\\/ralf100m.de\\\/wp-content\\\/uploads\\\/2023\\\/04\\\/ralf-200px-logo.jpg\",\"url\":\"https:\\\/\\\/ralf100m.de\\\/wp-content\\\/uploads\\\/2023\\\/04\\\/ralf-200px-logo.jpg\",\"contentUrl\":\"https:\\\/\\\/ralf100m.de\\\/wp-content\\\/uploads\\\/2023\\\/04\\\/ralf-200px-logo.jpg\",\"width\":400,\"height\":162,\"caption\":\"wpulitkus\"},\"logo\":{\"@id\":\"https:\\\/\\\/ralf100m.de\\\/wp-content\\\/uploads\\\/2023\\\/04\\\/ralf-200px-logo.jpg\"}}]}<\/script>\n<!-- \/ Yoast SEO plugin. -->","yoast_head_json":{"title":"TK-5620 Lexware Fibu - Ralf 100M","robots":{"index":"index","follow":"follow","max-snippet":"max-snippet:-1","max-image-preview":"max-image-preview:large","max-video-preview":"max-video-preview:-1"},"canonical":"https:\/\/ralf100m.de\/zh\/\u4ea7\u54c1\/5620\/","og_locale":"zh_CN","og_type":"article","og_title":"TK-5620 Lexware Fibu - Ralf 100M","og_description":"Lexware Kurs von A-Z  Unter bestimmten Voraussetzungen gew\u00e4hrt die VHS Kurspreiserm\u00e4\u00dfigung -&gt; 203,75 \u20ac Die Voraussetzungen f\u00fcr eine Kurspreiserm\u00e4\u00dfigung findest Du\u00a0hier.  Erm\u00e4\u00dfigungen k\u00f6nnen nur direkt \u00fcber die VHS per\u00a0Formular\u00a0gebucht werden.  Bitte ausgef\u00fcllt an anmeldung@vhstk.de \/ Kopie an mich (info@ralf100m.de) schicken und den Erm\u00e4\u00dfigungsnachweis mitsenden \/ ! Betrifft nur Anmeldungen mit Erm\u00e4\u00dfigung !  &nbsp;","og_url":"https:\/\/ralf100m.de\/zh\/\u4ea7\u54c1\/5620\/","og_site_name":"Ralf 100M","article_modified_time":"2025-12-18T11:02:33+00:00","og_image":[{"width":1294,"height":1298,"url":"https:\/\/ralf100m.de\/wp-content\/uploads\/2023\/03\/Lexware-FiBu.png","type":"image\/png"}],"twitter_card":"summary_large_image","twitter_misc":{"\u9884\u8ba1\u9605\u8bfb\u65f6\u95f4":"2 \u5206"},"schema":{"@context":"https:\/\/schema.org","@graph":[{"@type":"WebPage","@id":"https:\/\/ralf100m.de\/produkt\/5620\/","url":"https:\/\/ralf100m.de\/produkt\/5620\/","name":"TK-5620 Lexware Fibu - Ralf 100M","isPartOf":{"@id":"https:\/\/ralf100m.de\/#website"},"primaryImageOfPage":{"@id":"https:\/\/ralf100m.de\/produkt\/5620\/#primaryimage"},"image":{"@id":"https:\/\/ralf100m.de\/produkt\/5620\/#primaryimage"},"thumbnailUrl":"https:\/\/ralf100m.de\/wp-content\/uploads\/2023\/03\/Lexware-FiBu.png","datePublished":"2023-03-07T15:05:47+00:00","dateModified":"2025-12-18T11:02:33+00:00","breadcrumb":{"@id":"https:\/\/ralf100m.de\/produkt\/5620\/#breadcrumb"},"inLanguage":"zh-Hans","potentialAction":[{"@type":"ReadAction","target":["https:\/\/ralf100m.de\/produkt\/5620\/"]}]},{"@type":"ImageObject","inLanguage":"zh-Hans","@id":"https:\/\/ralf100m.de\/produkt\/5620\/#primaryimage","url":"https:\/\/ralf100m.de\/wp-content\/uploads\/2023\/03\/Lexware-FiBu.png","contentUrl":"https:\/\/ralf100m.de\/wp-content\/uploads\/2023\/03\/Lexware-FiBu.png","width":1294,"height":1298},{"@type":"BreadcrumbList","@id":"https:\/\/ralf100m.de\/produkt\/5620\/#breadcrumb","itemListElement":[{"@type":"ListItem","position":1,"name":"Startseite","item":"https:\/\/ralf100m.de\/"},{"@type":"ListItem","position":2,"name":"Shop","item":"https:\/\/ralf100m.de\/shop\/"},{"@type":"ListItem","position":3,"name":"TK-5620 Lexware Fibu"}]},{"@type":"WebSite","@id":"https:\/\/ralf100m.de\/#website","url":"https:\/\/ralf100m.de\/","name":"\u62c9\u5c14\u592b 100M","description":"","publisher":{"@id":"https:\/\/ralf100m.de\/#\/schema\/person\/144d88d0c18fb8f5e6bd155752132c23"},"potentialAction":[{"@type":"SearchAction","target":{"@type":"EntryPoint","urlTemplate":"https:\/\/ralf100m.de\/?s={search_term_string}"},"query-input":{"@type":"PropertyValueSpecification","valueRequired":true,"valueName":"search_term_string"}}],"inLanguage":"zh-Hans"},{"@type":["Person","Organization"],"@id":"https:\/\/ralf100m.de\/#\/schema\/person\/144d88d0c18fb8f5e6bd155752132c23","name":"wpulitcus","image":{"@type":"ImageObject","inLanguage":"zh-Hans","@id":"https:\/\/ralf100m.de\/wp-content\/uploads\/2023\/04\/ralf-200px-logo.jpg","url":"https:\/\/ralf100m.de\/wp-content\/uploads\/2023\/04\/ralf-200px-logo.jpg","contentUrl":"https:\/\/ralf100m.de\/wp-content\/uploads\/2023\/04\/ralf-200px-logo.jpg","width":400,"height":162,"caption":"wpulitkus"},"logo":{"@id":"https:\/\/ralf100m.de\/wp-content\/uploads\/2023\/04\/ralf-200px-logo.jpg"}}]}},"_links":{"self":[{"href":"https:\/\/ralf100m.de\/zh\/wp-json\/wp\/v2\/product\/4142","targetHints":{"allow":["GET"]}}],"collection":[{"href":"https:\/\/ralf100m.de\/zh\/wp-json\/wp\/v2\/product"}],"about":[{"href":"https:\/\/ralf100m.de\/zh\/wp-json\/wp\/v2\/types\/product"}],"wp:featuredmedia":[{"embeddable":true,"href":"https:\/\/ralf100m.de\/zh\/wp-json\/wp\/v2\/media\/4190"}],"wp:attachment":[{"href":"https:\/\/ralf100m.de\/zh\/wp-json\/wp\/v2\/media?parent=4142"}],"wp:term":[{"taxonomy":"product_brand","embeddable":true,"href":"https:\/\/ralf100m.de\/zh\/wp-json\/wp\/v2\/product_brand?post=4142"},{"taxonomy":"product_cat","embeddable":true,"href":"https:\/\/ralf100m.de\/zh\/wp-json\/wp\/v2\/product_cat?post=4142"},{"taxonomy":"product_tag","embeddable":true,"href":"https:\/\/ralf100m.de\/zh\/wp-json\/wp\/v2\/product_tag?post=4142"}],"curies":[{"name":"wp","href":"https:\/\/api.w.org\/{rel}","templated":true}]}}