{"id":4221,"date":"2023-03-15T16:59:54","date_gmt":"2023-03-15T15:59:54","guid":{"rendered":"https:\/\/ralf100m.de\/?post_type=product&#038;p=4221"},"modified":"2025-12-18T12:01:36","modified_gmt":"2025-12-18T11:01:36","slug":"5626","status":"publish","type":"product","link":"https:\/\/ralf100m.de\/zh\/%e4%ba%a7%e5%93%81\/5626\/","title":{"rendered":"TK-5626 \u5b9e\u4e60"},"content":{"rendered":"<p>\u5728\u7ebf\u5b9e\u4e60\u662f\u6211\u4eec\u4e3a\u6210\u4e3a\u8d22\u52a1\u4f1a\u8ba1\u4eba\u5458\u6240\u505a\u51c6\u5907\u7684\u6700\u540e\u9636\u6bb5\uff0c\u4e3a\u60a8\u7acb\u5373\u8fdb\u5165\u5de5\u4f5c\u5c97\u4f4d\u505a\u597d\u51c6\u5907\u3002<\/p>\n<p>\u60a8\u5c06\u5b66\u4f1a\u5982\u4f55\u5229\u7528\u4e30\u5bcc\u7684\u6587\u4ef6\u7ba1\u7406\u65e5\u5e38\u5de5\u4f5c\uff0c\u5c24\u5176\u662f\u9ad8\u8d28\u91cf\u7684\u9884\u8ba2\u3002<br \/>\n\u5728\u5f00\u59cb\u9636\u6bb5\uff0c\u60a8\u4f1a\u72af\u9519\u8bef\uff0c\u5728\u6392\u9664\u6545\u969c\u7684\u8fc7\u7a0b\u4e2d\u953b\u70bc\u81ea\u5df1\uff0c\u5e76\u5728\u63a5\u4e0b\u6765\u7684\u9884\u8ba2\u671f\u95f4\u83b7\u5f97\u51c6\u786e\u6027\uff0c\u4ece\u800c\u589e\u5f3a\u4fe1\u5fc3\u3002<\/p>\n<p>\u7ed3\u4e1a\u540e\uff0c\u60a8\u5c06\u83b7\u5f97 <strong>\u5de5\u4f5c\u53c2\u8003 <\/strong>\u7531Treptow-K\u00f6penick \u6210\u6559\u5b66\u9662\u548cDatev\u5408\u4f5c\u9881\u53d1\uff0c\u4f60\u83b7\u5f97\u53c2\u52a0 <strong>\u4e0e Datev \u7684\u5408\u4f5c<\/strong> .<\/p>\n<ul>\n<li>\u4f7f\u7528DATEV Kanzlei-Rechnungswesen \u8fdb\u884c\u6301\u7eed\u7684\u4f1a\u8ba1\u5206\u5f55<\/li>\n<li>\u4e3a\u7a0e\u52a1\u987e\u95ee\u7f16\u5236\u5e74\u5ea6\u8d22\u52a1\u62a5\u8868\u63d0\u4f9b\u51c6\u5907\u548c\u914d\u5408\u5de5\u4f5c<\/li>\n<li>\u5165\u5e93\u548c\u51fa\u5e93\u53d1\u7968\/\u6d89\u53ca\u56fd\u5185\u3001\u6b27\u76df\u3001\u7b2c\u4e09\u56fd<\/li>\n<li>\u6b3e\u9879\u6c47\u5165\u548c\u6c47\u51fa\u7684\u5206\u5f55<\/li>\n<li>\u5de5\u8d44\u548c\u85aa\u91d1\u516c\u544a<\/li>\n<li>\u7535\u5b50\u5355\u636e<\/li>\n<li>\u6536\u94f6\u673a\u548c\u4fe1\u7528\u5361\u8d26\u5355<\/li>\n<li>\u516c\u5f00\u9879\u76ee\u8868\u51b3<\/li>\n<li>\u9884\u62a5\u9500\u552e\u7a0e<\/li>\n<li>\u8d44\u4ea7\u4f1a\u8ba1\uff08\u5e93\u5b58\u3001\u6bcf\u6708\u6298\u65e7\uff09<\/li>\n<li>\u672c\u5e74\u5ea6\u5e94\u8ba1\u989d\u548c\u9012\u5ef6\u989d \u5907\u62b5\/\u9006\u8f6c<\/li>\n<li>\u9996\u4ed8\u6b3e\u7533\u8bf7\/\u4ed8\u6b3e\/\u6700\u7ec8\u53d1\u7968<\/li>\n<li>\u672c\u5e74\u5ea6\u5e94\u6536\u8d26\u6b3e\u7684 EMC \u548c\u635f\u5931<\/li>\n<li>\u53d1\u7968\u6838\u67e5\/\u4f1a\u8ba1\u4e00\u81f4\u6027<\/li>\n<li>\u671f\u521d\u8d44\u4ea7\u8d1f\u503a\u8868<\/li>\n<li>\u81ea\u6211\u68c0\u67e5\/\u8d26\u6237\u8c03\u8282\/\u6545\u969c\u6392\u9664<\/li>\n<li>\u5e94\u7b2c\u4e09\u65b9\u8981\u6c42\u51c6\u5907\u6587\u4ef6<\/li>\n<li>\u7f16\u5236\u5e74\u5ea6\u8d22\u52a1\u62a5\u8868<\/li>\n<\/ul>\n<p>\u60a8\u5c06\u770b\u5230\u8bfe\u7a0b\u964d\u4ef7\u7684\u8981\u6c42\u00a0<a href=\"https:\/\/tinyurl.com\/y7wbb46p\"><strong>\u8fd9\u91cc<\/strong><\/a>.<br \/>\n\u6298\u6263\u53ea\u80fd\u76f4\u63a5\u4ece VHS \u4ee5\u586b\u5199\u4ee5\u4e0b\u00a0<a href=\"http:\/\/ralf100m.de\/zh\/Kursanmeldung%20%2B%20Datenschutz.pdf\/\" target=\"_blank\" rel=\"noopener\"><strong>\u8868\u683c<\/strong><\/a>\u00a0\u7684\u65b9\u5f0f\u83b7\u53d6\u3002<\/p>\n<p>\u8bf7\u586b\u5199\u5e76\u53d1\u9001\u81f3 anmeldung@vhstk.de \/ \u7ed9\u6211\u5bc4\u4e00\u4efd\u526f\u672c (info@ralf100m.de)\u3002<\/p>","protected":false},"excerpt":{"rendered":"<p>\u5b8c\u6210\u8d22\u52a1\u4f1a\u8ba1\u7684\u51c6\u5907\u5de5\u4f5c\/\u7acb\u5373\u8fdb\u5165\u5de5\u4f5c\u5c97\u4f4d<\/p>\n<p>\u5728\u67d0\u4e9b\u60c5\u51b5\u4e0b\uff0cVHS \u53ef\u4e3a\u8bfe\u7a0b\u51cf\u4ef7 -&gt; 247.70 \u6b27\u5143<br \/>\n\u60a8\u5c06\u770b\u5230\u8bfe\u7a0b\u964d\u4ef7\u7684\u8981\u6c42\u00a0<a href=\"https:\/\/tinyurl.com\/y7wbb46p\"><strong>\u8fd9\u91cc<\/strong><\/a>.<\/p>\n<p>\u6298\u6263\u53ea\u80fd\u76f4\u63a5\u4ece VHS \u4ee5\u586b\u5199\u4ee5\u4e0b\u00a0<a href=\"http:\/\/ralf100m.de\/zh\/Kursanmeldung%20%2B%20Datenschutz.pdf\/\" target=\"_blank\" rel=\"noopener\"><strong>\u8868\u683c<\/strong><\/a>\u00a0\u7684\u65b9\u5f0f\u83b7\u53d6\u3002<\/p>\n<p>\u8bf7\u586b\u5199\u5e76\u8fd4\u56de anmeldung@vhstk.de \/ \u5c06\u526f\u672c\u5bc4\u7ed9\u672c\u4eba (info@ralf100m.de) \u5e76\u9644\u4e0a\u6298\u6263\u8bc1\u660e \/ \uff01 <strong>\u4ec5\u9002\u7528\u4e8e\u6709\u6298\u6263\u7684\u6ce8\u518c\uff01<\/strong><\/p>\n<p>&nbsp;<\/p>\n<p>&nbsp;<\/p>","protected":false},"featured_media":4193,"template":"","meta":[],"product_brand":[],"product_cat":[37],"product_tag":[],"class_list":{"0":"post-4221","1":"product","2":"type-product","3":"status-publish","4":"has-post-thumbnail","6":"product_cat-vhs-online-kurse","8":"first","9":"instock","10":"virtual","11":"taxable","12":"purchasable","13":"product-type-simple"},"yoast_head":"<!-- This site is optimized with the Yoast SEO plugin v27.4 - https:\/\/yoast.com\/product\/yoast-seo-wordpress\/ -->\n<title>TK-5626 Praktikum - Ralf 100M<\/title>\n<meta name=\"robots\" content=\"index, follow, max-snippet:-1, max-image-preview:large, max-video-preview:-1\" \/>\n<link rel=\"canonical\" href=\"https:\/\/ralf100m.de\/zh\/\u4ea7\u54c1\/5626\/\" \/>\n<meta property=\"og:locale\" content=\"zh_CN\" \/>\n<meta property=\"og:type\" content=\"article\" \/>\n<meta property=\"og:title\" content=\"TK-5626 Praktikum - Ralf 100M\" \/>\n<meta property=\"og:description\" content=\"Abschluss unserer Vorbereitung zur Finanzbuchhaltert\u00e4tigkeit \/ zum unmittelbaren Einstieg in den Job  Unter bestimmten Voraussetzungen gew\u00e4hrt die VHS Kurspreiserm\u00e4\u00dfigung -&gt; 247,70 \u20ac Die Voraussetzungen f\u00fcr eine Kurspreiserm\u00e4\u00dfigung findest Du\u00a0hier.  Erm\u00e4\u00dfigungen k\u00f6nnen nur direkt \u00fcber die VHS per\u00a0Formular\u00a0gebucht werden.  Bitte ausgef\u00fcllt an anmeldung@vhstk.de \/ Kopie an mich (info@ralf100m.de) schicken und den Erm\u00e4\u00dfigungsnachweis mitsenden \/ ! Betrifft nur Anmeldungen mit Erm\u00e4\u00dfigung !  &nbsp;  &nbsp;\" \/>\n<meta property=\"og:url\" content=\"https:\/\/ralf100m.de\/zh\/\u4ea7\u54c1\/5626\/\" \/>\n<meta property=\"og:site_name\" content=\"Ralf 100M\" \/>\n<meta property=\"article:modified_time\" content=\"2025-12-18T11:01:36+00:00\" \/>\n<meta property=\"og:image\" content=\"https:\/\/ralf100m.de\/wp-content\/uploads\/2023\/03\/FiBu-Praktikum.png\" \/>\n\t<meta property=\"og:image:width\" content=\"1302\" \/>\n\t<meta property=\"og:image:height\" content=\"1292\" \/>\n\t<meta property=\"og:image:type\" content=\"image\/png\" \/>\n<meta name=\"twitter:card\" content=\"summary_large_image\" \/>\n<meta name=\"twitter:label1\" content=\"\u9884\u8ba1\u9605\u8bfb\u65f6\u95f4\" \/>\n\t<meta name=\"twitter:data1\" content=\"2 \u5206\" \/>\n<script type=\"application\/ld+json\" class=\"yoast-schema-graph\">{\"@context\":\"https:\\\/\\\/schema.org\",\"@graph\":[{\"@type\":\"WebPage\",\"@id\":\"https:\\\/\\\/ralf100m.de\\\/produkt\\\/5626\\\/\",\"url\":\"https:\\\/\\\/ralf100m.de\\\/produkt\\\/5626\\\/\",\"name\":\"TK-5626 Praktikum - Ralf 100M\",\"isPartOf\":{\"@id\":\"https:\\\/\\\/ralf100m.de\\\/#website\"},\"primaryImageOfPage\":{\"@id\":\"https:\\\/\\\/ralf100m.de\\\/produkt\\\/5626\\\/#primaryimage\"},\"image\":{\"@id\":\"https:\\\/\\\/ralf100m.de\\\/produkt\\\/5626\\\/#primaryimage\"},\"thumbnailUrl\":\"https:\\\/\\\/ralf100m.de\\\/wp-content\\\/uploads\\\/2023\\\/03\\\/FiBu-Praktikum.png\",\"datePublished\":\"2023-03-15T15:59:54+00:00\",\"dateModified\":\"2025-12-18T11:01:36+00:00\",\"breadcrumb\":{\"@id\":\"https:\\\/\\\/ralf100m.de\\\/produkt\\\/5626\\\/#breadcrumb\"},\"inLanguage\":\"zh-Hans\",\"potentialAction\":[{\"@type\":\"ReadAction\",\"target\":[\"https:\\\/\\\/ralf100m.de\\\/produkt\\\/5626\\\/\"]}]},{\"@type\":\"ImageObject\",\"inLanguage\":\"zh-Hans\",\"@id\":\"https:\\\/\\\/ralf100m.de\\\/produkt\\\/5626\\\/#primaryimage\",\"url\":\"https:\\\/\\\/ralf100m.de\\\/wp-content\\\/uploads\\\/2023\\\/03\\\/FiBu-Praktikum.png\",\"contentUrl\":\"https:\\\/\\\/ralf100m.de\\\/wp-content\\\/uploads\\\/2023\\\/03\\\/FiBu-Praktikum.png\",\"width\":1302,\"height\":1292},{\"@type\":\"BreadcrumbList\",\"@id\":\"https:\\\/\\\/ralf100m.de\\\/produkt\\\/5626\\\/#breadcrumb\",\"itemListElement\":[{\"@type\":\"ListItem\",\"position\":1,\"name\":\"Startseite\",\"item\":\"https:\\\/\\\/ralf100m.de\\\/\"},{\"@type\":\"ListItem\",\"position\":2,\"name\":\"Shop\",\"item\":\"https:\\\/\\\/ralf100m.de\\\/shop\\\/\"},{\"@type\":\"ListItem\",\"position\":3,\"name\":\"TK-5626 Praktikum\"}]},{\"@type\":\"WebSite\",\"@id\":\"https:\\\/\\\/ralf100m.de\\\/#website\",\"url\":\"https:\\\/\\\/ralf100m.de\\\/\",\"name\":\"Ralf 100M\",\"description\":\"\",\"publisher\":{\"@id\":\"https:\\\/\\\/ralf100m.de\\\/#\\\/schema\\\/person\\\/144d88d0c18fb8f5e6bd155752132c23\"},\"potentialAction\":[{\"@type\":\"SearchAction\",\"target\":{\"@type\":\"EntryPoint\",\"urlTemplate\":\"https:\\\/\\\/ralf100m.de\\\/?s={search_term_string}\"},\"query-input\":{\"@type\":\"PropertyValueSpecification\",\"valueRequired\":true,\"valueName\":\"search_term_string\"}}],\"inLanguage\":\"zh-Hans\"},{\"@type\":[\"Person\",\"Organization\"],\"@id\":\"https:\\\/\\\/ralf100m.de\\\/#\\\/schema\\\/person\\\/144d88d0c18fb8f5e6bd155752132c23\",\"name\":\"wpulitkus\",\"image\":{\"@type\":\"ImageObject\",\"inLanguage\":\"zh-Hans\",\"@id\":\"https:\\\/\\\/ralf100m.de\\\/wp-content\\\/uploads\\\/2023\\\/04\\\/ralf-200px-logo.jpg\",\"url\":\"https:\\\/\\\/ralf100m.de\\\/wp-content\\\/uploads\\\/2023\\\/04\\\/ralf-200px-logo.jpg\",\"contentUrl\":\"https:\\\/\\\/ralf100m.de\\\/wp-content\\\/uploads\\\/2023\\\/04\\\/ralf-200px-logo.jpg\",\"width\":400,\"height\":162,\"caption\":\"wpulitkus\"},\"logo\":{\"@id\":\"https:\\\/\\\/ralf100m.de\\\/wp-content\\\/uploads\\\/2023\\\/04\\\/ralf-200px-logo.jpg\"}}]}<\/script>\n<!-- \/ Yoast SEO plugin. -->","yoast_head_json":{"title":"TK-5626 \u5b9e\u4e60 - \u62c9\u5c14\u592b 100M","robots":{"index":"index","follow":"follow","max-snippet":"max-snippet:-1","max-image-preview":"max-image-preview:large","max-video-preview":"max-video-preview:-1"},"canonical":"https:\/\/ralf100m.de\/zh\/\u4ea7\u54c1\/5626\/","og_locale":"zh_CN","og_type":"article","og_title":"TK-5626 Praktikum - Ralf 100M","og_description":"Abschluss unserer Vorbereitung zur Finanzbuchhaltert\u00e4tigkeit \/ zum unmittelbaren Einstieg in den Job  Unter bestimmten Voraussetzungen gew\u00e4hrt die VHS Kurspreiserm\u00e4\u00dfigung -&gt; 247,70 \u20ac Die Voraussetzungen f\u00fcr eine Kurspreiserm\u00e4\u00dfigung findest Du\u00a0hier.  Erm\u00e4\u00dfigungen k\u00f6nnen nur direkt \u00fcber die VHS per\u00a0Formular\u00a0gebucht werden.  Bitte ausgef\u00fcllt an anmeldung@vhstk.de \/ Kopie an mich (info@ralf100m.de) schicken und den Erm\u00e4\u00dfigungsnachweis mitsenden \/ ! Betrifft nur Anmeldungen mit Erm\u00e4\u00dfigung !  &nbsp;  &nbsp;","og_url":"https:\/\/ralf100m.de\/zh\/\u4ea7\u54c1\/5626\/","og_site_name":"Ralf 100M","article_modified_time":"2025-12-18T11:01:36+00:00","og_image":[{"width":1302,"height":1292,"url":"https:\/\/ralf100m.de\/wp-content\/uploads\/2023\/03\/FiBu-Praktikum.png","type":"image\/png"}],"twitter_card":"summary_large_image","twitter_misc":{"\u9884\u8ba1\u9605\u8bfb\u65f6\u95f4":"2 \u5206"},"schema":{"@context":"https:\/\/schema.org","@graph":[{"@type":"WebPage","@id":"https:\/\/ralf100m.de\/produkt\/5626\/","url":"https:\/\/ralf100m.de\/produkt\/5626\/","name":"TK-5626 \u5b9e\u4e60 - \u62c9\u5c14\u592b 100M","isPartOf":{"@id":"https:\/\/ralf100m.de\/#website"},"primaryImageOfPage":{"@id":"https:\/\/ralf100m.de\/produkt\/5626\/#primaryimage"},"image":{"@id":"https:\/\/ralf100m.de\/produkt\/5626\/#primaryimage"},"thumbnailUrl":"https:\/\/ralf100m.de\/wp-content\/uploads\/2023\/03\/FiBu-Praktikum.png","datePublished":"2023-03-15T15:59:54+00:00","dateModified":"2025-12-18T11:01:36+00:00","breadcrumb":{"@id":"https:\/\/ralf100m.de\/produkt\/5626\/#breadcrumb"},"inLanguage":"zh-Hans","potentialAction":[{"@type":"ReadAction","target":["https:\/\/ralf100m.de\/produkt\/5626\/"]}]},{"@type":"ImageObject","inLanguage":"zh-Hans","@id":"https:\/\/ralf100m.de\/produkt\/5626\/#primaryimage","url":"https:\/\/ralf100m.de\/wp-content\/uploads\/2023\/03\/FiBu-Praktikum.png","contentUrl":"https:\/\/ralf100m.de\/wp-content\/uploads\/2023\/03\/FiBu-Praktikum.png","width":1302,"height":1292},{"@type":"BreadcrumbList","@id":"https:\/\/ralf100m.de\/produkt\/5626\/#breadcrumb","itemListElement":[{"@type":"ListItem","position":1,"name":"Startseite","item":"https:\/\/ralf100m.de\/"},{"@type":"ListItem","position":2,"name":"Shop","item":"https:\/\/ralf100m.de\/shop\/"},{"@type":"ListItem","position":3,"name":"TK-5626 Praktikum"}]},{"@type":"WebSite","@id":"https:\/\/ralf100m.de\/#website","url":"https:\/\/ralf100m.de\/","name":"\u62c9\u5c14\u592b 100M","description":"","publisher":{"@id":"https:\/\/ralf100m.de\/#\/schema\/person\/144d88d0c18fb8f5e6bd155752132c23"},"potentialAction":[{"@type":"SearchAction","target":{"@type":"EntryPoint","urlTemplate":"https:\/\/ralf100m.de\/?s={search_term_string}"},"query-input":{"@type":"PropertyValueSpecification","valueRequired":true,"valueName":"search_term_string"}}],"inLanguage":"zh-Hans"},{"@type":["Person","Organization"],"@id":"https:\/\/ralf100m.de\/#\/schema\/person\/144d88d0c18fb8f5e6bd155752132c23","name":"wpulitcus","image":{"@type":"ImageObject","inLanguage":"zh-Hans","@id":"https:\/\/ralf100m.de\/wp-content\/uploads\/2023\/04\/ralf-200px-logo.jpg","url":"https:\/\/ralf100m.de\/wp-content\/uploads\/2023\/04\/ralf-200px-logo.jpg","contentUrl":"https:\/\/ralf100m.de\/wp-content\/uploads\/2023\/04\/ralf-200px-logo.jpg","width":400,"height":162,"caption":"wpulitkus"},"logo":{"@id":"https:\/\/ralf100m.de\/wp-content\/uploads\/2023\/04\/ralf-200px-logo.jpg"}}]}},"_links":{"self":[{"href":"https:\/\/ralf100m.de\/zh\/wp-json\/wp\/v2\/product\/4221","targetHints":{"allow":["GET"]}}],"collection":[{"href":"https:\/\/ralf100m.de\/zh\/wp-json\/wp\/v2\/product"}],"about":[{"href":"https:\/\/ralf100m.de\/zh\/wp-json\/wp\/v2\/types\/product"}],"wp:featuredmedia":[{"embeddable":true,"href":"https:\/\/ralf100m.de\/zh\/wp-json\/wp\/v2\/media\/4193"}],"wp:attachment":[{"href":"https:\/\/ralf100m.de\/zh\/wp-json\/wp\/v2\/media?parent=4221"}],"wp:term":[{"taxonomy":"product_brand","embeddable":true,"href":"https:\/\/ralf100m.de\/zh\/wp-json\/wp\/v2\/product_brand?post=4221"},{"taxonomy":"product_cat","embeddable":true,"href":"https:\/\/ralf100m.de\/zh\/wp-json\/wp\/v2\/product_cat?post=4221"},{"taxonomy":"product_tag","embeddable":true,"href":"https:\/\/ralf100m.de\/zh\/wp-json\/wp\/v2\/product_tag?post=4221"}],"curies":[{"name":"wp","href":"https:\/\/api.w.org\/{rel}","templated":true}]}}