{"id":4227,"date":"2023-03-15T19:03:13","date_gmt":"2023-03-15T18:03:13","guid":{"rendered":"https:\/\/ralf100m.de\/?post_type=product&#038;p=4227"},"modified":"2025-12-18T12:01:29","modified_gmt":"2025-12-18T11:01:29","slug":"datev-%e5%ae%9e%e4%b9%a0%e5%ae%9e%e8%b7%b5%e4%ba%8c%e4%ba%ba%e7%bb%84","status":"publish","type":"product","link":"https:\/\/ralf100m.de\/zh\/produkt\/datev-praktikum-praxis-duo\/","title":{"rendered":"TK-5625-2p \u7ec3\u4e60\u4e8c\u91cd\u594f"},"content":{"rendered":"<h4>Datev \u8bfe\u7a0b\u548c\u5b9e\u4e60\u5408\u4e8c\u4e3a\u4e00<\/h4>\n<p>\u5728 VHS Treptow-K\u00f6penick \u7684 Datev \u5728\u7ebf\u7814\u8ba8\u4f1a\u4e0a\uff0c\u60a8\u53ef\u4ee5\u5b66\u4e60 Datev\uff0c\u6216\u8005\u66f4\u51c6\u786e\u5730\u8bf4\uff0c\u4e86\u89e3\u5e76\u638c\u63e1 DATEV \u8d22\u52a1\u4f1a\u8ba1\u3002\u5728\u6211\u4eec\u7684 Datev \u57f9\u8bad\u8bfe\u7a0b\u4e2d\uff0c\u60a8\u5c06\u5b66\u4e60\u5230\u5b9e\u7528\u4f1a\u8ba1\u6240\u9700\u7684\u4e00\u5207\uff0c\u5305\u62ec <strong><a title=\"Datev \u4e3b\u9875\" href=\"https:\/\/www.datev.de\/\" target=\"_blank\" rel=\"noopener noreferrer\">Datev\u5408\u4f5c\u9881\u53d1<\/a> <\/strong>\u5728\u4f1a\u8ba1\u90e8\u95e8\u6216\u7a0e\u52a1\u5c40\u5de5\u4f5c\u3002<br \/>\n\u6211\u4eec\u5168\u5929\u5019\uff0824\/7\uff09\u4e3a\u60a8\u670d\u52a1\u3002<\/p>\n<p>\u5728VHS\u7684\u5e73\u53f0\u4e0a\uff0c\u4f60\u5c06\u83b7\u5f97\u5b66\u4e60\u8d44\u6599\u3001\u5f55\u50cf\u548c\u4f5c\u4e1a\u3002\u6b64\u5916\u4f60\u5c06\u5728\u6ce8\u518c\u540e\u83b7\u5f97DATEV\u8d22\u52a1\u8f6f\u4ef6\u7684\u767b\u9646\u8d44\u683c\u3002<\/p>\n<p>\u4f5c\u4e3a\u60a8\u7684\u6307\u5bfc\u6559\u5e08\uff0c\u6211\u5c06\u901a\u8fc7\u7535\u8bdd\u3001Skype \u548c WhatsApp \u4e3a\u60a8\u63d0\u4f9b\u5168\u7a0b\u652f\u6301\uff0c\u5fc5\u8981\u65f6\u8fd8\u4f1a\u901a\u8fc7\u5c4f\u5e55\u5171\u4eab\u4e3a\u60a8\u63d0\u4f9b\u652f\u6301\u3002<\/p>\n<p>\u7ed3\u4e1a\u540e\uff0c\u60a8\u5c06\u83b7\u5f97 <strong>\u8bc1\u4e66\uff0c <\/strong>\u7531Treptow-K\u00f6penick \u6210\u6559\u5b66\u9662\u548cDatev\u5408\u4f5c\u9881\u53d1\uff0c\u4f60\u83b7\u5f97\u53c2\u52a0 <strong>\u4e0e Datev \u7684\u5408\u4f5c<\/strong> \u5e76\u83b7\u8d44\u683c\u53c2\u52a0 <strong>XPert Business <\/strong>\u7b2c 3 \u90e8\u5206\u8003\u8bd5\u548c\u65b0\u7684 <strong>DATEV \u8bc1\u4e66<\/strong> \u5728\u5168\u56fd\u4efb\u4f55\u4e00\u5bb6VHS\u5747\u53ef\u53c2\u52a0\u3002<\/p>\n<ul>\n<li>\u521b\u5efa\u65b0\u5ba2\u6237\/\u4e3b\u6570\u636e<\/li>\n<li>\u4ee5 DATEV \u4e8b\u52a1\u6240\u8d22\u52a1\u8f6f\u4ef6 \u5904\u7406\u8bb0\u8d26\u5de5\u4f5c<\/li>\n<li>\u7535\u5b50\u5355\u636e<\/li>\n<li>\u5907\u4efd\u3001\u5bfc\u5165\u548c\u5220\u9664\u4f1a\u8ba1\u6570\u636e<\/li>\n<li>\u8d22\u52a1\u4f1a\u8ba1\u5206\u6790<\/li>\n<li>\u6700\u540e\u7684\u5de5\u4f5c\/\u5e74\u7ec8\u7ed3\u8d26<\/li>\n<li>\u5f88\u591a\u5f88\u591a\u5b9e\u7528\u7ec3\u4e60<\/li>\n<\/ul>\n<p>\u5728\u7ebf\u5b9e\u4e60\u662f\u6211\u4eec\u4e3a\u6210\u4e3a\u8d22\u52a1\u4f1a\u8ba1\u4eba\u5458\u6240\u505a\u51c6\u5907\u7684\u6700\u540e\u9636\u6bb5\uff0c\u4e3a\u60a8\u7acb\u5373\u8fdb\u5165\u5de5\u4f5c\u5c97\u4f4d\u505a\u597d\u51c6\u5907\u3002<\/p>\n<p>\u60a8\u5c06\u5b66\u4f1a\u5982\u4f55\u5229\u7528\u4e30\u5bcc\u7684\u6587\u4ef6\u7ba1\u7406\u65e5\u5e38\u5de5\u4f5c\uff0c\u5c24\u5176\u662f\u9ad8\u8d28\u91cf\u7684\u9884\u8ba2\u3002<br \/>\n\u5728\u5f00\u59cb\u9636\u6bb5\uff0c\u60a8\u4f1a\u72af\u9519\u8bef\uff0c\u5728\u6392\u9664\u6545\u969c\u7684\u8fc7\u7a0b\u4e2d\u953b\u70bc\u81ea\u5df1\uff0c\u5e76\u5728\u63a5\u4e0b\u6765\u7684\u9884\u8ba2\u671f\u95f4\u83b7\u5f97\u51c6\u786e\u6027\uff0c\u4ece\u800c\u589e\u5f3a\u4fe1\u5fc3\u3002<\/p>\n<p>\u8fc7\u8d26\u662f\u6839\u636e\u524d\u4e00\u4e2a\u5904\u7406\u5668\u7684\u524d\u4e00\u4e2a\u8d26\u76ee\uff08\u6269\u5c55\u793a\u4f8b Leu\uff09\u901a\u8fc7 Datev \u5b8c\u6210\u7684\uff0c\u8fc7\u8d26\u65f6\u95f4\u603b\u5171\u4e3a 7 \u4e2a\u6708\/\u4e00\u5e74\u4e4b\u4ea4\uff087 \u6708\u81f3\u6b21\u5e74 1 \u6708\uff09\u4e4b\u540e\u3002<\/p>\n<p>\u8bfe\u7a0b\u8bb2\u5e08\u5c06\u4e3a\u60a8\u63d0\u4f9b\u652f\u6301\uff0c\u6307\u5bfc\u60a8\u89e3\u51b3\u4efb\u4f55\u95ee\u9898\u3002\u6b64\u5916\uff0c\u8fd8\u6709\u4e00\u4e2a\u5bf9\u8d26\u5ba2\u6237\u7aef\uff0c\u5176\u4e2d\u6240\u6709\u9884\u8ba2\u6848\u4f8b\u90fd\u5df2\u53d1\u5e03\uff0c\u60a8\u53ef\u4ee5\u67e5\u770b\u7ed3\u679c\u3002<\/p>\n<p>\u7ed3\u4e1a\u540e\uff0c\u60a8\u5c06\u83b7\u5f97 <strong>\u52b3\u52a8\u8ba4\u8bc1 <\/strong>\u7531Treptow-K\u00f6penick \u6210\u6559\u5b66\u9662\u548cDatev\u5408\u4f5c\u9881\u53d1\uff0c\u4f60\u83b7\u5f97\u53c2\u52a0 <strong>\u4e0e Datev \u7684\u5408\u4f5c<\/strong> .<\/p>\n<ul>\n<li>\u4f7f\u7528DATEV Kanzlei-Rechnungswesen \u8fdb\u884c\u6301\u7eed\u7684\u4f1a\u8ba1\u5206\u5f55<\/li>\n<li>\u4e3a\u7a0e\u52a1\u987e\u95ee\u7f16\u5236\u5e74\u5ea6\u8d22\u52a1\u62a5\u8868\u63d0\u4f9b\u51c6\u5907\u548c\u914d\u5408\u5de5\u4f5c<\/li>\n<li>\u5165\u5e93\u548c\u51fa\u5e93\u53d1\u7968\/\u6d89\u53ca\u56fd\u5185\u3001\u6b27\u76df\u3001\u7b2c\u4e09\u56fd<\/li>\n<li>\u6b3e\u9879\u6c47\u5165\u548c\u6c47\u51fa\u7684\u5206\u5f55<\/li>\n<li>\u5de5\u8d44\u548c\u85aa\u91d1\u516c\u544a<\/li>\n<li>\u7535\u5b50\u5355\u636e<\/li>\n<li>\u6536\u94f6\u673a\u548c\u4fe1\u7528\u5361\u8d26\u5355<\/li>\n<li>\u516c\u5f00\u9879\u76ee\u8868\u51b3<\/li>\n<li>\u9884\u62a5\u9500\u552e\u7a0e<\/li>\n<li>\u8d44\u4ea7\u4f1a\u8ba1\uff08\u5e93\u5b58\u3001\u6bcf\u6708\u6298\u65e7\uff09<\/li>\n<li>\u672c\u5e74\u5ea6\u5e94\u8ba1\u989d\u548c\u9012\u5ef6\u989d \u5907\u62b5\/\u9006\u8f6c<\/li>\n<li>\u9996\u4ed8\u6b3e\u7533\u8bf7\/\u4ed8\u6b3e\/\u6700\u7ec8\u53d1\u7968<\/li>\n<li>\u672c\u5e74\u5ea6\u5e94\u6536\u8d26\u6b3e\u7684 EMC \u548c\u635f\u5931<\/li>\n<li>\u53d1\u7968\u6838\u67e5\/\u4f1a\u8ba1\u4e00\u81f4\u6027<\/li>\n<li>\u671f\u521d\u8d44\u4ea7\u8d1f\u503a\u8868<\/li>\n<li>\u81ea\u6211\u68c0\u67e5\/\u8d26\u6237\u8c03\u8282\/\u6545\u969c\u6392\u9664<\/li>\n<li>\u5e94\u7b2c\u4e09\u65b9\u8981\u6c42\u51c6\u5907\u6587\u4ef6<\/li>\n<li>\u7f16\u5236\u5e74\u5ea6\u8d22\u52a1\u62a5\u8868<\/li>\n<\/ul>\n<p>\u60a8\u5c06\u770b\u5230\u8bfe\u7a0b\u964d\u4ef7\u7684\u8981\u6c42\u00a0<a href=\"https:\/\/tinyurl.com\/y7wbb46p\"><strong>\u8fd9\u91cc<\/strong><\/a>.<br \/>\n\u6298\u6263\u53ea\u80fd\u76f4\u63a5\u4ece VHS \u4ee5\u586b\u5199\u4ee5\u4e0b\u00a0<a href=\"http:\/\/ralf100m.de\/zh\/Kursanmeldung%20%2B%20Datenschutz.pdf\/\" target=\"_blank\" rel=\"noopener\"><strong>\u8868\u683c<\/strong><\/a>\u00a0\u7684\u65b9\u5f0f\u83b7\u53d6\u3002<\/p>\n<p>\u8bf7\u586b\u5199\u5e76\u53d1\u9001\u81f3 anmeldung@vhstk.de \/ \u7ed9\u6211\u5bc4\u4e00\u4efd\u526f\u672c (info@ralf100m.de)\u3002<\/p>","protected":false},"excerpt":{"rendered":"<h4>Datev \u8bfe\u7a0b\u548c\u5b9e\u4e60\u5408\u4e8c\u4e3a\u4e00<\/h4>\n<p>\u5728\u67d0\u4e9b\u60c5\u51b5\u4e0b\uff0cVHS \u53ef\u964d\u4f4e\u8bfe\u7a0b\u4ef7\u683c -&gt; 409 \u6b27\u5143<br \/>\n\u60a8\u5c06\u770b\u5230\u8bfe\u7a0b\u964d\u4ef7\u7684\u8981\u6c42\u00a0<a href=\"https:\/\/tinyurl.com\/y7wbb46p\"><strong>\u8fd9\u91cc<\/strong><\/a>.<\/p>\n<p>\u6298\u6263\u53ea\u80fd\u76f4\u63a5\u4ece VHS \u4ee5\u586b\u5199\u4ee5\u4e0b\u00a0<a href=\"http:\/\/ralf100m.de\/zh\/Kursanmeldung%20%2B%20Datenschutz.pdf\/\" target=\"_blank\" rel=\"noopener\"><strong>\u8868\u683c<\/strong><\/a>\u00a0\u7684\u65b9\u5f0f\u83b7\u53d6\u3002<\/p>\n<p>\u8bf7\u586b\u5199\u5e76\u8fd4\u56de anmeldung@vhstk.de \/ \u5c06\u526f\u672c\u5bc4\u7ed9\u672c\u4eba (info@ralf100m.de) \u5e76\u9644\u4e0a\u6298\u6263\u8bc1\u660e \/ \uff01 <strong>\u4ec5\u9002\u7528\u4e8e\u6709\u6298\u6263\u7684\u6ce8\u518c\uff01<\/strong><\/p>\n<p>&nbsp;<\/p>","protected":false},"featured_media":4194,"template":"","meta":[],"product_brand":[],"product_cat":[37],"product_tag":[],"class_list":{"0":"post-4227","1":"product","2":"type-product","3":"status-publish","4":"has-post-thumbnail","6":"product_cat-vhs-online-kurse","8":"first","9":"instock","10":"virtual","11":"taxable","12":"purchasable","13":"product-type-simple"},"yoast_head":"<!-- This site is optimized with the Yoast SEO plugin v27.5 - https:\/\/yoast.com\/product\/yoast-seo-wordpress\/ -->\n<title>TK-5625-2p Praxis Duo - Ralf 100M<\/title>\n<meta name=\"robots\" content=\"index, follow, max-snippet:-1, max-image-preview:large, max-video-preview:-1\" \/>\n<link rel=\"canonical\" href=\"https:\/\/ralf100m.de\/zh\/\u4ea7\u54c1\/datev-\u5b9e\u4e60\u5b9e\u8df5\u4e8c\u4eba\u7ec4\/\" \/>\n<meta property=\"og:locale\" content=\"zh_CN\" \/>\n<meta property=\"og:type\" content=\"article\" \/>\n<meta property=\"og:title\" content=\"TK-5625-2p Praxis Duo - Ralf 100M\" \/>\n<meta property=\"og:description\" content=\"Datev Kurs und Praktikum in einem\u00a0 Paket Unter bestimmten Voraussetzungen gew\u00e4hrt die VHS Kurspreiserm\u00e4\u00dfigung -&gt; 409 \u20ac Die Voraussetzungen f\u00fcr eine Kurspreiserm\u00e4\u00dfigung findest Du\u00a0hier.  Erm\u00e4\u00dfigungen k\u00f6nnen nur direkt \u00fcber die VHS per\u00a0Formular\u00a0gebucht werden.  Bitte ausgef\u00fcllt an anmeldung@vhstk.de \/ Kopie an mich (info@ralf100m.de) schicken und den Erm\u00e4\u00dfigungsnachweis mitsenden \/ ! Betrifft nur Anmeldungen mit Erm\u00e4\u00dfigung !  &nbsp;\" \/>\n<meta property=\"og:url\" content=\"https:\/\/ralf100m.de\/zh\/\u4ea7\u54c1\/datev-\u5b9e\u4e60\u5b9e\u8df5\u4e8c\u4eba\u7ec4\/\" \/>\n<meta property=\"og:site_name\" content=\"Ralf 100M\" \/>\n<meta property=\"article:modified_time\" content=\"2025-12-18T11:01:29+00:00\" \/>\n<meta property=\"og:image\" content=\"https:\/\/ralf100m.de\/wp-content\/uploads\/2023\/03\/Datev-Praktikum-Praxis-Duo.png\" \/>\n\t<meta property=\"og:image:width\" content=\"1292\" \/>\n\t<meta property=\"og:image:height\" content=\"1290\" \/>\n\t<meta property=\"og:image:type\" content=\"image\/png\" \/>\n<meta name=\"twitter:card\" content=\"summary_large_image\" \/>\n<meta name=\"twitter:label1\" content=\"\u9884\u8ba1\u9605\u8bfb\u65f6\u95f4\" \/>\n\t<meta name=\"twitter:data1\" content=\"3 \u5206\" \/>\n<script type=\"application\/ld+json\" class=\"yoast-schema-graph\">{\"@context\":\"https:\\\/\\\/schema.org\",\"@graph\":[{\"@type\":\"WebPage\",\"@id\":\"https:\\\/\\\/ralf100m.de\\\/produkt\\\/datev-praktikum-praxis-duo\\\/\",\"url\":\"https:\\\/\\\/ralf100m.de\\\/produkt\\\/datev-praktikum-praxis-duo\\\/\",\"name\":\"TK-5625-2p Praxis Duo - Ralf 100M\",\"isPartOf\":{\"@id\":\"https:\\\/\\\/ralf100m.de\\\/#website\"},\"primaryImageOfPage\":{\"@id\":\"https:\\\/\\\/ralf100m.de\\\/produkt\\\/datev-praktikum-praxis-duo\\\/#primaryimage\"},\"image\":{\"@id\":\"https:\\\/\\\/ralf100m.de\\\/produkt\\\/datev-praktikum-praxis-duo\\\/#primaryimage\"},\"thumbnailUrl\":\"https:\\\/\\\/ralf100m.de\\\/wp-content\\\/uploads\\\/2023\\\/03\\\/Datev-Praktikum-Praxis-Duo.png\",\"datePublished\":\"2023-03-15T18:03:13+00:00\",\"dateModified\":\"2025-12-18T11:01:29+00:00\",\"breadcrumb\":{\"@id\":\"https:\\\/\\\/ralf100m.de\\\/produkt\\\/datev-praktikum-praxis-duo\\\/#breadcrumb\"},\"inLanguage\":\"zh-Hans\",\"potentialAction\":[{\"@type\":\"ReadAction\",\"target\":[\"https:\\\/\\\/ralf100m.de\\\/produkt\\\/datev-praktikum-praxis-duo\\\/\"]}]},{\"@type\":\"ImageObject\",\"inLanguage\":\"zh-Hans\",\"@id\":\"https:\\\/\\\/ralf100m.de\\\/produkt\\\/datev-praktikum-praxis-duo\\\/#primaryimage\",\"url\":\"https:\\\/\\\/ralf100m.de\\\/wp-content\\\/uploads\\\/2023\\\/03\\\/Datev-Praktikum-Praxis-Duo.png\",\"contentUrl\":\"https:\\\/\\\/ralf100m.de\\\/wp-content\\\/uploads\\\/2023\\\/03\\\/Datev-Praktikum-Praxis-Duo.png\",\"width\":1292,\"height\":1290},{\"@type\":\"BreadcrumbList\",\"@id\":\"https:\\\/\\\/ralf100m.de\\\/produkt\\\/datev-praktikum-praxis-duo\\\/#breadcrumb\",\"itemListElement\":[{\"@type\":\"ListItem\",\"position\":1,\"name\":\"Startseite\",\"item\":\"https:\\\/\\\/ralf100m.de\\\/\"},{\"@type\":\"ListItem\",\"position\":2,\"name\":\"Shop\",\"item\":\"https:\\\/\\\/ralf100m.de\\\/shop\\\/\"},{\"@type\":\"ListItem\",\"position\":3,\"name\":\"TK-5625-2p Praxis Duo\"}]},{\"@type\":\"WebSite\",\"@id\":\"https:\\\/\\\/ralf100m.de\\\/#website\",\"url\":\"https:\\\/\\\/ralf100m.de\\\/\",\"name\":\"Ralf 100M\",\"description\":\"\",\"publisher\":{\"@id\":\"https:\\\/\\\/ralf100m.de\\\/#\\\/schema\\\/person\\\/144d88d0c18fb8f5e6bd155752132c23\"},\"potentialAction\":[{\"@type\":\"SearchAction\",\"target\":{\"@type\":\"EntryPoint\",\"urlTemplate\":\"https:\\\/\\\/ralf100m.de\\\/?s={search_term_string}\"},\"query-input\":{\"@type\":\"PropertyValueSpecification\",\"valueRequired\":true,\"valueName\":\"search_term_string\"}}],\"inLanguage\":\"zh-Hans\"},{\"@type\":[\"Person\",\"Organization\"],\"@id\":\"https:\\\/\\\/ralf100m.de\\\/#\\\/schema\\\/person\\\/144d88d0c18fb8f5e6bd155752132c23\",\"name\":\"wpulitkus\",\"image\":{\"@type\":\"ImageObject\",\"inLanguage\":\"zh-Hans\",\"@id\":\"https:\\\/\\\/ralf100m.de\\\/wp-content\\\/uploads\\\/2023\\\/04\\\/ralf-200px-logo.jpg\",\"url\":\"https:\\\/\\\/ralf100m.de\\\/wp-content\\\/uploads\\\/2023\\\/04\\\/ralf-200px-logo.jpg\",\"contentUrl\":\"https:\\\/\\\/ralf100m.de\\\/wp-content\\\/uploads\\\/2023\\\/04\\\/ralf-200px-logo.jpg\",\"width\":400,\"height\":162,\"caption\":\"wpulitkus\"},\"logo\":{\"@id\":\"https:\\\/\\\/ralf100m.de\\\/wp-content\\\/uploads\\\/2023\\\/04\\\/ralf-200px-logo.jpg\"}}]}<\/script>\n<!-- \/ Yoast SEO plugin. -->","yoast_head_json":{"title":"TK-5625-2p \u7ec3\u4e60\u4e8c\u91cd\u594f - \u62c9\u5c14\u592b 100M","robots":{"index":"index","follow":"follow","max-snippet":"max-snippet:-1","max-image-preview":"max-image-preview:large","max-video-preview":"max-video-preview:-1"},"canonical":"https:\/\/ralf100m.de\/zh\/\u4ea7\u54c1\/datev-\u5b9e\u4e60\u5b9e\u8df5\u4e8c\u4eba\u7ec4\/","og_locale":"zh_CN","og_type":"article","og_title":"TK-5625-2p Praxis Duo - Ralf 100M","og_description":"Datev Kurs und Praktikum in einem\u00a0 Paket Unter bestimmten Voraussetzungen gew\u00e4hrt die VHS Kurspreiserm\u00e4\u00dfigung -&gt; 409 \u20ac Die Voraussetzungen f\u00fcr eine Kurspreiserm\u00e4\u00dfigung findest Du\u00a0hier.  Erm\u00e4\u00dfigungen k\u00f6nnen nur direkt \u00fcber die VHS per\u00a0Formular\u00a0gebucht werden.  Bitte ausgef\u00fcllt an anmeldung@vhstk.de \/ Kopie an mich (info@ralf100m.de) schicken und den Erm\u00e4\u00dfigungsnachweis mitsenden \/ ! Betrifft nur Anmeldungen mit Erm\u00e4\u00dfigung !  &nbsp;","og_url":"https:\/\/ralf100m.de\/zh\/\u4ea7\u54c1\/datev-\u5b9e\u4e60\u5b9e\u8df5\u4e8c\u4eba\u7ec4\/","og_site_name":"Ralf 100M","article_modified_time":"2025-12-18T11:01:29+00:00","og_image":[{"width":1292,"height":1290,"url":"https:\/\/ralf100m.de\/wp-content\/uploads\/2023\/03\/Datev-Praktikum-Praxis-Duo.png","type":"image\/png"}],"twitter_card":"summary_large_image","twitter_misc":{"\u9884\u8ba1\u9605\u8bfb\u65f6\u95f4":"3 \u5206"},"schema":{"@context":"https:\/\/schema.org","@graph":[{"@type":"WebPage","@id":"https:\/\/ralf100m.de\/produkt\/datev-praktikum-praxis-duo\/","url":"https:\/\/ralf100m.de\/produkt\/datev-praktikum-praxis-duo\/","name":"TK-5625-2p \u7ec3\u4e60\u4e8c\u91cd\u594f - \u62c9\u5c14\u592b 100M","isPartOf":{"@id":"https:\/\/ralf100m.de\/#website"},"primaryImageOfPage":{"@id":"https:\/\/ralf100m.de\/produkt\/datev-praktikum-praxis-duo\/#primaryimage"},"image":{"@id":"https:\/\/ralf100m.de\/produkt\/datev-praktikum-praxis-duo\/#primaryimage"},"thumbnailUrl":"https:\/\/ralf100m.de\/wp-content\/uploads\/2023\/03\/Datev-Praktikum-Praxis-Duo.png","datePublished":"2023-03-15T18:03:13+00:00","dateModified":"2025-12-18T11:01:29+00:00","breadcrumb":{"@id":"https:\/\/ralf100m.de\/produkt\/datev-praktikum-praxis-duo\/#breadcrumb"},"inLanguage":"zh-Hans","potentialAction":[{"@type":"ReadAction","target":["https:\/\/ralf100m.de\/produkt\/datev-praktikum-praxis-duo\/"]}]},{"@type":"ImageObject","inLanguage":"zh-Hans","@id":"https:\/\/ralf100m.de\/produkt\/datev-praktikum-praxis-duo\/#primaryimage","url":"https:\/\/ralf100m.de\/wp-content\/uploads\/2023\/03\/Datev-Praktikum-Praxis-Duo.png","contentUrl":"https:\/\/ralf100m.de\/wp-content\/uploads\/2023\/03\/Datev-Praktikum-Praxis-Duo.png","width":1292,"height":1290},{"@type":"BreadcrumbList","@id":"https:\/\/ralf100m.de\/produkt\/datev-praktikum-praxis-duo\/#breadcrumb","itemListElement":[{"@type":"ListItem","position":1,"name":"Startseite","item":"https:\/\/ralf100m.de\/"},{"@type":"ListItem","position":2,"name":"Shop","item":"https:\/\/ralf100m.de\/shop\/"},{"@type":"ListItem","position":3,"name":"TK-5625-2p Praxis Duo"}]},{"@type":"WebSite","@id":"https:\/\/ralf100m.de\/#website","url":"https:\/\/ralf100m.de\/","name":"\u62c9\u5c14\u592b 100M","description":"","publisher":{"@id":"https:\/\/ralf100m.de\/#\/schema\/person\/144d88d0c18fb8f5e6bd155752132c23"},"potentialAction":[{"@type":"SearchAction","target":{"@type":"EntryPoint","urlTemplate":"https:\/\/ralf100m.de\/?s={search_term_string}"},"query-input":{"@type":"PropertyValueSpecification","valueRequired":true,"valueName":"search_term_string"}}],"inLanguage":"zh-Hans"},{"@type":["Person","Organization"],"@id":"https:\/\/ralf100m.de\/#\/schema\/person\/144d88d0c18fb8f5e6bd155752132c23","name":"wpulitcus","image":{"@type":"ImageObject","inLanguage":"zh-Hans","@id":"https:\/\/ralf100m.de\/wp-content\/uploads\/2023\/04\/ralf-200px-logo.jpg","url":"https:\/\/ralf100m.de\/wp-content\/uploads\/2023\/04\/ralf-200px-logo.jpg","contentUrl":"https:\/\/ralf100m.de\/wp-content\/uploads\/2023\/04\/ralf-200px-logo.jpg","width":400,"height":162,"caption":"wpulitkus"},"logo":{"@id":"https:\/\/ralf100m.de\/wp-content\/uploads\/2023\/04\/ralf-200px-logo.jpg"}}]}},"_links":{"self":[{"href":"https:\/\/ralf100m.de\/zh\/wp-json\/wp\/v2\/product\/4227","targetHints":{"allow":["GET"]}}],"collection":[{"href":"https:\/\/ralf100m.de\/zh\/wp-json\/wp\/v2\/product"}],"about":[{"href":"https:\/\/ralf100m.de\/zh\/wp-json\/wp\/v2\/types\/product"}],"wp:featuredmedia":[{"embeddable":true,"href":"https:\/\/ralf100m.de\/zh\/wp-json\/wp\/v2\/media\/4194"}],"wp:attachment":[{"href":"https:\/\/ralf100m.de\/zh\/wp-json\/wp\/v2\/media?parent=4227"}],"wp:term":[{"taxonomy":"product_brand","embeddable":true,"href":"https:\/\/ralf100m.de\/zh\/wp-json\/wp\/v2\/product_brand?post=4227"},{"taxonomy":"product_cat","embeddable":true,"href":"https:\/\/ralf100m.de\/zh\/wp-json\/wp\/v2\/product_cat?post=4227"},{"taxonomy":"product_tag","embeddable":true,"href":"https:\/\/ralf100m.de\/zh\/wp-json\/wp\/v2\/product_tag?post=4227"}],"curies":[{"name":"wp","href":"https:\/\/api.w.org\/{rel}","templated":true}]}}