{"id":4250,"date":"2023-03-19T19:00:09","date_gmt":"2023-03-19T18:00:09","guid":{"rendered":"https:\/\/ralf100m.de\/?post_type=product&#038;p=4250"},"modified":"2025-12-18T11:50:02","modified_gmt":"2025-12-18T10:50:02","slug":"5614-3p","status":"publish","type":"product","link":"https:\/\/ralf100m.de\/zh\/%e4%ba%a7%e5%93%81\/5614-3p\/","title":{"rendered":"TK-5614-3p Fibu 1\u30012 \u548c Datev 3 \u4ef6\u88c5"},"content":{"rendered":"<h4>Fibu 1 + 2 + Datev \u4e09\u4ef6\u5957\uff08\u8bfe\u7a0b\u65f6\u95f4\u4e3a\u6ce8\u518c\u540e 240 \u5929\uff09<\/h4>\n<p><strong>Fibu 1<\/strong><\/p>\n<ul>\n<li>\u6cd5\u5f8b\u4f9d\u636e<\/li>\n<li>\u5e93\u5b58\u548c\u8d44\u4ea7\u8d1f\u503a\u8868<\/li>\n<li>\u8d44\u4ea7\u8d1f\u503a\u8868\u8d26\u6237<\/li>\n<li>\u635f\u76ca\u8868\u8d26\u76ee<\/li>\n<li>\u4f1a\u8ba1\u7ec4\u7ec7<\/li>\n<li>\u589e\u503c\u7a0e\u5236\u5ea6<\/li>\n<li>\u79c1\u4eba\u8d26\u6237<\/li>\n<li>\u4e0d\u53ef\u6263\u51cf\/\u6709\u9650\u6263\u51cf\u8d39\u7528\u8d39\u7528<\/li>\n<li>\u7ec3\u4e60<\/li>\n<\/ul>\n<p><strong>Fibu2<\/strong><\/p>\n<ul>\n<li>\u751f\u4ea7\u6027\u4f01\u4e1a\u7684\u7279\u522b\u4e4b\u5904<\/li>\n<li>\u672a\u5b8c\u6210\u548c\u5df2\u5b8c\u6210\u7684\u8d27\u7269\/\u670d\u52a1\u5165\u8d26<\/li>\n<li>\u5e74\u5ea6\u8d22\u52a1\u62a5\u8868\u7684\u5185\u5bb9<\/li>\n<li>\u8d44\u4ea7\u8d1f\u503a\u8868\u7f16\u5236\u539f\u5219<\/li>\n<li>\u8d39\u7528\u548c\u6536\u5165\u7684\u5b9e\u8d28\u6027\u548c\u65f6\u95f4\u6027\u9012\u5ef6<\/li>\n<li>\u5e94\u7a0e\u548c\u514d\u7a0e\u4ea4\u6613<\/li>\n<li>\u7a0e\u8d1f\u8f6c\u56de<\/li>\n<li>\u9700\u7f34\u7eb3\u589e\u503c\u7a0e\u7684\u5916\u56fd\uff1b\u4e0e\u6b27\u5171\u4f53\u5176\u4ed6\u56fd\u5bb6\u548c\u7b2c\u4e09\u56fd\u7684\u8d27\u7269\u4ea4\u6613<\/li>\n<li>\u6536\u5230\u548c\u652f\u4ed8\u7684\u9884\u4ed8\u6b3e<\/li>\n<li>\u5546\u6cd5\u548c\u7a0e\u6cd5\u5bf9\u56fa\u5b9a\u8d44\u4ea7\u548c\u6d41\u52a8\u8d44\u4ea7\u7684\u8bc4\u4f30\u89c4\u5b9a\/\u8bc4\u4f30\u6807\u51c6\/\u6298\u65e7\u548c\u644a\u9500<\/li>\n<li>\u7a0e\u6536\u6298\u65e7\/\u8d26\u76ee\u7684\u7ed3\u8f6c\u548c\u6295\u8d44\u62b5\u6263\u989d\u7684\u9500\u8d26\uff1b<\/li>\n<li>\u5b58\u8d27\u548c\u5e94\u6536\u8d26\u6b3e\u4f30\u503c<\/li>\n<li>\u8d44\u4ea7\u8d1f\u503a\u8868\u4e2d\u786e\u8ba4\u7684\u8d44\u672c<\/li>\n<li>\u51c6\u5907\u91d1\u7684\u8ba1\u5165\u548c\u8f6c\u56de<\/li>\n<li>\u8d1f\u503a\u4f30\u503c<\/li>\n<li>\u5927\u91cf\u7ec3\u4e60<\/li>\n<\/ul>\n<p><strong>Datev\u5408\u4f5c\u9881\u53d1<\/strong><\/p>\n<ul>\n<li>\u521b\u5efa\u65b0\u5ba2\u6237\/\u4e3b\u6570\u636e<\/li>\n<li>\u4ee5 DATEV \u4e8b\u52a1\u6240\u8d22\u52a1\u8f6f\u4ef6 \u5904\u7406\u8bb0\u8d26\u5de5\u4f5c<\/li>\n<li>\u7535\u5b50\u5355\u636e<\/li>\n<li>\u5907\u4efd\u3001\u5bfc\u5165\u548c\u5220\u9664\u4f1a\u8ba1\u6570\u636e<\/li>\n<li>\u8d22\u52a1\u4f1a\u8ba1\u5206\u6790<\/li>\n<li>\u6700\u540e\u7684\u5de5\u4f5c\/\u5e74\u7ec8\u7ed3\u8d26<\/li>\n<li>\u5f88\u591a\u5f88\u591a\u5b9e\u7528\u7ec3\u4e60<\/li>\n<\/ul>\n<p><strong>Fibu 1 \u548c 2 \u8bfe\u7a0b\u5404\u9700\u8981\u4e00\u672c\u6559\u6750<\/strong>\u90a3 <strong>\u60a8\u4e0d\u76f4\u63a5\u4e0e\u6211\u4eec\u8054\u7cfb<\/strong> \u53ef\u4ee5\u83b7\u5f97\u3002<\/p>\n<p>Eva-Verena Hernandez \u7684\u300a\u8d22\u52a1\u4f1a\u8ba1 1\u300b\u6559\u79d1\u4e66<br \/>\n978-386718-500-4 (ISBN)<\/p>\n<p>\u60a8\u53ef\u4ee5\u76f4\u63a5\u4ece Edumedia Verlag \u8ba2\u8d2d\uff08\u6709\u65f6\u7b49\u5f85\u65f6\u95f4\u8f83\u957f\uff09\u3002<\/p>\n<p>https:\/\/www.edumedia.de\/shop\/thema.html?gruppe=1&thema=1#content<\/p>\n<p>\u6216\u5728\u4e9a\u9a6c\u900a<\/p>\n<div class=\"brlbs-cmpnt-container brlbs-cmpnt-content-blocker brlbs-cmpnt-with-individual-styles\" data-borlabs-cookie-content-blocker-id=\"default\" data-borlabs-cookie-content=\"PGlmcmFtZSB0aXRsZT0iRmluYW56YnVjaGbDvGhydW5nIDEiIHR5cGU9InRleHQvaHRtbCIgd2lkdGg9IjUwMCIgaGVpZ2h0PSI1NTAiIGZyYW1lYm9yZGVyPSIwIiBhbGxvd2Z1bGxzY3JlZW4gc3R5bGU9Im1heC13aWR0aDoxMDAlIiBzcmM9Imh0dHBzOi8vbGVzZW4uYW1hem9uLmRlL2twL2NhcmQ\/cHJldmlldz1pbmxpbmUmbGlua0NvZGU9a3BkJnJlZl89azR3X29lbWJlZF9iUURFVmc5dFZFYlpnNyZhc2luPTM4NjcxODUwMFgmdGFnPWtwZW1iZWQtMjAiPjwvaWZyYW1lPg==\">\n<div class=\"brlbs-cmpnt-cb-preset-a\">\n<p class=\"brlbs-cmpnt-cb-description\">\u60a8\u6b63\u5728\u67e5\u770b\u7684\u662f\u4ee5\u4e0b\u5185\u5bb9\u7684\u5360\u4f4d\u7b26 <strong>\u9ed8\u8ba4\u503c<\/strong>.\u8981\u8bbf\u95ee\u5b9e\u9645\u5185\u5bb9\uff0c\u8bf7\u5355\u51fb\u4e0b\u9762\u7684\u6309\u94ae\u3002\u8bf7\u6ce8\u610f\uff0c\u8fd9\u6837\u505a\u4f1a\u4e0e\u7b2c\u4e09\u65b9\u63d0\u4f9b\u5546\u5171\u4eab\u6570\u636e\u3002<\/p>\n<div class=\"brlbs-cmpnt-cb-buttons\"> <a class=\"brlbs-cmpnt-cb-btn\" href=\"#\" data-borlabs-cookie-unblock role=\"button\">\u89e3\u7981\u5185\u5bb9<\/a> <a class=\"brlbs-cmpnt-cb-btn\" href=\"#\" data-borlabs-cookie-accept-service role=\"button\" style=\"display: none\">\u63a5\u53d7\u6240\u9700\u7684\u670d\u52a1\u5e76\u89e3\u9501\u5185\u5bb9<\/a> <\/div>\n<p> <a class=\"brlbs-cmpnt-cb-provider-toggle\" href=\"#\" data-borlabs-cookie-show-provider-information role=\"button\">\u66f4\u591a\u4fe1\u606f<\/a> <\/div>\n<\/div>\n<p>\u6216\u96f7\u66fc<\/p>\n<p>https:\/\/www.lehmanns.de\/shop\/wirtschaft\/7907233-9783867185004-finanzbuchfuehrung-1<\/p>\n<p>analaog Fibu 2 978-386718-501-1 (ISBN)<\/p>\n<p>Datev\u548cLexware\u8bfe\u7a0b\u6216\u5b9e\u7528\u4f1a\u8ba1\u8bfe\u7a0b\u4e0d\u9700\u8981\u989d\u5916\u7684\u4e66\u7c4d\u3002\u8bfe\u7a0b\u4e2d\u63d0\u4f9b\u4e86\u6240\u6709\u6587\u4ef6\u3002<\/p>\n<p>&nbsp;<\/p>\n<p>\u60a8\u5c06\u770b\u5230\u8bfe\u7a0b\u964d\u4ef7\u7684\u8981\u6c42\u00a0<a href=\"https:\/\/tinyurl.com\/y7wbb46p\"><strong>\u8fd9\u91cc<\/strong><\/a>.<br \/>\n\u6298\u6263\u53ea\u80fd\u76f4\u63a5\u4ece VHS \u4ee5\u586b\u5199\u4ee5\u4e0b\u00a0<a href=\"http:\/\/ralf100m.de\/zh\/Kursanmeldung%20%2B%20Datenschutz.pdf\/\" target=\"_blank\" rel=\"noopener\"><strong>\u8868\u683c<\/strong><\/a>\u00a0\u7684\u65b9\u5f0f\u83b7\u53d6\u3002<\/p>\n<p>\u8bf7\u586b\u5199\u5e76\u53d1\u9001\u81f3 anmeldung@vhstk.de \/ \u7ed9\u6211\u5bc4\u4e00\u4efd\u526f\u672c (info@ralf100m.de)\u3002<\/p>","protected":false},"excerpt":{"rendered":"<p>Fibu 1 + 2 + Datev im 3-er Pack (Kurslaufzeit 240 Tage ab Anmeldung) Fibu 1 Gesetzliche Grundlagen Inventar und Bilanz Bestandskonten Erfolgskonten Buchf\u00fchrungsorganisation Umsatzsteuersystematik Privatkonten Nicht abzugsf\u00e4hige\/ beschr\u00e4nkt abzugsf. Kosten \u00dcbungen Fibu2 Besonderheiten bei Produktionsbetrieben Buchen unfertiger und fertiger Erzeugnisse\/Leistungen Inhalte des Jahresabschlusses Bilanzierungsgrunds\u00e4tze Sachliche und zeitliche Abgrenzungen von Aufwendungen und Ertr\u00e4gen Steuerpflichtige und steuerfreie Ums\u00e4tze Umkehr der Steuerschuldnerschaft Umsatzsteuerrechtliches Ausland; Warengesch\u00e4fte mit dem \u00fcbrigen Gemeinschaftsgebiet und dem Drittlandsgebiet Erhaltene und geleistete Anzahlungen Handels- und steuerrechtliche Bewertungsvorschriften des Anlage- [&hellip;]<\/p>","protected":false},"featured_media":4195,"template":"","meta":[],"product_brand":[],"product_cat":[37],"product_tag":[],"class_list":{"0":"post-4250","1":"product","2":"type-product","3":"status-publish","4":"has-post-thumbnail","6":"product_cat-vhs-online-kurse","8":"first","9":"instock","10":"virtual","11":"taxable","12":"purchasable","13":"product-type-simple"},"yoast_head":"<!-- This site is optimized with the Yoast SEO plugin v27.4 - https:\/\/yoast.com\/product\/yoast-seo-wordpress\/ -->\n<title>TK-5614-3p Fibu 1 &amp; 2 &amp; Datev im 3- er Pack - Ralf 100M<\/title>\n<meta name=\"robots\" content=\"index, follow, max-snippet:-1, max-image-preview:large, max-video-preview:-1\" \/>\n<link rel=\"canonical\" href=\"https:\/\/ralf100m.de\/zh\/\u4ea7\u54c1\/5614-3p\/\" \/>\n<meta property=\"og:locale\" content=\"zh_CN\" \/>\n<meta property=\"og:type\" content=\"article\" \/>\n<meta property=\"og:title\" content=\"TK-5614-3p Fibu 1 &amp; 2 &amp; Datev im 3- er Pack - Ralf 100M\" \/>\n<meta property=\"og:description\" content=\"Fibu 1 + 2 + Datev im 3-er Pack (Kurslaufzeit 240 Tage ab Anmeldung) Fibu 1 Gesetzliche Grundlagen Inventar und Bilanz Bestandskonten Erfolgskonten Buchf\u00fchrungsorganisation Umsatzsteuersystematik Privatkonten Nicht abzugsf\u00e4hige\/ beschr\u00e4nkt abzugsf. Kosten \u00dcbungen Fibu2 Besonderheiten bei Produktionsbetrieben Buchen unfertiger und fertiger Erzeugnisse\/Leistungen Inhalte des Jahresabschlusses Bilanzierungsgrunds\u00e4tze Sachliche und zeitliche Abgrenzungen von Aufwendungen und Ertr\u00e4gen Steuerpflichtige und steuerfreie Ums\u00e4tze Umkehr der Steuerschuldnerschaft Umsatzsteuerrechtliches Ausland; Warengesch\u00e4fte mit dem \u00fcbrigen Gemeinschaftsgebiet und dem Drittlandsgebiet Erhaltene und geleistete Anzahlungen Handels- und steuerrechtliche Bewertungsvorschriften des Anlage- [&hellip;]\" \/>\n<meta property=\"og:url\" content=\"https:\/\/ralf100m.de\/zh\/\u4ea7\u54c1\/5614-3p\/\" \/>\n<meta property=\"og:site_name\" content=\"Ralf 100M\" \/>\n<meta property=\"article:modified_time\" content=\"2025-12-18T10:50:02+00:00\" \/>\n<meta property=\"og:image\" content=\"https:\/\/ralf100m.de\/wp-content\/uploads\/2023\/03\/FiBu-12Datev.png\" \/>\n\t<meta property=\"og:image:width\" content=\"1300\" \/>\n\t<meta property=\"og:image:height\" content=\"1290\" \/>\n\t<meta property=\"og:image:type\" content=\"image\/png\" \/>\n<meta name=\"twitter:card\" content=\"summary_large_image\" \/>\n<meta name=\"twitter:label1\" content=\"\u9884\u8ba1\u9605\u8bfb\u65f6\u95f4\" \/>\n\t<meta name=\"twitter:data1\" content=\"2 \u5206\" \/>\n<script type=\"application\/ld+json\" class=\"yoast-schema-graph\">{\"@context\":\"https:\\\/\\\/schema.org\",\"@graph\":[{\"@type\":\"WebPage\",\"@id\":\"https:\\\/\\\/ralf100m.de\\\/produkt\\\/5614-3p\\\/\",\"url\":\"https:\\\/\\\/ralf100m.de\\\/produkt\\\/5614-3p\\\/\",\"name\":\"TK-5614-3p Fibu 1 & 2 & Datev im 3- er Pack - Ralf 100M\",\"isPartOf\":{\"@id\":\"https:\\\/\\\/ralf100m.de\\\/#website\"},\"primaryImageOfPage\":{\"@id\":\"https:\\\/\\\/ralf100m.de\\\/produkt\\\/5614-3p\\\/#primaryimage\"},\"image\":{\"@id\":\"https:\\\/\\\/ralf100m.de\\\/produkt\\\/5614-3p\\\/#primaryimage\"},\"thumbnailUrl\":\"https:\\\/\\\/ralf100m.de\\\/wp-content\\\/uploads\\\/2023\\\/03\\\/FiBu-12Datev.png\",\"datePublished\":\"2023-03-19T18:00:09+00:00\",\"dateModified\":\"2025-12-18T10:50:02+00:00\",\"breadcrumb\":{\"@id\":\"https:\\\/\\\/ralf100m.de\\\/produkt\\\/5614-3p\\\/#breadcrumb\"},\"inLanguage\":\"zh-Hans\",\"potentialAction\":[{\"@type\":\"ReadAction\",\"target\":[\"https:\\\/\\\/ralf100m.de\\\/produkt\\\/5614-3p\\\/\"]}]},{\"@type\":\"ImageObject\",\"inLanguage\":\"zh-Hans\",\"@id\":\"https:\\\/\\\/ralf100m.de\\\/produkt\\\/5614-3p\\\/#primaryimage\",\"url\":\"https:\\\/\\\/ralf100m.de\\\/wp-content\\\/uploads\\\/2023\\\/03\\\/FiBu-12Datev.png\",\"contentUrl\":\"https:\\\/\\\/ralf100m.de\\\/wp-content\\\/uploads\\\/2023\\\/03\\\/FiBu-12Datev.png\",\"width\":1300,\"height\":1290},{\"@type\":\"BreadcrumbList\",\"@id\":\"https:\\\/\\\/ralf100m.de\\\/produkt\\\/5614-3p\\\/#breadcrumb\",\"itemListElement\":[{\"@type\":\"ListItem\",\"position\":1,\"name\":\"Startseite\",\"item\":\"https:\\\/\\\/ralf100m.de\\\/\"},{\"@type\":\"ListItem\",\"position\":2,\"name\":\"Shop\",\"item\":\"https:\\\/\\\/ralf100m.de\\\/shop\\\/\"},{\"@type\":\"ListItem\",\"position\":3,\"name\":\"TK-5614-3p Fibu 1 &#038; 2 &#038; Datev im 3- er Pack\"}]},{\"@type\":\"WebSite\",\"@id\":\"https:\\\/\\\/ralf100m.de\\\/#website\",\"url\":\"https:\\\/\\\/ralf100m.de\\\/\",\"name\":\"Ralf 100M\",\"description\":\"\",\"publisher\":{\"@id\":\"https:\\\/\\\/ralf100m.de\\\/#\\\/schema\\\/person\\\/144d88d0c18fb8f5e6bd155752132c23\"},\"potentialAction\":[{\"@type\":\"SearchAction\",\"target\":{\"@type\":\"EntryPoint\",\"urlTemplate\":\"https:\\\/\\\/ralf100m.de\\\/?s={search_term_string}\"},\"query-input\":{\"@type\":\"PropertyValueSpecification\",\"valueRequired\":true,\"valueName\":\"search_term_string\"}}],\"inLanguage\":\"zh-Hans\"},{\"@type\":[\"Person\",\"Organization\"],\"@id\":\"https:\\\/\\\/ralf100m.de\\\/#\\\/schema\\\/person\\\/144d88d0c18fb8f5e6bd155752132c23\",\"name\":\"wpulitkus\",\"image\":{\"@type\":\"ImageObject\",\"inLanguage\":\"zh-Hans\",\"@id\":\"https:\\\/\\\/ralf100m.de\\\/wp-content\\\/uploads\\\/2023\\\/04\\\/ralf-200px-logo.jpg\",\"url\":\"https:\\\/\\\/ralf100m.de\\\/wp-content\\\/uploads\\\/2023\\\/04\\\/ralf-200px-logo.jpg\",\"contentUrl\":\"https:\\\/\\\/ralf100m.de\\\/wp-content\\\/uploads\\\/2023\\\/04\\\/ralf-200px-logo.jpg\",\"width\":400,\"height\":162,\"caption\":\"wpulitkus\"},\"logo\":{\"@id\":\"https:\\\/\\\/ralf100m.de\\\/wp-content\\\/uploads\\\/2023\\\/04\\\/ralf-200px-logo.jpg\"}}]}<\/script>\n<!-- \/ Yoast SEO plugin. -->","yoast_head_json":{"title":"TK-5614-3p Fibu 1\u30012 \u548c Datev 3 \u4ef6\u88c5 - Ralf 100M","robots":{"index":"index","follow":"follow","max-snippet":"max-snippet:-1","max-image-preview":"max-image-preview:large","max-video-preview":"max-video-preview:-1"},"canonical":"https:\/\/ralf100m.de\/zh\/\u4ea7\u54c1\/5614-3p\/","og_locale":"zh_CN","og_type":"article","og_title":"TK-5614-3p Fibu 1 & 2 & Datev im 3- er Pack - Ralf 100M","og_description":"Fibu 1 + 2 + Datev im 3-er Pack (Kurslaufzeit 240 Tage ab Anmeldung) Fibu 1 Gesetzliche Grundlagen Inventar und Bilanz Bestandskonten Erfolgskonten Buchf\u00fchrungsorganisation Umsatzsteuersystematik Privatkonten Nicht abzugsf\u00e4hige\/ beschr\u00e4nkt abzugsf. Kosten \u00dcbungen Fibu2 Besonderheiten bei Produktionsbetrieben Buchen unfertiger und fertiger Erzeugnisse\/Leistungen Inhalte des Jahresabschlusses Bilanzierungsgrunds\u00e4tze Sachliche und zeitliche Abgrenzungen von Aufwendungen und Ertr\u00e4gen Steuerpflichtige und steuerfreie Ums\u00e4tze Umkehr der Steuerschuldnerschaft Umsatzsteuerrechtliches Ausland; Warengesch\u00e4fte mit dem \u00fcbrigen Gemeinschaftsgebiet und dem Drittlandsgebiet Erhaltene und geleistete Anzahlungen Handels- und steuerrechtliche Bewertungsvorschriften des Anlage- [&hellip;]","og_url":"https:\/\/ralf100m.de\/zh\/\u4ea7\u54c1\/5614-3p\/","og_site_name":"Ralf 100M","article_modified_time":"2025-12-18T10:50:02+00:00","og_image":[{"width":1300,"height":1290,"url":"https:\/\/ralf100m.de\/wp-content\/uploads\/2023\/03\/FiBu-12Datev.png","type":"image\/png"}],"twitter_card":"summary_large_image","twitter_misc":{"\u9884\u8ba1\u9605\u8bfb\u65f6\u95f4":"2 \u5206"},"schema":{"@context":"https:\/\/schema.org","@graph":[{"@type":"WebPage","@id":"https:\/\/ralf100m.de\/produkt\/5614-3p\/","url":"https:\/\/ralf100m.de\/produkt\/5614-3p\/","name":"TK-5614-3p Fibu 1\u30012 \u548c Datev 3 \u4ef6\u88c5 - Ralf 100M","isPartOf":{"@id":"https:\/\/ralf100m.de\/#website"},"primaryImageOfPage":{"@id":"https:\/\/ralf100m.de\/produkt\/5614-3p\/#primaryimage"},"image":{"@id":"https:\/\/ralf100m.de\/produkt\/5614-3p\/#primaryimage"},"thumbnailUrl":"https:\/\/ralf100m.de\/wp-content\/uploads\/2023\/03\/FiBu-12Datev.png","datePublished":"2023-03-19T18:00:09+00:00","dateModified":"2025-12-18T10:50:02+00:00","breadcrumb":{"@id":"https:\/\/ralf100m.de\/produkt\/5614-3p\/#breadcrumb"},"inLanguage":"zh-Hans","potentialAction":[{"@type":"ReadAction","target":["https:\/\/ralf100m.de\/produkt\/5614-3p\/"]}]},{"@type":"ImageObject","inLanguage":"zh-Hans","@id":"https:\/\/ralf100m.de\/produkt\/5614-3p\/#primaryimage","url":"https:\/\/ralf100m.de\/wp-content\/uploads\/2023\/03\/FiBu-12Datev.png","contentUrl":"https:\/\/ralf100m.de\/wp-content\/uploads\/2023\/03\/FiBu-12Datev.png","width":1300,"height":1290},{"@type":"BreadcrumbList","@id":"https:\/\/ralf100m.de\/produkt\/5614-3p\/#breadcrumb","itemListElement":[{"@type":"ListItem","position":1,"name":"Startseite","item":"https:\/\/ralf100m.de\/"},{"@type":"ListItem","position":2,"name":"Shop","item":"https:\/\/ralf100m.de\/shop\/"},{"@type":"ListItem","position":3,"name":"TK-5614-3p Fibu 1 &#038; 2 &#038; Datev im 3- er Pack"}]},{"@type":"WebSite","@id":"https:\/\/ralf100m.de\/#website","url":"https:\/\/ralf100m.de\/","name":"\u62c9\u5c14\u592b 100M","description":"","publisher":{"@id":"https:\/\/ralf100m.de\/#\/schema\/person\/144d88d0c18fb8f5e6bd155752132c23"},"potentialAction":[{"@type":"SearchAction","target":{"@type":"EntryPoint","urlTemplate":"https:\/\/ralf100m.de\/?s={search_term_string}"},"query-input":{"@type":"PropertyValueSpecification","valueRequired":true,"valueName":"search_term_string"}}],"inLanguage":"zh-Hans"},{"@type":["Person","Organization"],"@id":"https:\/\/ralf100m.de\/#\/schema\/person\/144d88d0c18fb8f5e6bd155752132c23","name":"wpulitcus","image":{"@type":"ImageObject","inLanguage":"zh-Hans","@id":"https:\/\/ralf100m.de\/wp-content\/uploads\/2023\/04\/ralf-200px-logo.jpg","url":"https:\/\/ralf100m.de\/wp-content\/uploads\/2023\/04\/ralf-200px-logo.jpg","contentUrl":"https:\/\/ralf100m.de\/wp-content\/uploads\/2023\/04\/ralf-200px-logo.jpg","width":400,"height":162,"caption":"wpulitkus"},"logo":{"@id":"https:\/\/ralf100m.de\/wp-content\/uploads\/2023\/04\/ralf-200px-logo.jpg"}}]}},"_links":{"self":[{"href":"https:\/\/ralf100m.de\/zh\/wp-json\/wp\/v2\/product\/4250","targetHints":{"allow":["GET"]}}],"collection":[{"href":"https:\/\/ralf100m.de\/zh\/wp-json\/wp\/v2\/product"}],"about":[{"href":"https:\/\/ralf100m.de\/zh\/wp-json\/wp\/v2\/types\/product"}],"wp:featuredmedia":[{"embeddable":true,"href":"https:\/\/ralf100m.de\/zh\/wp-json\/wp\/v2\/media\/4195"}],"wp:attachment":[{"href":"https:\/\/ralf100m.de\/zh\/wp-json\/wp\/v2\/media?parent=4250"}],"wp:term":[{"taxonomy":"product_brand","embeddable":true,"href":"https:\/\/ralf100m.de\/zh\/wp-json\/wp\/v2\/product_brand?post=4250"},{"taxonomy":"product_cat","embeddable":true,"href":"https:\/\/ralf100m.de\/zh\/wp-json\/wp\/v2\/product_cat?post=4250"},{"taxonomy":"product_tag","embeddable":true,"href":"https:\/\/ralf100m.de\/zh\/wp-json\/wp\/v2\/product_tag?post=4250"}],"curies":[{"name":"wp","href":"https:\/\/api.w.org\/{rel}","templated":true}]}}