{"id":4574,"date":"2023-06-25T14:31:03","date_gmt":"2023-06-25T12:31:03","guid":{"rendered":"https:\/\/ralf100m.de\/?post_type=product&#038;p=4574"},"modified":"2025-12-18T11:57:34","modified_gmt":"2025-12-18T10:57:34","slug":"datv-%e5%b7%a5%e8%b5%84%e5%8d%95%e4%bc%9a%e8%ae%a1%e7%bb%84%e5%90%88","status":"publish","type":"product","link":"https:\/\/ralf100m.de\/zh\/produkt\/datev-fibu-lohn-kombi\/","title":{"rendered":"TK-5628-fl Fibu \u85aa\u91d1\u6a21\u5757"},"content":{"rendered":"<h4>Datev Fibu \u548c\u5de5\u8d44\u6838\u7b97\u4e8c\u5408\u4e00<\/h4>\n<p>\u901a\u8fc7\u6211\u4eec\u7684\u5957\u9910\u4f60\u4e86\u89e3\u5e76\u638c\u63e1\u8d22\u52a1\u4f1a\u8ba1\u3002\u4f60\u5c06\u5b66\u4e60\u5230\u5728\u4f01\u4e1a\u7684\u4f1a\u8ba1\u90e8\u95e8\u6216\u7a0e\u52a1\u5e08\u4e8b\u52a1\u6240\u4f1a\u8ba1\u548c\u5de5\u8d44\u6838\u7b97\u5b9e\u8df5\u6240\u9700\u7684\u4e00\u5207\u77e5\u8bc6\u3002<br \/>\n\u6211\u4eec\u5168\u5929\u5019\uff0824\/7\uff09\u4e3a\u60a8\u670d\u52a1\u3002<\/p>\n<p>\u5728VHS\u7684\u5e73\u53f0\u4e0a\uff0c\u4f60\u5c06\u83b7\u5f97\u5b66\u4e60\u8d44\u6599\u3001\u5f55\u50cf\u548c\u4f5c\u4e1a\u3002\u6b64\u5916\u4f60\u5c06\u5728\u6ce8\u518c\u540e\u83b7\u5f97DATEV\u8d22\u52a1\u8f6f\u4ef6\u7684\u767b\u9646\u8d44\u683c\u3002<\/p>\n<p>\u65af\u8482\u82ac\u4f0a\u601d\u83ab\uff08\u5de5\u8d44\u6838\u7b97\uff09\u548c\u6211\uff08Fibu\uff09\u5c06\u901a\u8fc7\u7535\u8bdd\/Skype\/WhatsApp \u4e3a\u60a8\u63d0\u4f9b\u5168\u7a0b\u652f\u6301\uff0c\u5fc5\u8981\u65f6\u8fd8\u4f1a\u901a\u8fc7\u5c4f\u5e55\u5171\u4eab\u4e88\u4ee5\u6307\u5bfc\u3002<\/p>\n<p>\u7ed3\u4e1a\u540e\uff0c\u60a8\u5c06\u83b7\u5f97 <strong>\u8bc1\u4e66\uff0c <\/strong>\u7531Treptow-K\u00f6penick \u6210\u6559\u5b66\u9662\u548cDatev\u5408\u4f5c\u9881\u53d1\uff0c\u4f60\u83b7\u5f97\u53c2\u52a0 <strong>\u4e0e Datev \u7684\u5408\u4f5c<\/strong> \u5e76\u83b7\u8d44\u683c\u53c2\u52a0 <strong>XPert Business <\/strong>\u7b2c 3 \u90e8\u5206\u8003\u8bd5\u548c\u65b0\u7684 <strong>DATEV \u8bc1\u4e66<\/strong> \u5728\u5168\u56fd\u4efb\u4f55\u4e00\u5bb6VHS\u5747\u53ef\u53c2\u52a0\u3002<\/p>\n<p>&nbsp;<\/p>\n<ul>\n<li>\u521b\u5efa\u65b0\u5ba2\u6237\/\u4e3b\u6570\u636e<\/li>\n<li>\u4ee5 DATEV \u4e8b\u52a1\u6240\u8d22\u52a1\u8f6f\u4ef6 \u5904\u7406\u8bb0\u8d26\u5de5\u4f5c<\/li>\n<li>\u7535\u5b50\u5355\u636e<\/li>\n<li>\u5907\u4efd\u3001\u5bfc\u5165\u548c\u5220\u9664\u4f1a\u8ba1\u6570\u636e<\/li>\n<li>\u8d22\u52a1\u4f1a\u8ba1\u5206\u6790<\/li>\n<li>\u6700\u540e\u7684\u5de5\u4f5c\/\u5e74\u7ec8\u7ed3\u8d26<\/li>\n<li>\u5f88\u591a\u5f88\u591a\u5b9e\u7528\u7ec3\u4e60<\/li>\n<\/ul>\n<p>Datev \u5de5\u8d44<\/p>\n<p><strong>\u8bfe\u7a0b\u5185\u5bb9<\/strong><\/p>\n<p>\u4ee5\u4e24\u4e2a\u62e5\u6709\u591a\u540d\u5458\u5de5\u7684\u5ba2\u6237\u4e3a\u4f8b\uff0c\u60a8\u5c06\u72ec\u7acb\u5b8c\u6210\u4e0d\u540c\u91cd\u70b9\u548c\u96be\u5ea6\u7684\u85aa\u8d44\u6838\u7b97\u5de5\u4f5c\u3002\u6848\u4f8b\u5747\u6765\u81ea\u65e5\u5e38\u5de5\u4f5c\u3002\u8bfe\u7a0b\u5c06\u5411\u60a8\u5c55\u793a\u5982\u4f55\u9ad8\u6548\u5730\u4f7f\u7528 DATEV Lohn u\u548c Gehalt classic\/comfort\uff0c\u4ee5\u4fbf\u5c06\u6765\u5728\u5b9e\u9645\u5de5\u4f5c\u4e2d\u4f7f\u7528\u3002<\/p>\n<p>DATEV Arbeitsplatz \u548c DATEV Lohn und Gehalt comfort<\/p>\n<p>&nbsp;<\/p>\n<p><strong>\u96c6\u4e2d\u5f0f\u5ba2\u6237\u6570\u636e\u7ba1\u7406<\/strong><\/p>\n<p>\u5b66\u4e60\u8def\u5f84\u5305\u62ec\uff1a\u4ece DATEV Arbeitsplatz\u5904\u7406 \"\u5de5\u8d44\u548c\u85aa\u91d1 \"\u7684\u529f\u80fd\u533a\u51fa\u53d1\uff0c\u7ecf\u77e5\u8bc6\u6570\u636e\u5e93\u3001\u7a0b\u5e8f\u5e2e\u52a9\u548c\u673a\u6784\u76f4\u5230\u521b\u5efa\u65b0\u5ba2\u6237\u3002<\/p>\n<p>&nbsp;<\/p>\n<p><strong>\u901a\u8fc7 DATEV Lohn \u548c Gehalt comfort \u8fdb\u884c\u4e3a\u671f 12 \u4e2a\u6708\u7684\u6301\u7eed\u85aa\u8d44\u6838\u7b97<\/strong><\/p>\n<p>\u6b63\u786e\u7684\u5458\u5de5\u4e3b\u6570\u636e\u662f\u6bcf\u4e2a\u85aa\u8d44\u6838\u7b97\u7cfb\u7edf\u7684\u5168\u90e8\u548c\u5173\u952e\u3002\u4ea4\u6613\u6570\u636e\u8bb0\u5f55\u4e86\u5f53\u524d\u7684\u85aa\u916c\uff0c\u800c\u6211\u4eec\u7684\u5de5\u4f5c\u6210\u679c\u5219\u5728\u5206\u6790\u4e2d\u4e00\u76ee\u4e86\u7136\u3002<\/p>\n<p>&nbsp;<\/p>\n<p><strong>\u7528\u4e8e\u81ea\u5b66\u7684\u6a21\u62df\u5ba2\u6237<\/strong><\/p>\n<p>Baltasar Muster KG \u5bb6\u5177\u5382<\/p>\n<p>\u6839\u636e\u4f60\u7684\u57f9\u8bad\u8fdb\u5ea6\uff0c\u4f60\u5c06\u80fd\u591f\u5728 12 \u4e2a\u6708\u5185\u72ec\u7acb\u5730\u5904\u7406\u548c\u652f\u6301\u4e00\u4e2a \"\u81ea\u5df1\u7684 \"\u5ba2\u6237\u53ca\u5176\u5458\u5de5\u7684\u85aa\u8d44\u6838\u7b97\u3002<\/p>\n<p>\u60a8\u5c06\u770b\u5230\u8bfe\u7a0b\u964d\u4ef7\u7684\u8981\u6c42\u00a0<a href=\"https:\/\/tinyurl.com\/y7wbb46p\"><strong>\u8fd9\u91cc<\/strong><\/a>.<br \/>\n\u6298\u6263\u53ea\u80fd\u76f4\u63a5\u4ece VHS \u4ee5\u586b\u5199\u4ee5\u4e0b\u00a0<a href=\"http:\/\/ralf100m.de\/zh\/Kursanmeldung%20%2B%20Datenschutz.pdf\/\" target=\"_blank\" rel=\"noopener\"><strong>\u8868\u683c<\/strong><\/a>\u00a0\u7684\u65b9\u5f0f\u83b7\u53d6\u3002<\/p>\n<p>\u8bf7\u586b\u5199\u5e76\u53d1\u9001\u81f3 anmeldung@vhstk.de \/ \u7ed9\u6211\u5bc4\u4e00\u4efd\u526f\u672c (info@ralf100m.de)\u3002<\/p>","protected":false},"excerpt":{"rendered":"<h4>Datev Fibu \u548c\u5de5\u8d44\u6838\u7b97\u4e8c\u5408\u4e00<\/h4>\n<p>\u5728\u67d0\u4e9b\u60c5\u51b5\u4e0b\uff0cVHS \u53ef\u4e3a\u8bfe\u7a0b\u51cf\u4ef7 -&gt; 383.30 \u6b27\u5143)<br \/>\n\u60a8\u5c06\u770b\u5230\u8bfe\u7a0b\u964d\u4ef7\u7684\u8981\u6c42\u00a0<a href=\"https:\/\/tinyurl.com\/y7wbb46p\"><strong>\u8fd9\u91cc<\/strong><\/a>.<\/p>\n<p>\u6298\u6263\u53ea\u80fd\u76f4\u63a5\u4ece VHS \u4ee5\u586b\u5199\u4ee5\u4e0b\u00a0<a href=\"http:\/\/ralf100m.de\/zh\/Kursanmeldung%20%2B%20Datenschutz.pdf\/\" target=\"_blank\" rel=\"noopener\"><strong>\u8868\u683c<\/strong><\/a>\u00a0\u7684\u65b9\u5f0f\u83b7\u53d6\u3002<\/p>\n<p>\u8bf7\u586b\u5199\u5e76\u8fd4\u56de anmeldung@vhstk.de \/ \u5c06\u526f\u672c\u5bc4\u7ed9\u672c\u4eba (info@ralf100m.de) \u5e76\u9644\u4e0a\u6298\u6263\u8bc1\u660e \/ \uff01 <strong>\u4ec5\u9002\u7528\u4e8e\u6709\u6298\u6263\u7684\u6ce8\u518c\uff01<\/strong><\/p>\n<p>&nbsp;<\/p>","protected":false},"featured_media":4579,"template":"","meta":[],"product_brand":[],"product_cat":[37],"product_tag":[],"class_list":{"0":"post-4574","1":"product","2":"type-product","3":"status-publish","4":"has-post-thumbnail","6":"product_cat-vhs-online-kurse","8":"first","9":"instock","10":"virtual","11":"taxable","12":"purchasable","13":"product-type-simple"},"yoast_head":"<!-- This site is optimized with the Yoast SEO plugin v27.5 - https:\/\/yoast.com\/product\/yoast-seo-wordpress\/ -->\n<title>TK-5628-fl Fibu Lohn Kombi - Ralf 100M<\/title>\n<meta name=\"robots\" content=\"index, follow, max-snippet:-1, max-image-preview:large, max-video-preview:-1\" \/>\n<link rel=\"canonical\" href=\"https:\/\/ralf100m.de\/zh\/\u4ea7\u54c1\/datv-\u5de5\u8d44\u5355\u4f1a\u8ba1\u7ec4\u5408\/\" \/>\n<meta property=\"og:locale\" content=\"zh_CN\" \/>\n<meta property=\"og:type\" content=\"article\" \/>\n<meta property=\"og:title\" content=\"TK-5628-fl Fibu Lohn Kombi - Ralf 100M\" \/>\n<meta property=\"og:description\" content=\"Datev Fibu und Lohn\u00a0 in einem\u00a0 Paket Unter bestimmten Voraussetzungen gew\u00e4hrt die VHS Kurspreiserm\u00e4\u00dfigung -&gt; 383.30) \u20ac Die Voraussetzungen f\u00fcr eine Kurspreiserm\u00e4\u00dfigung findest Du\u00a0hier.  Erm\u00e4\u00dfigungen k\u00f6nnen nur direkt \u00fcber die VHS per\u00a0Formular\u00a0gebucht werden.  Bitte ausgef\u00fcllt an anmeldung@vhstk.de \/ Kopie an mich (info@ralf100m.de) schicken und den Erm\u00e4\u00dfigungsnachweis mitsenden \/ ! Betrifft nur Anmeldungen mit Erm\u00e4\u00dfigung !  &nbsp;\" \/>\n<meta property=\"og:url\" content=\"https:\/\/ralf100m.de\/zh\/\u4ea7\u54c1\/datv-\u5de5\u8d44\u5355\u4f1a\u8ba1\u7ec4\u5408\/\" \/>\n<meta property=\"og:site_name\" content=\"Ralf 100M\" \/>\n<meta property=\"article:modified_time\" content=\"2025-12-18T10:57:34+00:00\" \/>\n<meta property=\"og:image\" content=\"https:\/\/ralf100m.de\/wp-content\/uploads\/2023\/06\/Datev-Fibu-Lohn-Kombi.png\" \/>\n\t<meta property=\"og:image:width\" content=\"500\" \/>\n\t<meta property=\"og:image:height\" content=\"500\" \/>\n\t<meta property=\"og:image:type\" content=\"image\/png\" \/>\n<meta name=\"twitter:card\" content=\"summary_large_image\" \/>\n<meta name=\"twitter:label1\" content=\"\u9884\u8ba1\u9605\u8bfb\u65f6\u95f4\" \/>\n\t<meta name=\"twitter:data1\" content=\"3 \u5206\" \/>\n<script type=\"application\/ld+json\" class=\"yoast-schema-graph\">{\"@context\":\"https:\\\/\\\/schema.org\",\"@graph\":[{\"@type\":\"WebPage\",\"@id\":\"https:\\\/\\\/ralf100m.de\\\/produkt\\\/datev-fibu-lohn-kombi\\\/\",\"url\":\"https:\\\/\\\/ralf100m.de\\\/produkt\\\/datev-fibu-lohn-kombi\\\/\",\"name\":\"TK-5628-fl Fibu Lohn Kombi - Ralf 100M\",\"isPartOf\":{\"@id\":\"https:\\\/\\\/ralf100m.de\\\/#website\"},\"primaryImageOfPage\":{\"@id\":\"https:\\\/\\\/ralf100m.de\\\/produkt\\\/datev-fibu-lohn-kombi\\\/#primaryimage\"},\"image\":{\"@id\":\"https:\\\/\\\/ralf100m.de\\\/produkt\\\/datev-fibu-lohn-kombi\\\/#primaryimage\"},\"thumbnailUrl\":\"https:\\\/\\\/ralf100m.de\\\/wp-content\\\/uploads\\\/2023\\\/06\\\/Datev-Fibu-Lohn-Kombi.png\",\"datePublished\":\"2023-06-25T12:31:03+00:00\",\"dateModified\":\"2025-12-18T10:57:34+00:00\",\"breadcrumb\":{\"@id\":\"https:\\\/\\\/ralf100m.de\\\/produkt\\\/datev-fibu-lohn-kombi\\\/#breadcrumb\"},\"inLanguage\":\"zh-Hans\",\"potentialAction\":[{\"@type\":\"ReadAction\",\"target\":[\"https:\\\/\\\/ralf100m.de\\\/produkt\\\/datev-fibu-lohn-kombi\\\/\"]}]},{\"@type\":\"ImageObject\",\"inLanguage\":\"zh-Hans\",\"@id\":\"https:\\\/\\\/ralf100m.de\\\/produkt\\\/datev-fibu-lohn-kombi\\\/#primaryimage\",\"url\":\"https:\\\/\\\/ralf100m.de\\\/wp-content\\\/uploads\\\/2023\\\/06\\\/Datev-Fibu-Lohn-Kombi.png\",\"contentUrl\":\"https:\\\/\\\/ralf100m.de\\\/wp-content\\\/uploads\\\/2023\\\/06\\\/Datev-Fibu-Lohn-Kombi.png\",\"width\":500,\"height\":500,\"caption\":\"Datev Fibu + Lohn Kombi\"},{\"@type\":\"BreadcrumbList\",\"@id\":\"https:\\\/\\\/ralf100m.de\\\/produkt\\\/datev-fibu-lohn-kombi\\\/#breadcrumb\",\"itemListElement\":[{\"@type\":\"ListItem\",\"position\":1,\"name\":\"Startseite\",\"item\":\"https:\\\/\\\/ralf100m.de\\\/\"},{\"@type\":\"ListItem\",\"position\":2,\"name\":\"Shop\",\"item\":\"https:\\\/\\\/ralf100m.de\\\/shop\\\/\"},{\"@type\":\"ListItem\",\"position\":3,\"name\":\"TK-5628-fl Fibu Lohn Kombi\"}]},{\"@type\":\"WebSite\",\"@id\":\"https:\\\/\\\/ralf100m.de\\\/#website\",\"url\":\"https:\\\/\\\/ralf100m.de\\\/\",\"name\":\"Ralf 100M\",\"description\":\"\",\"publisher\":{\"@id\":\"https:\\\/\\\/ralf100m.de\\\/#\\\/schema\\\/person\\\/144d88d0c18fb8f5e6bd155752132c23\"},\"potentialAction\":[{\"@type\":\"SearchAction\",\"target\":{\"@type\":\"EntryPoint\",\"urlTemplate\":\"https:\\\/\\\/ralf100m.de\\\/?s={search_term_string}\"},\"query-input\":{\"@type\":\"PropertyValueSpecification\",\"valueRequired\":true,\"valueName\":\"search_term_string\"}}],\"inLanguage\":\"zh-Hans\"},{\"@type\":[\"Person\",\"Organization\"],\"@id\":\"https:\\\/\\\/ralf100m.de\\\/#\\\/schema\\\/person\\\/144d88d0c18fb8f5e6bd155752132c23\",\"name\":\"wpulitkus\",\"image\":{\"@type\":\"ImageObject\",\"inLanguage\":\"zh-Hans\",\"@id\":\"https:\\\/\\\/ralf100m.de\\\/wp-content\\\/uploads\\\/2023\\\/04\\\/ralf-200px-logo.jpg\",\"url\":\"https:\\\/\\\/ralf100m.de\\\/wp-content\\\/uploads\\\/2023\\\/04\\\/ralf-200px-logo.jpg\",\"contentUrl\":\"https:\\\/\\\/ralf100m.de\\\/wp-content\\\/uploads\\\/2023\\\/04\\\/ralf-200px-logo.jpg\",\"width\":400,\"height\":162,\"caption\":\"wpulitkus\"},\"logo\":{\"@id\":\"https:\\\/\\\/ralf100m.de\\\/wp-content\\\/uploads\\\/2023\\\/04\\\/ralf-200px-logo.jpg\"}}]}<\/script>\n<!-- \/ Yoast SEO plugin. -->","yoast_head_json":{"title":"TK-5628-fl Fibu Lohn Kombi - Ralf 100M","robots":{"index":"index","follow":"follow","max-snippet":"max-snippet:-1","max-image-preview":"max-image-preview:large","max-video-preview":"max-video-preview:-1"},"canonical":"https:\/\/ralf100m.de\/zh\/\u4ea7\u54c1\/datv-\u5de5\u8d44\u5355\u4f1a\u8ba1\u7ec4\u5408\/","og_locale":"zh_CN","og_type":"article","og_title":"TK-5628-fl Fibu Lohn Kombi - Ralf 100M","og_description":"Datev Fibu und Lohn\u00a0 in einem\u00a0 Paket Unter bestimmten Voraussetzungen gew\u00e4hrt die VHS Kurspreiserm\u00e4\u00dfigung -&gt; 383.30) \u20ac Die Voraussetzungen f\u00fcr eine Kurspreiserm\u00e4\u00dfigung findest Du\u00a0hier.  Erm\u00e4\u00dfigungen k\u00f6nnen nur direkt \u00fcber die VHS per\u00a0Formular\u00a0gebucht werden.  Bitte ausgef\u00fcllt an anmeldung@vhstk.de \/ Kopie an mich (info@ralf100m.de) schicken und den Erm\u00e4\u00dfigungsnachweis mitsenden \/ ! Betrifft nur Anmeldungen mit Erm\u00e4\u00dfigung !  &nbsp;","og_url":"https:\/\/ralf100m.de\/zh\/\u4ea7\u54c1\/datv-\u5de5\u8d44\u5355\u4f1a\u8ba1\u7ec4\u5408\/","og_site_name":"Ralf 100M","article_modified_time":"2025-12-18T10:57:34+00:00","og_image":[{"width":500,"height":500,"url":"https:\/\/ralf100m.de\/wp-content\/uploads\/2023\/06\/Datev-Fibu-Lohn-Kombi.png","type":"image\/png"}],"twitter_card":"summary_large_image","twitter_misc":{"\u9884\u8ba1\u9605\u8bfb\u65f6\u95f4":"3 \u5206"},"schema":{"@context":"https:\/\/schema.org","@graph":[{"@type":"WebPage","@id":"https:\/\/ralf100m.de\/produkt\/datev-fibu-lohn-kombi\/","url":"https:\/\/ralf100m.de\/produkt\/datev-fibu-lohn-kombi\/","name":"TK-5628-fl Fibu Lohn Kombi - Ralf 100M","isPartOf":{"@id":"https:\/\/ralf100m.de\/#website"},"primaryImageOfPage":{"@id":"https:\/\/ralf100m.de\/produkt\/datev-fibu-lohn-kombi\/#primaryimage"},"image":{"@id":"https:\/\/ralf100m.de\/produkt\/datev-fibu-lohn-kombi\/#primaryimage"},"thumbnailUrl":"https:\/\/ralf100m.de\/wp-content\/uploads\/2023\/06\/Datev-Fibu-Lohn-Kombi.png","datePublished":"2023-06-25T12:31:03+00:00","dateModified":"2025-12-18T10:57:34+00:00","breadcrumb":{"@id":"https:\/\/ralf100m.de\/produkt\/datev-fibu-lohn-kombi\/#breadcrumb"},"inLanguage":"zh-Hans","potentialAction":[{"@type":"ReadAction","target":["https:\/\/ralf100m.de\/produkt\/datev-fibu-lohn-kombi\/"]}]},{"@type":"ImageObject","inLanguage":"zh-Hans","@id":"https:\/\/ralf100m.de\/produkt\/datev-fibu-lohn-kombi\/#primaryimage","url":"https:\/\/ralf100m.de\/wp-content\/uploads\/2023\/06\/Datev-Fibu-Lohn-Kombi.png","contentUrl":"https:\/\/ralf100m.de\/wp-content\/uploads\/2023\/06\/Datev-Fibu-Lohn-Kombi.png","width":500,"height":500,"caption":"Datev Fibu + Lohn Kombi"},{"@type":"BreadcrumbList","@id":"https:\/\/ralf100m.de\/produkt\/datev-fibu-lohn-kombi\/#breadcrumb","itemListElement":[{"@type":"ListItem","position":1,"name":"Startseite","item":"https:\/\/ralf100m.de\/"},{"@type":"ListItem","position":2,"name":"Shop","item":"https:\/\/ralf100m.de\/shop\/"},{"@type":"ListItem","position":3,"name":"TK-5628-fl Fibu Lohn Kombi"}]},{"@type":"WebSite","@id":"https:\/\/ralf100m.de\/#website","url":"https:\/\/ralf100m.de\/","name":"\u62c9\u5c14\u592b 100M","description":"","publisher":{"@id":"https:\/\/ralf100m.de\/#\/schema\/person\/144d88d0c18fb8f5e6bd155752132c23"},"potentialAction":[{"@type":"SearchAction","target":{"@type":"EntryPoint","urlTemplate":"https:\/\/ralf100m.de\/?s={search_term_string}"},"query-input":{"@type":"PropertyValueSpecification","valueRequired":true,"valueName":"search_term_string"}}],"inLanguage":"zh-Hans"},{"@type":["Person","Organization"],"@id":"https:\/\/ralf100m.de\/#\/schema\/person\/144d88d0c18fb8f5e6bd155752132c23","name":"wpulitcus","image":{"@type":"ImageObject","inLanguage":"zh-Hans","@id":"https:\/\/ralf100m.de\/wp-content\/uploads\/2023\/04\/ralf-200px-logo.jpg","url":"https:\/\/ralf100m.de\/wp-content\/uploads\/2023\/04\/ralf-200px-logo.jpg","contentUrl":"https:\/\/ralf100m.de\/wp-content\/uploads\/2023\/04\/ralf-200px-logo.jpg","width":400,"height":162,"caption":"wpulitkus"},"logo":{"@id":"https:\/\/ralf100m.de\/wp-content\/uploads\/2023\/04\/ralf-200px-logo.jpg"}}]}},"_links":{"self":[{"href":"https:\/\/ralf100m.de\/zh\/wp-json\/wp\/v2\/product\/4574","targetHints":{"allow":["GET"]}}],"collection":[{"href":"https:\/\/ralf100m.de\/zh\/wp-json\/wp\/v2\/product"}],"about":[{"href":"https:\/\/ralf100m.de\/zh\/wp-json\/wp\/v2\/types\/product"}],"wp:featuredmedia":[{"embeddable":true,"href":"https:\/\/ralf100m.de\/zh\/wp-json\/wp\/v2\/media\/4579"}],"wp:attachment":[{"href":"https:\/\/ralf100m.de\/zh\/wp-json\/wp\/v2\/media?parent=4574"}],"wp:term":[{"taxonomy":"product_brand","embeddable":true,"href":"https:\/\/ralf100m.de\/zh\/wp-json\/wp\/v2\/product_brand?post=4574"},{"taxonomy":"product_cat","embeddable":true,"href":"https:\/\/ralf100m.de\/zh\/wp-json\/wp\/v2\/product_cat?post=4574"},{"taxonomy":"product_tag","embeddable":true,"href":"https:\/\/ralf100m.de\/zh\/wp-json\/wp\/v2\/product_tag?post=4574"}],"curies":[{"name":"wp","href":"https:\/\/api.w.org\/{rel}","templated":true}]}}